{"id":9,"date":"2010-03-31T19:29:19","date_gmt":"2010-03-31T23:29:19","guid":{"rendered":"http:\/\/psicologia.udd.cl\/utp\/sobre-el-centro\/equipo\/"},"modified":"2020-05-12T16:19:01","modified_gmt":"2020-05-12T20:19:01","slug":"equipo","status":"publish","type":"page","link":"https:\/\/psicologia.udd.cl\/unir\/sobre-la-unidad\/equipo\/","title":{"rendered":"Equipo"},"content":{"rendered":"\n<p>Esta agrupaci\u00f3n, al igual que todos los centros de la Facultad de Psicolog\u00eda, cuenta con un cuerpo docente y de investigaci\u00f3n de gran prestigio tanto acad\u00e9mico como profesional.<\/p>\n\n\n<!-- WP Block: UDD - People -->\n<section class=\"wp-block-udd-people \">\n\t<div class=\"container\">\n\t\t\t\t<div class=\"people-cards\">\n\t\t\t\t\t<div class=\"person-card\">\n\t<a href=\"https:\/\/psicologia.udd.cl\/unir\/persona\/maria-elisa-molina-pavez\/\"\n\t\tclass=\"person-card__inner js-person-modal\"\n\t\tdata-post-id=\"307\"\n\t\tdata-postid=\"307\"\n\t>\n\t\t\t<div class=\"person-card__media\">\n\t\t\t<img loading=\"lazy\" decoding=\"async\" width=\"500\" height=\"375\" src=\"https:\/\/psicologia.udd.cl\/unir\/files\/2013\/07\/IMG_1667-62x62.jpg\" class=\"person-card__image wp-post-image lazyload\" alt=\"\" sizes=\"auto, (max-width: 500px) 100vw, 500px\" data-src=\"https:\/\/psicologia.udd.cl\/unir\/files\/2013\/07\/IMG_1667.jpg\" data-srcset=\"https:\/\/psicologia.udd.cl\/unir\/files\/2013\/07\/IMG_1667.jpg 4608w, https:\/\/psicologia.udd.cl\/unir\/files\/2013\/07\/IMG_1667-300x225.jpg 300w, https:\/\/psicologia.udd.cl\/unir\/files\/2013\/07\/IMG_1667-768x576.jpg 768w, https:\/\/psicologia.udd.cl\/unir\/files\/2013\/07\/IMG_1667-1024x768.jpg 1024w, https:\/\/psicologia.udd.cl\/unir\/files\/2013\/07\/IMG_1667-960x720.jpg 960w\" \/>\t\t<\/div>\n\t\t\t<div class=\"person-card__content\">\n\t\t\t<h3 class=\"person-card__name\">Mar\u00eda Elisa Molina Pavez<\/h3>\n\t\t\t\t\t<span class=\"person-card__description\">Directora UNIR<\/span>\n\t\t\t\t\t<span class=\"person-card__cta\">Ver perfil<\/span>\n\t\t<\/div>\n\t<\/a>\n<\/div>\n\t\t\t\t\t<div class=\"person-card\">\n\t<a href=\"https:\/\/psicologia.udd.cl\/unir\/persona\/ximena-pereira-lopez\/\"\n\t\tclass=\"person-card__inner js-person-modal\"\n\t\tdata-post-id=\"313\"\n\t\tdata-postid=\"313\"\n\t>\n\t\t\t<div class=\"person-card__media\">\n\t\t\t<img loading=\"lazy\" decoding=\"async\" width=\"500\" height=\"375\" src=\"https:\/\/psicologia.udd.cl\/unir\/files\/2013\/07\/IMG_4657-62x62.jpg\" class=\"person-card__image wp-post-image lazyload\" alt=\"\" sizes=\"auto, (max-width: 500px) 100vw, 500px\" data-src=\"https:\/\/psicologia.udd.cl\/unir\/files\/2013\/07\/IMG_4657.jpg\" data-srcset=\"https:\/\/psicologia.udd.cl\/unir\/files\/2013\/07\/IMG_4657.jpg 3072w, https:\/\/psicologia.udd.cl\/unir\/files\/2013\/07\/IMG_4657-300x225.jpg 300w, https:\/\/psicologia.udd.cl\/unir\/files\/2013\/07\/IMG_4657-1024x768.jpg 1024w, https:\/\/psicologia.udd.cl\/unir\/files\/2013\/07\/IMG_4657-960x720.jpg 960w\" \/>\t\t<\/div>\n\t\t\t<div class=\"person-card__content\">\n\t\t\t<h3 class=\"person-card__name\">Ximena Pereira L\u00f3pez<\/h3>\n\t\t\t\t\t<span class=\"person-card__description\">Investigadora<\/span>\n\t\t\t\t\t<span class=\"person-card__cta\">Ver perfil<\/span>\n\t\t<\/div>\n\t<\/a>\n<\/div>\n\t\t\t\t\t<div class=\"person-card\">\n\t<a href=\"https:\/\/psicologia.udd.cl\/unir\/persona\/pablo-fossa-arcila\/\"\n\t\tclass=\"person-card__inner js-person-modal\"\n\t\tdata-post-id=\"493\"\n\t\tdata-postid=\"493\"\n\t>\n\t\t\t<div class=\"person-card__media\">\n\t\t\t<img loading=\"lazy\" decoding=\"async\" width=\"500\" height=\"375\" src=\"https:\/\/psicologia.udd.cl\/unir\/files\/2017\/03\/Pablo-Fossa-2-62x62.jpg\" class=\"person-card__image wp-post-image lazyload\" alt=\"\" sizes=\"auto, (max-width: 500px) 100vw, 500px\" data-src=\"https:\/\/psicologia.udd.cl\/unir\/files\/2017\/03\/Pablo-Fossa-2.jpg\" data-srcset=\"https:\/\/psicologia.udd.cl\/unir\/files\/2017\/03\/Pablo-Fossa-2.jpg 4608w, https:\/\/psicologia.udd.cl\/unir\/files\/2017\/03\/Pablo-Fossa-2-300x225.jpg 300w, https:\/\/psicologia.udd.cl\/unir\/files\/2017\/03\/Pablo-Fossa-2-768x576.jpg 768w, https:\/\/psicologia.udd.cl\/unir\/files\/2017\/03\/Pablo-Fossa-2-1024x768.jpg 1024w, https:\/\/psicologia.udd.cl\/unir\/files\/2017\/03\/Pablo-Fossa-2-960x720.jpg 960w\" \/>\t\t<\/div>\n\t\t\t<div class=\"person-card__content\">\n\t\t\t<h3 class=\"person-card__name\">Pablo Fossa Arcila<\/h3>\n\t\t\t\t\t<span class=\"person-card__description\">Investigador<\/span>\n\t\t\t\t\t<span class=\"person-card__cta\">Ver perfil<\/span>\n\t\t<\/div>\n\t<\/a>\n<\/div>\n\t\t\t\t<\/div>\n\t<\/div>\n<\/section>\n","protected":false},"excerpt":{"rendered":"<p>Esta agrupaci\u00f3n, al igual que todos los centros de la Facultad de Psicolog\u00eda, cuenta con un cuerpo docente y de investigaci\u00f3n de gran prestigio tanto acad\u00e9mico como profesional.<\/p>\n","protected":false},"author":1,"featured_media":0,"parent":7,"menu_order":5,"comment_status":"open","ping_status":"open","template":"","meta":{"footnotes":""},"class_list":["post-9","page","type-page","status-publish","hentry"],"_links":{"self":[{"href":"https:\/\/psicologia.udd.cl\/unir\/wp-json\/wp\/v2\/pages\/9","targetHints":{"allow":["GET"]}}],"collection":[{"href":"https:\/\/psicologia.udd.cl\/unir\/wp-json\/wp\/v2\/pages"}],"about":[{"href":"https:\/\/psicologia.udd.cl\/unir\/wp-json\/wp\/v2\/types\/page"}],"author":[{"embeddable":true,"href":"https:\/\/psicologia.udd.cl\/unir\/wp-json\/wp\/v2\/users\/1"}],"replies":[{"embeddable":true,"href":"https:\/\/psicologia.udd.cl\/unir\/wp-json\/wp\/v2\/comments?post=9"}],"version-history":[{"count":9,"href":"https:\/\/psicologia.udd.cl\/unir\/wp-json\/wp\/v2\/pages\/9\/revisions"}],"predecessor-version":[{"id":726,"href":"https:\/\/psicologia.udd.cl\/unir\/wp-json\/wp\/v2\/pages\/9\/revisions\/726"}],"up":[{"embeddable":true,"href":"https:\/\/psicologia.udd.cl\/unir\/wp-json\/wp\/v2\/pages\/7"}],"wp:attachment":[{"href":"https:\/\/psicologia.udd.cl\/unir\/wp-json\/wp\/v2\/media?parent=9"}],"curies":[{"name":"wp","href":"https:\/\/api.w.org\/{rel}","templated":true}]}}