{"id":534,"date":"2018-01-05T10:34:04","date_gmt":"2018-01-05T13:34:04","guid":{"rendered":"http:\/\/psicologia.udd.cl\/utp\/?page_id=534"},"modified":"2018-01-05T10:34:04","modified_gmt":"2018-01-05T13:34:04","slug":"principios-y-fundamentos","status":"publish","type":"page","link":"https:\/\/psicologia.udd.cl\/unir\/sobre-la-unidad\/principios-y-fundamentos\/","title":{"rendered":"Principios y fundamentos"},"content":{"rendered":"<p><strong>Principios y fundamentos te\u00f3ricos que orientan la investigaci\u00f3n<\/strong><\/p>\n<p>La Unidad asume un corpus te\u00f3rico apoyado en una aproximaci\u00f3n sist\u00e9mico-relacional, constructivista y cultural de los fen\u00f3menos psicol\u00f3gicos y de la mente humana. Los fen\u00f3menos que se estudian son apreciados como una co-evoluci\u00f3n de procesos psico-biol\u00f3gicos y culturales.\u00a0 A partir de esto que se asumen las siguientes perspectivas:<\/p>\n<ul>\n<li style=\"text-align: justify;\"><em>Perspectiva relacional del s\u00ed mismo<\/em>. Esta perspectiva considera la mente de naturaleza relacional y dial\u00f3gica, en la cual el papel del \u201cotro\u201d es activo para la construcci\u00f3n del s\u00ed mismo. En \u00e9ste, el proceso de comunicaci\u00f3n es el fen\u00f3meno central para el desarrollo humano.<\/li>\n<li style=\"text-align: justify;\"><em>Perspectiva evolutiva y cultural<\/em>. Entiende la ontogenia de la mente humana como proceso complejo que se origina en la neuropsicobiolog\u00eda del desarrollo y que se va tejiendo finamente a trav\u00e9s de una co-construcci\u00f3n social de intensa influencia mutua.<\/li>\n<li style=\"text-align: justify;\"><em>Perspectiva semi\u00f3tica<\/em>. El desarrollo humano caracterizado por el encuentro entre psicobiolog\u00eda y cultura se encarna en el lenguaje, cuyo estudio y comprensi\u00f3n considera la mediaci\u00f3n semi\u00f3tica como un proceso central. La semi\u00f3tica estudia el signo como producto de la cultura y del encuentro social, actuando en la regulaci\u00f3n de los procesos humanos a trav\u00e9s de la generaci\u00f3n de significados y de sentido de la experiencia. De ah\u00ed, la comprensi\u00f3n del s\u00ed mismo humano como experiencias de borde yo-otro. Esto implica que la significatividad es fluida y cambia momento a momento en el encuentro con otros. El presente de la experiencia se vive con una direccionalidad, organiz\u00e1ndose los significados y los recuerdos para pre-adaptarse al futuro. En este contexto, la cultura es entendida como una nube -din\u00e1mica- de significados en la cual habitamos los humanos. Es la llamada semi\u00f3sfera.<\/li>\n<li style=\"text-align: justify;\"><em>Perspectiva de complejidad.<\/em> Los procesos humanos se despliegan con una amplia variabilidad en m\u00faltiples niveles l\u00f3gicos simult\u00e1neamente y en una recursividad l\u00f3gica. Los fen\u00f3menos complejos son situados espacio-temporalmente lo que los constituye en entidades idiosincr\u00e1ticos.<\/li>\n<\/ul>\n","protected":false},"excerpt":{"rendered":"<p>Principios y fundamentos te\u00f3ricos que orientan la investigaci\u00f3n La Unidad asume un corpus te\u00f3rico apoyado en una aproximaci\u00f3n sist\u00e9mico-relacional, constructivista y cultural de los fen\u00f3menos psicol\u00f3gicos y de la mente humana. Los fen\u00f3menos que se estudian son apreciados como una co-evoluci\u00f3n de procesos psico-biol\u00f3gicos y culturales.\u00a0 A partir de esto que se asumen las siguientes [&hellip;]<\/p>\n","protected":false},"author":1,"featured_media":0,"parent":7,"menu_order":3,"comment_status":"closed","ping_status":"closed","template":"","meta":{"footnotes":""},"class_list":["post-534","page","type-page","status-publish","hentry"],"_links":{"self":[{"href":"https:\/\/psicologia.udd.cl\/unir\/wp-json\/wp\/v2\/pages\/534","targetHints":{"allow":["GET"]}}],"collection":[{"href":"https:\/\/psicologia.udd.cl\/unir\/wp-json\/wp\/v2\/pages"}],"about":[{"href":"https:\/\/psicologia.udd.cl\/unir\/wp-json\/wp\/v2\/types\/page"}],"author":[{"embeddable":true,"href":"https:\/\/psicologia.udd.cl\/unir\/wp-json\/wp\/v2\/users\/1"}],"replies":[{"embeddable":true,"href":"https:\/\/psicologia.udd.cl\/unir\/wp-json\/wp\/v2\/comments?post=534"}],"version-history":[{"count":1,"href":"https:\/\/psicologia.udd.cl\/unir\/wp-json\/wp\/v2\/pages\/534\/revisions"}],"predecessor-version":[{"id":535,"href":"https:\/\/psicologia.udd.cl\/unir\/wp-json\/wp\/v2\/pages\/534\/revisions\/535"}],"up":[{"embeddable":true,"href":"https:\/\/psicologia.udd.cl\/unir\/wp-json\/wp\/v2\/pages\/7"}],"wp:attachment":[{"href":"https:\/\/psicologia.udd.cl\/unir\/wp-json\/wp\/v2\/media?parent=534"}],"curies":[{"name":"wp","href":"https:\/\/api.w.org\/{rel}","templated":true}]}}