{"id":531,"date":"2018-01-05T10:20:50","date_gmt":"2018-01-05T13:20:50","guid":{"rendered":"http:\/\/psicologia.udd.cl\/utp\/?page_id=531"},"modified":"2018-01-05T10:20:50","modified_gmt":"2018-01-05T13:20:50","slug":"mision-y-objetivos","status":"publish","type":"page","link":"https:\/\/psicologia.udd.cl\/unir\/sobre-la-unidad\/mision-y-objetivos\/","title":{"rendered":"Misi\u00f3n y objetivos"},"content":{"rendered":"<p><strong>Misi\u00f3n<\/strong><\/p>\n<p style=\"text-align: justify;\">La misi\u00f3n de esta <strong>Unidad de Investigaci\u00f3n de Terapia de Parejas<\/strong> es la generaci\u00f3n de conocimiento en torno a <em>procesos relacionales, c<\/em>omo unidad b\u00e1sica de la experiencia humana a partir de la cual la persona construye su s\u00ed mismo y su relaci\u00f3n con el entorno<em>.<\/em> Este prop\u00f3sito se realiza a trav\u00e9s del desarrollo de estudios de las din\u00e1micas de parejas, de sus relaciones amorosas, como otras relaciones (terap\u00e9uticas, profesor-alumnos, padre-hijo, comunitarias, etc) y sus efectos en la cualidad que toman las vidas en \u00e1mbitos particulares y en relaci\u00f3n con la cultura. Como resultado de aquello, se pretende identificar factores psicol\u00f3gicos, socio-culturales y cl\u00ednicos que puedan tributar a la comprensi\u00f3n, promoci\u00f3n, prevenci\u00f3n, seguimiento y tratamiento de dificultades y\/o trastornos relativos a las relaciones en \u00e1mbitos de la vida personal, familiar y\/o social. Se busca promover la transportabilidad del conocimiento obtenido, elaborando propuestas eficientes y efectivas a las demandas nacionales en \u00e1mbitos de convivencia social, salud mental, educaci\u00f3n y justicia focalizado en las l\u00edneas que dictan las pol\u00edticas p\u00fablicas en estos \u00e1mbitos.<\/p>\n<p style=\"text-align: justify;\">\n<p style=\"text-align: justify;\"><strong>Objetivos<\/strong><\/p>\n<p><strong>Objetivo General:<\/strong><\/p>\n<p>Contribuir a la producci\u00f3n de conocimiento cient\u00edfico en torno a los procesos relacionales<\/p>\n<p><strong>Objetivos Espec\u00edficos:<\/strong><\/p>\n<ul>\n<li style=\"text-align: justify;\">Desarrollar y llevar a cabo proyectos de investigaci\u00f3n en procesos dial\u00f3gicos y relacionales como encuentro humano en sus diferentes expresiones desde el \u00e1mbito \u00edntimo al p\u00fablico.<\/li>\n<li style=\"text-align: justify;\">Difundir el conocimiento a la comunidad a trav\u00e9s de publicaciones cient\u00edficas y presentaciones en congresos de la especialidad.<\/li>\n<li style=\"text-align: justify;\">Vincularse activamente a la red de pares cient\u00edficos a nivel nacional e internacional, a trav\u00e9s de contribuciones conjuntas al conocimiento en el \u00e1rea.<\/li>\n<li style=\"text-align: justify;\">Constituirse en un semillero de futuros investigadores, desde pregrado (ayudantes alumnos) hasta post-grado (magister y doctorados), en las tem\u00e1ticas de amor pasi\u00f3n y pareja.<\/li>\n<li style=\"text-align: justify;\">Proporcionar herramientas y beneficios de promoci\u00f3n y prevenci\u00f3n que contribuyan a la intervenci\u00f3n en problemas de salud mental y generaci\u00f3n de bienestar de la comunidad.<\/li>\n<li style=\"text-align: justify;\">Generar propuestas al desarrollo de pol\u00edticas p\u00fablicas de prevenci\u00f3n primaria, secundaria y terciaria, tanto en los \u00e1mbitos de salud, como de educaci\u00f3n y justicia.<\/li>\n<li style=\"text-align: justify;\">Apoyar la formaci\u00f3n de estudiantes de pre y post-grado a trav\u00e9s de la sistematizaci\u00f3n, comunicaci\u00f3n y aplicaci\u00f3n de los conocimientos pertinentes producidos por la investigaci\u00f3n.<\/li>\n<\/ul>\n","protected":false},"excerpt":{"rendered":"<p>Misi\u00f3n La misi\u00f3n de esta Unidad de Investigaci\u00f3n de Terapia de Parejas es la generaci\u00f3n de conocimiento en torno a procesos relacionales, como unidad b\u00e1sica de la experiencia humana a partir de la cual la persona construye su s\u00ed mismo y su relaci\u00f3n con el entorno. Este prop\u00f3sito se realiza a trav\u00e9s del desarrollo de [&hellip;]<\/p>\n","protected":false},"author":1,"featured_media":0,"parent":7,"menu_order":2,"comment_status":"closed","ping_status":"closed","template":"","meta":{"footnotes":""},"class_list":["post-531","page","type-page","status-publish","hentry"],"_links":{"self":[{"href":"https:\/\/psicologia.udd.cl\/unir\/wp-json\/wp\/v2\/pages\/531","targetHints":{"allow":["GET"]}}],"collection":[{"href":"https:\/\/psicologia.udd.cl\/unir\/wp-json\/wp\/v2\/pages"}],"about":[{"href":"https:\/\/psicologia.udd.cl\/unir\/wp-json\/wp\/v2\/types\/page"}],"author":[{"embeddable":true,"href":"https:\/\/psicologia.udd.cl\/unir\/wp-json\/wp\/v2\/users\/1"}],"replies":[{"embeddable":true,"href":"https:\/\/psicologia.udd.cl\/unir\/wp-json\/wp\/v2\/comments?post=531"}],"version-history":[{"count":1,"href":"https:\/\/psicologia.udd.cl\/unir\/wp-json\/wp\/v2\/pages\/531\/revisions"}],"predecessor-version":[{"id":532,"href":"https:\/\/psicologia.udd.cl\/unir\/wp-json\/wp\/v2\/pages\/531\/revisions\/532"}],"up":[{"embeddable":true,"href":"https:\/\/psicologia.udd.cl\/unir\/wp-json\/wp\/v2\/pages\/7"}],"wp:attachment":[{"href":"https:\/\/psicologia.udd.cl\/unir\/wp-json\/wp\/v2\/media?parent=531"}],"curies":[{"name":"wp","href":"https:\/\/api.w.org\/{rel}","templated":true}]}}