{"id":3,"date":"2012-08-01T13:41:48","date_gmt":"2012-08-01T13:41:48","guid":{"rendered":"http:\/\/psicologia.udd.cl\/uipp\/proyectos\/"},"modified":"2012-08-01T13:30:57","modified_gmt":"2012-08-01T17:30:57","slug":"proyectos","status":"publish","type":"page","link":"https:\/\/psicologia.udd.cl\/uipp\/proyectos\/","title":{"rendered":"Proyectos en curso"},"content":{"rendered":"<p>1-. <strong>V\u00ednculo terap\u00e9utico con pacientes con trastorno de personalidad l\u00edmite: An\u00e1lisis de intervenciones efectivas.<\/strong><br \/>\nResumen de Proyecto<br \/>\nFinanciamientos<br \/>\nInvestigador Resposable: <a href=\"http:\/\/psicologia.udd.cl\/uipp\/personas\/maria-elisa-molina\/\">M. Elisa Molina<\/a><\/p>\n<p>2-. <strong>Intervenci\u00f3n terap\u00e9utica sobre los Estados Mentales en Trastorno L\u00edmite de Personalidad: Un estudio de caso<\/strong><br \/>\nInvestigador Responsable: <a href=\"http:\/\/psicologia.udd.cl\/uipp\/personas\/maria-elisa-molina\/\">M. Elisa Molina<\/a><\/p>\n<p>3-. <strong>Manifestaci\u00f3n de la depresi\u00f3n en el proceso psicoterap\u00e9utico: Un estudio de caso. <\/strong><br \/>\nInvestigador Responsable: <a href=\"http:\/\/www.milenio-depresion.cl\/download\/cv\/atomicic.pdf\">Alemka Tomicic<\/a><\/p>\n","protected":false},"excerpt":{"rendered":"<p>1-. V\u00ednculo terap\u00e9utico con pacientes con trastorno de personalidad l\u00edmite: An\u00e1lisis de intervenciones efectivas. Resumen de Proyecto Financiamientos Investigador Resposable: M. Elisa Molina 2-. Intervenci\u00f3n terap\u00e9utica sobre los Estados Mentales en Trastorno L\u00edmite de Personalidad: Un estudio de caso Investigador Responsable: M. Elisa Molina 3-. Manifestaci\u00f3n de la depresi\u00f3n en el proceso psicoterap\u00e9utico: Un estudio [&hellip;]<\/p>\n","protected":false},"author":9192205,"featured_media":0,"parent":0,"menu_order":0,"comment_status":"open","ping_status":"open","template":"","meta":{"footnotes":""},"class_list":["post-3","page","type-page","status-publish","hentry"],"_links":{"self":[{"href":"https:\/\/psicologia.udd.cl\/uipp\/wp-json\/wp\/v2\/pages\/3","targetHints":{"allow":["GET"]}}],"collection":[{"href":"https:\/\/psicologia.udd.cl\/uipp\/wp-json\/wp\/v2\/pages"}],"about":[{"href":"https:\/\/psicologia.udd.cl\/uipp\/wp-json\/wp\/v2\/types\/page"}],"author":[{"embeddable":true,"href":"https:\/\/psicologia.udd.cl\/uipp\/wp-json\/wp\/v2\/users\/9192205"}],"replies":[{"embeddable":true,"href":"https:\/\/psicologia.udd.cl\/uipp\/wp-json\/wp\/v2\/comments?post=3"}],"version-history":[{"count":2,"href":"https:\/\/psicologia.udd.cl\/uipp\/wp-json\/wp\/v2\/pages\/3\/revisions"}],"predecessor-version":[{"id":35,"href":"https:\/\/psicologia.udd.cl\/uipp\/wp-json\/wp\/v2\/pages\/3\/revisions\/35"}],"wp:attachment":[{"href":"https:\/\/psicologia.udd.cl\/uipp\/wp-json\/wp\/v2\/media?parent=3"}],"curies":[{"name":"wp","href":"https:\/\/api.w.org\/{rel}","templated":true}]}}