{"id":906,"date":"2023-07-27T19:54:06","date_gmt":"2023-07-27T19:54:06","guid":{"rendered":"https:\/\/psicologia.udd.cl\/ibem\/?page_id=906"},"modified":"2024-10-14T15:15:19","modified_gmt":"2024-10-14T18:15:19","slug":"laboratorio-de-ciencias-cognitivas-cogscilab","status":"publish","type":"page","link":"https:\/\/psicologia.udd.cl\/ibem\/laboratorio-de-ciencias-cognitivas-cogscilab\/","title":{"rendered":"Laboratorio de Ciencias Cognitivas (CogSci-Lab)"},"content":{"rendered":"\n<p><\/p>\n\n\n\n<p class=\"has-text-align-left has-xx-large-font-size\"><img loading=\"lazy\" decoding=\"async\" width=\"80\" height=\"80\" class=\"wp-image-572\" style=\"width: 80px;\" src=\"https:\/\/psicologia.udd.cl\/ibem\/files\/2023\/07\/lab-ico3.jpg\" alt=\"\" srcset=\"https:\/\/psicologia.udd.cl\/ibem\/files\/2023\/07\/lab-ico3.jpg 153w, https:\/\/psicologia.udd.cl\/ibem\/files\/2023\/07\/lab-ico3-150x150.jpg 150w, https:\/\/psicologia.udd.cl\/ibem\/files\/2023\/07\/lab-ico3-62x62.jpg 62w, https:\/\/psicologia.udd.cl\/ibem\/files\/2023\/07\/lab-ico3-126x126.jpg 126w\" sizes=\"auto, (max-width: 80px) 100vw, 80px\" \/>  <strong>Objetivo<\/strong><\/p>\n\n\n\n<p class=\"aligncenter\">El Laboratorio de Ciencias Cognitivas de la UDD (CogSci-Lab) busca comprender los mecanismos psicol\u00f3gicos que subyacen a la capacidad de monitorear y regular nuestros propios procesos cognitivos (i.e., metacognici\u00f3n).<\/p>\n\n\n\n<p class=\"has-text-align-left has-xx-large-font-size\"><img loading=\"lazy\" decoding=\"async\" width=\"80\" height=\"80\" class=\"wp-image-609\" style=\"width: 80px;\" src=\"https:\/\/psicologia.udd.cl\/ibem\/files\/2023\/07\/lab-ico1-1.jpg\" alt=\"\" srcset=\"https:\/\/psicologia.udd.cl\/ibem\/files\/2023\/07\/lab-ico1-1.jpg 153w, https:\/\/psicologia.udd.cl\/ibem\/files\/2023\/07\/lab-ico1-1-150x150.jpg 150w, https:\/\/psicologia.udd.cl\/ibem\/files\/2023\/07\/lab-ico1-1-62x62.jpg 62w, https:\/\/psicologia.udd.cl\/ibem\/files\/2023\/07\/lab-ico1-1-126x126.jpg 126w\" sizes=\"auto, (max-width: 80px) 100vw, 80px\" \/>  <strong>Foco l\u00ednea de investigaci\u00f3n<\/strong><\/p>\n\n\n\n<p class=\"aligncenter\">Realizamos investigaciones en psicolog\u00eda experimental, cognici\u00f3n social y neurociencia conductual.<\/p>\n\n\n\n<p class=\"aligncenter\"><strong>MetaDynamic:<\/strong> Arquitectura funcional que subyace a la construccio\u0301n de juicios de confianza.<br><strong>MetaEmotion:<\/strong> Metacognicio\u0301n en los procesos de regulacio\u0301n emocional.<br><strong>MetaEduca: <\/strong>Impacto de la metacognicio\u0301n en contextos educacionales y de aprendizaje.<\/p>\n\n\n\n<p class=\"has-text-align-left has-xx-large-font-size\"><img loading=\"lazy\" decoding=\"async\" width=\"80\" height=\"80\" class=\"wp-image-573\" style=\"width: 80px;\" src=\"https:\/\/psicologia.udd.cl\/ibem\/files\/2023\/07\/log-icon-4.jpg\" alt=\"\" srcset=\"https:\/\/psicologia.udd.cl\/ibem\/files\/2023\/07\/log-icon-4.jpg 153w, https:\/\/psicologia.udd.cl\/ibem\/files\/2023\/07\/log-icon-4-150x150.jpg 150w, https:\/\/psicologia.udd.cl\/ibem\/files\/2023\/07\/log-icon-4-62x62.jpg 62w, https:\/\/psicologia.udd.cl\/ibem\/files\/2023\/07\/log-icon-4-126x126.jpg 126w\" sizes=\"auto, (max-width: 80px) 100vw, 80px\" \/>  <strong>Equipo<\/strong><\/p>\n\n\n<!-- WP Block: UDD - Access Image -->\n<section class=\"wp-block-udd-access-image\n has-odd-elements\">\n\t<div class=\"container\">\n\t\t\t\t<div class=\"block__content\">\n\t\t\t<div class=\"access-images\">\n\t\t\t\t\t\t\t<div class=\"access-image-wrapper\">\n\t\t\t\t\t<a href=\"https:\/\/psicologia.udd.cl\/persona\/gabriel-reyes\/\" data-url=\"https:\/\/psicologia.udd.cl\/persona\/gabriel-reyes\/\" class=\"access-image\">\n\t\t\t\t\t<img loading=\"lazy\" decoding=\"async\" width=\"500\" height=\"382\" src=\"https:\/\/psicologia.udd.cl\/ibem\/files\/2023\/07\/gabriel-reyes.jpg\" class=\"access-image__image lazyload\" alt=\"\" sizes=\"auto, (max-width: 500px) 100vw, 500px\" data-src=\"https:\/\/psicologia.udd.cl\/ibem\/files\/2023\/07\/gabriel-reyes.jpg\" data-srcset=\"https:\/\/psicologia.udd.cl\/ibem\/files\/2023\/07\/gabriel-reyes.jpg 500w, https:\/\/psicologia.udd.cl\/ibem\/files\/2023\/07\/gabriel-reyes-300x229.jpg 300w, https:\/\/psicologia.udd.cl\/ibem\/files\/2023\/07\/gabriel-reyes-182x140.jpg 182w\" \/>\t\t\t\t\t\t<div class=\"access-image__content\">\n\t\t\t\t\t\t\t<h3 class=\"access-image__title\">Dr. Gabriel Reyes<\/h3>\n\t\t\t\t\t\t\t<span class=\"access-image__action\">Conocer m\u00e1s<\/span>\n\t\t\t\t\t\t<\/div>\n\t\t\t\t\t<\/a>\n\t\t\t\t<\/div>\n\t\t\t\t\t\t\t<div class=\"access-image-wrapper\">\n\t\t\t\t\t<a href=\"https:\/\/psicologia.udd.cl\/persona\/leonel-tapia-arostica\/#!\/page=1\" data-url=\"https:\/\/psicologia.udd.cl\/persona\/leonel-tapia-arostica\/#!\/page=1\" class=\"access-image\">\n\t\t\t\t\t<img loading=\"lazy\" decoding=\"async\" width=\"500\" height=\"382\" src=\"https:\/\/psicologia.udd.cl\/ibem\/files\/2023\/07\/leonel-tapia.jpg\" class=\"access-image__image lazyload\" alt=\"\" sizes=\"auto, (max-width: 500px) 100vw, 500px\" data-src=\"https:\/\/psicologia.udd.cl\/ibem\/files\/2023\/07\/leonel-tapia.jpg\" data-srcset=\"https:\/\/psicologia.udd.cl\/ibem\/files\/2023\/07\/leonel-tapia.jpg 500w, https:\/\/psicologia.udd.cl\/ibem\/files\/2023\/07\/leonel-tapia-300x229.jpg 300w, https:\/\/psicologia.udd.cl\/ibem\/files\/2023\/07\/leonel-tapia-182x140.jpg 182w\" \/>\t\t\t\t\t\t<div class=\"access-image__content\">\n\t\t\t\t\t\t\t<h3 class=\"access-image__title\">Dr. Leonel Tapia<\/h3>\n\t\t\t\t\t\t\t<span class=\"access-image__action\">Conocer m\u00e1s<\/span>\n\t\t\t\t\t\t<\/div>\n\t\t\t\t\t<\/a>\n\t\t\t\t<\/div>\n\t\t\t\t\t\t\t<div class=\"access-image-wrapper\">\n\t\t\t\t\t<a href=\"\" data-url=\"\" class=\"access-image\">\n\t\t\t\t\t<img loading=\"lazy\" decoding=\"async\" width=\"500\" height=\"382\" src=\"https:\/\/psicologia.udd.cl\/ibem\/files\/2023\/07\/alejandro-lorca.jpg\" class=\"access-image__image lazyload\" alt=\"\" sizes=\"auto, (max-width: 500px) 100vw, 500px\" data-src=\"https:\/\/psicologia.udd.cl\/ibem\/files\/2023\/07\/alejandro-lorca.jpg\" data-srcset=\"https:\/\/psicologia.udd.cl\/ibem\/files\/2023\/07\/alejandro-lorca.jpg 500w, https:\/\/psicologia.udd.cl\/ibem\/files\/2023\/07\/alejandro-lorca-300x229.jpg 300w, https:\/\/psicologia.udd.cl\/ibem\/files\/2023\/07\/alejandro-lorca-182x140.jpg 182w\" \/>\t\t\t\t\t\t<div class=\"access-image__content\">\n\t\t\t\t\t\t\t<h3 class=\"access-image__title\">Alejandro Lorca<\/h3>\n\t\t\t\t\t\t\t<span class=\"access-image__action\">Conocer m\u00e1s<\/span>\n\t\t\t\t\t\t<\/div>\n\t\t\t\t\t<\/a>\n\t\t\t\t<\/div>\n\t\t\t\t\t\t\t<div class=\"access-image-wrapper\">\n\t\t\t\t\t<a href=\"https:\/\/psicologia.udd.cl\/persona\/nicolas-marchant\/#!\/page=1\" data-url=\"https:\/\/psicologia.udd.cl\/persona\/nicolas-marchant\/#!\/page=1\" class=\"access-image\">\n\t\t\t\t\t<img loading=\"lazy\" decoding=\"async\" width=\"500\" height=\"382\" src=\"https:\/\/psicologia.udd.cl\/ibem\/files\/2023\/07\/nicolas-marchant.jpg\" class=\"access-image__image lazyload\" alt=\"\" sizes=\"auto, (max-width: 500px) 100vw, 500px\" data-src=\"https:\/\/psicologia.udd.cl\/ibem\/files\/2023\/07\/nicolas-marchant.jpg\" data-srcset=\"https:\/\/psicologia.udd.cl\/ibem\/files\/2023\/07\/nicolas-marchant.jpg 500w, https:\/\/psicologia.udd.cl\/ibem\/files\/2023\/07\/nicolas-marchant-300x229.jpg 300w, https:\/\/psicologia.udd.cl\/ibem\/files\/2023\/07\/nicolas-marchant-182x140.jpg 182w\" \/>\t\t\t\t\t\t<div class=\"access-image__content\">\n\t\t\t\t\t\t\t<h3 class=\"access-image__title\">Dr. Nicol\u00e1s Marchant<\/h3>\n\t\t\t\t\t\t\t<span class=\"access-image__action\">Conocer m\u00e1s<\/span>\n\t\t\t\t\t\t<\/div>\n\t\t\t\t\t<\/a>\n\t\t\t\t<\/div>\n\t\t\t\t\t\t\t<div class=\"access-image-wrapper\">\n\t\t\t\t\t<a href=\"https:\/\/psicologia.udd.cl\/persona\/sofia-gana-gajardo\/#!\/page=1\" data-url=\"https:\/\/psicologia.udd.cl\/persona\/sofia-gana-gajardo\/#!\/page=1\" class=\"access-image\">\n\t\t\t\t\t<img loading=\"lazy\" decoding=\"async\" width=\"500\" height=\"382\" src=\"https:\/\/psicologia.udd.cl\/ibem\/files\/2023\/07\/sofia-gana.jpg\" class=\"access-image__image lazyload\" alt=\"\" sizes=\"auto, (max-width: 500px) 100vw, 500px\" data-src=\"https:\/\/psicologia.udd.cl\/ibem\/files\/2023\/07\/sofia-gana.jpg\" data-srcset=\"https:\/\/psicologia.udd.cl\/ibem\/files\/2023\/07\/sofia-gana.jpg 500w, https:\/\/psicologia.udd.cl\/ibem\/files\/2023\/07\/sofia-gana-300x229.jpg 300w, https:\/\/psicologia.udd.cl\/ibem\/files\/2023\/07\/sofia-gana-182x140.jpg 182w\" \/>\t\t\t\t\t\t<div class=\"access-image__content\">\n\t\t\t\t\t\t\t<h3 class=\"access-image__title\">Dra. Sof\u00eda Gana<\/h3>\n\t\t\t\t\t\t\t<span class=\"access-image__action\">Conocer m\u00e1s<\/span>\n\t\t\t\t\t\t<\/div>\n\t\t\t\t\t<\/a>\n\t\t\t\t<\/div>\n\t\t\t\t\t<\/div>\n\t<\/div>\n<\/section>\n\n\n\n<p class=\"has-text-align-left has-xx-large-font-size\"><img loading=\"lazy\" decoding=\"async\" width=\"80\" height=\"80\" class=\"wp-image-612\" style=\"width: 80px;\" src=\"https:\/\/psicologia.udd.cl\/ibem\/files\/2023\/07\/lab-ico2-2.jpg\" alt=\"\" srcset=\"https:\/\/psicologia.udd.cl\/ibem\/files\/2023\/07\/lab-ico2-2.jpg 153w, https:\/\/psicologia.udd.cl\/ibem\/files\/2023\/07\/lab-ico2-2-150x150.jpg 150w, https:\/\/psicologia.udd.cl\/ibem\/files\/2023\/07\/lab-ico2-2-62x62.jpg 62w, https:\/\/psicologia.udd.cl\/ibem\/files\/2023\/07\/lab-ico2-2-126x126.jpg 126w\" sizes=\"auto, (max-width: 80px) 100vw, 80px\" \/><strong>Proyectos en curso<\/strong><\/p>\n\n\n<!-- WP Block: UDD - Cards Alternate -->\n<section class=\"wp-block-udd-access-cards\">\n\t<div class=\"container\">\n\t\t\t\t<div class=\"block__content\">\n\t\t\t<div class=\"access-cards\">\n\t\t\t\t\t\t\t<div class=\"access-card-wrapper\">\n\t\t\t\t\t\t\t\t\t\t<div class=\"access-card\">\n\t\t\t\t\t\t<h3 class=\"access-card__title\">Meta-Dynamic<\/h3>\n\t\t\t\t\t\t<p class=\"access-card__description\">\n\t\t\t\t\t\t\tNuestro inter\u00e9s es estudiar c\u00f3mo se construye un juicio de confianza. Recientes estudios coinciden en que los individuos son acumuladores de informaci\u00f3n (interna y externa al individuo). En este proyecto nos interesa conocer el mecanismo psicol\u00f3gico del proceso de acumulaci\u00f3n. A su vez, nos interesa investigar la entrenabilidad de tal proceso, as\u00ed como tambi\u00e9n si todas las medidas metacognitivas contempor\u00e1neas operan a trav\u00e9s del mismo mecanismo.\t\t\t\t\t\t<\/p>\n\t\t\t\t\t\t\t\t\t\t\t\t\t\t\t\t<\/div>\n\t\t\t\t<\/div>\n\t\t\t\t\t\t\t<div class=\"access-card-wrapper\">\n\t\t\t\t\t\t\t\t\t\t<div class=\"access-card\">\n\t\t\t\t\t\t<h3 class=\"access-card__title\">Meta-Emotion<\/h3>\n\t\t\t\t\t\t<p class=\"access-card__description\">\n\t\t\t\t\t\t\tInvestigamos c\u00f3mo es que los cambios neurohormonales, tradicionalmente asociados a procesos de regulaci\u00f3n y desregulaci\u00f3n emocional, co-var\u00edan con cambios en la metacognici\u00f3n. Adicionalmente, exploramos el impacto de diferentes condiciones neuropsicol\u00f3gicas en la capacidad metacognitiva de los individuos.\t\t\t\t\t\t<\/p>\n\t\t\t\t\t\t\t\t\t\t\t\t\t\t\t\t<\/div>\n\t\t\t\t<\/div>\n\t\t\t\t\t\t\t<div class=\"access-card-wrapper\">\n\t\t\t\t\t\t\t\t\t\t<div class=\"access-card\">\n\t\t\t\t\t\t<h3 class=\"access-card__title\">Meta-Educa<\/h3>\n\t\t\t\t\t\t<p class=\"access-card__description\">\n\t\t\t\t\t\t\tInvestigamos c\u00f3mo es que los cambios neurohormonales, tradicionalmente asociados a procesos de regulaci\u00f3n y desregulaci\u00f3n emocional, co-var\u00edan con cambios en la metacognici\u00f3n. Adicionalmente, exploramos el impacto de diferentes condiciones neuropsicol\u00f3gicas en la capacidad metacognitiva de los individuos.\t\t\t\t\t\t<\/p>\n\t\t\t\t\t\t\t\t\t\t\t\t\t\t\t\t<\/div>\n\t\t\t\t<\/div>\n\t\t\t\t\t\t<\/div>\n\t\t<\/div>\n\t<\/div>\n<\/section>\n\n\n\n<p class=\"has-text-align-left has-xx-large-font-size\"><img loading=\"lazy\" decoding=\"async\" width=\"80\" height=\"80\" class=\"wp-image-574\" style=\"width: 80px;\" src=\"https:\/\/psicologia.udd.cl\/ibem\/files\/2023\/07\/log-icon-5.jpg\" alt=\"\" srcset=\"https:\/\/psicologia.udd.cl\/ibem\/files\/2023\/07\/log-icon-5.jpg 153w, https:\/\/psicologia.udd.cl\/ibem\/files\/2023\/07\/log-icon-5-150x150.jpg 150w, https:\/\/psicologia.udd.cl\/ibem\/files\/2023\/07\/log-icon-5-62x62.jpg 62w, https:\/\/psicologia.udd.cl\/ibem\/files\/2023\/07\/log-icon-5-126x126.jpg 126w\" sizes=\"auto, (max-width: 80px) 100vw, 80px\" \/>  <strong>Redes y trabajo colaborativo<\/strong><\/p>\n\n\n\n<ul class=\"wp-block-list\">\n<li>Georgia Tech. Atlanta. USA (Doby Rahnev)<\/li>\n\n\n\n<li>ENS. Pari\u0301s, Francia. (Jerome Sackur)<\/li>\n<\/ul>\n\n\n\n<p><\/p>\n","protected":false},"excerpt":{"rendered":"<p>Objetivo El Laboratorio de Ciencias Cognitivas de la UDD (CogSci-Lab) busca comprender los mecanismos psicol\u00f3gicos que subyacen a la capacidad de monitorear y regular nuestros propios procesos cognitivos (i.e., metacognici\u00f3n). Foco l\u00ednea de investigaci\u00f3n Realizamos investigaciones en psicolog\u00eda experimental, cognici\u00f3n social y neurociencia conductual. MetaDynamic: Arquitectura funcional que subyace a la construccio\u0301n de juicios de [&hellip;]<\/p>\n","protected":false},"author":36,"featured_media":0,"parent":0,"menu_order":0,"comment_status":"closed","ping_status":"closed","template":"","meta":{"footnotes":""},"class_list":["post-906","page","type-page","status-publish","hentry"],"yoast_head":"<!-- This site is optimized with the Yoast SEO plugin v26.9 - https:\/\/yoast.com\/product\/yoast-seo-wordpress\/ -->\n<title>Laboratorio de Ciencias Cognitivas (CogSci-Lab) - Instituto de Bienestar Socioemocional<\/title>\n<meta name=\"description\" content=\"Nuestro laboratorio de Ciencias Cognitivas busca comprender los mecanismos psicol\u00f3gicos que subyacen a la capacidad de monitorear y regular nuestros propios procesos cognitivos.\" \/>\n<meta name=\"robots\" content=\"index, follow, max-snippet:-1, max-image-preview:large, max-video-preview:-1\" \/>\n<link rel=\"canonical\" href=\"https:\/\/psicologia.udd.cl\/ibem\/laboratorio-de-ciencias-cognitivas-cogscilab\/\" \/>\n<meta property=\"og:locale\" content=\"es_ES\" \/>\n<meta property=\"og:type\" content=\"article\" \/>\n<meta property=\"og:title\" content=\"Laboratorio de ciencias cognitivas (COGSCILAB) - IBEM UDD\" \/>\n<meta property=\"og:description\" content=\"Nuestro laboratorio de Ciencias Cognitivas busca comprender los mecanismos psicol\u00f3gicos que subyacen a la capacidad de monitorear y regular nuestros propios procesos cognitivos.\" \/>\n<meta property=\"og:url\" content=\"https:\/\/psicologia.udd.cl\/ibem\/laboratorio-de-ciencias-cognitivas-cogscilab\/\" \/>\n<meta property=\"og:site_name\" content=\"Instituto de Bienestar Socioemocional\" \/>\n<meta property=\"article:modified_time\" content=\"2024-10-14T18:15:19+00:00\" \/>\n<meta property=\"og:image\" content=\"https:\/\/psicologia.udd.cl\/ibem\/files\/2023\/08\/laboratorio-de-ciencias-cognitivas-cogscilab-ibem-udd.jpg\" \/>\n\t<meta property=\"og:image:width\" content=\"1110\" \/>\n\t<meta property=\"og:image:height\" content=\"593\" \/>\n\t<meta property=\"og:image:type\" content=\"image\/jpeg\" \/>\n<meta name=\"twitter:card\" content=\"summary_large_image\" \/>\n<meta name=\"twitter:title\" content=\"Laboratorio de ciencias cognitivas (COGSCILAB) - IBEM UDD\" \/>\n<meta name=\"twitter:description\" content=\"Nuestro laboratorio de Ciencias Cognitivas busca comprender los mecanismos psicol\u00f3gicos que subyacen a la capacidad de monitorear y regular nuestros propios procesos cognitivos.\" \/>\n<meta name=\"twitter:image\" content=\"https:\/\/psicologia.udd.cl\/ibem\/files\/2023\/08\/laboratorio-de-ciencias-cognitivas-cogscilab-ibem-udd.jpg\" \/>\n<meta name=\"twitter:label1\" content=\"Tiempo de lectura\" \/>\n\t<meta name=\"twitter:data1\" content=\"2 minutos\" \/>\n<script type=\"application\/ld+json\" class=\"yoast-schema-graph\">{\"@context\":\"https:\/\/schema.org\",\"@graph\":[{\"@type\":\"WebPage\",\"@id\":\"https:\/\/psicologia.udd.cl\/ibem\/laboratorio-de-ciencias-cognitivas-cogscilab\/\",\"url\":\"https:\/\/psicologia.udd.cl\/ibem\/laboratorio-de-ciencias-cognitivas-cogscilab\/\",\"name\":\"Laboratorio de Ciencias Cognitivas (CogSci-Lab) - Instituto de Bienestar Socioemocional\",\"isPartOf\":{\"@id\":\"https:\/\/psicologia.udd.cl\/ibem\/#website\"},\"primaryImageOfPage\":{\"@id\":\"https:\/\/psicologia.udd.cl\/ibem\/laboratorio-de-ciencias-cognitivas-cogscilab\/#primaryimage\"},\"image\":{\"@id\":\"https:\/\/psicologia.udd.cl\/ibem\/laboratorio-de-ciencias-cognitivas-cogscilab\/#primaryimage\"},\"thumbnailUrl\":\"https:\/\/psicologia.udd.cl\/ibem\/files\/2023\/07\/lab-ico3.jpg\",\"datePublished\":\"2023-07-27T19:54:06+00:00\",\"dateModified\":\"2024-10-14T18:15:19+00:00\",\"description\":\"Nuestro laboratorio de Ciencias Cognitivas busca comprender los mecanismos psicol\u00f3gicos que subyacen a la capacidad de monitorear y regular nuestros propios procesos cognitivos.\",\"breadcrumb\":{\"@id\":\"https:\/\/psicologia.udd.cl\/ibem\/laboratorio-de-ciencias-cognitivas-cogscilab\/#breadcrumb\"},\"inLanguage\":\"es\",\"potentialAction\":[{\"@type\":\"ReadAction\",\"target\":[\"https:\/\/psicologia.udd.cl\/ibem\/laboratorio-de-ciencias-cognitivas-cogscilab\/\"]}]},{\"@type\":\"ImageObject\",\"inLanguage\":\"es\",\"@id\":\"https:\/\/psicologia.udd.cl\/ibem\/laboratorio-de-ciencias-cognitivas-cogscilab\/#primaryimage\",\"url\":\"https:\/\/psicologia.udd.cl\/ibem\/files\/2023\/07\/lab-ico3.jpg\",\"contentUrl\":\"https:\/\/psicologia.udd.cl\/ibem\/files\/2023\/07\/lab-ico3.jpg\",\"width\":153,\"height\":153},{\"@type\":\"BreadcrumbList\",\"@id\":\"https:\/\/psicologia.udd.cl\/ibem\/laboratorio-de-ciencias-cognitivas-cogscilab\/#breadcrumb\",\"itemListElement\":[{\"@type\":\"ListItem\",\"position\":1,\"name\":\"Portada\",\"item\":\"https:\/\/psicologia.udd.cl\/ibem\/\"},{\"@type\":\"ListItem\",\"position\":2,\"name\":\"Laboratorio de ciencias cognitivas (COGSCILAB)\"}]},{\"@type\":\"WebSite\",\"@id\":\"https:\/\/psicologia.udd.cl\/ibem\/#website\",\"url\":\"https:\/\/psicologia.udd.cl\/ibem\/\",\"name\":\"Instituto de Bienestar Socioemocional\",\"description\":\"Otro sitio m\u00e1s de Psicologia\",\"publisher\":{\"@id\":\"https:\/\/psicologia.udd.cl\/ibem\/#organization\"},\"inLanguage\":\"es\"},{\"@type\":\"Organization\",\"@id\":\"https:\/\/psicologia.udd.cl\/ibem\/#organization\",\"name\":\"Instituto de Bienestar Socioemocional\",\"url\":\"https:\/\/psicologia.udd.cl\/ibem\/\",\"logo\":{\"@type\":\"ImageObject\",\"inLanguage\":\"es\",\"@id\":\"https:\/\/psicologia.udd.cl\/ibem\/#\/schema\/logo\/image\/\",\"url\":\"https:\/\/psicologia.udd.cl\/ibem\/files\/2022\/11\/ibem-logo-2.jpg\",\"contentUrl\":\"https:\/\/psicologia.udd.cl\/ibem\/files\/2022\/11\/ibem-logo-2.jpg\",\"width\":952,\"height\":534,\"caption\":\"Instituto de Bienestar Socioemocional\"},\"image\":{\"@id\":\"https:\/\/psicologia.udd.cl\/ibem\/#\/schema\/logo\/image\/\"},\"sameAs\":[\"https:\/\/www.instagram.com\/ibemudd\/?hl=es-la\"]}]}<\/script>\n<!-- \/ Yoast SEO plugin. -->","yoast_head_json":{"title":"Laboratorio de Ciencias Cognitivas (CogSci-Lab) - Instituto de Bienestar Socioemocional","description":"Nuestro laboratorio de Ciencias Cognitivas busca comprender los mecanismos psicol\u00f3gicos que subyacen a la capacidad de monitorear y regular nuestros propios procesos cognitivos.","robots":{"index":"index","follow":"follow","max-snippet":"max-snippet:-1","max-image-preview":"max-image-preview:large","max-video-preview":"max-video-preview:-1"},"canonical":"https:\/\/psicologia.udd.cl\/ibem\/laboratorio-de-ciencias-cognitivas-cogscilab\/","og_locale":"es_ES","og_type":"article","og_title":"Laboratorio de ciencias cognitivas (COGSCILAB) - IBEM UDD","og_description":"Nuestro laboratorio de Ciencias Cognitivas busca comprender los mecanismos psicol\u00f3gicos que subyacen a la capacidad de monitorear y regular nuestros propios procesos cognitivos.","og_url":"https:\/\/psicologia.udd.cl\/ibem\/laboratorio-de-ciencias-cognitivas-cogscilab\/","og_site_name":"Instituto de Bienestar Socioemocional","article_modified_time":"2024-10-14T18:15:19+00:00","og_image":[{"width":1110,"height":593,"url":"https:\/\/psicologia.udd.cl\/ibem\/files\/2023\/08\/laboratorio-de-ciencias-cognitivas-cogscilab-ibem-udd.jpg","type":"image\/jpeg"}],"twitter_card":"summary_large_image","twitter_title":"Laboratorio de ciencias cognitivas (COGSCILAB) - IBEM UDD","twitter_description":"Nuestro laboratorio de Ciencias Cognitivas busca comprender los mecanismos psicol\u00f3gicos que subyacen a la capacidad de monitorear y regular nuestros propios procesos cognitivos.","twitter_image":"https:\/\/psicologia.udd.cl\/ibem\/files\/2023\/08\/laboratorio-de-ciencias-cognitivas-cogscilab-ibem-udd.jpg","twitter_misc":{"Tiempo de lectura":"2 minutos"},"schema":{"@context":"https:\/\/schema.org","@graph":[{"@type":"WebPage","@id":"https:\/\/psicologia.udd.cl\/ibem\/laboratorio-de-ciencias-cognitivas-cogscilab\/","url":"https:\/\/psicologia.udd.cl\/ibem\/laboratorio-de-ciencias-cognitivas-cogscilab\/","name":"Laboratorio de Ciencias Cognitivas (CogSci-Lab) - Instituto de Bienestar Socioemocional","isPartOf":{"@id":"https:\/\/psicologia.udd.cl\/ibem\/#website"},"primaryImageOfPage":{"@id":"https:\/\/psicologia.udd.cl\/ibem\/laboratorio-de-ciencias-cognitivas-cogscilab\/#primaryimage"},"image":{"@id":"https:\/\/psicologia.udd.cl\/ibem\/laboratorio-de-ciencias-cognitivas-cogscilab\/#primaryimage"},"thumbnailUrl":"https:\/\/psicologia.udd.cl\/ibem\/files\/2023\/07\/lab-ico3.jpg","datePublished":"2023-07-27T19:54:06+00:00","dateModified":"2024-10-14T18:15:19+00:00","description":"Nuestro laboratorio de Ciencias Cognitivas busca comprender los mecanismos psicol\u00f3gicos que subyacen a la capacidad de monitorear y regular nuestros propios procesos cognitivos.","breadcrumb":{"@id":"https:\/\/psicologia.udd.cl\/ibem\/laboratorio-de-ciencias-cognitivas-cogscilab\/#breadcrumb"},"inLanguage":"es","potentialAction":[{"@type":"ReadAction","target":["https:\/\/psicologia.udd.cl\/ibem\/laboratorio-de-ciencias-cognitivas-cogscilab\/"]}]},{"@type":"ImageObject","inLanguage":"es","@id":"https:\/\/psicologia.udd.cl\/ibem\/laboratorio-de-ciencias-cognitivas-cogscilab\/#primaryimage","url":"https:\/\/psicologia.udd.cl\/ibem\/files\/2023\/07\/lab-ico3.jpg","contentUrl":"https:\/\/psicologia.udd.cl\/ibem\/files\/2023\/07\/lab-ico3.jpg","width":153,"height":153},{"@type":"BreadcrumbList","@id":"https:\/\/psicologia.udd.cl\/ibem\/laboratorio-de-ciencias-cognitivas-cogscilab\/#breadcrumb","itemListElement":[{"@type":"ListItem","position":1,"name":"Portada","item":"https:\/\/psicologia.udd.cl\/ibem\/"},{"@type":"ListItem","position":2,"name":"Laboratorio de ciencias cognitivas (COGSCILAB)"}]},{"@type":"WebSite","@id":"https:\/\/psicologia.udd.cl\/ibem\/#website","url":"https:\/\/psicologia.udd.cl\/ibem\/","name":"Instituto de Bienestar Socioemocional","description":"Otro sitio m\u00e1s de Psicologia","publisher":{"@id":"https:\/\/psicologia.udd.cl\/ibem\/#organization"},"inLanguage":"es"},{"@type":"Organization","@id":"https:\/\/psicologia.udd.cl\/ibem\/#organization","name":"Instituto de Bienestar Socioemocional","url":"https:\/\/psicologia.udd.cl\/ibem\/","logo":{"@type":"ImageObject","inLanguage":"es","@id":"https:\/\/psicologia.udd.cl\/ibem\/#\/schema\/logo\/image\/","url":"https:\/\/psicologia.udd.cl\/ibem\/files\/2022\/11\/ibem-logo-2.jpg","contentUrl":"https:\/\/psicologia.udd.cl\/ibem\/files\/2022\/11\/ibem-logo-2.jpg","width":952,"height":534,"caption":"Instituto de Bienestar Socioemocional"},"image":{"@id":"https:\/\/psicologia.udd.cl\/ibem\/#\/schema\/logo\/image\/"},"sameAs":["https:\/\/www.instagram.com\/ibemudd\/?hl=es-la"]}]}},"_links":{"self":[{"href":"https:\/\/psicologia.udd.cl\/ibem\/wp-json\/wp\/v2\/pages\/906","targetHints":{"allow":["GET"]}}],"collection":[{"href":"https:\/\/psicologia.udd.cl\/ibem\/wp-json\/wp\/v2\/pages"}],"about":[{"href":"https:\/\/psicologia.udd.cl\/ibem\/wp-json\/wp\/v2\/types\/page"}],"author":[{"embeddable":true,"href":"https:\/\/psicologia.udd.cl\/ibem\/wp-json\/wp\/v2\/users\/36"}],"replies":[{"embeddable":true,"href":"https:\/\/psicologia.udd.cl\/ibem\/wp-json\/wp\/v2\/comments?post=906"}],"version-history":[{"count":15,"href":"https:\/\/psicologia.udd.cl\/ibem\/wp-json\/wp\/v2\/pages\/906\/revisions"}],"predecessor-version":[{"id":2568,"href":"https:\/\/psicologia.udd.cl\/ibem\/wp-json\/wp\/v2\/pages\/906\/revisions\/2568"}],"wp:attachment":[{"href":"https:\/\/psicologia.udd.cl\/ibem\/wp-json\/wp\/v2\/media?parent=906"}],"curies":[{"name":"wp","href":"https:\/\/api.w.org\/{rel}","templated":true}]}}