{"id":9,"date":"2022-11-15T19:55:25","date_gmt":"2022-11-15T19:55:25","guid":{"rendered":"https:\/\/psicologia.udd.cl\/ibem\/?page_id=9"},"modified":"2025-05-19T10:51:58","modified_gmt":"2025-05-19T14:51:58","slug":"ibem","status":"publish","type":"page","link":"https:\/\/psicologia.udd.cl\/ibem\/","title":{"rendered":"Ibem"},"content":{"rendered":"\n<h2 class=\"wp-block-heading has-xx-large-font-size\">Transformando la sociedad desde la ciencia<\/h2>\n\n\n<!-- WP Block: UDD - Fullwidth Cards -->\n<section class=\"wp-block-udd-fullwidth-cards is-style-default\">\n\t<div class=\"container\">\n\t\t<header class=\"block__header\">\n\t\t\t<h2 class=\"block__title\">lo \u00faltimo: Noticias y prensa<\/h2>\n\t\t\t\t\t\t<a href=\"https:\/\/psicologia.udd.cl\/ibem\/conectar\/\" class=\"block__view-more\">\n\t\t\t\tVer m\u00e1s\t\t\t<\/a>\n\t\t\t\t\t<\/header>\n\t\t<div class=\"block__content\">\n\t\t\t<div class=\"fullwidth-cards\">\n\t\t\t<div class=\"fullwidth-card-wrapper is-style-default\">\n\t<a href=\"https:\/\/psicologia.udd.cl\/ibem\/2026\/04\/14\/psicologia-udd-estuvo-presente-en-encuentro-sobre-bienestar-docente-y-comunidades-escolares-sostenibles\/\" class=\"fullwidth-card fullwidth-card--linkable\">\n\t\t\t\t<img loading=\"lazy\" decoding=\"async\" width=\"497\" height=\"343\" src=\"https:\/\/psicologia.udd.cl\/ibem\/files\/2026\/04\/portadas-sitio-web-psicologia-2026-04-14t124304-776-1-62x62.png\" class=\"fullwidth-card__image wp-post-image lazyload\" alt=\"\" sizes=\"auto, (max-width: 497px) 100vw, 497px\" data-src=\"https:\/\/psicologia.udd.cl\/ibem\/files\/2026\/04\/portadas-sitio-web-psicologia-2026-04-14t124304-776-1.png\" data-srcset=\"https:\/\/psicologia.udd.cl\/ibem\/files\/2026\/04\/portadas-sitio-web-psicologia-2026-04-14t124304-776-1.png 497w, https:\/\/psicologia.udd.cl\/ibem\/files\/2026\/04\/portadas-sitio-web-psicologia-2026-04-14t124304-776-1-300x207.png 300w\" \/>\t\t\t\t<div class=\"fullwidth-card__content\">\n\t\t\t<span class=\"fullwidth-card__date\">\n\t\t\t\t14 de abril 2026\t\t\t<\/span>\n\t\t\t<h3 class=\"fullwidth-card__title\">Psicolog\u00eda UDD estuvo presente en encuentro sobre bienestar docente y comunidades escolares sostenibles<\/h3>\n\t\t\t<span class=\"fullwidth-card__link\">\n\t\t\t\tConocer m\u00e1s\t\t\t<\/span>\n\t\t<\/div>\n\t<\/a>\n<\/div>\n<div class=\"fullwidth-card-wrapper is-style-default\">\n\t<a href=\"https:\/\/psicologia.udd.cl\/ibem\/2026\/04\/08\/pablo-fossa-publica-libro-junto-a-springer-nature-sobre-el-legado-de-heinz-werner\/\" class=\"fullwidth-card fullwidth-card--linkable\">\n\t\t\t\t<img loading=\"lazy\" decoding=\"async\" width=\"500\" height=\"500\" src=\"https:\/\/psicologia.udd.cl\/ibem\/files\/2026\/04\/portadas-youtube-3-62x62.png\" class=\"fullwidth-card__image wp-post-image lazyload\" alt=\"\" sizes=\"auto, (max-width: 500px) 100vw, 500px\" data-src=\"https:\/\/psicologia.udd.cl\/ibem\/files\/2026\/04\/portadas-youtube-3-500x500.png\" data-srcset=\"https:\/\/psicologia.udd.cl\/ibem\/files\/2026\/04\/portadas-youtube-3-500x500.png 500w, https:\/\/psicologia.udd.cl\/ibem\/files\/2026\/04\/portadas-youtube-3-150x150.png 150w, https:\/\/psicologia.udd.cl\/ibem\/files\/2026\/04\/portadas-youtube-3-62x62.png 62w, https:\/\/psicologia.udd.cl\/ibem\/files\/2026\/04\/portadas-youtube-3-750x750.png 750w, https:\/\/psicologia.udd.cl\/ibem\/files\/2026\/04\/portadas-youtube-3-250x250.png 250w, https:\/\/psicologia.udd.cl\/ibem\/files\/2026\/04\/portadas-youtube-3-126x126.png 126w\" \/>\t\t\t\t<div class=\"fullwidth-card__content\">\n\t\t\t<span class=\"fullwidth-card__date\">\n\t\t\t\t8 de abril 2026\t\t\t<\/span>\n\t\t\t<h3 class=\"fullwidth-card__title\">Pablo\u00a0Fossa\u00a0publica libro en Springer\u00a0Nature\u00a0que rescata el legado de Heinz Werner\u00a0<\/h3>\n\t\t\t<span class=\"fullwidth-card__link\">\n\t\t\t\tConocer m\u00e1s\t\t\t<\/span>\n\t\t<\/div>\n\t<\/a>\n<\/div>\n<div class=\"fullwidth-card-wrapper is-style-default\">\n\t<a href=\"https:\/\/psicologia.udd.cl\/ibem\/2026\/04\/07\/director-de-ibem-realiza-masterclass-enfocada-en-gestion-socioemocional-del-cambio-organizacional-dirigida-a-equipos-de-coca-cola-andina\/\" class=\"fullwidth-card fullwidth-card--linkable\">\n\t\t\t\t<img loading=\"lazy\" decoding=\"async\" width=\"265\" height=\"183\" src=\"https:\/\/psicologia.udd.cl\/ibem\/files\/2026\/04\/portadas-sitio-web-psicologia-62x62.png\" class=\"fullwidth-card__image wp-post-image lazyload\" alt=\"\" data-src=\"https:\/\/psicologia.udd.cl\/ibem\/files\/2026\/04\/portadas-sitio-web-psicologia.png\" \/>\t\t\t\t<div class=\"fullwidth-card__content\">\n\t\t\t<span class=\"fullwidth-card__date\">\n\t\t\t\t7 de abril 2026\t\t\t<\/span>\n\t\t\t<h3 class=\"fullwidth-card__title\">Director de IBEM realiza masterclass enfocada en gesti\u00f3n socioemocional del cambio organizacional dirigida a equipos de Coca-Cola Andina<\/h3>\n\t\t\t<span class=\"fullwidth-card__link\">\n\t\t\t\tConocer m\u00e1s\t\t\t<\/span>\n\t\t<\/div>\n\t<\/a>\n<\/div>\n<div class=\"fullwidth-card-wrapper is-style-default\">\n\t<a href=\"https:\/\/psicologia.udd.cl\/ibem\/2026\/03\/18\/dr-alejandro-sanchez-protagoniza-clase-inaugural-en-psicologia-uss\/\" class=\"fullwidth-card fullwidth-card--linkable\">\n\t\t\t\t<img loading=\"lazy\" decoding=\"async\" width=\"500\" height=\"500\" src=\"https:\/\/psicologia.udd.cl\/ibem\/files\/2026\/03\/whatsapp-image-2026-03-16-at-3-53-13-pm-1-1-62x62.jpeg\" class=\"fullwidth-card__image wp-post-image lazyload\" alt=\"\" sizes=\"auto, (max-width: 500px) 100vw, 500px\" data-src=\"https:\/\/psicologia.udd.cl\/ibem\/files\/2026\/03\/whatsapp-image-2026-03-16-at-3-53-13-pm-1-1-500x500.jpeg\" data-srcset=\"https:\/\/psicologia.udd.cl\/ibem\/files\/2026\/03\/whatsapp-image-2026-03-16-at-3-53-13-pm-1-1-500x500.jpeg 500w, https:\/\/psicologia.udd.cl\/ibem\/files\/2026\/03\/whatsapp-image-2026-03-16-at-3-53-13-pm-1-1-150x150.jpeg 150w, https:\/\/psicologia.udd.cl\/ibem\/files\/2026\/03\/whatsapp-image-2026-03-16-at-3-53-13-pm-1-1-62x62.jpeg 62w, https:\/\/psicologia.udd.cl\/ibem\/files\/2026\/03\/whatsapp-image-2026-03-16-at-3-53-13-pm-1-1-750x750.jpeg 750w, https:\/\/psicologia.udd.cl\/ibem\/files\/2026\/03\/whatsapp-image-2026-03-16-at-3-53-13-pm-1-1-250x250.jpeg 250w, https:\/\/psicologia.udd.cl\/ibem\/files\/2026\/03\/whatsapp-image-2026-03-16-at-3-53-13-pm-1-1-126x126.jpeg 126w\" \/>\t\t\t\t<div class=\"fullwidth-card__content\">\n\t\t\t<span class=\"fullwidth-card__date\">\n\t\t\t\t18 de marzo 2026\t\t\t<\/span>\n\t\t\t<h3 class=\"fullwidth-card__title\">Diagn\u00f3sticos educativos con mirada sist\u00e9mica: Dr. Alejandro S\u00e1nchez\u00a0protagoniza clase inaugural en Psicolog\u00eda USS\u00a0<\/h3>\n\t\t\t<span class=\"fullwidth-card__link\">\n\t\t\t\tConocer m\u00e1s\t\t\t<\/span>\n\t\t<\/div>\n\t<\/a>\n<\/div>\n<div class=\"fullwidth-card-wrapper is-style-default\">\n\t<a href=\"https:\/\/psicologia.udd.cl\/ibem\/2026\/03\/16\/dra-rubia-cobo-rendon-ames-participa-del-congreso-internacional-educacion-mexico\/\" class=\"fullwidth-card fullwidth-card--linkable\">\n\t\t\t\t<img loading=\"lazy\" decoding=\"async\" width=\"500\" height=\"500\" src=\"https:\/\/psicologia.udd.cl\/ibem\/files\/2026\/03\/55133017444_7e189bfd30_o-62x62.jpg\" class=\"fullwidth-card__image wp-post-image lazyload\" alt=\"\" sizes=\"auto, (max-width: 500px) 100vw, 500px\" data-src=\"https:\/\/psicologia.udd.cl\/ibem\/files\/2026\/03\/55133017444_7e189bfd30_o-500x500.jpg\" data-srcset=\"https:\/\/psicologia.udd.cl\/ibem\/files\/2026\/03\/55133017444_7e189bfd30_o-500x500.jpg 500w, https:\/\/psicologia.udd.cl\/ibem\/files\/2026\/03\/55133017444_7e189bfd30_o-150x150.jpg 150w, https:\/\/psicologia.udd.cl\/ibem\/files\/2026\/03\/55133017444_7e189bfd30_o-62x62.jpg 62w, https:\/\/psicologia.udd.cl\/ibem\/files\/2026\/03\/55133017444_7e189bfd30_o-750x750.jpg 750w, https:\/\/psicologia.udd.cl\/ibem\/files\/2026\/03\/55133017444_7e189bfd30_o-250x250.jpg 250w, https:\/\/psicologia.udd.cl\/ibem\/files\/2026\/03\/55133017444_7e189bfd30_o-126x126.jpg 126w\" \/>\t\t\t\t<div class=\"fullwidth-card__content\">\n\t\t\t<span class=\"fullwidth-card__date\">\n\t\t\t\t16 de marzo 2026\t\t\t<\/span>\n\t\t\t<h3 class=\"fullwidth-card__title\">Dra. Rubia Cobo Rend\u00f3n\u00a0participa como conferencista magistral en congreso internacional de educaci\u00f3n en M\u00e9xico\u00a0<\/h3>\n\t\t\t<span class=\"fullwidth-card__link\">\n\t\t\t\tConocer m\u00e1s\t\t\t<\/span>\n\t\t<\/div>\n\t<\/a>\n<\/div>\n\t\t\t<\/div>\n\t\t<\/div>\n\t<\/div>\n<\/section>\n\n\n\n\n<section class=\"wp-block-udd-videos-row\">\n\t<div class=\"videos-row container\">\n\t\t\t\t<header class=\"block__header\">\n\t\t\t\t\t\t<h2 class=\"block__title\">\n\t\t\t\t\u00daLTIMAS CONFENRENCIAS\t\t\t<\/h2>\n\t\t\t\t\t\t\t\t\t<a href=\"https:\/\/psicologia.udd.cl\/ibem\/conectar\/\" class=\"block__view-more\">CONECTAR<\/a>\n\t\t\t\t\t<\/header>\n\t\t\t\t\t\t<div class=\"row videos-row__videos\">\n\t\t\t<article class=\"udd-video\">\n\t<a href=\"https:\/\/www.youtube.com\/watch?v=uTdBwWo555A\" class=\"js-udd-video-modal udd-video__link\" data-video-id=\"uTdBwWo555A\">\n\t\t<span class=\"udd-video__label\"><svg class=\"svg-video-dims\"><use xlink:href='https:\/\/psicologia.udd.cl\/ibem\/wp-content\/themes\/facultades-2018\/assets\/img\/svg\/dist\/main.svg?version=1695853099#video'><\/use><\/svg> Ver video<\/span>\n\t\t<h3 class=\"udd-video__title\">\n\t\t\tSeminario Factores promotores de la lactancia materna exclusiva\t\t<\/h3>\n\t\t<span class=\"udd-video__image-container\"><img decoding=\"async\" src=\"https:\/\/i.ytimg.com\/vi\/uTdBwWo555A\/hqdefault.jpg\" loading=\"lazy\" alt=\"Seminario Factores promotores de la lactancia materna exclusiva\" class=\"udd-video__image\" alt=\"Previsualizaci\u00f3n de &#039;Seminario Factores promotores de la lactancia materna exclusiva&#039;\"><\/span>\t<\/a>\n<\/article>\n<article class=\"udd-video\">\n\t<a href=\"https:\/\/youtu.be\/sTeMA1qquWY?si=VUZdemuo5-3ia3xo\" class=\"js-udd-video-modal udd-video__link\" data-video-id=\"sTeMA1qquWY\">\n\t\t<span class=\"udd-video__label\"><svg class=\"svg-video-dims\"><use xlink:href='https:\/\/psicologia.udd.cl\/ibem\/wp-content\/themes\/facultades-2018\/assets\/img\/svg\/dist\/main.svg?version=1695853099#video'><\/use><\/svg> Ver video<\/span>\n\t\t<h3 class=\"udd-video__title\">\n\t\t\tSeminario internacional IBEM: Intervenciones en parentalidad\t\t<\/h3>\n\t\t<span class=\"udd-video__image-container\"><img decoding=\"async\" src=\"https:\/\/i.ytimg.com\/vi\/sTeMA1qquWY\/hqdefault.jpg\" loading=\"lazy\" alt=\"Seminario internacional IBEM: Intervenciones en parentalidad\" class=\"udd-video__image\" alt=\"Previsualizaci\u00f3n de &#039;Seminario internacional IBEM: Intervenciones en parentalidad&#039;\"><\/span>\t<\/a>\n<\/article>\n<article class=\"udd-video\">\n\t<a href=\"https:\/\/youtu.be\/kP0eJnEGrgo?si=9922cHUIdNVAQyuP\" class=\"js-udd-video-modal udd-video__link\" data-video-id=\"kP0eJnEGrgo\">\n\t\t<span class=\"udd-video__label\"><svg class=\"svg-video-dims\"><use xlink:href='https:\/\/psicologia.udd.cl\/ibem\/wp-content\/themes\/facultades-2018\/assets\/img\/svg\/dist\/main.svg?version=1695853099#video'><\/use><\/svg> Ver video<\/span>\n\t\t<h3 class=\"udd-video__title\">\n\t\t\tIBEM UDD | Seminario \u00abLa importancia de las Habilidades Socioemocionales en la convivencia escolar\u00bb\t\t<\/h3>\n\t\t<span class=\"udd-video__image-container\"><img decoding=\"async\" src=\"https:\/\/i.ytimg.com\/vi\/kP0eJnEGrgo\/hqdefault.jpg\" loading=\"lazy\" alt=\"IBEM UDD | Seminario &quot;La importancia de las Habilidades Socioemocionales en la convivencia escolar&quot;\" class=\"udd-video__image\" alt=\"Previsualizaci\u00f3n de &#039;IBEM UDD | Seminario &quot;La importancia de las Habilidades Socioemocionales en la convivencia escolar&quot;&#039;\"><\/span>\t<\/a>\n<\/article>\n\t\t<\/div>\n\t\t\t<\/div>\n<\/section>\n\n\n<section class=\"wp-block-udd-cards-rrss\">\n\t<div class=\"container\">\n\t\t\t\t\t<header class=\"header__innerblock block__header\">\n\t\t\t\n<h2 class=\"wp-block-heading\">Conectemos en Redes Sociales<\/h2>\n\t\n\t\n\t<\/header>\n\t\t\t\t<div class=\"block__content\">\n\t\t\t<div class=\"udd-rrss-cards\" style=\"--udd-blocks-has-columns-number: 4;\">\n\t\t\t\t\t\t\t<div\n\t\t\t\t\t\t\t\t\t\tclass=\"rrss-card-wrapper\"\n\t\t\t\t>\n\t\t\t\t\t<a\n\t\t\t\t\t\thref=\"http:\/\/www.instagram.com\/ibemudd\"\n\t\t\t\t\t\tclass=\"card-rrss\"\n\t\t\t\t\t\t\t\t\t\t\t>\n\t\t\t\t\t\t<svg class=\"svg-instagram-dims\"><use xlink:href='https:\/\/psicologia.udd.cl\/ibem\/wp-content\/themes\/facultades-2018\/assets\/img\/svg\/dist\/main.svg?version=1695853099#instagram'><\/use><\/svg>\t\t\t\t\t\t<h3 class=\"card-rrss__title\">IBEM UDD<\/h3>\n\t\t\t\t\t<\/a>\n\t\t\t\t<\/div>\n\t\t\t\t\t\t\t<div\n\t\t\t\t\t\t\t\t\t\tclass=\"rrss-card-wrapper\"\n\t\t\t\t>\n\t\t\t\t\t<a\n\t\t\t\t\t\thref=\"https:\/\/youtu.be\/sWohJlu01yY?si=iMRL9SXX0QUiNZtm\"\n\t\t\t\t\t\tclass=\"card-rrss\"\n\t\t\t\t\t\t\t\t\t\t\t>\n\t\t\t\t\t\t<svg class=\"svg-youtube-dims\"><use xlink:href='https:\/\/psicologia.udd.cl\/ibem\/wp-content\/themes\/facultades-2018\/assets\/img\/svg\/dist\/main.svg?version=1695853099#youtube'><\/use><\/svg>\t\t\t\t\t\t<h3 class=\"card-rrss__title\">Seminarios IBEM<\/h3>\n\t\t\t\t\t<\/a>\n\t\t\t\t<\/div>\n\t\t\t\t\t\t\t<div\n\t\t\t\t\t\t\t\t\t\tclass=\"rrss-card-wrapper\"\n\t\t\t\t>\n\t\t\t\t\t<a\n\t\t\t\t\t\thref=\"https:\/\/twitter.com\/IbemUdd\"\n\t\t\t\t\t\tclass=\"card-rrss\"\n\t\t\t\t\t\t\t\t\t\t\t>\n\t\t\t\t\t\t<svg class=\"svg-twitter-dims\"><use xlink:href='https:\/\/psicologia.udd.cl\/ibem\/wp-content\/themes\/facultades-2018\/assets\/img\/svg\/dist\/main.svg?version=1695853099#twitter'><\/use><\/svg>\t\t\t\t\t\t<h3 class=\"card-rrss__title\">ibemudd<\/h3>\n\t\t\t\t\t<\/a>\n\t\t\t\t<\/div>\n\t\t\t\t\t\t\t<div\n\t\t\t\t\t\t\t\t\t\tclass=\"rrss-card-wrapper\"\n\t\t\t\t>\n\t\t\t\t\t<a\n\t\t\t\t\t\thref=\"https:\/\/www.linkedin.com\/company\/ibem-udd\/?viewAsMember=true\"\n\t\t\t\t\t\tclass=\"card-rrss\"\n\t\t\t\t\t\t\t\t\t\t\t>\n\t\t\t\t\t\t<svg class=\"svg-linkedin-dims\"><use xlink:href='https:\/\/psicologia.udd.cl\/ibem\/wp-content\/themes\/facultades-2018\/assets\/img\/svg\/dist\/main.svg?version=1695853099#linkedin'><\/use><\/svg>\t\t\t\t\t\t<h3 class=\"card-rrss__title\">IBEM UDD<\/h3>\n\t\t\t\t\t<\/a>\n\t\t\t\t<\/div>\n\t\t\t\t\t\t<\/div>\n\t\t<\/div>\n\t<\/div>\n<\/section>\n<!--\/ Redes sociales-->\n\n\n<!-- WP Block: UDD - Access Cards -->\n<section\n\tid=\"udd-access-cards-v2--1\"\n\tclass=\"wp-block-udd-access-cards\n\t\t wp-block-udd-access-cards-v2\"\n\t\tstyle=\"\n\t\t--udd-blocks-has-columns-number: 1;\n\t\"\n\t>\n\t<div class=\"container\">\n\t\t\t\t\t<header class=\"header__innerblock block__header\">\n\t\t\t\n<h2 class=\"wp-block-heading has-large-font-size\">Contacta con Nosotros<\/h2>\n\t\n\t\n\t<\/header>\n\t\t\t\t<div class=\"block__content\">\n\t\t\t<div\n\t\t\t\tclass=\"udd-access-cards\"\n\t\t\t\t\t\t\t>\n\t\t\t<div\n\tdata-index=\"1\"\n\tclass=\"udd-access-card-wrapper\"\n\t>\n\t<a href=\"https:\/\/psicologia.udd.cl\/ibem\/contacto\/\" class=\"access-card access-card--profile\" data-url=\"https:\/\/psicologia.udd.cl\/ibem\/contacto\/\">\n\t\t\t\t\t\t<h3\n\t\t\tdata-index=\"1\"\n\t\t\tclass=\"access-card__title\"\n\t\t>\n\t\t\tFormulario\t\t<\/h3>\n\t\t\t\t<div class=\"access-card__link\">\n\t\t\t<span class=\"access-card__link-text\">Ingresa ac\u00e1 y d\u00e9janos tus inquietudes y\/o comentarios<\/span>\n\t\t<\/div>\n\t<\/a>\n<\/div>\n\t\t\t<\/div>\n\t\t<\/div>\n\t<\/div>\n<\/section>\n\n\n\n<p><\/p>\n\n\n\n<p><\/p>\n","protected":false},"excerpt":{"rendered":"<p>Transformando la sociedad desde la ciencia<\/p>\n","protected":false},"author":36,"featured_media":0,"parent":0,"menu_order":0,"comment_status":"closed","ping_status":"closed","template":"","meta":{"footnotes":""},"class_list":["post-9","page","type-page","status-publish","hentry"],"yoast_head":"<!-- This site is optimized with the Yoast SEO plugin v26.9 - https:\/\/yoast.com\/product\/yoast-seo-wordpress\/ -->\n<title>Ibem - Instituto de Bienestar Socioemocional<\/title>\n<meta name=\"description\" content=\"IBEM - Nuestro prop\u00f3sito es aprender c\u00f3mo desarrollar bienestar psicol\u00f3gico a lo largo de la vida y c\u00f3mo medir e investigar sobre habilidades socioemocionales.\" \/>\n<meta name=\"robots\" content=\"index, follow, max-snippet:-1, max-image-preview:large, max-video-preview:-1\" \/>\n<link rel=\"canonical\" href=\"https:\/\/psicologia.udd.cl\/ibem\/\" \/>\n<meta property=\"og:locale\" content=\"es_ES\" \/>\n<meta property=\"og:type\" content=\"article\" \/>\n<meta property=\"og:title\" content=\"Instituto de Bienestar Socio Emocional UDD\" \/>\n<meta property=\"og:description\" content=\"Nuestro prop\u00f3sito es el de aprender c\u00f3mo desarrollar bienestar psicol\u00f3gico a lo largo de la vida, c\u00f3mo medir e investigar sobre habilidades socioemocionales y promover c\u00f3mo los v\u00ednculos afectivos est\u00e1n a la base de todo este proceso.\" \/>\n<meta property=\"og:url\" content=\"https:\/\/psicologia.udd.cl\/ibem\/\" \/>\n<meta property=\"og:site_name\" content=\"Instituto de Bienestar Socioemocional\" \/>\n<meta property=\"article:modified_time\" content=\"2025-05-19T14:51:58+00:00\" \/>\n<meta property=\"og:image\" content=\"https:\/\/psicologia.udd.cl\/ibem\/files\/2023\/08\/post-compartir-ibem.jpg\" \/>\n\t<meta property=\"og:image:width\" content=\"1156\" \/>\n\t<meta property=\"og:image:height\" content=\"621\" \/>\n\t<meta property=\"og:image:type\" content=\"image\/jpeg\" \/>\n<meta name=\"twitter:card\" content=\"summary_large_image\" \/>\n<meta name=\"twitter:title\" content=\"Instituto de Bienestar Socio Emocional UDD\" \/>\n<meta name=\"twitter:description\" content=\"Nuestro prop\u00f3sito es el de aprender c\u00f3mo desarrollar bienestar psicol\u00f3gico a lo largo de la vida, c\u00f3mo medir e investigar sobre habilidades socioemocionales y promover c\u00f3mo los v\u00ednculos afectivos est\u00e1n a la base de todo este proceso.\" \/>\n<meta name=\"twitter:image\" content=\"https:\/\/psicologia.udd.cl\/ibem\/files\/2023\/08\/post-compartir-ibem.jpg\" \/>\n<meta name=\"twitter:label1\" content=\"Tiempo de lectura\" \/>\n\t<meta name=\"twitter:data1\" content=\"1 minuto\" \/>\n<script type=\"application\/ld+json\" class=\"yoast-schema-graph\">{\"@context\":\"https:\/\/schema.org\",\"@graph\":[{\"@type\":\"WebPage\",\"@id\":\"https:\/\/psicologia.udd.cl\/ibem\/\",\"url\":\"https:\/\/psicologia.udd.cl\/ibem\/\",\"name\":\"Ibem - Instituto de Bienestar Socioemocional\",\"isPartOf\":{\"@id\":\"https:\/\/psicologia.udd.cl\/ibem\/#website\"},\"datePublished\":\"2022-11-15T19:55:25+00:00\",\"dateModified\":\"2025-05-19T14:51:58+00:00\",\"description\":\"IBEM - Nuestro prop\u00f3sito es aprender c\u00f3mo desarrollar bienestar psicol\u00f3gico a lo largo de la vida y c\u00f3mo medir e investigar sobre habilidades socioemocionales.\",\"breadcrumb\":{\"@id\":\"https:\/\/psicologia.udd.cl\/ibem\/#breadcrumb\"},\"inLanguage\":\"es\",\"potentialAction\":[{\"@type\":\"ReadAction\",\"target\":[\"https:\/\/psicologia.udd.cl\/ibem\/\"]}]},{\"@type\":\"BreadcrumbList\",\"@id\":\"https:\/\/psicologia.udd.cl\/ibem\/#breadcrumb\",\"itemListElement\":[{\"@type\":\"ListItem\",\"position\":1,\"name\":\"Portada\",\"item\":\"https:\/\/psicologia.udd.cl\/ibem\/\"},{\"@type\":\"ListItem\",\"position\":2,\"name\":\"Instituto de Investigaci\u00f3n Psicolog\u00eda\"}]},{\"@type\":\"WebSite\",\"@id\":\"https:\/\/psicologia.udd.cl\/ibem\/#website\",\"url\":\"https:\/\/psicologia.udd.cl\/ibem\/\",\"name\":\"Instituto de Bienestar Socioemocional\",\"description\":\"Otro sitio m\u00e1s de Psicologia\",\"publisher\":{\"@id\":\"https:\/\/psicologia.udd.cl\/ibem\/#organization\"},\"inLanguage\":\"es\"},{\"@type\":\"Organization\",\"@id\":\"https:\/\/psicologia.udd.cl\/ibem\/#organization\",\"name\":\"Instituto de Bienestar Socioemocional\",\"url\":\"https:\/\/psicologia.udd.cl\/ibem\/\",\"logo\":{\"@type\":\"ImageObject\",\"inLanguage\":\"es\",\"@id\":\"https:\/\/psicologia.udd.cl\/ibem\/#\/schema\/logo\/image\/\",\"url\":\"https:\/\/psicologia.udd.cl\/ibem\/files\/2022\/11\/ibem-logo-2.jpg\",\"contentUrl\":\"https:\/\/psicologia.udd.cl\/ibem\/files\/2022\/11\/ibem-logo-2.jpg\",\"width\":952,\"height\":534,\"caption\":\"Instituto de Bienestar Socioemocional\"},\"image\":{\"@id\":\"https:\/\/psicologia.udd.cl\/ibem\/#\/schema\/logo\/image\/\"},\"sameAs\":[\"https:\/\/www.instagram.com\/ibemudd\/?hl=es-la\"]}]}<\/script>\n<!-- \/ Yoast SEO plugin. -->","yoast_head_json":{"title":"Ibem - Instituto de Bienestar Socioemocional","description":"IBEM - Nuestro prop\u00f3sito es aprender c\u00f3mo desarrollar bienestar psicol\u00f3gico a lo largo de la vida y c\u00f3mo medir e investigar sobre habilidades socioemocionales.","robots":{"index":"index","follow":"follow","max-snippet":"max-snippet:-1","max-image-preview":"max-image-preview:large","max-video-preview":"max-video-preview:-1"},"canonical":"https:\/\/psicologia.udd.cl\/ibem\/","og_locale":"es_ES","og_type":"article","og_title":"Instituto de Bienestar Socio Emocional UDD","og_description":"Nuestro prop\u00f3sito es el de aprender c\u00f3mo desarrollar bienestar psicol\u00f3gico a lo largo de la vida, c\u00f3mo medir e investigar sobre habilidades socioemocionales y promover c\u00f3mo los v\u00ednculos afectivos est\u00e1n a la base de todo este proceso.","og_url":"https:\/\/psicologia.udd.cl\/ibem\/","og_site_name":"Instituto de Bienestar Socioemocional","article_modified_time":"2025-05-19T14:51:58+00:00","og_image":[{"width":1156,"height":621,"url":"https:\/\/psicologia.udd.cl\/ibem\/files\/2023\/08\/post-compartir-ibem.jpg","type":"image\/jpeg"}],"twitter_card":"summary_large_image","twitter_title":"Instituto de Bienestar Socio Emocional UDD","twitter_description":"Nuestro prop\u00f3sito es el de aprender c\u00f3mo desarrollar bienestar psicol\u00f3gico a lo largo de la vida, c\u00f3mo medir e investigar sobre habilidades socioemocionales y promover c\u00f3mo los v\u00ednculos afectivos est\u00e1n a la base de todo este proceso.","twitter_image":"https:\/\/psicologia.udd.cl\/ibem\/files\/2023\/08\/post-compartir-ibem.jpg","twitter_misc":{"Tiempo de lectura":"1 minuto"},"schema":{"@context":"https:\/\/schema.org","@graph":[{"@type":"WebPage","@id":"https:\/\/psicologia.udd.cl\/ibem\/","url":"https:\/\/psicologia.udd.cl\/ibem\/","name":"Ibem - Instituto de Bienestar Socioemocional","isPartOf":{"@id":"https:\/\/psicologia.udd.cl\/ibem\/#website"},"datePublished":"2022-11-15T19:55:25+00:00","dateModified":"2025-05-19T14:51:58+00:00","description":"IBEM - Nuestro prop\u00f3sito es aprender c\u00f3mo desarrollar bienestar psicol\u00f3gico a lo largo de la vida y c\u00f3mo medir e investigar sobre habilidades socioemocionales.","breadcrumb":{"@id":"https:\/\/psicologia.udd.cl\/ibem\/#breadcrumb"},"inLanguage":"es","potentialAction":[{"@type":"ReadAction","target":["https:\/\/psicologia.udd.cl\/ibem\/"]}]},{"@type":"BreadcrumbList","@id":"https:\/\/psicologia.udd.cl\/ibem\/#breadcrumb","itemListElement":[{"@type":"ListItem","position":1,"name":"Portada","item":"https:\/\/psicologia.udd.cl\/ibem\/"},{"@type":"ListItem","position":2,"name":"Instituto de Investigaci\u00f3n Psicolog\u00eda"}]},{"@type":"WebSite","@id":"https:\/\/psicologia.udd.cl\/ibem\/#website","url":"https:\/\/psicologia.udd.cl\/ibem\/","name":"Instituto de Bienestar Socioemocional","description":"Otro sitio m\u00e1s de Psicologia","publisher":{"@id":"https:\/\/psicologia.udd.cl\/ibem\/#organization"},"inLanguage":"es"},{"@type":"Organization","@id":"https:\/\/psicologia.udd.cl\/ibem\/#organization","name":"Instituto de Bienestar Socioemocional","url":"https:\/\/psicologia.udd.cl\/ibem\/","logo":{"@type":"ImageObject","inLanguage":"es","@id":"https:\/\/psicologia.udd.cl\/ibem\/#\/schema\/logo\/image\/","url":"https:\/\/psicologia.udd.cl\/ibem\/files\/2022\/11\/ibem-logo-2.jpg","contentUrl":"https:\/\/psicologia.udd.cl\/ibem\/files\/2022\/11\/ibem-logo-2.jpg","width":952,"height":534,"caption":"Instituto de Bienestar Socioemocional"},"image":{"@id":"https:\/\/psicologia.udd.cl\/ibem\/#\/schema\/logo\/image\/"},"sameAs":["https:\/\/www.instagram.com\/ibemudd\/?hl=es-la"]}]}},"_links":{"self":[{"href":"https:\/\/psicologia.udd.cl\/ibem\/wp-json\/wp\/v2\/pages\/9","targetHints":{"allow":["GET"]}}],"collection":[{"href":"https:\/\/psicologia.udd.cl\/ibem\/wp-json\/wp\/v2\/pages"}],"about":[{"href":"https:\/\/psicologia.udd.cl\/ibem\/wp-json\/wp\/v2\/types\/page"}],"author":[{"embeddable":true,"href":"https:\/\/psicologia.udd.cl\/ibem\/wp-json\/wp\/v2\/users\/36"}],"replies":[{"embeddable":true,"href":"https:\/\/psicologia.udd.cl\/ibem\/wp-json\/wp\/v2\/comments?post=9"}],"version-history":[{"count":50,"href":"https:\/\/psicologia.udd.cl\/ibem\/wp-json\/wp\/v2\/pages\/9\/revisions"}],"predecessor-version":[{"id":3231,"href":"https:\/\/psicologia.udd.cl\/ibem\/wp-json\/wp\/v2\/pages\/9\/revisions\/3231"}],"wp:attachment":[{"href":"https:\/\/psicologia.udd.cl\/ibem\/wp-json\/wp\/v2\/media?parent=9"}],"curies":[{"name":"wp","href":"https:\/\/api.w.org\/{rel}","templated":true}]}}