{"id":703,"date":"2023-07-25T20:14:35","date_gmt":"2023-07-25T20:14:35","guid":{"rendered":"https:\/\/psicologia.udd.cl\/ibem\/?page_id=703"},"modified":"2026-03-20T10:18:57","modified_gmt":"2026-03-20T13:18:57","slug":"investigar","status":"publish","type":"page","link":"https:\/\/psicologia.udd.cl\/ibem\/investigar\/","title":{"rendered":"Investigar"},"content":{"rendered":"\n<h1 class=\"wp-block-heading has-text-align-center aligncenter has-large-font-size\" style=\"font-style:normal;font-weight:100;text-transform:uppercase\"><strong>\u00bfQu\u00e9 investigamos?<\/strong><\/h1>\n\n\n\n<p class=\"has-text-align-center aligncenter\">El IBEM establece y desarrolla un trabajo colaborativo con diversas organizaciones externas, promoviendo la protecci\u00f3n y el desarrollo, al mismo tiempo que impulsa las Habilidades Sociales y Emocionales (HSE). Adem\u00e1s, respalda iniciativas cient\u00edficas orientadas a crear condiciones personales, relacionales y organizacionales que fomenten formas de interacci\u00f3n y comunicaci\u00f3n capaces de fortalecer relaciones positivas.<\/p>\n\n\n\n<p><\/p>\n\n\n\n<p id=\"laboratorios\"><\/p>\n\n\n<!-- WP Block: UDD - Access Image -->\n<section class=\"wp-block-udd-access-image\n is-style-default has-even-elements\">\n\t<div class=\"container\">\n\t\t\t\t\t<header class=\"block__header\">\n\t\t\t\t<h2 class=\"block__title\">LABORATORIOS<\/h2>\n\t\t\t<\/header>\n\t\t\t\t<div class=\"block__content\">\n\t\t\t<div class=\"access-images\">\n\t\t\t\t\t\t\t<div class=\"access-image-wrapper\">\n\t\t\t\t\t<a href=\"https:\/\/psicologia.udd.cl\/ibem\/laboratorio-fain-familia-apego-adolescencia-infancia\/\" data-url=\"https:\/\/psicologia.udd.cl\/ibem\/laboratorio-fain-familia-apego-adolescencia-infancia\/\" class=\"access-image\">\n\t\t\t\t\t<img loading=\"lazy\" decoding=\"async\" width=\"502\" height=\"302\" src=\"https:\/\/psicologia.udd.cl\/ibem\/files\/2023\/03\/foto_fain.jpg\" class=\"access-image__image lazyload\" alt=\"\" sizes=\"auto, (max-width: 502px) 100vw, 502px\" data-src=\"https:\/\/psicologia.udd.cl\/ibem\/files\/2023\/03\/foto_fain.jpg\" data-srcset=\"https:\/\/psicologia.udd.cl\/ibem\/files\/2023\/03\/foto_fain.jpg 502w, https:\/\/psicologia.udd.cl\/ibem\/files\/2023\/03\/foto_fain-300x180.jpg 300w, https:\/\/psicologia.udd.cl\/ibem\/files\/2023\/03\/foto_fain-500x302.jpg 500w\" \/>\t\t\t\t\t\t<div class=\"access-image__content\">\n\t\t\t\t\t\t\t<h3 class=\"access-image__title\">Laboratorio Familia -Apego &#8211; Adolescencia- Infancia (FAIN)<\/h3>\n\t\t\t\t\t\t\t<span class=\"access-image__action\">Conocer m\u00e1s<\/span>\n\t\t\t\t\t\t<\/div>\n\t\t\t\t\t<\/a>\n\t\t\t\t<\/div>\n\t\t\t\t\t\t\t<div class=\"access-image-wrapper\">\n\t\t\t\t\t<a href=\"https:\/\/psicologia.udd.cl\/ibem\/laboratorio-de-neurociencia-afectiva-lana\/\" data-url=\"https:\/\/psicologia.udd.cl\/ibem\/laboratorio-de-neurociencia-afectiva-lana\/\" class=\"access-image\">\n\t\t\t\t\t<img loading=\"lazy\" decoding=\"async\" width=\"502\" height=\"302\" src=\"https:\/\/psicologia.udd.cl\/ibem\/files\/2023\/03\/foto_lana.jpg\" class=\"access-image__image lazyload\" alt=\"\" sizes=\"auto, (max-width: 502px) 100vw, 502px\" data-src=\"https:\/\/psicologia.udd.cl\/ibem\/files\/2023\/03\/foto_lana.jpg\" data-srcset=\"https:\/\/psicologia.udd.cl\/ibem\/files\/2023\/03\/foto_lana.jpg 502w, https:\/\/psicologia.udd.cl\/ibem\/files\/2023\/03\/foto_lana-300x180.jpg 300w, https:\/\/psicologia.udd.cl\/ibem\/files\/2023\/03\/foto_lana-500x302.jpg 500w\" \/>\t\t\t\t\t\t<div class=\"access-image__content\">\n\t\t\t\t\t\t\t<h3 class=\"access-image__title\">Laboratorio de Neurociencia Afectiva (LANA)<\/h3>\n\t\t\t\t\t\t\t<span class=\"access-image__action\">Conocer m\u00e1s<\/span>\n\t\t\t\t\t\t<\/div>\n\t\t\t\t\t<\/a>\n\t\t\t\t<\/div>\n\t\t\t\t\t\t\t<div class=\"access-image-wrapper\">\n\t\t\t\t\t<a href=\"https:\/\/psicologia.udd.cl\/ibem\/laboratorio-de-emociones-y-psicoterapia\/\" data-url=\"https:\/\/psicologia.udd.cl\/ibem\/laboratorio-de-emociones-y-psicoterapia\/\" class=\"access-image\">\n\t\t\t\t\t<img loading=\"lazy\" decoding=\"async\" width=\"501\" height=\"301\" src=\"https:\/\/psicologia.udd.cl\/ibem\/files\/2022\/11\/estres-y-emociones-ibem.png\" class=\"access-image__image lazyload\" alt=\"\" sizes=\"auto, (max-width: 501px) 100vw, 501px\" data-src=\"https:\/\/psicologia.udd.cl\/ibem\/files\/2022\/11\/estres-y-emociones-ibem.png\" data-srcset=\"https:\/\/psicologia.udd.cl\/ibem\/files\/2022\/11\/estres-y-emociones-ibem.png 501w, https:\/\/psicologia.udd.cl\/ibem\/files\/2022\/11\/estres-y-emociones-ibem-300x180.png 300w\" \/>\t\t\t\t\t\t<div class=\"access-image__content\">\n\t\t\t\t\t\t\t<h3 class=\"access-image__title\">Laboratorio de Emociones y Psicoterapia (EmoPsy Lab)<\/h3>\n\t\t\t\t\t\t\t<span class=\"access-image__action\">Conocer m\u00e1s<\/span>\n\t\t\t\t\t\t<\/div>\n\t\t\t\t\t<\/a>\n\t\t\t\t<\/div>\n\t\t\t\t\t\t\t<div class=\"access-image-wrapper\">\n\t\t\t\t\t<a href=\"https:\/\/psicologia.udd.cl\/ibem\/laboratorio-de-ciencias-cognitivas-cogscilab\/\" data-url=\"https:\/\/psicologia.udd.cl\/ibem\/laboratorio-de-ciencias-cognitivas-cogscilab\/\" class=\"access-image\">\n\t\t\t\t\t<img loading=\"lazy\" decoding=\"async\" width=\"502\" height=\"302\" src=\"https:\/\/psicologia.udd.cl\/ibem\/files\/2023\/03\/foto_cogscilab.jpg\" class=\"access-image__image lazyload\" alt=\"\" sizes=\"auto, (max-width: 502px) 100vw, 502px\" data-src=\"https:\/\/psicologia.udd.cl\/ibem\/files\/2023\/03\/foto_cogscilab.jpg\" data-srcset=\"https:\/\/psicologia.udd.cl\/ibem\/files\/2023\/03\/foto_cogscilab.jpg 502w, https:\/\/psicologia.udd.cl\/ibem\/files\/2023\/03\/foto_cogscilab-300x180.jpg 300w, https:\/\/psicologia.udd.cl\/ibem\/files\/2023\/03\/foto_cogscilab-500x302.jpg 500w\" \/>\t\t\t\t\t\t<div class=\"access-image__content\">\n\t\t\t\t\t\t\t<h3 class=\"access-image__title\">Laboratorio de Ciencias Cognitivas (CogSci-Lab)<\/h3>\n\t\t\t\t\t\t\t<span class=\"access-image__action\">Conocer m\u00e1s<\/span>\n\t\t\t\t\t\t<\/div>\n\t\t\t\t\t<\/a>\n\t\t\t\t<\/div>\n\t\t\t\t\t\t\t<div class=\"access-image-wrapper\">\n\t\t\t\t\t<a href=\"https:\/\/psicologia.udd.cl\/ibem\/procesos-de-transformacion-y-agencia-humana-lab-tah\/\" data-url=\"https:\/\/psicologia.udd.cl\/ibem\/procesos-de-transformacion-y-agencia-humana-lab-tah\/\" class=\"access-image\">\n\t\t\t\t\t<img loading=\"lazy\" decoding=\"async\" width=\"501\" height=\"301\" src=\"https:\/\/psicologia.udd.cl\/ibem\/files\/2022\/11\/proceso-de-transformacion.png\" class=\"access-image__image lazyload\" alt=\"\" sizes=\"auto, (max-width: 501px) 100vw, 501px\" data-src=\"https:\/\/psicologia.udd.cl\/ibem\/files\/2022\/11\/proceso-de-transformacion.png\" data-srcset=\"https:\/\/psicologia.udd.cl\/ibem\/files\/2022\/11\/proceso-de-transformacion.png 501w, https:\/\/psicologia.udd.cl\/ibem\/files\/2022\/11\/proceso-de-transformacion-300x180.png 300w\" \/>\t\t\t\t\t\t<div class=\"access-image__content\">\n\t\t\t\t\t\t\t<h3 class=\"access-image__title\">Laboratorio Procesos de Transformaci\u00f3n y Agencia Humana (LAB-TAH)<\/h3>\n\t\t\t\t\t\t\t<span class=\"access-image__action\">Conocer m\u00e1s<\/span>\n\t\t\t\t\t\t<\/div>\n\t\t\t\t\t<\/a>\n\t\t\t\t<\/div>\n\t\t\t\t\t\t\t<div class=\"access-image-wrapper\">\n\t\t\t\t\t<a href=\"https:\/\/psicologia.udd.cl\/ibem\/laboratorio-bienestar-subjetivo-en-ninez-y-adolescencia\/\" data-url=\"https:\/\/psicologia.udd.cl\/ibem\/laboratorio-bienestar-subjetivo-en-ninez-y-adolescencia\/\" class=\"access-image\">\n\t\t\t\t\t<img loading=\"lazy\" decoding=\"async\" width=\"502\" height=\"302\" src=\"https:\/\/psicologia.udd.cl\/ibem\/files\/2023\/03\/foto_laboratorio-bienestar-subjetivo.jpg\" class=\"access-image__image lazyload\" alt=\"\" sizes=\"auto, (max-width: 502px) 100vw, 502px\" data-src=\"https:\/\/psicologia.udd.cl\/ibem\/files\/2023\/03\/foto_laboratorio-bienestar-subjetivo.jpg\" data-srcset=\"https:\/\/psicologia.udd.cl\/ibem\/files\/2023\/03\/foto_laboratorio-bienestar-subjetivo.jpg 502w, https:\/\/psicologia.udd.cl\/ibem\/files\/2023\/03\/foto_laboratorio-bienestar-subjetivo-300x180.jpg 300w, https:\/\/psicologia.udd.cl\/ibem\/files\/2023\/03\/foto_laboratorio-bienestar-subjetivo-500x302.jpg 500w\" \/>\t\t\t\t\t\t<div class=\"access-image__content\">\n\t\t\t\t\t\t\t<h3 class=\"access-image__title\">Laboratorio Bienestar Subjetivo en Ni\u00f1ez y Adolescencia<\/h3>\n\t\t\t\t\t\t\t<span class=\"access-image__action\">Conocer m\u00e1s<\/span>\n\t\t\t\t\t\t<\/div>\n\t\t\t\t\t<\/a>\n\t\t\t\t<\/div>\n\t\t\t\t\t\t\t<div class=\"access-image-wrapper\">\n\t\t\t\t\t<a href=\"https:\/\/psicologia.udd.cl\/ibem\/laboratorio-de-convivencia\/\" data-url=\"https:\/\/psicologia.udd.cl\/ibem\/laboratorio-de-convivencia\/\" class=\"access-image\">\n\t\t\t\t\t<img loading=\"lazy\" decoding=\"async\" width=\"502\" height=\"302\" src=\"https:\/\/psicologia.udd.cl\/ibem\/files\/2023\/03\/foto_laboratorio-convivencia.jpg\" class=\"access-image__image lazyload\" alt=\"\" sizes=\"auto, (max-width: 502px) 100vw, 502px\" data-src=\"https:\/\/psicologia.udd.cl\/ibem\/files\/2023\/03\/foto_laboratorio-convivencia.jpg\" data-srcset=\"https:\/\/psicologia.udd.cl\/ibem\/files\/2023\/03\/foto_laboratorio-convivencia.jpg 502w, https:\/\/psicologia.udd.cl\/ibem\/files\/2023\/03\/foto_laboratorio-convivencia-300x180.jpg 300w, https:\/\/psicologia.udd.cl\/ibem\/files\/2023\/03\/foto_laboratorio-convivencia-500x302.jpg 500w\" \/>\t\t\t\t\t\t<div class=\"access-image__content\">\n\t\t\t\t\t\t\t<h3 class=\"access-image__title\">Laboratorio Convivencia<\/h3>\n\t\t\t\t\t\t\t<span class=\"access-image__action\">Conocer m\u00e1s<\/span>\n\t\t\t\t\t\t<\/div>\n\t\t\t\t\t<\/a>\n\t\t\t\t<\/div>\n\t\t\t\t\t\t\t<div class=\"access-image-wrapper\">\n\t\t\t\t\t<a href=\"https:\/\/psicologia.udd.cl\/ibem\/laboratorio-de-cognicion-cultura-cc\/\" data-url=\"https:\/\/psicologia.udd.cl\/ibem\/laboratorio-de-cognicion-cultura-cc\/\" class=\"access-image\">\n\t\t\t\t\t<img loading=\"lazy\" decoding=\"async\" width=\"502\" height=\"302\" src=\"https:\/\/psicologia.udd.cl\/ibem\/files\/2023\/03\/foto_cc.jpg\" class=\"access-image__image lazyload\" alt=\"\" sizes=\"auto, (max-width: 502px) 100vw, 502px\" data-src=\"https:\/\/psicologia.udd.cl\/ibem\/files\/2023\/03\/foto_cc.jpg\" data-srcset=\"https:\/\/psicologia.udd.cl\/ibem\/files\/2023\/03\/foto_cc.jpg 502w, https:\/\/psicologia.udd.cl\/ibem\/files\/2023\/03\/foto_cc-300x180.jpg 300w, https:\/\/psicologia.udd.cl\/ibem\/files\/2023\/03\/foto_cc-500x302.jpg 500w\" \/>\t\t\t\t\t\t<div class=\"access-image__content\">\n\t\t\t\t\t\t\t<h3 class=\"access-image__title\">Laboratorio de Cognici\u00f3n &amp; Cultura (C&amp;C)<\/h3>\n\t\t\t\t\t\t\t<span class=\"access-image__action\">Conocer m\u00e1s<\/span>\n\t\t\t\t\t\t<\/div>\n\t\t\t\t\t<\/a>\n\t\t\t\t<\/div>\n\t\t\t\t\t\t\t<div class=\"access-image-wrapper\">\n\t\t\t\t\t<a href=\"https:\/\/psicologia.udd.cl\/ibem\/laboratorio-de-aprendizaje-multinivel-en-educacion-superior-ames\/\" data-url=\"https:\/\/psicologia.udd.cl\/ibem\/laboratorio-de-aprendizaje-multinivel-en-educacion-superior-ames\/\" class=\"access-image\">\n\t\t\t\t\t<img loading=\"lazy\" decoding=\"async\" width=\"680\" height=\"382\" src=\"https:\/\/psicologia.udd.cl\/ibem\/files\/2024\/07\/portada-ames-1-680x382.png\" class=\"access-image__image lazyload\" alt=\"\" sizes=\"auto, (max-width: 680px) 100vw, 680px\" data-src=\"https:\/\/psicologia.udd.cl\/ibem\/files\/2024\/07\/portada-ames-1-680x382.png\" data-srcset=\"https:\/\/psicologia.udd.cl\/ibem\/files\/2024\/07\/portada-ames-1-680x382.png 680w, https:\/\/psicologia.udd.cl\/ibem\/files\/2024\/07\/portada-ames-1-952x534.png 952w\" \/>\t\t\t\t\t\t<div class=\"access-image__content\">\n\t\t\t\t\t\t\t<h3 class=\"access-image__title\">Laboratorio de Aprendizaje Multinivel en Educaci\u00f3n Superior (AMES)<\/h3>\n\t\t\t\t\t\t\t<span class=\"access-image__action\">Conocer m\u00e1s<\/span>\n\t\t\t\t\t\t<\/div>\n\t\t\t\t\t<\/a>\n\t\t\t\t<\/div>\n\t\t\t\t\t\t\t<div class=\"access-image-wrapper\">\n\t\t\t\t\t<a href=\"https:\/\/psicologia.udd.cl\/ibem\/laboratorio-condicionantes-de-la-salud-mental-y-psicoterapia\/\" data-url=\"https:\/\/psicologia.udd.cl\/ibem\/laboratorio-condicionantes-de-la-salud-mental-y-psicoterapia\/\" class=\"access-image\">\n\t\t\t\t\t<img loading=\"lazy\" decoding=\"async\" width=\"500\" height=\"382\" src=\"https:\/\/psicologia.udd.cl\/ibem\/files\/2024\/10\/lab-psicoterapia-500x382.png\" class=\"access-image__image lazyload\" alt=\"\" sizes=\"auto, (max-width: 500px) 100vw, 500px\" data-src=\"https:\/\/psicologia.udd.cl\/ibem\/files\/2024\/10\/lab-psicoterapia-500x382.png\" data-srcset=\"https:\/\/psicologia.udd.cl\/ibem\/files\/2024\/10\/lab-psicoterapia-500x382.png 500w, https:\/\/psicologia.udd.cl\/ibem\/files\/2024\/10\/lab-psicoterapia-182x140.png 182w\" \/>\t\t\t\t\t\t<div class=\"access-image__content\">\n\t\t\t\t\t\t\t<h3 class=\"access-image__title\">Laboratorio Condicionantes de la Salud Mental y Psicoterapia<\/h3>\n\t\t\t\t\t\t\t<span class=\"access-image__action\">Conocer m\u00e1s<\/span>\n\t\t\t\t\t\t<\/div>\n\t\t\t\t\t<\/a>\n\t\t\t\t<\/div>\n\t\t\t\t\t<\/div>\n\t<\/div>\n<\/section>\n\n\n\n<p id=\"publicaciones\"><\/p>\n\n\n<!-- WP Block: UDD - Cards Alternate -->\n<section class=\"wp-block-udd-cards\" style=\"--udd-blocks-has-columns-number: 4\">\n\t<div class=\"container\">\n\t\t\t\t\t<header class=\"header__innerblock block__header\">\n\t\t\t\n<h2 class=\"wp-block-heading has-large-font-size\">Publicaciones<\/h2>\n\t\n\t\n\t\t\t<div class=\"block__more\">\n\t\t\t<a href=\"https:\/\/psicologia.udd.cl\/publicaciones\/\">\n\t\t\t\tVer publicaciones\t\t\t<\/a>\n\t\t<\/div>\n\t<\/header>\n\t\t\t\t<div class=\"block__content\">\n\t\t\t<div class=\"cards\">\n\t\t\t\t\t\t\t\t\t\t\t\t\t\t\t\t\t<div class=\"card-wrapper\">\n\t\t\t\t\t\t<div class=\"card\">\n\t\t\t\t\t\t\t<h3 class=\"card__title\">Libro \u00abEncrucijadas en la relaci\u00f3n entre Psicolog\u00eda y pol\u00edticas sociales\u00bb\u00a0<\/h3>\n\t\t\t\t\t\t\t\t\t\t\t\t\t\t<div class=\"card__description\">\n\t\t\t\t\t\t\t\t<p><img loading=\"lazy\" decoding=\"async\" width=\"500\" height=\"648\" class=\"wp-image-710\" style=\"width: 300px\" src=\"https:\/\/psicologia.udd.cl\/ibem\/files\/2023\/07\/libro-01.jpg\" alt=\"\" srcset=\"https:\/\/psicologia.udd.cl\/ibem\/files\/2023\/07\/libro-01.jpg 500w, https:\/\/psicologia.udd.cl\/ibem\/files\/2023\/07\/libro-01-231x300.jpg 231w\" sizes=\"auto, (max-width: 500px) 100vw, 500px\" \/><\/p>\n\t\t\t\t\t\t\t<\/div>\n\t\t\t\t\t\t\t\t\t\t\t\t\t<\/div>\n\t\t\t\t\t<\/div>\n\t\t\t\t\t\t\t\t\t\t\t\t\t\t\t\t\t\t\t\t\t<div class=\"card-wrapper\">\n\t\t\t\t\t\t<div class=\"card\">\n\t\t\t\t\t\t\t<h3 class=\"card__title\">Aprendizaje, bienestar y colaboraci\u00f3n desde la Psicolog\u00eda Educacional<\/h3>\n\t\t\t\t\t\t\t\t\t\t\t\t\t\t<div class=\"card__description\">\n\t\t\t\t\t\t\t\t<p><img loading=\"lazy\" decoding=\"async\" width=\"500\" height=\"648\" class=\"wp-image-711\" style=\"width: 300px\" src=\"https:\/\/psicologia.udd.cl\/ibem\/files\/2023\/07\/libro-02.jpg\" alt=\"\" srcset=\"https:\/\/psicologia.udd.cl\/ibem\/files\/2023\/07\/libro-02.jpg 500w, https:\/\/psicologia.udd.cl\/ibem\/files\/2023\/07\/libro-02-231x300.jpg 231w\" sizes=\"auto, (max-width: 500px) 100vw, 500px\" \/><\/p>\n\t\t\t\t\t\t\t<\/div>\n\t\t\t\t\t\t\t\t\t\t\t\t\t<\/div>\n\t\t\t\t\t<\/div>\n\t\t\t\t\t\t\t\t\t\t\t\t\t\t\t\t\t\t\t\t\t<div class=\"card-wrapper\">\n\t\t\t\t\t\t<div class=\"card\">\n\t\t\t\t\t\t\t<h3 class=\"card__title\">El bienestar antes, durante y despu\u00e9s de la pandemia- CEBCS Psicolog\u00eda UDD<\/h3>\n\t\t\t\t\t\t\t\t\t\t\t\t\t\t<div class=\"card__description\">\n\t\t\t\t\t\t\t\t<p><img loading=\"lazy\" decoding=\"async\" width=\"500\" height=\"648\" class=\"wp-image-712\" style=\"width: 300px\" src=\"https:\/\/psicologia.udd.cl\/ibem\/files\/2023\/07\/libro-03.jpg\" alt=\"\" srcset=\"https:\/\/psicologia.udd.cl\/ibem\/files\/2023\/07\/libro-03.jpg 500w, https:\/\/psicologia.udd.cl\/ibem\/files\/2023\/07\/libro-03-231x300.jpg 231w\" sizes=\"auto, (max-width: 500px) 100vw, 500px\" \/><\/p>\n\t\t\t\t\t\t\t<\/div>\n\t\t\t\t\t\t\t\t\t\t\t\t\t<\/div>\n\t\t\t\t\t<\/div>\n\t\t\t\t\t\t\t\t\t\t\t\t\t\t\t\t\t\t\t\t\t<div class=\"card-wrapper\">\n\t\t\t\t\t\t<div class=\"card\">\n\t\t\t\t\t\t\t<h3 class=\"card__title\">Trayectorias del Bienestar en la Infancia y Adolescencia en Chile<\/h3>\n\t\t\t\t\t\t\t\t\t\t\t\t\t\t<div class=\"card__description\">\n\t\t\t\t\t\t\t\t<p><img loading=\"lazy\" decoding=\"async\" width=\"709\" height=\"791\" class=\"wp-image-2753\" style=\"width: 300px\" src=\"https:\/\/psicologia.udd.cl\/ibem\/files\/2024\/12\/captura-2.png\" alt=\"\" srcset=\"https:\/\/psicologia.udd.cl\/ibem\/files\/2024\/12\/captura-2.png 709w, https:\/\/psicologia.udd.cl\/ibem\/files\/2024\/12\/captura-2-269x300.png 269w\" sizes=\"auto, (max-width: 709px) 100vw, 709px\" \/><\/p>\n\t\t\t\t\t\t\t<\/div>\n\t\t\t\t\t\t\t\t\t\t\t\t\t<\/div>\n\t\t\t\t\t<\/div>\n\t\t\t\t\t\t\t\t\t\t<\/div>\n\t\t<\/div>\n\t<\/div>\n<\/section>\n","protected":false},"excerpt":{"rendered":"<p>\u00bfQu\u00e9 investigamos? El IBEM establece y desarrolla un trabajo colaborativo con diversas organizaciones externas, promoviendo la protecci\u00f3n y el desarrollo, al mismo tiempo que impulsa las Habilidades Sociales y Emocionales (HSE). Adem\u00e1s, respalda iniciativas cient\u00edficas orientadas a crear condiciones personales, relacionales y organizacionales que fomenten formas de interacci\u00f3n y comunicaci\u00f3n capaces de fortalecer relaciones positivas.<\/p>\n","protected":false},"author":36,"featured_media":0,"parent":0,"menu_order":0,"comment_status":"closed","ping_status":"closed","template":"","meta":{"footnotes":""},"class_list":["post-703","page","type-page","status-publish","hentry"],"yoast_head":"<!-- This site is optimized with the Yoast SEO plugin v26.9 - https:\/\/yoast.com\/product\/yoast-seo-wordpress\/ -->\n<title>Investigar - Instituto de Bienestar Socioemocional<\/title>\n<meta name=\"robots\" content=\"index, follow, max-snippet:-1, max-image-preview:large, max-video-preview:-1\" \/>\n<link rel=\"canonical\" href=\"https:\/\/psicologia.udd.cl\/ibem\/investigar\/\" \/>\n<meta property=\"og:locale\" content=\"es_ES\" \/>\n<meta property=\"og:type\" content=\"article\" \/>\n<meta property=\"og:title\" content=\"Investigar - Instituto de Bienestar Socioemocional\" \/>\n<meta property=\"og:description\" content=\"\u00bfQu\u00e9 investigamos? El IBEM establece y desarrolla un trabajo colaborativo con diversas organizaciones externas, promoviendo la protecci\u00f3n y el desarrollo, al mismo tiempo que impulsa las Habilidades Sociales y Emocionales (HSE). Adem\u00e1s, respalda iniciativas cient\u00edficas orientadas a crear condiciones personales, relacionales y organizacionales que fomenten formas de interacci\u00f3n y comunicaci\u00f3n capaces de fortalecer relaciones positivas.\" \/>\n<meta property=\"og:url\" content=\"https:\/\/psicologia.udd.cl\/ibem\/investigar\/\" \/>\n<meta property=\"og:site_name\" content=\"Instituto de Bienestar Socioemocional\" \/>\n<meta property=\"article:modified_time\" content=\"2026-03-20T13:18:57+00:00\" \/>\n<meta name=\"twitter:card\" content=\"summary_large_image\" \/>\n<meta name=\"twitter:label1\" content=\"Tiempo de lectura\" \/>\n\t<meta name=\"twitter:data1\" content=\"1 minuto\" \/>\n<script type=\"application\/ld+json\" class=\"yoast-schema-graph\">{\"@context\":\"https:\/\/schema.org\",\"@graph\":[{\"@type\":\"WebPage\",\"@id\":\"https:\/\/psicologia.udd.cl\/ibem\/investigar\/\",\"url\":\"https:\/\/psicologia.udd.cl\/ibem\/investigar\/\",\"name\":\"Investigar - Instituto de Bienestar Socioemocional\",\"isPartOf\":{\"@id\":\"https:\/\/psicologia.udd.cl\/ibem\/#website\"},\"datePublished\":\"2023-07-25T20:14:35+00:00\",\"dateModified\":\"2026-03-20T13:18:57+00:00\",\"breadcrumb\":{\"@id\":\"https:\/\/psicologia.udd.cl\/ibem\/investigar\/#breadcrumb\"},\"inLanguage\":\"es\",\"potentialAction\":[{\"@type\":\"ReadAction\",\"target\":[\"https:\/\/psicologia.udd.cl\/ibem\/investigar\/\"]}]},{\"@type\":\"BreadcrumbList\",\"@id\":\"https:\/\/psicologia.udd.cl\/ibem\/investigar\/#breadcrumb\",\"itemListElement\":[{\"@type\":\"ListItem\",\"position\":1,\"name\":\"Portada\",\"item\":\"https:\/\/psicologia.udd.cl\/ibem\/\"},{\"@type\":\"ListItem\",\"position\":2,\"name\":\"Investigar\"}]},{\"@type\":\"WebSite\",\"@id\":\"https:\/\/psicologia.udd.cl\/ibem\/#website\",\"url\":\"https:\/\/psicologia.udd.cl\/ibem\/\",\"name\":\"Instituto de Bienestar Socioemocional\",\"description\":\"Otro sitio m\u00e1s de Psicologia\",\"publisher\":{\"@id\":\"https:\/\/psicologia.udd.cl\/ibem\/#organization\"},\"inLanguage\":\"es\"},{\"@type\":\"Organization\",\"@id\":\"https:\/\/psicologia.udd.cl\/ibem\/#organization\",\"name\":\"Instituto de Bienestar Socioemocional\",\"url\":\"https:\/\/psicologia.udd.cl\/ibem\/\",\"logo\":{\"@type\":\"ImageObject\",\"inLanguage\":\"es\",\"@id\":\"https:\/\/psicologia.udd.cl\/ibem\/#\/schema\/logo\/image\/\",\"url\":\"https:\/\/psicologia.udd.cl\/ibem\/files\/2022\/11\/ibem-logo-2.jpg\",\"contentUrl\":\"https:\/\/psicologia.udd.cl\/ibem\/files\/2022\/11\/ibem-logo-2.jpg\",\"width\":952,\"height\":534,\"caption\":\"Instituto de Bienestar Socioemocional\"},\"image\":{\"@id\":\"https:\/\/psicologia.udd.cl\/ibem\/#\/schema\/logo\/image\/\"},\"sameAs\":[\"https:\/\/www.instagram.com\/ibemudd\/?hl=es-la\"]}]}<\/script>\n<!-- \/ Yoast SEO plugin. -->","yoast_head_json":{"title":"Investigar - Instituto de Bienestar Socioemocional","robots":{"index":"index","follow":"follow","max-snippet":"max-snippet:-1","max-image-preview":"max-image-preview:large","max-video-preview":"max-video-preview:-1"},"canonical":"https:\/\/psicologia.udd.cl\/ibem\/investigar\/","og_locale":"es_ES","og_type":"article","og_title":"Investigar - Instituto de Bienestar Socioemocional","og_description":"\u00bfQu\u00e9 investigamos? El IBEM establece y desarrolla un trabajo colaborativo con diversas organizaciones externas, promoviendo la protecci\u00f3n y el desarrollo, al mismo tiempo que impulsa las Habilidades Sociales y Emocionales (HSE). Adem\u00e1s, respalda iniciativas cient\u00edficas orientadas a crear condiciones personales, relacionales y organizacionales que fomenten formas de interacci\u00f3n y comunicaci\u00f3n capaces de fortalecer relaciones positivas.","og_url":"https:\/\/psicologia.udd.cl\/ibem\/investigar\/","og_site_name":"Instituto de Bienestar Socioemocional","article_modified_time":"2026-03-20T13:18:57+00:00","twitter_card":"summary_large_image","twitter_misc":{"Tiempo de lectura":"1 minuto"},"schema":{"@context":"https:\/\/schema.org","@graph":[{"@type":"WebPage","@id":"https:\/\/psicologia.udd.cl\/ibem\/investigar\/","url":"https:\/\/psicologia.udd.cl\/ibem\/investigar\/","name":"Investigar - Instituto de Bienestar Socioemocional","isPartOf":{"@id":"https:\/\/psicologia.udd.cl\/ibem\/#website"},"datePublished":"2023-07-25T20:14:35+00:00","dateModified":"2026-03-20T13:18:57+00:00","breadcrumb":{"@id":"https:\/\/psicologia.udd.cl\/ibem\/investigar\/#breadcrumb"},"inLanguage":"es","potentialAction":[{"@type":"ReadAction","target":["https:\/\/psicologia.udd.cl\/ibem\/investigar\/"]}]},{"@type":"BreadcrumbList","@id":"https:\/\/psicologia.udd.cl\/ibem\/investigar\/#breadcrumb","itemListElement":[{"@type":"ListItem","position":1,"name":"Portada","item":"https:\/\/psicologia.udd.cl\/ibem\/"},{"@type":"ListItem","position":2,"name":"Investigar"}]},{"@type":"WebSite","@id":"https:\/\/psicologia.udd.cl\/ibem\/#website","url":"https:\/\/psicologia.udd.cl\/ibem\/","name":"Instituto de Bienestar Socioemocional","description":"Otro sitio m\u00e1s de Psicologia","publisher":{"@id":"https:\/\/psicologia.udd.cl\/ibem\/#organization"},"inLanguage":"es"},{"@type":"Organization","@id":"https:\/\/psicologia.udd.cl\/ibem\/#organization","name":"Instituto de Bienestar Socioemocional","url":"https:\/\/psicologia.udd.cl\/ibem\/","logo":{"@type":"ImageObject","inLanguage":"es","@id":"https:\/\/psicologia.udd.cl\/ibem\/#\/schema\/logo\/image\/","url":"https:\/\/psicologia.udd.cl\/ibem\/files\/2022\/11\/ibem-logo-2.jpg","contentUrl":"https:\/\/psicologia.udd.cl\/ibem\/files\/2022\/11\/ibem-logo-2.jpg","width":952,"height":534,"caption":"Instituto de Bienestar Socioemocional"},"image":{"@id":"https:\/\/psicologia.udd.cl\/ibem\/#\/schema\/logo\/image\/"},"sameAs":["https:\/\/www.instagram.com\/ibemudd\/?hl=es-la"]}]}},"_links":{"self":[{"href":"https:\/\/psicologia.udd.cl\/ibem\/wp-json\/wp\/v2\/pages\/703","targetHints":{"allow":["GET"]}}],"collection":[{"href":"https:\/\/psicologia.udd.cl\/ibem\/wp-json\/wp\/v2\/pages"}],"about":[{"href":"https:\/\/psicologia.udd.cl\/ibem\/wp-json\/wp\/v2\/types\/page"}],"author":[{"embeddable":true,"href":"https:\/\/psicologia.udd.cl\/ibem\/wp-json\/wp\/v2\/users\/36"}],"replies":[{"embeddable":true,"href":"https:\/\/psicologia.udd.cl\/ibem\/wp-json\/wp\/v2\/comments?post=703"}],"version-history":[{"count":46,"href":"https:\/\/psicologia.udd.cl\/ibem\/wp-json\/wp\/v2\/pages\/703\/revisions"}],"predecessor-version":[{"id":3628,"href":"https:\/\/psicologia.udd.cl\/ibem\/wp-json\/wp\/v2\/pages\/703\/revisions\/3628"}],"wp:attachment":[{"href":"https:\/\/psicologia.udd.cl\/ibem\/wp-json\/wp\/v2\/media?parent=703"}],"curies":[{"name":"wp","href":"https:\/\/api.w.org\/{rel}","templated":true}]}}