{"id":3367,"date":"2025-08-11T10:20:19","date_gmt":"2025-08-11T14:20:19","guid":{"rendered":"https:\/\/psicologia.udd.cl\/ibem\/?page_id=3367"},"modified":"2025-09-04T10:51:02","modified_gmt":"2025-09-04T14:51:02","slug":"universidades-emocionalmente-inteligentes","status":"publish","type":"page","link":"https:\/\/psicologia.udd.cl\/ibem\/universidades-emocionalmente-inteligentes\/","title":{"rendered":"Universidades Emocionalmente Inteligentes"},"content":{"rendered":"\n<div class=\"wp-block-media-text alignfull is-stacked-on-mobile has-gray-lighter-background-color has-background\" style=\"grid-template-columns:46% auto\"><figure class=\"wp-block-media-text__media\"><a href=\"https:\/\/repositorio.udd.cl\/server\/api\/core\/bitstreams\/1f239a91-f058-4e8d-bca8-69f6408712bc\/content\"><img loading=\"lazy\" decoding=\"async\" width=\"788\" height=\"1024\" src=\"https:\/\/psicologia.udd.cl\/ibem\/files\/2025\/08\/universidades-emocionalmente-inteligentes-788x1024.png\" alt=\"\" class=\"wp-image-3368 size-large\" srcset=\"https:\/\/psicologia.udd.cl\/ibem\/files\/2025\/08\/universidades-emocionalmente-inteligentes-788x1024.png 788w, https:\/\/psicologia.udd.cl\/ibem\/files\/2025\/08\/universidades-emocionalmente-inteligentes-231x300.png 231w, https:\/\/psicologia.udd.cl\/ibem\/files\/2025\/08\/universidades-emocionalmente-inteligentes-768x998.png 768w, https:\/\/psicologia.udd.cl\/ibem\/files\/2025\/08\/universidades-emocionalmente-inteligentes.png 816w\" sizes=\"auto, (max-width: 788px) 100vw, 788px\" \/><\/a><\/figure><div class=\"wp-block-media-text__content\">\n<p class=\"has-large-font-size\"><strong>Highlights<\/strong><\/p>\n\n\n\n<p class=\"has-small-font-size\"><strong>1. <\/strong>La educaci\u00f3n emocional no es opcional: Las habilidades socioemocionales son fundamentales para el bienestar, el aprendizaje y la empleabilidad en educaci\u00f3n superior.<\/p>\n\n\n\n<p class=\"has-small-font-size\"><strong>2. <\/strong>La teor\u00eda importa: Las intervenciones m\u00e1s efectivas se basan en modelos te\u00f3ricos s\u00f3lidos y bien articulados al curr\u00edculum.<\/p>\n\n\n\n<p class=\"has-small-font-size\"><strong>3. <\/strong>Transformar es posible: Este documento ofrece orientaciones pr\u00e1cticas y contextualizadas para que las universidades integren las HSE de manera sostenible y estructural.<\/p>\n\n\n\n<p class=\"has-small-font-size\"><strong>Autores: <\/strong><a href=\"https:\/\/psicologia.udd.cl\/persona\/daniela-bruna-jofre-2\/#!\/page=1\">Dra. Daniela Bruna<\/a> | <a href=\"https:\/\/psicologia.udd.cl\/persona\/alejandro-sanchez-onate-2\/#!\/page=1\">Dr. Alejandro S\u00e1nchez<\/a> | <a href=\"https:\/\/psicologia.udd.cl\/persona\/rubia-consuelo-cobo-rendon\/#!\/page=1\">Dra. Rubia Cobo-Rend\u00f3n<\/a><\/p>\n<\/div><\/div>\n","protected":false},"excerpt":{"rendered":"<p>Highlights 1. La educaci\u00f3n emocional no es opcional: Las habilidades socioemocionales son fundamentales para el bienestar, el aprendizaje y la empleabilidad en educaci\u00f3n superior. 2. La teor\u00eda importa: Las intervenciones m\u00e1s efectivas se basan en modelos te\u00f3ricos s\u00f3lidos y bien articulados al curr\u00edculum. 3. Transformar es posible: Este documento ofrece orientaciones pr\u00e1cticas y contextualizadas para [&hellip;]<\/p>\n","protected":false},"author":36,"featured_media":0,"parent":0,"menu_order":0,"comment_status":"closed","ping_status":"closed","template":"","meta":{"footnotes":""},"class_list":["post-3367","page","type-page","status-publish","hentry"],"yoast_head":"<!-- This site is optimized with the Yoast SEO plugin v26.9 - https:\/\/yoast.com\/product\/yoast-seo-wordpress\/ -->\n<title>Universidades Emocionalmente Inteligentes - Instituto de Bienestar Socioemocional<\/title>\n<meta name=\"robots\" content=\"index, follow, max-snippet:-1, max-image-preview:large, max-video-preview:-1\" \/>\n<link rel=\"canonical\" href=\"https:\/\/psicologia.udd.cl\/ibem\/universidades-emocionalmente-inteligentes\/\" \/>\n<meta property=\"og:locale\" content=\"es_ES\" \/>\n<meta property=\"og:type\" content=\"article\" \/>\n<meta property=\"og:title\" content=\"Universidades Emocionalmente Inteligentes - Instituto de Bienestar Socioemocional\" \/>\n<meta property=\"og:description\" content=\"Highlights 1. La educaci\u00f3n emocional no es opcional: Las habilidades socioemocionales son fundamentales para el bienestar, el aprendizaje y la empleabilidad en educaci\u00f3n superior. 2. La teor\u00eda importa: Las intervenciones m\u00e1s efectivas se basan en modelos te\u00f3ricos s\u00f3lidos y bien articulados al curr\u00edculum. 3. Transformar es posible: Este documento ofrece orientaciones pr\u00e1cticas y contextualizadas para [&hellip;]\" \/>\n<meta property=\"og:url\" content=\"https:\/\/psicologia.udd.cl\/ibem\/universidades-emocionalmente-inteligentes\/\" \/>\n<meta property=\"og:site_name\" content=\"Instituto de Bienestar Socioemocional\" \/>\n<meta property=\"article:modified_time\" content=\"2025-09-04T14:51:02+00:00\" \/>\n<meta property=\"og:image\" content=\"https:\/\/psicologia.udd.cl\/ibem\/files\/2025\/08\/universidades-emocionalmente-inteligentes.png\" \/>\n\t<meta property=\"og:image:width\" content=\"816\" \/>\n\t<meta property=\"og:image:height\" content=\"1060\" \/>\n\t<meta property=\"og:image:type\" content=\"image\/png\" \/>\n<meta name=\"twitter:card\" content=\"summary_large_image\" \/>\n<meta name=\"twitter:label1\" content=\"Tiempo de lectura\" \/>\n\t<meta name=\"twitter:data1\" content=\"1 minuto\" \/>\n<script type=\"application\/ld+json\" class=\"yoast-schema-graph\">{\"@context\":\"https:\/\/schema.org\",\"@graph\":[{\"@type\":\"WebPage\",\"@id\":\"https:\/\/psicologia.udd.cl\/ibem\/universidades-emocionalmente-inteligentes\/\",\"url\":\"https:\/\/psicologia.udd.cl\/ibem\/universidades-emocionalmente-inteligentes\/\",\"name\":\"Universidades Emocionalmente Inteligentes - Instituto de Bienestar Socioemocional\",\"isPartOf\":{\"@id\":\"https:\/\/psicologia.udd.cl\/ibem\/#website\"},\"primaryImageOfPage\":{\"@id\":\"https:\/\/psicologia.udd.cl\/ibem\/universidades-emocionalmente-inteligentes\/#primaryimage\"},\"image\":{\"@id\":\"https:\/\/psicologia.udd.cl\/ibem\/universidades-emocionalmente-inteligentes\/#primaryimage\"},\"thumbnailUrl\":\"https:\/\/psicologia.udd.cl\/ibem\/files\/2025\/08\/universidades-emocionalmente-inteligentes-788x1024.png\",\"datePublished\":\"2025-08-11T14:20:19+00:00\",\"dateModified\":\"2025-09-04T14:51:02+00:00\",\"breadcrumb\":{\"@id\":\"https:\/\/psicologia.udd.cl\/ibem\/universidades-emocionalmente-inteligentes\/#breadcrumb\"},\"inLanguage\":\"es\",\"potentialAction\":[{\"@type\":\"ReadAction\",\"target\":[\"https:\/\/psicologia.udd.cl\/ibem\/universidades-emocionalmente-inteligentes\/\"]}]},{\"@type\":\"ImageObject\",\"inLanguage\":\"es\",\"@id\":\"https:\/\/psicologia.udd.cl\/ibem\/universidades-emocionalmente-inteligentes\/#primaryimage\",\"url\":\"https:\/\/psicologia.udd.cl\/ibem\/files\/2025\/08\/universidades-emocionalmente-inteligentes.png\",\"contentUrl\":\"https:\/\/psicologia.udd.cl\/ibem\/files\/2025\/08\/universidades-emocionalmente-inteligentes.png\",\"width\":816,\"height\":1060},{\"@type\":\"BreadcrumbList\",\"@id\":\"https:\/\/psicologia.udd.cl\/ibem\/universidades-emocionalmente-inteligentes\/#breadcrumb\",\"itemListElement\":[{\"@type\":\"ListItem\",\"position\":1,\"name\":\"Portada\",\"item\":\"https:\/\/psicologia.udd.cl\/ibem\/\"},{\"@type\":\"ListItem\",\"position\":2,\"name\":\"Universidades Emocionalmente Inteligentes\"}]},{\"@type\":\"WebSite\",\"@id\":\"https:\/\/psicologia.udd.cl\/ibem\/#website\",\"url\":\"https:\/\/psicologia.udd.cl\/ibem\/\",\"name\":\"Instituto de Bienestar Socioemocional\",\"description\":\"Otro sitio m\u00e1s de Psicologia\",\"publisher\":{\"@id\":\"https:\/\/psicologia.udd.cl\/ibem\/#organization\"},\"inLanguage\":\"es\"},{\"@type\":\"Organization\",\"@id\":\"https:\/\/psicologia.udd.cl\/ibem\/#organization\",\"name\":\"Instituto de Bienestar Socioemocional\",\"url\":\"https:\/\/psicologia.udd.cl\/ibem\/\",\"logo\":{\"@type\":\"ImageObject\",\"inLanguage\":\"es\",\"@id\":\"https:\/\/psicologia.udd.cl\/ibem\/#\/schema\/logo\/image\/\",\"url\":\"https:\/\/psicologia.udd.cl\/ibem\/files\/2022\/11\/ibem-logo-2.jpg\",\"contentUrl\":\"https:\/\/psicologia.udd.cl\/ibem\/files\/2022\/11\/ibem-logo-2.jpg\",\"width\":952,\"height\":534,\"caption\":\"Instituto de Bienestar Socioemocional\"},\"image\":{\"@id\":\"https:\/\/psicologia.udd.cl\/ibem\/#\/schema\/logo\/image\/\"},\"sameAs\":[\"https:\/\/www.instagram.com\/ibemudd\/?hl=es-la\"]}]}<\/script>\n<!-- \/ Yoast SEO plugin. -->","yoast_head_json":{"title":"Universidades Emocionalmente Inteligentes - Instituto de Bienestar Socioemocional","robots":{"index":"index","follow":"follow","max-snippet":"max-snippet:-1","max-image-preview":"max-image-preview:large","max-video-preview":"max-video-preview:-1"},"canonical":"https:\/\/psicologia.udd.cl\/ibem\/universidades-emocionalmente-inteligentes\/","og_locale":"es_ES","og_type":"article","og_title":"Universidades Emocionalmente Inteligentes - Instituto de Bienestar Socioemocional","og_description":"Highlights 1. La educaci\u00f3n emocional no es opcional: Las habilidades socioemocionales son fundamentales para el bienestar, el aprendizaje y la empleabilidad en educaci\u00f3n superior. 2. La teor\u00eda importa: Las intervenciones m\u00e1s efectivas se basan en modelos te\u00f3ricos s\u00f3lidos y bien articulados al curr\u00edculum. 3. Transformar es posible: Este documento ofrece orientaciones pr\u00e1cticas y contextualizadas para [&hellip;]","og_url":"https:\/\/psicologia.udd.cl\/ibem\/universidades-emocionalmente-inteligentes\/","og_site_name":"Instituto de Bienestar Socioemocional","article_modified_time":"2025-09-04T14:51:02+00:00","og_image":[{"width":816,"height":1060,"url":"https:\/\/psicologia.udd.cl\/ibem\/files\/2025\/08\/universidades-emocionalmente-inteligentes.png","type":"image\/png"}],"twitter_card":"summary_large_image","twitter_misc":{"Tiempo de lectura":"1 minuto"},"schema":{"@context":"https:\/\/schema.org","@graph":[{"@type":"WebPage","@id":"https:\/\/psicologia.udd.cl\/ibem\/universidades-emocionalmente-inteligentes\/","url":"https:\/\/psicologia.udd.cl\/ibem\/universidades-emocionalmente-inteligentes\/","name":"Universidades Emocionalmente Inteligentes - Instituto de Bienestar Socioemocional","isPartOf":{"@id":"https:\/\/psicologia.udd.cl\/ibem\/#website"},"primaryImageOfPage":{"@id":"https:\/\/psicologia.udd.cl\/ibem\/universidades-emocionalmente-inteligentes\/#primaryimage"},"image":{"@id":"https:\/\/psicologia.udd.cl\/ibem\/universidades-emocionalmente-inteligentes\/#primaryimage"},"thumbnailUrl":"https:\/\/psicologia.udd.cl\/ibem\/files\/2025\/08\/universidades-emocionalmente-inteligentes-788x1024.png","datePublished":"2025-08-11T14:20:19+00:00","dateModified":"2025-09-04T14:51:02+00:00","breadcrumb":{"@id":"https:\/\/psicologia.udd.cl\/ibem\/universidades-emocionalmente-inteligentes\/#breadcrumb"},"inLanguage":"es","potentialAction":[{"@type":"ReadAction","target":["https:\/\/psicologia.udd.cl\/ibem\/universidades-emocionalmente-inteligentes\/"]}]},{"@type":"ImageObject","inLanguage":"es","@id":"https:\/\/psicologia.udd.cl\/ibem\/universidades-emocionalmente-inteligentes\/#primaryimage","url":"https:\/\/psicologia.udd.cl\/ibem\/files\/2025\/08\/universidades-emocionalmente-inteligentes.png","contentUrl":"https:\/\/psicologia.udd.cl\/ibem\/files\/2025\/08\/universidades-emocionalmente-inteligentes.png","width":816,"height":1060},{"@type":"BreadcrumbList","@id":"https:\/\/psicologia.udd.cl\/ibem\/universidades-emocionalmente-inteligentes\/#breadcrumb","itemListElement":[{"@type":"ListItem","position":1,"name":"Portada","item":"https:\/\/psicologia.udd.cl\/ibem\/"},{"@type":"ListItem","position":2,"name":"Universidades Emocionalmente Inteligentes"}]},{"@type":"WebSite","@id":"https:\/\/psicologia.udd.cl\/ibem\/#website","url":"https:\/\/psicologia.udd.cl\/ibem\/","name":"Instituto de Bienestar Socioemocional","description":"Otro sitio m\u00e1s de Psicologia","publisher":{"@id":"https:\/\/psicologia.udd.cl\/ibem\/#organization"},"inLanguage":"es"},{"@type":"Organization","@id":"https:\/\/psicologia.udd.cl\/ibem\/#organization","name":"Instituto de Bienestar Socioemocional","url":"https:\/\/psicologia.udd.cl\/ibem\/","logo":{"@type":"ImageObject","inLanguage":"es","@id":"https:\/\/psicologia.udd.cl\/ibem\/#\/schema\/logo\/image\/","url":"https:\/\/psicologia.udd.cl\/ibem\/files\/2022\/11\/ibem-logo-2.jpg","contentUrl":"https:\/\/psicologia.udd.cl\/ibem\/files\/2022\/11\/ibem-logo-2.jpg","width":952,"height":534,"caption":"Instituto de Bienestar Socioemocional"},"image":{"@id":"https:\/\/psicologia.udd.cl\/ibem\/#\/schema\/logo\/image\/"},"sameAs":["https:\/\/www.instagram.com\/ibemudd\/?hl=es-la"]}]}},"_links":{"self":[{"href":"https:\/\/psicologia.udd.cl\/ibem\/wp-json\/wp\/v2\/pages\/3367","targetHints":{"allow":["GET"]}}],"collection":[{"href":"https:\/\/psicologia.udd.cl\/ibem\/wp-json\/wp\/v2\/pages"}],"about":[{"href":"https:\/\/psicologia.udd.cl\/ibem\/wp-json\/wp\/v2\/types\/page"}],"author":[{"embeddable":true,"href":"https:\/\/psicologia.udd.cl\/ibem\/wp-json\/wp\/v2\/users\/36"}],"replies":[{"embeddable":true,"href":"https:\/\/psicologia.udd.cl\/ibem\/wp-json\/wp\/v2\/comments?post=3367"}],"version-history":[{"count":2,"href":"https:\/\/psicologia.udd.cl\/ibem\/wp-json\/wp\/v2\/pages\/3367\/revisions"}],"predecessor-version":[{"id":3371,"href":"https:\/\/psicologia.udd.cl\/ibem\/wp-json\/wp\/v2\/pages\/3367\/revisions\/3371"}],"wp:attachment":[{"href":"https:\/\/psicologia.udd.cl\/ibem\/wp-json\/wp\/v2\/media?parent=3367"}],"curies":[{"name":"wp","href":"https:\/\/api.w.org\/{rel}","templated":true}]}}