{"id":3115,"date":"2025-03-03T10:28:10","date_gmt":"2025-03-03T13:28:10","guid":{"rendered":"https:\/\/psicologia.udd.cl\/ibem\/?page_id=3115"},"modified":"2025-05-29T12:27:23","modified_gmt":"2025-05-29T16:27:23","slug":"meta-dynamic-descubriendo-los-mecanismos-subyacentes-a-la-metacognicion","status":"publish","type":"page","link":"https:\/\/psicologia.udd.cl\/ibem\/meta-dynamic-descubriendo-los-mecanismos-subyacentes-a-la-metacognicion\/","title":{"rendered":"Meta-dynamic: Descubriendo los mecanismos subyacentes a la metacognici\u00f3n"},"content":{"rendered":"\n<div class=\"wp-block-media-text alignfull is-stacked-on-mobile is-vertically-aligned-top has-gray-lighter-background-color has-background\" style=\"grid-template-columns:46% auto\"><figure class=\"wp-block-media-text__media\"><a href=\"https:\/\/repositorio.udd.cl\/server\/api\/core\/bitstreams\/c20af555-bb0e-47ab-ba9c-1ae58e1bd6f4\/content\"><img loading=\"lazy\" decoding=\"async\" width=\"789\" height=\"1024\" src=\"https:\/\/psicologia.udd.cl\/ibem\/files\/2025\/01\/portada-metadynamic-789x1024.png\" alt=\"\" class=\"wp-image-3056 size-large\" srcset=\"https:\/\/psicologia.udd.cl\/ibem\/files\/2025\/01\/portada-metadynamic-789x1024.png 789w, https:\/\/psicologia.udd.cl\/ibem\/files\/2025\/01\/portada-metadynamic-231x300.png 231w, https:\/\/psicologia.udd.cl\/ibem\/files\/2025\/01\/portada-metadynamic-768x997.png 768w, https:\/\/psicologia.udd.cl\/ibem\/files\/2025\/01\/portada-metadynamic.png 1040w\" sizes=\"auto, (max-width: 789px) 100vw, 789px\" \/><\/a><\/figure><div class=\"wp-block-media-text__content\">\n<p class=\"has-large-font-size\"><strong>Highlights<\/strong><\/p>\n\n\n\n<p class=\"has-small-font-size\"><strong>1. <\/strong>Cada decisi\u00f3n que tomamos viene acompa\u00f1ada de una sensaci\u00f3n de confianza, ayud\u00e1ndonos a adaptar nuestra conducta a las repercusiones de nuestras decisiones.<\/p>\n\n\n\n<p class=\"has-small-font-size\"><strong>2. <\/strong>La metacognici\u00f3n es la capacidad de reflexionar sobre nuestra propia conducta y cognici\u00f3n. En ese sentido, la sensaci\u00f3n de confianza que acompa\u00f1a nuestras decisiones es un fen\u00f3meno metacognitivo.<\/p>\n\n\n\n<p class=\"has-small-font-size\"><strong>3. <\/strong>Existe un esfuerzo conjunto de laboratorios a nivel internacional por cooperar en pos del avance te\u00f3rico y metodol\u00f3gico en este tema, estableciendo metas y construyendo bases de datos en com\u00fan.<\/p>\n\n\n\n<p class=\"has-small-font-size\"><strong>Autor:<\/strong> <a href=\"https:\/\/psicologia.udd.cl\/persona\/leonel-tapia-arostica\/#!\/page=1\">Leonel Tapia<\/a><\/p>\n<\/div><\/div>\n","protected":false},"excerpt":{"rendered":"<p>Highlights 1. Cada decisi\u00f3n que tomamos viene acompa\u00f1ada de una sensaci\u00f3n de confianza, ayud\u00e1ndonos a adaptar nuestra conducta a las repercusiones de nuestras decisiones. 2. La metacognici\u00f3n es la capacidad de reflexionar sobre nuestra propia conducta y cognici\u00f3n. En ese sentido, la sensaci\u00f3n de confianza que acompa\u00f1a nuestras decisiones es un fen\u00f3meno metacognitivo. 3. Existe [&hellip;]<\/p>\n","protected":false},"author":36,"featured_media":0,"parent":0,"menu_order":0,"comment_status":"closed","ping_status":"closed","template":"","meta":{"footnotes":""},"class_list":["post-3115","page","type-page","status-publish","hentry"],"yoast_head":"<!-- This site is optimized with the Yoast SEO plugin v26.9 - https:\/\/yoast.com\/product\/yoast-seo-wordpress\/ -->\n<title>Meta-dynamic: Descubriendo los mecanismos subyacentes a la metacognici\u00f3n - Instituto de Bienestar Socioemocional<\/title>\n<meta name=\"robots\" content=\"index, follow, max-snippet:-1, max-image-preview:large, max-video-preview:-1\" \/>\n<link rel=\"canonical\" href=\"https:\/\/psicologia.udd.cl\/ibem\/meta-dynamic-descubriendo-los-mecanismos-subyacentes-a-la-metacognicion\/\" \/>\n<meta property=\"og:locale\" content=\"es_ES\" \/>\n<meta property=\"og:type\" content=\"article\" \/>\n<meta property=\"og:title\" content=\"Meta-dynamic: Descubriendo los mecanismos subyacentes a la metacognici\u00f3n - Instituto de Bienestar Socioemocional\" \/>\n<meta property=\"og:description\" content=\"Highlights 1. Cada decisi\u00f3n que tomamos viene acompa\u00f1ada de una sensaci\u00f3n de confianza, ayud\u00e1ndonos a adaptar nuestra conducta a las repercusiones de nuestras decisiones. 2. La metacognici\u00f3n es la capacidad de reflexionar sobre nuestra propia conducta y cognici\u00f3n. En ese sentido, la sensaci\u00f3n de confianza que acompa\u00f1a nuestras decisiones es un fen\u00f3meno metacognitivo. 3. Existe [&hellip;]\" \/>\n<meta property=\"og:url\" content=\"https:\/\/psicologia.udd.cl\/ibem\/meta-dynamic-descubriendo-los-mecanismos-subyacentes-a-la-metacognicion\/\" \/>\n<meta property=\"og:site_name\" content=\"Instituto de Bienestar Socioemocional\" \/>\n<meta property=\"article:modified_time\" content=\"2025-05-29T16:27:23+00:00\" \/>\n<meta property=\"og:image\" content=\"https:\/\/psicologia.udd.cl\/ibem\/files\/2025\/01\/portada-metadynamic-789x1024.png\" \/>\n<meta name=\"twitter:card\" content=\"summary_large_image\" \/>\n<meta name=\"twitter:label1\" content=\"Tiempo de lectura\" \/>\n\t<meta name=\"twitter:data1\" content=\"1 minuto\" \/>\n<script type=\"application\/ld+json\" class=\"yoast-schema-graph\">{\"@context\":\"https:\/\/schema.org\",\"@graph\":[{\"@type\":\"WebPage\",\"@id\":\"https:\/\/psicologia.udd.cl\/ibem\/meta-dynamic-descubriendo-los-mecanismos-subyacentes-a-la-metacognicion\/\",\"url\":\"https:\/\/psicologia.udd.cl\/ibem\/meta-dynamic-descubriendo-los-mecanismos-subyacentes-a-la-metacognicion\/\",\"name\":\"Meta-dynamic: Descubriendo los mecanismos subyacentes a la metacognici\u00f3n - Instituto de Bienestar Socioemocional\",\"isPartOf\":{\"@id\":\"https:\/\/psicologia.udd.cl\/ibem\/#website\"},\"primaryImageOfPage\":{\"@id\":\"https:\/\/psicologia.udd.cl\/ibem\/meta-dynamic-descubriendo-los-mecanismos-subyacentes-a-la-metacognicion\/#primaryimage\"},\"image\":{\"@id\":\"https:\/\/psicologia.udd.cl\/ibem\/meta-dynamic-descubriendo-los-mecanismos-subyacentes-a-la-metacognicion\/#primaryimage\"},\"thumbnailUrl\":\"https:\/\/psicologia.udd.cl\/ibem\/files\/2025\/01\/portada-metadynamic-789x1024.png\",\"datePublished\":\"2025-03-03T13:28:10+00:00\",\"dateModified\":\"2025-05-29T16:27:23+00:00\",\"breadcrumb\":{\"@id\":\"https:\/\/psicologia.udd.cl\/ibem\/meta-dynamic-descubriendo-los-mecanismos-subyacentes-a-la-metacognicion\/#breadcrumb\"},\"inLanguage\":\"es\",\"potentialAction\":[{\"@type\":\"ReadAction\",\"target\":[\"https:\/\/psicologia.udd.cl\/ibem\/meta-dynamic-descubriendo-los-mecanismos-subyacentes-a-la-metacognicion\/\"]}]},{\"@type\":\"ImageObject\",\"inLanguage\":\"es\",\"@id\":\"https:\/\/psicologia.udd.cl\/ibem\/meta-dynamic-descubriendo-los-mecanismos-subyacentes-a-la-metacognicion\/#primaryimage\",\"url\":\"https:\/\/psicologia.udd.cl\/ibem\/files\/2025\/01\/portada-metadynamic.png\",\"contentUrl\":\"https:\/\/psicologia.udd.cl\/ibem\/files\/2025\/01\/portada-metadynamic.png\",\"width\":1040,\"height\":1350},{\"@type\":\"BreadcrumbList\",\"@id\":\"https:\/\/psicologia.udd.cl\/ibem\/meta-dynamic-descubriendo-los-mecanismos-subyacentes-a-la-metacognicion\/#breadcrumb\",\"itemListElement\":[{\"@type\":\"ListItem\",\"position\":1,\"name\":\"Portada\",\"item\":\"https:\/\/psicologia.udd.cl\/ibem\/\"},{\"@type\":\"ListItem\",\"position\":2,\"name\":\"Meta-dynamic: Descubriendo los mecanismos subyacentes a la metacognici\u00f3n\"}]},{\"@type\":\"WebSite\",\"@id\":\"https:\/\/psicologia.udd.cl\/ibem\/#website\",\"url\":\"https:\/\/psicologia.udd.cl\/ibem\/\",\"name\":\"Instituto de Bienestar Socioemocional\",\"description\":\"Otro sitio m\u00e1s de Psicologia\",\"publisher\":{\"@id\":\"https:\/\/psicologia.udd.cl\/ibem\/#organization\"},\"inLanguage\":\"es\"},{\"@type\":\"Organization\",\"@id\":\"https:\/\/psicologia.udd.cl\/ibem\/#organization\",\"name\":\"Instituto de Bienestar Socioemocional\",\"url\":\"https:\/\/psicologia.udd.cl\/ibem\/\",\"logo\":{\"@type\":\"ImageObject\",\"inLanguage\":\"es\",\"@id\":\"https:\/\/psicologia.udd.cl\/ibem\/#\/schema\/logo\/image\/\",\"url\":\"https:\/\/psicologia.udd.cl\/ibem\/files\/2022\/11\/ibem-logo-2.jpg\",\"contentUrl\":\"https:\/\/psicologia.udd.cl\/ibem\/files\/2022\/11\/ibem-logo-2.jpg\",\"width\":952,\"height\":534,\"caption\":\"Instituto de Bienestar Socioemocional\"},\"image\":{\"@id\":\"https:\/\/psicologia.udd.cl\/ibem\/#\/schema\/logo\/image\/\"},\"sameAs\":[\"https:\/\/www.instagram.com\/ibemudd\/?hl=es-la\"]}]}<\/script>\n<!-- \/ Yoast SEO plugin. -->","yoast_head_json":{"title":"Meta-dynamic: Descubriendo los mecanismos subyacentes a la metacognici\u00f3n - Instituto de Bienestar Socioemocional","robots":{"index":"index","follow":"follow","max-snippet":"max-snippet:-1","max-image-preview":"max-image-preview:large","max-video-preview":"max-video-preview:-1"},"canonical":"https:\/\/psicologia.udd.cl\/ibem\/meta-dynamic-descubriendo-los-mecanismos-subyacentes-a-la-metacognicion\/","og_locale":"es_ES","og_type":"article","og_title":"Meta-dynamic: Descubriendo los mecanismos subyacentes a la metacognici\u00f3n - Instituto de Bienestar Socioemocional","og_description":"Highlights 1. Cada decisi\u00f3n que tomamos viene acompa\u00f1ada de una sensaci\u00f3n de confianza, ayud\u00e1ndonos a adaptar nuestra conducta a las repercusiones de nuestras decisiones. 2. La metacognici\u00f3n es la capacidad de reflexionar sobre nuestra propia conducta y cognici\u00f3n. En ese sentido, la sensaci\u00f3n de confianza que acompa\u00f1a nuestras decisiones es un fen\u00f3meno metacognitivo. 3. Existe [&hellip;]","og_url":"https:\/\/psicologia.udd.cl\/ibem\/meta-dynamic-descubriendo-los-mecanismos-subyacentes-a-la-metacognicion\/","og_site_name":"Instituto de Bienestar Socioemocional","article_modified_time":"2025-05-29T16:27:23+00:00","og_image":[{"url":"https:\/\/psicologia.udd.cl\/ibem\/files\/2025\/01\/portada-metadynamic-789x1024.png","type":"","width":"","height":""}],"twitter_card":"summary_large_image","twitter_misc":{"Tiempo de lectura":"1 minuto"},"schema":{"@context":"https:\/\/schema.org","@graph":[{"@type":"WebPage","@id":"https:\/\/psicologia.udd.cl\/ibem\/meta-dynamic-descubriendo-los-mecanismos-subyacentes-a-la-metacognicion\/","url":"https:\/\/psicologia.udd.cl\/ibem\/meta-dynamic-descubriendo-los-mecanismos-subyacentes-a-la-metacognicion\/","name":"Meta-dynamic: Descubriendo los mecanismos subyacentes a la metacognici\u00f3n - Instituto de Bienestar Socioemocional","isPartOf":{"@id":"https:\/\/psicologia.udd.cl\/ibem\/#website"},"primaryImageOfPage":{"@id":"https:\/\/psicologia.udd.cl\/ibem\/meta-dynamic-descubriendo-los-mecanismos-subyacentes-a-la-metacognicion\/#primaryimage"},"image":{"@id":"https:\/\/psicologia.udd.cl\/ibem\/meta-dynamic-descubriendo-los-mecanismos-subyacentes-a-la-metacognicion\/#primaryimage"},"thumbnailUrl":"https:\/\/psicologia.udd.cl\/ibem\/files\/2025\/01\/portada-metadynamic-789x1024.png","datePublished":"2025-03-03T13:28:10+00:00","dateModified":"2025-05-29T16:27:23+00:00","breadcrumb":{"@id":"https:\/\/psicologia.udd.cl\/ibem\/meta-dynamic-descubriendo-los-mecanismos-subyacentes-a-la-metacognicion\/#breadcrumb"},"inLanguage":"es","potentialAction":[{"@type":"ReadAction","target":["https:\/\/psicologia.udd.cl\/ibem\/meta-dynamic-descubriendo-los-mecanismos-subyacentes-a-la-metacognicion\/"]}]},{"@type":"ImageObject","inLanguage":"es","@id":"https:\/\/psicologia.udd.cl\/ibem\/meta-dynamic-descubriendo-los-mecanismos-subyacentes-a-la-metacognicion\/#primaryimage","url":"https:\/\/psicologia.udd.cl\/ibem\/files\/2025\/01\/portada-metadynamic.png","contentUrl":"https:\/\/psicologia.udd.cl\/ibem\/files\/2025\/01\/portada-metadynamic.png","width":1040,"height":1350},{"@type":"BreadcrumbList","@id":"https:\/\/psicologia.udd.cl\/ibem\/meta-dynamic-descubriendo-los-mecanismos-subyacentes-a-la-metacognicion\/#breadcrumb","itemListElement":[{"@type":"ListItem","position":1,"name":"Portada","item":"https:\/\/psicologia.udd.cl\/ibem\/"},{"@type":"ListItem","position":2,"name":"Meta-dynamic: Descubriendo los mecanismos subyacentes a la metacognici\u00f3n"}]},{"@type":"WebSite","@id":"https:\/\/psicologia.udd.cl\/ibem\/#website","url":"https:\/\/psicologia.udd.cl\/ibem\/","name":"Instituto de Bienestar Socioemocional","description":"Otro sitio m\u00e1s de Psicologia","publisher":{"@id":"https:\/\/psicologia.udd.cl\/ibem\/#organization"},"inLanguage":"es"},{"@type":"Organization","@id":"https:\/\/psicologia.udd.cl\/ibem\/#organization","name":"Instituto de Bienestar Socioemocional","url":"https:\/\/psicologia.udd.cl\/ibem\/","logo":{"@type":"ImageObject","inLanguage":"es","@id":"https:\/\/psicologia.udd.cl\/ibem\/#\/schema\/logo\/image\/","url":"https:\/\/psicologia.udd.cl\/ibem\/files\/2022\/11\/ibem-logo-2.jpg","contentUrl":"https:\/\/psicologia.udd.cl\/ibem\/files\/2022\/11\/ibem-logo-2.jpg","width":952,"height":534,"caption":"Instituto de Bienestar Socioemocional"},"image":{"@id":"https:\/\/psicologia.udd.cl\/ibem\/#\/schema\/logo\/image\/"},"sameAs":["https:\/\/www.instagram.com\/ibemudd\/?hl=es-la"]}]}},"_links":{"self":[{"href":"https:\/\/psicologia.udd.cl\/ibem\/wp-json\/wp\/v2\/pages\/3115","targetHints":{"allow":["GET"]}}],"collection":[{"href":"https:\/\/psicologia.udd.cl\/ibem\/wp-json\/wp\/v2\/pages"}],"about":[{"href":"https:\/\/psicologia.udd.cl\/ibem\/wp-json\/wp\/v2\/types\/page"}],"author":[{"embeddable":true,"href":"https:\/\/psicologia.udd.cl\/ibem\/wp-json\/wp\/v2\/users\/36"}],"replies":[{"embeddable":true,"href":"https:\/\/psicologia.udd.cl\/ibem\/wp-json\/wp\/v2\/comments?post=3115"}],"version-history":[{"count":2,"href":"https:\/\/psicologia.udd.cl\/ibem\/wp-json\/wp\/v2\/pages\/3115\/revisions"}],"predecessor-version":[{"id":3255,"href":"https:\/\/psicologia.udd.cl\/ibem\/wp-json\/wp\/v2\/pages\/3115\/revisions\/3255"}],"wp:attachment":[{"href":"https:\/\/psicologia.udd.cl\/ibem\/wp-json\/wp\/v2\/media?parent=3115"}],"curies":[{"name":"wp","href":"https:\/\/api.w.org\/{rel}","templated":true}]}}