{"id":3066,"date":"2025-01-02T13:41:31","date_gmt":"2025-01-02T16:41:31","guid":{"rendered":"https:\/\/psicologia.udd.cl\/ibem\/?page_id=3066"},"modified":"2025-06-12T10:13:14","modified_gmt":"2025-06-12T14:13:14","slug":"meta-neuropsy-salud-mental-y-metacognicion","status":"publish","type":"page","link":"https:\/\/psicologia.udd.cl\/ibem\/meta-neuropsy-salud-mental-y-metacognicion\/","title":{"rendered":"Meta- Neuropsy: Salud mental y metacognici\u00f3n"},"content":{"rendered":"\n<div class=\"wp-block-media-text alignfull is-stacked-on-mobile has-gray-lighter-background-color has-background\" style=\"grid-template-columns:46% auto\"><figure class=\"wp-block-media-text__media\"><a href=\"https:\/\/repositorio.udd.cl\/server\/api\/core\/bitstreams\/0ddd25b1-1222-4b02-9288-cce6b024f5e9\/content\"><img loading=\"lazy\" decoding=\"async\" width=\"787\" height=\"1024\" src=\"https:\/\/psicologia.udd.cl\/ibem\/files\/2025\/01\/portada-metaneuropsy-787x1024.png\" alt=\"\" class=\"wp-image-3067 size-large\" srcset=\"https:\/\/psicologia.udd.cl\/ibem\/files\/2025\/01\/portada-metaneuropsy-787x1024.png 787w, https:\/\/psicologia.udd.cl\/ibem\/files\/2025\/01\/portada-metaneuropsy-231x300.png 231w, https:\/\/psicologia.udd.cl\/ibem\/files\/2025\/01\/portada-metaneuropsy-768x1000.png 768w, https:\/\/psicologia.udd.cl\/ibem\/files\/2025\/01\/portada-metaneuropsy.png 962w\" sizes=\"auto, (max-width: 787px) 100vw, 787px\" \/><\/a><\/figure><div class=\"wp-block-media-text__content\">\n<p class=\"has-large-font-size\"><strong>Highlights<\/strong><\/p>\n\n\n\n<p class=\"has-small-font-size\"><strong>1. <\/strong>En los procesos de toma de decisiones la metacognici\u00f3n tiene un rol fundamental, en tanto un proceso asociado al monitoreo y control de los propios procesos cognitivos.<\/p>\n\n\n\n<p class=\"has-small-font-size\"><strong>2. <\/strong>Existen diversos elementos que influyen sobre los procesos metacognitivos, siendo relevante considerar, entre otras cosas, la caracter\u00edstica del est\u00edmulo, la experiencia y la informaci\u00f3n que tiene el sujeto, e incluso su contexto de salud mental.<\/p>\n\n\n\n<p class=\"has-small-font-size\"><strong>3. <\/strong>Respecto de la relaci\u00f3n entre metacognici\u00f3n y salud mental, la evidencia muestra diferencias significativas en medidas de sensibilidad y sesgo metacognitivo, particularmente desde l\u00edneas de investigaci\u00f3n que se enmarcan en una clasificaci\u00f3n transdiagn\u00f3stica de los cuadros de salud mental.<\/p>\n\n\n\n<p class=\"has-small-font-size\"><strong>Autores: <\/strong><a href=\"https:\/\/psicologia.udd.cl\/doctorado\/es\/persona\/jose-maria-de-pablo-badilla\/\">Jos\u00e9 Mar\u00eda de Pablo<\/a> | <a href=\"https:\/\/psicologia.udd.cl\/persona\/sofia-gana-gajardo\/#!\/page=1\">Sof\u00eda Gana<\/a><\/p>\n<\/div><\/div>\n","protected":false},"excerpt":{"rendered":"<p>Highlights 1. En los procesos de toma de decisiones la metacognici\u00f3n tiene un rol fundamental, en tanto un proceso asociado al monitoreo y control de los propios procesos cognitivos. 2. Existen diversos elementos que influyen sobre los procesos metacognitivos, siendo relevante considerar, entre otras cosas, la caracter\u00edstica del est\u00edmulo, la experiencia y la informaci\u00f3n que [&hellip;]<\/p>\n","protected":false},"author":36,"featured_media":0,"parent":0,"menu_order":0,"comment_status":"closed","ping_status":"closed","template":"","meta":{"footnotes":""},"class_list":["post-3066","page","type-page","status-publish","hentry"],"yoast_head":"<!-- This site is optimized with the Yoast SEO plugin v26.9 - https:\/\/yoast.com\/product\/yoast-seo-wordpress\/ -->\n<title>Meta- Neuropsy: Salud mental y metacognici\u00f3n - Instituto de Bienestar Socioemocional<\/title>\n<meta name=\"robots\" content=\"index, follow, max-snippet:-1, max-image-preview:large, max-video-preview:-1\" \/>\n<link rel=\"canonical\" href=\"https:\/\/psicologia.udd.cl\/ibem\/meta-neuropsy-salud-mental-y-metacognicion\/\" \/>\n<meta property=\"og:locale\" content=\"es_ES\" \/>\n<meta property=\"og:type\" content=\"article\" \/>\n<meta property=\"og:title\" content=\"Meta- Neuropsy: Salud mental y metacognici\u00f3n - Instituto de Bienestar Socioemocional\" \/>\n<meta property=\"og:description\" content=\"Highlights 1. En los procesos de toma de decisiones la metacognici\u00f3n tiene un rol fundamental, en tanto un proceso asociado al monitoreo y control de los propios procesos cognitivos. 2. Existen diversos elementos que influyen sobre los procesos metacognitivos, siendo relevante considerar, entre otras cosas, la caracter\u00edstica del est\u00edmulo, la experiencia y la informaci\u00f3n que [&hellip;]\" \/>\n<meta property=\"og:url\" content=\"https:\/\/psicologia.udd.cl\/ibem\/meta-neuropsy-salud-mental-y-metacognicion\/\" \/>\n<meta property=\"og:site_name\" content=\"Instituto de Bienestar Socioemocional\" \/>\n<meta property=\"article:modified_time\" content=\"2025-06-12T14:13:14+00:00\" \/>\n<meta property=\"og:image\" content=\"https:\/\/psicologia.udd.cl\/ibem\/files\/2025\/01\/portada-metaneuropsy-787x1024.png\" \/>\n<meta name=\"twitter:card\" content=\"summary_large_image\" \/>\n<meta name=\"twitter:label1\" content=\"Tiempo de lectura\" \/>\n\t<meta name=\"twitter:data1\" content=\"1 minuto\" \/>\n<script type=\"application\/ld+json\" class=\"yoast-schema-graph\">{\"@context\":\"https:\/\/schema.org\",\"@graph\":[{\"@type\":\"WebPage\",\"@id\":\"https:\/\/psicologia.udd.cl\/ibem\/meta-neuropsy-salud-mental-y-metacognicion\/\",\"url\":\"https:\/\/psicologia.udd.cl\/ibem\/meta-neuropsy-salud-mental-y-metacognicion\/\",\"name\":\"Meta- Neuropsy: Salud mental y metacognici\u00f3n - Instituto de Bienestar Socioemocional\",\"isPartOf\":{\"@id\":\"https:\/\/psicologia.udd.cl\/ibem\/#website\"},\"primaryImageOfPage\":{\"@id\":\"https:\/\/psicologia.udd.cl\/ibem\/meta-neuropsy-salud-mental-y-metacognicion\/#primaryimage\"},\"image\":{\"@id\":\"https:\/\/psicologia.udd.cl\/ibem\/meta-neuropsy-salud-mental-y-metacognicion\/#primaryimage\"},\"thumbnailUrl\":\"https:\/\/psicologia.udd.cl\/ibem\/files\/2025\/01\/portada-metaneuropsy-787x1024.png\",\"datePublished\":\"2025-01-02T16:41:31+00:00\",\"dateModified\":\"2025-06-12T14:13:14+00:00\",\"breadcrumb\":{\"@id\":\"https:\/\/psicologia.udd.cl\/ibem\/meta-neuropsy-salud-mental-y-metacognicion\/#breadcrumb\"},\"inLanguage\":\"es\",\"potentialAction\":[{\"@type\":\"ReadAction\",\"target\":[\"https:\/\/psicologia.udd.cl\/ibem\/meta-neuropsy-salud-mental-y-metacognicion\/\"]}]},{\"@type\":\"ImageObject\",\"inLanguage\":\"es\",\"@id\":\"https:\/\/psicologia.udd.cl\/ibem\/meta-neuropsy-salud-mental-y-metacognicion\/#primaryimage\",\"url\":\"https:\/\/psicologia.udd.cl\/ibem\/files\/2025\/01\/portada-metaneuropsy.png\",\"contentUrl\":\"https:\/\/psicologia.udd.cl\/ibem\/files\/2025\/01\/portada-metaneuropsy.png\",\"width\":962,\"height\":1252},{\"@type\":\"BreadcrumbList\",\"@id\":\"https:\/\/psicologia.udd.cl\/ibem\/meta-neuropsy-salud-mental-y-metacognicion\/#breadcrumb\",\"itemListElement\":[{\"@type\":\"ListItem\",\"position\":1,\"name\":\"Portada\",\"item\":\"https:\/\/psicologia.udd.cl\/ibem\/\"},{\"@type\":\"ListItem\",\"position\":2,\"name\":\"Meta- Neuropsy: Salud mental y metacognici\u00f3n\"}]},{\"@type\":\"WebSite\",\"@id\":\"https:\/\/psicologia.udd.cl\/ibem\/#website\",\"url\":\"https:\/\/psicologia.udd.cl\/ibem\/\",\"name\":\"Instituto de Bienestar Socioemocional\",\"description\":\"Otro sitio m\u00e1s de Psicologia\",\"publisher\":{\"@id\":\"https:\/\/psicologia.udd.cl\/ibem\/#organization\"},\"inLanguage\":\"es\"},{\"@type\":\"Organization\",\"@id\":\"https:\/\/psicologia.udd.cl\/ibem\/#organization\",\"name\":\"Instituto de Bienestar Socioemocional\",\"url\":\"https:\/\/psicologia.udd.cl\/ibem\/\",\"logo\":{\"@type\":\"ImageObject\",\"inLanguage\":\"es\",\"@id\":\"https:\/\/psicologia.udd.cl\/ibem\/#\/schema\/logo\/image\/\",\"url\":\"https:\/\/psicologia.udd.cl\/ibem\/files\/2022\/11\/ibem-logo-2.jpg\",\"contentUrl\":\"https:\/\/psicologia.udd.cl\/ibem\/files\/2022\/11\/ibem-logo-2.jpg\",\"width\":952,\"height\":534,\"caption\":\"Instituto de Bienestar Socioemocional\"},\"image\":{\"@id\":\"https:\/\/psicologia.udd.cl\/ibem\/#\/schema\/logo\/image\/\"},\"sameAs\":[\"https:\/\/www.instagram.com\/ibemudd\/?hl=es-la\"]}]}<\/script>\n<!-- \/ Yoast SEO plugin. -->","yoast_head_json":{"title":"Meta- Neuropsy: Salud mental y metacognici\u00f3n - Instituto de Bienestar Socioemocional","robots":{"index":"index","follow":"follow","max-snippet":"max-snippet:-1","max-image-preview":"max-image-preview:large","max-video-preview":"max-video-preview:-1"},"canonical":"https:\/\/psicologia.udd.cl\/ibem\/meta-neuropsy-salud-mental-y-metacognicion\/","og_locale":"es_ES","og_type":"article","og_title":"Meta- Neuropsy: Salud mental y metacognici\u00f3n - Instituto de Bienestar Socioemocional","og_description":"Highlights 1. En los procesos de toma de decisiones la metacognici\u00f3n tiene un rol fundamental, en tanto un proceso asociado al monitoreo y control de los propios procesos cognitivos. 2. Existen diversos elementos que influyen sobre los procesos metacognitivos, siendo relevante considerar, entre otras cosas, la caracter\u00edstica del est\u00edmulo, la experiencia y la informaci\u00f3n que [&hellip;]","og_url":"https:\/\/psicologia.udd.cl\/ibem\/meta-neuropsy-salud-mental-y-metacognicion\/","og_site_name":"Instituto de Bienestar Socioemocional","article_modified_time":"2025-06-12T14:13:14+00:00","og_image":[{"url":"https:\/\/psicologia.udd.cl\/ibem\/files\/2025\/01\/portada-metaneuropsy-787x1024.png","type":"","width":"","height":""}],"twitter_card":"summary_large_image","twitter_misc":{"Tiempo de lectura":"1 minuto"},"schema":{"@context":"https:\/\/schema.org","@graph":[{"@type":"WebPage","@id":"https:\/\/psicologia.udd.cl\/ibem\/meta-neuropsy-salud-mental-y-metacognicion\/","url":"https:\/\/psicologia.udd.cl\/ibem\/meta-neuropsy-salud-mental-y-metacognicion\/","name":"Meta- Neuropsy: Salud mental y metacognici\u00f3n - Instituto de Bienestar Socioemocional","isPartOf":{"@id":"https:\/\/psicologia.udd.cl\/ibem\/#website"},"primaryImageOfPage":{"@id":"https:\/\/psicologia.udd.cl\/ibem\/meta-neuropsy-salud-mental-y-metacognicion\/#primaryimage"},"image":{"@id":"https:\/\/psicologia.udd.cl\/ibem\/meta-neuropsy-salud-mental-y-metacognicion\/#primaryimage"},"thumbnailUrl":"https:\/\/psicologia.udd.cl\/ibem\/files\/2025\/01\/portada-metaneuropsy-787x1024.png","datePublished":"2025-01-02T16:41:31+00:00","dateModified":"2025-06-12T14:13:14+00:00","breadcrumb":{"@id":"https:\/\/psicologia.udd.cl\/ibem\/meta-neuropsy-salud-mental-y-metacognicion\/#breadcrumb"},"inLanguage":"es","potentialAction":[{"@type":"ReadAction","target":["https:\/\/psicologia.udd.cl\/ibem\/meta-neuropsy-salud-mental-y-metacognicion\/"]}]},{"@type":"ImageObject","inLanguage":"es","@id":"https:\/\/psicologia.udd.cl\/ibem\/meta-neuropsy-salud-mental-y-metacognicion\/#primaryimage","url":"https:\/\/psicologia.udd.cl\/ibem\/files\/2025\/01\/portada-metaneuropsy.png","contentUrl":"https:\/\/psicologia.udd.cl\/ibem\/files\/2025\/01\/portada-metaneuropsy.png","width":962,"height":1252},{"@type":"BreadcrumbList","@id":"https:\/\/psicologia.udd.cl\/ibem\/meta-neuropsy-salud-mental-y-metacognicion\/#breadcrumb","itemListElement":[{"@type":"ListItem","position":1,"name":"Portada","item":"https:\/\/psicologia.udd.cl\/ibem\/"},{"@type":"ListItem","position":2,"name":"Meta- Neuropsy: Salud mental y metacognici\u00f3n"}]},{"@type":"WebSite","@id":"https:\/\/psicologia.udd.cl\/ibem\/#website","url":"https:\/\/psicologia.udd.cl\/ibem\/","name":"Instituto de Bienestar Socioemocional","description":"Otro sitio m\u00e1s de Psicologia","publisher":{"@id":"https:\/\/psicologia.udd.cl\/ibem\/#organization"},"inLanguage":"es"},{"@type":"Organization","@id":"https:\/\/psicologia.udd.cl\/ibem\/#organization","name":"Instituto de Bienestar Socioemocional","url":"https:\/\/psicologia.udd.cl\/ibem\/","logo":{"@type":"ImageObject","inLanguage":"es","@id":"https:\/\/psicologia.udd.cl\/ibem\/#\/schema\/logo\/image\/","url":"https:\/\/psicologia.udd.cl\/ibem\/files\/2022\/11\/ibem-logo-2.jpg","contentUrl":"https:\/\/psicologia.udd.cl\/ibem\/files\/2022\/11\/ibem-logo-2.jpg","width":952,"height":534,"caption":"Instituto de Bienestar Socioemocional"},"image":{"@id":"https:\/\/psicologia.udd.cl\/ibem\/#\/schema\/logo\/image\/"},"sameAs":["https:\/\/www.instagram.com\/ibemudd\/?hl=es-la"]}]}},"_links":{"self":[{"href":"https:\/\/psicologia.udd.cl\/ibem\/wp-json\/wp\/v2\/pages\/3066","targetHints":{"allow":["GET"]}}],"collection":[{"href":"https:\/\/psicologia.udd.cl\/ibem\/wp-json\/wp\/v2\/pages"}],"about":[{"href":"https:\/\/psicologia.udd.cl\/ibem\/wp-json\/wp\/v2\/types\/page"}],"author":[{"embeddable":true,"href":"https:\/\/psicologia.udd.cl\/ibem\/wp-json\/wp\/v2\/users\/36"}],"replies":[{"embeddable":true,"href":"https:\/\/psicologia.udd.cl\/ibem\/wp-json\/wp\/v2\/comments?post=3066"}],"version-history":[{"count":2,"href":"https:\/\/psicologia.udd.cl\/ibem\/wp-json\/wp\/v2\/pages\/3066\/revisions"}],"predecessor-version":[{"id":3075,"href":"https:\/\/psicologia.udd.cl\/ibem\/wp-json\/wp\/v2\/pages\/3066\/revisions\/3075"}],"wp:attachment":[{"href":"https:\/\/psicologia.udd.cl\/ibem\/wp-json\/wp\/v2\/media?parent=3066"}],"curies":[{"name":"wp","href":"https:\/\/api.w.org\/{rel}","templated":true}]}}