{"id":3052,"date":"2025-01-02T13:18:38","date_gmt":"2025-01-02T16:18:38","guid":{"rendered":"https:\/\/psicologia.udd.cl\/ibem\/?page_id=3052"},"modified":"2025-08-07T09:42:18","modified_gmt":"2025-08-07T13:42:18","slug":"reflexion-desde-una-mirada-del-desarrollo","status":"publish","type":"page","link":"https:\/\/psicologia.udd.cl\/ibem\/reflexion-desde-una-mirada-del-desarrollo\/","title":{"rendered":"Reflexi\u00f3n desde una mirada del desarrollo:"},"content":{"rendered":"\n<div class=\"wp-block-media-text alignfull is-stacked-on-mobile has-gray-lighter-background-color has-background\" style=\"grid-template-columns:46% auto\"><figure class=\"wp-block-media-text__media\"><a href=\"https:\/\/repositorio.udd.cl\/server\/api\/core\/bitstreams\/26cd9798-b941-4158-98a8-4defea0b478b\/content\"><img loading=\"lazy\" decoding=\"async\" width=\"788\" height=\"1024\" src=\"https:\/\/psicologia.udd.cl\/ibem\/files\/2025\/01\/portada-reflexion-788x1024.png\" alt=\"\" class=\"wp-image-3053 size-large\" srcset=\"https:\/\/psicologia.udd.cl\/ibem\/files\/2025\/01\/portada-reflexion-788x1024.png 788w, https:\/\/psicologia.udd.cl\/ibem\/files\/2025\/01\/portada-reflexion-231x300.png 231w, https:\/\/psicologia.udd.cl\/ibem\/files\/2025\/01\/portada-reflexion-768x998.png 768w, https:\/\/psicologia.udd.cl\/ibem\/files\/2025\/01\/portada-reflexion.png 1054w\" sizes=\"auto, (max-width: 788px) 100vw, 788px\" \/><\/a><\/figure><div class=\"wp-block-media-text__content\">\n<p class=\"has-large-font-size\"><strong>Highlights:<\/strong><\/p>\n\n\n\n<p class=\"has-small-font-size\"><strong>1. <\/strong>La depresi\u00f3n es un trastorno de salud mental altamente prevalente que tiene un impacto significativo en la calidad de vida de las personas, afectando su participaci\u00f3n en diversos \u00e1mbitos.<\/p>\n\n\n\n<p class=\"has-small-font-size\"><strong>2. <\/strong>Los modelos orientados a explicar este cuadro se basan en antecedentes biol\u00f3gicos, cognitivos y sociales, desde los cuales se ha desarrollado una gran cantidad de planes de intervenci\u00f3n, con resultados muy variados.<\/p>\n\n\n\n<p class=\"has-small-font-size\"><strong>3. <\/strong>En este contexto, y pensando en aumentar su efectividad, parece ser significativo que para el dise\u00f1o de estas estrategias se considere, adem\u00e1s de las \u00e1reas referidas, una perspectiva del desarrollo que d\u00e9 cuenta del dinamismo de la experiencia humana.<\/p>\n\n\n\n<p class=\"has-small-font-size\"><strong>Autor:<\/strong> <a href=\"https:\/\/psicologia.udd.cl\/doctorado\/es\/persona\/jose-maria-de-pablo-badilla\/\">Jos\u00e9 Mar\u00eda de Pablo<\/a><\/p>\n<\/div><\/div>\n","protected":false},"excerpt":{"rendered":"<p>Highlights: 1. La depresi\u00f3n es un trastorno de salud mental altamente prevalente que tiene un impacto significativo en la calidad de vida de las personas, afectando su participaci\u00f3n en diversos \u00e1mbitos. 2. Los modelos orientados a explicar este cuadro se basan en antecedentes biol\u00f3gicos, cognitivos y sociales, desde los cuales se ha desarrollado una gran [&hellip;]<\/p>\n","protected":false},"author":36,"featured_media":0,"parent":0,"menu_order":0,"comment_status":"closed","ping_status":"closed","template":"","meta":{"footnotes":""},"class_list":["post-3052","page","type-page","status-publish","hentry"],"yoast_head":"<!-- This site is optimized with the Yoast SEO plugin v26.9 - https:\/\/yoast.com\/product\/yoast-seo-wordpress\/ -->\n<title>Reflexi\u00f3n desde una mirada del desarrollo: - Instituto de Bienestar Socioemocional<\/title>\n<meta name=\"robots\" content=\"index, follow, max-snippet:-1, max-image-preview:large, max-video-preview:-1\" \/>\n<link rel=\"canonical\" href=\"https:\/\/psicologia.udd.cl\/ibem\/reflexion-desde-una-mirada-del-desarrollo\/\" \/>\n<meta property=\"og:locale\" content=\"es_ES\" \/>\n<meta property=\"og:type\" content=\"article\" \/>\n<meta property=\"og:title\" content=\"Reflexi\u00f3n desde una mirada del desarrollo: - Instituto de Bienestar Socioemocional\" \/>\n<meta property=\"og:description\" content=\"Highlights: 1. La depresi\u00f3n es un trastorno de salud mental altamente prevalente que tiene un impacto significativo en la calidad de vida de las personas, afectando su participaci\u00f3n en diversos \u00e1mbitos. 2. Los modelos orientados a explicar este cuadro se basan en antecedentes biol\u00f3gicos, cognitivos y sociales, desde los cuales se ha desarrollado una gran [&hellip;]\" \/>\n<meta property=\"og:url\" content=\"https:\/\/psicologia.udd.cl\/ibem\/reflexion-desde-una-mirada-del-desarrollo\/\" \/>\n<meta property=\"og:site_name\" content=\"Instituto de Bienestar Socioemocional\" \/>\n<meta property=\"article:modified_time\" content=\"2025-08-07T13:42:18+00:00\" \/>\n<meta property=\"og:image\" content=\"https:\/\/psicologia.udd.cl\/ibem\/files\/2025\/01\/portada-reflexion-788x1024.png\" \/>\n<meta name=\"twitter:card\" content=\"summary_large_image\" \/>\n<meta name=\"twitter:label1\" content=\"Tiempo de lectura\" \/>\n\t<meta name=\"twitter:data1\" content=\"1 minuto\" \/>\n<script type=\"application\/ld+json\" class=\"yoast-schema-graph\">{\"@context\":\"https:\/\/schema.org\",\"@graph\":[{\"@type\":\"WebPage\",\"@id\":\"https:\/\/psicologia.udd.cl\/ibem\/reflexion-desde-una-mirada-del-desarrollo\/\",\"url\":\"https:\/\/psicologia.udd.cl\/ibem\/reflexion-desde-una-mirada-del-desarrollo\/\",\"name\":\"Reflexi\u00f3n desde una mirada del desarrollo: - Instituto de Bienestar Socioemocional\",\"isPartOf\":{\"@id\":\"https:\/\/psicologia.udd.cl\/ibem\/#website\"},\"primaryImageOfPage\":{\"@id\":\"https:\/\/psicologia.udd.cl\/ibem\/reflexion-desde-una-mirada-del-desarrollo\/#primaryimage\"},\"image\":{\"@id\":\"https:\/\/psicologia.udd.cl\/ibem\/reflexion-desde-una-mirada-del-desarrollo\/#primaryimage\"},\"thumbnailUrl\":\"https:\/\/psicologia.udd.cl\/ibem\/files\/2025\/01\/portada-reflexion-788x1024.png\",\"datePublished\":\"2025-01-02T16:18:38+00:00\",\"dateModified\":\"2025-08-07T13:42:18+00:00\",\"breadcrumb\":{\"@id\":\"https:\/\/psicologia.udd.cl\/ibem\/reflexion-desde-una-mirada-del-desarrollo\/#breadcrumb\"},\"inLanguage\":\"es\",\"potentialAction\":[{\"@type\":\"ReadAction\",\"target\":[\"https:\/\/psicologia.udd.cl\/ibem\/reflexion-desde-una-mirada-del-desarrollo\/\"]}]},{\"@type\":\"ImageObject\",\"inLanguage\":\"es\",\"@id\":\"https:\/\/psicologia.udd.cl\/ibem\/reflexion-desde-una-mirada-del-desarrollo\/#primaryimage\",\"url\":\"https:\/\/psicologia.udd.cl\/ibem\/files\/2025\/01\/portada-reflexion.png\",\"contentUrl\":\"https:\/\/psicologia.udd.cl\/ibem\/files\/2025\/01\/portada-reflexion.png\",\"width\":1054,\"height\":1370},{\"@type\":\"BreadcrumbList\",\"@id\":\"https:\/\/psicologia.udd.cl\/ibem\/reflexion-desde-una-mirada-del-desarrollo\/#breadcrumb\",\"itemListElement\":[{\"@type\":\"ListItem\",\"position\":1,\"name\":\"Portada\",\"item\":\"https:\/\/psicologia.udd.cl\/ibem\/\"},{\"@type\":\"ListItem\",\"position\":2,\"name\":\"Reflexi\u00f3n desde una mirada del desarrollo:\"}]},{\"@type\":\"WebSite\",\"@id\":\"https:\/\/psicologia.udd.cl\/ibem\/#website\",\"url\":\"https:\/\/psicologia.udd.cl\/ibem\/\",\"name\":\"Instituto de Bienestar Socioemocional\",\"description\":\"Otro sitio m\u00e1s de Psicologia\",\"publisher\":{\"@id\":\"https:\/\/psicologia.udd.cl\/ibem\/#organization\"},\"inLanguage\":\"es\"},{\"@type\":\"Organization\",\"@id\":\"https:\/\/psicologia.udd.cl\/ibem\/#organization\",\"name\":\"Instituto de Bienestar Socioemocional\",\"url\":\"https:\/\/psicologia.udd.cl\/ibem\/\",\"logo\":{\"@type\":\"ImageObject\",\"inLanguage\":\"es\",\"@id\":\"https:\/\/psicologia.udd.cl\/ibem\/#\/schema\/logo\/image\/\",\"url\":\"https:\/\/psicologia.udd.cl\/ibem\/files\/2022\/11\/ibem-logo-2.jpg\",\"contentUrl\":\"https:\/\/psicologia.udd.cl\/ibem\/files\/2022\/11\/ibem-logo-2.jpg\",\"width\":952,\"height\":534,\"caption\":\"Instituto de Bienestar Socioemocional\"},\"image\":{\"@id\":\"https:\/\/psicologia.udd.cl\/ibem\/#\/schema\/logo\/image\/\"},\"sameAs\":[\"https:\/\/www.instagram.com\/ibemudd\/?hl=es-la\"]}]}<\/script>\n<!-- \/ Yoast SEO plugin. -->","yoast_head_json":{"title":"Reflexi\u00f3n desde una mirada del desarrollo: - Instituto de Bienestar Socioemocional","robots":{"index":"index","follow":"follow","max-snippet":"max-snippet:-1","max-image-preview":"max-image-preview:large","max-video-preview":"max-video-preview:-1"},"canonical":"https:\/\/psicologia.udd.cl\/ibem\/reflexion-desde-una-mirada-del-desarrollo\/","og_locale":"es_ES","og_type":"article","og_title":"Reflexi\u00f3n desde una mirada del desarrollo: - Instituto de Bienestar Socioemocional","og_description":"Highlights: 1. La depresi\u00f3n es un trastorno de salud mental altamente prevalente que tiene un impacto significativo en la calidad de vida de las personas, afectando su participaci\u00f3n en diversos \u00e1mbitos. 2. Los modelos orientados a explicar este cuadro se basan en antecedentes biol\u00f3gicos, cognitivos y sociales, desde los cuales se ha desarrollado una gran [&hellip;]","og_url":"https:\/\/psicologia.udd.cl\/ibem\/reflexion-desde-una-mirada-del-desarrollo\/","og_site_name":"Instituto de Bienestar Socioemocional","article_modified_time":"2025-08-07T13:42:18+00:00","og_image":[{"url":"https:\/\/psicologia.udd.cl\/ibem\/files\/2025\/01\/portada-reflexion-788x1024.png","type":"","width":"","height":""}],"twitter_card":"summary_large_image","twitter_misc":{"Tiempo de lectura":"1 minuto"},"schema":{"@context":"https:\/\/schema.org","@graph":[{"@type":"WebPage","@id":"https:\/\/psicologia.udd.cl\/ibem\/reflexion-desde-una-mirada-del-desarrollo\/","url":"https:\/\/psicologia.udd.cl\/ibem\/reflexion-desde-una-mirada-del-desarrollo\/","name":"Reflexi\u00f3n desde una mirada del desarrollo: - Instituto de Bienestar Socioemocional","isPartOf":{"@id":"https:\/\/psicologia.udd.cl\/ibem\/#website"},"primaryImageOfPage":{"@id":"https:\/\/psicologia.udd.cl\/ibem\/reflexion-desde-una-mirada-del-desarrollo\/#primaryimage"},"image":{"@id":"https:\/\/psicologia.udd.cl\/ibem\/reflexion-desde-una-mirada-del-desarrollo\/#primaryimage"},"thumbnailUrl":"https:\/\/psicologia.udd.cl\/ibem\/files\/2025\/01\/portada-reflexion-788x1024.png","datePublished":"2025-01-02T16:18:38+00:00","dateModified":"2025-08-07T13:42:18+00:00","breadcrumb":{"@id":"https:\/\/psicologia.udd.cl\/ibem\/reflexion-desde-una-mirada-del-desarrollo\/#breadcrumb"},"inLanguage":"es","potentialAction":[{"@type":"ReadAction","target":["https:\/\/psicologia.udd.cl\/ibem\/reflexion-desde-una-mirada-del-desarrollo\/"]}]},{"@type":"ImageObject","inLanguage":"es","@id":"https:\/\/psicologia.udd.cl\/ibem\/reflexion-desde-una-mirada-del-desarrollo\/#primaryimage","url":"https:\/\/psicologia.udd.cl\/ibem\/files\/2025\/01\/portada-reflexion.png","contentUrl":"https:\/\/psicologia.udd.cl\/ibem\/files\/2025\/01\/portada-reflexion.png","width":1054,"height":1370},{"@type":"BreadcrumbList","@id":"https:\/\/psicologia.udd.cl\/ibem\/reflexion-desde-una-mirada-del-desarrollo\/#breadcrumb","itemListElement":[{"@type":"ListItem","position":1,"name":"Portada","item":"https:\/\/psicologia.udd.cl\/ibem\/"},{"@type":"ListItem","position":2,"name":"Reflexi\u00f3n desde una mirada del desarrollo:"}]},{"@type":"WebSite","@id":"https:\/\/psicologia.udd.cl\/ibem\/#website","url":"https:\/\/psicologia.udd.cl\/ibem\/","name":"Instituto de Bienestar Socioemocional","description":"Otro sitio m\u00e1s de Psicologia","publisher":{"@id":"https:\/\/psicologia.udd.cl\/ibem\/#organization"},"inLanguage":"es"},{"@type":"Organization","@id":"https:\/\/psicologia.udd.cl\/ibem\/#organization","name":"Instituto de Bienestar Socioemocional","url":"https:\/\/psicologia.udd.cl\/ibem\/","logo":{"@type":"ImageObject","inLanguage":"es","@id":"https:\/\/psicologia.udd.cl\/ibem\/#\/schema\/logo\/image\/","url":"https:\/\/psicologia.udd.cl\/ibem\/files\/2022\/11\/ibem-logo-2.jpg","contentUrl":"https:\/\/psicologia.udd.cl\/ibem\/files\/2022\/11\/ibem-logo-2.jpg","width":952,"height":534,"caption":"Instituto de Bienestar Socioemocional"},"image":{"@id":"https:\/\/psicologia.udd.cl\/ibem\/#\/schema\/logo\/image\/"},"sameAs":["https:\/\/www.instagram.com\/ibemudd\/?hl=es-la"]}]}},"_links":{"self":[{"href":"https:\/\/psicologia.udd.cl\/ibem\/wp-json\/wp\/v2\/pages\/3052","targetHints":{"allow":["GET"]}}],"collection":[{"href":"https:\/\/psicologia.udd.cl\/ibem\/wp-json\/wp\/v2\/pages"}],"about":[{"href":"https:\/\/psicologia.udd.cl\/ibem\/wp-json\/wp\/v2\/types\/page"}],"author":[{"embeddable":true,"href":"https:\/\/psicologia.udd.cl\/ibem\/wp-json\/wp\/v2\/users\/36"}],"replies":[{"embeddable":true,"href":"https:\/\/psicologia.udd.cl\/ibem\/wp-json\/wp\/v2\/comments?post=3052"}],"version-history":[{"count":3,"href":"https:\/\/psicologia.udd.cl\/ibem\/wp-json\/wp\/v2\/pages\/3052\/revisions"}],"predecessor-version":[{"id":3356,"href":"https:\/\/psicologia.udd.cl\/ibem\/wp-json\/wp\/v2\/pages\/3052\/revisions\/3356"}],"wp:attachment":[{"href":"https:\/\/psicologia.udd.cl\/ibem\/wp-json\/wp\/v2\/media?parent=3052"}],"curies":[{"name":"wp","href":"https:\/\/api.w.org\/{rel}","templated":true}]}}