{"id":2925,"date":"2024-12-12T13:46:45","date_gmt":"2024-12-12T16:46:45","guid":{"rendered":"https:\/\/psicologia.udd.cl\/ibem\/?page_id=2925"},"modified":"2025-05-22T11:00:54","modified_gmt":"2025-05-22T15:00:54","slug":"tras-la-mente-que-divaga","status":"publish","type":"page","link":"https:\/\/psicologia.udd.cl\/ibem\/tras-la-mente-que-divaga\/","title":{"rendered":"Tras la mente que divaga"},"content":{"rendered":"\n<div class=\"wp-block-media-text alignfull is-stacked-on-mobile is-vertically-aligned-center has-gray-lighter-background-color has-background\" style=\"grid-template-columns:46% auto\"><figure class=\"wp-block-media-text__media\"><a href=\"https:\/\/repositorio.udd.cl\/server\/api\/core\/bitstreams\/fb039f74-60c0-41a2-9e91-6106683e5f6c\/content\"><img loading=\"lazy\" decoding=\"async\" width=\"794\" height=\"1024\" src=\"https:\/\/psicologia.udd.cl\/ibem\/files\/2024\/12\/portada-tras-la-mente-que-divaga-794x1024.png\" alt=\"\" class=\"wp-image-2926 size-large\" srcset=\"https:\/\/psicologia.udd.cl\/ibem\/files\/2024\/12\/portada-tras-la-mente-que-divaga-794x1024.png 794w, https:\/\/psicologia.udd.cl\/ibem\/files\/2024\/12\/portada-tras-la-mente-que-divaga-233x300.png 233w, https:\/\/psicologia.udd.cl\/ibem\/files\/2024\/12\/portada-tras-la-mente-que-divaga-768x990.png 768w, https:\/\/psicologia.udd.cl\/ibem\/files\/2024\/12\/portada-tras-la-mente-que-divaga.png 932w\" sizes=\"auto, (max-width: 794px) 100vw, 794px\" \/><\/a><\/figure><div class=\"wp-block-media-text__content\">\n<p class=\"has-large-font-size\"><strong>Highlights<\/strong>:<\/p>\n\n\n\n<p class=\"has-small-font-size\"><strong>1. <\/strong>El mind-wandering o divagaci\u00f3n mental constituye un giro atencional desde la tarea que se est\u00e1 realizando hacia otras actividades o contenidos mentales.<\/p>\n\n\n\n<p class=\"has-small-font-size\"><strong>2. <\/strong>La divagaci\u00f3n mental se ha asociado a diferentes consecuencias negativas, como, por ejemplo, dificultad en la concentraci\u00f3n, problemas de memoria, accidentes, bajo rendimiento acad\u00e9mico, entre otros. Sin embargo, otros estudios han explorado las consecuencias positivas de la divagaci\u00f3n mental; espec\u00edficamente, su rol en la creatividad.<\/p>\n\n\n\n<p class=\"has-small-font-size\"><strong>3. <\/strong>La divagaci\u00f3n mental ha sido comprendida, casi exclusivamente, como un desacople atencional de alguna tarea y las investigaciones han subestimado el efecto que las variables afectivas podr\u00edan tener en las fluctuaciones atencionales.<\/p>\n\n\n\n<p class=\"has-small-font-size\"><strong>Autores:<\/strong> <a href=\"https:\/\/gobierno.udd.cl\/doctorado\/persona\/nicolas-gonzalez\/#!\/page=1\">Nicol\u00e1s Gonz\u00e1lez<\/a> | <a href=\"https:\/\/psicologia.udd.cl\/persona\/pablo-fossa-arcila\/#!\/page=1\">Dr. Pablo Fossa<\/a><\/p>\n<\/div><\/div>\n","protected":false},"excerpt":{"rendered":"<p>Highlights: 1. El mind-wandering o divagaci\u00f3n mental constituye un giro atencional desde la tarea que se est\u00e1 realizando hacia otras actividades o contenidos mentales. 2. La divagaci\u00f3n mental se ha asociado a diferentes consecuencias negativas, como, por ejemplo, dificultad en la concentraci\u00f3n, problemas de memoria, accidentes, bajo rendimiento acad\u00e9mico, entre otros. Sin embargo, otros estudios [&hellip;]<\/p>\n","protected":false},"author":36,"featured_media":0,"parent":0,"menu_order":0,"comment_status":"closed","ping_status":"closed","template":"","meta":{"footnotes":""},"class_list":["post-2925","page","type-page","status-publish","hentry"],"yoast_head":"<!-- This site is optimized with the Yoast SEO plugin v26.9 - https:\/\/yoast.com\/product\/yoast-seo-wordpress\/ -->\n<title>Tras la mente que divaga - Instituto de Bienestar Socioemocional<\/title>\n<meta name=\"robots\" content=\"index, follow, max-snippet:-1, max-image-preview:large, max-video-preview:-1\" \/>\n<link rel=\"canonical\" href=\"https:\/\/psicologia.udd.cl\/ibem\/tras-la-mente-que-divaga\/\" \/>\n<meta property=\"og:locale\" content=\"es_ES\" \/>\n<meta property=\"og:type\" content=\"article\" \/>\n<meta property=\"og:title\" content=\"Tras la mente que divaga - Instituto de Bienestar Socioemocional\" \/>\n<meta property=\"og:description\" content=\"Highlights: 1. El mind-wandering o divagaci\u00f3n mental constituye un giro atencional desde la tarea que se est\u00e1 realizando hacia otras actividades o contenidos mentales. 2. La divagaci\u00f3n mental se ha asociado a diferentes consecuencias negativas, como, por ejemplo, dificultad en la concentraci\u00f3n, problemas de memoria, accidentes, bajo rendimiento acad\u00e9mico, entre otros. Sin embargo, otros estudios [&hellip;]\" \/>\n<meta property=\"og:url\" content=\"https:\/\/psicologia.udd.cl\/ibem\/tras-la-mente-que-divaga\/\" \/>\n<meta property=\"og:site_name\" content=\"Instituto de Bienestar Socioemocional\" \/>\n<meta property=\"article:modified_time\" content=\"2025-05-22T15:00:54+00:00\" \/>\n<meta property=\"og:image\" content=\"https:\/\/psicologia.udd.cl\/ibem\/files\/2024\/12\/portada-tras-la-mente-que-divaga-794x1024.png\" \/>\n<meta name=\"twitter:card\" content=\"summary_large_image\" \/>\n<meta name=\"twitter:label1\" content=\"Tiempo de lectura\" \/>\n\t<meta name=\"twitter:data1\" content=\"1 minuto\" \/>\n<script type=\"application\/ld+json\" class=\"yoast-schema-graph\">{\"@context\":\"https:\/\/schema.org\",\"@graph\":[{\"@type\":\"WebPage\",\"@id\":\"https:\/\/psicologia.udd.cl\/ibem\/tras-la-mente-que-divaga\/\",\"url\":\"https:\/\/psicologia.udd.cl\/ibem\/tras-la-mente-que-divaga\/\",\"name\":\"Tras la mente que divaga - Instituto de Bienestar Socioemocional\",\"isPartOf\":{\"@id\":\"https:\/\/psicologia.udd.cl\/ibem\/#website\"},\"primaryImageOfPage\":{\"@id\":\"https:\/\/psicologia.udd.cl\/ibem\/tras-la-mente-que-divaga\/#primaryimage\"},\"image\":{\"@id\":\"https:\/\/psicologia.udd.cl\/ibem\/tras-la-mente-que-divaga\/#primaryimage\"},\"thumbnailUrl\":\"https:\/\/psicologia.udd.cl\/ibem\/files\/2024\/12\/portada-tras-la-mente-que-divaga-794x1024.png\",\"datePublished\":\"2024-12-12T16:46:45+00:00\",\"dateModified\":\"2025-05-22T15:00:54+00:00\",\"breadcrumb\":{\"@id\":\"https:\/\/psicologia.udd.cl\/ibem\/tras-la-mente-que-divaga\/#breadcrumb\"},\"inLanguage\":\"es\",\"potentialAction\":[{\"@type\":\"ReadAction\",\"target\":[\"https:\/\/psicologia.udd.cl\/ibem\/tras-la-mente-que-divaga\/\"]}]},{\"@type\":\"ImageObject\",\"inLanguage\":\"es\",\"@id\":\"https:\/\/psicologia.udd.cl\/ibem\/tras-la-mente-que-divaga\/#primaryimage\",\"url\":\"https:\/\/psicologia.udd.cl\/ibem\/files\/2024\/12\/portada-tras-la-mente-que-divaga.png\",\"contentUrl\":\"https:\/\/psicologia.udd.cl\/ibem\/files\/2024\/12\/portada-tras-la-mente-que-divaga.png\",\"width\":932,\"height\":1202},{\"@type\":\"BreadcrumbList\",\"@id\":\"https:\/\/psicologia.udd.cl\/ibem\/tras-la-mente-que-divaga\/#breadcrumb\",\"itemListElement\":[{\"@type\":\"ListItem\",\"position\":1,\"name\":\"Portada\",\"item\":\"https:\/\/psicologia.udd.cl\/ibem\/\"},{\"@type\":\"ListItem\",\"position\":2,\"name\":\"Tras la mente que divaga\"}]},{\"@type\":\"WebSite\",\"@id\":\"https:\/\/psicologia.udd.cl\/ibem\/#website\",\"url\":\"https:\/\/psicologia.udd.cl\/ibem\/\",\"name\":\"Instituto de Bienestar Socioemocional\",\"description\":\"Otro sitio m\u00e1s de Psicologia\",\"publisher\":{\"@id\":\"https:\/\/psicologia.udd.cl\/ibem\/#organization\"},\"inLanguage\":\"es\"},{\"@type\":\"Organization\",\"@id\":\"https:\/\/psicologia.udd.cl\/ibem\/#organization\",\"name\":\"Instituto de Bienestar Socioemocional\",\"url\":\"https:\/\/psicologia.udd.cl\/ibem\/\",\"logo\":{\"@type\":\"ImageObject\",\"inLanguage\":\"es\",\"@id\":\"https:\/\/psicologia.udd.cl\/ibem\/#\/schema\/logo\/image\/\",\"url\":\"https:\/\/psicologia.udd.cl\/ibem\/files\/2022\/11\/ibem-logo-2.jpg\",\"contentUrl\":\"https:\/\/psicologia.udd.cl\/ibem\/files\/2022\/11\/ibem-logo-2.jpg\",\"width\":952,\"height\":534,\"caption\":\"Instituto de Bienestar Socioemocional\"},\"image\":{\"@id\":\"https:\/\/psicologia.udd.cl\/ibem\/#\/schema\/logo\/image\/\"},\"sameAs\":[\"https:\/\/www.instagram.com\/ibemudd\/?hl=es-la\"]}]}<\/script>\n<!-- \/ Yoast SEO plugin. -->","yoast_head_json":{"title":"Tras la mente que divaga - Instituto de Bienestar Socioemocional","robots":{"index":"index","follow":"follow","max-snippet":"max-snippet:-1","max-image-preview":"max-image-preview:large","max-video-preview":"max-video-preview:-1"},"canonical":"https:\/\/psicologia.udd.cl\/ibem\/tras-la-mente-que-divaga\/","og_locale":"es_ES","og_type":"article","og_title":"Tras la mente que divaga - Instituto de Bienestar Socioemocional","og_description":"Highlights: 1. El mind-wandering o divagaci\u00f3n mental constituye un giro atencional desde la tarea que se est\u00e1 realizando hacia otras actividades o contenidos mentales. 2. La divagaci\u00f3n mental se ha asociado a diferentes consecuencias negativas, como, por ejemplo, dificultad en la concentraci\u00f3n, problemas de memoria, accidentes, bajo rendimiento acad\u00e9mico, entre otros. Sin embargo, otros estudios [&hellip;]","og_url":"https:\/\/psicologia.udd.cl\/ibem\/tras-la-mente-que-divaga\/","og_site_name":"Instituto de Bienestar Socioemocional","article_modified_time":"2025-05-22T15:00:54+00:00","og_image":[{"url":"https:\/\/psicologia.udd.cl\/ibem\/files\/2024\/12\/portada-tras-la-mente-que-divaga-794x1024.png","type":"","width":"","height":""}],"twitter_card":"summary_large_image","twitter_misc":{"Tiempo de lectura":"1 minuto"},"schema":{"@context":"https:\/\/schema.org","@graph":[{"@type":"WebPage","@id":"https:\/\/psicologia.udd.cl\/ibem\/tras-la-mente-que-divaga\/","url":"https:\/\/psicologia.udd.cl\/ibem\/tras-la-mente-que-divaga\/","name":"Tras la mente que divaga - Instituto de Bienestar Socioemocional","isPartOf":{"@id":"https:\/\/psicologia.udd.cl\/ibem\/#website"},"primaryImageOfPage":{"@id":"https:\/\/psicologia.udd.cl\/ibem\/tras-la-mente-que-divaga\/#primaryimage"},"image":{"@id":"https:\/\/psicologia.udd.cl\/ibem\/tras-la-mente-que-divaga\/#primaryimage"},"thumbnailUrl":"https:\/\/psicologia.udd.cl\/ibem\/files\/2024\/12\/portada-tras-la-mente-que-divaga-794x1024.png","datePublished":"2024-12-12T16:46:45+00:00","dateModified":"2025-05-22T15:00:54+00:00","breadcrumb":{"@id":"https:\/\/psicologia.udd.cl\/ibem\/tras-la-mente-que-divaga\/#breadcrumb"},"inLanguage":"es","potentialAction":[{"@type":"ReadAction","target":["https:\/\/psicologia.udd.cl\/ibem\/tras-la-mente-que-divaga\/"]}]},{"@type":"ImageObject","inLanguage":"es","@id":"https:\/\/psicologia.udd.cl\/ibem\/tras-la-mente-que-divaga\/#primaryimage","url":"https:\/\/psicologia.udd.cl\/ibem\/files\/2024\/12\/portada-tras-la-mente-que-divaga.png","contentUrl":"https:\/\/psicologia.udd.cl\/ibem\/files\/2024\/12\/portada-tras-la-mente-que-divaga.png","width":932,"height":1202},{"@type":"BreadcrumbList","@id":"https:\/\/psicologia.udd.cl\/ibem\/tras-la-mente-que-divaga\/#breadcrumb","itemListElement":[{"@type":"ListItem","position":1,"name":"Portada","item":"https:\/\/psicologia.udd.cl\/ibem\/"},{"@type":"ListItem","position":2,"name":"Tras la mente que divaga"}]},{"@type":"WebSite","@id":"https:\/\/psicologia.udd.cl\/ibem\/#website","url":"https:\/\/psicologia.udd.cl\/ibem\/","name":"Instituto de Bienestar Socioemocional","description":"Otro sitio m\u00e1s de Psicologia","publisher":{"@id":"https:\/\/psicologia.udd.cl\/ibem\/#organization"},"inLanguage":"es"},{"@type":"Organization","@id":"https:\/\/psicologia.udd.cl\/ibem\/#organization","name":"Instituto de Bienestar Socioemocional","url":"https:\/\/psicologia.udd.cl\/ibem\/","logo":{"@type":"ImageObject","inLanguage":"es","@id":"https:\/\/psicologia.udd.cl\/ibem\/#\/schema\/logo\/image\/","url":"https:\/\/psicologia.udd.cl\/ibem\/files\/2022\/11\/ibem-logo-2.jpg","contentUrl":"https:\/\/psicologia.udd.cl\/ibem\/files\/2022\/11\/ibem-logo-2.jpg","width":952,"height":534,"caption":"Instituto de Bienestar Socioemocional"},"image":{"@id":"https:\/\/psicologia.udd.cl\/ibem\/#\/schema\/logo\/image\/"},"sameAs":["https:\/\/www.instagram.com\/ibemudd\/?hl=es-la"]}]}},"_links":{"self":[{"href":"https:\/\/psicologia.udd.cl\/ibem\/wp-json\/wp\/v2\/pages\/2925","targetHints":{"allow":["GET"]}}],"collection":[{"href":"https:\/\/psicologia.udd.cl\/ibem\/wp-json\/wp\/v2\/pages"}],"about":[{"href":"https:\/\/psicologia.udd.cl\/ibem\/wp-json\/wp\/v2\/types\/page"}],"author":[{"embeddable":true,"href":"https:\/\/psicologia.udd.cl\/ibem\/wp-json\/wp\/v2\/users\/36"}],"replies":[{"embeddable":true,"href":"https:\/\/psicologia.udd.cl\/ibem\/wp-json\/wp\/v2\/comments?post=2925"}],"version-history":[{"count":6,"href":"https:\/\/psicologia.udd.cl\/ibem\/wp-json\/wp\/v2\/pages\/2925\/revisions"}],"predecessor-version":[{"id":3084,"href":"https:\/\/psicologia.udd.cl\/ibem\/wp-json\/wp\/v2\/pages\/2925\/revisions\/3084"}],"wp:attachment":[{"href":"https:\/\/psicologia.udd.cl\/ibem\/wp-json\/wp\/v2\/media?parent=2925"}],"curies":[{"name":"wp","href":"https:\/\/api.w.org\/{rel}","templated":true}]}}