{"id":2908,"date":"2024-12-12T13:31:49","date_gmt":"2024-12-12T16:31:49","guid":{"rendered":"https:\/\/psicologia.udd.cl\/ibem\/?page_id=2908"},"modified":"2025-05-08T10:07:31","modified_gmt":"2025-05-08T14:07:31","slug":"violencia-de-pareja-adolescente","status":"publish","type":"page","link":"https:\/\/psicologia.udd.cl\/ibem\/violencia-de-pareja-adolescente\/","title":{"rendered":"Violencia de pareja adolescente"},"content":{"rendered":"\n<div class=\"wp-block-media-text alignfull is-stacked-on-mobile has-gray-lighter-background-color has-background\" style=\"grid-template-columns:46% auto\"><figure class=\"wp-block-media-text__media\"><a href=\"https:\/\/repositorio.udd.cl\/server\/api\/core\/bitstreams\/81e9dbd1-8744-4cf6-86fc-1aa7379c55cc\/content\"><img loading=\"lazy\" decoding=\"async\" width=\"793\" height=\"1024\" src=\"https:\/\/psicologia.udd.cl\/ibem\/files\/2024\/12\/captura-de-pantalla-2024-12-12-a-las-13-27-32-793x1024.png\" alt=\"\" class=\"wp-image-2909 size-large\" srcset=\"https:\/\/psicologia.udd.cl\/ibem\/files\/2024\/12\/captura-de-pantalla-2024-12-12-a-las-13-27-32-793x1024.png 793w, https:\/\/psicologia.udd.cl\/ibem\/files\/2024\/12\/captura-de-pantalla-2024-12-12-a-las-13-27-32-232x300.png 232w, https:\/\/psicologia.udd.cl\/ibem\/files\/2024\/12\/captura-de-pantalla-2024-12-12-a-las-13-27-32-768x992.png 768w, https:\/\/psicologia.udd.cl\/ibem\/files\/2024\/12\/captura-de-pantalla-2024-12-12-a-las-13-27-32.png 986w\" sizes=\"auto, (max-width: 793px) 100vw, 793px\" \/><\/a><\/figure><div class=\"wp-block-media-text__content\">\n<p class=\"has-large-font-size\"><strong>Highlights:<\/strong><\/p>\n\n\n\n<p class=\"has-small-font-size\"><strong>1. <\/strong>En general, existen distintas teor\u00edas que explican la violencia de pareja, mayormente enfocadas en adultos. Sin embargo, existen elementos que diferencian la violencia de pareja en adultos de aquella que ocurre en adolescentes.<\/p>\n\n\n\n<p class=\"has-small-font-size\"><strong>2. <\/strong>En el estudio de la violencia de pareja adolescente (VPA), destacan los marcadores de riesgo ambientales e individuales. A nivel individuo, la investigaci\u00f3n sobre procesos sociocognitivos es prometedora, pero escasa.<\/p>\n\n\n\n<p class=\"has-small-font-size\"><strong>3. <\/strong>El presente art\u00edculo enfatiza la relevancia del estudio de las habilidades sociocognitivas para la comprensi\u00f3n de la VPA. Adem\u00e1s, argumenta qu\u00e9 modelos explicativos de la agresi\u00f3n y violencia son relevantes de integrar, destacando el \u201cModelo Social-Cognitivo del Procesamiento de la Informaci\u00f3n para la Resoluci\u00f3n de Problemas Sociales\u201d de Huesmann.<\/p>\n\n\n\n<p class=\"has-small-font-size\">Autores:<a href=\"https:\/\/psicologia.udd.cl\/cebcs\/persona\/paulina-sanchez-soto\/#!\/page=1\"> Dra. Paulina S\u00e1nchez<\/a> | <a href=\"https:\/\/psicologia.udd.cl\/persona\/jorge-varela-t\/#!\/page=1\">Dr. Jorge Varela<\/a><\/p>\n<\/div><\/div>\n","protected":false},"excerpt":{"rendered":"<p>Highlights: 1. En general, existen distintas teor\u00edas que explican la violencia de pareja, mayormente enfocadas en adultos. Sin embargo, existen elementos que diferencian la violencia de pareja en adultos de aquella que ocurre en adolescentes. 2. En el estudio de la violencia de pareja adolescente (VPA), destacan los marcadores de riesgo ambientales e individuales. A [&hellip;]<\/p>\n","protected":false},"author":36,"featured_media":0,"parent":0,"menu_order":0,"comment_status":"closed","ping_status":"closed","template":"","meta":{"footnotes":""},"class_list":["post-2908","page","type-page","status-publish","hentry"],"yoast_head":"<!-- This site is optimized with the Yoast SEO plugin v26.9 - https:\/\/yoast.com\/product\/yoast-seo-wordpress\/ -->\n<title>Violencia de pareja adolescente - Instituto de Bienestar Socioemocional<\/title>\n<meta name=\"robots\" content=\"index, follow, max-snippet:-1, max-image-preview:large, max-video-preview:-1\" \/>\n<link rel=\"canonical\" href=\"https:\/\/psicologia.udd.cl\/ibem\/violencia-de-pareja-adolescente\/\" \/>\n<meta property=\"og:locale\" content=\"es_ES\" \/>\n<meta property=\"og:type\" content=\"article\" \/>\n<meta property=\"og:title\" content=\"Violencia de pareja adolescente - Instituto de Bienestar Socioemocional\" \/>\n<meta property=\"og:description\" content=\"Highlights: 1. En general, existen distintas teor\u00edas que explican la violencia de pareja, mayormente enfocadas en adultos. Sin embargo, existen elementos que diferencian la violencia de pareja en adultos de aquella que ocurre en adolescentes. 2. En el estudio de la violencia de pareja adolescente (VPA), destacan los marcadores de riesgo ambientales e individuales. A [&hellip;]\" \/>\n<meta property=\"og:url\" content=\"https:\/\/psicologia.udd.cl\/ibem\/violencia-de-pareja-adolescente\/\" \/>\n<meta property=\"og:site_name\" content=\"Instituto de Bienestar Socioemocional\" \/>\n<meta property=\"article:modified_time\" content=\"2025-05-08T14:07:31+00:00\" \/>\n<meta property=\"og:image\" content=\"https:\/\/psicologia.udd.cl\/ibem\/files\/2024\/12\/captura-de-pantalla-2024-12-12-a-las-13-27-32-793x1024.png\" \/>\n<meta name=\"twitter:card\" content=\"summary_large_image\" \/>\n<meta name=\"twitter:label1\" content=\"Tiempo de lectura\" \/>\n\t<meta name=\"twitter:data1\" content=\"1 minuto\" \/>\n<script type=\"application\/ld+json\" class=\"yoast-schema-graph\">{\"@context\":\"https:\/\/schema.org\",\"@graph\":[{\"@type\":\"WebPage\",\"@id\":\"https:\/\/psicologia.udd.cl\/ibem\/violencia-de-pareja-adolescente\/\",\"url\":\"https:\/\/psicologia.udd.cl\/ibem\/violencia-de-pareja-adolescente\/\",\"name\":\"Violencia de pareja adolescente - Instituto de Bienestar Socioemocional\",\"isPartOf\":{\"@id\":\"https:\/\/psicologia.udd.cl\/ibem\/#website\"},\"primaryImageOfPage\":{\"@id\":\"https:\/\/psicologia.udd.cl\/ibem\/violencia-de-pareja-adolescente\/#primaryimage\"},\"image\":{\"@id\":\"https:\/\/psicologia.udd.cl\/ibem\/violencia-de-pareja-adolescente\/#primaryimage\"},\"thumbnailUrl\":\"https:\/\/psicologia.udd.cl\/ibem\/files\/2024\/12\/captura-de-pantalla-2024-12-12-a-las-13-27-32-793x1024.png\",\"datePublished\":\"2024-12-12T16:31:49+00:00\",\"dateModified\":\"2025-05-08T14:07:31+00:00\",\"breadcrumb\":{\"@id\":\"https:\/\/psicologia.udd.cl\/ibem\/violencia-de-pareja-adolescente\/#breadcrumb\"},\"inLanguage\":\"es\",\"potentialAction\":[{\"@type\":\"ReadAction\",\"target\":[\"https:\/\/psicologia.udd.cl\/ibem\/violencia-de-pareja-adolescente\/\"]}]},{\"@type\":\"ImageObject\",\"inLanguage\":\"es\",\"@id\":\"https:\/\/psicologia.udd.cl\/ibem\/violencia-de-pareja-adolescente\/#primaryimage\",\"url\":\"https:\/\/psicologia.udd.cl\/ibem\/files\/2024\/12\/captura-de-pantalla-2024-12-12-a-las-13-27-32.png\",\"contentUrl\":\"https:\/\/psicologia.udd.cl\/ibem\/files\/2024\/12\/captura-de-pantalla-2024-12-12-a-las-13-27-32.png\",\"width\":986,\"height\":1274},{\"@type\":\"BreadcrumbList\",\"@id\":\"https:\/\/psicologia.udd.cl\/ibem\/violencia-de-pareja-adolescente\/#breadcrumb\",\"itemListElement\":[{\"@type\":\"ListItem\",\"position\":1,\"name\":\"Portada\",\"item\":\"https:\/\/psicologia.udd.cl\/ibem\/\"},{\"@type\":\"ListItem\",\"position\":2,\"name\":\"Violencia de pareja adolescente\"}]},{\"@type\":\"WebSite\",\"@id\":\"https:\/\/psicologia.udd.cl\/ibem\/#website\",\"url\":\"https:\/\/psicologia.udd.cl\/ibem\/\",\"name\":\"Instituto de Bienestar Socioemocional\",\"description\":\"Otro sitio m\u00e1s de Psicologia\",\"publisher\":{\"@id\":\"https:\/\/psicologia.udd.cl\/ibem\/#organization\"},\"inLanguage\":\"es\"},{\"@type\":\"Organization\",\"@id\":\"https:\/\/psicologia.udd.cl\/ibem\/#organization\",\"name\":\"Instituto de Bienestar Socioemocional\",\"url\":\"https:\/\/psicologia.udd.cl\/ibem\/\",\"logo\":{\"@type\":\"ImageObject\",\"inLanguage\":\"es\",\"@id\":\"https:\/\/psicologia.udd.cl\/ibem\/#\/schema\/logo\/image\/\",\"url\":\"https:\/\/psicologia.udd.cl\/ibem\/files\/2022\/11\/ibem-logo-2.jpg\",\"contentUrl\":\"https:\/\/psicologia.udd.cl\/ibem\/files\/2022\/11\/ibem-logo-2.jpg\",\"width\":952,\"height\":534,\"caption\":\"Instituto de Bienestar Socioemocional\"},\"image\":{\"@id\":\"https:\/\/psicologia.udd.cl\/ibem\/#\/schema\/logo\/image\/\"},\"sameAs\":[\"https:\/\/www.instagram.com\/ibemudd\/?hl=es-la\"]}]}<\/script>\n<!-- \/ Yoast SEO plugin. -->","yoast_head_json":{"title":"Violencia de pareja adolescente - Instituto de Bienestar Socioemocional","robots":{"index":"index","follow":"follow","max-snippet":"max-snippet:-1","max-image-preview":"max-image-preview:large","max-video-preview":"max-video-preview:-1"},"canonical":"https:\/\/psicologia.udd.cl\/ibem\/violencia-de-pareja-adolescente\/","og_locale":"es_ES","og_type":"article","og_title":"Violencia de pareja adolescente - Instituto de Bienestar Socioemocional","og_description":"Highlights: 1. En general, existen distintas teor\u00edas que explican la violencia de pareja, mayormente enfocadas en adultos. Sin embargo, existen elementos que diferencian la violencia de pareja en adultos de aquella que ocurre en adolescentes. 2. En el estudio de la violencia de pareja adolescente (VPA), destacan los marcadores de riesgo ambientales e individuales. A [&hellip;]","og_url":"https:\/\/psicologia.udd.cl\/ibem\/violencia-de-pareja-adolescente\/","og_site_name":"Instituto de Bienestar Socioemocional","article_modified_time":"2025-05-08T14:07:31+00:00","og_image":[{"url":"https:\/\/psicologia.udd.cl\/ibem\/files\/2024\/12\/captura-de-pantalla-2024-12-12-a-las-13-27-32-793x1024.png","type":"","width":"","height":""}],"twitter_card":"summary_large_image","twitter_misc":{"Tiempo de lectura":"1 minuto"},"schema":{"@context":"https:\/\/schema.org","@graph":[{"@type":"WebPage","@id":"https:\/\/psicologia.udd.cl\/ibem\/violencia-de-pareja-adolescente\/","url":"https:\/\/psicologia.udd.cl\/ibem\/violencia-de-pareja-adolescente\/","name":"Violencia de pareja adolescente - Instituto de Bienestar Socioemocional","isPartOf":{"@id":"https:\/\/psicologia.udd.cl\/ibem\/#website"},"primaryImageOfPage":{"@id":"https:\/\/psicologia.udd.cl\/ibem\/violencia-de-pareja-adolescente\/#primaryimage"},"image":{"@id":"https:\/\/psicologia.udd.cl\/ibem\/violencia-de-pareja-adolescente\/#primaryimage"},"thumbnailUrl":"https:\/\/psicologia.udd.cl\/ibem\/files\/2024\/12\/captura-de-pantalla-2024-12-12-a-las-13-27-32-793x1024.png","datePublished":"2024-12-12T16:31:49+00:00","dateModified":"2025-05-08T14:07:31+00:00","breadcrumb":{"@id":"https:\/\/psicologia.udd.cl\/ibem\/violencia-de-pareja-adolescente\/#breadcrumb"},"inLanguage":"es","potentialAction":[{"@type":"ReadAction","target":["https:\/\/psicologia.udd.cl\/ibem\/violencia-de-pareja-adolescente\/"]}]},{"@type":"ImageObject","inLanguage":"es","@id":"https:\/\/psicologia.udd.cl\/ibem\/violencia-de-pareja-adolescente\/#primaryimage","url":"https:\/\/psicologia.udd.cl\/ibem\/files\/2024\/12\/captura-de-pantalla-2024-12-12-a-las-13-27-32.png","contentUrl":"https:\/\/psicologia.udd.cl\/ibem\/files\/2024\/12\/captura-de-pantalla-2024-12-12-a-las-13-27-32.png","width":986,"height":1274},{"@type":"BreadcrumbList","@id":"https:\/\/psicologia.udd.cl\/ibem\/violencia-de-pareja-adolescente\/#breadcrumb","itemListElement":[{"@type":"ListItem","position":1,"name":"Portada","item":"https:\/\/psicologia.udd.cl\/ibem\/"},{"@type":"ListItem","position":2,"name":"Violencia de pareja adolescente"}]},{"@type":"WebSite","@id":"https:\/\/psicologia.udd.cl\/ibem\/#website","url":"https:\/\/psicologia.udd.cl\/ibem\/","name":"Instituto de Bienestar Socioemocional","description":"Otro sitio m\u00e1s de Psicologia","publisher":{"@id":"https:\/\/psicologia.udd.cl\/ibem\/#organization"},"inLanguage":"es"},{"@type":"Organization","@id":"https:\/\/psicologia.udd.cl\/ibem\/#organization","name":"Instituto de Bienestar Socioemocional","url":"https:\/\/psicologia.udd.cl\/ibem\/","logo":{"@type":"ImageObject","inLanguage":"es","@id":"https:\/\/psicologia.udd.cl\/ibem\/#\/schema\/logo\/image\/","url":"https:\/\/psicologia.udd.cl\/ibem\/files\/2022\/11\/ibem-logo-2.jpg","contentUrl":"https:\/\/psicologia.udd.cl\/ibem\/files\/2022\/11\/ibem-logo-2.jpg","width":952,"height":534,"caption":"Instituto de Bienestar Socioemocional"},"image":{"@id":"https:\/\/psicologia.udd.cl\/ibem\/#\/schema\/logo\/image\/"},"sameAs":["https:\/\/www.instagram.com\/ibemudd\/?hl=es-la"]}]}},"_links":{"self":[{"href":"https:\/\/psicologia.udd.cl\/ibem\/wp-json\/wp\/v2\/pages\/2908","targetHints":{"allow":["GET"]}}],"collection":[{"href":"https:\/\/psicologia.udd.cl\/ibem\/wp-json\/wp\/v2\/pages"}],"about":[{"href":"https:\/\/psicologia.udd.cl\/ibem\/wp-json\/wp\/v2\/types\/page"}],"author":[{"embeddable":true,"href":"https:\/\/psicologia.udd.cl\/ibem\/wp-json\/wp\/v2\/users\/36"}],"replies":[{"embeddable":true,"href":"https:\/\/psicologia.udd.cl\/ibem\/wp-json\/wp\/v2\/comments?post=2908"}],"version-history":[{"count":3,"href":"https:\/\/psicologia.udd.cl\/ibem\/wp-json\/wp\/v2\/pages\/2908\/revisions"}],"predecessor-version":[{"id":3072,"href":"https:\/\/psicologia.udd.cl\/ibem\/wp-json\/wp\/v2\/pages\/2908\/revisions\/3072"}],"wp:attachment":[{"href":"https:\/\/psicologia.udd.cl\/ibem\/wp-json\/wp\/v2\/media?parent=2908"}],"curies":[{"name":"wp","href":"https:\/\/api.w.org\/{rel}","templated":true}]}}