{"id":2898,"date":"2024-12-12T13:23:28","date_gmt":"2024-12-12T16:23:28","guid":{"rendered":"https:\/\/psicologia.udd.cl\/ibem\/?page_id=2898"},"modified":"2025-04-24T09:32:50","modified_gmt":"2025-04-24T13:32:50","slug":"como-se-teje-la-sociedad","status":"publish","type":"page","link":"https:\/\/psicologia.udd.cl\/ibem\/como-se-teje-la-sociedad\/","title":{"rendered":"\u00bfC\u00f3mo se teje la sociedad?"},"content":{"rendered":"\n<p><\/p>\n\n\n\n<div class=\"wp-block-media-text alignfull is-stacked-on-mobile is-vertically-aligned-top has-gray-lighter-background-color has-background\" style=\"grid-template-columns:46% auto\"><figure class=\"wp-block-media-text__media\"><a href=\"https:\/\/repositorio.udd.cl\/server\/api\/core\/bitstreams\/c8fe9ff1-0e15-4ceb-9374-33eaad0e1b06\/content\"><img loading=\"lazy\" decoding=\"async\" width=\"796\" height=\"1020\" src=\"https:\/\/psicologia.udd.cl\/ibem\/files\/2024\/12\/portada-como-se-teje-la-sociedad-1.png\" alt=\"\" class=\"wp-image-2903 size-large\" srcset=\"https:\/\/psicologia.udd.cl\/ibem\/files\/2024\/12\/portada-como-se-teje-la-sociedad-1.png 796w, https:\/\/psicologia.udd.cl\/ibem\/files\/2024\/12\/portada-como-se-teje-la-sociedad-1-234x300.png 234w, https:\/\/psicologia.udd.cl\/ibem\/files\/2024\/12\/portada-como-se-teje-la-sociedad-1-768x984.png 768w\" sizes=\"auto, (max-width: 796px) 100vw, 796px\" \/><\/a><\/figure><div class=\"wp-block-media-text__content\">\n<p class=\"has-large-font-size\"><strong>Highlights:<\/strong><\/p>\n\n\n\n<p class=\"has-small-font-size\"><strong>1. <\/strong>La cohesi\u00f3n social es esencial para la estabilidad e integraci\u00f3n de las sociedades, especialmente en contexto de cambios y crisis.<\/p>\n\n\n\n<p class=\"has-small-font-size\"><strong>2. <\/strong>La participaci\u00f3n, la inclusi\u00f3n, la confianza y el sentido de identidad compartida son algunas de las dimensiones que integran la cohesi\u00f3n social.<\/p>\n\n\n\n<p class=\"has-small-font-size\"><strong>3. <\/strong>Las escuelas son esenciales para favorecer la cohesi\u00f3n social, a trav\u00e9s del desarrollo valores de inclusi\u00f3n y respeto en las pr\u00e1cticas educativas.<\/p>\n\n\n\n<p class=\"has-small-font-size\"><strong>Autor:<\/strong> <a href=\"https:\/\/psicologia.udd.cl\/persona\/alejandro-sanchez-onate-2\/#!\/page=1\">Dr. Alejandro S\u00e1nchez<\/a><\/p>\n<\/div><\/div>\n","protected":false},"excerpt":{"rendered":"<p>Highlights: 1. La cohesi\u00f3n social es esencial para la estabilidad e integraci\u00f3n de las sociedades, especialmente en contexto de cambios y crisis. 2. La participaci\u00f3n, la inclusi\u00f3n, la confianza y el sentido de identidad compartida son algunas de las dimensiones que integran la cohesi\u00f3n social. 3. Las escuelas son esenciales para favorecer la cohesi\u00f3n social, [&hellip;]<\/p>\n","protected":false},"author":36,"featured_media":0,"parent":0,"menu_order":0,"comment_status":"closed","ping_status":"closed","template":"","meta":{"footnotes":""},"class_list":["post-2898","page","type-page","status-publish","hentry"],"yoast_head":"<!-- This site is optimized with the Yoast SEO plugin v26.9 - https:\/\/yoast.com\/product\/yoast-seo-wordpress\/ -->\n<title>\u00bfC\u00f3mo se teje la sociedad? - Instituto de Bienestar Socioemocional<\/title>\n<meta name=\"robots\" content=\"index, follow, max-snippet:-1, max-image-preview:large, max-video-preview:-1\" \/>\n<link rel=\"canonical\" href=\"https:\/\/psicologia.udd.cl\/ibem\/como-se-teje-la-sociedad\/\" \/>\n<meta property=\"og:locale\" content=\"es_ES\" \/>\n<meta property=\"og:type\" content=\"article\" \/>\n<meta property=\"og:title\" content=\"\u00bfC\u00f3mo se teje la sociedad? - Instituto de Bienestar Socioemocional\" \/>\n<meta property=\"og:description\" content=\"Highlights: 1. La cohesi\u00f3n social es esencial para la estabilidad e integraci\u00f3n de las sociedades, especialmente en contexto de cambios y crisis. 2. La participaci\u00f3n, la inclusi\u00f3n, la confianza y el sentido de identidad compartida son algunas de las dimensiones que integran la cohesi\u00f3n social. 3. Las escuelas son esenciales para favorecer la cohesi\u00f3n social, [&hellip;]\" \/>\n<meta property=\"og:url\" content=\"https:\/\/psicologia.udd.cl\/ibem\/como-se-teje-la-sociedad\/\" \/>\n<meta property=\"og:site_name\" content=\"Instituto de Bienestar Socioemocional\" \/>\n<meta property=\"article:modified_time\" content=\"2025-04-24T13:32:50+00:00\" \/>\n<meta property=\"og:image\" content=\"https:\/\/psicologia.udd.cl\/ibem\/files\/2024\/12\/portada-como-se-teje-la-sociedad-1.png\" \/>\n<meta name=\"twitter:card\" content=\"summary_large_image\" \/>\n<meta name=\"twitter:label1\" content=\"Tiempo de lectura\" \/>\n\t<meta name=\"twitter:data1\" content=\"1 minuto\" \/>\n<script type=\"application\/ld+json\" class=\"yoast-schema-graph\">{\"@context\":\"https:\/\/schema.org\",\"@graph\":[{\"@type\":\"WebPage\",\"@id\":\"https:\/\/psicologia.udd.cl\/ibem\/como-se-teje-la-sociedad\/\",\"url\":\"https:\/\/psicologia.udd.cl\/ibem\/como-se-teje-la-sociedad\/\",\"name\":\"\u00bfC\u00f3mo se teje la sociedad? - Instituto de Bienestar Socioemocional\",\"isPartOf\":{\"@id\":\"https:\/\/psicologia.udd.cl\/ibem\/#website\"},\"primaryImageOfPage\":{\"@id\":\"https:\/\/psicologia.udd.cl\/ibem\/como-se-teje-la-sociedad\/#primaryimage\"},\"image\":{\"@id\":\"https:\/\/psicologia.udd.cl\/ibem\/como-se-teje-la-sociedad\/#primaryimage\"},\"thumbnailUrl\":\"https:\/\/psicologia.udd.cl\/ibem\/files\/2024\/12\/portada-como-se-teje-la-sociedad-1.png\",\"datePublished\":\"2024-12-12T16:23:28+00:00\",\"dateModified\":\"2025-04-24T13:32:50+00:00\",\"breadcrumb\":{\"@id\":\"https:\/\/psicologia.udd.cl\/ibem\/como-se-teje-la-sociedad\/#breadcrumb\"},\"inLanguage\":\"es\",\"potentialAction\":[{\"@type\":\"ReadAction\",\"target\":[\"https:\/\/psicologia.udd.cl\/ibem\/como-se-teje-la-sociedad\/\"]}]},{\"@type\":\"ImageObject\",\"inLanguage\":\"es\",\"@id\":\"https:\/\/psicologia.udd.cl\/ibem\/como-se-teje-la-sociedad\/#primaryimage\",\"url\":\"https:\/\/psicologia.udd.cl\/ibem\/files\/2024\/12\/portada-como-se-teje-la-sociedad-1.png\",\"contentUrl\":\"https:\/\/psicologia.udd.cl\/ibem\/files\/2024\/12\/portada-como-se-teje-la-sociedad-1.png\",\"width\":796,\"height\":1020},{\"@type\":\"BreadcrumbList\",\"@id\":\"https:\/\/psicologia.udd.cl\/ibem\/como-se-teje-la-sociedad\/#breadcrumb\",\"itemListElement\":[{\"@type\":\"ListItem\",\"position\":1,\"name\":\"Portada\",\"item\":\"https:\/\/psicologia.udd.cl\/ibem\/\"},{\"@type\":\"ListItem\",\"position\":2,\"name\":\"\u00bfC\u00f3mo se teje la sociedad?\"}]},{\"@type\":\"WebSite\",\"@id\":\"https:\/\/psicologia.udd.cl\/ibem\/#website\",\"url\":\"https:\/\/psicologia.udd.cl\/ibem\/\",\"name\":\"Instituto de Bienestar Socioemocional\",\"description\":\"Otro sitio m\u00e1s de Psicologia\",\"publisher\":{\"@id\":\"https:\/\/psicologia.udd.cl\/ibem\/#organization\"},\"inLanguage\":\"es\"},{\"@type\":\"Organization\",\"@id\":\"https:\/\/psicologia.udd.cl\/ibem\/#organization\",\"name\":\"Instituto de Bienestar Socioemocional\",\"url\":\"https:\/\/psicologia.udd.cl\/ibem\/\",\"logo\":{\"@type\":\"ImageObject\",\"inLanguage\":\"es\",\"@id\":\"https:\/\/psicologia.udd.cl\/ibem\/#\/schema\/logo\/image\/\",\"url\":\"https:\/\/psicologia.udd.cl\/ibem\/files\/2022\/11\/ibem-logo-2.jpg\",\"contentUrl\":\"https:\/\/psicologia.udd.cl\/ibem\/files\/2022\/11\/ibem-logo-2.jpg\",\"width\":952,\"height\":534,\"caption\":\"Instituto de Bienestar Socioemocional\"},\"image\":{\"@id\":\"https:\/\/psicologia.udd.cl\/ibem\/#\/schema\/logo\/image\/\"},\"sameAs\":[\"https:\/\/www.instagram.com\/ibemudd\/?hl=es-la\"]}]}<\/script>\n<!-- \/ Yoast SEO plugin. -->","yoast_head_json":{"title":"\u00bfC\u00f3mo se teje la sociedad? - Instituto de Bienestar Socioemocional","robots":{"index":"index","follow":"follow","max-snippet":"max-snippet:-1","max-image-preview":"max-image-preview:large","max-video-preview":"max-video-preview:-1"},"canonical":"https:\/\/psicologia.udd.cl\/ibem\/como-se-teje-la-sociedad\/","og_locale":"es_ES","og_type":"article","og_title":"\u00bfC\u00f3mo se teje la sociedad? - Instituto de Bienestar Socioemocional","og_description":"Highlights: 1. La cohesi\u00f3n social es esencial para la estabilidad e integraci\u00f3n de las sociedades, especialmente en contexto de cambios y crisis. 2. La participaci\u00f3n, la inclusi\u00f3n, la confianza y el sentido de identidad compartida son algunas de las dimensiones que integran la cohesi\u00f3n social. 3. Las escuelas son esenciales para favorecer la cohesi\u00f3n social, [&hellip;]","og_url":"https:\/\/psicologia.udd.cl\/ibem\/como-se-teje-la-sociedad\/","og_site_name":"Instituto de Bienestar Socioemocional","article_modified_time":"2025-04-24T13:32:50+00:00","og_image":[{"url":"https:\/\/psicologia.udd.cl\/ibem\/files\/2024\/12\/portada-como-se-teje-la-sociedad-1.png","type":"","width":"","height":""}],"twitter_card":"summary_large_image","twitter_misc":{"Tiempo de lectura":"1 minuto"},"schema":{"@context":"https:\/\/schema.org","@graph":[{"@type":"WebPage","@id":"https:\/\/psicologia.udd.cl\/ibem\/como-se-teje-la-sociedad\/","url":"https:\/\/psicologia.udd.cl\/ibem\/como-se-teje-la-sociedad\/","name":"\u00bfC\u00f3mo se teje la sociedad? - Instituto de Bienestar Socioemocional","isPartOf":{"@id":"https:\/\/psicologia.udd.cl\/ibem\/#website"},"primaryImageOfPage":{"@id":"https:\/\/psicologia.udd.cl\/ibem\/como-se-teje-la-sociedad\/#primaryimage"},"image":{"@id":"https:\/\/psicologia.udd.cl\/ibem\/como-se-teje-la-sociedad\/#primaryimage"},"thumbnailUrl":"https:\/\/psicologia.udd.cl\/ibem\/files\/2024\/12\/portada-como-se-teje-la-sociedad-1.png","datePublished":"2024-12-12T16:23:28+00:00","dateModified":"2025-04-24T13:32:50+00:00","breadcrumb":{"@id":"https:\/\/psicologia.udd.cl\/ibem\/como-se-teje-la-sociedad\/#breadcrumb"},"inLanguage":"es","potentialAction":[{"@type":"ReadAction","target":["https:\/\/psicologia.udd.cl\/ibem\/como-se-teje-la-sociedad\/"]}]},{"@type":"ImageObject","inLanguage":"es","@id":"https:\/\/psicologia.udd.cl\/ibem\/como-se-teje-la-sociedad\/#primaryimage","url":"https:\/\/psicologia.udd.cl\/ibem\/files\/2024\/12\/portada-como-se-teje-la-sociedad-1.png","contentUrl":"https:\/\/psicologia.udd.cl\/ibem\/files\/2024\/12\/portada-como-se-teje-la-sociedad-1.png","width":796,"height":1020},{"@type":"BreadcrumbList","@id":"https:\/\/psicologia.udd.cl\/ibem\/como-se-teje-la-sociedad\/#breadcrumb","itemListElement":[{"@type":"ListItem","position":1,"name":"Portada","item":"https:\/\/psicologia.udd.cl\/ibem\/"},{"@type":"ListItem","position":2,"name":"\u00bfC\u00f3mo se teje la sociedad?"}]},{"@type":"WebSite","@id":"https:\/\/psicologia.udd.cl\/ibem\/#website","url":"https:\/\/psicologia.udd.cl\/ibem\/","name":"Instituto de Bienestar Socioemocional","description":"Otro sitio m\u00e1s de Psicologia","publisher":{"@id":"https:\/\/psicologia.udd.cl\/ibem\/#organization"},"inLanguage":"es"},{"@type":"Organization","@id":"https:\/\/psicologia.udd.cl\/ibem\/#organization","name":"Instituto de Bienestar Socioemocional","url":"https:\/\/psicologia.udd.cl\/ibem\/","logo":{"@type":"ImageObject","inLanguage":"es","@id":"https:\/\/psicologia.udd.cl\/ibem\/#\/schema\/logo\/image\/","url":"https:\/\/psicologia.udd.cl\/ibem\/files\/2022\/11\/ibem-logo-2.jpg","contentUrl":"https:\/\/psicologia.udd.cl\/ibem\/files\/2022\/11\/ibem-logo-2.jpg","width":952,"height":534,"caption":"Instituto de Bienestar Socioemocional"},"image":{"@id":"https:\/\/psicologia.udd.cl\/ibem\/#\/schema\/logo\/image\/"},"sameAs":["https:\/\/www.instagram.com\/ibemudd\/?hl=es-la"]}]}},"_links":{"self":[{"href":"https:\/\/psicologia.udd.cl\/ibem\/wp-json\/wp\/v2\/pages\/2898","targetHints":{"allow":["GET"]}}],"collection":[{"href":"https:\/\/psicologia.udd.cl\/ibem\/wp-json\/wp\/v2\/pages"}],"about":[{"href":"https:\/\/psicologia.udd.cl\/ibem\/wp-json\/wp\/v2\/types\/page"}],"author":[{"embeddable":true,"href":"https:\/\/psicologia.udd.cl\/ibem\/wp-json\/wp\/v2\/users\/36"}],"replies":[{"embeddable":true,"href":"https:\/\/psicologia.udd.cl\/ibem\/wp-json\/wp\/v2\/comments?post=2898"}],"version-history":[{"count":10,"href":"https:\/\/psicologia.udd.cl\/ibem\/wp-json\/wp\/v2\/pages\/2898\/revisions"}],"predecessor-version":[{"id":3083,"href":"https:\/\/psicologia.udd.cl\/ibem\/wp-json\/wp\/v2\/pages\/2898\/revisions\/3083"}],"wp:attachment":[{"href":"https:\/\/psicologia.udd.cl\/ibem\/wp-json\/wp\/v2\/media?parent=2898"}],"curies":[{"name":"wp","href":"https:\/\/api.w.org\/{rel}","templated":true}]}}