{"id":2696,"date":"2024-12-09T17:36:40","date_gmt":"2024-12-09T20:36:40","guid":{"rendered":"https:\/\/psicologia.udd.cl\/ibem\/?page_id=2696"},"modified":"2025-04-24T09:32:33","modified_gmt":"2025-04-24T13:32:33","slug":"adversidad-infantil","status":"publish","type":"page","link":"https:\/\/psicologia.udd.cl\/ibem\/adversidad-infantil\/","title":{"rendered":"Adversidad Infantil: Desde el d\u00e9ficit a los talentos ocultos"},"content":{"rendered":"\n<div class=\"wp-block-media-text is-stacked-on-mobile is-vertically-aligned-center has-gray-lighter-background-color has-background\" style=\"grid-template-columns:46% auto\"><figure class=\"wp-block-media-text__media\"><a href=\"https:\/\/repositorio.udd.cl\/server\/api\/core\/bitstreams\/1747db28-7a3a-408a-b861-fc7be3d5f51f\/content\"><img loading=\"lazy\" decoding=\"async\" width=\"788\" height=\"1024\" src=\"https:\/\/psicologia.udd.cl\/ibem\/files\/2024\/11\/ejemplo-plana-adversidad-infantil-788x1024.png\" alt=\"\" class=\"wp-image-2698 size-large\" srcset=\"https:\/\/psicologia.udd.cl\/ibem\/files\/2024\/11\/ejemplo-plana-adversidad-infantil-788x1024.png 788w, https:\/\/psicologia.udd.cl\/ibem\/files\/2024\/11\/ejemplo-plana-adversidad-infantil-231x300.png 231w, https:\/\/psicologia.udd.cl\/ibem\/files\/2024\/11\/ejemplo-plana-adversidad-infantil-768x998.png 768w, https:\/\/psicologia.udd.cl\/ibem\/files\/2024\/11\/ejemplo-plana-adversidad-infantil.png 980w\" sizes=\"auto, (max-width: 788px) 100vw, 788px\" \/><\/a><\/figure><div class=\"wp-block-media-text__content\">\n<p class=\"has-large-font-size\"><strong>Highlights: <\/strong><\/p>\n\n\n\n<p class=\"has-small-font-size\"><strong>1. <\/strong>La adversidad infantil es un fen\u00f3meno global que afecta negativamente el desarrollo biopsicosocial de millones de ni\u00f1os en todo el mundo.<\/p>\n\n\n\n<p class=\"has-small-font-size\"><strong>2. <\/strong>El estudio de la adversidad infantil se ha centrado predominantemente en el d\u00e9ficit y la vulnerabilidad, sin reconocer las fortalezas que pueden surgir durante la adversidad temprana.<\/p>\n\n\n\n<p class=\"has-small-font-size\"><strong>3. <\/strong>La perspectiva de los talentos ocultos investiga las habilidades socio-cognitivas intactas, o incluso mejoradas, que desarrollan los individuos que han crecido en contextos de alta adversidad.<\/p>\n\n\n\n<p class=\"has-small-font-size\"><strong>Autores:<\/strong> <a href=\"https:\/\/psicologia.udd.cl\/persona\/mauricio-espinoza-barria\/#!\/page=1\">Mauricio Espinoza<\/a> | <a href=\"https:\/\/psicologia.udd.cl\/persona\/jaime-silva\/#!\/page=1\">Dr. Jaime Silva<\/a><\/p>\n\n\n\n<p class=\"has-small-font-size\"><\/p>\n<\/div><\/div>\n\n\n\n<p class=\"has-large-font-size\"><\/p>\n","protected":false},"excerpt":{"rendered":"<p>Highlights: 1. La adversidad infantil es un fen\u00f3meno global que afecta negativamente el desarrollo biopsicosocial de millones de ni\u00f1os en todo el mundo. 2. El estudio de la adversidad infantil se ha centrado predominantemente en el d\u00e9ficit y la vulnerabilidad, sin reconocer las fortalezas que pueden surgir durante la adversidad temprana. 3. La perspectiva de [&hellip;]<\/p>\n","protected":false},"author":36,"featured_media":0,"parent":0,"menu_order":0,"comment_status":"closed","ping_status":"closed","template":"","meta":{"footnotes":""},"class_list":["post-2696","page","type-page","status-publish","hentry"],"yoast_head":"<!-- This site is optimized with the Yoast SEO plugin v26.9 - https:\/\/yoast.com\/product\/yoast-seo-wordpress\/ -->\n<title>Adversidad Infantil: Desde el d\u00e9ficit a los talentos ocultos - Instituto de Bienestar Socioemocional<\/title>\n<meta name=\"robots\" content=\"index, follow, max-snippet:-1, max-image-preview:large, max-video-preview:-1\" \/>\n<link rel=\"canonical\" href=\"https:\/\/psicologia.udd.cl\/ibem\/adversidad-infantil\/\" \/>\n<meta property=\"og:locale\" content=\"es_ES\" \/>\n<meta property=\"og:type\" content=\"article\" \/>\n<meta property=\"og:title\" content=\"Adversidad Infantil: Desde el d\u00e9ficit a los talentos ocultos - Instituto de Bienestar Socioemocional\" \/>\n<meta property=\"og:description\" content=\"Highlights: 1. La adversidad infantil es un fen\u00f3meno global que afecta negativamente el desarrollo biopsicosocial de millones de ni\u00f1os en todo el mundo. 2. El estudio de la adversidad infantil se ha centrado predominantemente en el d\u00e9ficit y la vulnerabilidad, sin reconocer las fortalezas que pueden surgir durante la adversidad temprana. 3. La perspectiva de [&hellip;]\" \/>\n<meta property=\"og:url\" content=\"https:\/\/psicologia.udd.cl\/ibem\/adversidad-infantil\/\" \/>\n<meta property=\"og:site_name\" content=\"Instituto de Bienestar Socioemocional\" \/>\n<meta property=\"article:modified_time\" content=\"2025-04-24T13:32:33+00:00\" \/>\n<meta property=\"og:image\" content=\"https:\/\/psicologia.udd.cl\/ibem\/files\/2024\/11\/ejemplo-plana-adversidad-infantil-788x1024.png\" \/>\n<meta name=\"twitter:card\" content=\"summary_large_image\" \/>\n<meta name=\"twitter:label1\" content=\"Tiempo de lectura\" \/>\n\t<meta name=\"twitter:data1\" content=\"1 minuto\" \/>\n<script type=\"application\/ld+json\" class=\"yoast-schema-graph\">{\"@context\":\"https:\/\/schema.org\",\"@graph\":[{\"@type\":\"WebPage\",\"@id\":\"https:\/\/psicologia.udd.cl\/ibem\/adversidad-infantil\/\",\"url\":\"https:\/\/psicologia.udd.cl\/ibem\/adversidad-infantil\/\",\"name\":\"Adversidad Infantil: Desde el d\u00e9ficit a los talentos ocultos - Instituto de Bienestar Socioemocional\",\"isPartOf\":{\"@id\":\"https:\/\/psicologia.udd.cl\/ibem\/#website\"},\"primaryImageOfPage\":{\"@id\":\"https:\/\/psicologia.udd.cl\/ibem\/adversidad-infantil\/#primaryimage\"},\"image\":{\"@id\":\"https:\/\/psicologia.udd.cl\/ibem\/adversidad-infantil\/#primaryimage\"},\"thumbnailUrl\":\"https:\/\/psicologia.udd.cl\/ibem\/files\/2024\/11\/ejemplo-plana-adversidad-infantil-788x1024.png\",\"datePublished\":\"2024-12-09T20:36:40+00:00\",\"dateModified\":\"2025-04-24T13:32:33+00:00\",\"breadcrumb\":{\"@id\":\"https:\/\/psicologia.udd.cl\/ibem\/adversidad-infantil\/#breadcrumb\"},\"inLanguage\":\"es\",\"potentialAction\":[{\"@type\":\"ReadAction\",\"target\":[\"https:\/\/psicologia.udd.cl\/ibem\/adversidad-infantil\/\"]}]},{\"@type\":\"ImageObject\",\"inLanguage\":\"es\",\"@id\":\"https:\/\/psicologia.udd.cl\/ibem\/adversidad-infantil\/#primaryimage\",\"url\":\"https:\/\/psicologia.udd.cl\/ibem\/files\/2024\/11\/ejemplo-plana-adversidad-infantil.png\",\"contentUrl\":\"https:\/\/psicologia.udd.cl\/ibem\/files\/2024\/11\/ejemplo-plana-adversidad-infantil.png\",\"width\":980,\"height\":1274},{\"@type\":\"BreadcrumbList\",\"@id\":\"https:\/\/psicologia.udd.cl\/ibem\/adversidad-infantil\/#breadcrumb\",\"itemListElement\":[{\"@type\":\"ListItem\",\"position\":1,\"name\":\"Portada\",\"item\":\"https:\/\/psicologia.udd.cl\/ibem\/\"},{\"@type\":\"ListItem\",\"position\":2,\"name\":\"Adversidad Infantil: Desde el d\u00e9ficit a los talentos ocultos\"}]},{\"@type\":\"WebSite\",\"@id\":\"https:\/\/psicologia.udd.cl\/ibem\/#website\",\"url\":\"https:\/\/psicologia.udd.cl\/ibem\/\",\"name\":\"Instituto de Bienestar Socioemocional\",\"description\":\"Otro sitio m\u00e1s de Psicologia\",\"publisher\":{\"@id\":\"https:\/\/psicologia.udd.cl\/ibem\/#organization\"},\"inLanguage\":\"es\"},{\"@type\":\"Organization\",\"@id\":\"https:\/\/psicologia.udd.cl\/ibem\/#organization\",\"name\":\"Instituto de Bienestar Socioemocional\",\"url\":\"https:\/\/psicologia.udd.cl\/ibem\/\",\"logo\":{\"@type\":\"ImageObject\",\"inLanguage\":\"es\",\"@id\":\"https:\/\/psicologia.udd.cl\/ibem\/#\/schema\/logo\/image\/\",\"url\":\"https:\/\/psicologia.udd.cl\/ibem\/files\/2022\/11\/ibem-logo-2.jpg\",\"contentUrl\":\"https:\/\/psicologia.udd.cl\/ibem\/files\/2022\/11\/ibem-logo-2.jpg\",\"width\":952,\"height\":534,\"caption\":\"Instituto de Bienestar Socioemocional\"},\"image\":{\"@id\":\"https:\/\/psicologia.udd.cl\/ibem\/#\/schema\/logo\/image\/\"},\"sameAs\":[\"https:\/\/www.instagram.com\/ibemudd\/?hl=es-la\"]}]}<\/script>\n<!-- \/ Yoast SEO plugin. -->","yoast_head_json":{"title":"Adversidad Infantil: Desde el d\u00e9ficit a los talentos ocultos - Instituto de Bienestar Socioemocional","robots":{"index":"index","follow":"follow","max-snippet":"max-snippet:-1","max-image-preview":"max-image-preview:large","max-video-preview":"max-video-preview:-1"},"canonical":"https:\/\/psicologia.udd.cl\/ibem\/adversidad-infantil\/","og_locale":"es_ES","og_type":"article","og_title":"Adversidad Infantil: Desde el d\u00e9ficit a los talentos ocultos - Instituto de Bienestar Socioemocional","og_description":"Highlights: 1. La adversidad infantil es un fen\u00f3meno global que afecta negativamente el desarrollo biopsicosocial de millones de ni\u00f1os en todo el mundo. 2. El estudio de la adversidad infantil se ha centrado predominantemente en el d\u00e9ficit y la vulnerabilidad, sin reconocer las fortalezas que pueden surgir durante la adversidad temprana. 3. La perspectiva de [&hellip;]","og_url":"https:\/\/psicologia.udd.cl\/ibem\/adversidad-infantil\/","og_site_name":"Instituto de Bienestar Socioemocional","article_modified_time":"2025-04-24T13:32:33+00:00","og_image":[{"url":"https:\/\/psicologia.udd.cl\/ibem\/files\/2024\/11\/ejemplo-plana-adversidad-infantil-788x1024.png","type":"","width":"","height":""}],"twitter_card":"summary_large_image","twitter_misc":{"Tiempo de lectura":"1 minuto"},"schema":{"@context":"https:\/\/schema.org","@graph":[{"@type":"WebPage","@id":"https:\/\/psicologia.udd.cl\/ibem\/adversidad-infantil\/","url":"https:\/\/psicologia.udd.cl\/ibem\/adversidad-infantil\/","name":"Adversidad Infantil: Desde el d\u00e9ficit a los talentos ocultos - Instituto de Bienestar Socioemocional","isPartOf":{"@id":"https:\/\/psicologia.udd.cl\/ibem\/#website"},"primaryImageOfPage":{"@id":"https:\/\/psicologia.udd.cl\/ibem\/adversidad-infantil\/#primaryimage"},"image":{"@id":"https:\/\/psicologia.udd.cl\/ibem\/adversidad-infantil\/#primaryimage"},"thumbnailUrl":"https:\/\/psicologia.udd.cl\/ibem\/files\/2024\/11\/ejemplo-plana-adversidad-infantil-788x1024.png","datePublished":"2024-12-09T20:36:40+00:00","dateModified":"2025-04-24T13:32:33+00:00","breadcrumb":{"@id":"https:\/\/psicologia.udd.cl\/ibem\/adversidad-infantil\/#breadcrumb"},"inLanguage":"es","potentialAction":[{"@type":"ReadAction","target":["https:\/\/psicologia.udd.cl\/ibem\/adversidad-infantil\/"]}]},{"@type":"ImageObject","inLanguage":"es","@id":"https:\/\/psicologia.udd.cl\/ibem\/adversidad-infantil\/#primaryimage","url":"https:\/\/psicologia.udd.cl\/ibem\/files\/2024\/11\/ejemplo-plana-adversidad-infantil.png","contentUrl":"https:\/\/psicologia.udd.cl\/ibem\/files\/2024\/11\/ejemplo-plana-adversidad-infantil.png","width":980,"height":1274},{"@type":"BreadcrumbList","@id":"https:\/\/psicologia.udd.cl\/ibem\/adversidad-infantil\/#breadcrumb","itemListElement":[{"@type":"ListItem","position":1,"name":"Portada","item":"https:\/\/psicologia.udd.cl\/ibem\/"},{"@type":"ListItem","position":2,"name":"Adversidad Infantil: Desde el d\u00e9ficit a los talentos ocultos"}]},{"@type":"WebSite","@id":"https:\/\/psicologia.udd.cl\/ibem\/#website","url":"https:\/\/psicologia.udd.cl\/ibem\/","name":"Instituto de Bienestar Socioemocional","description":"Otro sitio m\u00e1s de Psicologia","publisher":{"@id":"https:\/\/psicologia.udd.cl\/ibem\/#organization"},"inLanguage":"es"},{"@type":"Organization","@id":"https:\/\/psicologia.udd.cl\/ibem\/#organization","name":"Instituto de Bienestar Socioemocional","url":"https:\/\/psicologia.udd.cl\/ibem\/","logo":{"@type":"ImageObject","inLanguage":"es","@id":"https:\/\/psicologia.udd.cl\/ibem\/#\/schema\/logo\/image\/","url":"https:\/\/psicologia.udd.cl\/ibem\/files\/2022\/11\/ibem-logo-2.jpg","contentUrl":"https:\/\/psicologia.udd.cl\/ibem\/files\/2022\/11\/ibem-logo-2.jpg","width":952,"height":534,"caption":"Instituto de Bienestar Socioemocional"},"image":{"@id":"https:\/\/psicologia.udd.cl\/ibem\/#\/schema\/logo\/image\/"},"sameAs":["https:\/\/www.instagram.com\/ibemudd\/?hl=es-la"]}]}},"_links":{"self":[{"href":"https:\/\/psicologia.udd.cl\/ibem\/wp-json\/wp\/v2\/pages\/2696","targetHints":{"allow":["GET"]}}],"collection":[{"href":"https:\/\/psicologia.udd.cl\/ibem\/wp-json\/wp\/v2\/pages"}],"about":[{"href":"https:\/\/psicologia.udd.cl\/ibem\/wp-json\/wp\/v2\/types\/page"}],"author":[{"embeddable":true,"href":"https:\/\/psicologia.udd.cl\/ibem\/wp-json\/wp\/v2\/users\/36"}],"replies":[{"embeddable":true,"href":"https:\/\/psicologia.udd.cl\/ibem\/wp-json\/wp\/v2\/comments?post=2696"}],"version-history":[{"count":49,"href":"https:\/\/psicologia.udd.cl\/ibem\/wp-json\/wp\/v2\/pages\/2696\/revisions"}],"predecessor-version":[{"id":3025,"href":"https:\/\/psicologia.udd.cl\/ibem\/wp-json\/wp\/v2\/pages\/2696\/revisions\/3025"}],"wp:attachment":[{"href":"https:\/\/psicologia.udd.cl\/ibem\/wp-json\/wp\/v2\/media?parent=2696"}],"curies":[{"name":"wp","href":"https:\/\/api.w.org\/{rel}","templated":true}]}}