{"id":2194,"date":"2024-07-29T12:41:52","date_gmt":"2024-07-29T16:41:52","guid":{"rendered":"https:\/\/psicologia.udd.cl\/ibem\/?page_id=2194"},"modified":"2025-12-02T09:03:11","modified_gmt":"2025-12-02T12:03:11","slug":"laboratorio-de-aprendizaje-multinivel-en-educacion-superior-ames","status":"publish","type":"page","link":"https:\/\/psicologia.udd.cl\/ibem\/laboratorio-de-aprendizaje-multinivel-en-educacion-superior-ames\/","title":{"rendered":"Laboratorio de Aprendizaje Multinivel en Educaci\u00f3n Superior (AMES)"},"content":{"rendered":"\n<p><\/p>\n\n\n\n<p class=\"has-text-align-left has-xx-large-font-size\"><img loading=\"lazy\" decoding=\"async\" width=\"153\" height=\"153\" class=\"wp-image-609\" style=\"width: 80px\" src=\"https:\/\/psicologia.udd.cl\/ibem\/files\/2023\/07\/lab-ico1-1.jpg\" alt=\"\" srcset=\"https:\/\/psicologia.udd.cl\/ibem\/files\/2023\/07\/lab-ico1-1.jpg 153w, https:\/\/psicologia.udd.cl\/ibem\/files\/2023\/07\/lab-ico1-1-150x150.jpg 150w, https:\/\/psicologia.udd.cl\/ibem\/files\/2023\/07\/lab-ico1-1-62x62.jpg 62w, https:\/\/psicologia.udd.cl\/ibem\/files\/2023\/07\/lab-ico1-1-126x126.jpg 126w\" sizes=\"auto, (max-width: 153px) 100vw, 153px\" \/>  <strong>Foco l\u00ednea de investigaci\u00f3n<\/strong><\/p>\n\n\n\n<p>El prop\u00f3sito del laboratorio de investigaci\u00f3n \u00abLAB&nbsp;AMES: Aprendizaje Multinivel en Educaci\u00f3n Superior\u00bb es mejorar los procesos de ense\u00f1anza y aprendizaje en el contexto de la Educaci\u00f3n Superior en Chile. En respuesta a los cambios significativos y desaf\u00edos que ha enfrentado este sector en las \u00faltimas d\u00e9cadas, el laboratorio se establece con un enfoque en el desarrollo acad\u00e9mico. Se centra en principios como la interacci\u00f3n contextual y cultural en el aprendizaje, el proceso constructivista, la relaci\u00f3n profesor-estudiante, y la integraci\u00f3n del aprendizaje en el curr\u00edculo. El objetivo es abordar la problem\u00e1tica de la deserci\u00f3n y la adaptaci\u00f3n de los estudiantes, as\u00ed como mejorar las competencias docentes y de los estudiantes a trav\u00e9s de investigaciones que analicen desde el nivel institucional hasta el individual.<\/p>\n\n\n\n<ul class=\"wp-block-list\">\n<li>Promoci\u00f3n de la autorregulaci\u00f3n del aprendizaje en educaci\u00f3n superior. Liderada por la Dra. Daniela Bruna.<\/li>\n<\/ul>\n\n\n\n<ul class=\"wp-block-list\">\n<li>Determinantes del Bienestar asociados al \u00c9xito en la Educaci\u00f3n Superior. Liderada por la Dra. Rubia Cobo.<\/li>\n<\/ul>\n\n\n\n<ul class=\"wp-block-list\">\n<li>Pr\u00e1cticas de ense\u00f1anza e investigaci\u00f3n en docencia. Liderada por el Dr. Alejandro S\u00e1nchez.&nbsp;<\/li>\n<\/ul>\n\n\n\n<p><\/p>\n\n\n\n<p class=\"has-text-align-left has-xx-large-font-size\"><img loading=\"lazy\" decoding=\"async\" width=\"153\" height=\"153\" class=\"wp-image-572\" style=\"width: 80px\" src=\"https:\/\/psicologia.udd.cl\/ibem\/files\/2023\/07\/lab-ico3.jpg\" alt=\"\" srcset=\"https:\/\/psicologia.udd.cl\/ibem\/files\/2023\/07\/lab-ico3.jpg 153w, https:\/\/psicologia.udd.cl\/ibem\/files\/2023\/07\/lab-ico3-150x150.jpg 150w, https:\/\/psicologia.udd.cl\/ibem\/files\/2023\/07\/lab-ico3-62x62.jpg 62w, https:\/\/psicologia.udd.cl\/ibem\/files\/2023\/07\/lab-ico3-126x126.jpg 126w\" sizes=\"auto, (max-width: 153px) 100vw, 153px\" \/>  <strong>Objetivos<\/strong><\/p>\n\n\n\n<p><strong>Objetivo General:<\/strong><\/p>\n\n\n\n<p>Contribuir al desarrollo de investigaci\u00f3n b\u00e1sica y aplicada para comprender el aprendizaje en educaci\u00f3n superior desde un enfoque multinivel, contribuyendo con evidencia para mejorar e intervenir en la mejora de los procesos acad\u00e9micos, la convivencia, el bienestar y desarrollo socioemocional de sus diferentes actores.<\/p>\n\n\n\n<p><strong>Objetivos Espec\u00edficos:<\/strong><\/p>\n\n\n\n<ol class=\"wp-block-list\">\n<li>Identificar las necesidades y desaf\u00edos que enfrentan los estudiantes y los docentes en el proceso de ense\u00f1anza y aprendizaje en la educaci\u00f3n superior.<\/li>\n\n\n\n<li>Generar conocimiento que permita la implementaci\u00f3n de pr\u00e1cticas innovadoras centradas en el aprendizaje y en los contextos de aprendizaje<\/li>\n\n\n\n<li>Promover un ambiente educativo favorable para el bienestar estudiantil y el desarrollo acad\u00e9mico de los estudiantes.<\/li>\n\n\n\n<li>Contribuir a la formaci\u00f3n en docencia para la educaci\u00f3n superior que responda de forma pertinente a los desaf\u00edos a nivel nacional e internacional.<\/li>\n\n\n\n<li>Evaluar el impacto de diferentes enfoques pedag\u00f3gicos y tecnolog\u00edas educativas en el proceso de ense\u00f1anza y aprendizaje, con el fin de optimizar la formaci\u00f3n de los futuros profesionales en un mundo cada vez m\u00e1s globalizado y competitivo.<\/li>\n\n\n\n<li>Establecer alianzas a nivel nacional e internacional para la consolidaci\u00f3n de redes de investigaci\u00f3n en ense\u00f1anza y aprendizaje en la educaci\u00f3n superior.  <\/li>\n<\/ol>\n\n\n\n<p class=\"has-text-align-left has-xx-large-font-size\"><img loading=\"lazy\" decoding=\"async\" width=\"153\" height=\"153\" class=\"wp-image-573\" style=\"width: 80px\" src=\"https:\/\/psicologia.udd.cl\/ibem\/files\/2023\/07\/log-icon-4.jpg\" alt=\"\" srcset=\"https:\/\/psicologia.udd.cl\/ibem\/files\/2023\/07\/log-icon-4.jpg 153w, https:\/\/psicologia.udd.cl\/ibem\/files\/2023\/07\/log-icon-4-150x150.jpg 150w, https:\/\/psicologia.udd.cl\/ibem\/files\/2023\/07\/log-icon-4-62x62.jpg 62w, https:\/\/psicologia.udd.cl\/ibem\/files\/2023\/07\/log-icon-4-126x126.jpg 126w\" sizes=\"auto, (max-width: 153px) 100vw, 153px\" \/>  <strong>Equipo<\/strong><\/p>\n\n\n<!-- WP Block: UDD - Access Image -->\n<section class=\"wp-block-udd-access-image\n has-odd-elements has-3x-elements\">\n\t<div class=\"container\">\n\t\t\t\t<div class=\"block__content\">\n\t\t\t<div class=\"access-images\">\n\t\t\t\t\t\t\t<div class=\"access-image-wrapper\">\n\t\t\t\t\t<a href=\"https:\/\/psicologia.udd.cl\/persona\/daniela-bruna-jofre-2\/#!\/page=1\" data-url=\"https:\/\/psicologia.udd.cl\/persona\/daniela-bruna-jofre-2\/#!\/page=1\" class=\"access-image\">\n\t\t\t\t\t<img loading=\"lazy\" decoding=\"async\" width=\"680\" height=\"382\" src=\"https:\/\/psicologia.udd.cl\/ibem\/files\/2024\/07\/daniela-bruna-680x382.jpg\" class=\"access-image__image lazyload\" alt=\"\" data-src=\"https:\/\/psicologia.udd.cl\/ibem\/files\/2024\/07\/daniela-bruna-680x382.jpg\" \/>\t\t\t\t\t\t<div class=\"access-image__content\">\n\t\t\t\t\t\t\t<h3 class=\"access-image__title\">Dra. Daniela Bruna<\/h3>\n\t\t\t\t\t\t\t<span class=\"access-image__action\">Conocer m\u00e1s<\/span>\n\t\t\t\t\t\t<\/div>\n\t\t\t\t\t<\/a>\n\t\t\t\t<\/div>\n\t\t\t\t\t\t\t<div class=\"access-image-wrapper\">\n\t\t\t\t\t<a href=\"https:\/\/psicologia.udd.cl\/persona\/rubia-consuelo-cobo-rendon\/#!\/page=1\" data-url=\"https:\/\/psicologia.udd.cl\/persona\/rubia-consuelo-cobo-rendon\/#!\/page=1\" class=\"access-image\">\n\t\t\t\t\t<img loading=\"lazy\" decoding=\"async\" width=\"500\" height=\"382\" src=\"https:\/\/psicologia.udd.cl\/ibem\/files\/2023\/07\/rubia-cobo.jpg\" class=\"access-image__image lazyload\" alt=\"\" sizes=\"auto, (max-width: 500px) 100vw, 500px\" data-src=\"https:\/\/psicologia.udd.cl\/ibem\/files\/2023\/07\/rubia-cobo.jpg\" data-srcset=\"https:\/\/psicologia.udd.cl\/ibem\/files\/2023\/07\/rubia-cobo.jpg 500w, https:\/\/psicologia.udd.cl\/ibem\/files\/2023\/07\/rubia-cobo-300x229.jpg 300w, https:\/\/psicologia.udd.cl\/ibem\/files\/2023\/07\/rubia-cobo-182x140.jpg 182w\" \/>\t\t\t\t\t\t<div class=\"access-image__content\">\n\t\t\t\t\t\t\t<h3 class=\"access-image__title\">Rubia Cobo Rend\u00f3n<\/h3>\n\t\t\t\t\t\t\t<span class=\"access-image__action\">Conocer m\u00e1s<\/span>\n\t\t\t\t\t\t<\/div>\n\t\t\t\t\t<\/a>\n\t\t\t\t<\/div>\n\t\t\t\t\t\t\t<div class=\"access-image-wrapper\">\n\t\t\t\t\t<a href=\"https:\/\/psicologia.udd.cl\/persona\/alejandro-sanchez-onate-2\/#!\/page=1\" data-url=\"https:\/\/psicologia.udd.cl\/persona\/alejandro-sanchez-onate-2\/#!\/page=1\" class=\"access-image\">\n\t\t\t\t\t<img loading=\"lazy\" decoding=\"async\" width=\"500\" height=\"382\" src=\"https:\/\/psicologia.udd.cl\/ibem\/files\/2024\/07\/alejandro-sanchez-500x382.jpeg\" class=\"access-image__image lazyload\" alt=\"\" sizes=\"auto, (max-width: 500px) 100vw, 500px\" data-src=\"https:\/\/psicologia.udd.cl\/ibem\/files\/2024\/07\/alejandro-sanchez-500x382.jpeg\" data-srcset=\"https:\/\/psicologia.udd.cl\/ibem\/files\/2024\/07\/alejandro-sanchez-500x382.jpeg 500w, https:\/\/psicologia.udd.cl\/ibem\/files\/2024\/07\/alejandro-sanchez-182x140.jpeg 182w\" \/>\t\t\t\t\t\t<div class=\"access-image__content\">\n\t\t\t\t\t\t\t<h3 class=\"access-image__title\">Dr. Alejandro S\u00e1nchez<\/h3>\n\t\t\t\t\t\t\t<span class=\"access-image__action\">Conocer m\u00e1s<\/span>\n\t\t\t\t\t\t<\/div>\n\t\t\t\t\t<\/a>\n\t\t\t\t<\/div>\n\t\t\t\t\t<\/div>\n\t<\/div>\n<\/section>\n\n\n\n<p class=\"has-text-align-left has-xx-large-font-size\"><img loading=\"lazy\" decoding=\"async\" width=\"153\" height=\"153\" class=\"wp-image-574\" style=\"width: 80px\" src=\"https:\/\/psicologia.udd.cl\/ibem\/files\/2023\/07\/log-icon-5.jpg\" alt=\"\" srcset=\"https:\/\/psicologia.udd.cl\/ibem\/files\/2023\/07\/log-icon-5.jpg 153w, https:\/\/psicologia.udd.cl\/ibem\/files\/2023\/07\/log-icon-5-150x150.jpg 150w, https:\/\/psicologia.udd.cl\/ibem\/files\/2023\/07\/log-icon-5-62x62.jpg 62w, https:\/\/psicologia.udd.cl\/ibem\/files\/2023\/07\/log-icon-5-126x126.jpg 126w\" sizes=\"auto, (max-width: 153px) 100vw, 153px\" \/>  <strong>Redes y trabajo colaborativo<\/strong><\/p>\n\n\n\n<p><strong>Nacionales:&nbsp;<\/strong><\/p>\n\n\n\n<ul class=\"wp-block-list\">\n<li>Universidad de Concepci\u00f3n<\/li>\n\n\n\n<li>Universidad Cat\u00f3lica de la Sant\u00edsima Concepci\u00f3n&nbsp;<\/li>\n\n\n\n<li>Universidad del B\u00edo B\u00edo&nbsp;<\/li>\n<\/ul>\n\n\n\n<p><strong>Internacionales:<\/strong><\/p>\n\n\n\n<ul class=\"wp-block-list\">\n<li>Universidad de Hong Kong&nbsp;<\/li>\n\n\n\n<li>Universidad de Oviedo, Espa\u00f1a&nbsp;<\/li>\n\n\n\n<li>Universidad de Barcelona, Espa\u00f1a<\/li>\n\n\n\n<li>Universidad de Cuenca, Ecuador<\/li>\n\n\n\n<li>Universidad Metropolitana, Venezuela&nbsp;<\/li>\n\n\n\n<li>Universidad de Montevideo, Ururguay&nbsp;<\/li>\n<\/ul>\n\n\n\n<p class=\"has-xx-large-font-size\"><img loading=\"lazy\" decoding=\"async\" width=\"153\" height=\"153\" class=\"wp-image-612\" style=\"width: 80px\" src=\"https:\/\/psicologia.udd.cl\/ibem\/files\/2023\/07\/lab-ico2-2.jpg\" alt=\"\" srcset=\"https:\/\/psicologia.udd.cl\/ibem\/files\/2023\/07\/lab-ico2-2.jpg 153w, https:\/\/psicologia.udd.cl\/ibem\/files\/2023\/07\/lab-ico2-2-150x150.jpg 150w, https:\/\/psicologia.udd.cl\/ibem\/files\/2023\/07\/lab-ico2-2-62x62.jpg 62w, https:\/\/psicologia.udd.cl\/ibem\/files\/2023\/07\/lab-ico2-2-126x126.jpg 126w\" sizes=\"auto, (max-width: 153px) 100vw, 153px\" \/><strong><strong><strong>Proyectos<\/strong><\/strong><\/strong><\/p>\n\n\n<!-- WP Block: UDD - Cards Alternate -->\n<section class=\"wp-block-udd-access-cards\">\n\t<div class=\"container\">\n\t\t\t\t<div class=\"block__content\">\n\t\t\t<div class=\"access-cards\">\n\t\t\t\t\t\t\t<div class=\"access-card-wrapper\">\n\t\t\t\t\t\t\t\t\t\t<div class=\"access-card\">\n\t\t\t\t\t\t<h3 class=\"access-card__title\">PADT Regular<\/h3>\n\t\t\t\t\t\t<p class=\"access-card__description\">\n\t\t\t\t\t\t\tSOCIALSCOPE Software de realidad virtual para el desarrollo de competencias investigativas en ciencias sociales. IR Dr. Alejandro S\u00e1nchez O\u00f1ate.\u00a0\t\t\t\t\t\t<\/p>\n\t\t\t\t\t\t\t\t\t\t\t\t\t\t\t\t<\/div>\n\t\t\t\t<\/div>\n\t\t\t\t\t\t\t<div class=\"access-card-wrapper\">\n\t\t\t\t\t\t\t\t\t\t<div class=\"access-card\">\n\t\t\t\t\t\t<h3 class=\"access-card__title\">Editorial UDD-Springer<\/h3>\n\t\t\t\t\t\t<p class=\"access-card__description\">\n\t\t\t\t\t\t\tPerspectives on Well-Being in Educational Contexts. Editores: Rubia Cobo-Rend\u00f3n, Diego Garc\u00eda-\u00c1lvarez (U. Metropolitana, U. de Montevideo), Alejandro S\u00e1nchez y Daniela Bruna.\t\t\t\t\t\t<\/p>\n\t\t\t\t\t\t\t\t\t\t\t\t\t\t\t\t<\/div>\n\t\t\t\t<\/div>\n\t\t\t\t\t\t\t<div class=\"access-card-wrapper\">\n\t\t\t\t\t\t\t\t\t\t<div class=\"access-card\">\n\t\t\t\t\t\t<h3 class=\"access-card__title\">Proyecto Eduscopio<\/h3>\n\t\t\t\t\t\t<p class=\"access-card__description\">\n\t\t\t\t\t\t\tEsta iniciativa nace para investigar y buscar transformar la docencia universitaria en la Facultad de Psicolog\u00eda. \t\t\t\t\t\t<\/p>\n\t\t\t\t\t\t\t\t\t\t\t<ul class=\"access-card__nav\">\n\t\t\t\t\t\t\t\t\t\t\t\t\t<li class=\"access-card__nav-item\">\n\t\t\t\t\t\t\t\t\t\t\t\t\t\t\t<a href=\"https:\/\/psicologia.udd.cl\/proyecto-eduscopio\/\" class=\"\" data-url=\"https:\/\/psicologia.udd.cl\/proyecto-eduscopio\/\">Revisa nuestras iniciativas<\/a>\t\t\t\t\t\t\t\t\t\t\t\t\t\t\t\t\t\t\t<\/ul>\n\t\t\t\t\t\t\t\t\t\t\t\t\t\t\t\t<\/div>\n\t\t\t\t<\/div>\n\t\t\t\t\t\t<\/div>\n\t\t<\/div>\n\t<\/div>\n<\/section>\n\n\n\n<p class=\"has-xx-large-font-size\"><img loading=\"lazy\" decoding=\"async\" width=\"150\" height=\"150\" class=\"wp-image-1003\" style=\"width: 80px\" src=\"https:\/\/psicologia.udd.cl\/ibem\/files\/2023\/07\/icono-3.png\" alt=\"\" srcset=\"https:\/\/psicologia.udd.cl\/ibem\/files\/2023\/07\/icono-3.png 150w, https:\/\/psicologia.udd.cl\/ibem\/files\/2023\/07\/icono-3-62x62.png 62w, https:\/\/psicologia.udd.cl\/ibem\/files\/2023\/07\/icono-3-126x126.png 126w\" sizes=\"auto, (max-width: 150px) 100vw, 150px\" \/>  <strong>Ejes tema\u0301ticos que tributa<\/strong><\/p>\n\n\n\n<p><strong>Promoci\u00f3n de la autorregulaci\u00f3n del aprendizaje en educaci\u00f3n superior: <\/strong>Conducido por la Dra. Daniela Bruna J., este eje se enfoca en estrategias y pr\u00e1cticas que fomenten la capacidad de los estudiantes para gestionar su propio aprendizaje, promoviendo habilidades que les permitan establecer metas, monitorizar su progreso y reflexionar sobre sus procesos educativos.<\/p>\n\n\n\n<p><strong>Determinantes del Bienestar asociados al \u00c9xito en la Educaci\u00f3n Superior: <\/strong>Liderado por la Dra. Rubia Cobo Rend\u00f3n, este eje investiga los factores que influyen en el bienestar de los estudiantes y su relaci\u00f3n con el \u00e9xito acad\u00e9mico. Se centra en identificar las condiciones o caracter\u00edsticas que promueven una experiencia educativa positiva y apoyan la retenci\u00f3n y el rendimiento de los estudiantes.<\/p>\n\n\n\n<p><strong>Pr\u00e1cticas de ense\u00f1anza e investigaci\u00f3n en docencia:<\/strong> Bajo la conducci\u00f3n del Dr. Alejandro S\u00e1nchez, este eje se dedica a explorar y analizar las metodolog\u00edas de ense\u00f1anza y las pr\u00e1cticas docentes. Se busca mejorar la calidad de la educaci\u00f3n a trav\u00e9s de la investigaci\u00f3n en las estrategias pedag\u00f3gicas utilizadas en el aula y su impacto en los resultados de aprendizaje de los estudiantes.<\/p>\n\n\n\n<p><\/p>\n","protected":false},"excerpt":{"rendered":"<p>Foco l\u00ednea de investigaci\u00f3n El prop\u00f3sito del laboratorio de investigaci\u00f3n \u00abLAB&nbsp;AMES: Aprendizaje Multinivel en Educaci\u00f3n Superior\u00bb es mejorar los procesos de ense\u00f1anza y aprendizaje en el contexto de la Educaci\u00f3n Superior en Chile. En respuesta a los cambios significativos y desaf\u00edos que ha enfrentado este sector en las \u00faltimas d\u00e9cadas, el laboratorio se establece con [&hellip;]<\/p>\n","protected":false},"author":36,"featured_media":2233,"parent":0,"menu_order":0,"comment_status":"closed","ping_status":"closed","template":"","meta":{"footnotes":""},"class_list":["post-2194","page","type-page","status-publish","has-post-thumbnail","hentry"],"yoast_head":"<!-- This site is optimized with the Yoast SEO plugin v26.9 - https:\/\/yoast.com\/product\/yoast-seo-wordpress\/ -->\n<title>Laboratorio de Aprendizaje Multinivel en Educaci\u00f3n Superior (AMES) - Instituto de Bienestar Socioemocional<\/title>\n<meta name=\"description\" content=\"El laboratorio AMES tiene como prop\u00f3sito es mejorar los procesos de ense\u00f1anza y aprendizaje en el contexto de la Educaci\u00f3n Superior en Chile.\" \/>\n<meta name=\"robots\" content=\"index, follow, max-snippet:-1, max-image-preview:large, max-video-preview:-1\" \/>\n<link rel=\"canonical\" href=\"https:\/\/psicologia.udd.cl\/ibem\/laboratorio-de-aprendizaje-multinivel-en-educacion-superior-ames\/\" \/>\n<meta property=\"og:locale\" content=\"es_ES\" \/>\n<meta property=\"og:type\" content=\"article\" \/>\n<meta property=\"og:title\" content=\"Laboratorio de Aprendizaje Multinivel en Educaci\u00f3n Superior (AMES) - Instituto de Bienestar Socioemocional\" \/>\n<meta property=\"og:description\" content=\"El laboratorio AMES tiene como prop\u00f3sito es mejorar los procesos de ense\u00f1anza y aprendizaje en el contexto de la Educaci\u00f3n Superior en Chile.\" \/>\n<meta property=\"og:url\" content=\"https:\/\/psicologia.udd.cl\/ibem\/laboratorio-de-aprendizaje-multinivel-en-educacion-superior-ames\/\" \/>\n<meta property=\"og:site_name\" content=\"Instituto de Bienestar Socioemocional\" \/>\n<meta property=\"article:modified_time\" content=\"2025-12-02T12:03:11+00:00\" \/>\n<meta property=\"og:image\" content=\"https:\/\/psicologia.udd.cl\/ibem\/files\/2024\/07\/portada-ames-1.png\" \/>\n\t<meta property=\"og:image:width\" content=\"1920\" \/>\n\t<meta property=\"og:image:height\" content=\"616\" \/>\n\t<meta property=\"og:image:type\" content=\"image\/png\" \/>\n<meta name=\"twitter:card\" content=\"summary_large_image\" \/>\n<meta name=\"twitter:label1\" content=\"Tiempo de lectura\" \/>\n\t<meta name=\"twitter:data1\" content=\"5 minutos\" \/>\n<script type=\"application\/ld+json\" class=\"yoast-schema-graph\">{\"@context\":\"https:\/\/schema.org\",\"@graph\":[{\"@type\":\"WebPage\",\"@id\":\"https:\/\/psicologia.udd.cl\/ibem\/laboratorio-de-aprendizaje-multinivel-en-educacion-superior-ames\/\",\"url\":\"https:\/\/psicologia.udd.cl\/ibem\/laboratorio-de-aprendizaje-multinivel-en-educacion-superior-ames\/\",\"name\":\"Laboratorio de Aprendizaje Multinivel en Educaci\u00f3n Superior (AMES) - Instituto de Bienestar Socioemocional\",\"isPartOf\":{\"@id\":\"https:\/\/psicologia.udd.cl\/ibem\/#website\"},\"primaryImageOfPage\":{\"@id\":\"https:\/\/psicologia.udd.cl\/ibem\/laboratorio-de-aprendizaje-multinivel-en-educacion-superior-ames\/#primaryimage\"},\"image\":{\"@id\":\"https:\/\/psicologia.udd.cl\/ibem\/laboratorio-de-aprendizaje-multinivel-en-educacion-superior-ames\/#primaryimage\"},\"thumbnailUrl\":\"https:\/\/psicologia.udd.cl\/ibem\/files\/2024\/07\/portada-ames-1.png\",\"datePublished\":\"2024-07-29T16:41:52+00:00\",\"dateModified\":\"2025-12-02T12:03:11+00:00\",\"description\":\"El laboratorio AMES tiene como prop\u00f3sito es mejorar los procesos de ense\u00f1anza y aprendizaje en el contexto de la Educaci\u00f3n Superior en Chile.\",\"breadcrumb\":{\"@id\":\"https:\/\/psicologia.udd.cl\/ibem\/laboratorio-de-aprendizaje-multinivel-en-educacion-superior-ames\/#breadcrumb\"},\"inLanguage\":\"es\",\"potentialAction\":[{\"@type\":\"ReadAction\",\"target\":[\"https:\/\/psicologia.udd.cl\/ibem\/laboratorio-de-aprendizaje-multinivel-en-educacion-superior-ames\/\"]}]},{\"@type\":\"ImageObject\",\"inLanguage\":\"es\",\"@id\":\"https:\/\/psicologia.udd.cl\/ibem\/laboratorio-de-aprendizaje-multinivel-en-educacion-superior-ames\/#primaryimage\",\"url\":\"https:\/\/psicologia.udd.cl\/ibem\/files\/2024\/07\/portada-ames-1.png\",\"contentUrl\":\"https:\/\/psicologia.udd.cl\/ibem\/files\/2024\/07\/portada-ames-1.png\",\"width\":1920,\"height\":616},{\"@type\":\"BreadcrumbList\",\"@id\":\"https:\/\/psicologia.udd.cl\/ibem\/laboratorio-de-aprendizaje-multinivel-en-educacion-superior-ames\/#breadcrumb\",\"itemListElement\":[{\"@type\":\"ListItem\",\"position\":1,\"name\":\"Portada\",\"item\":\"https:\/\/psicologia.udd.cl\/ibem\/\"},{\"@type\":\"ListItem\",\"position\":2,\"name\":\"Laboratorio de Aprendizaje Multinivel en Educaci\u00f3n Superior (AMES)\"}]},{\"@type\":\"WebSite\",\"@id\":\"https:\/\/psicologia.udd.cl\/ibem\/#website\",\"url\":\"https:\/\/psicologia.udd.cl\/ibem\/\",\"name\":\"Instituto de Bienestar Socioemocional\",\"description\":\"Otro sitio m\u00e1s de Psicologia\",\"publisher\":{\"@id\":\"https:\/\/psicologia.udd.cl\/ibem\/#organization\"},\"inLanguage\":\"es\"},{\"@type\":\"Organization\",\"@id\":\"https:\/\/psicologia.udd.cl\/ibem\/#organization\",\"name\":\"Instituto de Bienestar Socioemocional\",\"url\":\"https:\/\/psicologia.udd.cl\/ibem\/\",\"logo\":{\"@type\":\"ImageObject\",\"inLanguage\":\"es\",\"@id\":\"https:\/\/psicologia.udd.cl\/ibem\/#\/schema\/logo\/image\/\",\"url\":\"https:\/\/psicologia.udd.cl\/ibem\/files\/2022\/11\/ibem-logo-2.jpg\",\"contentUrl\":\"https:\/\/psicologia.udd.cl\/ibem\/files\/2022\/11\/ibem-logo-2.jpg\",\"width\":952,\"height\":534,\"caption\":\"Instituto de Bienestar Socioemocional\"},\"image\":{\"@id\":\"https:\/\/psicologia.udd.cl\/ibem\/#\/schema\/logo\/image\/\"},\"sameAs\":[\"https:\/\/www.instagram.com\/ibemudd\/?hl=es-la\"]}]}<\/script>\n<!-- \/ Yoast SEO plugin. -->","yoast_head_json":{"title":"Laboratorio de Aprendizaje Multinivel en Educaci\u00f3n Superior (AMES) - Instituto de Bienestar Socioemocional","description":"El laboratorio AMES tiene como prop\u00f3sito es mejorar los procesos de ense\u00f1anza y aprendizaje en el contexto de la Educaci\u00f3n Superior en Chile.","robots":{"index":"index","follow":"follow","max-snippet":"max-snippet:-1","max-image-preview":"max-image-preview:large","max-video-preview":"max-video-preview:-1"},"canonical":"https:\/\/psicologia.udd.cl\/ibem\/laboratorio-de-aprendizaje-multinivel-en-educacion-superior-ames\/","og_locale":"es_ES","og_type":"article","og_title":"Laboratorio de Aprendizaje Multinivel en Educaci\u00f3n Superior (AMES) - Instituto de Bienestar Socioemocional","og_description":"El laboratorio AMES tiene como prop\u00f3sito es mejorar los procesos de ense\u00f1anza y aprendizaje en el contexto de la Educaci\u00f3n Superior en Chile.","og_url":"https:\/\/psicologia.udd.cl\/ibem\/laboratorio-de-aprendizaje-multinivel-en-educacion-superior-ames\/","og_site_name":"Instituto de Bienestar Socioemocional","article_modified_time":"2025-12-02T12:03:11+00:00","og_image":[{"width":1920,"height":616,"url":"https:\/\/psicologia.udd.cl\/ibem\/files\/2024\/07\/portada-ames-1.png","type":"image\/png"}],"twitter_card":"summary_large_image","twitter_misc":{"Tiempo de lectura":"5 minutos"},"schema":{"@context":"https:\/\/schema.org","@graph":[{"@type":"WebPage","@id":"https:\/\/psicologia.udd.cl\/ibem\/laboratorio-de-aprendizaje-multinivel-en-educacion-superior-ames\/","url":"https:\/\/psicologia.udd.cl\/ibem\/laboratorio-de-aprendizaje-multinivel-en-educacion-superior-ames\/","name":"Laboratorio de Aprendizaje Multinivel en Educaci\u00f3n Superior (AMES) - Instituto de Bienestar Socioemocional","isPartOf":{"@id":"https:\/\/psicologia.udd.cl\/ibem\/#website"},"primaryImageOfPage":{"@id":"https:\/\/psicologia.udd.cl\/ibem\/laboratorio-de-aprendizaje-multinivel-en-educacion-superior-ames\/#primaryimage"},"image":{"@id":"https:\/\/psicologia.udd.cl\/ibem\/laboratorio-de-aprendizaje-multinivel-en-educacion-superior-ames\/#primaryimage"},"thumbnailUrl":"https:\/\/psicologia.udd.cl\/ibem\/files\/2024\/07\/portada-ames-1.png","datePublished":"2024-07-29T16:41:52+00:00","dateModified":"2025-12-02T12:03:11+00:00","description":"El laboratorio AMES tiene como prop\u00f3sito es mejorar los procesos de ense\u00f1anza y aprendizaje en el contexto de la Educaci\u00f3n Superior en Chile.","breadcrumb":{"@id":"https:\/\/psicologia.udd.cl\/ibem\/laboratorio-de-aprendizaje-multinivel-en-educacion-superior-ames\/#breadcrumb"},"inLanguage":"es","potentialAction":[{"@type":"ReadAction","target":["https:\/\/psicologia.udd.cl\/ibem\/laboratorio-de-aprendizaje-multinivel-en-educacion-superior-ames\/"]}]},{"@type":"ImageObject","inLanguage":"es","@id":"https:\/\/psicologia.udd.cl\/ibem\/laboratorio-de-aprendizaje-multinivel-en-educacion-superior-ames\/#primaryimage","url":"https:\/\/psicologia.udd.cl\/ibem\/files\/2024\/07\/portada-ames-1.png","contentUrl":"https:\/\/psicologia.udd.cl\/ibem\/files\/2024\/07\/portada-ames-1.png","width":1920,"height":616},{"@type":"BreadcrumbList","@id":"https:\/\/psicologia.udd.cl\/ibem\/laboratorio-de-aprendizaje-multinivel-en-educacion-superior-ames\/#breadcrumb","itemListElement":[{"@type":"ListItem","position":1,"name":"Portada","item":"https:\/\/psicologia.udd.cl\/ibem\/"},{"@type":"ListItem","position":2,"name":"Laboratorio de Aprendizaje Multinivel en Educaci\u00f3n Superior (AMES)"}]},{"@type":"WebSite","@id":"https:\/\/psicologia.udd.cl\/ibem\/#website","url":"https:\/\/psicologia.udd.cl\/ibem\/","name":"Instituto de Bienestar Socioemocional","description":"Otro sitio m\u00e1s de Psicologia","publisher":{"@id":"https:\/\/psicologia.udd.cl\/ibem\/#organization"},"inLanguage":"es"},{"@type":"Organization","@id":"https:\/\/psicologia.udd.cl\/ibem\/#organization","name":"Instituto de Bienestar Socioemocional","url":"https:\/\/psicologia.udd.cl\/ibem\/","logo":{"@type":"ImageObject","inLanguage":"es","@id":"https:\/\/psicologia.udd.cl\/ibem\/#\/schema\/logo\/image\/","url":"https:\/\/psicologia.udd.cl\/ibem\/files\/2022\/11\/ibem-logo-2.jpg","contentUrl":"https:\/\/psicologia.udd.cl\/ibem\/files\/2022\/11\/ibem-logo-2.jpg","width":952,"height":534,"caption":"Instituto de Bienestar Socioemocional"},"image":{"@id":"https:\/\/psicologia.udd.cl\/ibem\/#\/schema\/logo\/image\/"},"sameAs":["https:\/\/www.instagram.com\/ibemudd\/?hl=es-la"]}]}},"_links":{"self":[{"href":"https:\/\/psicologia.udd.cl\/ibem\/wp-json\/wp\/v2\/pages\/2194","targetHints":{"allow":["GET"]}}],"collection":[{"href":"https:\/\/psicologia.udd.cl\/ibem\/wp-json\/wp\/v2\/pages"}],"about":[{"href":"https:\/\/psicologia.udd.cl\/ibem\/wp-json\/wp\/v2\/types\/page"}],"author":[{"embeddable":true,"href":"https:\/\/psicologia.udd.cl\/ibem\/wp-json\/wp\/v2\/users\/36"}],"replies":[{"embeddable":true,"href":"https:\/\/psicologia.udd.cl\/ibem\/wp-json\/wp\/v2\/comments?post=2194"}],"version-history":[{"count":9,"href":"https:\/\/psicologia.udd.cl\/ibem\/wp-json\/wp\/v2\/pages\/2194\/revisions"}],"predecessor-version":[{"id":3561,"href":"https:\/\/psicologia.udd.cl\/ibem\/wp-json\/wp\/v2\/pages\/2194\/revisions\/3561"}],"wp:featuredmedia":[{"embeddable":true,"href":"https:\/\/psicologia.udd.cl\/ibem\/wp-json\/wp\/v2\/media\/2233"}],"wp:attachment":[{"href":"https:\/\/psicologia.udd.cl\/ibem\/wp-json\/wp\/v2\/media?parent=2194"}],"curies":[{"name":"wp","href":"https:\/\/api.w.org\/{rel}","templated":true}]}}