{"id":1062,"date":"2023-07-31T20:35:53","date_gmt":"2023-07-31T20:35:53","guid":{"rendered":"https:\/\/psicologia.udd.cl\/ibem\/?page_id=1062"},"modified":"2024-10-14T12:45:22","modified_gmt":"2024-10-14T15:45:22","slug":"formar","status":"publish","type":"page","link":"https:\/\/psicologia.udd.cl\/ibem\/formar\/","title":{"rendered":"Formar"},"content":{"rendered":"\n<figure class=\"wp-block-image aligncenter size-full is-resized is-style-default\"><img loading=\"lazy\" decoding=\"async\" width=\"800\" height=\"450\" src=\"https:\/\/psicologia.udd.cl\/ibem\/files\/2023\/08\/dcdp_psicologiaudd-800x450-1.jpeg\" alt=\"\" class=\"wp-image-1189\" style=\"aspect-ratio:1.7875;width:531px;height:auto\" srcset=\"https:\/\/psicologia.udd.cl\/ibem\/files\/2023\/08\/dcdp_psicologiaudd-800x450-1.jpeg 800w, https:\/\/psicologia.udd.cl\/ibem\/files\/2023\/08\/dcdp_psicologiaudd-800x450-1-300x169.jpeg 300w, https:\/\/psicologia.udd.cl\/ibem\/files\/2023\/08\/dcdp_psicologiaudd-800x450-1-768x432.jpeg 768w, https:\/\/psicologia.udd.cl\/ibem\/files\/2023\/08\/dcdp_psicologiaudd-800x450-1-680x382.jpeg 680w\" sizes=\"auto, (max-width: 800px) 100vw, 800px\" \/><\/figure>\n\n\n\n<h2 class=\"wp-block-heading has-text-align-center aligncenter has-large-font-size\" style=\"font-style:normal;font-weight:100\">Doctorado en Ciencias del Desarrollo y Psicopatolog\u00eda<\/h2>\n\n\n\n<p class=\"has-text-align-center aligncenter\">El foco de inter\u00e9s de \u00e9ste programa son los factores promotores del desarrollo, tales como variables biol\u00f3gicas, psicol\u00f3gicas y socioculturales. En este contexto, se espera que los estudiantes del doctorado en Ciencias del Desarrollo y Psicopatolog\u00eda participen en proyectos de investigaci\u00f3n que aborden una o m\u00e1s dimensiones del desarrollo humano.<\/p>\n\n\n<!-- WP Block: UDD - Banners Multiple -->\n<section class=\"wp-block-udd-banners-multiple  is-style-clear\">\n\t<div class=\"container\">\n\t\t\t\t<header class=\"block__header\">\n\t\t\t<h2 class=\"block__title\">L\u00edneas de Investigaci\u00f3n<\/h2>\n\t\t<\/header>\n\t\t\t\t<div class=\"block__content\">\n\t\t\t<div id=\"udd-banners-multiple--1\"\n\t\t\t\t\t\t\t\t>\n\t\t\t\t\t\t\t\t<div class=\"banners\">\n\t\t\t\t\t\t\t\t\t<div class=\"banner-col\n\t\t\t\t\t active\t\t\t\t\t\">\n\t\t\t\t\t\t<a href=\"http:\/\/www.\" class=\"banner banner--multiple\" data-url=\"http:\/\/www.\">\n\t\t\t\t\t\t\t\t\t\t\t\t\t\t\t\t\t\t\t\t\t\t\t\t\t\t<div class=\"banner__content\">\n\t\t\t\t\t\t\t\t<span class=\"banner__title\">Familia, parentalidad y desarrollo<\/span>\n\t\t\t\t\t\t\t\t\t\t\t\t\t\t\t\t\t\t\t\t\t\t\t<\/div>\n\t\t\t\t\t\t<\/a>\n\t\t\t\t\t<\/div>\n\t\t\t\t\t\t\t\t\t<div class=\"banner-col\n\t\t\t\t\t\t\t\t\t\t\">\n\t\t\t\t\t\t<a href=\"http:\/\/www.\" class=\"banner banner--multiple\" data-url=\"http:\/\/www.\">\n\t\t\t\t\t\t\t\t\t\t\t\t\t\t\t\t\t\t\t\t\t\t\t\t\t\t<div class=\"banner__content\">\n\t\t\t\t\t\t\t\t<span class=\"banner__title\">Sensibilidad al estr\u00e9s y trayectorias desviadas del desarrollo<\/span>\n\t\t\t\t\t\t\t\t\t\t\t\t\t\t\t\t\t\t\t\t\t\t\t<\/div>\n\t\t\t\t\t\t<\/a>\n\t\t\t\t\t<\/div>\n\t\t\t\t\t\t\t\t\t<div class=\"banner-col\n\t\t\t\t\t\t\t\t\t\t\">\n\t\t\t\t\t\t<a href=\"http:\/\/www.\" class=\"banner banner--multiple\" data-url=\"http:\/\/www.\">\n\t\t\t\t\t\t\t\t\t\t\t\t\t\t\t\t\t\t\t\t\t\t\t\t\t\t<div class=\"banner__content\">\n\t\t\t\t\t\t\t\t<span class=\"banner__title\">Afectividad y Cognici\u00f3n: Correlatos Neurofisiol\u00f3gicos y Subjetivos<\/span>\n\t\t\t\t\t\t\t\t\t\t\t\t\t\t\t\t\t\t\t\t\t\t\t<\/div>\n\t\t\t\t\t\t<\/a>\n\t\t\t\t\t<\/div>\n\t\t\t\t\t\t\t\t\t<div class=\"banner-col\n\t\t\t\t\t\t\t\t\t\t\">\n\t\t\t\t\t\t<a href=\"http:\/\/www.\" class=\"banner banner--multiple\" data-url=\"http:\/\/www.\">\n\t\t\t\t\t\t\t\t\t\t\t\t\t\t\t\t\t\t\t\t\t\t\t\t\t\t<div class=\"banner__content\">\n\t\t\t\t\t\t\t\t<span class=\"banner__title\">Estudio del bienestar y la convivencia social en infancia y adolescencia<\/span>\n\t\t\t\t\t\t\t\t\t\t\t\t\t\t\t\t\t\t\t\t\t\t\t<\/div>\n\t\t\t\t\t\t<\/a>\n\t\t\t\t\t<\/div>\n\t\t\t\t\t\t\t\t<\/div>\n\t\t\t<\/div>\n\t\t<\/div>\n\t<\/div>\n<\/section>\n\n\n<p class=\"wp-block-udd-button text-center\"><a class=\"btn btn-primary \" href=\"https:\/\/psicologia.udd.cl\/doctorado\/es\/\" data-url=\"https:\/\/psicologia.udd.cl\/doctorado\/es\/\" target=\"_blank\" rel=\"noreferrer noopener\"> Ver m\u00e1s <\/a><\/p>\n","protected":false},"excerpt":{"rendered":"<p>Doctorado en Ciencias del Desarrollo y Psicopatolog\u00eda El foco de inter\u00e9s de \u00e9ste programa son los factores promotores del desarrollo, tales como variables biol\u00f3gicas, psicol\u00f3gicas y socioculturales. En este contexto, se espera que los estudiantes del doctorado en Ciencias del Desarrollo y Psicopatolog\u00eda participen en proyectos de investigaci\u00f3n que aborden una o m\u00e1s dimensiones del [&hellip;]<\/p>\n","protected":false},"author":36,"featured_media":0,"parent":0,"menu_order":0,"comment_status":"closed","ping_status":"closed","template":"","meta":{"footnotes":""},"class_list":["post-1062","page","type-page","status-publish","hentry"],"yoast_head":"<!-- This site is optimized with the Yoast SEO plugin v26.9 - https:\/\/yoast.com\/product\/yoast-seo-wordpress\/ -->\n<title>Formar - Instituto de Bienestar Socioemocional<\/title>\n<meta name=\"robots\" content=\"index, follow, max-snippet:-1, max-image-preview:large, max-video-preview:-1\" \/>\n<link rel=\"canonical\" href=\"https:\/\/psicologia.udd.cl\/ibem\/formar\/\" \/>\n<meta property=\"og:locale\" content=\"es_ES\" \/>\n<meta property=\"og:type\" content=\"article\" \/>\n<meta property=\"og:title\" content=\"Formar - Instituto de Bienestar Socioemocional\" \/>\n<meta property=\"og:description\" content=\"Doctorado en Ciencias del Desarrollo y Psicopatolog\u00eda El foco de inter\u00e9s de \u00e9ste programa son los factores promotores del desarrollo, tales como variables biol\u00f3gicas, psicol\u00f3gicas y socioculturales. En este contexto, se espera que los estudiantes del doctorado en Ciencias del Desarrollo y Psicopatolog\u00eda participen en proyectos de investigaci\u00f3n que aborden una o m\u00e1s dimensiones del [&hellip;]\" \/>\n<meta property=\"og:url\" content=\"https:\/\/psicologia.udd.cl\/ibem\/formar\/\" \/>\n<meta property=\"og:site_name\" content=\"Instituto de Bienestar Socioemocional\" \/>\n<meta property=\"article:modified_time\" content=\"2024-10-14T15:45:22+00:00\" \/>\n<meta property=\"og:image\" content=\"https:\/\/psicologia.udd.cl\/ibem\/files\/2023\/08\/dcdp_psicologiaudd-800x450-1.jpeg\" \/>\n<meta name=\"twitter:card\" content=\"summary_large_image\" \/>\n<meta name=\"twitter:label1\" content=\"Tiempo de lectura\" \/>\n\t<meta name=\"twitter:data1\" content=\"1 minuto\" \/>\n<script type=\"application\/ld+json\" class=\"yoast-schema-graph\">{\"@context\":\"https:\/\/schema.org\",\"@graph\":[{\"@type\":\"WebPage\",\"@id\":\"https:\/\/psicologia.udd.cl\/ibem\/formar\/\",\"url\":\"https:\/\/psicologia.udd.cl\/ibem\/formar\/\",\"name\":\"Formar - Instituto de Bienestar Socioemocional\",\"isPartOf\":{\"@id\":\"https:\/\/psicologia.udd.cl\/ibem\/#website\"},\"primaryImageOfPage\":{\"@id\":\"https:\/\/psicologia.udd.cl\/ibem\/formar\/#primaryimage\"},\"image\":{\"@id\":\"https:\/\/psicologia.udd.cl\/ibem\/formar\/#primaryimage\"},\"thumbnailUrl\":\"https:\/\/psicologia.udd.cl\/ibem\/files\/2023\/08\/dcdp_psicologiaudd-800x450-1.jpeg\",\"datePublished\":\"2023-07-31T20:35:53+00:00\",\"dateModified\":\"2024-10-14T15:45:22+00:00\",\"breadcrumb\":{\"@id\":\"https:\/\/psicologia.udd.cl\/ibem\/formar\/#breadcrumb\"},\"inLanguage\":\"es\",\"potentialAction\":[{\"@type\":\"ReadAction\",\"target\":[\"https:\/\/psicologia.udd.cl\/ibem\/formar\/\"]}]},{\"@type\":\"ImageObject\",\"inLanguage\":\"es\",\"@id\":\"https:\/\/psicologia.udd.cl\/ibem\/formar\/#primaryimage\",\"url\":\"https:\/\/psicologia.udd.cl\/ibem\/files\/2023\/08\/dcdp_psicologiaudd-800x450-1.jpeg\",\"contentUrl\":\"https:\/\/psicologia.udd.cl\/ibem\/files\/2023\/08\/dcdp_psicologiaudd-800x450-1.jpeg\",\"width\":800,\"height\":450},{\"@type\":\"BreadcrumbList\",\"@id\":\"https:\/\/psicologia.udd.cl\/ibem\/formar\/#breadcrumb\",\"itemListElement\":[{\"@type\":\"ListItem\",\"position\":1,\"name\":\"Portada\",\"item\":\"https:\/\/psicologia.udd.cl\/ibem\/\"},{\"@type\":\"ListItem\",\"position\":2,\"name\":\"Formar\"}]},{\"@type\":\"WebSite\",\"@id\":\"https:\/\/psicologia.udd.cl\/ibem\/#website\",\"url\":\"https:\/\/psicologia.udd.cl\/ibem\/\",\"name\":\"Instituto de Bienestar Socioemocional\",\"description\":\"Otro sitio m\u00e1s de Psicologia\",\"publisher\":{\"@id\":\"https:\/\/psicologia.udd.cl\/ibem\/#organization\"},\"inLanguage\":\"es\"},{\"@type\":\"Organization\",\"@id\":\"https:\/\/psicologia.udd.cl\/ibem\/#organization\",\"name\":\"Instituto de Bienestar Socioemocional\",\"url\":\"https:\/\/psicologia.udd.cl\/ibem\/\",\"logo\":{\"@type\":\"ImageObject\",\"inLanguage\":\"es\",\"@id\":\"https:\/\/psicologia.udd.cl\/ibem\/#\/schema\/logo\/image\/\",\"url\":\"https:\/\/psicologia.udd.cl\/ibem\/files\/2022\/11\/ibem-logo-2.jpg\",\"contentUrl\":\"https:\/\/psicologia.udd.cl\/ibem\/files\/2022\/11\/ibem-logo-2.jpg\",\"width\":952,\"height\":534,\"caption\":\"Instituto de Bienestar Socioemocional\"},\"image\":{\"@id\":\"https:\/\/psicologia.udd.cl\/ibem\/#\/schema\/logo\/image\/\"},\"sameAs\":[\"https:\/\/www.instagram.com\/ibemudd\/?hl=es-la\"]}]}<\/script>\n<!-- \/ Yoast SEO plugin. -->","yoast_head_json":{"title":"Formar - Instituto de Bienestar Socioemocional","robots":{"index":"index","follow":"follow","max-snippet":"max-snippet:-1","max-image-preview":"max-image-preview:large","max-video-preview":"max-video-preview:-1"},"canonical":"https:\/\/psicologia.udd.cl\/ibem\/formar\/","og_locale":"es_ES","og_type":"article","og_title":"Formar - Instituto de Bienestar Socioemocional","og_description":"Doctorado en Ciencias del Desarrollo y Psicopatolog\u00eda El foco de inter\u00e9s de \u00e9ste programa son los factores promotores del desarrollo, tales como variables biol\u00f3gicas, psicol\u00f3gicas y socioculturales. En este contexto, se espera que los estudiantes del doctorado en Ciencias del Desarrollo y Psicopatolog\u00eda participen en proyectos de investigaci\u00f3n que aborden una o m\u00e1s dimensiones del [&hellip;]","og_url":"https:\/\/psicologia.udd.cl\/ibem\/formar\/","og_site_name":"Instituto de Bienestar Socioemocional","article_modified_time":"2024-10-14T15:45:22+00:00","og_image":[{"url":"https:\/\/psicologia.udd.cl\/ibem\/files\/2023\/08\/dcdp_psicologiaudd-800x450-1.jpeg","type":"","width":"","height":""}],"twitter_card":"summary_large_image","twitter_misc":{"Tiempo de lectura":"1 minuto"},"schema":{"@context":"https:\/\/schema.org","@graph":[{"@type":"WebPage","@id":"https:\/\/psicologia.udd.cl\/ibem\/formar\/","url":"https:\/\/psicologia.udd.cl\/ibem\/formar\/","name":"Formar - Instituto de Bienestar Socioemocional","isPartOf":{"@id":"https:\/\/psicologia.udd.cl\/ibem\/#website"},"primaryImageOfPage":{"@id":"https:\/\/psicologia.udd.cl\/ibem\/formar\/#primaryimage"},"image":{"@id":"https:\/\/psicologia.udd.cl\/ibem\/formar\/#primaryimage"},"thumbnailUrl":"https:\/\/psicologia.udd.cl\/ibem\/files\/2023\/08\/dcdp_psicologiaudd-800x450-1.jpeg","datePublished":"2023-07-31T20:35:53+00:00","dateModified":"2024-10-14T15:45:22+00:00","breadcrumb":{"@id":"https:\/\/psicologia.udd.cl\/ibem\/formar\/#breadcrumb"},"inLanguage":"es","potentialAction":[{"@type":"ReadAction","target":["https:\/\/psicologia.udd.cl\/ibem\/formar\/"]}]},{"@type":"ImageObject","inLanguage":"es","@id":"https:\/\/psicologia.udd.cl\/ibem\/formar\/#primaryimage","url":"https:\/\/psicologia.udd.cl\/ibem\/files\/2023\/08\/dcdp_psicologiaudd-800x450-1.jpeg","contentUrl":"https:\/\/psicologia.udd.cl\/ibem\/files\/2023\/08\/dcdp_psicologiaudd-800x450-1.jpeg","width":800,"height":450},{"@type":"BreadcrumbList","@id":"https:\/\/psicologia.udd.cl\/ibem\/formar\/#breadcrumb","itemListElement":[{"@type":"ListItem","position":1,"name":"Portada","item":"https:\/\/psicologia.udd.cl\/ibem\/"},{"@type":"ListItem","position":2,"name":"Formar"}]},{"@type":"WebSite","@id":"https:\/\/psicologia.udd.cl\/ibem\/#website","url":"https:\/\/psicologia.udd.cl\/ibem\/","name":"Instituto de Bienestar Socioemocional","description":"Otro sitio m\u00e1s de Psicologia","publisher":{"@id":"https:\/\/psicologia.udd.cl\/ibem\/#organization"},"inLanguage":"es"},{"@type":"Organization","@id":"https:\/\/psicologia.udd.cl\/ibem\/#organization","name":"Instituto de Bienestar Socioemocional","url":"https:\/\/psicologia.udd.cl\/ibem\/","logo":{"@type":"ImageObject","inLanguage":"es","@id":"https:\/\/psicologia.udd.cl\/ibem\/#\/schema\/logo\/image\/","url":"https:\/\/psicologia.udd.cl\/ibem\/files\/2022\/11\/ibem-logo-2.jpg","contentUrl":"https:\/\/psicologia.udd.cl\/ibem\/files\/2022\/11\/ibem-logo-2.jpg","width":952,"height":534,"caption":"Instituto de Bienestar Socioemocional"},"image":{"@id":"https:\/\/psicologia.udd.cl\/ibem\/#\/schema\/logo\/image\/"},"sameAs":["https:\/\/www.instagram.com\/ibemudd\/?hl=es-la"]}]}},"_links":{"self":[{"href":"https:\/\/psicologia.udd.cl\/ibem\/wp-json\/wp\/v2\/pages\/1062","targetHints":{"allow":["GET"]}}],"collection":[{"href":"https:\/\/psicologia.udd.cl\/ibem\/wp-json\/wp\/v2\/pages"}],"about":[{"href":"https:\/\/psicologia.udd.cl\/ibem\/wp-json\/wp\/v2\/types\/page"}],"author":[{"embeddable":true,"href":"https:\/\/psicologia.udd.cl\/ibem\/wp-json\/wp\/v2\/users\/36"}],"replies":[{"embeddable":true,"href":"https:\/\/psicologia.udd.cl\/ibem\/wp-json\/wp\/v2\/comments?post=1062"}],"version-history":[{"count":12,"href":"https:\/\/psicologia.udd.cl\/ibem\/wp-json\/wp\/v2\/pages\/1062\/revisions"}],"predecessor-version":[{"id":2546,"href":"https:\/\/psicologia.udd.cl\/ibem\/wp-json\/wp\/v2\/pages\/1062\/revisions\/2546"}],"wp:attachment":[{"href":"https:\/\/psicologia.udd.cl\/ibem\/wp-json\/wp\/v2\/media?parent=1062"}],"curies":[{"name":"wp","href":"https:\/\/api.w.org\/{rel}","templated":true}]}}