{"id":58,"date":"2023-09-20T14:32:22","date_gmt":"2023-09-20T14:32:22","guid":{"rendered":"https:\/\/psicologia.udd.cl\/enprimerapersona\/?page_id=58"},"modified":"2023-10-06T15:47:10","modified_gmt":"2023-10-06T15:47:10","slug":"federico-valdes-rector-udd","status":"publish","type":"page","link":"https:\/\/psicologia.udd.cl\/enprimerapersona\/testimonios\/federico-valdes-rector-udd\/","title":{"rendered":"Federico Vald\u00e9s | Rector Universidad del Desarrollo"},"content":{"rendered":"\n<div class=\"wp-block-media-text alignfull is-stacked-on-mobile\" style=\"grid-template-columns:35% auto\"><figure class=\"wp-block-media-text__media\"><img loading=\"lazy\" decoding=\"async\" width=\"401\" height=\"550\" src=\"https:\/\/psicologia.udd.cl\/enprimerapersona\/files\/2023\/09\/fvl.png\" alt=\"\" class=\"wp-image-59 size-large\" srcset=\"https:\/\/psicologia.udd.cl\/enprimerapersona\/files\/2023\/09\/fvl.png 401w, https:\/\/psicologia.udd.cl\/enprimerapersona\/files\/2023\/09\/fvl-219x300.png 219w\" sizes=\"auto, (max-width: 401px) 100vw, 401px\" \/><\/figure><div class=\"wp-block-media-text__content\">\n<h2 class=\"wp-block-heading\">En Primera Persona<\/h2>\n\n\n\n<p>\u00abHoy d\u00eda es imposible concebir la Universidad del Desarrollo sin la Facultad de Psicolog\u00eda y su aporte, entre ellos, la diversidad, que es muy importante para la UDD.<\/p>\n\n\n\n<p>Si uno le pregunta a los profesores, a la administraci\u00f3n, a quienes dirigen la Facultad, dicen con orgullo que aportan diversidad, es decir, no solo lo hacen de hecho, sino que adem\u00e1s sienten que es parte de su rol en la UDD. Lo sintieron siempre desde el comienzo, desde cuando decidimos salirnos un poco de aquellas disciplinas que mejor conoc\u00edamos\u00bb.<\/p>\n<\/div><\/div>\n\n\n\n<h3 class=\"wp-block-heading\">Escucha la entrevista ac\u00e1:<\/h3>\n\n\n\n<figure class=\"wp-block-audio\"><audio controls src=\"https:\/\/psicologia.udd.cl\/enprimerapersona\/files\/2023\/10\/federicovaldes_version-final.mp3\"><\/audio><\/figure>\n\n\n\n<figure class=\"wp-block-embed is-type-rich is-provider-soundcloud wp-block-embed-soundcloud\"><div class=\"wp-block-embed__wrapper\">\n<iframe loading=\"lazy\" title=\"Federico Vald\u00e9s En Primera Persona by Psicologiauddenprimerapersona\" width=\"500\" height=\"400\" scrolling=\"no\" frameborder=\"no\" src=\"https:\/\/w.soundcloud.com\/player\/?visual=true&#038;url=https%3A%2F%2Fapi.soundcloud.com%2Ftracks%2F1633910832&#038;show_artwork=true&#038;maxheight=750&#038;maxwidth=500\"><\/iframe>\n<\/div><\/figure>\n","protected":false},"excerpt":{"rendered":"<p>En Primera Persona \u00abHoy d\u00eda es imposible concebir la Universidad del Desarrollo sin la Facultad de Psicolog\u00eda y su aporte, entre ellos, la diversidad, que es muy importante para la UDD. Si uno le pregunta a los profesores, a la administraci\u00f3n, a quienes dirigen la Facultad, dicen con orgullo que aportan diversidad, es decir, no [&hellip;]<\/p>\n","protected":false},"author":36,"featured_media":0,"parent":19,"menu_order":1,"comment_status":"closed","ping_status":"closed","template":"","meta":{"footnotes":""},"class_list":["post-58","page","type-page","status-publish","hentry"],"yoast_head":"<!-- This site is optimized with the Yoast SEO plugin v26.9 - https:\/\/yoast.com\/product\/yoast-seo-wordpress\/ -->\n<title>Federico Vald\u00e9s | Rector Universidad del Desarrollo - Psicolog\u00eda UDD | 25 a\u00f1os<\/title>\n<meta name=\"description\" content=\"Conoce el testimonio En Primera Persona del Rector de la Universidad del Desarrollo, Federico Vald\u00e9s, por los 25 a\u00f1os de Psicolog\u00eda UDD.\" \/>\n<meta name=\"robots\" content=\"index, follow, max-snippet:-1, max-image-preview:large, max-video-preview:-1\" \/>\n<link rel=\"canonical\" href=\"https:\/\/psicologia.udd.cl\/enprimerapersona\/testimonios\/federico-valdes-rector-udd\/\" \/>\n<meta property=\"og:locale\" content=\"es_ES\" \/>\n<meta property=\"og:type\" content=\"article\" \/>\n<meta property=\"og:title\" content=\"Federico Vald\u00e9s | Rector Universidad del Desarrollo - Psicolog\u00eda UDD | 25 a\u00f1os\" \/>\n<meta property=\"og:description\" content=\"Conoce el testimonio En Primera Persona del Rector de la Universidad del Desarrollo, Federico Vald\u00e9s, por los 25 a\u00f1os de Psicolog\u00eda UDD.\" \/>\n<meta property=\"og:url\" content=\"https:\/\/psicologia.udd.cl\/enprimerapersona\/testimonios\/federico-valdes-rector-udd\/\" \/>\n<meta property=\"og:site_name\" content=\"Psicolog\u00eda UDD | 25 a\u00f1os\" \/>\n<meta property=\"article:modified_time\" content=\"2023-10-06T15:47:10+00:00\" \/>\n<meta property=\"og:image\" content=\"https:\/\/psicologia.udd.cl\/enprimerapersona\/files\/2023\/09\/fvl.png\" \/>\n<meta name=\"twitter:card\" content=\"summary_large_image\" \/>\n<meta name=\"twitter:label1\" content=\"Tiempo de lectura\" \/>\n\t<meta name=\"twitter:data1\" content=\"1 minuto\" \/>\n<script type=\"application\/ld+json\" class=\"yoast-schema-graph\">{\"@context\":\"https:\/\/schema.org\",\"@graph\":[{\"@type\":\"WebPage\",\"@id\":\"https:\/\/psicologia.udd.cl\/enprimerapersona\/testimonios\/federico-valdes-rector-udd\/\",\"url\":\"https:\/\/psicologia.udd.cl\/enprimerapersona\/testimonios\/federico-valdes-rector-udd\/\",\"name\":\"Federico Vald\u00e9s | Rector Universidad del Desarrollo - Psicolog\u00eda UDD | 25 a\u00f1os\",\"isPartOf\":{\"@id\":\"https:\/\/psicologia.udd.cl\/enprimerapersona\/#website\"},\"primaryImageOfPage\":{\"@id\":\"https:\/\/psicologia.udd.cl\/enprimerapersona\/testimonios\/federico-valdes-rector-udd\/#primaryimage\"},\"image\":{\"@id\":\"https:\/\/psicologia.udd.cl\/enprimerapersona\/testimonios\/federico-valdes-rector-udd\/#primaryimage\"},\"thumbnailUrl\":\"https:\/\/psicologia.udd.cl\/enprimerapersona\/files\/2023\/09\/fvl.png\",\"datePublished\":\"2023-09-20T14:32:22+00:00\",\"dateModified\":\"2023-10-06T15:47:10+00:00\",\"description\":\"Conoce el testimonio En Primera Persona del Rector de la Universidad del Desarrollo, Federico Vald\u00e9s, por los 25 a\u00f1os de Psicolog\u00eda UDD.\",\"breadcrumb\":{\"@id\":\"https:\/\/psicologia.udd.cl\/enprimerapersona\/testimonios\/federico-valdes-rector-udd\/#breadcrumb\"},\"inLanguage\":\"es\",\"potentialAction\":[{\"@type\":\"ReadAction\",\"target\":[\"https:\/\/psicologia.udd.cl\/enprimerapersona\/testimonios\/federico-valdes-rector-udd\/\"]}]},{\"@type\":\"ImageObject\",\"inLanguage\":\"es\",\"@id\":\"https:\/\/psicologia.udd.cl\/enprimerapersona\/testimonios\/federico-valdes-rector-udd\/#primaryimage\",\"url\":\"https:\/\/psicologia.udd.cl\/enprimerapersona\/files\/2023\/09\/fvl.png\",\"contentUrl\":\"https:\/\/psicologia.udd.cl\/enprimerapersona\/files\/2023\/09\/fvl.png\",\"width\":401,\"height\":550},{\"@type\":\"BreadcrumbList\",\"@id\":\"https:\/\/psicologia.udd.cl\/enprimerapersona\/testimonios\/federico-valdes-rector-udd\/#breadcrumb\",\"itemListElement\":[{\"@type\":\"ListItem\",\"position\":1,\"name\":\"Portada\",\"item\":\"https:\/\/psicologia.udd.cl\/enprimerapersona\/\"},{\"@type\":\"ListItem\",\"position\":2,\"name\":\"Testimonios\",\"item\":\"https:\/\/psicologia.udd.cl\/enprimerapersona\/testimonios\/\"},{\"@type\":\"ListItem\",\"position\":3,\"name\":\"Federico Vald\u00e9s | Rector Universidad del Desarrollo\"}]},{\"@type\":\"WebSite\",\"@id\":\"https:\/\/psicologia.udd.cl\/enprimerapersona\/#website\",\"url\":\"https:\/\/psicologia.udd.cl\/enprimerapersona\/\",\"name\":\"Psicolog\u00eda UDD | 25 a\u00f1os\",\"description\":\"Nuestra historia\",\"inLanguage\":\"es\"}]}<\/script>\n<!-- \/ Yoast SEO plugin. -->","yoast_head_json":{"title":"Federico Vald\u00e9s | Rector Universidad del Desarrollo - Psicolog\u00eda UDD | 25 a\u00f1os","description":"Conoce el testimonio En Primera Persona del Rector de la Universidad del Desarrollo, Federico Vald\u00e9s, por los 25 a\u00f1os de Psicolog\u00eda UDD.","robots":{"index":"index","follow":"follow","max-snippet":"max-snippet:-1","max-image-preview":"max-image-preview:large","max-video-preview":"max-video-preview:-1"},"canonical":"https:\/\/psicologia.udd.cl\/enprimerapersona\/testimonios\/federico-valdes-rector-udd\/","og_locale":"es_ES","og_type":"article","og_title":"Federico Vald\u00e9s | Rector Universidad del Desarrollo - Psicolog\u00eda UDD | 25 a\u00f1os","og_description":"Conoce el testimonio En Primera Persona del Rector de la Universidad del Desarrollo, Federico Vald\u00e9s, por los 25 a\u00f1os de Psicolog\u00eda UDD.","og_url":"https:\/\/psicologia.udd.cl\/enprimerapersona\/testimonios\/federico-valdes-rector-udd\/","og_site_name":"Psicolog\u00eda UDD | 25 a\u00f1os","article_modified_time":"2023-10-06T15:47:10+00:00","og_image":[{"url":"https:\/\/psicologia.udd.cl\/enprimerapersona\/files\/2023\/09\/fvl.png","type":"","width":"","height":""}],"twitter_card":"summary_large_image","twitter_misc":{"Tiempo de lectura":"1 minuto"},"schema":{"@context":"https:\/\/schema.org","@graph":[{"@type":"WebPage","@id":"https:\/\/psicologia.udd.cl\/enprimerapersona\/testimonios\/federico-valdes-rector-udd\/","url":"https:\/\/psicologia.udd.cl\/enprimerapersona\/testimonios\/federico-valdes-rector-udd\/","name":"Federico Vald\u00e9s | Rector Universidad del Desarrollo - Psicolog\u00eda UDD | 25 a\u00f1os","isPartOf":{"@id":"https:\/\/psicologia.udd.cl\/enprimerapersona\/#website"},"primaryImageOfPage":{"@id":"https:\/\/psicologia.udd.cl\/enprimerapersona\/testimonios\/federico-valdes-rector-udd\/#primaryimage"},"image":{"@id":"https:\/\/psicologia.udd.cl\/enprimerapersona\/testimonios\/federico-valdes-rector-udd\/#primaryimage"},"thumbnailUrl":"https:\/\/psicologia.udd.cl\/enprimerapersona\/files\/2023\/09\/fvl.png","datePublished":"2023-09-20T14:32:22+00:00","dateModified":"2023-10-06T15:47:10+00:00","description":"Conoce el testimonio En Primera Persona del Rector de la Universidad del Desarrollo, Federico Vald\u00e9s, por los 25 a\u00f1os de Psicolog\u00eda UDD.","breadcrumb":{"@id":"https:\/\/psicologia.udd.cl\/enprimerapersona\/testimonios\/federico-valdes-rector-udd\/#breadcrumb"},"inLanguage":"es","potentialAction":[{"@type":"ReadAction","target":["https:\/\/psicologia.udd.cl\/enprimerapersona\/testimonios\/federico-valdes-rector-udd\/"]}]},{"@type":"ImageObject","inLanguage":"es","@id":"https:\/\/psicologia.udd.cl\/enprimerapersona\/testimonios\/federico-valdes-rector-udd\/#primaryimage","url":"https:\/\/psicologia.udd.cl\/enprimerapersona\/files\/2023\/09\/fvl.png","contentUrl":"https:\/\/psicologia.udd.cl\/enprimerapersona\/files\/2023\/09\/fvl.png","width":401,"height":550},{"@type":"BreadcrumbList","@id":"https:\/\/psicologia.udd.cl\/enprimerapersona\/testimonios\/federico-valdes-rector-udd\/#breadcrumb","itemListElement":[{"@type":"ListItem","position":1,"name":"Portada","item":"https:\/\/psicologia.udd.cl\/enprimerapersona\/"},{"@type":"ListItem","position":2,"name":"Testimonios","item":"https:\/\/psicologia.udd.cl\/enprimerapersona\/testimonios\/"},{"@type":"ListItem","position":3,"name":"Federico Vald\u00e9s | Rector Universidad del Desarrollo"}]},{"@type":"WebSite","@id":"https:\/\/psicologia.udd.cl\/enprimerapersona\/#website","url":"https:\/\/psicologia.udd.cl\/enprimerapersona\/","name":"Psicolog\u00eda UDD | 25 a\u00f1os","description":"Nuestra historia","inLanguage":"es"}]}},"_links":{"self":[{"href":"https:\/\/psicologia.udd.cl\/enprimerapersona\/wp-json\/wp\/v2\/pages\/58","targetHints":{"allow":["GET"]}}],"collection":[{"href":"https:\/\/psicologia.udd.cl\/enprimerapersona\/wp-json\/wp\/v2\/pages"}],"about":[{"href":"https:\/\/psicologia.udd.cl\/enprimerapersona\/wp-json\/wp\/v2\/types\/page"}],"author":[{"embeddable":true,"href":"https:\/\/psicologia.udd.cl\/enprimerapersona\/wp-json\/wp\/v2\/users\/36"}],"replies":[{"embeddable":true,"href":"https:\/\/psicologia.udd.cl\/enprimerapersona\/wp-json\/wp\/v2\/comments?post=58"}],"version-history":[{"count":11,"href":"https:\/\/psicologia.udd.cl\/enprimerapersona\/wp-json\/wp\/v2\/pages\/58\/revisions"}],"predecessor-version":[{"id":326,"href":"https:\/\/psicologia.udd.cl\/enprimerapersona\/wp-json\/wp\/v2\/pages\/58\/revisions\/326"}],"up":[{"embeddable":true,"href":"https:\/\/psicologia.udd.cl\/enprimerapersona\/wp-json\/wp\/v2\/pages\/19"}],"wp:attachment":[{"href":"https:\/\/psicologia.udd.cl\/enprimerapersona\/wp-json\/wp\/v2\/media?parent=58"}],"curies":[{"name":"wp","href":"https:\/\/api.w.org\/{rel}","templated":true}]}}