{"id":2,"date":"2023-08-30T19:37:16","date_gmt":"2023-08-30T19:37:16","guid":{"rendered":"https:\/\/psicologia.udd.cl\/enprimerapersona\/?page_id=2"},"modified":"2023-09-20T18:10:45","modified_gmt":"2023-09-20T18:10:45","slug":"inicio","status":"publish","type":"page","link":"https:\/\/psicologia.udd.cl\/enprimerapersona\/","title":{"rendered":"Inicio"},"content":{"rendered":"\n<p>\u00a1Bienvenido a Psicolog\u00eda UDD: En primera persona!<\/p>\n\n\n\n<p>Con el fin de conmemorar los 25 a\u00f1os de historia de la Facultad de Psicolog\u00eda UDD hemos creado este registro auditivo con las vivencias de diversos protagonistas que han sido parte de nuestro nacimiento, crecimiento y evoluci\u00f3n.<\/p>\n\n\n\n<p>Estas conversaciones y relatos construyen un registro que invita a los oyentes a vivir nuestra historia por medio de an\u00e9cdotas, historias, apelando a generar un recuerdo emotivo en todos quienes han formado parte de nuestra comunidad.<\/p>\n\n\n<!-- WP Block: UDD - Access Image -->\n<section class=\"wp-block-udd-access-image\n has-odd-elements has-3x-elements\">\n\t<div class=\"container\">\n\t\t\t\t<div class=\"block__content\">\n\t\t\t<div class=\"access-images\">\n\t\t\t\t\t\t\t<div class=\"access-image-wrapper\">\n\t\t\t\t\t<a href=\"https:\/\/psicologia.udd.cl\/enprimerapersona\/testimonios\/\" data-url=\"https:\/\/psicologia.udd.cl\/enprimerapersona\/testimonios\/\" class=\"access-image\">\n\t\t\t\t\t<img loading=\"lazy\" decoding=\"async\" width=\"401\" height=\"220\" src=\"https:\/\/psicologia.udd.cl\/enprimerapersona\/files\/2023\/09\/2-3.png\" class=\"access-image__image lazyload\" alt=\"\" sizes=\"auto, (max-width: 401px) 100vw, 401px\" data-src=\"https:\/\/psicologia.udd.cl\/enprimerapersona\/files\/2023\/09\/2-3.png\" data-srcset=\"https:\/\/psicologia.udd.cl\/enprimerapersona\/files\/2023\/09\/2-3.png 401w, https:\/\/psicologia.udd.cl\/enprimerapersona\/files\/2023\/09\/2-3-300x165.png 300w\" \/>\t\t\t\t\t\t<div class=\"access-image__content\">\n\t\t\t\t\t\t\t<h3 class=\"access-image__title\"><\/h3>\n\t\t\t\t\t\t\t<span class=\"access-image__action\">Conocer m\u00e1s<\/span>\n\t\t\t\t\t\t<\/div>\n\t\t\t\t\t<\/a>\n\t\t\t\t<\/div>\n\t\t\t\t\t\t\t<div class=\"access-image-wrapper\">\n\t\t\t\t\t<a href=\"https:\/\/psicologia.udd.cl\/enprimerapersona\/nuestra-historia\/\" data-url=\"https:\/\/psicologia.udd.cl\/enprimerapersona\/nuestra-historia\/\" class=\"access-image\">\n\t\t\t\t\t<img loading=\"lazy\" decoding=\"async\" width=\"401\" height=\"220\" src=\"https:\/\/psicologia.udd.cl\/enprimerapersona\/files\/2023\/09\/3-3.png\" class=\"access-image__image lazyload\" alt=\"\" sizes=\"auto, (max-width: 401px) 100vw, 401px\" data-src=\"https:\/\/psicologia.udd.cl\/enprimerapersona\/files\/2023\/09\/3-3.png\" data-srcset=\"https:\/\/psicologia.udd.cl\/enprimerapersona\/files\/2023\/09\/3-3.png 401w, https:\/\/psicologia.udd.cl\/enprimerapersona\/files\/2023\/09\/3-3-300x165.png 300w\" \/>\t\t\t\t\t\t<div class=\"access-image__content\">\n\t\t\t\t\t\t\t<h3 class=\"access-image__title\"><\/h3>\n\t\t\t\t\t\t\t<span class=\"access-image__action\">Conocer m\u00e1s<\/span>\n\t\t\t\t\t\t<\/div>\n\t\t\t\t\t<\/a>\n\t\t\t\t<\/div>\n\t\t\t\t\t\t\t<div class=\"access-image-wrapper\">\n\t\t\t\t\t<a href=\"https:\/\/psicologia.udd.cl\/enprimerapersona\/registro-fotografico\/\" data-url=\"https:\/\/psicologia.udd.cl\/enprimerapersona\/registro-fotografico\/\" class=\"access-image\">\n\t\t\t\t\t<img loading=\"lazy\" decoding=\"async\" width=\"401\" height=\"220\" src=\"https:\/\/psicologia.udd.cl\/enprimerapersona\/files\/2023\/09\/4-3.png\" class=\"access-image__image lazyload\" alt=\"\" sizes=\"auto, (max-width: 401px) 100vw, 401px\" data-src=\"https:\/\/psicologia.udd.cl\/enprimerapersona\/files\/2023\/09\/4-3.png\" data-srcset=\"https:\/\/psicologia.udd.cl\/enprimerapersona\/files\/2023\/09\/4-3.png 401w, https:\/\/psicologia.udd.cl\/enprimerapersona\/files\/2023\/09\/4-3-300x165.png 300w\" \/>\t\t\t\t\t\t<div class=\"access-image__content\">\n\t\t\t\t\t\t\t<h3 class=\"access-image__title\"><\/h3>\n\t\t\t\t\t\t\t<span class=\"access-image__action\">Conocer m\u00e1s<\/span>\n\t\t\t\t\t\t<\/div>\n\t\t\t\t\t<\/a>\n\t\t\t\t<\/div>\n\t\t\t\t\t<\/div>\n\t<\/div>\n<\/section>\n","protected":false},"excerpt":{"rendered":"<p>\u00a1Bienvenido a Psicolog\u00eda UDD: En primera persona! Con el fin de conmemorar los 25 a\u00f1os de historia de la Facultad de Psicolog\u00eda UDD hemos creado este registro auditivo con las vivencias de diversos protagonistas que han sido parte de nuestro nacimiento, crecimiento y evoluci\u00f3n. Estas conversaciones y relatos construyen un registro que invita a los [&hellip;]<\/p>\n","protected":false},"author":36,"featured_media":0,"parent":0,"menu_order":0,"comment_status":"closed","ping_status":"open","template":"","meta":{"footnotes":""},"class_list":["post-2","page","type-page","status-publish","hentry"],"yoast_head":"<!-- This site is optimized with the Yoast SEO plugin v26.9 - https:\/\/yoast.com\/product\/yoast-seo-wordpress\/ -->\n<title>Inicio - Psicolog\u00eda UDD | 25 a\u00f1os<\/title>\n<meta name=\"description\" content=\"Con el fin de conmemorar los 25 a\u00f1os de historia de la Facultad de Psicolog\u00eda UDD hemos creado este registro auditivo con los testimonios de diversos protagonistas que han sido parte de nuestro nacimiento, crecimiento y evoluci\u00f3n.\" \/>\n<meta name=\"robots\" content=\"index, follow, max-snippet:-1, max-image-preview:large, max-video-preview:-1\" \/>\n<link rel=\"canonical\" href=\"https:\/\/psicologia.udd.cl\/enprimerapersona\/\" \/>\n<meta property=\"og:locale\" content=\"es_ES\" \/>\n<meta property=\"og:type\" content=\"article\" \/>\n<meta property=\"og:title\" content=\"Inicio - Psicolog\u00eda UDD | 25 a\u00f1os\" \/>\n<meta property=\"og:description\" content=\"Con el fin de conmemorar los 25 a\u00f1os de historia de la Facultad de Psicolog\u00eda UDD hemos creado este registro auditivo con los testimonios de diversos protagonistas que han sido parte de nuestro nacimiento, crecimiento y evoluci\u00f3n.\" \/>\n<meta property=\"og:url\" content=\"https:\/\/psicologia.udd.cl\/enprimerapersona\/\" \/>\n<meta property=\"og:site_name\" content=\"Psicolog\u00eda UDD | 25 a\u00f1os\" \/>\n<meta property=\"article:modified_time\" content=\"2023-09-20T18:10:45+00:00\" \/>\n<meta name=\"twitter:card\" content=\"summary_large_image\" \/>\n<meta name=\"twitter:label1\" content=\"Tiempo de lectura\" \/>\n\t<meta name=\"twitter:data1\" content=\"1 minuto\" \/>\n<script type=\"application\/ld+json\" class=\"yoast-schema-graph\">{\"@context\":\"https:\/\/schema.org\",\"@graph\":[{\"@type\":\"WebPage\",\"@id\":\"https:\/\/psicologia.udd.cl\/enprimerapersona\/\",\"url\":\"https:\/\/psicologia.udd.cl\/enprimerapersona\/\",\"name\":\"Inicio - Psicolog\u00eda UDD | 25 a\u00f1os\",\"isPartOf\":{\"@id\":\"https:\/\/psicologia.udd.cl\/enprimerapersona\/#website\"},\"datePublished\":\"2023-08-30T19:37:16+00:00\",\"dateModified\":\"2023-09-20T18:10:45+00:00\",\"description\":\"Con el fin de conmemorar los 25 a\u00f1os de historia de la Facultad de Psicolog\u00eda UDD hemos creado este registro auditivo con los testimonios de diversos protagonistas que han sido parte de nuestro nacimiento, crecimiento y evoluci\u00f3n.\",\"breadcrumb\":{\"@id\":\"https:\/\/psicologia.udd.cl\/enprimerapersona\/#breadcrumb\"},\"inLanguage\":\"es\",\"potentialAction\":[{\"@type\":\"ReadAction\",\"target\":[\"https:\/\/psicologia.udd.cl\/enprimerapersona\/\"]}]},{\"@type\":\"BreadcrumbList\",\"@id\":\"https:\/\/psicologia.udd.cl\/enprimerapersona\/#breadcrumb\",\"itemListElement\":[{\"@type\":\"ListItem\",\"position\":1,\"name\":\"Portada\",\"item\":\"https:\/\/psicologia.udd.cl\/enprimerapersona\/\"},{\"@type\":\"ListItem\",\"position\":2,\"name\":\"Inicio\"}]},{\"@type\":\"WebSite\",\"@id\":\"https:\/\/psicologia.udd.cl\/enprimerapersona\/#website\",\"url\":\"https:\/\/psicologia.udd.cl\/enprimerapersona\/\",\"name\":\"Psicolog\u00eda UDD | 25 a\u00f1os\",\"description\":\"Nuestra historia\",\"inLanguage\":\"es\"}]}<\/script>\n<!-- \/ Yoast SEO plugin. -->","yoast_head_json":{"title":"Inicio - Psicolog\u00eda UDD | 25 a\u00f1os","description":"Con el fin de conmemorar los 25 a\u00f1os de historia de la Facultad de Psicolog\u00eda UDD hemos creado este registro auditivo con los testimonios de diversos protagonistas que han sido parte de nuestro nacimiento, crecimiento y evoluci\u00f3n.","robots":{"index":"index","follow":"follow","max-snippet":"max-snippet:-1","max-image-preview":"max-image-preview:large","max-video-preview":"max-video-preview:-1"},"canonical":"https:\/\/psicologia.udd.cl\/enprimerapersona\/","og_locale":"es_ES","og_type":"article","og_title":"Inicio - Psicolog\u00eda UDD | 25 a\u00f1os","og_description":"Con el fin de conmemorar los 25 a\u00f1os de historia de la Facultad de Psicolog\u00eda UDD hemos creado este registro auditivo con los testimonios de diversos protagonistas que han sido parte de nuestro nacimiento, crecimiento y evoluci\u00f3n.","og_url":"https:\/\/psicologia.udd.cl\/enprimerapersona\/","og_site_name":"Psicolog\u00eda UDD | 25 a\u00f1os","article_modified_time":"2023-09-20T18:10:45+00:00","twitter_card":"summary_large_image","twitter_misc":{"Tiempo de lectura":"1 minuto"},"schema":{"@context":"https:\/\/schema.org","@graph":[{"@type":"WebPage","@id":"https:\/\/psicologia.udd.cl\/enprimerapersona\/","url":"https:\/\/psicologia.udd.cl\/enprimerapersona\/","name":"Inicio - Psicolog\u00eda UDD | 25 a\u00f1os","isPartOf":{"@id":"https:\/\/psicologia.udd.cl\/enprimerapersona\/#website"},"datePublished":"2023-08-30T19:37:16+00:00","dateModified":"2023-09-20T18:10:45+00:00","description":"Con el fin de conmemorar los 25 a\u00f1os de historia de la Facultad de Psicolog\u00eda UDD hemos creado este registro auditivo con los testimonios de diversos protagonistas que han sido parte de nuestro nacimiento, crecimiento y evoluci\u00f3n.","breadcrumb":{"@id":"https:\/\/psicologia.udd.cl\/enprimerapersona\/#breadcrumb"},"inLanguage":"es","potentialAction":[{"@type":"ReadAction","target":["https:\/\/psicologia.udd.cl\/enprimerapersona\/"]}]},{"@type":"BreadcrumbList","@id":"https:\/\/psicologia.udd.cl\/enprimerapersona\/#breadcrumb","itemListElement":[{"@type":"ListItem","position":1,"name":"Portada","item":"https:\/\/psicologia.udd.cl\/enprimerapersona\/"},{"@type":"ListItem","position":2,"name":"Inicio"}]},{"@type":"WebSite","@id":"https:\/\/psicologia.udd.cl\/enprimerapersona\/#website","url":"https:\/\/psicologia.udd.cl\/enprimerapersona\/","name":"Psicolog\u00eda UDD | 25 a\u00f1os","description":"Nuestra historia","inLanguage":"es"}]}},"_links":{"self":[{"href":"https:\/\/psicologia.udd.cl\/enprimerapersona\/wp-json\/wp\/v2\/pages\/2","targetHints":{"allow":["GET"]}}],"collection":[{"href":"https:\/\/psicologia.udd.cl\/enprimerapersona\/wp-json\/wp\/v2\/pages"}],"about":[{"href":"https:\/\/psicologia.udd.cl\/enprimerapersona\/wp-json\/wp\/v2\/types\/page"}],"author":[{"embeddable":true,"href":"https:\/\/psicologia.udd.cl\/enprimerapersona\/wp-json\/wp\/v2\/users\/36"}],"replies":[{"embeddable":true,"href":"https:\/\/psicologia.udd.cl\/enprimerapersona\/wp-json\/wp\/v2\/comments?post=2"}],"version-history":[{"count":7,"href":"https:\/\/psicologia.udd.cl\/enprimerapersona\/wp-json\/wp\/v2\/pages\/2\/revisions"}],"predecessor-version":[{"id":266,"href":"https:\/\/psicologia.udd.cl\/enprimerapersona\/wp-json\/wp\/v2\/pages\/2\/revisions\/266"}],"wp:attachment":[{"href":"https:\/\/psicologia.udd.cl\/enprimerapersona\/wp-json\/wp\/v2\/media?parent=2"}],"curies":[{"name":"wp","href":"https:\/\/api.w.org\/{rel}","templated":true}]}}