{"id":187,"date":"2023-09-20T17:15:17","date_gmt":"2023-09-20T17:15:17","guid":{"rendered":"https:\/\/psicologia.udd.cl\/enprimerapersona\/?page_id=187"},"modified":"2023-09-20T20:12:14","modified_gmt":"2023-09-20T20:12:14","slug":"nuestra-historia","status":"publish","type":"page","link":"https:\/\/psicologia.udd.cl\/enprimerapersona\/nuestra-historia\/","title":{"rendered":"Nuestra historia"},"content":{"rendered":"\n<p class=\"has-text-align-left\">Al mirar retrospectivamente, lo primero que constatamos es que aquello que inspir\u00f3 la creaci\u00f3n de Psicolog\u00eda UDD esta hoy presente, y con mucha fuerza. La visi\u00f3n, en ese entonces, fue formar psic\u00f3logos y psic\u00f3logas comprometidos con abordar de una manera rigurosa e innovadora, las problem\u00e1ticas que aquejan a las personas y sus relaciones en sus distintos \u00e1mbitos, a trav\u00e9s de la creaci\u00f3n de condiciones propicias para este desarrollo integral.<\/p>\n\n\n\n<p>Nos inspir\u00f3 desarrollar un modelo propio de formaci\u00f3n, que integrara de manera profunda y coherente la teor\u00eda con la pr\u00e1ctica, intentando conectar de forma \u00fanica, significativa, y desde temprano en la carrera, a los estudiantes con la principal motivaci\u00f3n que los lleva a estudiar Psicolog\u00eda, que es, principalmente, el trabajo con personas. Quer\u00edamos ir m\u00e1s all\u00e1 de lo que ofrec\u00eda la educaci\u00f3n tradicional, que esencialmente se daba dentro de las cuatro paredes del aula y la biblioteca. Una de las principales fuentes de motivaci\u00f3n, ha sido la constante pregunta acerca de c\u00f3mo generar las condiciones para que nuestros estudiantes tengan experiencias significativas de aprendizaje, que los prepare como<br>verdaderos agentes de cambio para el hoy y para el ma\u00f1ana, y la hemos enfrentado con rigor y creatividad, entendiendo que en cada una de la innovaciones estamos corriendo un riesgo, y al mismo tiempo, estamos abriendo nuevas posibilidades. Esta tension natural de la innovacion la hemos ido abordando levantando evidencia acerca de los resultados, es decir, haciendo ciencia, que es la forma que nos da el sustento y la confianza de estar caminando por la ruta apropiada.<\/p>\n\n\n\n<p>Desde esta visi\u00f3n, extendimos las paredes tradicionales del aula integrando el terreno, \u201cla realidad\u201d, transform\u00e1ndose en un espacio de ensayo y experimentaci\u00f3n, para desde ah\u00ed conducir un proceso reflexivo y de aplicaci\u00f3n de la teor\u00eda. De esta manera, los estudiantes viven una experiencia en la que est\u00e1n profundamente implicados, y se comprometen importante para los profesionales que trabajamos con personas, ya que somos nuestra principal herramienta de intervenci\u00f3n. Desempe\u00f1ar este rol implica un compromiso profundo con nuestro desarrollo, no solo profesional, sino integral.<br>Es as\u00ed como fuimos articulando, desde un inicio, y cada vez con m\u00e1s fuerza, la formaci\u00f3n con la investigaci\u00f3n, la extensi\u00f3n y la vinculaci\u00f3n con el medio, con el fin de generar un ambiente propicio para la realizaci\u00f3n de diversos proyectos, cuyo eje central fuese el abordaje de problem\u00e1ticas relevantes para la sociedad. Desde este enfoque, pronto la Facultad se<br>transform\u00f3 en un polo de atracci\u00f3n para acad\u00e9micos y profesionales destacados e innovadores, que empezaron a ver en la universidad un lugar donde se valora el desarrollo de nuevas ideas, din\u00e1mico y eficiente, donde es posible proyectarse y crear en conjunto con otros. <\/p>\n\n\n\n<p>Las instituciones externas tambi\u00e9n han respondido y se han sumado con entusiasmo a esta propuesta innovadora, dispuestas a aprender con nosotros y a generar proyectos conjuntos. Esta forma de hacer las cosas nos ha hecho vivir un proceso acelerado de desarrollo, logrando niveles significativos de complejidad en pocos a\u00f1os, que nos permiten contar hoy, por ejemplo, con un programa de pregrado acreditado por 6 a\u00f1os, tener estudiantes realizando su pr\u00e1ctica profesional en el extranjero, ser la Facultad de Psicolog\u00eda de universidad privada que m\u00e1s proyectos de investigaci\u00f3n con financiamiento externo se adjudic\u00f3 estos dos \u00faltimos a\u00f1os, y estar admitiendo la tercera generaci\u00f3n de estudiantes para nuestro doctorado tem\u00e1tico \u00fanico en Latinoam\u00e9rica.<\/p>\n\n\n<!-- WP Block: UDD - Cards Alternate -->\n<section class=\"wp-block-udd-cards\" style=\"--udd-blocks-has-columns-number: 4\">\n\t<div class=\"container\">\n\t\t\t\t\t<header class=\"header__innerblock block__header\">\n\t\t\t\n<h2>Equipo realizador<\/h2>\n\t\n\t\n\t<\/header>\n\t\t\t\t<div class=\"block__content\">\n\t\t\t<div class=\"cards\">\n\t\t\t\t\t\t\t\t\t\t\t\t\t\t\t\t\t<div class=\"card-wrapper\">\n\t\t\t\t\t\t<div class=\"card\">\n\t\t\t\t\t\t\t<h3 class=\"card__title\">Loreto Daza<\/h3>\n\t\t\t\t\t\t\t\t\t\t\t\t\t\t<div class=\"card__description\">\n\t\t\t\t\t\t\t\t<p>L\u00edder del proyecto.<\/p>\n\t\t\t\t\t\t\t<\/div>\n\t\t\t\t\t\t\t\t\t\t\t\t\t<\/div>\n\t\t\t\t\t<\/div>\n\t\t\t\t\t\t\t\t\t\t\t\t\t\t\t\t\t\t\t\t\t<div class=\"card-wrapper\">\n\t\t\t\t\t\t<div class=\"card\">\n\t\t\t\t\t\t\t<h3 class=\"card__title\">Carla Lavado<\/h3>\n\t\t\t\t\t\t\t\t\t\t\t\t\t\t<div class=\"card__description\">\n\t\t\t\t\t\t\t\t<p>Producci\u00f3n period\u00edstica y web.<\/p>\n\t\t\t\t\t\t\t<\/div>\n\t\t\t\t\t\t\t\t\t\t\t\t\t<\/div>\n\t\t\t\t\t<\/div>\n\t\t\t\t\t\t\t\t\t\t\t\t\t\t\t\t\t\t\t\t\t<div class=\"card-wrapper\">\n\t\t\t\t\t\t<div class=\"card\">\n\t\t\t\t\t\t\t<h3 class=\"card__title\">Camilo Cararo<\/h3>\n\t\t\t\t\t\t\t\t\t\t\t\t\t\t<div class=\"card__description\">\n\t\t\t\t\t\t\t\t<p>Edici\u00f3n de audio.<\/p>\n\t\t\t\t\t\t\t<\/div>\n\t\t\t\t\t\t\t\t\t\t\t\t\t<\/div>\n\t\t\t\t\t<\/div>\n\t\t\t\t\t\t\t\t\t\t\t\t\t\t\t\t\t\t\t\t\t<div class=\"card-wrapper\">\n\t\t\t\t\t\t<div class=\"card\">\n\t\t\t\t\t\t\t<h3 class=\"card__title\">Santa Cima Com.<\/h3>\n\t\t\t\t\t\t\t\t\t\t\t\t\t\t<div class=\"card__description\">\n\t\t\t\t\t\t\t\t<p>Digital.<\/p>\n\t\t\t\t\t\t\t<\/div>\n\t\t\t\t\t\t\t\t\t\t\t\t\t<\/div>\n\t\t\t\t\t<\/div>\n\t\t\t\t\t\t\t\t\t\t<\/div>\n\t\t<\/div>\n\t<\/div>\n<\/section>\n","protected":false},"excerpt":{"rendered":"<p>Al mirar retrospectivamente, lo primero que constatamos es que aquello que inspir\u00f3 la creaci\u00f3n de Psicolog\u00eda UDD esta hoy presente, y con mucha fuerza. La visi\u00f3n, en ese entonces, fue formar psic\u00f3logos y psic\u00f3logas comprometidos con abordar de una manera rigurosa e innovadora, las problem\u00e1ticas que aquejan a las personas y sus relaciones en sus [&hellip;]<\/p>\n","protected":false},"author":36,"featured_media":0,"parent":0,"menu_order":0,"comment_status":"closed","ping_status":"closed","template":"","meta":{"footnotes":""},"class_list":["post-187","page","type-page","status-publish","hentry"],"yoast_head":"<!-- This site is optimized with the Yoast SEO plugin v26.9 - https:\/\/yoast.com\/product\/yoast-seo-wordpress\/ -->\n<title>Nuestra historia - Psicolog\u00eda UDD | 25 a\u00f1os<\/title>\n<meta name=\"description\" content=\"En este espacio podr\u00e1s conocer m\u00e1s detalles de lo que ha sido nuestra historia durante estos 25 a\u00f1os de historia de Psicolog\u00eda UDD.\" \/>\n<meta name=\"robots\" content=\"index, follow, max-snippet:-1, max-image-preview:large, max-video-preview:-1\" \/>\n<link rel=\"canonical\" href=\"https:\/\/psicologia.udd.cl\/enprimerapersona\/nuestra-historia\/\" \/>\n<meta property=\"og:locale\" content=\"es_ES\" \/>\n<meta property=\"og:type\" content=\"article\" \/>\n<meta property=\"og:title\" content=\"Nuestra historia - Psicolog\u00eda UDD | 25 a\u00f1os\" \/>\n<meta property=\"og:description\" content=\"En este espacio podr\u00e1s conocer m\u00e1s detalles de lo que ha sido nuestra historia durante estos 25 a\u00f1os de historia de Psicolog\u00eda UDD.\" \/>\n<meta property=\"og:url\" content=\"https:\/\/psicologia.udd.cl\/enprimerapersona\/nuestra-historia\/\" \/>\n<meta property=\"og:site_name\" content=\"Psicolog\u00eda UDD | 25 a\u00f1os\" \/>\n<meta property=\"article:modified_time\" content=\"2023-09-20T20:12:14+00:00\" \/>\n<meta name=\"twitter:card\" content=\"summary_large_image\" \/>\n<meta name=\"twitter:label1\" content=\"Tiempo de lectura\" \/>\n\t<meta name=\"twitter:data1\" content=\"3 minutos\" \/>\n<script type=\"application\/ld+json\" class=\"yoast-schema-graph\">{\"@context\":\"https:\/\/schema.org\",\"@graph\":[{\"@type\":\"WebPage\",\"@id\":\"https:\/\/psicologia.udd.cl\/enprimerapersona\/nuestra-historia\/\",\"url\":\"https:\/\/psicologia.udd.cl\/enprimerapersona\/nuestra-historia\/\",\"name\":\"Nuestra historia - Psicolog\u00eda UDD | 25 a\u00f1os\",\"isPartOf\":{\"@id\":\"https:\/\/psicologia.udd.cl\/enprimerapersona\/#website\"},\"datePublished\":\"2023-09-20T17:15:17+00:00\",\"dateModified\":\"2023-09-20T20:12:14+00:00\",\"description\":\"En este espacio podr\u00e1s conocer m\u00e1s detalles de lo que ha sido nuestra historia durante estos 25 a\u00f1os de historia de Psicolog\u00eda UDD.\",\"breadcrumb\":{\"@id\":\"https:\/\/psicologia.udd.cl\/enprimerapersona\/nuestra-historia\/#breadcrumb\"},\"inLanguage\":\"es\",\"potentialAction\":[{\"@type\":\"ReadAction\",\"target\":[\"https:\/\/psicologia.udd.cl\/enprimerapersona\/nuestra-historia\/\"]}]},{\"@type\":\"BreadcrumbList\",\"@id\":\"https:\/\/psicologia.udd.cl\/enprimerapersona\/nuestra-historia\/#breadcrumb\",\"itemListElement\":[{\"@type\":\"ListItem\",\"position\":1,\"name\":\"Portada\",\"item\":\"https:\/\/psicologia.udd.cl\/enprimerapersona\/\"},{\"@type\":\"ListItem\",\"position\":2,\"name\":\"Nuestra historia\"}]},{\"@type\":\"WebSite\",\"@id\":\"https:\/\/psicologia.udd.cl\/enprimerapersona\/#website\",\"url\":\"https:\/\/psicologia.udd.cl\/enprimerapersona\/\",\"name\":\"Psicolog\u00eda UDD | 25 a\u00f1os\",\"description\":\"Nuestra historia\",\"inLanguage\":\"es\"}]}<\/script>\n<!-- \/ Yoast SEO plugin. -->","yoast_head_json":{"title":"Nuestra historia - Psicolog\u00eda UDD | 25 a\u00f1os","description":"En este espacio podr\u00e1s conocer m\u00e1s detalles de lo que ha sido nuestra historia durante estos 25 a\u00f1os de historia de Psicolog\u00eda UDD.","robots":{"index":"index","follow":"follow","max-snippet":"max-snippet:-1","max-image-preview":"max-image-preview:large","max-video-preview":"max-video-preview:-1"},"canonical":"https:\/\/psicologia.udd.cl\/enprimerapersona\/nuestra-historia\/","og_locale":"es_ES","og_type":"article","og_title":"Nuestra historia - Psicolog\u00eda UDD | 25 a\u00f1os","og_description":"En este espacio podr\u00e1s conocer m\u00e1s detalles de lo que ha sido nuestra historia durante estos 25 a\u00f1os de historia de Psicolog\u00eda UDD.","og_url":"https:\/\/psicologia.udd.cl\/enprimerapersona\/nuestra-historia\/","og_site_name":"Psicolog\u00eda UDD | 25 a\u00f1os","article_modified_time":"2023-09-20T20:12:14+00:00","twitter_card":"summary_large_image","twitter_misc":{"Tiempo de lectura":"3 minutos"},"schema":{"@context":"https:\/\/schema.org","@graph":[{"@type":"WebPage","@id":"https:\/\/psicologia.udd.cl\/enprimerapersona\/nuestra-historia\/","url":"https:\/\/psicologia.udd.cl\/enprimerapersona\/nuestra-historia\/","name":"Nuestra historia - Psicolog\u00eda UDD | 25 a\u00f1os","isPartOf":{"@id":"https:\/\/psicologia.udd.cl\/enprimerapersona\/#website"},"datePublished":"2023-09-20T17:15:17+00:00","dateModified":"2023-09-20T20:12:14+00:00","description":"En este espacio podr\u00e1s conocer m\u00e1s detalles de lo que ha sido nuestra historia durante estos 25 a\u00f1os de historia de Psicolog\u00eda UDD.","breadcrumb":{"@id":"https:\/\/psicologia.udd.cl\/enprimerapersona\/nuestra-historia\/#breadcrumb"},"inLanguage":"es","potentialAction":[{"@type":"ReadAction","target":["https:\/\/psicologia.udd.cl\/enprimerapersona\/nuestra-historia\/"]}]},{"@type":"BreadcrumbList","@id":"https:\/\/psicologia.udd.cl\/enprimerapersona\/nuestra-historia\/#breadcrumb","itemListElement":[{"@type":"ListItem","position":1,"name":"Portada","item":"https:\/\/psicologia.udd.cl\/enprimerapersona\/"},{"@type":"ListItem","position":2,"name":"Nuestra historia"}]},{"@type":"WebSite","@id":"https:\/\/psicologia.udd.cl\/enprimerapersona\/#website","url":"https:\/\/psicologia.udd.cl\/enprimerapersona\/","name":"Psicolog\u00eda UDD | 25 a\u00f1os","description":"Nuestra historia","inLanguage":"es"}]}},"_links":{"self":[{"href":"https:\/\/psicologia.udd.cl\/enprimerapersona\/wp-json\/wp\/v2\/pages\/187","targetHints":{"allow":["GET"]}}],"collection":[{"href":"https:\/\/psicologia.udd.cl\/enprimerapersona\/wp-json\/wp\/v2\/pages"}],"about":[{"href":"https:\/\/psicologia.udd.cl\/enprimerapersona\/wp-json\/wp\/v2\/types\/page"}],"author":[{"embeddable":true,"href":"https:\/\/psicologia.udd.cl\/enprimerapersona\/wp-json\/wp\/v2\/users\/36"}],"replies":[{"embeddable":true,"href":"https:\/\/psicologia.udd.cl\/enprimerapersona\/wp-json\/wp\/v2\/comments?post=187"}],"version-history":[{"count":3,"href":"https:\/\/psicologia.udd.cl\/enprimerapersona\/wp-json\/wp\/v2\/pages\/187\/revisions"}],"predecessor-version":[{"id":217,"href":"https:\/\/psicologia.udd.cl\/enprimerapersona\/wp-json\/wp\/v2\/pages\/187\/revisions\/217"}],"wp:attachment":[{"href":"https:\/\/psicologia.udd.cl\/enprimerapersona\/wp-json\/wp\/v2\/media?parent=187"}],"curies":[{"name":"wp","href":"https:\/\/api.w.org\/{rel}","templated":true}]}}