{"id":184,"date":"2023-09-20T17:09:26","date_gmt":"2023-09-20T17:09:26","guid":{"rendered":"https:\/\/psicologia.udd.cl\/enprimerapersona\/?page_id=184"},"modified":"2023-10-06T15:34:13","modified_gmt":"2023-10-06T15:34:13","slug":"jorge-varela-en-primera-persona","status":"publish","type":"page","link":"https:\/\/psicologia.udd.cl\/enprimerapersona\/testimonios\/jorge-varela-en-primera-persona\/","title":{"rendered":"Jorge Varela | Investigador docente"},"content":{"rendered":"\n<div class=\"wp-block-media-text alignfull is-stacked-on-mobile\" style=\"grid-template-columns:35% auto\"><figure class=\"wp-block-media-text__media\"><img loading=\"lazy\" decoding=\"async\" width=\"401\" height=\"550\" src=\"https:\/\/psicologia.udd.cl\/enprimerapersona\/files\/2023\/09\/25.png\" alt=\"\" class=\"wp-image-95 size-large\" srcset=\"https:\/\/psicologia.udd.cl\/enprimerapersona\/files\/2023\/09\/25.png 401w, https:\/\/psicologia.udd.cl\/enprimerapersona\/files\/2023\/09\/25-219x300.png 219w\" sizes=\"auto, (max-width: 401px) 100vw, 401px\" \/><\/figure><div class=\"wp-block-media-text__content\">\n<h2 class=\"wp-block-heading\">En primera persona<\/h2>\n\n\n\n<p>\u00ab\u00bfQu\u00e9 me mantiene en la UDD? Ser parte de la historia de la Facultad y haber participado en tantos hitos hace que uno tenga un sentido de pertenencia importante. Yo creo que eso es algo relevante para m\u00ed y estoy s\u00faper identificado con la UDD. Adem\u00e1s, la institucionalidad que tenemos hoy d\u00eda en la Facultad da espacio para que uno participe, sume\u00bb.<\/p>\n<\/div><\/div>\n\n\n\n<h3 class=\"wp-block-heading\">Escucha la entrevista ac\u00e1:<\/h3>\n\n\n\n<figure class=\"wp-block-audio\"><audio controls src=\"https:\/\/psicologia.udd.cl\/enprimerapersona\/files\/2023\/10\/jorgevarela.mp3\"><\/audio><\/figure>\n","protected":false},"excerpt":{"rendered":"<p>En primera persona \u00ab\u00bfQu\u00e9 me mantiene en la UDD? Ser parte de la historia de la Facultad y haber participado en tantos hitos hace que uno tenga un sentido de pertenencia importante. Yo creo que eso es algo relevante para m\u00ed y estoy s\u00faper identificado con la UDD. Adem\u00e1s, la institucionalidad que tenemos hoy d\u00eda [&hellip;]<\/p>\n","protected":false},"author":36,"featured_media":0,"parent":19,"menu_order":26,"comment_status":"closed","ping_status":"closed","template":"","meta":{"footnotes":""},"class_list":["post-184","page","type-page","status-publish","hentry"],"yoast_head":"<!-- This site is optimized with the Yoast SEO plugin v26.9 - https:\/\/yoast.com\/product\/yoast-seo-wordpress\/ -->\n<title>Jorge Varela | Investigador docente - Psicolog\u00eda UDD | 25 a\u00f1os<\/title>\n<meta name=\"description\" content=\"Conoce el testimonio En Primera Persona de Jorge Varela, investigador docente, por los 25 a\u00f1os de Psicolog\u00eda UDD.\" \/>\n<meta name=\"robots\" content=\"index, follow, max-snippet:-1, max-image-preview:large, max-video-preview:-1\" \/>\n<link rel=\"canonical\" href=\"https:\/\/psicologia.udd.cl\/enprimerapersona\/testimonios\/jorge-varela-en-primera-persona\/\" \/>\n<meta property=\"og:locale\" content=\"es_ES\" \/>\n<meta property=\"og:type\" content=\"article\" \/>\n<meta property=\"og:title\" content=\"Jorge Varela | Investigador docente - Psicolog\u00eda UDD | 25 a\u00f1os\" \/>\n<meta property=\"og:description\" content=\"Conoce el testimonio En Primera Persona de Jorge Varela, investigador docente, por los 25 a\u00f1os de Psicolog\u00eda UDD.\" \/>\n<meta property=\"og:url\" content=\"https:\/\/psicologia.udd.cl\/enprimerapersona\/testimonios\/jorge-varela-en-primera-persona\/\" \/>\n<meta property=\"og:site_name\" content=\"Psicolog\u00eda UDD | 25 a\u00f1os\" \/>\n<meta property=\"article:modified_time\" content=\"2023-10-06T15:34:13+00:00\" \/>\n<meta property=\"og:image\" content=\"https:\/\/psicologia.udd.cl\/enprimerapersona\/files\/2023\/09\/25.png\" \/>\n<meta name=\"twitter:card\" content=\"summary_large_image\" \/>\n<meta name=\"twitter:label1\" content=\"Tiempo de lectura\" \/>\n\t<meta name=\"twitter:data1\" content=\"1 minuto\" \/>\n<script type=\"application\/ld+json\" class=\"yoast-schema-graph\">{\"@context\":\"https:\/\/schema.org\",\"@graph\":[{\"@type\":\"WebPage\",\"@id\":\"https:\/\/psicologia.udd.cl\/enprimerapersona\/testimonios\/jorge-varela-en-primera-persona\/\",\"url\":\"https:\/\/psicologia.udd.cl\/enprimerapersona\/testimonios\/jorge-varela-en-primera-persona\/\",\"name\":\"Jorge Varela | Investigador docente - Psicolog\u00eda UDD | 25 a\u00f1os\",\"isPartOf\":{\"@id\":\"https:\/\/psicologia.udd.cl\/enprimerapersona\/#website\"},\"primaryImageOfPage\":{\"@id\":\"https:\/\/psicologia.udd.cl\/enprimerapersona\/testimonios\/jorge-varela-en-primera-persona\/#primaryimage\"},\"image\":{\"@id\":\"https:\/\/psicologia.udd.cl\/enprimerapersona\/testimonios\/jorge-varela-en-primera-persona\/#primaryimage\"},\"thumbnailUrl\":\"https:\/\/psicologia.udd.cl\/enprimerapersona\/files\/2023\/09\/25.png\",\"datePublished\":\"2023-09-20T17:09:26+00:00\",\"dateModified\":\"2023-10-06T15:34:13+00:00\",\"description\":\"Conoce el testimonio En Primera Persona de Jorge Varela, investigador docente, por los 25 a\u00f1os de Psicolog\u00eda UDD.\",\"breadcrumb\":{\"@id\":\"https:\/\/psicologia.udd.cl\/enprimerapersona\/testimonios\/jorge-varela-en-primera-persona\/#breadcrumb\"},\"inLanguage\":\"es\",\"potentialAction\":[{\"@type\":\"ReadAction\",\"target\":[\"https:\/\/psicologia.udd.cl\/enprimerapersona\/testimonios\/jorge-varela-en-primera-persona\/\"]}]},{\"@type\":\"ImageObject\",\"inLanguage\":\"es\",\"@id\":\"https:\/\/psicologia.udd.cl\/enprimerapersona\/testimonios\/jorge-varela-en-primera-persona\/#primaryimage\",\"url\":\"https:\/\/psicologia.udd.cl\/enprimerapersona\/files\/2023\/09\/25.png\",\"contentUrl\":\"https:\/\/psicologia.udd.cl\/enprimerapersona\/files\/2023\/09\/25.png\",\"width\":401,\"height\":550},{\"@type\":\"BreadcrumbList\",\"@id\":\"https:\/\/psicologia.udd.cl\/enprimerapersona\/testimonios\/jorge-varela-en-primera-persona\/#breadcrumb\",\"itemListElement\":[{\"@type\":\"ListItem\",\"position\":1,\"name\":\"Portada\",\"item\":\"https:\/\/psicologia.udd.cl\/enprimerapersona\/\"},{\"@type\":\"ListItem\",\"position\":2,\"name\":\"Testimonios\",\"item\":\"https:\/\/psicologia.udd.cl\/enprimerapersona\/testimonios\/\"},{\"@type\":\"ListItem\",\"position\":3,\"name\":\"Jorge Varela | Investigador docente\"}]},{\"@type\":\"WebSite\",\"@id\":\"https:\/\/psicologia.udd.cl\/enprimerapersona\/#website\",\"url\":\"https:\/\/psicologia.udd.cl\/enprimerapersona\/\",\"name\":\"Psicolog\u00eda UDD | 25 a\u00f1os\",\"description\":\"Nuestra historia\",\"inLanguage\":\"es\"}]}<\/script>\n<!-- \/ Yoast SEO plugin. -->","yoast_head_json":{"title":"Jorge Varela | Investigador docente - Psicolog\u00eda UDD | 25 a\u00f1os","description":"Conoce el testimonio En Primera Persona de Jorge Varela, investigador docente, por los 25 a\u00f1os de Psicolog\u00eda UDD.","robots":{"index":"index","follow":"follow","max-snippet":"max-snippet:-1","max-image-preview":"max-image-preview:large","max-video-preview":"max-video-preview:-1"},"canonical":"https:\/\/psicologia.udd.cl\/enprimerapersona\/testimonios\/jorge-varela-en-primera-persona\/","og_locale":"es_ES","og_type":"article","og_title":"Jorge Varela | Investigador docente - Psicolog\u00eda UDD | 25 a\u00f1os","og_description":"Conoce el testimonio En Primera Persona de Jorge Varela, investigador docente, por los 25 a\u00f1os de Psicolog\u00eda UDD.","og_url":"https:\/\/psicologia.udd.cl\/enprimerapersona\/testimonios\/jorge-varela-en-primera-persona\/","og_site_name":"Psicolog\u00eda UDD | 25 a\u00f1os","article_modified_time":"2023-10-06T15:34:13+00:00","og_image":[{"url":"https:\/\/psicologia.udd.cl\/enprimerapersona\/files\/2023\/09\/25.png","type":"","width":"","height":""}],"twitter_card":"summary_large_image","twitter_misc":{"Tiempo de lectura":"1 minuto"},"schema":{"@context":"https:\/\/schema.org","@graph":[{"@type":"WebPage","@id":"https:\/\/psicologia.udd.cl\/enprimerapersona\/testimonios\/jorge-varela-en-primera-persona\/","url":"https:\/\/psicologia.udd.cl\/enprimerapersona\/testimonios\/jorge-varela-en-primera-persona\/","name":"Jorge Varela | Investigador docente - Psicolog\u00eda UDD | 25 a\u00f1os","isPartOf":{"@id":"https:\/\/psicologia.udd.cl\/enprimerapersona\/#website"},"primaryImageOfPage":{"@id":"https:\/\/psicologia.udd.cl\/enprimerapersona\/testimonios\/jorge-varela-en-primera-persona\/#primaryimage"},"image":{"@id":"https:\/\/psicologia.udd.cl\/enprimerapersona\/testimonios\/jorge-varela-en-primera-persona\/#primaryimage"},"thumbnailUrl":"https:\/\/psicologia.udd.cl\/enprimerapersona\/files\/2023\/09\/25.png","datePublished":"2023-09-20T17:09:26+00:00","dateModified":"2023-10-06T15:34:13+00:00","description":"Conoce el testimonio En Primera Persona de Jorge Varela, investigador docente, por los 25 a\u00f1os de Psicolog\u00eda UDD.","breadcrumb":{"@id":"https:\/\/psicologia.udd.cl\/enprimerapersona\/testimonios\/jorge-varela-en-primera-persona\/#breadcrumb"},"inLanguage":"es","potentialAction":[{"@type":"ReadAction","target":["https:\/\/psicologia.udd.cl\/enprimerapersona\/testimonios\/jorge-varela-en-primera-persona\/"]}]},{"@type":"ImageObject","inLanguage":"es","@id":"https:\/\/psicologia.udd.cl\/enprimerapersona\/testimonios\/jorge-varela-en-primera-persona\/#primaryimage","url":"https:\/\/psicologia.udd.cl\/enprimerapersona\/files\/2023\/09\/25.png","contentUrl":"https:\/\/psicologia.udd.cl\/enprimerapersona\/files\/2023\/09\/25.png","width":401,"height":550},{"@type":"BreadcrumbList","@id":"https:\/\/psicologia.udd.cl\/enprimerapersona\/testimonios\/jorge-varela-en-primera-persona\/#breadcrumb","itemListElement":[{"@type":"ListItem","position":1,"name":"Portada","item":"https:\/\/psicologia.udd.cl\/enprimerapersona\/"},{"@type":"ListItem","position":2,"name":"Testimonios","item":"https:\/\/psicologia.udd.cl\/enprimerapersona\/testimonios\/"},{"@type":"ListItem","position":3,"name":"Jorge Varela | Investigador docente"}]},{"@type":"WebSite","@id":"https:\/\/psicologia.udd.cl\/enprimerapersona\/#website","url":"https:\/\/psicologia.udd.cl\/enprimerapersona\/","name":"Psicolog\u00eda UDD | 25 a\u00f1os","description":"Nuestra historia","inLanguage":"es"}]}},"_links":{"self":[{"href":"https:\/\/psicologia.udd.cl\/enprimerapersona\/wp-json\/wp\/v2\/pages\/184","targetHints":{"allow":["GET"]}}],"collection":[{"href":"https:\/\/psicologia.udd.cl\/enprimerapersona\/wp-json\/wp\/v2\/pages"}],"about":[{"href":"https:\/\/psicologia.udd.cl\/enprimerapersona\/wp-json\/wp\/v2\/types\/page"}],"author":[{"embeddable":true,"href":"https:\/\/psicologia.udd.cl\/enprimerapersona\/wp-json\/wp\/v2\/users\/36"}],"replies":[{"embeddable":true,"href":"https:\/\/psicologia.udd.cl\/enprimerapersona\/wp-json\/wp\/v2\/comments?post=184"}],"version-history":[{"count":3,"href":"https:\/\/psicologia.udd.cl\/enprimerapersona\/wp-json\/wp\/v2\/pages\/184\/revisions"}],"predecessor-version":[{"id":304,"href":"https:\/\/psicologia.udd.cl\/enprimerapersona\/wp-json\/wp\/v2\/pages\/184\/revisions\/304"}],"up":[{"embeddable":true,"href":"https:\/\/psicologia.udd.cl\/enprimerapersona\/wp-json\/wp\/v2\/pages\/19"}],"wp:attachment":[{"href":"https:\/\/psicologia.udd.cl\/enprimerapersona\/wp-json\/wp\/v2\/media?parent=184"}],"curies":[{"name":"wp","href":"https:\/\/api.w.org\/{rel}","templated":true}]}}