{"id":143,"date":"2023-09-20T16:11:41","date_gmt":"2023-09-20T16:11:41","guid":{"rendered":"https:\/\/psicologia.udd.cl\/enprimerapersona\/?page_id=143"},"modified":"2023-10-06T15:36:24","modified_gmt":"2023-10-06T15:36:24","slug":"natasha-cabrera-en-primera-persona","status":"publish","type":"page","link":"https:\/\/psicologia.udd.cl\/enprimerapersona\/testimonios\/natasha-cabrera-en-primera-persona\/","title":{"rendered":"Natasha Cabrera | Profesora visitante"},"content":{"rendered":"\n<div class=\"wp-block-media-text alignfull is-stacked-on-mobile\" style=\"grid-template-columns:35% auto\"><figure class=\"wp-block-media-text__media\"><img loading=\"lazy\" decoding=\"async\" width=\"401\" height=\"550\" src=\"https:\/\/psicologia.udd.cl\/enprimerapersona\/files\/2023\/09\/16.png\" alt=\"\" class=\"wp-image-86 size-large\" srcset=\"https:\/\/psicologia.udd.cl\/enprimerapersona\/files\/2023\/09\/16.png 401w, https:\/\/psicologia.udd.cl\/enprimerapersona\/files\/2023\/09\/16-219x300.png 219w\" sizes=\"auto, (max-width: 401px) 100vw, 401px\" \/><\/figure><div class=\"wp-block-media-text__content\">\n<p><\/p>\n\n\n\n<h2 class=\"wp-block-heading\">EN PRIMERA PERSONA<br><\/h2>\n\n\n\n<p>\u00abVoy a usar una met\u00e1fora; si trabajas con un director de orquesta, entonces hace que todos toquen m\u00fasica juntos. La UDD tiene ese director de orquesta, que les permite hacer m\u00fasica hermosa juntos, entonces est\u00e1n mucho m\u00e1s adelantados de lo que estar\u00edan si fueran solo individuos\u00bb.<\/p>\n<\/div><\/div>\n\n\n\n<h3 class=\"wp-block-heading\">Escucha la entrevista ac\u00e1:<\/h3>\n\n\n\n<figure class=\"wp-block-audio\"><audio controls src=\"https:\/\/psicologia.udd.cl\/enprimerapersona\/files\/2023\/10\/natasha-cabrera-1.mp3\"><\/audio><\/figure>\n","protected":false},"excerpt":{"rendered":"<p>EN PRIMERA PERSONA \u00abVoy a usar una met\u00e1fora; si trabajas con un director de orquesta, entonces hace que todos toquen m\u00fasica juntos. La UDD tiene ese director de orquesta, que les permite hacer m\u00fasica hermosa juntos, entonces est\u00e1n mucho m\u00e1s adelantados de lo que estar\u00edan si fueran solo individuos\u00bb. Escucha la entrevista ac\u00e1:<\/p>\n","protected":false},"author":36,"featured_media":0,"parent":19,"menu_order":14,"comment_status":"closed","ping_status":"closed","template":"","meta":{"footnotes":""},"class_list":["post-143","page","type-page","status-publish","hentry"],"yoast_head":"<!-- This site is optimized with the Yoast SEO plugin v26.9 - https:\/\/yoast.com\/product\/yoast-seo-wordpress\/ -->\n<title>Natasha Cabrera | Profesora visitante - Psicolog\u00eda UDD | 25 a\u00f1os<\/title>\n<meta name=\"description\" content=\"Conoce el testimonio En Primera Persona de Natasha Cabrera, profesora visitante, por los 25 a\u00f1os de Psicolog\u00eda UDD.\" \/>\n<meta name=\"robots\" content=\"index, follow, max-snippet:-1, max-image-preview:large, max-video-preview:-1\" \/>\n<link rel=\"canonical\" href=\"https:\/\/psicologia.udd.cl\/enprimerapersona\/testimonios\/natasha-cabrera-en-primera-persona\/\" \/>\n<meta property=\"og:locale\" content=\"es_ES\" \/>\n<meta property=\"og:type\" content=\"article\" \/>\n<meta property=\"og:title\" content=\"Natasha Cabrera | Profesora visitante - Psicolog\u00eda UDD | 25 a\u00f1os\" \/>\n<meta property=\"og:description\" content=\"Conoce el testimonio En Primera Persona de Natasha Cabrera, profesora visitante, por los 25 a\u00f1os de Psicolog\u00eda UDD.\" \/>\n<meta property=\"og:url\" content=\"https:\/\/psicologia.udd.cl\/enprimerapersona\/testimonios\/natasha-cabrera-en-primera-persona\/\" \/>\n<meta property=\"og:site_name\" content=\"Psicolog\u00eda UDD | 25 a\u00f1os\" \/>\n<meta property=\"article:modified_time\" content=\"2023-10-06T15:36:24+00:00\" \/>\n<meta property=\"og:image\" content=\"https:\/\/psicologia.udd.cl\/enprimerapersona\/files\/2023\/09\/16.png\" \/>\n<meta name=\"twitter:card\" content=\"summary_large_image\" \/>\n<meta name=\"twitter:label1\" content=\"Tiempo de lectura\" \/>\n\t<meta name=\"twitter:data1\" content=\"1 minuto\" \/>\n<script type=\"application\/ld+json\" class=\"yoast-schema-graph\">{\"@context\":\"https:\/\/schema.org\",\"@graph\":[{\"@type\":\"WebPage\",\"@id\":\"https:\/\/psicologia.udd.cl\/enprimerapersona\/testimonios\/natasha-cabrera-en-primera-persona\/\",\"url\":\"https:\/\/psicologia.udd.cl\/enprimerapersona\/testimonios\/natasha-cabrera-en-primera-persona\/\",\"name\":\"Natasha Cabrera | Profesora visitante - Psicolog\u00eda UDD | 25 a\u00f1os\",\"isPartOf\":{\"@id\":\"https:\/\/psicologia.udd.cl\/enprimerapersona\/#website\"},\"primaryImageOfPage\":{\"@id\":\"https:\/\/psicologia.udd.cl\/enprimerapersona\/testimonios\/natasha-cabrera-en-primera-persona\/#primaryimage\"},\"image\":{\"@id\":\"https:\/\/psicologia.udd.cl\/enprimerapersona\/testimonios\/natasha-cabrera-en-primera-persona\/#primaryimage\"},\"thumbnailUrl\":\"https:\/\/psicologia.udd.cl\/enprimerapersona\/files\/2023\/09\/16.png\",\"datePublished\":\"2023-09-20T16:11:41+00:00\",\"dateModified\":\"2023-10-06T15:36:24+00:00\",\"description\":\"Conoce el testimonio En Primera Persona de Natasha Cabrera, profesora visitante, por los 25 a\u00f1os de Psicolog\u00eda UDD.\",\"breadcrumb\":{\"@id\":\"https:\/\/psicologia.udd.cl\/enprimerapersona\/testimonios\/natasha-cabrera-en-primera-persona\/#breadcrumb\"},\"inLanguage\":\"es\",\"potentialAction\":[{\"@type\":\"ReadAction\",\"target\":[\"https:\/\/psicologia.udd.cl\/enprimerapersona\/testimonios\/natasha-cabrera-en-primera-persona\/\"]}]},{\"@type\":\"ImageObject\",\"inLanguage\":\"es\",\"@id\":\"https:\/\/psicologia.udd.cl\/enprimerapersona\/testimonios\/natasha-cabrera-en-primera-persona\/#primaryimage\",\"url\":\"https:\/\/psicologia.udd.cl\/enprimerapersona\/files\/2023\/09\/16.png\",\"contentUrl\":\"https:\/\/psicologia.udd.cl\/enprimerapersona\/files\/2023\/09\/16.png\",\"width\":401,\"height\":550},{\"@type\":\"BreadcrumbList\",\"@id\":\"https:\/\/psicologia.udd.cl\/enprimerapersona\/testimonios\/natasha-cabrera-en-primera-persona\/#breadcrumb\",\"itemListElement\":[{\"@type\":\"ListItem\",\"position\":1,\"name\":\"Portada\",\"item\":\"https:\/\/psicologia.udd.cl\/enprimerapersona\/\"},{\"@type\":\"ListItem\",\"position\":2,\"name\":\"Testimonios\",\"item\":\"https:\/\/psicologia.udd.cl\/enprimerapersona\/testimonios\/\"},{\"@type\":\"ListItem\",\"position\":3,\"name\":\"Natasha Cabrera | Profesora visitante\"}]},{\"@type\":\"WebSite\",\"@id\":\"https:\/\/psicologia.udd.cl\/enprimerapersona\/#website\",\"url\":\"https:\/\/psicologia.udd.cl\/enprimerapersona\/\",\"name\":\"Psicolog\u00eda UDD | 25 a\u00f1os\",\"description\":\"Nuestra historia\",\"inLanguage\":\"es\"}]}<\/script>\n<!-- \/ Yoast SEO plugin. -->","yoast_head_json":{"title":"Natasha Cabrera | Profesora visitante - Psicolog\u00eda UDD | 25 a\u00f1os","description":"Conoce el testimonio En Primera Persona de Natasha Cabrera, profesora visitante, por los 25 a\u00f1os de Psicolog\u00eda UDD.","robots":{"index":"index","follow":"follow","max-snippet":"max-snippet:-1","max-image-preview":"max-image-preview:large","max-video-preview":"max-video-preview:-1"},"canonical":"https:\/\/psicologia.udd.cl\/enprimerapersona\/testimonios\/natasha-cabrera-en-primera-persona\/","og_locale":"es_ES","og_type":"article","og_title":"Natasha Cabrera | Profesora visitante - Psicolog\u00eda UDD | 25 a\u00f1os","og_description":"Conoce el testimonio En Primera Persona de Natasha Cabrera, profesora visitante, por los 25 a\u00f1os de Psicolog\u00eda UDD.","og_url":"https:\/\/psicologia.udd.cl\/enprimerapersona\/testimonios\/natasha-cabrera-en-primera-persona\/","og_site_name":"Psicolog\u00eda UDD | 25 a\u00f1os","article_modified_time":"2023-10-06T15:36:24+00:00","og_image":[{"url":"https:\/\/psicologia.udd.cl\/enprimerapersona\/files\/2023\/09\/16.png","type":"","width":"","height":""}],"twitter_card":"summary_large_image","twitter_misc":{"Tiempo de lectura":"1 minuto"},"schema":{"@context":"https:\/\/schema.org","@graph":[{"@type":"WebPage","@id":"https:\/\/psicologia.udd.cl\/enprimerapersona\/testimonios\/natasha-cabrera-en-primera-persona\/","url":"https:\/\/psicologia.udd.cl\/enprimerapersona\/testimonios\/natasha-cabrera-en-primera-persona\/","name":"Natasha Cabrera | Profesora visitante - Psicolog\u00eda UDD | 25 a\u00f1os","isPartOf":{"@id":"https:\/\/psicologia.udd.cl\/enprimerapersona\/#website"},"primaryImageOfPage":{"@id":"https:\/\/psicologia.udd.cl\/enprimerapersona\/testimonios\/natasha-cabrera-en-primera-persona\/#primaryimage"},"image":{"@id":"https:\/\/psicologia.udd.cl\/enprimerapersona\/testimonios\/natasha-cabrera-en-primera-persona\/#primaryimage"},"thumbnailUrl":"https:\/\/psicologia.udd.cl\/enprimerapersona\/files\/2023\/09\/16.png","datePublished":"2023-09-20T16:11:41+00:00","dateModified":"2023-10-06T15:36:24+00:00","description":"Conoce el testimonio En Primera Persona de Natasha Cabrera, profesora visitante, por los 25 a\u00f1os de Psicolog\u00eda UDD.","breadcrumb":{"@id":"https:\/\/psicologia.udd.cl\/enprimerapersona\/testimonios\/natasha-cabrera-en-primera-persona\/#breadcrumb"},"inLanguage":"es","potentialAction":[{"@type":"ReadAction","target":["https:\/\/psicologia.udd.cl\/enprimerapersona\/testimonios\/natasha-cabrera-en-primera-persona\/"]}]},{"@type":"ImageObject","inLanguage":"es","@id":"https:\/\/psicologia.udd.cl\/enprimerapersona\/testimonios\/natasha-cabrera-en-primera-persona\/#primaryimage","url":"https:\/\/psicologia.udd.cl\/enprimerapersona\/files\/2023\/09\/16.png","contentUrl":"https:\/\/psicologia.udd.cl\/enprimerapersona\/files\/2023\/09\/16.png","width":401,"height":550},{"@type":"BreadcrumbList","@id":"https:\/\/psicologia.udd.cl\/enprimerapersona\/testimonios\/natasha-cabrera-en-primera-persona\/#breadcrumb","itemListElement":[{"@type":"ListItem","position":1,"name":"Portada","item":"https:\/\/psicologia.udd.cl\/enprimerapersona\/"},{"@type":"ListItem","position":2,"name":"Testimonios","item":"https:\/\/psicologia.udd.cl\/enprimerapersona\/testimonios\/"},{"@type":"ListItem","position":3,"name":"Natasha Cabrera | Profesora visitante"}]},{"@type":"WebSite","@id":"https:\/\/psicologia.udd.cl\/enprimerapersona\/#website","url":"https:\/\/psicologia.udd.cl\/enprimerapersona\/","name":"Psicolog\u00eda UDD | 25 a\u00f1os","description":"Nuestra historia","inLanguage":"es"}]}},"_links":{"self":[{"href":"https:\/\/psicologia.udd.cl\/enprimerapersona\/wp-json\/wp\/v2\/pages\/143","targetHints":{"allow":["GET"]}}],"collection":[{"href":"https:\/\/psicologia.udd.cl\/enprimerapersona\/wp-json\/wp\/v2\/pages"}],"about":[{"href":"https:\/\/psicologia.udd.cl\/enprimerapersona\/wp-json\/wp\/v2\/types\/page"}],"author":[{"embeddable":true,"href":"https:\/\/psicologia.udd.cl\/enprimerapersona\/wp-json\/wp\/v2\/users\/36"}],"replies":[{"embeddable":true,"href":"https:\/\/psicologia.udd.cl\/enprimerapersona\/wp-json\/wp\/v2\/comments?post=143"}],"version-history":[{"count":3,"href":"https:\/\/psicologia.udd.cl\/enprimerapersona\/wp-json\/wp\/v2\/pages\/143\/revisions"}],"predecessor-version":[{"id":310,"href":"https:\/\/psicologia.udd.cl\/enprimerapersona\/wp-json\/wp\/v2\/pages\/143\/revisions\/310"}],"up":[{"embeddable":true,"href":"https:\/\/psicologia.udd.cl\/enprimerapersona\/wp-json\/wp\/v2\/pages\/19"}],"wp:attachment":[{"href":"https:\/\/psicologia.udd.cl\/enprimerapersona\/wp-json\/wp\/v2\/media?parent=143"}],"curies":[{"name":"wp","href":"https:\/\/api.w.org\/{rel}","templated":true}]}}