{"id":2977,"date":"2025-06-26T10:21:27","date_gmt":"2025-06-26T14:21:27","guid":{"rendered":"https:\/\/psicologia.udd.cl\/doctorado\/?page_id=2977"},"modified":"2025-06-26T11:32:33","modified_gmt":"2025-06-26T15:32:33","slug":"estudio-del-bienestar-y-la-convivencia-social-en-infancia-y-adolescencia","status":"publish","type":"page","link":"https:\/\/psicologia.udd.cl\/doctorado\/es\/lineas-de-investigacion\/estudio-del-bienestar-y-la-convivencia-social-en-infancia-y-adolescencia\/","title":{"rendered":"Estudio del bienestar y la convivencia social en infancia y adolescencia"},"content":{"rendered":"\n<h3 class=\"wp-block-heading\">Pretendemos estudiar la relaci\u00f3n entre el bienestar subjetivo en ni\u00f1o\/as y adolescentes, y las din\u00e1micas de convivencia e interrelaci\u00f3n social.<\/h3>\n\n\n\n<p>La l\u00ednea de investigaci\u00f3n de&nbsp;<strong>Estudio del bienestar y la convivencia social en infancia y adolescencia<\/strong>&nbsp;del Doctorado en Ciencias del Desarrollo y Psicopatolog\u00eda (DCDP) de Psicolog\u00eda UDD&nbsp;tiene como prop\u00f3sito el estudio de la relaci\u00f3n entre la experiencia subjetiva de bienestar y satisfacci\u00f3n vital de ni\u00f1os, ni\u00f1as y adolescentes, y las din\u00e1micas de convivencia e interrelaci\u00f3n social, ocurridas en los m\u00faltiples niveles sist\u00e9micos de pertenencia, con especial \u00e9nfasis en los niveles micro y meso sistemas. En el marco de una comprensi\u00f3n del desarrollo humano como un proceso multinivel, que emerge de una dial\u00e9ctica recurrente y recursiva con los entornos sociales-interindividuales y culturales, involucrando como una dimensi\u00f3n fundamental procesos de interacci\u00f3n entre niveles de organizaci\u00f3n que van desde la biolog\u00eda hasta el funcionamiento de la cultura y las instituciones sociales.<\/p>\n\n\n\n<p>As\u00ed, desde esta perspectiva de complejidad multinivel, se investigan \u00e1reas relativas a los diferentes conceptos que caen dentro de la categor\u00eda bienestar (bienestar subjetivo, bienestar psicol\u00f3gico, bienestar social), integrando el an\u00e1lisis de sus determinantes, con especial foco en din\u00e1micas de interrelaci\u00f3n y convivencia social, tanto a nivel interpersonal como intergrupal, en la escuela y la vida comunitaria.<\/p>\n\n\n<!-- WP Block: UDD - People -->\n<section class=\"wp-block-udd-people \">\n\t<div class=\"container\">\n\t\t\t\t<header class=\"block__header\">\n\t\t\t\t\t\t\t\n<h2 class=\"wp-block-heading\"><\/h2>\n\t\t\t\t\t\t\t\t<\/header>\n\t\t\t\t<div class=\"people-cards\">\n\t\t\t\t\t<div class=\"person-card\">\n\t<a href=\"https:\/\/psicologia.udd.cl\/doctorado\/es\/persona\/jaime-alfaro-inzunza\/\"\n\t\tclass=\"person-card__inner js-person-modal\"\n\t\tdata-post-id=\"651\"\n\t\tdata-postid=\"651\"\n\t>\n\t\t\t<div class=\"person-card__media\">\n\t\t\t<img loading=\"lazy\" decoding=\"async\" width=\"500\" height=\"500\" src=\"https:\/\/psicologia.udd.cl\/doctorado\/files\/2018\/02\/jaime-alfaro-1-scaled-e1658256842432-62x62.jpg\" class=\"person-card__image wp-post-image lazyload\" alt=\"\" sizes=\"auto, (max-width: 500px) 100vw, 500px\" data-src=\"https:\/\/psicologia.udd.cl\/doctorado\/files\/2018\/02\/jaime-alfaro-1-scaled-e1658256842432-500x500.jpg\" data-srcset=\"https:\/\/psicologia.udd.cl\/doctorado\/files\/2018\/02\/jaime-alfaro-1-scaled-e1658256842432-500x500.jpg 500w, https:\/\/psicologia.udd.cl\/doctorado\/files\/2018\/02\/jaime-alfaro-1-scaled-e1658256842432-150x150.jpg 150w, https:\/\/psicologia.udd.cl\/doctorado\/files\/2018\/02\/jaime-alfaro-1-scaled-e1658256842432-62x62.jpg 62w, https:\/\/psicologia.udd.cl\/doctorado\/files\/2018\/02\/jaime-alfaro-1-scaled-e1658256842432-750x750.jpg 750w, https:\/\/psicologia.udd.cl\/doctorado\/files\/2018\/02\/jaime-alfaro-1-scaled-e1658256842432-250x250.jpg 250w, https:\/\/psicologia.udd.cl\/doctorado\/files\/2018\/02\/jaime-alfaro-1-scaled-e1658256842432-126x126.jpg 126w\" \/>\t\t<\/div>\n\t\t\t<div class=\"person-card__content\">\n\t\t\t<h3 class=\"person-card__name\">Jaime Alfaro Inzunza<\/h3>\n\t\t\t\t\t<span class=\"person-card__description\">Director Laboratorio Bienestar Subjetivo en ni\u00f1ez y adolescencia<\/span>\n\t\t\t\t\t<span class=\"person-card__cta\">Ver perfil<\/span>\n\t\t<\/div>\n\t<\/a>\n<\/div>\n\t\t\t\t<\/div>\n\t<\/div>\n<\/section>\n","protected":false},"excerpt":{"rendered":"<p>Pretendemos estudiar la relaci\u00f3n entre el bienestar subjetivo en ni\u00f1o\/as y adolescentes, y las din\u00e1micas de convivencia e interrelaci\u00f3n social. La l\u00ednea de investigaci\u00f3n de&nbsp;Estudio del bienestar y la convivencia social en infancia y adolescencia&nbsp;del Doctorado en Ciencias del Desarrollo y Psicopatolog\u00eda (DCDP) de Psicolog\u00eda UDD&nbsp;tiene como prop\u00f3sito el estudio de la relaci\u00f3n entre la [&hellip;]<\/p>\n","protected":false},"author":9192205,"featured_media":0,"parent":3058,"menu_order":0,"comment_status":"closed","ping_status":"closed","template":"","meta":{"footnotes":""},"class_list":["post-2977","page","type-page","status-publish","hentry"],"yoast_head":"<!-- This site is optimized with the Yoast SEO plugin v26.9 - https:\/\/yoast.com\/product\/yoast-seo-wordpress\/ -->\n<title>Estudio del bienestar y la convivencia social en infancia y adolescencia - Doctorado en Ciencias del Desarrollo y Psicopatolog\u00eda<\/title>\n<meta name=\"robots\" content=\"index, follow, max-snippet:-1, max-image-preview:large, max-video-preview:-1\" \/>\n<link rel=\"canonical\" href=\"https:\/\/psicologia.udd.cl\/doctorado\/es\/lineas-de-investigacion\/estudio-del-bienestar-y-la-convivencia-social-en-infancia-y-adolescencia\/\" \/>\n<meta property=\"og:locale\" content=\"es_ES\" \/>\n<meta property=\"og:type\" content=\"article\" \/>\n<meta property=\"og:title\" content=\"Estudio del bienestar y la convivencia social en infancia y adolescencia - Doctorado en Ciencias del Desarrollo y Psicopatolog\u00eda\" \/>\n<meta property=\"og:description\" content=\"Pretendemos estudiar la relaci\u00f3n entre el bienestar subjetivo en ni\u00f1o\/as y adolescentes, y las din\u00e1micas de convivencia e interrelaci\u00f3n social. La l\u00ednea de investigaci\u00f3n de&nbsp;Estudio del bienestar y la convivencia social en infancia y adolescencia&nbsp;del Doctorado en Ciencias del Desarrollo y Psicopatolog\u00eda (DCDP) de Psicolog\u00eda UDD&nbsp;tiene como prop\u00f3sito el estudio de la relaci\u00f3n entre la [&hellip;]\" \/>\n<meta property=\"og:url\" content=\"https:\/\/psicologia.udd.cl\/doctorado\/es\/lineas-de-investigacion\/estudio-del-bienestar-y-la-convivencia-social-en-infancia-y-adolescencia\/\" \/>\n<meta property=\"og:site_name\" content=\"Doctorado en Ciencias del Desarrollo y Psicopatolog\u00eda\" \/>\n<meta property=\"article:modified_time\" content=\"2025-06-26T15:32:33+00:00\" \/>\n<meta name=\"twitter:card\" content=\"summary_large_image\" \/>\n<meta name=\"twitter:label1\" content=\"Tiempo de lectura\" \/>\n\t<meta name=\"twitter:data1\" content=\"1 minuto\" \/>\n<script type=\"application\/ld+json\" class=\"yoast-schema-graph\">{\"@context\":\"https:\/\/schema.org\",\"@graph\":[{\"@type\":\"WebPage\",\"@id\":\"https:\/\/psicologia.udd.cl\/doctorado\/es\/lineas-de-investigacion\/estudio-del-bienestar-y-la-convivencia-social-en-infancia-y-adolescencia\/\",\"url\":\"https:\/\/psicologia.udd.cl\/doctorado\/es\/lineas-de-investigacion\/estudio-del-bienestar-y-la-convivencia-social-en-infancia-y-adolescencia\/\",\"name\":\"Estudio del bienestar y la convivencia social en infancia y adolescencia - Doctorado en Ciencias del Desarrollo y Psicopatolog\u00eda\",\"isPartOf\":{\"@id\":\"https:\/\/psicologia.udd.cl\/doctorado\/#website\"},\"datePublished\":\"2025-06-26T14:21:27+00:00\",\"dateModified\":\"2025-06-26T15:32:33+00:00\",\"breadcrumb\":{\"@id\":\"https:\/\/psicologia.udd.cl\/doctorado\/es\/lineas-de-investigacion\/estudio-del-bienestar-y-la-convivencia-social-en-infancia-y-adolescencia\/#breadcrumb\"},\"inLanguage\":\"es\",\"potentialAction\":[{\"@type\":\"ReadAction\",\"target\":[\"https:\/\/psicologia.udd.cl\/doctorado\/es\/lineas-de-investigacion\/estudio-del-bienestar-y-la-convivencia-social-en-infancia-y-adolescencia\/\"]}]},{\"@type\":\"BreadcrumbList\",\"@id\":\"https:\/\/psicologia.udd.cl\/doctorado\/es\/lineas-de-investigacion\/estudio-del-bienestar-y-la-convivencia-social-en-infancia-y-adolescencia\/#breadcrumb\",\"itemListElement\":[{\"@type\":\"ListItem\",\"position\":1,\"name\":\"L\u00edneas de Investigaci\u00f3n\",\"item\":\"https:\/\/psicologia.udd.cl\/doctorado\/es\/lineas-de-investigacion\/\"},{\"@type\":\"ListItem\",\"position\":2,\"name\":\"Estudio del bienestar y la convivencia social en infancia y adolescencia\"}]},{\"@type\":\"WebSite\",\"@id\":\"https:\/\/psicologia.udd.cl\/doctorado\/#website\",\"url\":\"https:\/\/psicologia.udd.cl\/doctorado\/\",\"name\":\"Doctorado en Ciencias del Desarrollo y Psicopatolog\u00eda\",\"description\":\"\",\"inLanguage\":\"es\"}]}<\/script>\n<!-- \/ Yoast SEO plugin. -->","yoast_head_json":{"title":"Estudio del bienestar y la convivencia social en infancia y adolescencia - Doctorado en Ciencias del Desarrollo y Psicopatolog\u00eda","robots":{"index":"index","follow":"follow","max-snippet":"max-snippet:-1","max-image-preview":"max-image-preview:large","max-video-preview":"max-video-preview:-1"},"canonical":"https:\/\/psicologia.udd.cl\/doctorado\/es\/lineas-de-investigacion\/estudio-del-bienestar-y-la-convivencia-social-en-infancia-y-adolescencia\/","og_locale":"es_ES","og_type":"article","og_title":"Estudio del bienestar y la convivencia social en infancia y adolescencia - Doctorado en Ciencias del Desarrollo y Psicopatolog\u00eda","og_description":"Pretendemos estudiar la relaci\u00f3n entre el bienestar subjetivo en ni\u00f1o\/as y adolescentes, y las din\u00e1micas de convivencia e interrelaci\u00f3n social. La l\u00ednea de investigaci\u00f3n de&nbsp;Estudio del bienestar y la convivencia social en infancia y adolescencia&nbsp;del Doctorado en Ciencias del Desarrollo y Psicopatolog\u00eda (DCDP) de Psicolog\u00eda UDD&nbsp;tiene como prop\u00f3sito el estudio de la relaci\u00f3n entre la [&hellip;]","og_url":"https:\/\/psicologia.udd.cl\/doctorado\/es\/lineas-de-investigacion\/estudio-del-bienestar-y-la-convivencia-social-en-infancia-y-adolescencia\/","og_site_name":"Doctorado en Ciencias del Desarrollo y Psicopatolog\u00eda","article_modified_time":"2025-06-26T15:32:33+00:00","twitter_card":"summary_large_image","twitter_misc":{"Tiempo de lectura":"1 minuto"},"schema":{"@context":"https:\/\/schema.org","@graph":[{"@type":"WebPage","@id":"https:\/\/psicologia.udd.cl\/doctorado\/es\/lineas-de-investigacion\/estudio-del-bienestar-y-la-convivencia-social-en-infancia-y-adolescencia\/","url":"https:\/\/psicologia.udd.cl\/doctorado\/es\/lineas-de-investigacion\/estudio-del-bienestar-y-la-convivencia-social-en-infancia-y-adolescencia\/","name":"Estudio del bienestar y la convivencia social en infancia y adolescencia - Doctorado en Ciencias del Desarrollo y Psicopatolog\u00eda","isPartOf":{"@id":"https:\/\/psicologia.udd.cl\/doctorado\/#website"},"datePublished":"2025-06-26T14:21:27+00:00","dateModified":"2025-06-26T15:32:33+00:00","breadcrumb":{"@id":"https:\/\/psicologia.udd.cl\/doctorado\/es\/lineas-de-investigacion\/estudio-del-bienestar-y-la-convivencia-social-en-infancia-y-adolescencia\/#breadcrumb"},"inLanguage":"es","potentialAction":[{"@type":"ReadAction","target":["https:\/\/psicologia.udd.cl\/doctorado\/es\/lineas-de-investigacion\/estudio-del-bienestar-y-la-convivencia-social-en-infancia-y-adolescencia\/"]}]},{"@type":"BreadcrumbList","@id":"https:\/\/psicologia.udd.cl\/doctorado\/es\/lineas-de-investigacion\/estudio-del-bienestar-y-la-convivencia-social-en-infancia-y-adolescencia\/#breadcrumb","itemListElement":[{"@type":"ListItem","position":1,"name":"L\u00edneas de Investigaci\u00f3n","item":"https:\/\/psicologia.udd.cl\/doctorado\/es\/lineas-de-investigacion\/"},{"@type":"ListItem","position":2,"name":"Estudio del bienestar y la convivencia social en infancia y adolescencia"}]},{"@type":"WebSite","@id":"https:\/\/psicologia.udd.cl\/doctorado\/#website","url":"https:\/\/psicologia.udd.cl\/doctorado\/","name":"Doctorado en Ciencias del Desarrollo y Psicopatolog\u00eda","description":"","inLanguage":"es"}]}},"_links":{"self":[{"href":"https:\/\/psicologia.udd.cl\/doctorado\/wp-json\/wp\/v2\/pages\/2977","targetHints":{"allow":["GET"]}}],"collection":[{"href":"https:\/\/psicologia.udd.cl\/doctorado\/wp-json\/wp\/v2\/pages"}],"about":[{"href":"https:\/\/psicologia.udd.cl\/doctorado\/wp-json\/wp\/v2\/types\/page"}],"author":[{"embeddable":true,"href":"https:\/\/psicologia.udd.cl\/doctorado\/wp-json\/wp\/v2\/users\/9192205"}],"replies":[{"embeddable":true,"href":"https:\/\/psicologia.udd.cl\/doctorado\/wp-json\/wp\/v2\/comments?post=2977"}],"version-history":[{"count":2,"href":"https:\/\/psicologia.udd.cl\/doctorado\/wp-json\/wp\/v2\/pages\/2977\/revisions"}],"predecessor-version":[{"id":2992,"href":"https:\/\/psicologia.udd.cl\/doctorado\/wp-json\/wp\/v2\/pages\/2977\/revisions\/2992"}],"up":[{"embeddable":true,"href":"https:\/\/psicologia.udd.cl\/doctorado\/wp-json\/wp\/v2\/pages\/3058"}],"wp:attachment":[{"href":"https:\/\/psicologia.udd.cl\/doctorado\/wp-json\/wp\/v2\/media?parent=2977"}],"curies":[{"name":"wp","href":"https:\/\/api.w.org\/{rel}","templated":true}]}}