{"id":2975,"date":"2025-06-26T10:20:40","date_gmt":"2025-06-26T14:20:40","guid":{"rendered":"https:\/\/psicologia.udd.cl\/doctorado\/?page_id=2975"},"modified":"2025-06-26T11:35:24","modified_gmt":"2025-06-26T15:35:24","slug":"afectividad-y-cognicion","status":"publish","type":"page","link":"https:\/\/psicologia.udd.cl\/doctorado\/es\/lineas-de-investigacion\/afectividad-y-cognicion\/","title":{"rendered":"Afectividad y Cognici\u00f3n: Correlatos Neurofisiol\u00f3gicos y Subjetivos"},"content":{"rendered":"\n<h3 class=\"wp-block-heading\">Buscamos comprender los mecanismos neurofisiol\u00f3gicos y subjetivos que subyacen a procesos emocionales&nbsp;y cognitivos, desde una perspectiva experimental.<\/h3>\n\n\n\n<p>La l\u00ednea de investigaci\u00f3n de&nbsp;<strong>Afectividad y Cognici\u00f3n: Correlatos Neurofisiol\u00f3gicos y Subjetivos<\/strong>&nbsp;del Doctorado en Ciencias del Desarrollo y Psicopatolog\u00eda (DCDP) de Psicolog\u00eda UDD busca comprender los mecanismos neurofisiol\u00f3gicos y subjetivos que subyacen a procesos emocionales y cognitivos desde una perspectiva experimental investigamos la din\u00e1mica neurofuncional y subjetiva de procesos psicol\u00f3gicos relacionados a la afectividad y cognici\u00f3n humana. Nuestro objetivo es comprender estos procesos en un contexto de interacciones intersubjetivas, enfatizando una perspectiva del desarrollo.<\/p>\n\n\n\n<p>En espec\u00edfico nuestro foco se orienta a: (a) regulaci\u00f3n cognitiva y afectiva, en relaci\u00f3n con c\u00f3mo nuestra experiencia del mundo genera un cambio constante en los procesos regulatorios; (b) capacidad interoceptiva, en tanto base del proceso de reconocimiento emocional y de la experiencia de los sentimientos; (c) metacognici\u00f3n, en tanto capacidad de los individuos para acceder y regular las propias representaciones mentales.&nbsp;<\/p>\n\n\n\n<p>En lo referente a nuestra metodolog\u00eda, investigamos a trav\u00e9s de pruebas comportamentales y t\u00e9cnicas de registro electrofisiol\u00f3gico (e.g., electroencefalograf\u00eda (EEG) y extracci\u00f3n de potenciales relacionados a eventos (ERPs), respuesta card\u00edaca (ECG) y galv\u00e1nica (GSR)). Contamos con dos laboratorios que contribuyen a la investigaci\u00f3n emp\u00edrica y discusi\u00f3n te\u00f3rica en esta l\u00ednea: Laboratorio de Neurociencia Afectiva (LaNA), a cargo del Dr. Francisco Ceric y el Laboratorio de Ciencias Cognitivas (cogSci Lab), a cargo del Dr. Gabriel Reyes.<\/p>\n\n\n<!-- WP Block: UDD - People -->\n<section class=\"wp-block-udd-people \">\n\t<div class=\"container\">\n\t\t\t\t<header class=\"block__header\">\n\t\t\t\t\t\t\t\n<h2 class=\"wp-block-heading\"><\/h2>\n\t\t\t\t\t\t\t\t<\/header>\n\t\t\t\t<div class=\"people-cards\">\n\t\t\t\t\t<div class=\"person-card\">\n\t<a href=\"https:\/\/psicologia.udd.cl\/doctorado\/es\/persona\/francisco-ceric-garrido\/\"\n\t\tclass=\"person-card__inner js-person-modal\"\n\t\tdata-post-id=\"122\"\n\t\tdata-postid=\"122\"\n\t>\n\t\t\t<div class=\"person-card__media\">\n\t\t\t<img loading=\"lazy\" decoding=\"async\" width=\"500\" height=\"500\" src=\"https:\/\/psicologia.udd.cl\/doctorado\/files\/2016\/09\/francisco-ceric-2023-1-scaled-e1706281245470-62x62.jpg\" class=\"person-card__image wp-post-image lazyload\" alt=\"\" sizes=\"auto, (max-width: 500px) 100vw, 500px\" data-src=\"https:\/\/psicologia.udd.cl\/doctorado\/files\/2016\/09\/francisco-ceric-2023-1-scaled-e1706281245470-500x500.jpg\" data-srcset=\"https:\/\/psicologia.udd.cl\/doctorado\/files\/2016\/09\/francisco-ceric-2023-1-scaled-e1706281245470-500x500.jpg 500w, https:\/\/psicologia.udd.cl\/doctorado\/files\/2016\/09\/francisco-ceric-2023-1-scaled-e1706281245470-150x150.jpg 150w, https:\/\/psicologia.udd.cl\/doctorado\/files\/2016\/09\/francisco-ceric-2023-1-scaled-e1706281245470-62x62.jpg 62w, https:\/\/psicologia.udd.cl\/doctorado\/files\/2016\/09\/francisco-ceric-2023-1-scaled-e1706281245470-750x750.jpg 750w, https:\/\/psicologia.udd.cl\/doctorado\/files\/2016\/09\/francisco-ceric-2023-1-scaled-e1706281245470-250x250.jpg 250w, https:\/\/psicologia.udd.cl\/doctorado\/files\/2016\/09\/francisco-ceric-2023-1-scaled-e1706281245470-126x126.jpg 126w\" \/>\t\t<\/div>\n\t\t\t<div class=\"person-card__content\">\n\t\t\t<h3 class=\"person-card__name\">Francisco Ceric Garrido<\/h3>\n\t\t\t\t\t<span class=\"person-card__description\">Director Doctorado en Ciencias del Desarrollo y Psicopatolog\u00eda (DCDP)<\/span>\n\t\t\t\t\t<span class=\"person-card__cta\">Ver perfil<\/span>\n\t\t<\/div>\n\t<\/a>\n<\/div>\n\t\t\t\t<\/div>\n\t<\/div>\n<\/section>\n","protected":false},"excerpt":{"rendered":"<p>Buscamos comprender los mecanismos neurofisiol\u00f3gicos y subjetivos que subyacen a procesos emocionales&nbsp;y cognitivos, desde una perspectiva experimental. La l\u00ednea de investigaci\u00f3n de&nbsp;Afectividad y Cognici\u00f3n: Correlatos Neurofisiol\u00f3gicos y Subjetivos&nbsp;del Doctorado en Ciencias del Desarrollo y Psicopatolog\u00eda (DCDP) de Psicolog\u00eda UDD busca comprender los mecanismos neurofisiol\u00f3gicos y subjetivos que subyacen a procesos emocionales y cognitivos desde una [&hellip;]<\/p>\n","protected":false},"author":9192205,"featured_media":0,"parent":3058,"menu_order":0,"comment_status":"closed","ping_status":"closed","template":"","meta":{"footnotes":""},"class_list":["post-2975","page","type-page","status-publish","hentry"],"yoast_head":"<!-- This site is optimized with the Yoast SEO plugin v26.9 - https:\/\/yoast.com\/product\/yoast-seo-wordpress\/ -->\n<title>Afectividad y Cognici\u00f3n: Correlatos Neurofisiol\u00f3gicos y Subjetivos - Doctorado en Ciencias del Desarrollo y Psicopatolog\u00eda<\/title>\n<meta name=\"robots\" content=\"index, follow, max-snippet:-1, max-image-preview:large, max-video-preview:-1\" \/>\n<link rel=\"canonical\" href=\"https:\/\/psicologia.udd.cl\/doctorado\/es\/lineas-de-investigacion\/afectividad-y-cognicion\/\" \/>\n<meta property=\"og:locale\" content=\"es_ES\" \/>\n<meta property=\"og:type\" content=\"article\" \/>\n<meta property=\"og:title\" content=\"Afectividad y Cognici\u00f3n: Correlatos Neurofisiol\u00f3gicos y Subjetivos - Doctorado en Ciencias del Desarrollo y Psicopatolog\u00eda\" \/>\n<meta property=\"og:description\" content=\"Buscamos comprender los mecanismos neurofisiol\u00f3gicos y subjetivos que subyacen a procesos emocionales&nbsp;y cognitivos, desde una perspectiva experimental. La l\u00ednea de investigaci\u00f3n de&nbsp;Afectividad y Cognici\u00f3n: Correlatos Neurofisiol\u00f3gicos y Subjetivos&nbsp;del Doctorado en Ciencias del Desarrollo y Psicopatolog\u00eda (DCDP) de Psicolog\u00eda UDD busca comprender los mecanismos neurofisiol\u00f3gicos y subjetivos que subyacen a procesos emocionales y cognitivos desde una [&hellip;]\" \/>\n<meta property=\"og:url\" content=\"https:\/\/psicologia.udd.cl\/doctorado\/es\/lineas-de-investigacion\/afectividad-y-cognicion\/\" \/>\n<meta property=\"og:site_name\" content=\"Doctorado en Ciencias del Desarrollo y Psicopatolog\u00eda\" \/>\n<meta property=\"article:modified_time\" content=\"2025-06-26T15:35:24+00:00\" \/>\n<meta name=\"twitter:card\" content=\"summary_large_image\" \/>\n<meta name=\"twitter:label1\" content=\"Tiempo de lectura\" \/>\n\t<meta name=\"twitter:data1\" content=\"2 minutos\" \/>\n<script type=\"application\/ld+json\" class=\"yoast-schema-graph\">{\"@context\":\"https:\/\/schema.org\",\"@graph\":[{\"@type\":\"WebPage\",\"@id\":\"https:\/\/psicologia.udd.cl\/doctorado\/es\/lineas-de-investigacion\/afectividad-y-cognicion\/\",\"url\":\"https:\/\/psicologia.udd.cl\/doctorado\/es\/lineas-de-investigacion\/afectividad-y-cognicion\/\",\"name\":\"Afectividad y Cognici\u00f3n: Correlatos Neurofisiol\u00f3gicos y Subjetivos - Doctorado en Ciencias del Desarrollo y Psicopatolog\u00eda\",\"isPartOf\":{\"@id\":\"https:\/\/psicologia.udd.cl\/doctorado\/#website\"},\"datePublished\":\"2025-06-26T14:20:40+00:00\",\"dateModified\":\"2025-06-26T15:35:24+00:00\",\"breadcrumb\":{\"@id\":\"https:\/\/psicologia.udd.cl\/doctorado\/es\/lineas-de-investigacion\/afectividad-y-cognicion\/#breadcrumb\"},\"inLanguage\":\"es\",\"potentialAction\":[{\"@type\":\"ReadAction\",\"target\":[\"https:\/\/psicologia.udd.cl\/doctorado\/es\/lineas-de-investigacion\/afectividad-y-cognicion\/\"]}]},{\"@type\":\"BreadcrumbList\",\"@id\":\"https:\/\/psicologia.udd.cl\/doctorado\/es\/lineas-de-investigacion\/afectividad-y-cognicion\/#breadcrumb\",\"itemListElement\":[{\"@type\":\"ListItem\",\"position\":1,\"name\":\"L\u00edneas de Investigaci\u00f3n\",\"item\":\"https:\/\/psicologia.udd.cl\/doctorado\/es\/lineas-de-investigacion\/\"},{\"@type\":\"ListItem\",\"position\":2,\"name\":\"Afectividad y Cognici\u00f3n: Correlatos Neurofisiol\u00f3gicos y Subjetivos\"}]},{\"@type\":\"WebSite\",\"@id\":\"https:\/\/psicologia.udd.cl\/doctorado\/#website\",\"url\":\"https:\/\/psicologia.udd.cl\/doctorado\/\",\"name\":\"Doctorado en Ciencias del Desarrollo y Psicopatolog\u00eda\",\"description\":\"\",\"inLanguage\":\"es\"}]}<\/script>\n<!-- \/ Yoast SEO plugin. -->","yoast_head_json":{"title":"Afectividad y Cognici\u00f3n: Correlatos Neurofisiol\u00f3gicos y Subjetivos - Doctorado en Ciencias del Desarrollo y Psicopatolog\u00eda","robots":{"index":"index","follow":"follow","max-snippet":"max-snippet:-1","max-image-preview":"max-image-preview:large","max-video-preview":"max-video-preview:-1"},"canonical":"https:\/\/psicologia.udd.cl\/doctorado\/es\/lineas-de-investigacion\/afectividad-y-cognicion\/","og_locale":"es_ES","og_type":"article","og_title":"Afectividad y Cognici\u00f3n: Correlatos Neurofisiol\u00f3gicos y Subjetivos - Doctorado en Ciencias del Desarrollo y Psicopatolog\u00eda","og_description":"Buscamos comprender los mecanismos neurofisiol\u00f3gicos y subjetivos que subyacen a procesos emocionales&nbsp;y cognitivos, desde una perspectiva experimental. La l\u00ednea de investigaci\u00f3n de&nbsp;Afectividad y Cognici\u00f3n: Correlatos Neurofisiol\u00f3gicos y Subjetivos&nbsp;del Doctorado en Ciencias del Desarrollo y Psicopatolog\u00eda (DCDP) de Psicolog\u00eda UDD busca comprender los mecanismos neurofisiol\u00f3gicos y subjetivos que subyacen a procesos emocionales y cognitivos desde una [&hellip;]","og_url":"https:\/\/psicologia.udd.cl\/doctorado\/es\/lineas-de-investigacion\/afectividad-y-cognicion\/","og_site_name":"Doctorado en Ciencias del Desarrollo y Psicopatolog\u00eda","article_modified_time":"2025-06-26T15:35:24+00:00","twitter_card":"summary_large_image","twitter_misc":{"Tiempo de lectura":"2 minutos"},"schema":{"@context":"https:\/\/schema.org","@graph":[{"@type":"WebPage","@id":"https:\/\/psicologia.udd.cl\/doctorado\/es\/lineas-de-investigacion\/afectividad-y-cognicion\/","url":"https:\/\/psicologia.udd.cl\/doctorado\/es\/lineas-de-investigacion\/afectividad-y-cognicion\/","name":"Afectividad y Cognici\u00f3n: Correlatos Neurofisiol\u00f3gicos y Subjetivos - Doctorado en Ciencias del Desarrollo y Psicopatolog\u00eda","isPartOf":{"@id":"https:\/\/psicologia.udd.cl\/doctorado\/#website"},"datePublished":"2025-06-26T14:20:40+00:00","dateModified":"2025-06-26T15:35:24+00:00","breadcrumb":{"@id":"https:\/\/psicologia.udd.cl\/doctorado\/es\/lineas-de-investigacion\/afectividad-y-cognicion\/#breadcrumb"},"inLanguage":"es","potentialAction":[{"@type":"ReadAction","target":["https:\/\/psicologia.udd.cl\/doctorado\/es\/lineas-de-investigacion\/afectividad-y-cognicion\/"]}]},{"@type":"BreadcrumbList","@id":"https:\/\/psicologia.udd.cl\/doctorado\/es\/lineas-de-investigacion\/afectividad-y-cognicion\/#breadcrumb","itemListElement":[{"@type":"ListItem","position":1,"name":"L\u00edneas de Investigaci\u00f3n","item":"https:\/\/psicologia.udd.cl\/doctorado\/es\/lineas-de-investigacion\/"},{"@type":"ListItem","position":2,"name":"Afectividad y Cognici\u00f3n: Correlatos Neurofisiol\u00f3gicos y Subjetivos"}]},{"@type":"WebSite","@id":"https:\/\/psicologia.udd.cl\/doctorado\/#website","url":"https:\/\/psicologia.udd.cl\/doctorado\/","name":"Doctorado en Ciencias del Desarrollo y Psicopatolog\u00eda","description":"","inLanguage":"es"}]}},"_links":{"self":[{"href":"https:\/\/psicologia.udd.cl\/doctorado\/wp-json\/wp\/v2\/pages\/2975","targetHints":{"allow":["GET"]}}],"collection":[{"href":"https:\/\/psicologia.udd.cl\/doctorado\/wp-json\/wp\/v2\/pages"}],"about":[{"href":"https:\/\/psicologia.udd.cl\/doctorado\/wp-json\/wp\/v2\/types\/page"}],"author":[{"embeddable":true,"href":"https:\/\/psicologia.udd.cl\/doctorado\/wp-json\/wp\/v2\/users\/9192205"}],"replies":[{"embeddable":true,"href":"https:\/\/psicologia.udd.cl\/doctorado\/wp-json\/wp\/v2\/comments?post=2975"}],"version-history":[{"count":2,"href":"https:\/\/psicologia.udd.cl\/doctorado\/wp-json\/wp\/v2\/pages\/2975\/revisions"}],"predecessor-version":[{"id":2991,"href":"https:\/\/psicologia.udd.cl\/doctorado\/wp-json\/wp\/v2\/pages\/2975\/revisions\/2991"}],"up":[{"embeddable":true,"href":"https:\/\/psicologia.udd.cl\/doctorado\/wp-json\/wp\/v2\/pages\/3058"}],"wp:attachment":[{"href":"https:\/\/psicologia.udd.cl\/doctorado\/wp-json\/wp\/v2\/media?parent=2975"}],"curies":[{"name":"wp","href":"https:\/\/api.w.org\/{rel}","templated":true}]}}