{"id":2973,"date":"2025-06-26T10:19:53","date_gmt":"2025-06-26T14:19:53","guid":{"rendered":"https:\/\/psicologia.udd.cl\/doctorado\/?page_id=2973"},"modified":"2025-06-26T11:33:14","modified_gmt":"2025-06-26T15:33:14","slug":"sensibilidad-al-estres-y-trayectorias-desviadas-del-desarrollo","status":"publish","type":"page","link":"https:\/\/psicologia.udd.cl\/doctorado\/es\/lineas-de-investigacion\/sensibilidad-al-estres-y-trayectorias-desviadas-del-desarrollo\/","title":{"rendered":"Sensibilidad al estr\u00e9s y trayectorias desviadas del desarrollo"},"content":{"rendered":"\n<h3 class=\"wp-block-heading\">Nos interesa desentra\u00f1ar los componentes psicobiol\u00f3gicos de la sensibilidad al estr\u00e9s y su relaci\u00f3n con la metacognici\u00f3n, la afectividad y el desarrollo.<\/h3>\n\n\n\n<p>La l\u00ednea de investigaci\u00f3n de&nbsp;<strong>Sensibilidad al estr\u00e9s y trayectorias desviadas del desarrollo<\/strong>&nbsp;del Doctorado en Ciencias del Desarrollo y Psicopatolog\u00eda (DCDP) de Psicolog\u00eda UDD tiene como inter\u00e9s principal desentra\u00f1ar los componentes psicobiol\u00f3gicos de la sensibilidad al estr\u00e9s, incluyendo aspectos cognitivos (metacognici\u00f3n), afectivos (estilo afectivo) y del desarrollo (trayectorias desviadas). En este marco tambi\u00e9n es de inter\u00e9s vincular estos factores con variables amplias como la personalidad (polaridades de la experiencia) y con conductas problem\u00e1ticas (desbalances emocionales, trastorno depresivo, conductas alimentarias).&nbsp;<\/p>\n\n\n\n<p>Dada la naturaleza de la respuesta humana al estr\u00e9s, esta l\u00ednea se aborda utilizando paradigmas experimentales (por ejemplo, inducci\u00f3n de estr\u00e9s interpersonal), la fisiol\u00f3gica (por ejemplo, reactividad hormonal-cortisol), la valoraci\u00f3n subjetiva (auto-reportes), el comportamiento (performance en tareas de detecci\u00f3n de se\u00f1al), entre otras. La perspectiva multinivel descrita, tiene consecuencias directas para la comprensi\u00f3n de desbalances de las trayectorias del desarrollo (por ejemplo, trastorno depresivo mayor), las cuales se han trasladado a enfoques aplicados y perspectivas de la intervenci\u00f3n (por ejemplo; informe nacional de conductas alimentarias problem\u00e1ticas).<\/p>\n\n\n<!-- WP Block: UDD - People -->\n<section class=\"wp-block-udd-people \">\n\t<div class=\"container\">\n\t\t\t\t<header class=\"block__header\">\n\t\t\t\t\t\t\t\n<h2 class=\"wp-block-heading\"><\/h2>\n\t\t\t\t\t\t\t\t<\/header>\n\t\t\t\t<div class=\"people-cards\">\n\t\t\t\t\t<div class=\"person-card\">\n\t<a href=\"https:\/\/psicologia.udd.cl\/doctorado\/es\/persona\/jaime-silva-concha\/\"\n\t\tclass=\"person-card__inner js-person-modal\"\n\t\tdata-post-id=\"45\"\n\t\tdata-postid=\"45\"\n\t>\n\t\t\t<div class=\"person-card__media\">\n\t\t\t<img loading=\"lazy\" decoding=\"async\" width=\"500\" height=\"500\" src=\"https:\/\/psicologia.udd.cl\/doctorado\/files\/2016\/08\/aa-e1706284301287-62x62.png\" class=\"person-card__image wp-post-image lazyload\" alt=\"\" sizes=\"auto, (max-width: 500px) 100vw, 500px\" data-src=\"https:\/\/psicologia.udd.cl\/doctorado\/files\/2016\/08\/aa-e1706284301287-500x500.png\" data-srcset=\"https:\/\/psicologia.udd.cl\/doctorado\/files\/2016\/08\/aa-e1706284301287-500x500.png 500w, https:\/\/psicologia.udd.cl\/doctorado\/files\/2016\/08\/aa-e1706284301287-150x150.png 150w, https:\/\/psicologia.udd.cl\/doctorado\/files\/2016\/08\/aa-e1706284301287-62x62.png 62w, https:\/\/psicologia.udd.cl\/doctorado\/files\/2016\/08\/aa-e1706284301287-250x250.png 250w, https:\/\/psicologia.udd.cl\/doctorado\/files\/2016\/08\/aa-e1706284301287-126x126.png 126w\" \/>\t\t<\/div>\n\t\t\t<div class=\"person-card__content\">\n\t\t\t<h3 class=\"person-card__name\">Jaime Silva Concha<\/h3>\n\t\t\t\t\t<span class=\"person-card__description\">Director Instituto Bienestar Socioemocional (IBEM)<\/span>\n\t\t\t\t\t<span class=\"person-card__cta\">Ver perfil<\/span>\n\t\t<\/div>\n\t<\/a>\n<\/div>\n\t\t\t\t<\/div>\n\t<\/div>\n<\/section>\n","protected":false},"excerpt":{"rendered":"<p>Nos interesa desentra\u00f1ar los componentes psicobiol\u00f3gicos de la sensibilidad al estr\u00e9s y su relaci\u00f3n con la metacognici\u00f3n, la afectividad y el desarrollo. La l\u00ednea de investigaci\u00f3n de&nbsp;Sensibilidad al estr\u00e9s y trayectorias desviadas del desarrollo&nbsp;del Doctorado en Ciencias del Desarrollo y Psicopatolog\u00eda (DCDP) de Psicolog\u00eda UDD tiene como inter\u00e9s principal desentra\u00f1ar los componentes psicobiol\u00f3gicos de la [&hellip;]<\/p>\n","protected":false},"author":9192205,"featured_media":0,"parent":3058,"menu_order":0,"comment_status":"closed","ping_status":"closed","template":"","meta":{"footnotes":""},"class_list":["post-2973","page","type-page","status-publish","hentry"],"yoast_head":"<!-- This site is optimized with the Yoast SEO plugin v26.9 - https:\/\/yoast.com\/product\/yoast-seo-wordpress\/ -->\n<title>Sensibilidad al estr\u00e9s y trayectorias desviadas del desarrollo - Doctorado en Ciencias del Desarrollo y Psicopatolog\u00eda<\/title>\n<meta name=\"robots\" content=\"index, follow, max-snippet:-1, max-image-preview:large, max-video-preview:-1\" \/>\n<link rel=\"canonical\" href=\"https:\/\/psicologia.udd.cl\/doctorado\/es\/lineas-de-investigacion\/sensibilidad-al-estres-y-trayectorias-desviadas-del-desarrollo\/\" \/>\n<meta property=\"og:locale\" content=\"es_ES\" \/>\n<meta property=\"og:type\" content=\"article\" \/>\n<meta property=\"og:title\" content=\"Sensibilidad al estr\u00e9s y trayectorias desviadas del desarrollo - Doctorado en Ciencias del Desarrollo y Psicopatolog\u00eda\" \/>\n<meta property=\"og:description\" content=\"Nos interesa desentra\u00f1ar los componentes psicobiol\u00f3gicos de la sensibilidad al estr\u00e9s y su relaci\u00f3n con la metacognici\u00f3n, la afectividad y el desarrollo. La l\u00ednea de investigaci\u00f3n de&nbsp;Sensibilidad al estr\u00e9s y trayectorias desviadas del desarrollo&nbsp;del Doctorado en Ciencias del Desarrollo y Psicopatolog\u00eda (DCDP) de Psicolog\u00eda UDD tiene como inter\u00e9s principal desentra\u00f1ar los componentes psicobiol\u00f3gicos de la [&hellip;]\" \/>\n<meta property=\"og:url\" content=\"https:\/\/psicologia.udd.cl\/doctorado\/es\/lineas-de-investigacion\/sensibilidad-al-estres-y-trayectorias-desviadas-del-desarrollo\/\" \/>\n<meta property=\"og:site_name\" content=\"Doctorado en Ciencias del Desarrollo y Psicopatolog\u00eda\" \/>\n<meta property=\"article:modified_time\" content=\"2025-06-26T15:33:14+00:00\" \/>\n<meta name=\"twitter:card\" content=\"summary_large_image\" \/>\n<meta name=\"twitter:label1\" content=\"Tiempo de lectura\" \/>\n\t<meta name=\"twitter:data1\" content=\"1 minuto\" \/>\n<script type=\"application\/ld+json\" class=\"yoast-schema-graph\">{\"@context\":\"https:\/\/schema.org\",\"@graph\":[{\"@type\":\"WebPage\",\"@id\":\"https:\/\/psicologia.udd.cl\/doctorado\/es\/lineas-de-investigacion\/sensibilidad-al-estres-y-trayectorias-desviadas-del-desarrollo\/\",\"url\":\"https:\/\/psicologia.udd.cl\/doctorado\/es\/lineas-de-investigacion\/sensibilidad-al-estres-y-trayectorias-desviadas-del-desarrollo\/\",\"name\":\"Sensibilidad al estr\u00e9s y trayectorias desviadas del desarrollo - Doctorado en Ciencias del Desarrollo y Psicopatolog\u00eda\",\"isPartOf\":{\"@id\":\"https:\/\/psicologia.udd.cl\/doctorado\/#website\"},\"datePublished\":\"2025-06-26T14:19:53+00:00\",\"dateModified\":\"2025-06-26T15:33:14+00:00\",\"breadcrumb\":{\"@id\":\"https:\/\/psicologia.udd.cl\/doctorado\/es\/lineas-de-investigacion\/sensibilidad-al-estres-y-trayectorias-desviadas-del-desarrollo\/#breadcrumb\"},\"inLanguage\":\"es\",\"potentialAction\":[{\"@type\":\"ReadAction\",\"target\":[\"https:\/\/psicologia.udd.cl\/doctorado\/es\/lineas-de-investigacion\/sensibilidad-al-estres-y-trayectorias-desviadas-del-desarrollo\/\"]}]},{\"@type\":\"BreadcrumbList\",\"@id\":\"https:\/\/psicologia.udd.cl\/doctorado\/es\/lineas-de-investigacion\/sensibilidad-al-estres-y-trayectorias-desviadas-del-desarrollo\/#breadcrumb\",\"itemListElement\":[{\"@type\":\"ListItem\",\"position\":1,\"name\":\"L\u00edneas de Investigaci\u00f3n\",\"item\":\"https:\/\/psicologia.udd.cl\/doctorado\/es\/lineas-de-investigacion\/\"},{\"@type\":\"ListItem\",\"position\":2,\"name\":\"Sensibilidad al estr\u00e9s y trayectorias desviadas del desarrollo\"}]},{\"@type\":\"WebSite\",\"@id\":\"https:\/\/psicologia.udd.cl\/doctorado\/#website\",\"url\":\"https:\/\/psicologia.udd.cl\/doctorado\/\",\"name\":\"Doctorado en Ciencias del Desarrollo y Psicopatolog\u00eda\",\"description\":\"\",\"inLanguage\":\"es\"}]}<\/script>\n<!-- \/ Yoast SEO plugin. -->","yoast_head_json":{"title":"Sensibilidad al estr\u00e9s y trayectorias desviadas del desarrollo - Doctorado en Ciencias del Desarrollo y Psicopatolog\u00eda","robots":{"index":"index","follow":"follow","max-snippet":"max-snippet:-1","max-image-preview":"max-image-preview:large","max-video-preview":"max-video-preview:-1"},"canonical":"https:\/\/psicologia.udd.cl\/doctorado\/es\/lineas-de-investigacion\/sensibilidad-al-estres-y-trayectorias-desviadas-del-desarrollo\/","og_locale":"es_ES","og_type":"article","og_title":"Sensibilidad al estr\u00e9s y trayectorias desviadas del desarrollo - Doctorado en Ciencias del Desarrollo y Psicopatolog\u00eda","og_description":"Nos interesa desentra\u00f1ar los componentes psicobiol\u00f3gicos de la sensibilidad al estr\u00e9s y su relaci\u00f3n con la metacognici\u00f3n, la afectividad y el desarrollo. La l\u00ednea de investigaci\u00f3n de&nbsp;Sensibilidad al estr\u00e9s y trayectorias desviadas del desarrollo&nbsp;del Doctorado en Ciencias del Desarrollo y Psicopatolog\u00eda (DCDP) de Psicolog\u00eda UDD tiene como inter\u00e9s principal desentra\u00f1ar los componentes psicobiol\u00f3gicos de la [&hellip;]","og_url":"https:\/\/psicologia.udd.cl\/doctorado\/es\/lineas-de-investigacion\/sensibilidad-al-estres-y-trayectorias-desviadas-del-desarrollo\/","og_site_name":"Doctorado en Ciencias del Desarrollo y Psicopatolog\u00eda","article_modified_time":"2025-06-26T15:33:14+00:00","twitter_card":"summary_large_image","twitter_misc":{"Tiempo de lectura":"1 minuto"},"schema":{"@context":"https:\/\/schema.org","@graph":[{"@type":"WebPage","@id":"https:\/\/psicologia.udd.cl\/doctorado\/es\/lineas-de-investigacion\/sensibilidad-al-estres-y-trayectorias-desviadas-del-desarrollo\/","url":"https:\/\/psicologia.udd.cl\/doctorado\/es\/lineas-de-investigacion\/sensibilidad-al-estres-y-trayectorias-desviadas-del-desarrollo\/","name":"Sensibilidad al estr\u00e9s y trayectorias desviadas del desarrollo - Doctorado en Ciencias del Desarrollo y Psicopatolog\u00eda","isPartOf":{"@id":"https:\/\/psicologia.udd.cl\/doctorado\/#website"},"datePublished":"2025-06-26T14:19:53+00:00","dateModified":"2025-06-26T15:33:14+00:00","breadcrumb":{"@id":"https:\/\/psicologia.udd.cl\/doctorado\/es\/lineas-de-investigacion\/sensibilidad-al-estres-y-trayectorias-desviadas-del-desarrollo\/#breadcrumb"},"inLanguage":"es","potentialAction":[{"@type":"ReadAction","target":["https:\/\/psicologia.udd.cl\/doctorado\/es\/lineas-de-investigacion\/sensibilidad-al-estres-y-trayectorias-desviadas-del-desarrollo\/"]}]},{"@type":"BreadcrumbList","@id":"https:\/\/psicologia.udd.cl\/doctorado\/es\/lineas-de-investigacion\/sensibilidad-al-estres-y-trayectorias-desviadas-del-desarrollo\/#breadcrumb","itemListElement":[{"@type":"ListItem","position":1,"name":"L\u00edneas de Investigaci\u00f3n","item":"https:\/\/psicologia.udd.cl\/doctorado\/es\/lineas-de-investigacion\/"},{"@type":"ListItem","position":2,"name":"Sensibilidad al estr\u00e9s y trayectorias desviadas del desarrollo"}]},{"@type":"WebSite","@id":"https:\/\/psicologia.udd.cl\/doctorado\/#website","url":"https:\/\/psicologia.udd.cl\/doctorado\/","name":"Doctorado en Ciencias del Desarrollo y Psicopatolog\u00eda","description":"","inLanguage":"es"}]}},"_links":{"self":[{"href":"https:\/\/psicologia.udd.cl\/doctorado\/wp-json\/wp\/v2\/pages\/2973","targetHints":{"allow":["GET"]}}],"collection":[{"href":"https:\/\/psicologia.udd.cl\/doctorado\/wp-json\/wp\/v2\/pages"}],"about":[{"href":"https:\/\/psicologia.udd.cl\/doctorado\/wp-json\/wp\/v2\/types\/page"}],"author":[{"embeddable":true,"href":"https:\/\/psicologia.udd.cl\/doctorado\/wp-json\/wp\/v2\/users\/9192205"}],"replies":[{"embeddable":true,"href":"https:\/\/psicologia.udd.cl\/doctorado\/wp-json\/wp\/v2\/comments?post=2973"}],"version-history":[{"count":3,"href":"https:\/\/psicologia.udd.cl\/doctorado\/wp-json\/wp\/v2\/pages\/2973\/revisions"}],"predecessor-version":[{"id":2990,"href":"https:\/\/psicologia.udd.cl\/doctorado\/wp-json\/wp\/v2\/pages\/2973\/revisions\/2990"}],"up":[{"embeddable":true,"href":"https:\/\/psicologia.udd.cl\/doctorado\/wp-json\/wp\/v2\/pages\/3058"}],"wp:attachment":[{"href":"https:\/\/psicologia.udd.cl\/doctorado\/wp-json\/wp\/v2\/media?parent=2973"}],"curies":[{"name":"wp","href":"https:\/\/api.w.org\/{rel}","templated":true}]}}