{"id":2971,"date":"2025-06-26T10:18:46","date_gmt":"2025-06-26T14:18:46","guid":{"rendered":"https:\/\/psicologia.udd.cl\/doctorado\/?page_id=2971"},"modified":"2025-06-26T11:33:27","modified_gmt":"2025-06-26T15:33:27","slug":"familia-parentalidad-y-desarrollo","status":"publish","type":"page","link":"https:\/\/psicologia.udd.cl\/doctorado\/es\/lineas-de-investigacion\/familia-parentalidad-y-desarrollo\/","title":{"rendered":"Familia, parentalidad y desarrollo"},"content":{"rendered":"\n<h3 class=\"wp-block-heading\">Investigamos las maneras en que madres y padres se involucran en la vida de sus hijos y la influencia que ellos tienen en su desarrollo y bienestar.<\/h3>\n\n\n\n<p>La l\u00ednea de investigaci\u00f3n de&nbsp;<strong>Familia, parentalidad y desarrollo<\/strong>&nbsp;del Doctorado en Ciencias del Desarrollo y Psicopatolog\u00eda (DCDP) de Psicolog\u00eda UDD se enfoca en estudiar las maneras en que madres y padres se involucran en la vida de sus hijos y la influencia que ellos tienen en su desarrollo y bienestar. Se reconoce el car\u00e1cter bidireccional de las relaciones intrafamiliares, existiendo efectos rec\u00edprocos entre adultos y ni\u00f1os\/adolescentes. Asimismo, se consideran las caracter\u00edsticas y\/o condiciones espec\u00edficas de los miembros de la familia y del contexto que constituyen variables relevantes en la forma que madres y padres se involucran con sus hijos. Esta l\u00ednea de investigaci\u00f3n se centra en tres momentos claves en el ciclo vital debido a los cambios asociados a estos: transici\u00f3n a la maternidad\/parentalidad, infancia y adolescencia.<\/p>\n\n\n\n<p>Se recolectan datos rigurosos sobre las relaciones existentes entre&nbsp;diferentes aspectos&nbsp;de la parentalidad y c\u00f3mo \u00e9sta se relaciona con el desarrollo social, emocional&nbsp;y cognitivo de&nbsp;ni\u00f1os\/adolescentes; se abordan las trayectorias tanto normativas como no-normativas. Dentro de las&nbsp;caracter\u00edsticas y\/o condiciones espec\u00edficas de los miembros de la familia que constituyen variables relevantes en la forma en que madres y padres se involucran con sus hijos. Actualmente, se estudia la presencia de problemas de salud mental&nbsp;en adultos, habilidades de regulaci\u00f3n&nbsp;de los distintos miembros de la familia; y respecto al contexto,&nbsp;busca comprender c\u00f3mo se dan estos procesos en familias de diversos niveles socioecon\u00f3micos.<\/p>\n\n\n<!-- WP Block: UDD - People -->\n<section class=\"wp-block-udd-people \">\n\t<div class=\"container\">\n\t\t\t\t<header class=\"block__header\">\n\t\t\t\t\t\t\t\n<h2 class=\"wp-block-heading\"><\/h2>\n\t\t\t\t\t\t\t\t<\/header>\n\t\t\t\t<div class=\"people-cards\">\n\t\t\t\t\t<div class=\"person-card\">\n\t<a href=\"https:\/\/psicologia.udd.cl\/doctorado\/es\/persona\/daniela-aldoney-ramirez\/\"\n\t\tclass=\"person-card__inner js-person-modal\"\n\t\tdata-post-id=\"120\"\n\t\tdata-postid=\"120\"\n\t>\n\t\t\t<div class=\"person-card__media\">\n\t\t\t<img loading=\"lazy\" decoding=\"async\" width=\"500\" height=\"500\" src=\"https:\/\/psicologia.udd.cl\/doctorado\/files\/2016\/09\/daniela-aldoney-2023-1-scaled-e1706281410703-62x62.jpg\" class=\"person-card__image wp-post-image lazyload\" alt=\"\" sizes=\"auto, (max-width: 500px) 100vw, 500px\" data-src=\"https:\/\/psicologia.udd.cl\/doctorado\/files\/2016\/09\/daniela-aldoney-2023-1-scaled-e1706281410703-500x500.jpg\" data-srcset=\"https:\/\/psicologia.udd.cl\/doctorado\/files\/2016\/09\/daniela-aldoney-2023-1-scaled-e1706281410703-500x500.jpg 500w, https:\/\/psicologia.udd.cl\/doctorado\/files\/2016\/09\/daniela-aldoney-2023-1-scaled-e1706281410703-150x150.jpg 150w, https:\/\/psicologia.udd.cl\/doctorado\/files\/2016\/09\/daniela-aldoney-2023-1-scaled-e1706281410703-62x62.jpg 62w, https:\/\/psicologia.udd.cl\/doctorado\/files\/2016\/09\/daniela-aldoney-2023-1-scaled-e1706281410703-750x750.jpg 750w, https:\/\/psicologia.udd.cl\/doctorado\/files\/2016\/09\/daniela-aldoney-2023-1-scaled-e1706281410703-250x250.jpg 250w, https:\/\/psicologia.udd.cl\/doctorado\/files\/2016\/09\/daniela-aldoney-2023-1-scaled-e1706281410703-126x126.jpg 126w\" \/>\t\t<\/div>\n\t\t\t<div class=\"person-card__content\">\n\t\t\t<h3 class=\"person-card__name\">Daniela Aldoney Ram\u00edrez<\/h3>\n\t\t\t\t\t<span class=\"person-card__description\">Directora Laboratorio de Familia e Infancia (FAIN) <\/span>\n\t\t\t\t\t<span class=\"person-card__cta\">Ver perfil<\/span>\n\t\t<\/div>\n\t<\/a>\n<\/div>\n\t\t\t\t<\/div>\n\t<\/div>\n<\/section>\n","protected":false},"excerpt":{"rendered":"<p>Investigamos las maneras en que madres y padres se involucran en la vida de sus hijos y la influencia que ellos tienen en su desarrollo y bienestar. La l\u00ednea de investigaci\u00f3n de&nbsp;Familia, parentalidad y desarrollo&nbsp;del Doctorado en Ciencias del Desarrollo y Psicopatolog\u00eda (DCDP) de Psicolog\u00eda UDD se enfoca en estudiar las maneras en que madres [&hellip;]<\/p>\n","protected":false},"author":9192205,"featured_media":0,"parent":3058,"menu_order":0,"comment_status":"closed","ping_status":"closed","template":"","meta":{"footnotes":""},"class_list":["post-2971","page","type-page","status-publish","hentry"],"yoast_head":"<!-- This site is optimized with the Yoast SEO plugin v26.9 - https:\/\/yoast.com\/product\/yoast-seo-wordpress\/ -->\n<title>Familia, parentalidad y desarrollo - Doctorado en Ciencias del Desarrollo y Psicopatolog\u00eda<\/title>\n<meta name=\"robots\" content=\"index, follow, max-snippet:-1, max-image-preview:large, max-video-preview:-1\" \/>\n<link rel=\"canonical\" href=\"https:\/\/psicologia.udd.cl\/doctorado\/es\/lineas-de-investigacion\/familia-parentalidad-y-desarrollo\/\" \/>\n<meta property=\"og:locale\" content=\"es_ES\" \/>\n<meta property=\"og:type\" content=\"article\" \/>\n<meta property=\"og:title\" content=\"Familia, parentalidad y desarrollo - Doctorado en Ciencias del Desarrollo y Psicopatolog\u00eda\" \/>\n<meta property=\"og:description\" content=\"Investigamos las maneras en que madres y padres se involucran en la vida de sus hijos y la influencia que ellos tienen en su desarrollo y bienestar. La l\u00ednea de investigaci\u00f3n de&nbsp;Familia, parentalidad y desarrollo&nbsp;del Doctorado en Ciencias del Desarrollo y Psicopatolog\u00eda (DCDP) de Psicolog\u00eda UDD se enfoca en estudiar las maneras en que madres [&hellip;]\" \/>\n<meta property=\"og:url\" content=\"https:\/\/psicologia.udd.cl\/doctorado\/es\/lineas-de-investigacion\/familia-parentalidad-y-desarrollo\/\" \/>\n<meta property=\"og:site_name\" content=\"Doctorado en Ciencias del Desarrollo y Psicopatolog\u00eda\" \/>\n<meta property=\"article:modified_time\" content=\"2025-06-26T15:33:27+00:00\" \/>\n<meta name=\"twitter:card\" content=\"summary_large_image\" \/>\n<meta name=\"twitter:label1\" content=\"Tiempo de lectura\" \/>\n\t<meta name=\"twitter:data1\" content=\"2 minutos\" \/>\n<script type=\"application\/ld+json\" class=\"yoast-schema-graph\">{\"@context\":\"https:\/\/schema.org\",\"@graph\":[{\"@type\":\"WebPage\",\"@id\":\"https:\/\/psicologia.udd.cl\/doctorado\/es\/lineas-de-investigacion\/familia-parentalidad-y-desarrollo\/\",\"url\":\"https:\/\/psicologia.udd.cl\/doctorado\/es\/lineas-de-investigacion\/familia-parentalidad-y-desarrollo\/\",\"name\":\"Familia, parentalidad y desarrollo - Doctorado en Ciencias del Desarrollo y Psicopatolog\u00eda\",\"isPartOf\":{\"@id\":\"https:\/\/psicologia.udd.cl\/doctorado\/#website\"},\"datePublished\":\"2025-06-26T14:18:46+00:00\",\"dateModified\":\"2025-06-26T15:33:27+00:00\",\"breadcrumb\":{\"@id\":\"https:\/\/psicologia.udd.cl\/doctorado\/es\/lineas-de-investigacion\/familia-parentalidad-y-desarrollo\/#breadcrumb\"},\"inLanguage\":\"es\",\"potentialAction\":[{\"@type\":\"ReadAction\",\"target\":[\"https:\/\/psicologia.udd.cl\/doctorado\/es\/lineas-de-investigacion\/familia-parentalidad-y-desarrollo\/\"]}]},{\"@type\":\"BreadcrumbList\",\"@id\":\"https:\/\/psicologia.udd.cl\/doctorado\/es\/lineas-de-investigacion\/familia-parentalidad-y-desarrollo\/#breadcrumb\",\"itemListElement\":[{\"@type\":\"ListItem\",\"position\":1,\"name\":\"L\u00edneas de Investigaci\u00f3n\",\"item\":\"https:\/\/psicologia.udd.cl\/doctorado\/es\/lineas-de-investigacion\/\"},{\"@type\":\"ListItem\",\"position\":2,\"name\":\"Familia, parentalidad y desarrollo\"}]},{\"@type\":\"WebSite\",\"@id\":\"https:\/\/psicologia.udd.cl\/doctorado\/#website\",\"url\":\"https:\/\/psicologia.udd.cl\/doctorado\/\",\"name\":\"Doctorado en Ciencias del Desarrollo y Psicopatolog\u00eda\",\"description\":\"\",\"inLanguage\":\"es\"}]}<\/script>\n<!-- \/ Yoast SEO plugin. -->","yoast_head_json":{"title":"Familia, parentalidad y desarrollo - Doctorado en Ciencias del Desarrollo y Psicopatolog\u00eda","robots":{"index":"index","follow":"follow","max-snippet":"max-snippet:-1","max-image-preview":"max-image-preview:large","max-video-preview":"max-video-preview:-1"},"canonical":"https:\/\/psicologia.udd.cl\/doctorado\/es\/lineas-de-investigacion\/familia-parentalidad-y-desarrollo\/","og_locale":"es_ES","og_type":"article","og_title":"Familia, parentalidad y desarrollo - Doctorado en Ciencias del Desarrollo y Psicopatolog\u00eda","og_description":"Investigamos las maneras en que madres y padres se involucran en la vida de sus hijos y la influencia que ellos tienen en su desarrollo y bienestar. La l\u00ednea de investigaci\u00f3n de&nbsp;Familia, parentalidad y desarrollo&nbsp;del Doctorado en Ciencias del Desarrollo y Psicopatolog\u00eda (DCDP) de Psicolog\u00eda UDD se enfoca en estudiar las maneras en que madres [&hellip;]","og_url":"https:\/\/psicologia.udd.cl\/doctorado\/es\/lineas-de-investigacion\/familia-parentalidad-y-desarrollo\/","og_site_name":"Doctorado en Ciencias del Desarrollo y Psicopatolog\u00eda","article_modified_time":"2025-06-26T15:33:27+00:00","twitter_card":"summary_large_image","twitter_misc":{"Tiempo de lectura":"2 minutos"},"schema":{"@context":"https:\/\/schema.org","@graph":[{"@type":"WebPage","@id":"https:\/\/psicologia.udd.cl\/doctorado\/es\/lineas-de-investigacion\/familia-parentalidad-y-desarrollo\/","url":"https:\/\/psicologia.udd.cl\/doctorado\/es\/lineas-de-investigacion\/familia-parentalidad-y-desarrollo\/","name":"Familia, parentalidad y desarrollo - Doctorado en Ciencias del Desarrollo y Psicopatolog\u00eda","isPartOf":{"@id":"https:\/\/psicologia.udd.cl\/doctorado\/#website"},"datePublished":"2025-06-26T14:18:46+00:00","dateModified":"2025-06-26T15:33:27+00:00","breadcrumb":{"@id":"https:\/\/psicologia.udd.cl\/doctorado\/es\/lineas-de-investigacion\/familia-parentalidad-y-desarrollo\/#breadcrumb"},"inLanguage":"es","potentialAction":[{"@type":"ReadAction","target":["https:\/\/psicologia.udd.cl\/doctorado\/es\/lineas-de-investigacion\/familia-parentalidad-y-desarrollo\/"]}]},{"@type":"BreadcrumbList","@id":"https:\/\/psicologia.udd.cl\/doctorado\/es\/lineas-de-investigacion\/familia-parentalidad-y-desarrollo\/#breadcrumb","itemListElement":[{"@type":"ListItem","position":1,"name":"L\u00edneas de Investigaci\u00f3n","item":"https:\/\/psicologia.udd.cl\/doctorado\/es\/lineas-de-investigacion\/"},{"@type":"ListItem","position":2,"name":"Familia, parentalidad y desarrollo"}]},{"@type":"WebSite","@id":"https:\/\/psicologia.udd.cl\/doctorado\/#website","url":"https:\/\/psicologia.udd.cl\/doctorado\/","name":"Doctorado en Ciencias del Desarrollo y Psicopatolog\u00eda","description":"","inLanguage":"es"}]}},"_links":{"self":[{"href":"https:\/\/psicologia.udd.cl\/doctorado\/wp-json\/wp\/v2\/pages\/2971","targetHints":{"allow":["GET"]}}],"collection":[{"href":"https:\/\/psicologia.udd.cl\/doctorado\/wp-json\/wp\/v2\/pages"}],"about":[{"href":"https:\/\/psicologia.udd.cl\/doctorado\/wp-json\/wp\/v2\/types\/page"}],"author":[{"embeddable":true,"href":"https:\/\/psicologia.udd.cl\/doctorado\/wp-json\/wp\/v2\/users\/9192205"}],"replies":[{"embeddable":true,"href":"https:\/\/psicologia.udd.cl\/doctorado\/wp-json\/wp\/v2\/comments?post=2971"}],"version-history":[{"count":3,"href":"https:\/\/psicologia.udd.cl\/doctorado\/wp-json\/wp\/v2\/pages\/2971\/revisions"}],"predecessor-version":[{"id":2988,"href":"https:\/\/psicologia.udd.cl\/doctorado\/wp-json\/wp\/v2\/pages\/2971\/revisions\/2988"}],"up":[{"embeddable":true,"href":"https:\/\/psicologia.udd.cl\/doctorado\/wp-json\/wp\/v2\/pages\/3058"}],"wp:attachment":[{"href":"https:\/\/psicologia.udd.cl\/doctorado\/wp-json\/wp\/v2\/media?parent=2971"}],"curies":[{"name":"wp","href":"https:\/\/api.w.org\/{rel}","templated":true}]}}