{"id":2921,"date":"2016-08-30T20:22:20","date_gmt":"2016-08-30T20:22:20","guid":{"rendered":"http:\/\/psicologia.udd.cl\/doctorado\/?page_id=11"},"modified":"2025-06-26T11:12:56","modified_gmt":"2025-06-26T15:12:56","slug":"presentacion","status":"publish","type":"page","link":"https:\/\/psicologia.udd.cl\/doctorado\/es\/presentacion\/","title":{"rendered":"Presentaci\u00f3n del Programa"},"content":{"rendered":"\n<h2 class=\"wp-block-heading\">Doctorado en Ciencias del Desarrollo y Psicopatolog\u00eda<\/h2>\n\n\n\n<p>La complejidad psicol\u00f3gica en los individuos varia a trav\u00e9s de su desarrollo, lo cual se despliega en manifestaciones cognitivas, emocionales y sociales (Sameroff, 2010). En este contexto, el estudio del desarrollo humano (Bronfenbrenner &amp; Morris, 2006) se interesa por comprender multidisciplinariamente c\u00f3mo es que tales aspectos interact\u00faan e impactan la constituci\u00f3n del individuo a trav\u00e9s de diferentes fases del ciclo vital. Bronfenbrenner y Evans (2000) definen la ciencia del desarrollo como el estudio sistem\u00e1tico de las condiciones y procesos que producen continuidad y cambios en aspectos biopsicosociales del ser humano. En coherencia, la disciplina extiende su inter\u00e9s desde la gen\u00e9tica y neurobiolog\u00eda hasta las relaciones familiares y sociales (Cairns, Elder, &amp; Costello, 1996).<\/p>\n\n\n<!-- WP Block: UDD - Access Cards -->\n<section\n\tid=\"udd-access-cards-v2--1\"\n\tclass=\"wp-block-udd-access-cards\n\t\t wp-block-udd-access-cards-v2 js-show-in-modal\"\n\t\tstyle=\"\n\t\t--udd-blocks-has-columns-number: 3;\n\t\"\n\t>\n\t<div class=\"container\">\n\t\t\t\t\t\t\t\t\t<div class=\"block__content\">\n\t\t\t<div\n\t\t\t\tclass=\"udd-access-cards\"\n\t\t\t\t\t\t\t>\n\t\t\t<div\n\tdata-index=\"1\"\n\tclass=\"udd-access-card-wrapper\"\n\t>\n\t<a href=\"https:\/\/psicologia.udd.cl\/doctorado\/presentacion\/objetivos\/\" class=\"access-card access-card--profile\" data-url=\"https:\/\/psicologia.udd.cl\/doctorado\/presentacion\/objetivos\/\">\n\t\t\t\t\t\t<h3\n\t\t\tdata-index=\"1\"\n\t\t\tclass=\"access-card__title\"\n\t\t>\n\t\t\tObjetivo general y objetivos espec\u00edficos\t\t<\/h3>\n\t\t\t\t<div class=\"access-card__link\">\n\t\t\t<span class=\"access-card__link-text\">Conocer m\u00e1s<\/span>\n\t\t<\/div>\n\t<\/a>\n<\/div>\n<div\n\tdata-index=\"2\"\n\tclass=\"udd-access-card-wrapper\"\n\t>\n\t<a href=\"https:\/\/psicologia.udd.cl\/doctorado\/presentacion\/convenios-de-colaboracion\/\" class=\"access-card access-card--profile\" data-url=\"https:\/\/psicologia.udd.cl\/doctorado\/presentacion\/convenios-de-colaboracion\/\">\n\t\t\t\t\t\t<h3\n\t\t\tdata-index=\"2\"\n\t\t\tclass=\"access-card__title\"\n\t\t>\n\t\t\tConvenios de colaboraci\u00f3n\t\t<\/h3>\n\t\t\t\t<div class=\"access-card__link\">\n\t\t\t<span class=\"access-card__link-text\">Conocer m\u00e1s<\/span>\n\t\t<\/div>\n\t<\/a>\n<\/div>\n<div\n\tdata-index=\"3\"\n\tclass=\"udd-access-card-wrapper\"\n\t>\n\t<a href=\"https:\/\/psicologia.udd.cl\/doctorado\/presentacion\/reglamentos\/\" class=\"access-card access-card--profile\" data-url=\"https:\/\/psicologia.udd.cl\/doctorado\/presentacion\/reglamentos\/\">\n\t\t\t\t\t\t<h3\n\t\t\tdata-index=\"3\"\n\t\t\tclass=\"access-card__title\"\n\t\t>\n\t\t\tReglamentos e informaci\u00f3n estudiantes\t\t<\/h3>\n\t\t\t\t<div class=\"access-card__link\">\n\t\t\t<span class=\"access-card__link-text\">Conocer m\u00e1s<\/span>\n\t\t<\/div>\n\t<\/a>\n<\/div>\n\t\t\t<\/div>\n\t\t<\/div>\n\t<\/div>\n<\/section>\n\n\n\n<p>La investigaci\u00f3n emp\u00edrica en desarrollo humano no s\u00f3lo posee una finalidad exploratoria, sino tambi\u00e9n se preocupa por la construcci\u00f3n de instrumentos cient\u00edficos, modelos conceptuales y programa de investigaci\u00f3n estrat\u00e9gicamente orientados hacia distintos niveles de complejidad del desarrollo adaptativo y desadaptativo (Bronfenbrenner &amp; Evans, 2000; Fonagy, 2015; Overton &amp; Lerner, 2014). Por otro lado, existen m\u00faltiples modelos y enfoques interesados en comprender las trayectorias vitales desde una mirada cient\u00edfica. <\/p>\n\n\n\n<h3 class=\"wp-block-heading\">Todos estos comparten los siguientes principios y conceptos, a la base de nuestro programa de doctorado:<\/h3>\n\n\n\n<ul class=\"wp-block-list\">\n<li>El desarrollo y la psicobiolog\u00eda como una nueva ciencia de la mente<\/li>\n\n\n\n<li>El desarrollo como principio rector<\/li>\n\n\n\n<li>Factores de riesgo, protectores y promotores del desarrollo<\/li>\n\n\n\n<li>La psicopatolog\u00eda como un proceso que no es \u00fanicamente interno al sujeto<\/li>\n\n\n\n<li>La comprensi\u00f3n del desarrollo humano como un proceso multi-nivel<\/li>\n<\/ul>\n\n\n\n<p>Tanto los aspectos promotores del desarrollo humano como aquellos factores biol\u00f3gicos, psicol\u00f3gicos y socioculturales que los acompa\u00f1an son el foco de inter\u00e9s de nuestro programa de formaci\u00f3n. En este contexto, se espera que los estudiantes seleccionados en el&nbsp;<strong>Doctorado en Ciencias del Desarrollo y Psicopatolog\u00eda<\/strong>&nbsp;participen de programas de investigaci\u00f3n que aborden una o m\u00e1s de las dimensiones que constituyen la complejidad del ciclo vital.<\/p>\n\n\n\n<p>Es importante hacer notar que el doctorado ofrece entrenamiento en investigaci\u00f3n experimental, y espera que sus estudiantes alcancen autonom\u00eda en el dise\u00f1o, ejecuci\u00f3n y evaluaci\u00f3n de contextos experimentales, as\u00ed como competencias para elaborar publicaciones cient\u00edficas de impacto y relevancia. La formaci\u00f3n y contenidos tem\u00e1ticos se focalizan en las \u00e1reas de investigaci\u00f3n de uno de los pilares tem\u00e1ticos del&nbsp;<strong><a href=\"https:\/\/psicologia.udd.cl\/ibem\">Instituto de Bienestar Socioemocional (IBEM)<\/a><\/strong>&nbsp;de la Facultad de Psicolog\u00eda de la&nbsp;<strong>Universidad del Desarrollo<\/strong>, los cuales se abordan a trav\u00e9s de t\u00e9cnicas comportamentales, neurofisiol\u00f3gicas y otras de la esfera psico-social.<\/p>\n\n\n\n<p>El programa de doctorado se aloja en modernas instalaciones de m\u00e1s de 220 mts<sup>2\u00a0<\/sup>dedicados a la investigaci\u00f3n, incluyendo equipamiento cient\u00edfico de alto est\u00e1ndar utilizado en la creaci\u00f3n de experimentos. Destacan: el\u00a0<strong>Laboratorio de Neurociencia Afectiva, Laboratorio de Familia, Adolescencia, Apego e Infancia, Laboratorio de Estr\u00e9s y Emociones y el Laboratorio de Ciencias Cognitivas.<\/strong><\/p>\n\n\n<p class=\"wp-block-udd-button text-left\"><a class=\"btn btn-primary \" href=\"https:\/\/psicologia.udd.cl\/doctorado\/files\/2018\/12\/Anexo-2.-Reglamento-del-Doctorado-en-Ciencias-del-Desarrollo-y-Psicopatolog%C3%ADa-1.pdf\" data-url=\"https:\/\/psicologia.udd.cl\/doctorado\/files\/2018\/12\/Anexo-2.-Reglamento-del-Doctorado-en-Ciencias-del-Desarrollo-y-Psicopatolog%C3%ADa-1.pdf\"><svg class=\"svg-download-dims\"><use xlink:href='https:\/\/psicologia.udd.cl\/doctorado\/wp-content\/themes\/facultades-2018\/assets\/img\/svg\/dist\/main.svg?version=1695853099#download'><\/use><\/svg> Reglamento del Doctorado en Ciencias del Desarrollo y Psicopatolog\u00eda <\/a><\/p>\n","protected":false},"excerpt":{"rendered":"<p>Doctorado en Ciencias del Desarrollo y Psicopatolog\u00eda La complejidad psicol\u00f3gica en los individuos varia a trav\u00e9s de su desarrollo, lo cual se despliega en manifestaciones cognitivas, emocionales y sociales (Sameroff, 2010). En este contexto, el estudio del desarrollo humano (Bronfenbrenner &amp; Morris, 2006) se interesa por comprender multidisciplinariamente c\u00f3mo es que tales aspectos interact\u00faan e [&hellip;]<\/p>\n","protected":false},"author":9192205,"featured_media":0,"parent":0,"menu_order":0,"comment_status":"closed","ping_status":"closed","template":"","meta":{"footnotes":""},"class_list":["post-2921","page","type-page","status-publish","hentry"],"yoast_head":"<!-- This site is optimized with the Yoast SEO plugin v26.9 - https:\/\/yoast.com\/product\/yoast-seo-wordpress\/ -->\n<title>Presentaci\u00f3n del Programa - Doctorado en Ciencias del Desarrollo y Psicopatolog\u00eda<\/title>\n<meta name=\"description\" content=\"El Doctorado en Ciencias del Desarrollo y Psicopatolog\u00eda (DCDP) de Psicolog\u00eda UDD busca que sus estudiantes participen de investigaci\u00f3n que aborden una o m\u00e1s dimensiones ciclo vital.\" \/>\n<meta name=\"robots\" content=\"index, follow, max-snippet:-1, max-image-preview:large, max-video-preview:-1\" \/>\n<link rel=\"canonical\" href=\"https:\/\/psicologia.udd.cl\/doctorado\/es\/presentacion\/\" \/>\n<meta property=\"og:locale\" content=\"es_ES\" \/>\n<meta property=\"og:type\" content=\"article\" \/>\n<meta property=\"og:title\" content=\"Presentaci\u00f3n del Programa - Doctorado en Ciencias del Desarrollo y Psicopatolog\u00eda\" \/>\n<meta property=\"og:description\" content=\"El Doctorado en Ciencias del Desarrollo y Psicopatolog\u00eda (DCDP) de Psicolog\u00eda UDD busca que sus estudiantes participen de investigaci\u00f3n que aborden una o m\u00e1s dimensiones ciclo vital.\" \/>\n<meta property=\"og:url\" content=\"https:\/\/psicologia.udd.cl\/doctorado\/es\/presentacion\/\" \/>\n<meta property=\"og:site_name\" content=\"Doctorado en Ciencias del Desarrollo y Psicopatolog\u00eda\" \/>\n<meta property=\"article:modified_time\" content=\"2025-06-26T15:12:56+00:00\" \/>\n<meta name=\"twitter:card\" content=\"summary_large_image\" \/>\n<meta name=\"twitter:label1\" content=\"Tiempo de lectura\" \/>\n\t<meta name=\"twitter:data1\" content=\"3 minutos\" \/>\n<script type=\"application\/ld+json\" class=\"yoast-schema-graph\">{\"@context\":\"https:\/\/schema.org\",\"@graph\":[{\"@type\":\"WebPage\",\"@id\":\"https:\/\/psicologia.udd.cl\/doctorado\/es\/presentacion\/\",\"url\":\"https:\/\/psicologia.udd.cl\/doctorado\/es\/presentacion\/\",\"name\":\"Presentaci\u00f3n del Programa - Doctorado en Ciencias del Desarrollo y Psicopatolog\u00eda\",\"isPartOf\":{\"@id\":\"https:\/\/psicologia.udd.cl\/doctorado\/#website\"},\"datePublished\":\"2016-08-30T20:22:20+00:00\",\"dateModified\":\"2025-06-26T15:12:56+00:00\",\"description\":\"El Doctorado en Ciencias del Desarrollo y Psicopatolog\u00eda (DCDP) de Psicolog\u00eda UDD busca que sus estudiantes participen de investigaci\u00f3n que aborden una o m\u00e1s dimensiones ciclo vital.\",\"inLanguage\":\"es\",\"potentialAction\":[{\"@type\":\"ReadAction\",\"target\":[\"https:\/\/psicologia.udd.cl\/doctorado\/es\/presentacion\/\"]}]},{\"@type\":\"WebSite\",\"@id\":\"https:\/\/psicologia.udd.cl\/doctorado\/#website\",\"url\":\"https:\/\/psicologia.udd.cl\/doctorado\/\",\"name\":\"Doctorado en Ciencias del Desarrollo y Psicopatolog\u00eda\",\"description\":\"\",\"inLanguage\":\"es\"}]}<\/script>\n<!-- \/ Yoast SEO plugin. -->","yoast_head_json":{"title":"Presentaci\u00f3n del Programa - Doctorado en Ciencias del Desarrollo y Psicopatolog\u00eda","description":"El Doctorado en Ciencias del Desarrollo y Psicopatolog\u00eda (DCDP) de Psicolog\u00eda UDD busca que sus estudiantes participen de investigaci\u00f3n que aborden una o m\u00e1s dimensiones ciclo vital.","robots":{"index":"index","follow":"follow","max-snippet":"max-snippet:-1","max-image-preview":"max-image-preview:large","max-video-preview":"max-video-preview:-1"},"canonical":"https:\/\/psicologia.udd.cl\/doctorado\/es\/presentacion\/","og_locale":"es_ES","og_type":"article","og_title":"Presentaci\u00f3n del Programa - Doctorado en Ciencias del Desarrollo y Psicopatolog\u00eda","og_description":"El Doctorado en Ciencias del Desarrollo y Psicopatolog\u00eda (DCDP) de Psicolog\u00eda UDD busca que sus estudiantes participen de investigaci\u00f3n que aborden una o m\u00e1s dimensiones ciclo vital.","og_url":"https:\/\/psicologia.udd.cl\/doctorado\/es\/presentacion\/","og_site_name":"Doctorado en Ciencias del Desarrollo y Psicopatolog\u00eda","article_modified_time":"2025-06-26T15:12:56+00:00","twitter_card":"summary_large_image","twitter_misc":{"Tiempo de lectura":"3 minutos"},"schema":{"@context":"https:\/\/schema.org","@graph":[{"@type":"WebPage","@id":"https:\/\/psicologia.udd.cl\/doctorado\/es\/presentacion\/","url":"https:\/\/psicologia.udd.cl\/doctorado\/es\/presentacion\/","name":"Presentaci\u00f3n del Programa - Doctorado en Ciencias del Desarrollo y Psicopatolog\u00eda","isPartOf":{"@id":"https:\/\/psicologia.udd.cl\/doctorado\/#website"},"datePublished":"2016-08-30T20:22:20+00:00","dateModified":"2025-06-26T15:12:56+00:00","description":"El Doctorado en Ciencias del Desarrollo y Psicopatolog\u00eda (DCDP) de Psicolog\u00eda UDD busca que sus estudiantes participen de investigaci\u00f3n que aborden una o m\u00e1s dimensiones ciclo vital.","inLanguage":"es","potentialAction":[{"@type":"ReadAction","target":["https:\/\/psicologia.udd.cl\/doctorado\/es\/presentacion\/"]}]},{"@type":"WebSite","@id":"https:\/\/psicologia.udd.cl\/doctorado\/#website","url":"https:\/\/psicologia.udd.cl\/doctorado\/","name":"Doctorado en Ciencias del Desarrollo y Psicopatolog\u00eda","description":"","inLanguage":"es"}]}},"_links":{"self":[{"href":"https:\/\/psicologia.udd.cl\/doctorado\/wp-json\/wp\/v2\/pages\/2921","targetHints":{"allow":["GET"]}}],"collection":[{"href":"https:\/\/psicologia.udd.cl\/doctorado\/wp-json\/wp\/v2\/pages"}],"about":[{"href":"https:\/\/psicologia.udd.cl\/doctorado\/wp-json\/wp\/v2\/types\/page"}],"author":[{"embeddable":true,"href":"https:\/\/psicologia.udd.cl\/doctorado\/wp-json\/wp\/v2\/users\/9192205"}],"replies":[{"embeddable":true,"href":"https:\/\/psicologia.udd.cl\/doctorado\/wp-json\/wp\/v2\/comments?post=2921"}],"version-history":[{"count":8,"href":"https:\/\/psicologia.udd.cl\/doctorado\/wp-json\/wp\/v2\/pages\/2921\/revisions"}],"predecessor-version":[{"id":3032,"href":"https:\/\/psicologia.udd.cl\/doctorado\/wp-json\/wp\/v2\/pages\/2921\/revisions\/3032"}],"wp:attachment":[{"href":"https:\/\/psicologia.udd.cl\/doctorado\/wp-json\/wp\/v2\/media?parent=2921"}],"curies":[{"name":"wp","href":"https:\/\/api.w.org\/{rel}","templated":true}]}}