{"id":27,"date":"2016-08-30T20:27:33","date_gmt":"2016-08-30T20:27:33","guid":{"rendered":"http:\/\/psicologia.udd.cl\/doctorado\/?page_id=27"},"modified":"2025-06-26T12:33:04","modified_gmt":"2025-06-26T16:33:04","slug":"aranceles-y-becas","status":"publish","type":"page","link":"https:\/\/psicologia.udd.cl\/doctorado\/es\/admision\/aranceles-y-becas\/","title":{"rendered":"Aranceles y Becas"},"content":{"rendered":"\n<p>El costo del Doctorado implica un Arancel total de $20.000.000 (8 semestres) y una matr\u00edcula de $500.000. No obstante, este programa cuenta con una <strong>Beca UDD que considera gratuidad completa (matr\u00edcula y arancel) durante los 8 semestres para todos los alumnos del programa<\/strong>. Adem\u00e1s, por tratarse de un programa de <strong>dedicaci\u00f3n exclusiva <\/strong>(carga m\u00ednima de trabajo semanal exigible de 40 horas cronol\u00f3gicas<a href=\"https:\/\/www.udd.cl\/wp-content\/uploads\/2014\/11\/Decreto-N%C2%B0-28-17-Reglamento-General-Programas-Doctorado.pdf\"> seg\u00fan reglamento general de programas de Doctorado UDD)<\/a>, se otorga un <strong>estipendio mensual de $1.398.732<\/strong>(Valor a\u00f1o 2025), una estaci\u00f3n de trabajo, textos de estudio y una beca de almuerzo por alumno para ser utilizado en d\u00edas laborales efectivos en casinos y cafeter\u00edas de la universidad o que tengan convenios con ella. <strong>Estos beneficios son entregados autom\u00e1ticamente a todos los estudiantes que ingresan<\/strong> (aquellos que se adjudiquen beca ANID se le igualan los beneficios), tienen una duraci\u00f3n de cuatro a\u00f1os desde que iniciaron sus estudios en el programa y est\u00e1n sujetos a renovaci\u00f3n de acuerdo con la excelencia acad\u00e9mica de los alumnos.<\/p>\n\n\n\n<p><strong>Los alumnos aceptados en el Doctorado en Ciencias del Desarrollo y Psicopatolog\u00eda deben postular a las Becas de doctorado nacional, a\u00f1o acad\u00e9mico 2026 ANID<\/strong>. Quienes ingresen al programa con la <a href=\"https:\/\/anid.cl\/capital-humano-2\/doctorado-nacional\/\">Beca de Doctorado Nacional de ANID<\/a>\u00a0(que brinda arancel, matr\u00edcula y manutenci\u00f3n) recibir\u00e1n una beca complementaria UDD,\u00a0m\u00e1s un vale de almuerzo\u00a0en las dependencias de la universidad, que se agrega a los beneficios entregados por ANID.\u00a0\u00a0<strong>La postulaci\u00f3n a la beca ANID es requisito para el ingreso al programa.<\/strong><\/p>\n\n\n\n<p>Para m\u00e1s informaci\u00f3n sobre las becas, contactar a <a href=\"mailto:doctoradopsicologia@udd.cl\" target=\"_blank\" rel=\"noreferrer noopener\">doctoradopsicologia@udd.cl<\/a><\/p>\n","protected":false},"excerpt":{"rendered":"<p>El costo del Doctorado implica un Arancel total de $20.000.000 (8 semestres) y una matr\u00edcula de $500.000. No obstante, este programa cuenta con una Beca UDD que considera gratuidad completa (matr\u00edcula y arancel) durante los 8 semestres para todos los alumnos del programa. Adem\u00e1s, por tratarse de un programa de dedicaci\u00f3n exclusiva (carga m\u00ednima de [&hellip;]<\/p>\n","protected":false},"author":9192205,"featured_media":0,"parent":1146,"menu_order":2,"comment_status":"closed","ping_status":"closed","template":"","meta":{"footnotes":""},"class_list":["post-27","page","type-page","status-publish","hentry"],"yoast_head":"<!-- This site is optimized with the Yoast SEO plugin v26.9 - https:\/\/yoast.com\/product\/yoast-seo-wordpress\/ -->\n<title>Aranceles y Becas - Doctorado en Ciencias del Desarrollo y Psicopatolog\u00eda<\/title>\n<meta name=\"robots\" content=\"index, follow, max-snippet:-1, max-image-preview:large, max-video-preview:-1\" \/>\n<link rel=\"canonical\" href=\"https:\/\/psicologia.udd.cl\/doctorado\/es\/admision\/aranceles-y-becas\/\" \/>\n<meta property=\"og:locale\" content=\"es_ES\" \/>\n<meta property=\"og:type\" content=\"article\" \/>\n<meta property=\"og:title\" content=\"Aranceles y Becas - Doctorado en Ciencias del Desarrollo y Psicopatolog\u00eda\" \/>\n<meta property=\"og:description\" content=\"El costo del Doctorado implica un Arancel total de $20.000.000 (8 semestres) y una matr\u00edcula de $500.000. No obstante, este programa cuenta con una Beca UDD que considera gratuidad completa (matr\u00edcula y arancel) durante los 8 semestres para todos los alumnos del programa. Adem\u00e1s, por tratarse de un programa de dedicaci\u00f3n exclusiva (carga m\u00ednima de [&hellip;]\" \/>\n<meta property=\"og:url\" content=\"https:\/\/psicologia.udd.cl\/doctorado\/es\/admision\/aranceles-y-becas\/\" \/>\n<meta property=\"og:site_name\" content=\"Doctorado en Ciencias del Desarrollo y Psicopatolog\u00eda\" \/>\n<meta property=\"article:modified_time\" content=\"2025-06-26T16:33:04+00:00\" \/>\n<meta name=\"twitter:card\" content=\"summary_large_image\" \/>\n<meta name=\"twitter:label1\" content=\"Tiempo de lectura\" \/>\n\t<meta name=\"twitter:data1\" content=\"2 minutos\" \/>\n<script type=\"application\/ld+json\" class=\"yoast-schema-graph\">{\"@context\":\"https:\/\/schema.org\",\"@graph\":[{\"@type\":\"WebPage\",\"@id\":\"https:\/\/psicologia.udd.cl\/doctorado\/es\/admision\/aranceles-y-becas\/\",\"url\":\"https:\/\/psicologia.udd.cl\/doctorado\/es\/admision\/aranceles-y-becas\/\",\"name\":\"Aranceles y Becas - Doctorado en Ciencias del Desarrollo y Psicopatolog\u00eda\",\"isPartOf\":{\"@id\":\"https:\/\/psicologia.udd.cl\/doctorado\/#website\"},\"datePublished\":\"2016-08-30T20:27:33+00:00\",\"dateModified\":\"2025-06-26T16:33:04+00:00\",\"breadcrumb\":{\"@id\":\"https:\/\/psicologia.udd.cl\/doctorado\/es\/admision\/aranceles-y-becas\/#breadcrumb\"},\"inLanguage\":\"es\",\"potentialAction\":[{\"@type\":\"ReadAction\",\"target\":[\"https:\/\/psicologia.udd.cl\/doctorado\/es\/admision\/aranceles-y-becas\/\"]}]},{\"@type\":\"BreadcrumbList\",\"@id\":\"https:\/\/psicologia.udd.cl\/doctorado\/es\/admision\/aranceles-y-becas\/#breadcrumb\",\"itemListElement\":[{\"@type\":\"ListItem\",\"position\":1,\"name\":\"Admisi\u00f3n 2026\",\"item\":\"https:\/\/psicologia.udd.cl\/doctorado\/es\/admision\/\"},{\"@type\":\"ListItem\",\"position\":2,\"name\":\"Aranceles y Becas\"}]},{\"@type\":\"WebSite\",\"@id\":\"https:\/\/psicologia.udd.cl\/doctorado\/#website\",\"url\":\"https:\/\/psicologia.udd.cl\/doctorado\/\",\"name\":\"Doctorado en Ciencias del Desarrollo y Psicopatolog\u00eda\",\"description\":\"\",\"inLanguage\":\"es\"}]}<\/script>\n<!-- \/ Yoast SEO plugin. -->","yoast_head_json":{"title":"Aranceles y Becas - Doctorado en Ciencias del Desarrollo y Psicopatolog\u00eda","robots":{"index":"index","follow":"follow","max-snippet":"max-snippet:-1","max-image-preview":"max-image-preview:large","max-video-preview":"max-video-preview:-1"},"canonical":"https:\/\/psicologia.udd.cl\/doctorado\/es\/admision\/aranceles-y-becas\/","og_locale":"es_ES","og_type":"article","og_title":"Aranceles y Becas - Doctorado en Ciencias del Desarrollo y Psicopatolog\u00eda","og_description":"El costo del Doctorado implica un Arancel total de $20.000.000 (8 semestres) y una matr\u00edcula de $500.000. No obstante, este programa cuenta con una Beca UDD que considera gratuidad completa (matr\u00edcula y arancel) durante los 8 semestres para todos los alumnos del programa. Adem\u00e1s, por tratarse de un programa de dedicaci\u00f3n exclusiva (carga m\u00ednima de [&hellip;]","og_url":"https:\/\/psicologia.udd.cl\/doctorado\/es\/admision\/aranceles-y-becas\/","og_site_name":"Doctorado en Ciencias del Desarrollo y Psicopatolog\u00eda","article_modified_time":"2025-06-26T16:33:04+00:00","twitter_card":"summary_large_image","twitter_misc":{"Tiempo de lectura":"2 minutos"},"schema":{"@context":"https:\/\/schema.org","@graph":[{"@type":"WebPage","@id":"https:\/\/psicologia.udd.cl\/doctorado\/es\/admision\/aranceles-y-becas\/","url":"https:\/\/psicologia.udd.cl\/doctorado\/es\/admision\/aranceles-y-becas\/","name":"Aranceles y Becas - Doctorado en Ciencias del Desarrollo y Psicopatolog\u00eda","isPartOf":{"@id":"https:\/\/psicologia.udd.cl\/doctorado\/#website"},"datePublished":"2016-08-30T20:27:33+00:00","dateModified":"2025-06-26T16:33:04+00:00","breadcrumb":{"@id":"https:\/\/psicologia.udd.cl\/doctorado\/es\/admision\/aranceles-y-becas\/#breadcrumb"},"inLanguage":"es","potentialAction":[{"@type":"ReadAction","target":["https:\/\/psicologia.udd.cl\/doctorado\/es\/admision\/aranceles-y-becas\/"]}]},{"@type":"BreadcrumbList","@id":"https:\/\/psicologia.udd.cl\/doctorado\/es\/admision\/aranceles-y-becas\/#breadcrumb","itemListElement":[{"@type":"ListItem","position":1,"name":"Admisi\u00f3n 2026","item":"https:\/\/psicologia.udd.cl\/doctorado\/es\/admision\/"},{"@type":"ListItem","position":2,"name":"Aranceles y Becas"}]},{"@type":"WebSite","@id":"https:\/\/psicologia.udd.cl\/doctorado\/#website","url":"https:\/\/psicologia.udd.cl\/doctorado\/","name":"Doctorado en Ciencias del Desarrollo y Psicopatolog\u00eda","description":"","inLanguage":"es"}]}},"_links":{"self":[{"href":"https:\/\/psicologia.udd.cl\/doctorado\/wp-json\/wp\/v2\/pages\/27","targetHints":{"allow":["GET"]}}],"collection":[{"href":"https:\/\/psicologia.udd.cl\/doctorado\/wp-json\/wp\/v2\/pages"}],"about":[{"href":"https:\/\/psicologia.udd.cl\/doctorado\/wp-json\/wp\/v2\/types\/page"}],"author":[{"embeddable":true,"href":"https:\/\/psicologia.udd.cl\/doctorado\/wp-json\/wp\/v2\/users\/9192205"}],"replies":[{"embeddable":true,"href":"https:\/\/psicologia.udd.cl\/doctorado\/wp-json\/wp\/v2\/comments?post=27"}],"version-history":[{"count":2,"href":"https:\/\/psicologia.udd.cl\/doctorado\/wp-json\/wp\/v2\/pages\/27\/revisions"}],"predecessor-version":[{"id":3153,"href":"https:\/\/psicologia.udd.cl\/doctorado\/wp-json\/wp\/v2\/pages\/27\/revisions\/3153"}],"up":[{"embeddable":true,"href":"https:\/\/psicologia.udd.cl\/doctorado\/wp-json\/wp\/v2\/pages\/1146"}],"wp:attachment":[{"href":"https:\/\/psicologia.udd.cl\/doctorado\/wp-json\/wp\/v2\/media?parent=27"}],"curies":[{"name":"wp","href":"https:\/\/api.w.org\/{rel}","templated":true}]}}