{"id":25,"date":"2016-08-30T20:27:07","date_gmt":"2016-08-30T20:27:07","guid":{"rendered":"http:\/\/psicologia.udd.cl\/doctorado\/?page_id=25"},"modified":"2025-10-07T11:40:14","modified_gmt":"2025-10-07T14:40:14","slug":"requisitos","status":"publish","type":"page","link":"https:\/\/psicologia.udd.cl\/doctorado\/es\/admision\/requisitos\/","title":{"rendered":"Requisitos de Admisi\u00f3n"},"content":{"rendered":"\n<h2 class=\"wp-block-heading\">Perfil de ingreso<\/h2>\n\n\n\n<p>Este programa est\u00e1 orientado a profesionales de \u00e1reas afines al estudio del comportamiento humano, incluyendo profesionales de la psicolog\u00eda, medicina, ciencias biol\u00f3gicas y de la salud, humanidades, entre otras.<\/p>\n\n\n\n<h2 class=\"wp-block-heading\">Requisitos Obligatorios<\/h2>\n\n\n\n<ul class=\"wp-block-list\">\n<li>Grado de licenciado en psicolog\u00eda o en ciencias de la salud, ciencias sociales u otras \u00e1reas afines, otorgado por un programa acreditado de una universidad nacional o en un programa de una universidad extranjera.<\/li>\n<\/ul>\n\n\n\n<h2 class=\"wp-block-heading\">Requisitos Deseables (acreditables)<\/h2>\n\n\n\n<ul class=\"wp-block-list\">\n<li>Grado de Mag\u00edster.<\/li>\n\n\n\n<li>Manejo de herramientas estad\u00edsticas a nivel intermedio (criterio comit\u00e9 selecci\u00f3n).<\/li>\n\n\n\n<li>Participaci\u00f3n o autor\u00eda en productos de investigaci\u00f3n (publicaciones, proyectos, etc).<\/li>\n\n\n\n<li>Experiencia en intervenci\u00f3n.<\/li>\n\n\n\n<li>Ingl\u00e9s intermedio (certificado TOEFL superior a 55 iBT o acreditaci\u00f3n similar).<\/li>\n<\/ul>\n\n\n\n<h3 class=\"wp-block-heading\">Durante el periodo en que la convocatoria se encuentre abierta, los postulantes deber\u00e1n, en primera instancia, <strong>completar el formulario de postulaci\u00f3n, en el que deber\u00e1n subir los siguientes documentos para completar&nbsp;el proceso de postulaci\u00f3n:<\/strong><\/h3>\n\n\n\n<ul class=\"wp-block-list\">\n<li>Documento original de certificado(s) de t\u00edtulo o grado(s) o fotocopia certificada ante notario. Si el postulante es extranjero sus certificados deben estar apostillados por el organismo correspondiente a su pa\u00eds de origen. Los certificados\/t\u00edtulos de mag\u00edster deber\u00e1n ser subidos a la plataforma.<\/li>\n\n\n\n<li>Certificado de concentraci\u00f3n de notas de estudios universitarios de pregrado y postgrado con ranking de egreso. De igual forma, si el postulante es extranjero, los certificados deben estar apostillados por el organismo correspondiente a su pa\u00eds de origen.<\/li>\n\n\n\n<li>Curr\u00edculum vitae (Formato tipo: <a href=\"https:\/\/psicologia.udd.cl\/doctorado\/files\/2016\/08\/curriculum-vitae.pdf\" target=\"_blank\" rel=\"noopener noreferrer\">Curriculum Vitae<\/a>).<\/li>\n\n\n\n<li>Dos cartas de recomendaci\u00f3n de personas id\u00f3neas a un programa de doctorado (Doctores o PhD, nacionales o internaciones) enfatizando experiencia en docencia y\/o investigaci\u00f3n (Formato tipo: <a href=\"https:\/\/psicologia.udd.cl\/doctorado\/files\/2023\/08\/carta-recomendacion-doctorado.pdf\">Carta de Recomendaci\u00f3n<\/a>). <strong>Las cartas deben ser enviadas directamente por las personas que recomiendan como fecha limite el d\u00eda 10 de octubre de 2025<\/strong>, a Jacqueline L\u00f3pez a su correo electr\u00f3nico: <a href=\"mailto:jalopez@udd.cl\">jalopez@udd.cl<\/a><\/li>\n\n\n\n<li>Una carta de motivaci\u00f3n personal, donde se se\u00f1ale la formaci\u00f3n previa que lo ha preparado para postular a este Programa de Doctorado, cu\u00e1les son sus motivaciones personales y c\u00f3mo este Doctorado puede prepararlo para sus aspiraciones acad\u00e9micas en el futuro (Formato tipo: <a href=\"https:\/\/psicologia.udd.cl\/doctorado\/files\/2016\/08\/carta-de-motivacion-personal.pdf\" target=\"_blank\" rel=\"noopener noreferrer\">Carta de Motivaci\u00f3n Personal<\/a>).<\/li>\n\n\n\n<li>Una carta de inter\u00e9s acad\u00e9mico (Formato tipo:&nbsp;<a href=\"https:\/\/psicologia.udd.cl\/doctorado\/files\/2016\/08\/carta-de-interes-academico.pdf\" target=\"_blank\" rel=\"noopener noreferrer\">Carta de Inter\u00e9s acad\u00e9mico<\/a>).<\/li>\n\n\n\n<li>Fotocopia Legalizada de c\u00e9dula de identidad por ambos lados o pasaporte para alumnos extranjeros.<\/li>\n\n\n\n<li>Certificado de nacimiento.<\/li>\n<\/ul>\n\n\n\n<p>Seg\u00fan lo establecido en la<a href=\"https:\/\/psicologia.udd.cl\/doctorado\/files\/2019\/11\/normativa-proceso-de-postulacion-y-seleccion-dcdp.pdf\"> Normativa del Proceso de Postulaci\u00f3n y Selecci\u00f3n del Doctorado en Ciencias del Desarrollo y Psicopatolog\u00eda (Anexo 12)<\/a>, al cerrarse el proceso de postulaci\u00f3n, se recopilar\u00e1n los antecedentes de todos los postulantes y se excluir\u00e1n de seguir el proceso a quienes no cumplan con los requisitos y\/o no incluyan alguno de los documentos solicitados.<\/p>\n\n\n\n<h2 class=\"wp-block-heading\">Proceso de Selecci\u00f3n:&nbsp;<\/h2>\n\n\n\n<p><strong>Todos los documentos deben ser subidos al formulario de postulaci\u00f3n.<\/strong><\/p>\n\n\n\n<p>Una vez recepcionados los documentos estos ser\u00e1n evaluados por el Director del Doctorado y el Comit\u00e9 Acad\u00e9mico con el objeto de que se cumplan los est\u00e1ndares de aceptaci\u00f3n al programa. Asimismo, realizar\u00e1n una pre-selecci\u00f3n en funci\u00f3n del ajuste entre los antecedentes presentados y los objetivos, las caracter\u00edsticas y exigencias del programa.<\/p>\n\n\n\n<p>De cumplirse los requisitos m\u00ednimos, los postulantes pre-seleccionados ser\u00e1n entrevistados por el Director del Programa y miembros del Comit\u00e9 Acad\u00e9mico, donde se evaluaran los siguientes puntos:<\/p>\n\n\n\n<ul class=\"wp-block-list\">\n<li>Competencias te\u00f3ricas en Psicolog\u00eda.<\/li>\n\n\n\n<li>Motivaci\u00f3n del aspirante para formarse en la investigaci\u00f3n.<\/li>\n\n\n\n<li>Capacidad cr\u00edtica del aspirante para abordar una problem\u00e1tica propia de investigaci\u00f3n en el \u00e1rea de la psicopatolog\u00eda del desarrollo.<\/li>\n\n\n\n<li>Capacidad de terminar el doctorado en el plazo contemplado.<\/li>\n\n\n\n<li>Aspectos personales que garanticen dedicaci\u00f3n y rendimiento.<\/li>\n\n\n\n<li>Claridad en tema de investigaci\u00f3n.<\/li>\n\n\n\n<li>Competencia en el uso de programas de computaci\u00f3n, como procesadores de texto y paquetes de an\u00e1lisis estad\u00edstico.<\/li>\n<\/ul>\n\n\n\n<p><strong>Para m\u00e1s informaci\u00f3n sobre el proceso de selecci\u00f3n, revisar:&nbsp;<a href=\"https:\/\/psicologia.udd.cl\/files\/2025\/07\/normativa-proceso-de-postulacion-y-seleccion-dcdplogo.pdf\" target=\"_blank\" rel=\"noreferrer noopener\">Normativa Proceso de Postulacio\u0301n y Seleccio\u0301n DCDP<\/a><\/strong><\/p>\n\n\n\n<p>Informaciones sobre proceso de postulaci\u00f3n: <a href=\"mailto:doctoradopsicologia@udd.cl\" target=\"_blank\" rel=\"noreferrer noopener\">doctoradopsicologia@udd.cl<\/a><\/p>\n","protected":false},"excerpt":{"rendered":"<p>Perfil de ingreso Este programa est\u00e1 orientado a profesionales de \u00e1reas afines al estudio del comportamiento humano, incluyendo profesionales de la psicolog\u00eda, medicina, ciencias biol\u00f3gicas y de la salud, humanidades, entre otras. Requisitos Obligatorios Requisitos Deseables (acreditables) Durante el periodo en que la convocatoria se encuentre abierta, los postulantes deber\u00e1n, en primera instancia, completar el [&hellip;]<\/p>\n","protected":false},"author":9192205,"featured_media":0,"parent":1146,"menu_order":1,"comment_status":"closed","ping_status":"closed","template":"","meta":{"footnotes":""},"class_list":["post-25","page","type-page","status-publish","hentry"],"yoast_head":"<!-- This site is optimized with the Yoast SEO plugin v26.9 - https:\/\/yoast.com\/product\/yoast-seo-wordpress\/ -->\n<title>Requisitos de Admisi\u00f3n - Doctorado en Ciencias del Desarrollo y Psicopatolog\u00eda<\/title>\n<meta name=\"robots\" content=\"index, follow, max-snippet:-1, max-image-preview:large, max-video-preview:-1\" \/>\n<link rel=\"canonical\" href=\"https:\/\/psicologia.udd.cl\/doctorado\/es\/admision\/requisitos\/\" \/>\n<meta property=\"og:locale\" content=\"es_ES\" \/>\n<meta property=\"og:type\" content=\"article\" \/>\n<meta property=\"og:title\" content=\"Requisitos de Admisi\u00f3n - Doctorado en Ciencias del Desarrollo y Psicopatolog\u00eda\" \/>\n<meta property=\"og:description\" content=\"Perfil de ingreso Este programa est\u00e1 orientado a profesionales de \u00e1reas afines al estudio del comportamiento humano, incluyendo profesionales de la psicolog\u00eda, medicina, ciencias biol\u00f3gicas y de la salud, humanidades, entre otras. Requisitos Obligatorios Requisitos Deseables (acreditables) Durante el periodo en que la convocatoria se encuentre abierta, los postulantes deber\u00e1n, en primera instancia, completar el [&hellip;]\" \/>\n<meta property=\"og:url\" content=\"https:\/\/psicologia.udd.cl\/doctorado\/es\/admision\/requisitos\/\" \/>\n<meta property=\"og:site_name\" content=\"Doctorado en Ciencias del Desarrollo y Psicopatolog\u00eda\" \/>\n<meta property=\"article:modified_time\" content=\"2025-10-07T14:40:14+00:00\" \/>\n<meta name=\"twitter:card\" content=\"summary_large_image\" \/>\n<meta name=\"twitter:label1\" content=\"Tiempo de lectura\" \/>\n\t<meta name=\"twitter:data1\" content=\"3 minutos\" \/>\n<script type=\"application\/ld+json\" class=\"yoast-schema-graph\">{\"@context\":\"https:\/\/schema.org\",\"@graph\":[{\"@type\":\"WebPage\",\"@id\":\"https:\/\/psicologia.udd.cl\/doctorado\/es\/admision\/requisitos\/\",\"url\":\"https:\/\/psicologia.udd.cl\/doctorado\/es\/admision\/requisitos\/\",\"name\":\"Requisitos de Admisi\u00f3n - Doctorado en Ciencias del Desarrollo y Psicopatolog\u00eda\",\"isPartOf\":{\"@id\":\"https:\/\/psicologia.udd.cl\/doctorado\/#website\"},\"datePublished\":\"2016-08-30T20:27:07+00:00\",\"dateModified\":\"2025-10-07T14:40:14+00:00\",\"breadcrumb\":{\"@id\":\"https:\/\/psicologia.udd.cl\/doctorado\/es\/admision\/requisitos\/#breadcrumb\"},\"inLanguage\":\"es\",\"potentialAction\":[{\"@type\":\"ReadAction\",\"target\":[\"https:\/\/psicologia.udd.cl\/doctorado\/es\/admision\/requisitos\/\"]}]},{\"@type\":\"BreadcrumbList\",\"@id\":\"https:\/\/psicologia.udd.cl\/doctorado\/es\/admision\/requisitos\/#breadcrumb\",\"itemListElement\":[{\"@type\":\"ListItem\",\"position\":1,\"name\":\"Admisi\u00f3n 2026\",\"item\":\"https:\/\/psicologia.udd.cl\/doctorado\/es\/admision\/\"},{\"@type\":\"ListItem\",\"position\":2,\"name\":\"Requisitos de Admisi\u00f3n\"}]},{\"@type\":\"WebSite\",\"@id\":\"https:\/\/psicologia.udd.cl\/doctorado\/#website\",\"url\":\"https:\/\/psicologia.udd.cl\/doctorado\/\",\"name\":\"Doctorado en Ciencias del Desarrollo y Psicopatolog\u00eda\",\"description\":\"\",\"inLanguage\":\"es\"}]}<\/script>\n<!-- \/ Yoast SEO plugin. -->","yoast_head_json":{"title":"Requisitos de Admisi\u00f3n - Doctorado en Ciencias del Desarrollo y Psicopatolog\u00eda","robots":{"index":"index","follow":"follow","max-snippet":"max-snippet:-1","max-image-preview":"max-image-preview:large","max-video-preview":"max-video-preview:-1"},"canonical":"https:\/\/psicologia.udd.cl\/doctorado\/es\/admision\/requisitos\/","og_locale":"es_ES","og_type":"article","og_title":"Requisitos de Admisi\u00f3n - Doctorado en Ciencias del Desarrollo y Psicopatolog\u00eda","og_description":"Perfil de ingreso Este programa est\u00e1 orientado a profesionales de \u00e1reas afines al estudio del comportamiento humano, incluyendo profesionales de la psicolog\u00eda, medicina, ciencias biol\u00f3gicas y de la salud, humanidades, entre otras. Requisitos Obligatorios Requisitos Deseables (acreditables) Durante el periodo en que la convocatoria se encuentre abierta, los postulantes deber\u00e1n, en primera instancia, completar el [&hellip;]","og_url":"https:\/\/psicologia.udd.cl\/doctorado\/es\/admision\/requisitos\/","og_site_name":"Doctorado en Ciencias del Desarrollo y Psicopatolog\u00eda","article_modified_time":"2025-10-07T14:40:14+00:00","twitter_card":"summary_large_image","twitter_misc":{"Tiempo de lectura":"3 minutos"},"schema":{"@context":"https:\/\/schema.org","@graph":[{"@type":"WebPage","@id":"https:\/\/psicologia.udd.cl\/doctorado\/es\/admision\/requisitos\/","url":"https:\/\/psicologia.udd.cl\/doctorado\/es\/admision\/requisitos\/","name":"Requisitos de Admisi\u00f3n - Doctorado en Ciencias del Desarrollo y Psicopatolog\u00eda","isPartOf":{"@id":"https:\/\/psicologia.udd.cl\/doctorado\/#website"},"datePublished":"2016-08-30T20:27:07+00:00","dateModified":"2025-10-07T14:40:14+00:00","breadcrumb":{"@id":"https:\/\/psicologia.udd.cl\/doctorado\/es\/admision\/requisitos\/#breadcrumb"},"inLanguage":"es","potentialAction":[{"@type":"ReadAction","target":["https:\/\/psicologia.udd.cl\/doctorado\/es\/admision\/requisitos\/"]}]},{"@type":"BreadcrumbList","@id":"https:\/\/psicologia.udd.cl\/doctorado\/es\/admision\/requisitos\/#breadcrumb","itemListElement":[{"@type":"ListItem","position":1,"name":"Admisi\u00f3n 2026","item":"https:\/\/psicologia.udd.cl\/doctorado\/es\/admision\/"},{"@type":"ListItem","position":2,"name":"Requisitos de Admisi\u00f3n"}]},{"@type":"WebSite","@id":"https:\/\/psicologia.udd.cl\/doctorado\/#website","url":"https:\/\/psicologia.udd.cl\/doctorado\/","name":"Doctorado en Ciencias del Desarrollo y Psicopatolog\u00eda","description":"","inLanguage":"es"}]}},"_links":{"self":[{"href":"https:\/\/psicologia.udd.cl\/doctorado\/wp-json\/wp\/v2\/pages\/25","targetHints":{"allow":["GET"]}}],"collection":[{"href":"https:\/\/psicologia.udd.cl\/doctorado\/wp-json\/wp\/v2\/pages"}],"about":[{"href":"https:\/\/psicologia.udd.cl\/doctorado\/wp-json\/wp\/v2\/types\/page"}],"author":[{"embeddable":true,"href":"https:\/\/psicologia.udd.cl\/doctorado\/wp-json\/wp\/v2\/users\/9192205"}],"replies":[{"embeddable":true,"href":"https:\/\/psicologia.udd.cl\/doctorado\/wp-json\/wp\/v2\/comments?post=25"}],"version-history":[{"count":6,"href":"https:\/\/psicologia.udd.cl\/doctorado\/wp-json\/wp\/v2\/pages\/25\/revisions"}],"predecessor-version":[{"id":3257,"href":"https:\/\/psicologia.udd.cl\/doctorado\/wp-json\/wp\/v2\/pages\/25\/revisions\/3257"}],"up":[{"embeddable":true,"href":"https:\/\/psicologia.udd.cl\/doctorado\/wp-json\/wp\/v2\/pages\/1146"}],"wp:attachment":[{"href":"https:\/\/psicologia.udd.cl\/doctorado\/wp-json\/wp\/v2\/media?parent=25"}],"curies":[{"name":"wp","href":"https:\/\/api.w.org\/{rel}","templated":true}]}}