{"id":1718,"date":"2022-06-29T18:35:48","date_gmt":"2022-06-29T18:35:48","guid":{"rendered":"https:\/\/psicologia.udd.cl\/doctorado\/?page_id=1718"},"modified":"2025-06-26T11:15:36","modified_gmt":"2025-06-26T15:15:36","slug":"reglamentos","status":"publish","type":"page","link":"https:\/\/psicologia.udd.cl\/doctorado\/es\/presentacion\/reglamentos\/","title":{"rendered":"Reglamentos e informaci\u00f3n estudiantes"},"content":{"rendered":"\n<h2 class=\"wp-block-heading\">Normativas, Instructivos y Reglamentos<\/h2>\n\n\n\n<p class=\"has-normal-font-size\">El Doctorado en Ciencias del Desarrollo y Psicopatolog\u00eda se rige por los reglamentos institucionales de la Universidad del Desarrollo y de la Direcci\u00f3n de Investigaci\u00f3n y Doctorados. Asimismo, el programa cuenta con sus propias normativas, instructivos y reglamentos que entregan lineamientos tanto a acad\u00e9micos como a estudiantes,<strong> rev\u00edsalos en el siguiente <a href=\"https:\/\/airtable.com\/appDkbp1VReyDHmUA\/shrwOH5C5KRxRv36j\/tblo6icC1z3kaj1oZ\">enlace<\/a>.<\/strong><\/p>\n","protected":false},"excerpt":{"rendered":"<p>Normativas, Instructivos y Reglamentos El Doctorado en Ciencias del Desarrollo y Psicopatolog\u00eda se rige por los reglamentos institucionales de la Universidad del Desarrollo y de la Direcci\u00f3n de Investigaci\u00f3n y Doctorados. Asimismo, el programa cuenta con sus propias normativas, instructivos y reglamentos que entregan lineamientos tanto a acad\u00e9micos como a estudiantes, rev\u00edsalos en el siguiente [&hellip;]<\/p>\n","protected":false},"author":9192205,"featured_media":0,"parent":2921,"menu_order":0,"comment_status":"closed","ping_status":"closed","template":"","meta":{"footnotes":""},"class_list":["post-1718","page","type-page","status-publish","hentry"],"yoast_head":"<!-- This site is optimized with the Yoast SEO plugin v26.9 - https:\/\/yoast.com\/product\/yoast-seo-wordpress\/ -->\n<title>Reglamentos e informaci\u00f3n estudiantes - Doctorado en Ciencias del Desarrollo y Psicopatolog\u00eda<\/title>\n<meta name=\"robots\" content=\"index, follow, max-snippet:-1, max-image-preview:large, max-video-preview:-1\" \/>\n<link rel=\"canonical\" href=\"https:\/\/psicologia.udd.cl\/doctorado\/es\/presentacion\/reglamentos\/\" \/>\n<meta property=\"og:locale\" content=\"es_ES\" \/>\n<meta property=\"og:type\" content=\"article\" \/>\n<meta property=\"og:title\" content=\"Reglamentos e informaci\u00f3n estudiantes - Doctorado en Ciencias del Desarrollo y Psicopatolog\u00eda\" \/>\n<meta property=\"og:description\" content=\"Normativas, Instructivos y Reglamentos El Doctorado en Ciencias del Desarrollo y Psicopatolog\u00eda se rige por los reglamentos institucionales de la Universidad del Desarrollo y de la Direcci\u00f3n de Investigaci\u00f3n y Doctorados. Asimismo, el programa cuenta con sus propias normativas, instructivos y reglamentos que entregan lineamientos tanto a acad\u00e9micos como a estudiantes, rev\u00edsalos en el siguiente [&hellip;]\" \/>\n<meta property=\"og:url\" content=\"https:\/\/psicologia.udd.cl\/doctorado\/es\/presentacion\/reglamentos\/\" \/>\n<meta property=\"og:site_name\" content=\"Doctorado en Ciencias del Desarrollo y Psicopatolog\u00eda\" \/>\n<meta property=\"article:modified_time\" content=\"2025-06-26T15:15:36+00:00\" \/>\n<meta name=\"twitter:card\" content=\"summary_large_image\" \/>\n<meta name=\"twitter:label1\" content=\"Tiempo de lectura\" \/>\n\t<meta name=\"twitter:data1\" content=\"1 minuto\" \/>\n<script type=\"application\/ld+json\" class=\"yoast-schema-graph\">{\"@context\":\"https:\/\/schema.org\",\"@graph\":[{\"@type\":\"WebPage\",\"@id\":\"https:\/\/psicologia.udd.cl\/doctorado\/es\/presentacion\/reglamentos\/\",\"url\":\"https:\/\/psicologia.udd.cl\/doctorado\/es\/presentacion\/reglamentos\/\",\"name\":\"Reglamentos e informaci\u00f3n estudiantes - Doctorado en Ciencias del Desarrollo y Psicopatolog\u00eda\",\"isPartOf\":{\"@id\":\"https:\/\/psicologia.udd.cl\/doctorado\/#website\"},\"datePublished\":\"2022-06-29T18:35:48+00:00\",\"dateModified\":\"2025-06-26T15:15:36+00:00\",\"breadcrumb\":{\"@id\":\"https:\/\/psicologia.udd.cl\/doctorado\/es\/presentacion\/reglamentos\/#breadcrumb\"},\"inLanguage\":\"es\",\"potentialAction\":[{\"@type\":\"ReadAction\",\"target\":[\"https:\/\/psicologia.udd.cl\/doctorado\/es\/presentacion\/reglamentos\/\"]}]},{\"@type\":\"BreadcrumbList\",\"@id\":\"https:\/\/psicologia.udd.cl\/doctorado\/es\/presentacion\/reglamentos\/#breadcrumb\",\"itemListElement\":[{\"@type\":\"ListItem\",\"position\":1,\"name\":\"Presentaci\u00f3n del Programa\",\"item\":\"https:\/\/psicologia.udd.cl\/doctorado\/es\/presentacion\/\"},{\"@type\":\"ListItem\",\"position\":2,\"name\":\"Reglamentos e informaci\u00f3n estudiantes\"}]},{\"@type\":\"WebSite\",\"@id\":\"https:\/\/psicologia.udd.cl\/doctorado\/#website\",\"url\":\"https:\/\/psicologia.udd.cl\/doctorado\/\",\"name\":\"Doctorado en Ciencias del Desarrollo y Psicopatolog\u00eda\",\"description\":\"\",\"inLanguage\":\"es\"}]}<\/script>\n<!-- \/ Yoast SEO plugin. -->","yoast_head_json":{"title":"Reglamentos e informaci\u00f3n estudiantes - Doctorado en Ciencias del Desarrollo y Psicopatolog\u00eda","robots":{"index":"index","follow":"follow","max-snippet":"max-snippet:-1","max-image-preview":"max-image-preview:large","max-video-preview":"max-video-preview:-1"},"canonical":"https:\/\/psicologia.udd.cl\/doctorado\/es\/presentacion\/reglamentos\/","og_locale":"es_ES","og_type":"article","og_title":"Reglamentos e informaci\u00f3n estudiantes - Doctorado en Ciencias del Desarrollo y Psicopatolog\u00eda","og_description":"Normativas, Instructivos y Reglamentos El Doctorado en Ciencias del Desarrollo y Psicopatolog\u00eda se rige por los reglamentos institucionales de la Universidad del Desarrollo y de la Direcci\u00f3n de Investigaci\u00f3n y Doctorados. Asimismo, el programa cuenta con sus propias normativas, instructivos y reglamentos que entregan lineamientos tanto a acad\u00e9micos como a estudiantes, rev\u00edsalos en el siguiente [&hellip;]","og_url":"https:\/\/psicologia.udd.cl\/doctorado\/es\/presentacion\/reglamentos\/","og_site_name":"Doctorado en Ciencias del Desarrollo y Psicopatolog\u00eda","article_modified_time":"2025-06-26T15:15:36+00:00","twitter_card":"summary_large_image","twitter_misc":{"Tiempo de lectura":"1 minuto"},"schema":{"@context":"https:\/\/schema.org","@graph":[{"@type":"WebPage","@id":"https:\/\/psicologia.udd.cl\/doctorado\/es\/presentacion\/reglamentos\/","url":"https:\/\/psicologia.udd.cl\/doctorado\/es\/presentacion\/reglamentos\/","name":"Reglamentos e informaci\u00f3n estudiantes - Doctorado en Ciencias del Desarrollo y Psicopatolog\u00eda","isPartOf":{"@id":"https:\/\/psicologia.udd.cl\/doctorado\/#website"},"datePublished":"2022-06-29T18:35:48+00:00","dateModified":"2025-06-26T15:15:36+00:00","breadcrumb":{"@id":"https:\/\/psicologia.udd.cl\/doctorado\/es\/presentacion\/reglamentos\/#breadcrumb"},"inLanguage":"es","potentialAction":[{"@type":"ReadAction","target":["https:\/\/psicologia.udd.cl\/doctorado\/es\/presentacion\/reglamentos\/"]}]},{"@type":"BreadcrumbList","@id":"https:\/\/psicologia.udd.cl\/doctorado\/es\/presentacion\/reglamentos\/#breadcrumb","itemListElement":[{"@type":"ListItem","position":1,"name":"Presentaci\u00f3n del Programa","item":"https:\/\/psicologia.udd.cl\/doctorado\/es\/presentacion\/"},{"@type":"ListItem","position":2,"name":"Reglamentos e informaci\u00f3n estudiantes"}]},{"@type":"WebSite","@id":"https:\/\/psicologia.udd.cl\/doctorado\/#website","url":"https:\/\/psicologia.udd.cl\/doctorado\/","name":"Doctorado en Ciencias del Desarrollo y Psicopatolog\u00eda","description":"","inLanguage":"es"}]}},"_links":{"self":[{"href":"https:\/\/psicologia.udd.cl\/doctorado\/wp-json\/wp\/v2\/pages\/1718","targetHints":{"allow":["GET"]}}],"collection":[{"href":"https:\/\/psicologia.udd.cl\/doctorado\/wp-json\/wp\/v2\/pages"}],"about":[{"href":"https:\/\/psicologia.udd.cl\/doctorado\/wp-json\/wp\/v2\/types\/page"}],"author":[{"embeddable":true,"href":"https:\/\/psicologia.udd.cl\/doctorado\/wp-json\/wp\/v2\/users\/9192205"}],"replies":[{"embeddable":true,"href":"https:\/\/psicologia.udd.cl\/doctorado\/wp-json\/wp\/v2\/comments?post=1718"}],"version-history":[{"count":2,"href":"https:\/\/psicologia.udd.cl\/doctorado\/wp-json\/wp\/v2\/pages\/1718\/revisions"}],"predecessor-version":[{"id":3035,"href":"https:\/\/psicologia.udd.cl\/doctorado\/wp-json\/wp\/v2\/pages\/1718\/revisions\/3035"}],"up":[{"embeddable":true,"href":"https:\/\/psicologia.udd.cl\/doctorado\/wp-json\/wp\/v2\/pages\/2921"}],"wp:attachment":[{"href":"https:\/\/psicologia.udd.cl\/doctorado\/wp-json\/wp\/v2\/media?parent=1718"}],"curies":[{"name":"wp","href":"https:\/\/api.w.org\/{rel}","templated":true}]}}