{"id":1716,"date":"2022-06-29T18:35:28","date_gmt":"2022-06-29T18:35:28","guid":{"rendered":"https:\/\/psicologia.udd.cl\/doctorado\/?page_id=1716"},"modified":"2025-06-26T11:12:45","modified_gmt":"2025-06-26T15:12:45","slug":"convenios-de-colaboracion","status":"publish","type":"page","link":"https:\/\/psicologia.udd.cl\/doctorado\/es\/presentacion\/convenios-de-colaboracion\/","title":{"rendered":"Convenios de colaboraci\u00f3n"},"content":{"rendered":"\n<h2 class=\"wp-block-heading\">V\u00ednculos nacionales<\/h2>\n\n\n\n<p>El&nbsp;<a href=\"https:\/\/psicologia.udd.cl\/ibem\">IBEM<\/a>&nbsp;es parte del&nbsp;<a href=\"http:\/\/midap.org\/\" target=\"_blank\" rel=\"noopener\">Instituto Milenio para la Investigaci\u00f3n en&nbsp;Depresi\u00f3n y Personalidad&nbsp;(MIDAP)<\/a>, instancia en la cual un selecto grupo de investigadores es parte de una iniciativa amplia y de largo plazo para el estudio de la depresi\u00f3n y personalidad en m\u00faltiples dimensiones.<\/p>\n\n\n\n<h2 class=\"wp-block-heading\">V\u00ednculos internacionales<\/h2>\n\n\n\n<p>El&nbsp;<strong>Doctorado en Ciencias del Desarrollo y Psicopatolog\u00eda<\/strong>&nbsp;promueve la inserci\u00f3n de sus estudiantes al contexto cient\u00edfico global, a trav\u00e9s de seminarios internacionales, estad\u00edas de corta y larga duraci\u00f3n en laboratorios extranjeros de prestigio, adem\u00e1s de la posibilidad de inscribir el trabajo de tesis en co-tutela con uno de los investigadores internacionales asociados al claustro acad\u00e9mico. Nuestro v\u00ednculos internacionales incluyen:<\/p>\n\n\n\n<ul class=\"wp-block-list\">\n<li><b>J\u00e9r\u00f4me Sackur<\/b>, Ph.D. in Philosophy, Universidad de Sorbonne, Paris I, Francia.\u00a0Profesor Titular de Psicolog\u00eda en el Department of Cognitive Studies, \u00c9cole Normale Sup\u00e9rieure, Paris. Actualmente es director (s) del Laboratoire de Sciences Cognitives et Psycholinguistique (LSCP).<\/li>\n\n\n\n<li><b>Natasha J. Cabrera<\/b>\u00a0Ph.D.\u00a0<span lang=\"EN-US\">Educational Psychology, University of Denver, Colorado.\u00a0<\/span>Profesora Titular en Departament of Human Development and Quantitative Methodology, University of Maryland, College Park. Dirige el Family Involvement Lab.<\/li>\n\n\n\n<li><b><span lang=\"EN-US\">Paul Hastings,\u00a0<\/span><\/b><span lang=\"EN-US\">Ph.D. in Applied Developmental Psychology, University of Toronto.\u00a0<\/span>Profesor Titular de Psicolog\u00eda en la Universidad de California, Davis.<span lang=\"EN-US\">Miembro del Center for Mind &amp; Brain y Center for Poverty Research.<\/span><\/li>\n\n\n\n<li><b><span lang=\"EN-US\">Sophie Havighurst,\u00a0<\/span><\/b><span lang=\"EN-US\">Ph.D. in Psychology, University of Melbourne. Profesora Asociada de la Universidad de Melbourne. Investigadora Principal Programa de Habilidades Parentales \u201cTuning in to kids\u201d.<\/span><\/li>\n\n\n\n<li><b><span lang=\"EN-US\">Anne Bliss,\u00a0<\/span><\/b><span lang=\"EN-US\">Ph.D.<b>\u00a0<\/b>in Multicultural Education, Educational Assessment, University of Colorado at Boulder.\u00a0<\/span>Senior Instructor Emerita. Especialista en la ense\u00f1anza de redacci\u00f3n de proyectos y publicaciones de investigaci\u00f3n.<\/li>\n<\/ul>\n","protected":false},"excerpt":{"rendered":"<p>V\u00ednculos nacionales El&nbsp;IBEM&nbsp;es parte del&nbsp;Instituto Milenio para la Investigaci\u00f3n en&nbsp;Depresi\u00f3n y Personalidad&nbsp;(MIDAP), instancia en la cual un selecto grupo de investigadores es parte de una iniciativa amplia y de largo plazo para el estudio de la depresi\u00f3n y personalidad en m\u00faltiples dimensiones. V\u00ednculos internacionales El&nbsp;Doctorado en Ciencias del Desarrollo y Psicopatolog\u00eda&nbsp;promueve la inserci\u00f3n de sus [&hellip;]<\/p>\n","protected":false},"author":9192205,"featured_media":0,"parent":2921,"menu_order":0,"comment_status":"closed","ping_status":"closed","template":"","meta":{"footnotes":""},"class_list":["post-1716","page","type-page","status-publish","hentry"],"yoast_head":"<!-- This site is optimized with the Yoast SEO plugin v26.9 - https:\/\/yoast.com\/product\/yoast-seo-wordpress\/ -->\n<title>Convenios de colaboraci\u00f3n - Doctorado en Ciencias del Desarrollo y Psicopatolog\u00eda<\/title>\n<meta name=\"description\" content=\"Convenios de colaboraci\u00f3n nacionales e internacionales son parte de los v\u00ednculos del Doctorado en Cs. del Desarrollo y Psicopatolog\u00eda (DCDP).\" \/>\n<meta name=\"robots\" content=\"index, follow, max-snippet:-1, max-image-preview:large, max-video-preview:-1\" \/>\n<link rel=\"canonical\" href=\"https:\/\/psicologia.udd.cl\/doctorado\/es\/presentacion\/convenios-de-colaboracion\/\" \/>\n<meta property=\"og:locale\" content=\"es_ES\" \/>\n<meta property=\"og:type\" content=\"article\" \/>\n<meta property=\"og:title\" content=\"Convenios de colaboraci\u00f3n - Doctorado en Ciencias del Desarrollo y Psicopatolog\u00eda\" \/>\n<meta property=\"og:description\" content=\"Convenios de colaboraci\u00f3n nacionales e internacionales son parte de los v\u00ednculos del Doctorado en Cs. del Desarrollo y Psicopatolog\u00eda (DCDP).\" \/>\n<meta property=\"og:url\" content=\"https:\/\/psicologia.udd.cl\/doctorado\/es\/presentacion\/convenios-de-colaboracion\/\" \/>\n<meta property=\"og:site_name\" content=\"Doctorado en Ciencias del Desarrollo y Psicopatolog\u00eda\" \/>\n<meta property=\"article:modified_time\" content=\"2025-06-26T15:12:45+00:00\" \/>\n<meta name=\"twitter:card\" content=\"summary_large_image\" \/>\n<meta name=\"twitter:label1\" content=\"Tiempo de lectura\" \/>\n\t<meta name=\"twitter:data1\" content=\"2 minutos\" \/>\n<script type=\"application\/ld+json\" class=\"yoast-schema-graph\">{\"@context\":\"https:\/\/schema.org\",\"@graph\":[{\"@type\":\"WebPage\",\"@id\":\"https:\/\/psicologia.udd.cl\/doctorado\/es\/presentacion\/convenios-de-colaboracion\/\",\"url\":\"https:\/\/psicologia.udd.cl\/doctorado\/es\/presentacion\/convenios-de-colaboracion\/\",\"name\":\"Convenios de colaboraci\u00f3n - Doctorado en Ciencias del Desarrollo y Psicopatolog\u00eda\",\"isPartOf\":{\"@id\":\"https:\/\/psicologia.udd.cl\/doctorado\/#website\"},\"datePublished\":\"2022-06-29T18:35:28+00:00\",\"dateModified\":\"2025-06-26T15:12:45+00:00\",\"description\":\"Convenios de colaboraci\u00f3n nacionales e internacionales son parte de los v\u00ednculos del Doctorado en Cs. del Desarrollo y Psicopatolog\u00eda (DCDP).\",\"breadcrumb\":{\"@id\":\"https:\/\/psicologia.udd.cl\/doctorado\/es\/presentacion\/convenios-de-colaboracion\/#breadcrumb\"},\"inLanguage\":\"es\",\"potentialAction\":[{\"@type\":\"ReadAction\",\"target\":[\"https:\/\/psicologia.udd.cl\/doctorado\/es\/presentacion\/convenios-de-colaboracion\/\"]}]},{\"@type\":\"BreadcrumbList\",\"@id\":\"https:\/\/psicologia.udd.cl\/doctorado\/es\/presentacion\/convenios-de-colaboracion\/#breadcrumb\",\"itemListElement\":[{\"@type\":\"ListItem\",\"position\":1,\"name\":\"Presentaci\u00f3n del Programa\",\"item\":\"https:\/\/psicologia.udd.cl\/doctorado\/es\/presentacion\/\"},{\"@type\":\"ListItem\",\"position\":2,\"name\":\"Convenios de colaboraci\u00f3n\"}]},{\"@type\":\"WebSite\",\"@id\":\"https:\/\/psicologia.udd.cl\/doctorado\/#website\",\"url\":\"https:\/\/psicologia.udd.cl\/doctorado\/\",\"name\":\"Doctorado en Ciencias del Desarrollo y Psicopatolog\u00eda\",\"description\":\"\",\"inLanguage\":\"es\"}]}<\/script>\n<!-- \/ Yoast SEO plugin. -->","yoast_head_json":{"title":"Convenios de colaboraci\u00f3n - Doctorado en Ciencias del Desarrollo y Psicopatolog\u00eda","description":"Convenios de colaboraci\u00f3n nacionales e internacionales son parte de los v\u00ednculos del Doctorado en Cs. del Desarrollo y Psicopatolog\u00eda (DCDP).","robots":{"index":"index","follow":"follow","max-snippet":"max-snippet:-1","max-image-preview":"max-image-preview:large","max-video-preview":"max-video-preview:-1"},"canonical":"https:\/\/psicologia.udd.cl\/doctorado\/es\/presentacion\/convenios-de-colaboracion\/","og_locale":"es_ES","og_type":"article","og_title":"Convenios de colaboraci\u00f3n - Doctorado en Ciencias del Desarrollo y Psicopatolog\u00eda","og_description":"Convenios de colaboraci\u00f3n nacionales e internacionales son parte de los v\u00ednculos del Doctorado en Cs. del Desarrollo y Psicopatolog\u00eda (DCDP).","og_url":"https:\/\/psicologia.udd.cl\/doctorado\/es\/presentacion\/convenios-de-colaboracion\/","og_site_name":"Doctorado en Ciencias del Desarrollo y Psicopatolog\u00eda","article_modified_time":"2025-06-26T15:12:45+00:00","twitter_card":"summary_large_image","twitter_misc":{"Tiempo de lectura":"2 minutos"},"schema":{"@context":"https:\/\/schema.org","@graph":[{"@type":"WebPage","@id":"https:\/\/psicologia.udd.cl\/doctorado\/es\/presentacion\/convenios-de-colaboracion\/","url":"https:\/\/psicologia.udd.cl\/doctorado\/es\/presentacion\/convenios-de-colaboracion\/","name":"Convenios de colaboraci\u00f3n - Doctorado en Ciencias del Desarrollo y Psicopatolog\u00eda","isPartOf":{"@id":"https:\/\/psicologia.udd.cl\/doctorado\/#website"},"datePublished":"2022-06-29T18:35:28+00:00","dateModified":"2025-06-26T15:12:45+00:00","description":"Convenios de colaboraci\u00f3n nacionales e internacionales son parte de los v\u00ednculos del Doctorado en Cs. del Desarrollo y Psicopatolog\u00eda (DCDP).","breadcrumb":{"@id":"https:\/\/psicologia.udd.cl\/doctorado\/es\/presentacion\/convenios-de-colaboracion\/#breadcrumb"},"inLanguage":"es","potentialAction":[{"@type":"ReadAction","target":["https:\/\/psicologia.udd.cl\/doctorado\/es\/presentacion\/convenios-de-colaboracion\/"]}]},{"@type":"BreadcrumbList","@id":"https:\/\/psicologia.udd.cl\/doctorado\/es\/presentacion\/convenios-de-colaboracion\/#breadcrumb","itemListElement":[{"@type":"ListItem","position":1,"name":"Presentaci\u00f3n del Programa","item":"https:\/\/psicologia.udd.cl\/doctorado\/es\/presentacion\/"},{"@type":"ListItem","position":2,"name":"Convenios de colaboraci\u00f3n"}]},{"@type":"WebSite","@id":"https:\/\/psicologia.udd.cl\/doctorado\/#website","url":"https:\/\/psicologia.udd.cl\/doctorado\/","name":"Doctorado en Ciencias del Desarrollo y Psicopatolog\u00eda","description":"","inLanguage":"es"}]}},"_links":{"self":[{"href":"https:\/\/psicologia.udd.cl\/doctorado\/wp-json\/wp\/v2\/pages\/1716","targetHints":{"allow":["GET"]}}],"collection":[{"href":"https:\/\/psicologia.udd.cl\/doctorado\/wp-json\/wp\/v2\/pages"}],"about":[{"href":"https:\/\/psicologia.udd.cl\/doctorado\/wp-json\/wp\/v2\/types\/page"}],"author":[{"embeddable":true,"href":"https:\/\/psicologia.udd.cl\/doctorado\/wp-json\/wp\/v2\/users\/9192205"}],"replies":[{"embeddable":true,"href":"https:\/\/psicologia.udd.cl\/doctorado\/wp-json\/wp\/v2\/comments?post=1716"}],"version-history":[{"count":1,"href":"https:\/\/psicologia.udd.cl\/doctorado\/wp-json\/wp\/v2\/pages\/1716\/revisions"}],"predecessor-version":[{"id":3031,"href":"https:\/\/psicologia.udd.cl\/doctorado\/wp-json\/wp\/v2\/pages\/1716\/revisions\/3031"}],"up":[{"embeddable":true,"href":"https:\/\/psicologia.udd.cl\/doctorado\/wp-json\/wp\/v2\/pages\/2921"}],"wp:attachment":[{"href":"https:\/\/psicologia.udd.cl\/doctorado\/wp-json\/wp\/v2\/media?parent=1716"}],"curies":[{"name":"wp","href":"https:\/\/api.w.org\/{rel}","templated":true}]}}