{"id":1713,"date":"2022-06-29T18:33:32","date_gmt":"2022-06-29T18:33:32","guid":{"rendered":"https:\/\/psicologia.udd.cl\/doctorado\/?page_id=1713"},"modified":"2025-06-26T11:11:19","modified_gmt":"2025-06-26T15:11:19","slug":"objetivos","status":"publish","type":"page","link":"https:\/\/psicologia.udd.cl\/doctorado\/es\/presentacion\/objetivos\/","title":{"rendered":"Objetivos del programa"},"content":{"rendered":"\n<h2 class=\"wp-block-heading\">Objetivo general<\/h2>\n\n\n\n<p>Formar doctores con s\u00f3lidas bases en investigaci\u00f3n en las diversas trayectorias adaptativas y desadaptativas de la mente interpersonal.<\/p>\n\n\n\n<h2 class=\"wp-block-heading\">Objetivos espec\u00edficos<\/h2>\n\n\n\n<ul class=\"wp-block-list\">\n<li>Formar doctores con s\u00f3lidas bases te\u00f3ricas en ciencias del desarrollo, espec\u00edficamente en temas de desarrollo humano y la psicopatolog\u00eda capaces de generar, conducir y promover l\u00edneas de investigaci\u00f3n.<\/li>\n\n\n\n<li>Formar investigadores con conocimientos avanzados en metodolog\u00edas de investigaci\u00f3n tanto a nivel de dise\u00f1o, procedimiento y t\u00e9cnicas.<\/li>\n\n\n\n<li>Formar doctores con capacidad competitiva en la producci\u00f3n y difusi\u00f3n cient\u00edfica, desde la formulaci\u00f3n de proyectos hasta la publicaci\u00f3n de productos cient\u00edficos.<\/li>\n\n\n\n<li>Formar acad\u00e9micos capaces de desarrollar actividades docentes a trav\u00e9s de m\u00e9todos actualizados de ense\u00f1anza universitaria.<\/li>\n\n\n\n<li>Generar investigadores capaces de contribuir con evidencia cient\u00edfica en \u00e1mbitos pr\u00e1cticos y de intervenci\u00f3n en los sectores p\u00fablicos y privados.<\/li>\n<\/ul>\n","protected":false},"excerpt":{"rendered":"<p>Objetivo general Formar doctores con s\u00f3lidas bases en investigaci\u00f3n en las diversas trayectorias adaptativas y desadaptativas de la mente interpersonal. Objetivos espec\u00edficos<\/p>\n","protected":false},"author":9192205,"featured_media":0,"parent":2921,"menu_order":2,"comment_status":"closed","ping_status":"closed","template":"","meta":{"footnotes":""},"class_list":["post-1713","page","type-page","status-publish","hentry"],"yoast_head":"<!-- This site is optimized with the Yoast SEO plugin v26.9 - https:\/\/yoast.com\/product\/yoast-seo-wordpress\/ -->\n<title>Objetivos del programa - Doctorado en Ciencias del Desarrollo y Psicopatolog\u00eda<\/title>\n<meta name=\"description\" content=\"El objetivo del DCDP es formar doctores con s\u00f3lidas bases en investigaci\u00f3n en las diversas trayectorias adaptativas y desadaptativas de la mente interpersonal.\" \/>\n<meta name=\"robots\" content=\"index, follow, max-snippet:-1, max-image-preview:large, max-video-preview:-1\" \/>\n<link rel=\"canonical\" href=\"https:\/\/psicologia.udd.cl\/doctorado\/es\/presentacion\/objetivos\/\" \/>\n<meta property=\"og:locale\" content=\"es_ES\" \/>\n<meta property=\"og:type\" content=\"article\" \/>\n<meta property=\"og:title\" content=\"Objetivos del programa - Doctorado en Ciencias del Desarrollo y Psicopatolog\u00eda\" \/>\n<meta property=\"og:description\" content=\"El objetivo del DCDP es formar doctores con s\u00f3lidas bases en investigaci\u00f3n en las diversas trayectorias adaptativas y desadaptativas de la mente interpersonal.\" \/>\n<meta property=\"og:url\" content=\"https:\/\/psicologia.udd.cl\/doctorado\/es\/presentacion\/objetivos\/\" \/>\n<meta property=\"og:site_name\" content=\"Doctorado en Ciencias del Desarrollo y Psicopatolog\u00eda\" \/>\n<meta property=\"article:modified_time\" content=\"2025-06-26T15:11:19+00:00\" \/>\n<meta name=\"twitter:card\" content=\"summary_large_image\" \/>\n<meta name=\"twitter:label1\" content=\"Tiempo de lectura\" \/>\n\t<meta name=\"twitter:data1\" content=\"1 minuto\" \/>\n<script type=\"application\/ld+json\" class=\"yoast-schema-graph\">{\"@context\":\"https:\/\/schema.org\",\"@graph\":[{\"@type\":\"WebPage\",\"@id\":\"https:\/\/psicologia.udd.cl\/doctorado\/es\/presentacion\/objetivos\/\",\"url\":\"https:\/\/psicologia.udd.cl\/doctorado\/es\/presentacion\/objetivos\/\",\"name\":\"Objetivos del programa - Doctorado en Ciencias del Desarrollo y Psicopatolog\u00eda\",\"isPartOf\":{\"@id\":\"https:\/\/psicologia.udd.cl\/doctorado\/#website\"},\"datePublished\":\"2022-06-29T18:33:32+00:00\",\"dateModified\":\"2025-06-26T15:11:19+00:00\",\"description\":\"El objetivo del DCDP es formar doctores con s\u00f3lidas bases en investigaci\u00f3n en las diversas trayectorias adaptativas y desadaptativas de la mente interpersonal.\",\"breadcrumb\":{\"@id\":\"https:\/\/psicologia.udd.cl\/doctorado\/es\/presentacion\/objetivos\/#breadcrumb\"},\"inLanguage\":\"es\",\"potentialAction\":[{\"@type\":\"ReadAction\",\"target\":[\"https:\/\/psicologia.udd.cl\/doctorado\/es\/presentacion\/objetivos\/\"]}]},{\"@type\":\"BreadcrumbList\",\"@id\":\"https:\/\/psicologia.udd.cl\/doctorado\/es\/presentacion\/objetivos\/#breadcrumb\",\"itemListElement\":[{\"@type\":\"ListItem\",\"position\":1,\"name\":\"Presentaci\u00f3n del Programa\",\"item\":\"https:\/\/psicologia.udd.cl\/doctorado\/es\/presentacion\/\"},{\"@type\":\"ListItem\",\"position\":2,\"name\":\"Objetivos del programa\"}]},{\"@type\":\"WebSite\",\"@id\":\"https:\/\/psicologia.udd.cl\/doctorado\/#website\",\"url\":\"https:\/\/psicologia.udd.cl\/doctorado\/\",\"name\":\"Doctorado en Ciencias del Desarrollo y Psicopatolog\u00eda\",\"description\":\"\",\"inLanguage\":\"es\"}]}<\/script>\n<!-- \/ Yoast SEO plugin. -->","yoast_head_json":{"title":"Objetivos del programa - Doctorado en Ciencias del Desarrollo y Psicopatolog\u00eda","description":"El objetivo del DCDP es formar doctores con s\u00f3lidas bases en investigaci\u00f3n en las diversas trayectorias adaptativas y desadaptativas de la mente interpersonal.","robots":{"index":"index","follow":"follow","max-snippet":"max-snippet:-1","max-image-preview":"max-image-preview:large","max-video-preview":"max-video-preview:-1"},"canonical":"https:\/\/psicologia.udd.cl\/doctorado\/es\/presentacion\/objetivos\/","og_locale":"es_ES","og_type":"article","og_title":"Objetivos del programa - Doctorado en Ciencias del Desarrollo y Psicopatolog\u00eda","og_description":"El objetivo del DCDP es formar doctores con s\u00f3lidas bases en investigaci\u00f3n en las diversas trayectorias adaptativas y desadaptativas de la mente interpersonal.","og_url":"https:\/\/psicologia.udd.cl\/doctorado\/es\/presentacion\/objetivos\/","og_site_name":"Doctorado en Ciencias del Desarrollo y Psicopatolog\u00eda","article_modified_time":"2025-06-26T15:11:19+00:00","twitter_card":"summary_large_image","twitter_misc":{"Tiempo de lectura":"1 minuto"},"schema":{"@context":"https:\/\/schema.org","@graph":[{"@type":"WebPage","@id":"https:\/\/psicologia.udd.cl\/doctorado\/es\/presentacion\/objetivos\/","url":"https:\/\/psicologia.udd.cl\/doctorado\/es\/presentacion\/objetivos\/","name":"Objetivos del programa - Doctorado en Ciencias del Desarrollo y Psicopatolog\u00eda","isPartOf":{"@id":"https:\/\/psicologia.udd.cl\/doctorado\/#website"},"datePublished":"2022-06-29T18:33:32+00:00","dateModified":"2025-06-26T15:11:19+00:00","description":"El objetivo del DCDP es formar doctores con s\u00f3lidas bases en investigaci\u00f3n en las diversas trayectorias adaptativas y desadaptativas de la mente interpersonal.","breadcrumb":{"@id":"https:\/\/psicologia.udd.cl\/doctorado\/es\/presentacion\/objetivos\/#breadcrumb"},"inLanguage":"es","potentialAction":[{"@type":"ReadAction","target":["https:\/\/psicologia.udd.cl\/doctorado\/es\/presentacion\/objetivos\/"]}]},{"@type":"BreadcrumbList","@id":"https:\/\/psicologia.udd.cl\/doctorado\/es\/presentacion\/objetivos\/#breadcrumb","itemListElement":[{"@type":"ListItem","position":1,"name":"Presentaci\u00f3n del Programa","item":"https:\/\/psicologia.udd.cl\/doctorado\/es\/presentacion\/"},{"@type":"ListItem","position":2,"name":"Objetivos del programa"}]},{"@type":"WebSite","@id":"https:\/\/psicologia.udd.cl\/doctorado\/#website","url":"https:\/\/psicologia.udd.cl\/doctorado\/","name":"Doctorado en Ciencias del Desarrollo y Psicopatolog\u00eda","description":"","inLanguage":"es"}]}},"_links":{"self":[{"href":"https:\/\/psicologia.udd.cl\/doctorado\/wp-json\/wp\/v2\/pages\/1713","targetHints":{"allow":["GET"]}}],"collection":[{"href":"https:\/\/psicologia.udd.cl\/doctorado\/wp-json\/wp\/v2\/pages"}],"about":[{"href":"https:\/\/psicologia.udd.cl\/doctorado\/wp-json\/wp\/v2\/types\/page"}],"author":[{"embeddable":true,"href":"https:\/\/psicologia.udd.cl\/doctorado\/wp-json\/wp\/v2\/users\/9192205"}],"replies":[{"embeddable":true,"href":"https:\/\/psicologia.udd.cl\/doctorado\/wp-json\/wp\/v2\/comments?post=1713"}],"version-history":[{"count":2,"href":"https:\/\/psicologia.udd.cl\/doctorado\/wp-json\/wp\/v2\/pages\/1713\/revisions"}],"predecessor-version":[{"id":3029,"href":"https:\/\/psicologia.udd.cl\/doctorado\/wp-json\/wp\/v2\/pages\/1713\/revisions\/3029"}],"up":[{"embeddable":true,"href":"https:\/\/psicologia.udd.cl\/doctorado\/wp-json\/wp\/v2\/pages\/2921"}],"wp:attachment":[{"href":"https:\/\/psicologia.udd.cl\/doctorado\/wp-json\/wp\/v2\/media?parent=1713"}],"curies":[{"name":"wp","href":"https:\/\/api.w.org\/{rel}","templated":true}]}}