{"id":1146,"date":"2019-07-30T15:37:35","date_gmt":"2019-07-30T15:37:35","guid":{"rendered":"http:\/\/psicologia.udd.cl\/doctorado\/?page_id=1146"},"modified":"2025-10-07T11:39:16","modified_gmt":"2025-10-07T14:39:16","slug":"admision","status":"publish","type":"page","link":"https:\/\/psicologia.udd.cl\/doctorado\/es\/admision\/","title":{"rendered":"Admisi\u00f3n 2026"},"content":{"rendered":"<!-- WP Block: UDD - Access Cards -->\n<section\n\tid=\"udd-access-cards-v2--1\"\n\tclass=\"wp-block-udd-access-cards\n\t\tis-style-header-color wp-block-udd-access-cards-v2\"\n\t\tstyle=\"\n\t\t--udd-blocks-has-columns-number: 3;\n\t\"\n\t>\n\t<div class=\"container\">\n\t\t\t\t\t\t\t\t\t<div class=\"block__content\">\n\t\t\t<div\n\t\t\t\tclass=\"udd-access-cards\"\n\t\t\t\t\t\t\t>\n\t\t\t<div\n\tdata-index=\"1\"\n\tclass=\"udd-access-card-wrapper\"\n\t>\n\t<a href=\"https:\/\/psicologia.udd.cl\/doctorado\/admision\/requisitos\/\" class=\"access-card access-card--profile\" data-url=\"https:\/\/psicologia.udd.cl\/doctorado\/admision\/requisitos\/\">\n\t\t\t\t\t\t<h3\n\t\t\tdata-index=\"1\"\n\t\t\tclass=\"access-card__title\"\n\t\t>\n\t\t\tRequisitos de Admisi\u00f3n \t\t<\/h3>\n\t\t\t\t<div class=\"access-card__link\">\n\t\t\t<span class=\"access-card__link-text\">Conocer m\u00e1s<\/span>\n\t\t<\/div>\n\t<\/a>\n<\/div>\n<div\n\tdata-index=\"2\"\n\tclass=\"udd-access-card-wrapper\"\n\t>\n\t<a href=\"https:\/\/psicologia.udd.cl\/doctorado\/admision\/aranceles-y-becas\/\" class=\"access-card access-card--profile\" data-url=\"https:\/\/psicologia.udd.cl\/doctorado\/admision\/aranceles-y-becas\/\">\n\t\t\t\t\t\t<h3\n\t\t\tdata-index=\"2\"\n\t\t\tclass=\"access-card__title\"\n\t\t>\n\t\t\tAranceles y Becas\t\t<\/h3>\n\t\t\t\t<div class=\"access-card__link\">\n\t\t\t<span class=\"access-card__link-text\">Conocer m\u00e1s<\/span>\n\t\t<\/div>\n\t<\/a>\n<\/div>\n<div\n\tdata-index=\"3\"\n\tclass=\"udd-access-card-wrapper\"\n\t>\n\t<a href=\"https:\/\/airtable.com\/appDkbp1VReyDHmUA\/shrXeVCGyG3EyLOt1\" class=\"access-card access-card--profile\" data-url=\"https:\/\/airtable.com\/appDkbp1VReyDHmUA\/shrXeVCGyG3EyLOt1\">\n\t\t\t\t\t\t<h3\n\t\t\tdata-index=\"3\"\n\t\t\tclass=\"access-card__title\"\n\t\t>\n\t\t\tPostula aqu\u00ed\t\t<\/h3>\n\t\t\t\t<div class=\"access-card__link\">\n\t\t\t<span class=\"access-card__link-text\">Conocer m\u00e1s<\/span>\n\t\t<\/div>\n\t<\/a>\n<\/div>\n\t\t\t<\/div>\n\t\t<\/div>\n\t<\/div>\n<\/section>\n\n\n\n<h2 class=\"wp-block-heading\">Fechas relevantes admisi\u00f3n 2026:<\/h2>\n\n\n\n<ul class=\"wp-block-list\">\n<li><b>Convocatoria:<\/b> 01 de Julio de 2025<\/li>\n\n\n\n<li><b>Recepci\u00f3n de documentos:<\/b> desde el 01 de Julio hasta el 30 de Septiembre de 2025<\/li>\n\n\n\n<li><b>Cierre de postulaciones:<\/b> 10 de Octubre de 2025<\/li>\n\n\n\n<li><b>Etapa de entrevistas:<\/b> desde el 15 de Octubre al 24 de Octubre de 2025<\/li>\n\n\n\n<li><b>Resultados postulaci\u00f3n: <\/b>31 de Octubre 2025<\/li>\n\n\n\n<li><strong>Bienvenida:&nbsp;<\/strong>16 de Enero de 2026<\/li>\n\n\n\n<li><b>Semana de inducci\u00f3n:<\/b> A partir del 02 de Marzo de 2026<\/li>\n\n\n\n<li><b>Inicio de Clases:<\/b> Marzo de 2026<\/li>\n<\/ul>\n\n\n\n<p>Recuerda que las cartas de recomendaci\u00f3n deben ser enviadas directamente por quien recomienda. Para m\u00e1s informaci\u00f3n, revisar la pesta\u00f1a \u00abrequisitos de admisi\u00f3n\u00bb.<\/p>\n","protected":false},"excerpt":{"rendered":"<p>Fechas relevantes admisi\u00f3n 2026: Recuerda que las cartas de recomendaci\u00f3n deben ser enviadas directamente por quien recomienda. Para m\u00e1s informaci\u00f3n, revisar la pesta\u00f1a \u00abrequisitos de admisi\u00f3n\u00bb.<\/p>\n","protected":false},"author":9192205,"featured_media":0,"parent":0,"menu_order":3,"comment_status":"closed","ping_status":"closed","template":"","meta":{"footnotes":""},"class_list":["post-1146","page","type-page","status-publish","hentry"],"yoast_head":"<!-- This site is optimized with the Yoast SEO plugin v26.9 - https:\/\/yoast.com\/product\/yoast-seo-wordpress\/ -->\n<title>Admisi\u00f3n 2026 - Doctorado en Ciencias del Desarrollo y Psicopatolog\u00eda<\/title>\n<meta name=\"robots\" content=\"index, follow, max-snippet:-1, max-image-preview:large, max-video-preview:-1\" \/>\n<link rel=\"canonical\" href=\"https:\/\/psicologia.udd.cl\/doctorado\/es\/admision\/\" \/>\n<meta property=\"og:locale\" content=\"es_ES\" \/>\n<meta property=\"og:type\" content=\"article\" \/>\n<meta property=\"og:title\" content=\"Admisi\u00f3n 2026 - Doctorado en Ciencias del Desarrollo y Psicopatolog\u00eda\" \/>\n<meta property=\"og:description\" content=\"Fechas relevantes admisi\u00f3n 2026: Recuerda que las cartas de recomendaci\u00f3n deben ser enviadas directamente por quien recomienda. Para m\u00e1s informaci\u00f3n, revisar la pesta\u00f1a \u00abrequisitos de admisi\u00f3n\u00bb.\" \/>\n<meta property=\"og:url\" content=\"https:\/\/psicologia.udd.cl\/doctorado\/es\/admision\/\" \/>\n<meta property=\"og:site_name\" content=\"Doctorado en Ciencias del Desarrollo y Psicopatolog\u00eda\" \/>\n<meta property=\"article:modified_time\" content=\"2025-10-07T14:39:16+00:00\" \/>\n<meta name=\"twitter:card\" content=\"summary_large_image\" \/>\n<meta name=\"twitter:label1\" content=\"Tiempo de lectura\" \/>\n\t<meta name=\"twitter:data1\" content=\"1 minuto\" \/>\n<script type=\"application\/ld+json\" class=\"yoast-schema-graph\">{\"@context\":\"https:\/\/schema.org\",\"@graph\":[{\"@type\":\"WebPage\",\"@id\":\"https:\/\/psicologia.udd.cl\/doctorado\/es\/admision\/\",\"url\":\"https:\/\/psicologia.udd.cl\/doctorado\/es\/admision\/\",\"name\":\"Admisi\u00f3n 2026 - Doctorado en Ciencias del Desarrollo y Psicopatolog\u00eda\",\"isPartOf\":{\"@id\":\"https:\/\/psicologia.udd.cl\/doctorado\/#website\"},\"datePublished\":\"2019-07-30T15:37:35+00:00\",\"dateModified\":\"2025-10-07T14:39:16+00:00\",\"inLanguage\":\"es\",\"potentialAction\":[{\"@type\":\"ReadAction\",\"target\":[\"https:\/\/psicologia.udd.cl\/doctorado\/es\/admision\/\"]}]},{\"@type\":\"WebSite\",\"@id\":\"https:\/\/psicologia.udd.cl\/doctorado\/#website\",\"url\":\"https:\/\/psicologia.udd.cl\/doctorado\/\",\"name\":\"Doctorado en Ciencias del Desarrollo y Psicopatolog\u00eda\",\"description\":\"\",\"inLanguage\":\"es\"}]}<\/script>\n<!-- \/ Yoast SEO plugin. -->","yoast_head_json":{"title":"Admisi\u00f3n 2026 - Doctorado en Ciencias del Desarrollo y Psicopatolog\u00eda","robots":{"index":"index","follow":"follow","max-snippet":"max-snippet:-1","max-image-preview":"max-image-preview:large","max-video-preview":"max-video-preview:-1"},"canonical":"https:\/\/psicologia.udd.cl\/doctorado\/es\/admision\/","og_locale":"es_ES","og_type":"article","og_title":"Admisi\u00f3n 2026 - Doctorado en Ciencias del Desarrollo y Psicopatolog\u00eda","og_description":"Fechas relevantes admisi\u00f3n 2026: Recuerda que las cartas de recomendaci\u00f3n deben ser enviadas directamente por quien recomienda. Para m\u00e1s informaci\u00f3n, revisar la pesta\u00f1a \u00abrequisitos de admisi\u00f3n\u00bb.","og_url":"https:\/\/psicologia.udd.cl\/doctorado\/es\/admision\/","og_site_name":"Doctorado en Ciencias del Desarrollo y Psicopatolog\u00eda","article_modified_time":"2025-10-07T14:39:16+00:00","twitter_card":"summary_large_image","twitter_misc":{"Tiempo de lectura":"1 minuto"},"schema":{"@context":"https:\/\/schema.org","@graph":[{"@type":"WebPage","@id":"https:\/\/psicologia.udd.cl\/doctorado\/es\/admision\/","url":"https:\/\/psicologia.udd.cl\/doctorado\/es\/admision\/","name":"Admisi\u00f3n 2026 - Doctorado en Ciencias del Desarrollo y Psicopatolog\u00eda","isPartOf":{"@id":"https:\/\/psicologia.udd.cl\/doctorado\/#website"},"datePublished":"2019-07-30T15:37:35+00:00","dateModified":"2025-10-07T14:39:16+00:00","inLanguage":"es","potentialAction":[{"@type":"ReadAction","target":["https:\/\/psicologia.udd.cl\/doctorado\/es\/admision\/"]}]},{"@type":"WebSite","@id":"https:\/\/psicologia.udd.cl\/doctorado\/#website","url":"https:\/\/psicologia.udd.cl\/doctorado\/","name":"Doctorado en Ciencias del Desarrollo y Psicopatolog\u00eda","description":"","inLanguage":"es"}]}},"_links":{"self":[{"href":"https:\/\/psicologia.udd.cl\/doctorado\/wp-json\/wp\/v2\/pages\/1146","targetHints":{"allow":["GET"]}}],"collection":[{"href":"https:\/\/psicologia.udd.cl\/doctorado\/wp-json\/wp\/v2\/pages"}],"about":[{"href":"https:\/\/psicologia.udd.cl\/doctorado\/wp-json\/wp\/v2\/types\/page"}],"author":[{"embeddable":true,"href":"https:\/\/psicologia.udd.cl\/doctorado\/wp-json\/wp\/v2\/users\/9192205"}],"replies":[{"embeddable":true,"href":"https:\/\/psicologia.udd.cl\/doctorado\/wp-json\/wp\/v2\/comments?post=1146"}],"version-history":[{"count":7,"href":"https:\/\/psicologia.udd.cl\/doctorado\/wp-json\/wp\/v2\/pages\/1146\/revisions"}],"predecessor-version":[{"id":3256,"href":"https:\/\/psicologia.udd.cl\/doctorado\/wp-json\/wp\/v2\/pages\/1146\/revisions\/3256"}],"wp:attachment":[{"href":"https:\/\/psicologia.udd.cl\/doctorado\/wp-json\/wp\/v2\/media?parent=1146"}],"curies":[{"name":"wp","href":"https:\/\/api.w.org\/{rel}","templated":true}]}}