{"id":8,"date":"2010-04-06T12:22:22","date_gmt":"2010-04-06T16:22:22","guid":{"rendered":"http:\/\/psicologia.udd.cl\/cime\/sobre-el-centro\/mision\/"},"modified":"2020-07-23T10:01:11","modified_gmt":"2020-07-23T14:01:11","slug":"quienes-somo","status":"publish","type":"page","link":"https:\/\/psicologia.udd.cl\/cime\/sobre-el-centro\/quienes-somo\/","title":{"rendered":"\u00bfQui\u00e9nes somos?"},"content":{"rendered":"\n<p>Somos un equipo de&nbsp;<strong>psic\u00f3logos educacionales<\/strong>&nbsp;interesados en&nbsp;<strong>mejorar la calidad del proceso de ense\u00f1anza- aprendizaje<\/strong>. Creemos que la educaci\u00f3n es el medio que permite fortalecer el capital cultural de nuestro pa\u00eds, desarrollando en los estudiantes competencias para la vida que permitan participar activamente en la sociedad.<\/p>\n\n\n\n<p>Para mejorar la calidad de la educaci\u00f3n&nbsp;<strong>nos focalizamos en dos niveles: el aula y la instituci\u00f3n educativa<\/strong>. En el primer nivel, el foco est\u00e1 en estudiar c\u00f3mo ocurre el aprendizaje, velando por las pr\u00e1cticas docentes que promuevan un aprendizaje significativo que permita a los estudiantes la aplicaci\u00f3n del saber. En el segundo nivel, estudiamos la instituci\u00f3n educativa a nivel macro, profundizando en su capacidad de incluir a todos sus estudiantes, con sus caracter\u00edsticas, limitaciones y talentos, promoviendo una adecuada convivencia escolar y previniendo la violencia escolar y bullying.<\/p>\n\n\n<section class=\"wp-block-udd-text-row block--content-align-right\">\n\t<div class=\"text-row\">\n\t\t<div class=\"text-row__content\">\n\t\t\t<div class=\"text-row__content-inner text\">\n\t\t\t\t\t\t\t\t<h2>Misi\u00f3n<\/h2>\n\t\t\t\t\t\t\t\t\n<p> <strong>CIME-UDD es el Centro de Investigaci\u00f3n y Mejoramiento de la Educaci\u00f3n<\/strong> de la Facultad de Psicolog\u00eda de la Universidad del Desarrollo, que busca contribuir en la calidad de la educaci\u00f3n chilena. <\/p>\n\n<p>Intentamos mejorar la calidad de la educaci\u00f3n y el logro de aprendizajes significativos en los estudiantes a trav\u00e9s de la investigaci\u00f3n en 3 \u00e1mbitos: el Desarrollo Humano, las Pr\u00e1cticas y Creencias Docentes y la Efectividad de las Intervenciones Psicoeducativas.<\/p>\n\n<p>Los modelos de intervenci\u00f3n que el CIME promueve surgen y se nutren de la investigaci\u00f3n aplicada. A trav\u00e9s de la generaci\u00f3n de este tipo de conocimiento cient\u00edfico se espera comprender los retos actuales del \u00e1rea, generar estrategias de intervenci\u00f3n y formaci\u00f3n continua que favorezcan la evoluci\u00f3n del sistema educativo chileno.<\/p>\n\t\t\t<\/div>\n\t\t<\/div>\n\t\t<div class=\"text-row__media\">\n\t\t\t<img loading=\"lazy\" decoding=\"async\" width=\"952\" height=\"534\" src=\"https:\/\/psicologia.udd.cl\/cime\/files\/2020\/06\/03C-680x382.jpg\" class=\"text-row__media-image lazyload\" alt=\"\" sizes=\"auto, (max-width: 952px) 100vw, 952px\" data-src=\"https:\/\/psicologia.udd.cl\/cime\/files\/2020\/06\/03C-952x534.jpg\" data-srcset=\"https:\/\/psicologia.udd.cl\/cime\/files\/2020\/06\/03C-952x534.jpg 952w, https:\/\/psicologia.udd.cl\/cime\/files\/2020\/06\/03C-1366x768.jpg 1366w, https:\/\/psicologia.udd.cl\/cime\/files\/2020\/06\/03C-680x382.jpg 680w\" \/>\t\t<\/div>\n\t<\/div>\n<\/section>\n\n\n<section class=\"wp-block-udd-text-row block--bg-gray\">\n\t<div class=\"text-row\">\n\t\t<div class=\"text-row__content\">\n\t\t\t<div class=\"text-row__content-inner text\">\n\t\t\t\t\t\t\t\t<h2>Objetivos<\/h2>\n\t\t\t\t\t\t\t\t\n<ol class=\"wp-block-list\"><li>Examinar la Agresi\u00f3n a lo largo de la infancia y adolescencia, determinando su relaci\u00f3n con entornos significativos.<\/li><li>Promover el desarrollo cognitivo y habilidades mentalistas en la primera infancia.<\/li><li>Desarrollar metodolog\u00edas de evaluaci\u00f3n aut\u00e9ntica y de STEM, en diferentes niveles educativos, evaluando su impacto en el proceso de ense\u00f1anza y aprendizaje.<\/li><li>Caracterizar las interacciones discursivas, en contextos educativos, y su influencia en el aprendizaje.<\/li><li>Promover la autorregulaci\u00f3n del aprendizaje en Educaci\u00f3n Superior.<\/li><li>Desarrollar modelos de inclusi\u00f3n escolar, y aprendizaje cooperativo, que permitan el trabajo con la diversidad de estudiantes al interior del aula.<\/li><li>Evaluar el impacto del entrenamiento de docentes universitarios en los procesos de ense\u00f1anza- aprendizaje.<\/li><\/ol>\n\t\t\t<\/div>\n\t\t<\/div>\n\t\t<div class=\"text-row__media\">\n\t\t\t<img loading=\"lazy\" decoding=\"async\" width=\"952\" height=\"534\" src=\"https:\/\/psicologia.udd.cl\/cime\/files\/2020\/06\/01C-1-680x382.jpg\" class=\"text-row__media-image lazyload\" alt=\"\" sizes=\"auto, (max-width: 952px) 100vw, 952px\" data-src=\"https:\/\/psicologia.udd.cl\/cime\/files\/2020\/06\/01C-1-952x534.jpg\" data-srcset=\"https:\/\/psicologia.udd.cl\/cime\/files\/2020\/06\/01C-1-952x534.jpg 952w, https:\/\/psicologia.udd.cl\/cime\/files\/2020\/06\/01C-1-1366x768.jpg 1366w, https:\/\/psicologia.udd.cl\/cime\/files\/2020\/06\/01C-1-680x382.jpg 680w\" \/>\t\t<\/div>\n\t<\/div>\n<\/section>\n\n\n<section class=\"wp-block-udd-videos-row block--bg-gray\">\n\t<div class=\"videos-row container\">\n\t\t\t\t<header class=\"block__header\">\n\t\t\t\t\t\t<h2 class=\"block__title\">\n\t\t\t\tEVALUACI\u00d3N AUT\u00c9NTICA EN ED. SUPERIOR\t\t\t<\/h2>\n\t\t\t\t\t\t\t\t<\/header>\n\t\t\t\t\t\t<div class=\"row videos-row__videos\">\n\t\t\t<article class=\"udd-video\">\n\t<a href=\"https:\/\/www.youtube.com\/watch?v=qJRRkAUuF9w\" class=\"js-udd-video-modal udd-video__link\" data-video-id=\"qJRRkAUuF9w\">\n\t\t<span class=\"udd-video__label\"><svg class=\"svg-video-dims\"><use xlink:href='https:\/\/psicologia.udd.cl\/cime\/wp-content\/themes\/facultades-2018\/assets\/img\/svg\/dist\/main.svg?version=1695853099#video'><\/use><\/svg> Ver video<\/span>\n\t\t<h3 class=\"udd-video__title\">\n\t\t\tEvaluaci\u00f3n Aut\u00e9ntica en Educaci\u00f3n Superior\t\t<\/h3>\n\t\t<span class=\"udd-video__image-container\"><img decoding=\"async\" src=\"https:\/\/i.ytimg.com\/vi\/qJRRkAUuF9w\/hqdefault.jpg\" loading=\"lazy\" alt=\"Evaluaci\u00f3n Aut\u00e9ntica en Educaci\u00f3n Superior\" class=\"udd-video__image\" alt=\"Previsualizaci\u00f3n de &#039;Evaluaci\u00f3n Aut\u00e9ntica en Educaci\u00f3n Superior&#039;\"><\/span>\t<\/a>\n<\/article>\n\t\t<\/div>\n\t\t\t<\/div>\n<\/section>\n\n\n<!-- WP Block: UDD - Banners Multiple -->\n<section class=\"wp-block-udd-banners-multiple \">\n\t<div class=\"container\">\n\t\t\t\t<div class=\"block__content js-show-in-modal\">\n\t\t\t<div id=\"udd-banners-multiple--1\"\n\t\t\t\t\t\t\t\t>\n\t\t\t\t\t\t\t\t<div class=\"banners\">\n\t\t\t\t\t\t\t\t\t<div class=\"banner-col\n\t\t\t\t\t active\t\t\t\t\t\">\n\t\t\t\t\t\t<a href=\"https:\/\/psicologia.udd.cl\/cime\/sobre-el-centro\/lineas-de-investigacion\/\" class=\"banner banner--multiple\" data-url=\"https:\/\/psicologia.udd.cl\/cime\/sobre-el-centro\/lineas-de-investigacion\/\">\n\t\t\t\t\t\t\t\t\t\t\t\t\t<img loading=\"lazy\" decoding=\"async\" width=\"610\" height=\"534\" src=\"https:\/\/psicologia.udd.cl\/cime\/files\/2019\/01\/c4111b93-883b-40a2-a89c-57670d627b9c-800x450.jpg\" class=\"banner__image lazyload\" alt=\"\" sizes=\"auto, (max-width: 610px) 100vw, 610px\" data-src=\"https:\/\/psicologia.udd.cl\/cime\/files\/2019\/01\/c4111b93-883b-40a2-a89c-57670d627b9c.jpg\" data-srcset=\"https:\/\/psicologia.udd.cl\/cime\/files\/2019\/01\/c4111b93-883b-40a2-a89c-57670d627b9c.jpg 1096w, https:\/\/psicologia.udd.cl\/cime\/files\/2019\/01\/c4111b93-883b-40a2-a89c-57670d627b9c-300x263.jpg 300w, https:\/\/psicologia.udd.cl\/cime\/files\/2019\/01\/c4111b93-883b-40a2-a89c-57670d627b9c-768x673.jpg 768w, https:\/\/psicologia.udd.cl\/cime\/files\/2019\/01\/c4111b93-883b-40a2-a89c-57670d627b9c-1024x897.jpg 1024w, https:\/\/psicologia.udd.cl\/cime\/files\/2019\/01\/c4111b93-883b-40a2-a89c-57670d627b9c-960x841.jpg 960w\" \/>\t\t\t\t\t\t\t\t\t\t\t\t\t<div class=\"banner__content\">\n\t\t\t\t\t\t\t\t<span class=\"banner__title\">L\u00edneas de investigaci\u00f3n<\/span>\n\t\t\t\t\t\t\t\t\t\t\t\t\t\t\t\t\t\t\t\t\t\t\t\t\t<span class=\"banner__action\">Conoce nuestras l\u00edneas de investigaci\u00f3n<\/span>\n\t\t\t\t\t\t\t\t\t\t\t\t\t\t\t<\/div>\n\t\t\t\t\t\t<\/a>\n\t\t\t\t\t<\/div>\n\t\t\t\t\t\t\t\t\t<div class=\"banner-col\n\t\t\t\t\t\t\t\t\t\t\">\n\t\t\t\t\t\t<a href=\"https:\/\/psicologia.udd.cl\/cime\/sobre-el-centro\/proyectos-de-investigacion\/\" class=\"banner banner--multiple\" data-url=\"https:\/\/psicologia.udd.cl\/cime\/sobre-el-centro\/proyectos-de-investigacion\/\">\n\t\t\t\t\t\t\t\t\t\t\t\t\t<img loading=\"lazy\" decoding=\"async\" width=\"300\" height=\"534\" src=\"https:\/\/psicologia.udd.cl\/cime\/files\/2017\/05\/WhatsApp-Image-2017-05-08-at-10.17.23.jpeg\" class=\"banner__image lazyload\" alt=\"\" sizes=\"auto, (max-width: 300px) 100vw, 300px\" data-src=\"https:\/\/psicologia.udd.cl\/cime\/files\/2017\/05\/WhatsApp-Image-2017-05-08-at-10.17.23.jpeg\" data-srcset=\"https:\/\/psicologia.udd.cl\/cime\/files\/2017\/05\/WhatsApp-Image-2017-05-08-at-10.17.23.jpeg 720w, https:\/\/psicologia.udd.cl\/cime\/files\/2017\/05\/WhatsApp-Image-2017-05-08-at-10.17.23-169x300.jpeg 169w, https:\/\/psicologia.udd.cl\/cime\/files\/2017\/05\/WhatsApp-Image-2017-05-08-at-10.17.23-576x1024.jpeg 576w, https:\/\/psicologia.udd.cl\/cime\/files\/2017\/05\/WhatsApp-Image-2017-05-08-at-10.17.23-540x960.jpeg 540w\" \/>\t\t\t\t\t\t\t\t\t\t\t\t\t<div class=\"banner__content\">\n\t\t\t\t\t\t\t\t<span class=\"banner__title\">Proyectos de Investigaci\u00f3n<\/span>\n\t\t\t\t\t\t\t\t\t\t\t\t\t\t\t\t\t\t\t\t\t\t\t\t\t<span class=\"banner__action\">Revisa los proyectos<\/span>\n\t\t\t\t\t\t\t\t\t\t\t\t\t\t\t<\/div>\n\t\t\t\t\t\t<\/a>\n\t\t\t\t\t<\/div>\n\t\t\t\t\t\t\t\t\t<div class=\"banner-col\n\t\t\t\t\t\t\t\t\t\t\">\n\t\t\t\t\t\t<a href=\"https:\/\/psicologia.udd.cl\/cime\/sobre-el-centro\/participacion-en-congresos\/\" class=\"banner banner--multiple\" data-url=\"https:\/\/psicologia.udd.cl\/cime\/sobre-el-centro\/participacion-en-congresos\/\">\n\t\t\t\t\t\t\t\t\t\t\t\t\t<img loading=\"lazy\" decoding=\"async\" width=\"660\" height=\"430\" src=\"https:\/\/psicologia.udd.cl\/cime\/files\/2018\/06\/IMG_1793-660x430.jpg\" class=\"banner__image lazyload\" alt=\"\" sizes=\"auto, (max-width: 660px) 100vw, 660px\" data-src=\"https:\/\/psicologia.udd.cl\/cime\/files\/2018\/06\/IMG_1793-660x430.jpg\" data-srcset=\"https:\/\/psicologia.udd.cl\/cime\/files\/2018\/06\/IMG_1793-660x430.jpg 660w, https:\/\/psicologia.udd.cl\/cime\/files\/2018\/06\/IMG_1793-660x430-300x195.jpg 300w, https:\/\/psicologia.udd.cl\/cime\/files\/2018\/06\/IMG_1793-660x430-125x80.jpg 125w\" \/>\t\t\t\t\t\t\t\t\t\t\t\t\t<div class=\"banner__content\">\n\t\t\t\t\t\t\t\t<span class=\"banner__title\">Cime en congresos<\/span>\n\t\t\t\t\t\t\t\t\t\t\t\t\t\t\t\t\t\t\t\t\t\t\t\t\t<span class=\"banner__action\">Ver nuestra participaci\u00f3n en congresos<\/span>\n\t\t\t\t\t\t\t\t\t\t\t\t\t\t\t<\/div>\n\t\t\t\t\t\t<\/a>\n\t\t\t\t\t<\/div>\n\t\t\t\t\t\t\t\t<\/div>\n\t\t\t<\/div>\n\t\t<\/div>\n\t<\/div>\n<\/section>\n","protected":false},"excerpt":{"rendered":"<p>\u00bfQu\u00e9 es el CIME-UDD?<\/p>\n","protected":false},"author":1,"featured_media":0,"parent":7,"menu_order":1,"comment_status":"open","ping_status":"open","template":"","meta":{"footnotes":""},"class_list":["post-8","page","type-page","status-publish","hentry"],"_links":{"self":[{"href":"https:\/\/psicologia.udd.cl\/cime\/wp-json\/wp\/v2\/pages\/8","targetHints":{"allow":["GET"]}}],"collection":[{"href":"https:\/\/psicologia.udd.cl\/cime\/wp-json\/wp\/v2\/pages"}],"about":[{"href":"https:\/\/psicologia.udd.cl\/cime\/wp-json\/wp\/v2\/types\/page"}],"author":[{"embeddable":true,"href":"https:\/\/psicologia.udd.cl\/cime\/wp-json\/wp\/v2\/users\/1"}],"replies":[{"embeddable":true,"href":"https:\/\/psicologia.udd.cl\/cime\/wp-json\/wp\/v2\/comments?post=8"}],"version-history":[{"count":50,"href":"https:\/\/psicologia.udd.cl\/cime\/wp-json\/wp\/v2\/pages\/8\/revisions"}],"predecessor-version":[{"id":1237,"href":"https:\/\/psicologia.udd.cl\/cime\/wp-json\/wp\/v2\/pages\/8\/revisions\/1237"}],"up":[{"embeddable":true,"href":"https:\/\/psicologia.udd.cl\/cime\/wp-json\/wp\/v2\/pages\/7"}],"wp:attachment":[{"href":"https:\/\/psicologia.udd.cl\/cime\/wp-json\/wp\/v2\/media?parent=8"}],"curies":[{"name":"wp","href":"https:\/\/api.w.org\/{rel}","templated":true}]}}