{"id":1131,"date":"2020-05-07T12:38:29","date_gmt":"2020-05-07T16:38:29","guid":{"rendered":"http:\/\/psicologia.udd.cl\/cime\/?page_id=1131"},"modified":"2022-10-25T10:17:21","modified_gmt":"2022-10-25T13:17:21","slug":"inicio","status":"publish","type":"page","link":"https:\/\/psicologia.udd.cl\/cime\/","title":{"rendered":"Inicio"},"content":{"rendered":"<!-- WP Block: UDD - Banner -->\n<section class=\"wp-block-udd-banner is-style-default  js-show-in-modal\">\n\t\n<a href=\"https:\/\/educacionsuperior.udd.cl\/\" class=\"banner banner--fullwidth\" data-url=\"https:\/\/educacionsuperior.udd.cl\/\">\n\t\t\t<img loading=\"lazy\" decoding=\"async\" width=\"1920\" height=\"1080\" src=\"https:\/\/psicologia.udd.cl\/cime\/files\/2020\/06\/01C-1-680x382.jpg\" class=\"banner__image lazyload\" alt=\"\" sizes=\"auto, (max-width: 1920px) 100vw, 1920px\" data-src=\"https:\/\/psicologia.udd.cl\/cime\/files\/2020\/06\/01C-1-1920x1080.jpg\" data-srcset=\"https:\/\/psicologia.udd.cl\/cime\/files\/2020\/06\/01C-1-1920x1080.jpg 1920w, https:\/\/psicologia.udd.cl\/cime\/files\/2020\/06\/01C-1-1366x768.jpg 1366w, https:\/\/psicologia.udd.cl\/cime\/files\/2020\/06\/01C-1-680x382.jpg 680w\" \/>\t\t<div class=\"banner__content\">\n\t\t<span class=\"banner__title\">III ENCUENTRO VIRTUAL SOBRE ENSE\u00d1ANZA, APRENDIZAJE Y EVALUACI\u00d3N EN EDUCACI\u00d3N SUPERIOR<\/span>\n\t\t<span class=\"banner__description\">Ingresa al sitio web de este tercer encuentro para conocer el programa y los expositores de esta versi\u00f3n que se realizar\u00e1 entre el 14 al 17 de noviembre de 2022.<\/span>\n\t<\/div>\n<\/a>\n<\/section>\n\n\n<!-- WP Block: UDD - Fullwidth Cards -->\n<section class=\"wp-block-udd-fullwidth-cards is-style-clear\">\n\t<div class=\"container\">\n\t\t<header class=\"block__header\">\n\t\t\t<h2 class=\"block__title\">Noticias del centro<\/h2>\n\t\t\t\t\t\t<a href=\"https:\/\/psicologia.udd.cl\/cime\/noticias\/\" class=\"block__view-more\">\n\t\t\t\tVer m\u00e1s noticias\t\t\t<\/a>\n\t\t\t\t\t<\/header>\n\t\t<div class=\"block__content\">\n\t\t\t<div class=\"fullwidth-cards\">\n\t\t\t<div class=\"fullwidth-card-wrapper is-style-clear\">\n\t<a href=\"https:\/\/psicologia.udd.cl\/cime\/noticias\/2022\/02\/directora-del-cime-es-entrevistada-sobre-evaluacion-autentica\/\" class=\"fullwidth-card fullwidth-card--linkable\">\n\t\t\t\t<img loading=\"lazy\" decoding=\"async\" width=\"265\" height=\"183\" src=\"https:\/\/psicologia.udd.cl\/cime\/files\/2022\/02\/Portadas-sitio-web-Psicolog\u00eda-2022-02-23T150839.377-62x62.png\" class=\"fullwidth-card__image wp-post-image lazyload\" alt=\"\" data-src=\"https:\/\/psicologia.udd.cl\/cime\/files\/2022\/02\/Portadas-sitio-web-Psicolog\u00eda-2022-02-23T150839.377.png\" \/>\t\t\t\t<div class=\"fullwidth-card__content\">\n\t\t\t<span class=\"fullwidth-card__date\">\n\t\t\t\t25 de febrero 2022\t\t\t<\/span>\n\t\t\t<h3 class=\"fullwidth-card__title\">Directora del CIME es entrevistada sobre evaluaci\u00f3n aut\u00e9ntica<\/h3>\n\t\t\t<span class=\"fullwidth-card__link\">\n\t\t\t\tConocer m\u00e1s\t\t\t<\/span>\n\t\t<\/div>\n\t<\/a>\n<\/div>\n<div class=\"fullwidth-card-wrapper is-style-clear\">\n\t<a href=\"https:\/\/psicologia.udd.cl\/cime\/noticias\/2022\/02\/seremi-de-ciencias-del-biobio-reconoce-el-trabajo-de-la-dra-veronica-villarroel\/\" class=\"fullwidth-card fullwidth-card--linkable\">\n\t\t\t\t<img loading=\"lazy\" decoding=\"async\" width=\"265\" height=\"183\" src=\"https:\/\/psicologia.udd.cl\/cime\/files\/2022\/02\/Portadas-sitio-web-Psicolog\u00eda-2022-02-25T095444.874-62x62.png\" class=\"fullwidth-card__image wp-post-image lazyload\" alt=\"\" data-src=\"https:\/\/psicologia.udd.cl\/cime\/files\/2022\/02\/Portadas-sitio-web-Psicolog\u00eda-2022-02-25T095444.874.png\" \/>\t\t\t\t<div class=\"fullwidth-card__content\">\n\t\t\t<span class=\"fullwidth-card__date\">\n\t\t\t\t23 de febrero 2022\t\t\t<\/span>\n\t\t\t<h3 class=\"fullwidth-card__title\">Seremi de Ciencias del Biob\u00edo reconoce el trabajo de la Dra. Ver\u00f3nica Villarroel<\/h3>\n\t\t\t<span class=\"fullwidth-card__link\">\n\t\t\t\tConocer m\u00e1s\t\t\t<\/span>\n\t\t<\/div>\n\t<\/a>\n<\/div>\n<div class=\"fullwidth-card-wrapper is-style-clear\">\n\t<a href=\"https:\/\/psicologia.udd.cl\/cime\/noticias\/2021\/05\/prensa-el-sur-estudio-del-cime-de-psicologia-udd-revela-brechas-en-acceso-y-forma-de-conexion-durante-las-clases-online\/\" class=\"fullwidth-card fullwidth-card--linkable\">\n\t\t\t\t<img loading=\"lazy\" decoding=\"async\" width=\"265\" height=\"183\" src=\"https:\/\/psicologia.udd.cl\/cime\/files\/2021\/05\/Portadas-sitio-web-Psicolog\u00eda-23-62x62.png\" class=\"fullwidth-card__image wp-post-image lazyload\" alt=\"\" data-src=\"https:\/\/psicologia.udd.cl\/cime\/files\/2021\/05\/Portadas-sitio-web-Psicolog\u00eda-23.png\" \/>\t\t\t\t<div class=\"fullwidth-card__content\">\n\t\t\t<span class=\"fullwidth-card__date\">\n\t\t\t\t6 de mayo 2021\t\t\t<\/span>\n\t\t\t<h3 class=\"fullwidth-card__title\">#Prensa El Sur \u2013 Estudio del CIME de Psicolog\u00eda UDD revela brechas en acceso y forma de conexi\u00f3n durante las clases online<\/h3>\n\t\t\t<span class=\"fullwidth-card__link\">\n\t\t\t\tConocer m\u00e1s\t\t\t<\/span>\n\t\t<\/div>\n\t<\/a>\n<\/div>\n<div class=\"fullwidth-card-wrapper is-style-clear\">\n\t<a href=\"https:\/\/psicologia.udd.cl\/cime\/noticias\/2021\/05\/prensa-radio-bio-bio-educacion-remota-en-pandemia-priorizar-empatizar-colaborar-y-respetar-la-diversidad\/\" class=\"fullwidth-card fullwidth-card--linkable\">\n\t\t\t\t<img loading=\"lazy\" decoding=\"async\" width=\"265\" height=\"183\" src=\"https:\/\/psicologia.udd.cl\/cime\/files\/2021\/05\/Portadas-sitio-web-Psicolog\u00eda-21-62x62.png\" class=\"fullwidth-card__image wp-post-image lazyload\" alt=\"\" data-src=\"https:\/\/psicologia.udd.cl\/cime\/files\/2021\/05\/Portadas-sitio-web-Psicolog\u00eda-21.png\" \/>\t\t\t\t<div class=\"fullwidth-card__content\">\n\t\t\t<span class=\"fullwidth-card__date\">\n\t\t\t\t3 de mayo 2021\t\t\t<\/span>\n\t\t\t<h3 class=\"fullwidth-card__title\">#Prensa Radio B\u00edo-B\u00edo- Educaci\u00f3n remota en pandemia: priorizar, empatizar, colaborar y respetar la diversidad<\/h3>\n\t\t\t<span class=\"fullwidth-card__link\">\n\t\t\t\tConocer m\u00e1s\t\t\t<\/span>\n\t\t<\/div>\n\t<\/a>\n<\/div>\n<div class=\"fullwidth-card-wrapper is-style-clear\">\n\t<a href=\"https:\/\/psicologia.udd.cl\/cime\/noticias\/2021\/04\/cime-psicologia-udd-abre-postulacion-para-investigador-docente-en-concepcion\/\" class=\"fullwidth-card fullwidth-card--linkable\">\n\t\t\t\t<img loading=\"lazy\" decoding=\"async\" width=\"265\" height=\"183\" src=\"https:\/\/psicologia.udd.cl\/cime\/files\/2021\/04\/Portadas-sitio-web-Psicolog\u00eda-19-62x62.png\" class=\"fullwidth-card__image wp-post-image lazyload\" alt=\"\" data-src=\"https:\/\/psicologia.udd.cl\/cime\/files\/2021\/04\/Portadas-sitio-web-Psicolog\u00eda-19.png\" \/>\t\t\t\t<div class=\"fullwidth-card__content\">\n\t\t\t<span class=\"fullwidth-card__date\">\n\t\t\t\t30 de abril 2021\t\t\t<\/span>\n\t\t\t<h3 class=\"fullwidth-card__title\">CIME Psicolog\u00eda UDD abre postulaci\u00f3n para investigador docente en Concepci\u00f3n<\/h3>\n\t\t\t<span class=\"fullwidth-card__link\">\n\t\t\t\tConocer m\u00e1s\t\t\t<\/span>\n\t\t<\/div>\n\t<\/a>\n<\/div>\n\t\t\t<\/div>\n\t\t<\/div>\n\t<\/div>\n<\/section>\n\n\n<!-- WP Block: UDD - Banner -->\n<section class=\"wp-block-udd-banner is-style-default \">\n\t\n<a href=\"http:\/\/evaluacionautentica.udd.cl\/\" class=\"banner banner--fullwidth\" data-url=\"http:\/\/evaluacionautentica.udd.cl\/\">\n\t\t\t<img loading=\"lazy\" decoding=\"async\" width=\"191\" height=\"263\" src=\"https:\/\/psicologia.udd.cl\/cime\/files\/2010\/04\/descarga.jpg\" class=\"banner__image lazyload\" alt=\"\" data-src=\"https:\/\/psicologia.udd.cl\/cime\/files\/2010\/04\/descarga.jpg\" \/>\t\t<div class=\"banner__content\">\n\t\t<span class=\"banner__title\">Evaluaci\u00f3n Aut\u00e9ntica Superior<\/span>\n\t\t<span class=\"banner__description\">La evaluaci\u00f3n Aut\u00e9ntica Superior es un proyecto de CIME para evaluar el aprendizaje. Ingresa a su web ac\u00e1.<\/span>\n\t<\/div>\n<\/a>\n<\/section>\n\n\n<!-- WP Block: UDD - People -->\n<section class=\"wp-block-udd-people \">\n\t<div class=\"container\">\n\t\t\t\t<header class=\"block__header\">\n\t\t\t\t\t\t\t<h2 class=\"block__title\">Equipo CIME<\/h2>\n\t\t\t\t\t\t\t\t<\/header>\n\t\t\t\t<div class=\"people-cards\">\n\t\t\t\t<\/div>\n\t<\/div>\n<\/section>\n","protected":false},"excerpt":{"rendered":"","protected":false},"author":1,"featured_media":0,"parent":0,"menu_order":0,"comment_status":"closed","ping_status":"closed","template":"","meta":{"footnotes":""},"class_list":["post-1131","page","type-page","status-publish","hentry"],"_links":{"self":[{"href":"https:\/\/psicologia.udd.cl\/cime\/wp-json\/wp\/v2\/pages\/1131","targetHints":{"allow":["GET"]}}],"collection":[{"href":"https:\/\/psicologia.udd.cl\/cime\/wp-json\/wp\/v2\/pages"}],"about":[{"href":"https:\/\/psicologia.udd.cl\/cime\/wp-json\/wp\/v2\/types\/page"}],"author":[{"embeddable":true,"href":"https:\/\/psicologia.udd.cl\/cime\/wp-json\/wp\/v2\/users\/1"}],"replies":[{"embeddable":true,"href":"https:\/\/psicologia.udd.cl\/cime\/wp-json\/wp\/v2\/comments?post=1131"}],"version-history":[{"count":14,"href":"https:\/\/psicologia.udd.cl\/cime\/wp-json\/wp\/v2\/pages\/1131\/revisions"}],"predecessor-version":[{"id":1340,"href":"https:\/\/psicologia.udd.cl\/cime\/wp-json\/wp\/v2\/pages\/1131\/revisions\/1340"}],"wp:attachment":[{"href":"https:\/\/psicologia.udd.cl\/cime\/wp-json\/wp\/v2\/media?parent=1131"}],"curies":[{"name":"wp","href":"https:\/\/api.w.org\/{rel}","templated":true}]}}