{"id":94,"date":"2023-04-19T19:48:54","date_gmt":"2023-04-19T19:48:54","guid":{"rendered":"https:\/\/psicologia.udd.cl\/certificacion-psicologia\/?page_id=94"},"modified":"2023-05-26T17:57:00","modified_gmt":"2023-05-26T17:57:00","slug":"formacion","status":"publish","type":"page","link":"https:\/\/psicologia.udd.cl\/certificacion-psicologia\/formacion\/","title":{"rendered":"Formaci\u00f3n"},"content":{"rendered":"<!-- WP Block: UDD - Access Cards -->\n<section\n\tid=\"udd-access-cards--1\"\n\tclass=\"wp-block-udd-access-cards\n\t\tjs-show-in-modal\"\n\t\tstyle=\"\n\t\t--udd-blocks-has-columns-number: 3\t\t\"\n\t>\n\t<div class=\"container\">\n\t\t\t\t<div class=\"block__content\">\n\t\t\t<div\n\t\t\t\tclass=\"udd-access-cards\"\n\t\t\t\t\t\t\t>\n\t\t\t<div\n\tdata-index=\"1\"\n\tclass=\"udd-access-card-wrapper udd-access-card-wrapper--has-description\"\n\t>\n\t<a href=\"https:\/\/psicologia.udd.cl\/certificacion-psicologia\/sellos-de-formacion\/\" class=\"access-card access-card--profile\" data-url=\"https:\/\/psicologia.udd.cl\/certificacion-psicologia\/sellos-de-formacion\/\">\n\t\t\t\t\t\t<h3\n\t\t\tdata-index=\"1\"\n\t\t\tclass=\"access-card__title\"\n\t\t>\n\t\t\tSellos de formaci\u00f3n\t\t<\/h3>\n\t\t\t\t<p class=\"access-card__description\">\n\t\t\tBasamos nuestro proceso formativo en cuatro pilares fundamentales para el desarrollo de la experiencia del estudiante.\t\t<\/p>\n\t\t\t\t<div class=\"access-card__link\">\n\t\t\t<span class=\"access-card__link-text\">Conocer m\u00e1s<\/span>\n\t\t<\/div>\n\t<\/a>\n<\/div>\n<div\n\tdata-index=\"2\"\n\tclass=\"udd-access-card-wrapper udd-access-card-wrapper--has-description\"\n\t>\n\t<a href=\"https:\/\/psicologia.udd.cl\/certificacion-psicologia\/formacion\/competencias-genericas\/\" class=\"access-card access-card--profile\" data-url=\"https:\/\/psicologia.udd.cl\/certificacion-psicologia\/formacion\/competencias-genericas\/\">\n\t\t\t\t\t\t<h3\n\t\t\tdata-index=\"2\"\n\t\t\tclass=\"access-card__title\"\n\t\t>\n\t\t\tCompetencias gener\u00e9ricas\t\t<\/h3>\n\t\t\t\t<p class=\"access-card__description\">\n\t\t\t\u00c9stas forman parte del Proyecto Educativo Institucional y se incorporan a la formaci\u00f3n en Psicolog\u00eda a trav\u00e9s de su distribuci\u00f3n en los diversos ramos.\t\t<\/p>\n\t\t\t\t<div class=\"access-card__link\">\n\t\t\t<span class=\"access-card__link-text\">Conocer m\u00e1s<\/span>\n\t\t<\/div>\n\t<\/a>\n<\/div>\n<div\n\tdata-index=\"3\"\n\tclass=\"udd-access-card-wrapper udd-access-card-wrapper--has-description\"\n\t>\n\t<a href=\"https:\/\/psicologia.udd.cl\/certificacion-psicologia\/competencias-especificas\/\" class=\"access-card access-card--profile\" data-url=\"https:\/\/psicologia.udd.cl\/certificacion-psicologia\/competencias-especificas\/\">\n\t\t\t\t\t\t<h3\n\t\t\tdata-index=\"3\"\n\t\t\tclass=\"access-card__title\"\n\t\t>\n\t\t\tCompetencias espec\u00edficas\t\t<\/h3>\n\t\t\t\t<p class=\"access-card__description\">\n\t\t\tSe organizan en 7 dominios considerando los conocimientos, habilidades y actitudes que las y los psic\u00f3logos despliegan en distintos contextos profesionales.\t\t<\/p>\n\t\t\t\t<div class=\"access-card__link\">\n\t\t\t<span class=\"access-card__link-text\">Conocer m\u00e1s<\/span>\n\t\t<\/div>\n\t<\/a>\n<\/div>\n\t\t\t<\/div>\n\t\t<\/div>\n\t<\/div>\n<\/section>\n\n\n\n<figure class=\"wp-block-gallery has-nested-images columns-default is-cropped wp-block-gallery-1 is-layout-flex wp-block-gallery-is-layout-flex\">\n<figure class=\"wp-block-image size-large\"><img loading=\"lazy\" decoding=\"async\" width=\"1024\" height=\"683\" data-id=\"129\" src=\"https:\/\/psicologia.udd.cl\/certificacion-psicologia\/files\/2023\/04\/img_5261-scaled-1-1024x683.jpg\" alt=\"\" class=\"wp-image-129\" srcset=\"https:\/\/psicologia.udd.cl\/certificacion-psicologia\/files\/2023\/04\/img_5261-scaled-1-1024x683.jpg 1024w, https:\/\/psicologia.udd.cl\/certificacion-psicologia\/files\/2023\/04\/img_5261-scaled-1-300x200.jpg 300w, https:\/\/psicologia.udd.cl\/certificacion-psicologia\/files\/2023\/04\/img_5261-scaled-1-768x512.jpg 768w, https:\/\/psicologia.udd.cl\/certificacion-psicologia\/files\/2023\/04\/img_5261-scaled-1-1536x1024.jpg 1536w, https:\/\/psicologia.udd.cl\/certificacion-psicologia\/files\/2023\/04\/img_5261-scaled-1-2048x1366.jpg 2048w\" sizes=\"auto, (max-width: 1024px) 100vw, 1024px\" \/><\/figure>\n\n\n\n<figure class=\"wp-block-image size-large\"><img loading=\"lazy\" decoding=\"async\" width=\"1024\" height=\"576\" data-id=\"36\" src=\"https:\/\/psicologia.udd.cl\/certificacion-psicologia\/files\/2023\/03\/img_5512-1024x576.jpeg\" alt=\"\" class=\"wp-image-36\" srcset=\"https:\/\/psicologia.udd.cl\/certificacion-psicologia\/files\/2023\/03\/img_5512-1024x576.jpeg 1024w, https:\/\/psicologia.udd.cl\/certificacion-psicologia\/files\/2023\/03\/img_5512-300x169.jpeg 300w, https:\/\/psicologia.udd.cl\/certificacion-psicologia\/files\/2023\/03\/img_5512-768x432.jpeg 768w, https:\/\/psicologia.udd.cl\/certificacion-psicologia\/files\/2023\/03\/img_5512-1536x864.jpeg 1536w, https:\/\/psicologia.udd.cl\/certificacion-psicologia\/files\/2023\/03\/img_5512-2048x1152.jpeg 2048w, https:\/\/psicologia.udd.cl\/certificacion-psicologia\/files\/2023\/03\/img_5512-1920x1080.jpeg 1920w, https:\/\/psicologia.udd.cl\/certificacion-psicologia\/files\/2023\/03\/img_5512-1366x768.jpeg 1366w, https:\/\/psicologia.udd.cl\/certificacion-psicologia\/files\/2023\/03\/img_5512-680x382.jpeg 680w\" sizes=\"auto, (max-width: 1024px) 100vw, 1024px\" \/><\/figure>\n\n\n\n<figure class=\"wp-block-image size-large\"><img decoding=\"async\" data-id=\"130\" src=\"http:\/\/certificacion-psicologia.sitios.udd.cl\/files\/2023\/04\/image00001-1024x768.jpg\" alt=\"\" class=\"wp-image-130\"\/><\/figure>\n<\/figure>\n","protected":false},"excerpt":{"rendered":"","protected":false},"author":9192205,"featured_media":0,"parent":0,"menu_order":0,"comment_status":"closed","ping_status":"closed","template":"","meta":{"footnotes":""},"class_list":["post-94","page","type-page","status-publish","hentry"],"yoast_head":"<!-- This site is optimized with the Yoast SEO plugin v26.9 - https:\/\/yoast.com\/product\/yoast-seo-wordpress\/ -->\n<title>Formaci\u00f3n - 3er Proceso de Certificaci\u00f3n | Psicolog\u00eda UDD<\/title>\n<meta name=\"robots\" content=\"index, follow, max-snippet:-1, max-image-preview:large, max-video-preview:-1\" \/>\n<link rel=\"canonical\" href=\"https:\/\/psicologia.udd.cl\/certificacion-psicologia\/formacion\/\" \/>\n<meta property=\"og:locale\" content=\"es_ES\" \/>\n<meta property=\"og:type\" content=\"article\" \/>\n<meta property=\"og:title\" content=\"Formaci\u00f3n - 3er Proceso de Certificaci\u00f3n | Psicolog\u00eda UDD\" \/>\n<meta property=\"og:url\" content=\"https:\/\/psicologia.udd.cl\/certificacion-psicologia\/formacion\/\" \/>\n<meta property=\"og:site_name\" content=\"3er Proceso de Certificaci\u00f3n | Psicolog\u00eda UDD\" \/>\n<meta property=\"article:modified_time\" content=\"2023-05-26T17:57:00+00:00\" \/>\n<meta property=\"og:image\" content=\"https:\/\/psicologia.udd.cl\/certificacion-psicologia\/files\/2023\/04\/img_5261-scaled-1-1024x683.jpg\" \/>\n<meta name=\"twitter:card\" content=\"summary_large_image\" \/>\n<meta name=\"twitter:label1\" content=\"Tiempo de lectura\" \/>\n\t<meta name=\"twitter:data1\" content=\"1 minuto\" \/>\n<script type=\"application\/ld+json\" class=\"yoast-schema-graph\">{\"@context\":\"https:\/\/schema.org\",\"@graph\":[{\"@type\":\"WebPage\",\"@id\":\"https:\/\/psicologia.udd.cl\/certificacion-psicologia\/formacion\/\",\"url\":\"https:\/\/psicologia.udd.cl\/certificacion-psicologia\/formacion\/\",\"name\":\"Formaci\u00f3n - 3er Proceso de Certificaci\u00f3n | Psicolog\u00eda UDD\",\"isPartOf\":{\"@id\":\"https:\/\/psicologia.udd.cl\/certificacion-psicologia\/#website\"},\"primaryImageOfPage\":{\"@id\":\"https:\/\/psicologia.udd.cl\/certificacion-psicologia\/formacion\/#primaryimage\"},\"image\":{\"@id\":\"https:\/\/psicologia.udd.cl\/certificacion-psicologia\/formacion\/#primaryimage\"},\"thumbnailUrl\":\"https:\/\/psicologia.udd.cl\/certificacion-psicologia\/files\/2023\/04\/img_5261-scaled-1-1024x683.jpg\",\"datePublished\":\"2023-04-19T19:48:54+00:00\",\"dateModified\":\"2023-05-26T17:57:00+00:00\",\"breadcrumb\":{\"@id\":\"https:\/\/psicologia.udd.cl\/certificacion-psicologia\/formacion\/#breadcrumb\"},\"inLanguage\":\"es\",\"potentialAction\":[{\"@type\":\"ReadAction\",\"target\":[\"https:\/\/psicologia.udd.cl\/certificacion-psicologia\/formacion\/\"]}]},{\"@type\":\"ImageObject\",\"inLanguage\":\"es\",\"@id\":\"https:\/\/psicologia.udd.cl\/certificacion-psicologia\/formacion\/#primaryimage\",\"url\":\"https:\/\/psicologia.udd.cl\/certificacion-psicologia\/files\/2023\/04\/img_5261-scaled-1.jpg\",\"contentUrl\":\"https:\/\/psicologia.udd.cl\/certificacion-psicologia\/files\/2023\/04\/img_5261-scaled-1.jpg\",\"width\":2560,\"height\":1707},{\"@type\":\"BreadcrumbList\",\"@id\":\"https:\/\/psicologia.udd.cl\/certificacion-psicologia\/formacion\/#breadcrumb\",\"itemListElement\":[{\"@type\":\"ListItem\",\"position\":1,\"name\":\"Portada\",\"item\":\"https:\/\/psicologia.udd.cl\/certificacion-psicologia\/\"},{\"@type\":\"ListItem\",\"position\":2,\"name\":\"Formaci\u00f3n\"}]},{\"@type\":\"WebSite\",\"@id\":\"https:\/\/psicologia.udd.cl\/certificacion-psicologia\/#website\",\"url\":\"https:\/\/psicologia.udd.cl\/certificacion-psicologia\/\",\"name\":\"3er Proceso de Certificaci\u00f3n | Psicolog\u00eda UDD\",\"description\":\"Facultad de Psicolog\u00eda | Universidad del Desarrollo\",\"inLanguage\":\"es\"}]}<\/script>\n<!-- \/ Yoast SEO plugin. -->","yoast_head_json":{"title":"Formaci\u00f3n - 3er Proceso de Certificaci\u00f3n | Psicolog\u00eda UDD","robots":{"index":"index","follow":"follow","max-snippet":"max-snippet:-1","max-image-preview":"max-image-preview:large","max-video-preview":"max-video-preview:-1"},"canonical":"https:\/\/psicologia.udd.cl\/certificacion-psicologia\/formacion\/","og_locale":"es_ES","og_type":"article","og_title":"Formaci\u00f3n - 3er Proceso de Certificaci\u00f3n | Psicolog\u00eda UDD","og_url":"https:\/\/psicologia.udd.cl\/certificacion-psicologia\/formacion\/","og_site_name":"3er Proceso de Certificaci\u00f3n | Psicolog\u00eda UDD","article_modified_time":"2023-05-26T17:57:00+00:00","og_image":[{"url":"https:\/\/psicologia.udd.cl\/certificacion-psicologia\/files\/2023\/04\/img_5261-scaled-1-1024x683.jpg","type":"","width":"","height":""}],"twitter_card":"summary_large_image","twitter_misc":{"Tiempo de lectura":"1 minuto"},"schema":{"@context":"https:\/\/schema.org","@graph":[{"@type":"WebPage","@id":"https:\/\/psicologia.udd.cl\/certificacion-psicologia\/formacion\/","url":"https:\/\/psicologia.udd.cl\/certificacion-psicologia\/formacion\/","name":"Formaci\u00f3n - 3er Proceso de Certificaci\u00f3n | Psicolog\u00eda UDD","isPartOf":{"@id":"https:\/\/psicologia.udd.cl\/certificacion-psicologia\/#website"},"primaryImageOfPage":{"@id":"https:\/\/psicologia.udd.cl\/certificacion-psicologia\/formacion\/#primaryimage"},"image":{"@id":"https:\/\/psicologia.udd.cl\/certificacion-psicologia\/formacion\/#primaryimage"},"thumbnailUrl":"https:\/\/psicologia.udd.cl\/certificacion-psicologia\/files\/2023\/04\/img_5261-scaled-1-1024x683.jpg","datePublished":"2023-04-19T19:48:54+00:00","dateModified":"2023-05-26T17:57:00+00:00","breadcrumb":{"@id":"https:\/\/psicologia.udd.cl\/certificacion-psicologia\/formacion\/#breadcrumb"},"inLanguage":"es","potentialAction":[{"@type":"ReadAction","target":["https:\/\/psicologia.udd.cl\/certificacion-psicologia\/formacion\/"]}]},{"@type":"ImageObject","inLanguage":"es","@id":"https:\/\/psicologia.udd.cl\/certificacion-psicologia\/formacion\/#primaryimage","url":"https:\/\/psicologia.udd.cl\/certificacion-psicologia\/files\/2023\/04\/img_5261-scaled-1.jpg","contentUrl":"https:\/\/psicologia.udd.cl\/certificacion-psicologia\/files\/2023\/04\/img_5261-scaled-1.jpg","width":2560,"height":1707},{"@type":"BreadcrumbList","@id":"https:\/\/psicologia.udd.cl\/certificacion-psicologia\/formacion\/#breadcrumb","itemListElement":[{"@type":"ListItem","position":1,"name":"Portada","item":"https:\/\/psicologia.udd.cl\/certificacion-psicologia\/"},{"@type":"ListItem","position":2,"name":"Formaci\u00f3n"}]},{"@type":"WebSite","@id":"https:\/\/psicologia.udd.cl\/certificacion-psicologia\/#website","url":"https:\/\/psicologia.udd.cl\/certificacion-psicologia\/","name":"3er Proceso de Certificaci\u00f3n | Psicolog\u00eda UDD","description":"Facultad de Psicolog\u00eda | Universidad del Desarrollo","inLanguage":"es"}]}},"_links":{"self":[{"href":"https:\/\/psicologia.udd.cl\/certificacion-psicologia\/wp-json\/wp\/v2\/pages\/94","targetHints":{"allow":["GET"]}}],"collection":[{"href":"https:\/\/psicologia.udd.cl\/certificacion-psicologia\/wp-json\/wp\/v2\/pages"}],"about":[{"href":"https:\/\/psicologia.udd.cl\/certificacion-psicologia\/wp-json\/wp\/v2\/types\/page"}],"author":[{"embeddable":true,"href":"https:\/\/psicologia.udd.cl\/certificacion-psicologia\/wp-json\/wp\/v2\/users\/9192205"}],"replies":[{"embeddable":true,"href":"https:\/\/psicologia.udd.cl\/certificacion-psicologia\/wp-json\/wp\/v2\/comments?post=94"}],"version-history":[{"count":1,"href":"https:\/\/psicologia.udd.cl\/certificacion-psicologia\/wp-json\/wp\/v2\/pages\/94\/revisions"}],"predecessor-version":[{"id":160,"href":"https:\/\/psicologia.udd.cl\/certificacion-psicologia\/wp-json\/wp\/v2\/pages\/94\/revisions\/160"}],"wp:attachment":[{"href":"https:\/\/psicologia.udd.cl\/certificacion-psicologia\/wp-json\/wp\/v2\/media?parent=94"}],"curies":[{"name":"wp","href":"https:\/\/api.w.org\/{rel}","templated":true}]}}