{"id":90,"date":"2023-04-19T19:46:15","date_gmt":"2023-04-19T19:46:15","guid":{"rendered":"https:\/\/psicologia.udd.cl\/certificacion-psicologia\/?page_id=90"},"modified":"2023-04-19T19:46:15","modified_gmt":"2023-04-19T19:46:15","slug":"competencias-especificas","status":"publish","type":"page","link":"https:\/\/psicologia.udd.cl\/certificacion-psicologia\/formacion\/competencias-especificas\/","title":{"rendered":"Competencias espec\u00edficas"},"content":{"rendered":"\n<p>Las competencias espec\u00edficas se organizan en 7 dominios considerando los conocimientos, habilidades y actitudes que las y los psic\u00f3logos despliegan en distintos contextos profesionales. <\/p>\n\n\n\n<p>Las definiciones de las competencias se organizan considerando los siguientes elementos: acci\u00f3n esperada, conocimientos y\/o saberes, situaci\u00f3n o problem\u00e1tica psicosocial, y contexto profesional.<\/p>\n\n\n<!-- WP Block: UDD - Cards Alternate -->\n<section class=\"wp-block-udd-cards\" style=\"--udd-blocks-has-columns-number: 7\">\n\t<div class=\"container\">\n\t\t\t\t\t<header class=\"header__innerblock block__header\">\n\t\t\t\n<h2>\u00bfCu\u00e1les son?<\/h2>\n\t\n\t\n\t<\/header>\n\t\t\t\t<div class=\"block__content\">\n\t\t\t<div class=\"cards cards--listed\">\n\t\t\t\t\t\t\t\t\t\t\t\t\t\t\t\t\t<div class=\"card-wrapper\">\n\t\t\t\t\t\t<div class=\"card\">\n\t\t\t\t\t\t\t<h3 class=\"card__title\">Dominio te\u00f3rico<\/h3>\n\t\t\t\t\t\t\t\t\t\t\t\t\t<\/div>\n\t\t\t\t\t<\/div>\n\t\t\t\t\t\t\t\t\t\t\t\t\t\t\t\t\t\t\t\t\t<div class=\"card-wrapper\">\n\t\t\t\t\t\t<div class=\"card\">\n\t\t\t\t\t\t\t<h3 class=\"card__title\">Integraci\u00f3n sist\u00e9mica<\/h3>\n\t\t\t\t\t\t\t\t\t\t\t\t\t<\/div>\n\t\t\t\t\t<\/div>\n\t\t\t\t\t\t\t\t\t\t\t\t\t\t\t\t\t\t\t\t\t<div class=\"card-wrapper\">\n\t\t\t\t\t\t<div class=\"card\">\n\t\t\t\t\t\t\t<h3 class=\"card__title\">Rigurosidad cient\u00edfica<\/h3>\n\t\t\t\t\t\t\t\t\t\t\t\t\t<\/div>\n\t\t\t\t\t<\/div>\n\t\t\t\t\t\t\t\t\t\t\t\t\t\t\t\t\t\t\t\t\t<div class=\"card-wrapper\">\n\t\t\t\t\t\t<div class=\"card\">\n\t\t\t\t\t\t\t<h3 class=\"card__title\">Diagn\u00f3stico<\/h3>\n\t\t\t\t\t\t\t\t\t\t\t\t\t<\/div>\n\t\t\t\t\t<\/div>\n\t\t\t\t\t\t\t\t\t\t\t\t\t\t\t\t\t\t\t\t\t<div class=\"card-wrapper\">\n\t\t\t\t\t\t<div class=\"card\">\n\t\t\t\t\t\t\t<h3 class=\"card__title\">Intervenci\u00f3n<\/h3>\n\t\t\t\t\t\t\t\t\t\t\t\t\t<\/div>\n\t\t\t\t\t<\/div>\n\t\t\t\t\t\t\t\t\t\t\t\t\t\t\t\t\t\t\t\t\t<div class=\"card-wrapper\">\n\t\t\t\t\t\t<div class=\"card\">\n\t\t\t\t\t\t\t<h3 class=\"card__title\">Evaluaci\u00f3n<\/h3>\n\t\t\t\t\t\t\t\t\t\t\t\t\t<\/div>\n\t\t\t\t\t<\/div>\n\t\t\t\t\t\t\t\t\t\t\t\t\t\t\t\t\t\t\t\t\t<div class=\"card-wrapper\">\n\t\t\t\t\t\t<div class=\"card\">\n\t\t\t\t\t\t\t<h3 class=\"card__title\">Habilidades Socioemocionales<\/h3>\n\t\t\t\t\t\t\t\t\t\t\t\t\t<\/div>\n\t\t\t\t\t<\/div>\n\t\t\t\t\t\t\t\t\t\t<\/div>\n\t\t<\/div>\n\t<\/div>\n<\/section>\n\n\n\n<h2 class=\"wp-block-heading\"><strong>Revisemos cada una de ellas:<\/strong><\/h2>\n\n\n\n<p><\/p>\n\n\n<section class=\"wp-block-udd-featured-link\">\n\t<div class=\"container\">\n\t\t<div class=\"featured-link\">\n\t\t\t\t\t\t<div class=\"featured-link__media\">\n\t\t\t<a href=\"\" data-url=\"\">\n\t\t\t\t\t<img loading=\"lazy\" decoding=\"async\" width=\"680\" height=\"382\" src=\"https:\/\/psicologia.udd.cl\/certificacion-psicologia\/files\/2023\/04\/07-dominio-teorico-a-scaled-1-680x382.jpg\" class=\"featured-link__media-image lazyload\" alt=\"\" sizes=\"auto, (max-width: 680px) 100vw, 680px\" data-src=\"https:\/\/psicologia.udd.cl\/certificacion-psicologia\/files\/2023\/04\/07-dominio-teorico-a-scaled-1-680x382.jpg\" data-srcset=\"https:\/\/psicologia.udd.cl\/certificacion-psicologia\/files\/2023\/04\/07-dominio-teorico-a-scaled-1-680x382.jpg 680w, https:\/\/psicologia.udd.cl\/certificacion-psicologia\/files\/2023\/04\/07-dominio-teorico-a-scaled-1-1920x1080.jpg 1920w, https:\/\/psicologia.udd.cl\/certificacion-psicologia\/files\/2023\/04\/07-dominio-teorico-a-scaled-1-1366x768.jpg 1366w, https:\/\/psicologia.udd.cl\/certificacion-psicologia\/files\/2023\/04\/07-dominio-teorico-a-scaled-1-952x534.jpg 952w\" \/>\t\t\t\t<\/a>\n\t\t\t<\/div>\n\t\t\t\t\t\t<div class=\"featured-link__content\">\n\t\t\t\t\t\t\t\t\t\t\t\t\t<h3 class=\"featured-link__title\">\n\t\t\t\t\t\t<a data-url=\"\" href=\"\">\n\t\t\t\t\t\t\tDominio te\u00f3rico\t\t\t\t\t\t<\/a>\n\t\t\t\t\t<\/h3>\n\t\t\t\t\t\t\t\t\t\t\t\t\t\t\t\t<p>Integrar de manera coherente contribuciones conceptuales, te\u00f3ricas y t\u00e9cnicas de las corrientes o enfoques de la psicolog\u00eda para la comprensi\u00f3n, problematizaci\u00f3n e intervenci\u00f3n de fen\u00f3menos psicosociales que promuevan el bienestar psicosocial de personas, grupos, organizaciones y comunidades en distintos contextos de desempe\u00f1o profesional.<\/p>\n\t\t\t\t\t\t\t\t\t\t\t<\/div>\n\t\t<\/div>\n\t<\/div>\n<\/section>\n\n\n<section class=\"wp-block-udd-featured-link wp-block-udd-featured-link--align-right\">\n\t<div class=\"container\">\n\t\t<div class=\"featured-link\">\n\t\t\t\t\t\t<div class=\"featured-link__media\">\n\t\t\t<a href=\"\" data-url=\"\">\n\t\t\t\t\t<img loading=\"lazy\" decoding=\"async\" width=\"680\" height=\"382\" src=\"https:\/\/psicologia.udd.cl\/certificacion-psicologia\/files\/2023\/04\/02-integracion-sistematica-a-scaled-1-680x382.jpg\" class=\"featured-link__media-image lazyload\" alt=\"\" sizes=\"auto, (max-width: 680px) 100vw, 680px\" data-src=\"https:\/\/psicologia.udd.cl\/certificacion-psicologia\/files\/2023\/04\/02-integracion-sistematica-a-scaled-1-680x382.jpg\" data-srcset=\"https:\/\/psicologia.udd.cl\/certificacion-psicologia\/files\/2023\/04\/02-integracion-sistematica-a-scaled-1-680x382.jpg 680w, https:\/\/psicologia.udd.cl\/certificacion-psicologia\/files\/2023\/04\/02-integracion-sistematica-a-scaled-1-1920x1080.jpg 1920w, https:\/\/psicologia.udd.cl\/certificacion-psicologia\/files\/2023\/04\/02-integracion-sistematica-a-scaled-1-1366x768.jpg 1366w, https:\/\/psicologia.udd.cl\/certificacion-psicologia\/files\/2023\/04\/02-integracion-sistematica-a-scaled-1-952x534.jpg 952w\" \/>\t\t\t\t<\/a>\n\t\t\t<\/div>\n\t\t\t\t\t\t<div class=\"featured-link__content\">\n\t\t\t\t\t\t\t\t\t\t\t\t\t<h3 class=\"featured-link__title\">\n\t\t\t\t\t\t<a data-url=\"\" href=\"\">\n\t\t\t\t\t\t\tIntegraci\u00f3n sist\u00e9mica\t\t\t\t\t\t<\/a>\n\t\t\t\t\t<\/h3>\n\t\t\t\t\t\t\t\t\t\t\t\t\t\t\t\t<p>Integrar de manera coherente las dimensiones biol\u00f3gicas, psicol\u00f3gicas y socioculturales de fen\u00f3menos psicosociales para su comprensi\u00f3n, en distintos niveles de actuaci\u00f3n (individual, grupal, organizacional y social) del quehacer del\/la psic\u00f3logo\/a.<\/p>\n\t\t\t\t\t\t\t\t\t\t\t<\/div>\n\t\t<\/div>\n\t<\/div>\n<\/section>\n\n\n<section class=\"wp-block-udd-featured-link\">\n\t<div class=\"container\">\n\t\t<div class=\"featured-link\">\n\t\t\t\t\t\t<div class=\"featured-link__media\">\n\t\t\t<a href=\"\" data-url=\"\">\n\t\t\t\t\t<img loading=\"lazy\" decoding=\"async\" width=\"680\" height=\"382\" src=\"https:\/\/psicologia.udd.cl\/certificacion-psicologia\/files\/2023\/04\/04-rigurosidad-cientifica-a-scaled-1-680x382.jpg\" class=\"featured-link__media-image lazyload\" alt=\"\" sizes=\"auto, (max-width: 680px) 100vw, 680px\" data-src=\"https:\/\/psicologia.udd.cl\/certificacion-psicologia\/files\/2023\/04\/04-rigurosidad-cientifica-a-scaled-1-680x382.jpg\" data-srcset=\"https:\/\/psicologia.udd.cl\/certificacion-psicologia\/files\/2023\/04\/04-rigurosidad-cientifica-a-scaled-1-680x382.jpg 680w, https:\/\/psicologia.udd.cl\/certificacion-psicologia\/files\/2023\/04\/04-rigurosidad-cientifica-a-scaled-1-1920x1080.jpg 1920w, https:\/\/psicologia.udd.cl\/certificacion-psicologia\/files\/2023\/04\/04-rigurosidad-cientifica-a-scaled-1-1366x768.jpg 1366w, https:\/\/psicologia.udd.cl\/certificacion-psicologia\/files\/2023\/04\/04-rigurosidad-cientifica-a-scaled-1-952x534.jpg 952w\" \/>\t\t\t\t<\/a>\n\t\t\t<\/div>\n\t\t\t\t\t\t<div class=\"featured-link__content\">\n\t\t\t\t\t\t\t\t\t\t\t\t\t<h3 class=\"featured-link__title\">\n\t\t\t\t\t\t<a data-url=\"\" href=\"\">\n\t\t\t\t\t\t\tRigurosidad cient\u00edfica\t\t\t\t\t\t<\/a>\n\t\t\t\t\t<\/h3>\n\t\t\t\t\t\t\t\t\t\t\t\t\t\t\t\t<p>Implementar la rigurosidad del pensamiento y el m\u00e9todo cient\u00edfico en los distintos quehaceres del\/la psic\u00f3logo\/a (diagn\u00f3stico, dise\u00f1o, intervenci\u00f3n, evaluaci\u00f3n e investigaci\u00f3n) en distintos contextos de desempe\u00f1o profesional.<\/p>\n\t\t\t\t\t\t\t\t\t\t\t<\/div>\n\t\t<\/div>\n\t<\/div>\n<\/section>\n\n\n<section class=\"wp-block-udd-featured-link wp-block-udd-featured-link--align-right\">\n\t<div class=\"container\">\n\t\t<div class=\"featured-link\">\n\t\t\t\t\t\t<div class=\"featured-link__media\">\n\t\t\t<a href=\"\" data-url=\"\">\n\t\t\t\t\t<img loading=\"lazy\" decoding=\"async\" width=\"680\" height=\"382\" src=\"https:\/\/psicologia.udd.cl\/certificacion-psicologia\/files\/2023\/04\/05-diagnostico-a-scaled-1-680x382.jpg\" class=\"featured-link__media-image lazyload\" alt=\"\" sizes=\"auto, (max-width: 680px) 100vw, 680px\" data-src=\"https:\/\/psicologia.udd.cl\/certificacion-psicologia\/files\/2023\/04\/05-diagnostico-a-scaled-1-680x382.jpg\" data-srcset=\"https:\/\/psicologia.udd.cl\/certificacion-psicologia\/files\/2023\/04\/05-diagnostico-a-scaled-1-680x382.jpg 680w, https:\/\/psicologia.udd.cl\/certificacion-psicologia\/files\/2023\/04\/05-diagnostico-a-scaled-1-1920x1080.jpg 1920w, https:\/\/psicologia.udd.cl\/certificacion-psicologia\/files\/2023\/04\/05-diagnostico-a-scaled-1-1366x768.jpg 1366w, https:\/\/psicologia.udd.cl\/certificacion-psicologia\/files\/2023\/04\/05-diagnostico-a-scaled-1-952x534.jpg 952w\" \/>\t\t\t\t<\/a>\n\t\t\t<\/div>\n\t\t\t\t\t\t<div class=\"featured-link__content\">\n\t\t\t\t\t\t\t\t\t\t\t\t\t<h3 class=\"featured-link__title\">\n\t\t\t\t\t\t<a data-url=\"\" href=\"\">\n\t\t\t\t\t\t\tDiagn\u00f3stico\t\t\t\t\t\t<\/a>\n\t\t\t\t\t<\/h3>\n\t\t\t\t\t\t\t\t\t\t\t\t\t\t\t\t<p>Desarrollar procesos de diagn\u00f3stico (dise\u00f1o, implementaci\u00f3n, socializaci\u00f3n) de fen\u00f3menos psicosociales para la comprensi\u00f3n sist\u00e9mica de ellos en distintos contextos del quehacer profesional del\/la psic\u00f3logo\/a.<\/p>\n\t\t\t\t\t\t\t\t\t\t\t<\/div>\n\t\t<\/div>\n\t<\/div>\n<\/section>\n\n\n<section class=\"wp-block-udd-featured-link\">\n\t<div class=\"container\">\n\t\t<div class=\"featured-link\">\n\t\t\t\t\t\t<div class=\"featured-link__media\">\n\t\t\t<a href=\"\" data-url=\"\">\n\t\t\t\t\t<img loading=\"lazy\" decoding=\"async\" width=\"680\" height=\"382\" src=\"https:\/\/psicologia.udd.cl\/certificacion-psicologia\/files\/2023\/04\/01-intervencion-a-scaled-1-680x382.jpg\" class=\"featured-link__media-image lazyload\" alt=\"\" sizes=\"auto, (max-width: 680px) 100vw, 680px\" data-src=\"https:\/\/psicologia.udd.cl\/certificacion-psicologia\/files\/2023\/04\/01-intervencion-a-scaled-1-680x382.jpg\" data-srcset=\"https:\/\/psicologia.udd.cl\/certificacion-psicologia\/files\/2023\/04\/01-intervencion-a-scaled-1-680x382.jpg 680w, https:\/\/psicologia.udd.cl\/certificacion-psicologia\/files\/2023\/04\/01-intervencion-a-scaled-1-1920x1080.jpg 1920w, https:\/\/psicologia.udd.cl\/certificacion-psicologia\/files\/2023\/04\/01-intervencion-a-scaled-1-1366x768.jpg 1366w, https:\/\/psicologia.udd.cl\/certificacion-psicologia\/files\/2023\/04\/01-intervencion-a-scaled-1-952x534.jpg 952w\" \/>\t\t\t\t<\/a>\n\t\t\t<\/div>\n\t\t\t\t\t\t<div class=\"featured-link__content\">\n\t\t\t\t\t\t\t\t\t\t\t\t\t<h3 class=\"featured-link__title\">\n\t\t\t\t\t\t<a data-url=\"\" href=\"\">\n\t\t\t\t\t\t\tIntervenci\u00f3n\t\t\t\t\t\t<\/a>\n\t\t\t\t\t<\/h3>\n\t\t\t\t\t\t\t\t\t\t\t\t\t\t\t\t<p>Desarrollar procesos de intervenci\u00f3n pertinentes y contextualizados (dise\u00f1o e implementaci\u00f3n) para el abordaje de fen\u00f3menos psicosociales en distintos niveles de actuaci\u00f3n (individual, grupal, organizacional, social) en contextos de desempe\u00f1o profesional.<\/p>\n\t\t\t\t\t\t\t\t\t\t\t<\/div>\n\t\t<\/div>\n\t<\/div>\n<\/section>\n\n\n<section class=\"wp-block-udd-featured-link wp-block-udd-featured-link--align-right\">\n\t<div class=\"container\">\n\t\t<div class=\"featured-link\">\n\t\t\t\t\t\t<div class=\"featured-link__media\">\n\t\t\t<a href=\"\" data-url=\"\">\n\t\t\t\t\t<img loading=\"lazy\" decoding=\"async\" width=\"680\" height=\"382\" src=\"https:\/\/psicologia.udd.cl\/certificacion-psicologia\/files\/2023\/04\/03-evaluacion-a-scaled-1-680x382.jpg\" class=\"featured-link__media-image lazyload\" alt=\"\" sizes=\"auto, (max-width: 680px) 100vw, 680px\" data-src=\"https:\/\/psicologia.udd.cl\/certificacion-psicologia\/files\/2023\/04\/03-evaluacion-a-scaled-1-680x382.jpg\" data-srcset=\"https:\/\/psicologia.udd.cl\/certificacion-psicologia\/files\/2023\/04\/03-evaluacion-a-scaled-1-680x382.jpg 680w, https:\/\/psicologia.udd.cl\/certificacion-psicologia\/files\/2023\/04\/03-evaluacion-a-scaled-1-1920x1080.jpg 1920w, https:\/\/psicologia.udd.cl\/certificacion-psicologia\/files\/2023\/04\/03-evaluacion-a-scaled-1-1366x768.jpg 1366w, https:\/\/psicologia.udd.cl\/certificacion-psicologia\/files\/2023\/04\/03-evaluacion-a-scaled-1-952x534.jpg 952w\" \/>\t\t\t\t<\/a>\n\t\t\t<\/div>\n\t\t\t\t\t\t<div class=\"featured-link__content\">\n\t\t\t\t\t\t\t\t\t\t\t\t\t<h3 class=\"featured-link__title\">\n\t\t\t\t\t\t<a data-url=\"\" href=\"\">\n\t\t\t\t\t\t\tEvaluaci\u00f3n\t\t\t\t\t\t<\/a>\n\t\t\t\t\t<\/h3>\n\t\t\t\t\t\t\t\t\t\t\t\t\t\t\t\t<p>Desarrollar procesos de evaluaci\u00f3n de intervenciones psicosociales, pertinentes y contextualizados, para la comprensi\u00f3n del proceso, resultados e impacto de intervenciones desarrolladas en contextos de desempe\u00f1o profesional.<\/p>\n\t\t\t\t\t\t\t\t\t\t\t<\/div>\n\t\t<\/div>\n\t<\/div>\n<\/section>\n\n\n<section class=\"wp-block-udd-featured-link\">\n\t<div class=\"container\">\n\t\t<div class=\"featured-link\">\n\t\t\t\t\t\t<div class=\"featured-link__media\">\n\t\t\t<a href=\"\" data-url=\"\">\n\t\t\t\t\t<img loading=\"lazy\" decoding=\"async\" width=\"680\" height=\"382\" src=\"https:\/\/psicologia.udd.cl\/certificacion-psicologia\/files\/2023\/04\/06-habilidades-socioemocionales-a-1-scaled-1-680x382.jpg\" class=\"featured-link__media-image lazyload\" alt=\"\" sizes=\"auto, (max-width: 680px) 100vw, 680px\" data-src=\"https:\/\/psicologia.udd.cl\/certificacion-psicologia\/files\/2023\/04\/06-habilidades-socioemocionales-a-1-scaled-1-680x382.jpg\" data-srcset=\"https:\/\/psicologia.udd.cl\/certificacion-psicologia\/files\/2023\/04\/06-habilidades-socioemocionales-a-1-scaled-1-680x382.jpg 680w, https:\/\/psicologia.udd.cl\/certificacion-psicologia\/files\/2023\/04\/06-habilidades-socioemocionales-a-1-scaled-1-1920x1080.jpg 1920w, https:\/\/psicologia.udd.cl\/certificacion-psicologia\/files\/2023\/04\/06-habilidades-socioemocionales-a-1-scaled-1-1366x768.jpg 1366w, https:\/\/psicologia.udd.cl\/certificacion-psicologia\/files\/2023\/04\/06-habilidades-socioemocionales-a-1-scaled-1-952x534.jpg 952w\" \/>\t\t\t\t<\/a>\n\t\t\t<\/div>\n\t\t\t\t\t\t<div class=\"featured-link__content\">\n\t\t\t\t\t\t\t\t\t\t\t\t\t<h3 class=\"featured-link__title\">\n\t\t\t\t\t\t<a data-url=\"\" href=\"\">\n\t\t\t\t\t\t\tHabilidades Socioemocionales\t\t\t\t\t\t<\/a>\n\t\t\t\t\t<\/h3>\n\t\t\t\t\t\t\t\t\t\t\t\t\t\t\t\t<p>Desarrollar procesos de autocuidado, autoevaluaci\u00f3n, regulaci\u00f3n emocional y comunicaci\u00f3n efectivos, que contribuyan a establecer relaciones interpersonales emp\u00e1ticas y constructivas en los distintos contextos de desempe\u00f1o profesional.<\/p>\n\t\t\t\t\t\t\t\t\t\t\t<\/div>\n\t\t<\/div>\n\t<\/div>\n<\/section>\n","protected":false},"excerpt":{"rendered":"<p>Las competencias espec\u00edficas se organizan en 7 dominios considerando los conocimientos, habilidades y actitudes que las y los psic\u00f3logos despliegan en distintos contextos profesionales. Las definiciones de las competencias se organizan considerando los siguientes elementos: acci\u00f3n esperada, conocimientos y\/o saberes, situaci\u00f3n o problem\u00e1tica psicosocial, y contexto profesional. Revisemos cada una de ellas:<\/p>\n","protected":false},"author":9192205,"featured_media":0,"parent":94,"menu_order":2,"comment_status":"closed","ping_status":"closed","template":"","meta":{"footnotes":""},"class_list":["post-90","page","type-page","status-publish","hentry"],"yoast_head":"<!-- This site is optimized with the Yoast SEO plugin v26.9 - https:\/\/yoast.com\/product\/yoast-seo-wordpress\/ -->\n<title>Competencias espec\u00edficas - 3er Proceso de Certificaci\u00f3n | Psicolog\u00eda UDD<\/title>\n<meta name=\"robots\" content=\"index, follow, max-snippet:-1, max-image-preview:large, max-video-preview:-1\" \/>\n<link rel=\"canonical\" href=\"https:\/\/psicologia.udd.cl\/certificacion-psicologia\/formacion\/competencias-especificas\/\" \/>\n<meta property=\"og:locale\" content=\"es_ES\" \/>\n<meta property=\"og:type\" content=\"article\" \/>\n<meta property=\"og:title\" content=\"Competencias espec\u00edficas - 3er Proceso de Certificaci\u00f3n | Psicolog\u00eda UDD\" \/>\n<meta property=\"og:description\" content=\"Las competencias espec\u00edficas se organizan en 7 dominios considerando los conocimientos, habilidades y actitudes que las y los psic\u00f3logos despliegan en distintos contextos profesionales. Las definiciones de las competencias se organizan considerando los siguientes elementos: acci\u00f3n esperada, conocimientos y\/o saberes, situaci\u00f3n o problem\u00e1tica psicosocial, y contexto profesional. Revisemos cada una de ellas:\" \/>\n<meta property=\"og:url\" content=\"https:\/\/psicologia.udd.cl\/certificacion-psicologia\/formacion\/competencias-especificas\/\" \/>\n<meta property=\"og:site_name\" content=\"3er Proceso de Certificaci\u00f3n | Psicolog\u00eda UDD\" \/>\n<meta name=\"twitter:card\" content=\"summary_large_image\" \/>\n<meta name=\"twitter:label1\" content=\"Tiempo de lectura\" \/>\n\t<meta name=\"twitter:data1\" content=\"2 minutos\" \/>\n<script type=\"application\/ld+json\" class=\"yoast-schema-graph\">{\"@context\":\"https:\/\/schema.org\",\"@graph\":[{\"@type\":\"WebPage\",\"@id\":\"https:\/\/psicologia.udd.cl\/certificacion-psicologia\/formacion\/competencias-especificas\/\",\"url\":\"https:\/\/psicologia.udd.cl\/certificacion-psicologia\/formacion\/competencias-especificas\/\",\"name\":\"Competencias espec\u00edficas - 3er Proceso de Certificaci\u00f3n | Psicolog\u00eda UDD\",\"isPartOf\":{\"@id\":\"https:\/\/psicologia.udd.cl\/certificacion-psicologia\/#website\"},\"datePublished\":\"2023-04-19T19:46:15+00:00\",\"breadcrumb\":{\"@id\":\"https:\/\/psicologia.udd.cl\/certificacion-psicologia\/formacion\/competencias-especificas\/#breadcrumb\"},\"inLanguage\":\"es\",\"potentialAction\":[{\"@type\":\"ReadAction\",\"target\":[\"https:\/\/psicologia.udd.cl\/certificacion-psicologia\/formacion\/competencias-especificas\/\"]}]},{\"@type\":\"BreadcrumbList\",\"@id\":\"https:\/\/psicologia.udd.cl\/certificacion-psicologia\/formacion\/competencias-especificas\/#breadcrumb\",\"itemListElement\":[{\"@type\":\"ListItem\",\"position\":1,\"name\":\"Portada\",\"item\":\"https:\/\/psicologia.udd.cl\/certificacion-psicologia\/\"},{\"@type\":\"ListItem\",\"position\":2,\"name\":\"Competencias espec\u00edficas\"}]},{\"@type\":\"WebSite\",\"@id\":\"https:\/\/psicologia.udd.cl\/certificacion-psicologia\/#website\",\"url\":\"https:\/\/psicologia.udd.cl\/certificacion-psicologia\/\",\"name\":\"3er Proceso de Certificaci\u00f3n | Psicolog\u00eda UDD\",\"description\":\"Facultad de Psicolog\u00eda | Universidad del Desarrollo\",\"inLanguage\":\"es\"}]}<\/script>\n<!-- \/ Yoast SEO plugin. -->","yoast_head_json":{"title":"Competencias espec\u00edficas - 3er Proceso de Certificaci\u00f3n | Psicolog\u00eda UDD","robots":{"index":"index","follow":"follow","max-snippet":"max-snippet:-1","max-image-preview":"max-image-preview:large","max-video-preview":"max-video-preview:-1"},"canonical":"https:\/\/psicologia.udd.cl\/certificacion-psicologia\/formacion\/competencias-especificas\/","og_locale":"es_ES","og_type":"article","og_title":"Competencias espec\u00edficas - 3er Proceso de Certificaci\u00f3n | Psicolog\u00eda UDD","og_description":"Las competencias espec\u00edficas se organizan en 7 dominios considerando los conocimientos, habilidades y actitudes que las y los psic\u00f3logos despliegan en distintos contextos profesionales. Las definiciones de las competencias se organizan considerando los siguientes elementos: acci\u00f3n esperada, conocimientos y\/o saberes, situaci\u00f3n o problem\u00e1tica psicosocial, y contexto profesional. Revisemos cada una de ellas:","og_url":"https:\/\/psicologia.udd.cl\/certificacion-psicologia\/formacion\/competencias-especificas\/","og_site_name":"3er Proceso de Certificaci\u00f3n | Psicolog\u00eda UDD","twitter_card":"summary_large_image","twitter_misc":{"Tiempo de lectura":"2 minutos"},"schema":{"@context":"https:\/\/schema.org","@graph":[{"@type":"WebPage","@id":"https:\/\/psicologia.udd.cl\/certificacion-psicologia\/formacion\/competencias-especificas\/","url":"https:\/\/psicologia.udd.cl\/certificacion-psicologia\/formacion\/competencias-especificas\/","name":"Competencias espec\u00edficas - 3er Proceso de Certificaci\u00f3n | Psicolog\u00eda UDD","isPartOf":{"@id":"https:\/\/psicologia.udd.cl\/certificacion-psicologia\/#website"},"datePublished":"2023-04-19T19:46:15+00:00","breadcrumb":{"@id":"https:\/\/psicologia.udd.cl\/certificacion-psicologia\/formacion\/competencias-especificas\/#breadcrumb"},"inLanguage":"es","potentialAction":[{"@type":"ReadAction","target":["https:\/\/psicologia.udd.cl\/certificacion-psicologia\/formacion\/competencias-especificas\/"]}]},{"@type":"BreadcrumbList","@id":"https:\/\/psicologia.udd.cl\/certificacion-psicologia\/formacion\/competencias-especificas\/#breadcrumb","itemListElement":[{"@type":"ListItem","position":1,"name":"Portada","item":"https:\/\/psicologia.udd.cl\/certificacion-psicologia\/"},{"@type":"ListItem","position":2,"name":"Competencias espec\u00edficas"}]},{"@type":"WebSite","@id":"https:\/\/psicologia.udd.cl\/certificacion-psicologia\/#website","url":"https:\/\/psicologia.udd.cl\/certificacion-psicologia\/","name":"3er Proceso de Certificaci\u00f3n | Psicolog\u00eda UDD","description":"Facultad de Psicolog\u00eda | Universidad del Desarrollo","inLanguage":"es"}]}},"_links":{"self":[{"href":"https:\/\/psicologia.udd.cl\/certificacion-psicologia\/wp-json\/wp\/v2\/pages\/90","targetHints":{"allow":["GET"]}}],"collection":[{"href":"https:\/\/psicologia.udd.cl\/certificacion-psicologia\/wp-json\/wp\/v2\/pages"}],"about":[{"href":"https:\/\/psicologia.udd.cl\/certificacion-psicologia\/wp-json\/wp\/v2\/types\/page"}],"author":[{"embeddable":true,"href":"https:\/\/psicologia.udd.cl\/certificacion-psicologia\/wp-json\/wp\/v2\/users\/9192205"}],"replies":[{"embeddable":true,"href":"https:\/\/psicologia.udd.cl\/certificacion-psicologia\/wp-json\/wp\/v2\/comments?post=90"}],"version-history":[{"count":0,"href":"https:\/\/psicologia.udd.cl\/certificacion-psicologia\/wp-json\/wp\/v2\/pages\/90\/revisions"}],"up":[{"embeddable":true,"href":"https:\/\/psicologia.udd.cl\/certificacion-psicologia\/wp-json\/wp\/v2\/pages\/94"}],"wp:attachment":[{"href":"https:\/\/psicologia.udd.cl\/certificacion-psicologia\/wp-json\/wp\/v2\/media?parent=90"}],"curies":[{"name":"wp","href":"https:\/\/api.w.org\/{rel}","templated":true}]}}