{"id":86,"date":"2023-04-19T19:44:20","date_gmt":"2023-04-19T19:44:20","guid":{"rendered":"https:\/\/psicologia.udd.cl\/certificacion-psicologia\/?page_id=86"},"modified":"2023-10-23T18:17:22","modified_gmt":"2023-10-23T18:17:22","slug":"sellos-de-formacion","status":"publish","type":"page","link":"https:\/\/psicologia.udd.cl\/certificacion-psicologia\/formacion\/sellos-de-formacion\/","title":{"rendered":"Sellos de formaci\u00f3n"},"content":{"rendered":"<!-- WP Block: UDD - Cards Alternate -->\n<section class=\"wp-block-udd-cards\" style=\"--udd-blocks-has-columns-number: 4\">\n\t<div class=\"container\">\n\t\t\t\t\t<header class=\"header__innerblock block__header\">\n\t\t\t\n<h2>Sellos de formaci\u00f3n<\/h2>\n\t\n\t\n\t<\/header>\n\t\t\t\t<div class=\"block__content\">\n\t\t\t<div class=\"cards cards--listed\">\n\t\t\t\t\t\t\t\t\t\t\t\t\t\t\t\t\t<div class=\"card-wrapper\">\n\t\t\t\t\t\t<div class=\"card\">\n\t\t\t\t\t\t\t<h3 class=\"card__title\">Interdisciplina<\/h3>\n\t\t\t\t\t\t\t\t\t\t\t\t\t\t<div class=\"card__description\">\n\t\t\t\t\t\t\t\t<p>Buscamos formar psic\u00f3logos\/as que miren las problem\u00e1ticas asociadas al comportamiento humano integrando el aporte de otras disciplinas, siendo capaces de trabajar colaborativamente con otros profesionales para ofrecer soluciones complejas a estas necesidades.<\/p>\n<p>Para lograr este objetivo nuestros estudiantes atraviesan diferentes experiencias como: Semana i, cursos interdisciplinares en nuestra malla,\u00a0labs\u00a0y prepr\u00e1cticas. <\/p>\n\t\t\t\t\t\t\t<\/div>\n\t\t\t\t\t\t\t\t\t\t\t\t\t<\/div>\n\t\t\t\t\t<\/div>\n\t\t\t\t\t\t\t\t\t\t\t\t\t\t\t\t\t\t\t\t\t<div class=\"card-wrapper\">\n\t\t\t\t\t\t<div class=\"card\">\n\t\t\t\t\t\t\t<h3 class=\"card__title\">Globalizaci\u00f3n<\/h3>\n\t\t\t\t\t\t\t\t\t\t\t\t\t\t<div class=\"card__description\">\n\t\t\t\t\t\t\t\t<p>Esperamos que nuestros psic\u00f3logos\/as puedan desempe\u00f1arse m\u00e1s all\u00e1 de nuestras fronteras, incorporando modelos internacionales para solucionar problemas locales, as\u00ed como estudiando o desempe\u00f1\u00e1ndose laboralmente en el extranjero, y trabajando codo a codo con otras culturas.<\/p>\n<p>Para lograr este objetivo nuestros\/as estudiantes tienen cursos para certificar su dominio en ingl\u00e9s, as\u00ed como cursos dentro de nuestra malla en este idioma. Adem\u00e1s, tienen la posibilidad de realizar intercambios y prepr\u00e1cticas en otros pa\u00edses.<\/p>\n\t\t\t\t\t\t\t<\/div>\n\t\t\t\t\t\t\t\t\t\t\t\t\t<\/div>\n\t\t\t\t\t<\/div>\n\t\t\t\t\t\t\t\t\t\t\t\t\t\t\t\t\t\t\t\t\t<div class=\"card-wrapper\">\n\t\t\t\t\t\t<div class=\"card\">\n\t\t\t\t\t\t\t<h3 class=\"card__title\">Aprendizaje Experiencial<\/h3>\n\t\t\t\t\t\t\t\t\t\t\t\t\t\t<div class=\"card__description\">\n\t\t\t\t\t\t\t\t<p>Para nosotros es fundamental que los y las estudiantes logren aprender m\u00e1s all\u00e1 de lo te\u00f3rico, pudiendo transferir las competencias adquiridas en desempe\u00f1os m\u00e1s all\u00e1 del aula. Por esto, aplicamos el aprendizaje experiencial en diferentes cursos, en que los y las estudiantes, a trav\u00e9s de actividades pr\u00e1cticas en contextos profesionales, aprenden interactuando con la realidad.<\/p>\n<p>Para lograr este objetivo, todos los semestres, los y las estudiantes tienen al menos una asignatura con esta metodolog\u00eda en instituciones en convenio con nuestra carrera.<\/p>\n\t\t\t\t\t\t\t<\/div>\n\t\t\t\t\t\t\t\t\t\t\t\t\t<\/div>\n\t\t\t\t\t<\/div>\n\t\t\t\t\t\t\t\t\t\t\t\t\t\t\t\t\t\t\t\t\t<div class=\"card-wrapper\">\n\t\t\t\t\t\t<div class=\"card\">\n\t\t\t\t\t\t\t<h3 class=\"card__title\">Innovaci\u00f3n<\/h3>\n\t\t\t\t\t\t\t\t\t\t\t\t\t\t<div class=\"card__description\">\n\t\t\t\t\t\t\t\t<p>Los y las psic\u00f3logos\/as UDD se caracterizan por implementar procesos de diagn\u00f3stico, intervenci\u00f3n y evaluaci\u00f3n creativas, que ofrecen nuevas soluciones a problem\u00e1ticas psicol\u00f3gicas, incorporando modelos actualizados y tecnolog\u00edas.<\/p>\n<p>Para esto, hemos incorporado asignaturas, obligatorias y electivas, en las que los y las estudiantes aprendan a implementar soluciones innovadoras y tecnolog\u00edas como realidad aumentada por medio de Realitec.<\/p>\n\t\t\t\t\t\t\t<\/div>\n\t\t\t\t\t\t\t\t\t\t\t\t\t<\/div>\n\t\t\t\t\t<\/div>\n\t\t\t\t\t\t\t\t\t\t<\/div>\n\t\t<\/div>\n\t<\/div>\n<\/section>\n\n\n\n<figure class=\"wp-block-gallery has-nested-images columns-4 is-cropped wp-block-gallery-1 is-layout-flex wp-block-gallery-is-layout-flex\">\n<figure class=\"wp-block-image size-large\"><img loading=\"lazy\" decoding=\"async\" width=\"2560\" height=\"2132\" data-id=\"67\" src=\"https:\/\/psicologia.udd.cl\/certificacion-psicologia\/files\/2023\/03\/04-interdisciplina-a-scaled-1.jpg\" alt=\"\" class=\"wp-image-67\" srcset=\"https:\/\/psicologia.udd.cl\/certificacion-psicologia\/files\/2023\/03\/04-interdisciplina-a-scaled-1.jpg 2560w, https:\/\/psicologia.udd.cl\/certificacion-psicologia\/files\/2023\/03\/04-interdisciplina-a-scaled-1-300x250.jpg 300w, https:\/\/psicologia.udd.cl\/certificacion-psicologia\/files\/2023\/03\/04-interdisciplina-a-scaled-1-1024x853.jpg 1024w, https:\/\/psicologia.udd.cl\/certificacion-psicologia\/files\/2023\/03\/04-interdisciplina-a-scaled-1-768x640.jpg 768w, https:\/\/psicologia.udd.cl\/certificacion-psicologia\/files\/2023\/03\/04-interdisciplina-a-scaled-1-1536x1279.jpg 1536w, https:\/\/psicologia.udd.cl\/certificacion-psicologia\/files\/2023\/03\/04-interdisciplina-a-scaled-1-2048x1706.jpg 2048w\" sizes=\"auto, (max-width: 2560px) 100vw, 2560px\" \/><\/figure>\n\n\n\n<figure class=\"wp-block-image size-large\"><img loading=\"lazy\" decoding=\"async\" width=\"2560\" height=\"2098\" data-id=\"65\" src=\"https:\/\/psicologia.udd.cl\/certificacion-psicologia\/files\/2023\/03\/01-aprendizaje-experiencial-a-scaled-1.jpg\" alt=\"\" class=\"wp-image-65\" srcset=\"https:\/\/psicologia.udd.cl\/certificacion-psicologia\/files\/2023\/03\/01-aprendizaje-experiencial-a-scaled-1.jpg 2560w, https:\/\/psicologia.udd.cl\/certificacion-psicologia\/files\/2023\/03\/01-aprendizaje-experiencial-a-scaled-1-300x246.jpg 300w, https:\/\/psicologia.udd.cl\/certificacion-psicologia\/files\/2023\/03\/01-aprendizaje-experiencial-a-scaled-1-1024x839.jpg 1024w, https:\/\/psicologia.udd.cl\/certificacion-psicologia\/files\/2023\/03\/01-aprendizaje-experiencial-a-scaled-1-768x629.jpg 768w, https:\/\/psicologia.udd.cl\/certificacion-psicologia\/files\/2023\/03\/01-aprendizaje-experiencial-a-scaled-1-1536x1259.jpg 1536w, https:\/\/psicologia.udd.cl\/certificacion-psicologia\/files\/2023\/03\/01-aprendizaje-experiencial-a-scaled-1-2048x1678.jpg 2048w\" sizes=\"auto, (max-width: 2560px) 100vw, 2560px\" \/><\/figure>\n\n\n\n<figure class=\"wp-block-image size-large\"><img loading=\"lazy\" decoding=\"async\" width=\"2382\" height=\"2560\" data-id=\"66\" src=\"https:\/\/psicologia.udd.cl\/certificacion-psicologia\/files\/2023\/03\/02-globalizacion-a-scaled-1.jpg\" alt=\"\" class=\"wp-image-66\" srcset=\"https:\/\/psicologia.udd.cl\/certificacion-psicologia\/files\/2023\/03\/02-globalizacion-a-scaled-1.jpg 2382w, https:\/\/psicologia.udd.cl\/certificacion-psicologia\/files\/2023\/03\/02-globalizacion-a-scaled-1-279x300.jpg 279w, https:\/\/psicologia.udd.cl\/certificacion-psicologia\/files\/2023\/03\/02-globalizacion-a-scaled-1-953x1024.jpg 953w, https:\/\/psicologia.udd.cl\/certificacion-psicologia\/files\/2023\/03\/02-globalizacion-a-scaled-1-768x825.jpg 768w, https:\/\/psicologia.udd.cl\/certificacion-psicologia\/files\/2023\/03\/02-globalizacion-a-scaled-1-1429x1536.jpg 1429w, https:\/\/psicologia.udd.cl\/certificacion-psicologia\/files\/2023\/03\/02-globalizacion-a-scaled-1-1906x2048.jpg 1906w\" sizes=\"auto, (max-width: 2382px) 100vw, 2382px\" \/><\/figure>\n\n\n\n<figure class=\"wp-block-image size-large\"><img loading=\"lazy\" decoding=\"async\" width=\"2560\" height=\"2187\" data-id=\"68\" src=\"https:\/\/psicologia.udd.cl\/certificacion-psicologia\/files\/2023\/03\/03-innovacion-a-scaled-1.jpg\" alt=\"\" class=\"wp-image-68\" srcset=\"https:\/\/psicologia.udd.cl\/certificacion-psicologia\/files\/2023\/03\/03-innovacion-a-scaled-1.jpg 2560w, https:\/\/psicologia.udd.cl\/certificacion-psicologia\/files\/2023\/03\/03-innovacion-a-scaled-1-300x256.jpg 300w, https:\/\/psicologia.udd.cl\/certificacion-psicologia\/files\/2023\/03\/03-innovacion-a-scaled-1-1024x875.jpg 1024w, https:\/\/psicologia.udd.cl\/certificacion-psicologia\/files\/2023\/03\/03-innovacion-a-scaled-1-768x656.jpg 768w, https:\/\/psicologia.udd.cl\/certificacion-psicologia\/files\/2023\/03\/03-innovacion-a-scaled-1-1536x1312.jpg 1536w, https:\/\/psicologia.udd.cl\/certificacion-psicologia\/files\/2023\/03\/03-innovacion-a-scaled-1-2048x1750.jpg 2048w\" sizes=\"auto, (max-width: 2560px) 100vw, 2560px\" \/><\/figure>\n<\/figure>\n","protected":false},"excerpt":{"rendered":"","protected":false},"author":9192205,"featured_media":0,"parent":94,"menu_order":1,"comment_status":"closed","ping_status":"closed","template":"","meta":{"footnotes":""},"class_list":["post-86","page","type-page","status-publish","hentry"],"yoast_head":"<!-- This site is optimized with the Yoast SEO plugin v26.9 - https:\/\/yoast.com\/product\/yoast-seo-wordpress\/ -->\n<title>Sellos de formaci\u00f3n - 3er Proceso de Certificaci\u00f3n | Psicolog\u00eda UDD<\/title>\n<meta name=\"robots\" content=\"index, follow, max-snippet:-1, max-image-preview:large, max-video-preview:-1\" \/>\n<link rel=\"canonical\" href=\"https:\/\/psicologia.udd.cl\/certificacion-psicologia\/formacion\/sellos-de-formacion\/\" \/>\n<meta property=\"og:locale\" content=\"es_ES\" \/>\n<meta property=\"og:type\" content=\"article\" \/>\n<meta property=\"og:title\" content=\"Sellos de formaci\u00f3n - 3er Proceso de Certificaci\u00f3n | Psicolog\u00eda UDD\" \/>\n<meta property=\"og:url\" content=\"https:\/\/psicologia.udd.cl\/certificacion-psicologia\/formacion\/sellos-de-formacion\/\" \/>\n<meta property=\"og:site_name\" content=\"3er Proceso de Certificaci\u00f3n | Psicolog\u00eda UDD\" \/>\n<meta property=\"article:modified_time\" content=\"2023-10-23T18:17:22+00:00\" \/>\n<meta property=\"og:image\" content=\"https:\/\/psicologia.udd.cl\/certificacion-psicologia\/files\/2023\/03\/04-interdisciplina-a-scaled-1.jpg\" \/>\n<meta name=\"twitter:card\" content=\"summary_large_image\" \/>\n<meta name=\"twitter:label1\" content=\"Tiempo de lectura\" \/>\n\t<meta name=\"twitter:data1\" content=\"1 minuto\" \/>\n<script type=\"application\/ld+json\" class=\"yoast-schema-graph\">{\"@context\":\"https:\/\/schema.org\",\"@graph\":[{\"@type\":\"WebPage\",\"@id\":\"https:\/\/psicologia.udd.cl\/certificacion-psicologia\/formacion\/sellos-de-formacion\/\",\"url\":\"https:\/\/psicologia.udd.cl\/certificacion-psicologia\/formacion\/sellos-de-formacion\/\",\"name\":\"Sellos de formaci\u00f3n - 3er Proceso de Certificaci\u00f3n | Psicolog\u00eda UDD\",\"isPartOf\":{\"@id\":\"https:\/\/psicologia.udd.cl\/certificacion-psicologia\/#website\"},\"primaryImageOfPage\":{\"@id\":\"https:\/\/psicologia.udd.cl\/certificacion-psicologia\/formacion\/sellos-de-formacion\/#primaryimage\"},\"image\":{\"@id\":\"https:\/\/psicologia.udd.cl\/certificacion-psicologia\/formacion\/sellos-de-formacion\/#primaryimage\"},\"thumbnailUrl\":\"https:\/\/psicologia.udd.cl\/certificacion-psicologia\/files\/2023\/03\/04-interdisciplina-a-scaled-1.jpg\",\"datePublished\":\"2023-04-19T19:44:20+00:00\",\"dateModified\":\"2023-10-23T18:17:22+00:00\",\"breadcrumb\":{\"@id\":\"https:\/\/psicologia.udd.cl\/certificacion-psicologia\/formacion\/sellos-de-formacion\/#breadcrumb\"},\"inLanguage\":\"es\",\"potentialAction\":[{\"@type\":\"ReadAction\",\"target\":[\"https:\/\/psicologia.udd.cl\/certificacion-psicologia\/formacion\/sellos-de-formacion\/\"]}]},{\"@type\":\"ImageObject\",\"inLanguage\":\"es\",\"@id\":\"https:\/\/psicologia.udd.cl\/certificacion-psicologia\/formacion\/sellos-de-formacion\/#primaryimage\",\"url\":\"https:\/\/psicologia.udd.cl\/certificacion-psicologia\/files\/2023\/03\/04-interdisciplina-a-scaled-1.jpg\",\"contentUrl\":\"https:\/\/psicologia.udd.cl\/certificacion-psicologia\/files\/2023\/03\/04-interdisciplina-a-scaled-1.jpg\",\"width\":2560,\"height\":2132},{\"@type\":\"BreadcrumbList\",\"@id\":\"https:\/\/psicologia.udd.cl\/certificacion-psicologia\/formacion\/sellos-de-formacion\/#breadcrumb\",\"itemListElement\":[{\"@type\":\"ListItem\",\"position\":1,\"name\":\"Portada\",\"item\":\"https:\/\/psicologia.udd.cl\/certificacion-psicologia\/\"},{\"@type\":\"ListItem\",\"position\":2,\"name\":\"Formaci\u00f3n\",\"item\":\"https:\/\/psicologia.udd.cl\/certificacion-psicologia\/formacion\/\"},{\"@type\":\"ListItem\",\"position\":3,\"name\":\"Sellos de formaci\u00f3n\"}]},{\"@type\":\"WebSite\",\"@id\":\"https:\/\/psicologia.udd.cl\/certificacion-psicologia\/#website\",\"url\":\"https:\/\/psicologia.udd.cl\/certificacion-psicologia\/\",\"name\":\"3er Proceso de Certificaci\u00f3n | Psicolog\u00eda UDD\",\"description\":\"Facultad de Psicolog\u00eda | Universidad del Desarrollo\",\"inLanguage\":\"es\"}]}<\/script>\n<!-- \/ Yoast SEO plugin. -->","yoast_head_json":{"title":"Sellos de formaci\u00f3n - 3er Proceso de Certificaci\u00f3n | Psicolog\u00eda UDD","robots":{"index":"index","follow":"follow","max-snippet":"max-snippet:-1","max-image-preview":"max-image-preview:large","max-video-preview":"max-video-preview:-1"},"canonical":"https:\/\/psicologia.udd.cl\/certificacion-psicologia\/formacion\/sellos-de-formacion\/","og_locale":"es_ES","og_type":"article","og_title":"Sellos de formaci\u00f3n - 3er Proceso de Certificaci\u00f3n | Psicolog\u00eda UDD","og_url":"https:\/\/psicologia.udd.cl\/certificacion-psicologia\/formacion\/sellos-de-formacion\/","og_site_name":"3er Proceso de Certificaci\u00f3n | Psicolog\u00eda UDD","article_modified_time":"2023-10-23T18:17:22+00:00","og_image":[{"url":"https:\/\/psicologia.udd.cl\/certificacion-psicologia\/files\/2023\/03\/04-interdisciplina-a-scaled-1.jpg","type":"","width":"","height":""}],"twitter_card":"summary_large_image","twitter_misc":{"Tiempo de lectura":"1 minuto"},"schema":{"@context":"https:\/\/schema.org","@graph":[{"@type":"WebPage","@id":"https:\/\/psicologia.udd.cl\/certificacion-psicologia\/formacion\/sellos-de-formacion\/","url":"https:\/\/psicologia.udd.cl\/certificacion-psicologia\/formacion\/sellos-de-formacion\/","name":"Sellos de formaci\u00f3n - 3er Proceso de Certificaci\u00f3n | Psicolog\u00eda UDD","isPartOf":{"@id":"https:\/\/psicologia.udd.cl\/certificacion-psicologia\/#website"},"primaryImageOfPage":{"@id":"https:\/\/psicologia.udd.cl\/certificacion-psicologia\/formacion\/sellos-de-formacion\/#primaryimage"},"image":{"@id":"https:\/\/psicologia.udd.cl\/certificacion-psicologia\/formacion\/sellos-de-formacion\/#primaryimage"},"thumbnailUrl":"https:\/\/psicologia.udd.cl\/certificacion-psicologia\/files\/2023\/03\/04-interdisciplina-a-scaled-1.jpg","datePublished":"2023-04-19T19:44:20+00:00","dateModified":"2023-10-23T18:17:22+00:00","breadcrumb":{"@id":"https:\/\/psicologia.udd.cl\/certificacion-psicologia\/formacion\/sellos-de-formacion\/#breadcrumb"},"inLanguage":"es","potentialAction":[{"@type":"ReadAction","target":["https:\/\/psicologia.udd.cl\/certificacion-psicologia\/formacion\/sellos-de-formacion\/"]}]},{"@type":"ImageObject","inLanguage":"es","@id":"https:\/\/psicologia.udd.cl\/certificacion-psicologia\/formacion\/sellos-de-formacion\/#primaryimage","url":"https:\/\/psicologia.udd.cl\/certificacion-psicologia\/files\/2023\/03\/04-interdisciplina-a-scaled-1.jpg","contentUrl":"https:\/\/psicologia.udd.cl\/certificacion-psicologia\/files\/2023\/03\/04-interdisciplina-a-scaled-1.jpg","width":2560,"height":2132},{"@type":"BreadcrumbList","@id":"https:\/\/psicologia.udd.cl\/certificacion-psicologia\/formacion\/sellos-de-formacion\/#breadcrumb","itemListElement":[{"@type":"ListItem","position":1,"name":"Portada","item":"https:\/\/psicologia.udd.cl\/certificacion-psicologia\/"},{"@type":"ListItem","position":2,"name":"Formaci\u00f3n","item":"https:\/\/psicologia.udd.cl\/certificacion-psicologia\/formacion\/"},{"@type":"ListItem","position":3,"name":"Sellos de formaci\u00f3n"}]},{"@type":"WebSite","@id":"https:\/\/psicologia.udd.cl\/certificacion-psicologia\/#website","url":"https:\/\/psicologia.udd.cl\/certificacion-psicologia\/","name":"3er Proceso de Certificaci\u00f3n | Psicolog\u00eda UDD","description":"Facultad de Psicolog\u00eda | Universidad del Desarrollo","inLanguage":"es"}]}},"_links":{"self":[{"href":"https:\/\/psicologia.udd.cl\/certificacion-psicologia\/wp-json\/wp\/v2\/pages\/86","targetHints":{"allow":["GET"]}}],"collection":[{"href":"https:\/\/psicologia.udd.cl\/certificacion-psicologia\/wp-json\/wp\/v2\/pages"}],"about":[{"href":"https:\/\/psicologia.udd.cl\/certificacion-psicologia\/wp-json\/wp\/v2\/types\/page"}],"author":[{"embeddable":true,"href":"https:\/\/psicologia.udd.cl\/certificacion-psicologia\/wp-json\/wp\/v2\/users\/9192205"}],"replies":[{"embeddable":true,"href":"https:\/\/psicologia.udd.cl\/certificacion-psicologia\/wp-json\/wp\/v2\/comments?post=86"}],"version-history":[{"count":3,"href":"https:\/\/psicologia.udd.cl\/certificacion-psicologia\/wp-json\/wp\/v2\/pages\/86\/revisions"}],"predecessor-version":[{"id":173,"href":"https:\/\/psicologia.udd.cl\/certificacion-psicologia\/wp-json\/wp\/v2\/pages\/86\/revisions\/173"}],"up":[{"embeddable":true,"href":"https:\/\/psicologia.udd.cl\/certificacion-psicologia\/wp-json\/wp\/v2\/pages\/94"}],"wp:attachment":[{"href":"https:\/\/psicologia.udd.cl\/certificacion-psicologia\/wp-json\/wp\/v2\/media?parent=86"}],"curies":[{"name":"wp","href":"https:\/\/api.w.org\/{rel}","templated":true}]}}