{"id":84,"date":"2023-04-19T19:39:14","date_gmt":"2023-04-19T19:39:14","guid":{"rendered":"https:\/\/psicologia.udd.cl\/certificacion-psicologia\/?page_id=84"},"modified":"2023-04-19T19:39:14","modified_gmt":"2023-04-19T19:39:14","slug":"perfil-de-egreso","status":"publish","type":"page","link":"https:\/\/psicologia.udd.cl\/certificacion-psicologia\/perfil-de-egreso\/","title":{"rendered":"Perfil de egreso"},"content":{"rendered":"\n<p>Formamos profesionales capaces de integrar las contribuciones te\u00f3ricas y t\u00e9cnicas de la Psicolog\u00eda para&nbsp;<strong>analizar y comprender<\/strong>&nbsp;cr\u00edticamente las distintas dimensiones de fen\u00f3menos psicosociales y sus contextos socio hist\u00f3ricos y culturales. Esto les permite&nbsp;<strong>diagnosticar, intervenir e investigar<\/strong>, contribuyendo activamente con procesos de cambio que promuevan el bienestar integral de personas, grupos, organizaciones y comunidades en las \u00e1reas de formaci\u00f3n disciplinar de la carrera.<\/p>\n\n\n\n<p>Los\/as psic\u00f3logos\/as son capaces de colaborar en equipos de trabajo&nbsp;<strong>interdisciplinarios<\/strong>&nbsp;guiados por la&nbsp;<strong>responsabilidad p\u00fablica<\/strong>, la&nbsp;<strong>reflexi\u00f3n cr\u00edtica<\/strong>&nbsp;y los&nbsp;<strong>principios \u00e9ticos<\/strong>&nbsp;de la profesi\u00f3n, liderando&nbsp;<strong>procesos innovadores<\/strong>&nbsp;y basados en la&nbsp;<strong>rigurosidad cient\u00edfica<\/strong>&nbsp;en un mundo cambiante, diverso y globalizado.<\/p>\n\n\n\n<p><\/p>\n\n\n\n<figure class=\"wp-block-gallery has-nested-images columns-4 is-cropped wp-block-gallery-1 is-layout-flex wp-block-gallery-is-layout-flex\">\n<figure class=\"wp-block-image size-large\"><img decoding=\"async\" data-id=\"47156\" src=\"https:\/\/psicologia.udd.cl\/files\/2022\/05\/Perfil_de_egreso_02-1024x1024.jpg\" alt=\"\" class=\"wp-image-47156\" \/><\/figure>\n\n\n\n<figure class=\"wp-block-image size-large\"><img decoding=\"async\" data-id=\"47157\" src=\"https:\/\/psicologia.udd.cl\/files\/2022\/05\/Perfil_de_egreso_03-1024x1024.jpg\" alt=\"\" class=\"wp-image-47157\" \/><\/figure>\n\n\n\n<figure class=\"wp-block-image size-large\"><img decoding=\"async\" data-id=\"47159\" src=\"https:\/\/psicologia.udd.cl\/files\/2022\/05\/Perfil_de_egreso_04-1024x1024.jpg\" alt=\"\" class=\"wp-image-47159\" \/><\/figure>\n\n\n\n<figure class=\"wp-block-image size-large\"><img decoding=\"async\" data-id=\"47160\" src=\"https:\/\/psicologia.udd.cl\/files\/2022\/05\/Perfil_de_egreso_05-1024x1024.jpg\" alt=\"\" class=\"wp-image-47160\" \/><\/figure>\n<\/figure>\n\n\n<p class=\"wp-block-udd-button text-center\"><a class=\"btn btn-primary \" href=\"https:\/\/psicologia.udd.cl\/perfil-de-egreso-2\/\" data-url=\"https:\/\/psicologia.udd.cl\/perfil-de-egreso-2\/\"> Conoce m\u00e1s <\/a><\/p>\n\n\n\n<p>El\u00a0<strong>Perfil de Egreso<\/strong>\u00a0antes se\u00f1alado se expresa en las siguientes competencias gen\u00e9ricas y espec\u00edficas, que se desarrollan a lo largo de la trayectoria curricular.<\/p>\n\n\n\n<p>Las\u00a0<strong>competencias gen\u00e9ricas<\/strong>\u00a0forman parte del Proyecto Educativo Institucional y se incorporan a la formaci\u00f3n en Psicolog\u00eda a trav\u00e9s de su distribuci\u00f3n en los distintos programas de asignaturas, en cada ciclo formativo.<\/p>\n\n\n\n<p>Las\u00a0<strong><a href=\"https:\/\/psicologia.udd.cl\/certificacion-psicologia\/competencias-especificas\/\" target=\"_blank\" rel=\"noreferrer noopener\">competencias espec\u00edficas<\/a><\/strong>\u00a0de la carrera fueron agrupadas en siete dominios en niveles crecientes de complejidad, graduadas seg\u00fan el ciclo formativo de las y los estudiantes.<\/p>\n\n\n\n<figure class=\"wp-block-gallery has-nested-images columns-default is-cropped wp-block-gallery-2 is-layout-flex wp-block-gallery-is-layout-flex\">\n<figure class=\"wp-block-image size-large\"><img decoding=\"async\" data-id=\"47080\" src=\"https:\/\/psicologia.udd.cl\/files\/2022\/05\/Alianzas-Internacionales-1-Denver-2017.jpg\" alt=\"\" class=\"wp-image-47080\" \/><\/figure>\n\n\n\n<figure class=\"wp-block-image size-large\"><img decoding=\"async\" data-id=\"47081\" src=\"https:\/\/psicologia.udd.cl\/files\/2022\/05\/Alianzas-Internacionales-2-Psicolog\u00eda-en-Denver-1024x768.jpg\" alt=\"\" class=\"wp-image-47081\" \/><\/figure>\n\n\n\n<figure class=\"wp-block-image size-large\"><img decoding=\"async\" data-id=\"47082\" src=\"https:\/\/psicologia.udd.cl\/files\/2022\/05\/Modelo-Educativo-2-1024x768.jpeg\" alt=\"\" class=\"wp-image-47082\" \/><\/figure>\n\n\n\n<figure class=\"wp-block-image size-large\"><img decoding=\"async\" data-id=\"47083\" src=\"https:\/\/psicologia.udd.cl\/files\/2022\/05\/Modelo-Educativo.jpg\" alt=\"\" class=\"wp-image-47083\" \/><\/figure>\n\n\n\n<figure class=\"wp-block-image size-large\"><img decoding=\"async\" data-id=\"47084\" src=\"https:\/\/psicologia.udd.cl\/files\/2022\/05\/Perfil-de-Egreso-1024x768.jpg\" alt=\"\" class=\"wp-image-47084\" \/><\/figure>\n\n\n\n<figure class=\"wp-block-image size-large\"><img decoding=\"async\" data-id=\"47085\" src=\"https:\/\/psicologia.udd.cl\/files\/2022\/05\/Psico-Educ-1024x561.png\" alt=\"\" class=\"wp-image-47085\" \/><\/figure>\n<figcaption class=\"blocks-gallery-caption\"><br><br><br><\/figcaption><\/figure>\n","protected":false},"excerpt":{"rendered":"<p>Formamos profesionales capaces de integrar las contribuciones te\u00f3ricas y t\u00e9cnicas de la Psicolog\u00eda para&nbsp;analizar y comprender&nbsp;cr\u00edticamente las distintas dimensiones de fen\u00f3menos psicosociales y sus contextos socio hist\u00f3ricos y culturales. Esto les permite&nbsp;diagnosticar, intervenir e investigar, contribuyendo activamente con procesos de cambio que promuevan el bienestar integral de personas, grupos, organizaciones y comunidades en las \u00e1reas [&hellip;]<\/p>\n","protected":false},"author":9192205,"featured_media":0,"parent":0,"menu_order":0,"comment_status":"closed","ping_status":"closed","template":"","meta":{"footnotes":""},"class_list":["post-84","page","type-page","status-publish","hentry"],"yoast_head":"<!-- This site is optimized with the Yoast SEO plugin v26.9 - https:\/\/yoast.com\/product\/yoast-seo-wordpress\/ -->\n<title>Perfil de egreso - 3er Proceso de Certificaci\u00f3n | Psicolog\u00eda UDD<\/title>\n<meta name=\"robots\" content=\"index, follow, max-snippet:-1, max-image-preview:large, max-video-preview:-1\" \/>\n<link rel=\"canonical\" href=\"https:\/\/psicologia.udd.cl\/certificacion-psicologia\/perfil-de-egreso\/\" \/>\n<meta property=\"og:locale\" content=\"es_ES\" \/>\n<meta property=\"og:type\" content=\"article\" \/>\n<meta property=\"og:title\" content=\"Perfil de egreso - 3er Proceso de Certificaci\u00f3n | Psicolog\u00eda UDD\" \/>\n<meta property=\"og:description\" content=\"Formamos profesionales capaces de integrar las contribuciones te\u00f3ricas y t\u00e9cnicas de la Psicolog\u00eda para&nbsp;analizar y comprender&nbsp;cr\u00edticamente las distintas dimensiones de fen\u00f3menos psicosociales y sus contextos socio hist\u00f3ricos y culturales. Esto les permite&nbsp;diagnosticar, intervenir e investigar, contribuyendo activamente con procesos de cambio que promuevan el bienestar integral de personas, grupos, organizaciones y comunidades en las \u00e1reas [&hellip;]\" \/>\n<meta property=\"og:url\" content=\"https:\/\/psicologia.udd.cl\/certificacion-psicologia\/perfil-de-egreso\/\" \/>\n<meta property=\"og:site_name\" content=\"3er Proceso de Certificaci\u00f3n | Psicolog\u00eda UDD\" \/>\n<meta property=\"og:image\" content=\"https:\/\/psicologia.udd.cl\/files\/2022\/05\/Perfil_de_egreso_02-1024x1024.jpg\" \/>\n<meta name=\"twitter:card\" content=\"summary_large_image\" \/>\n<meta name=\"twitter:label1\" content=\"Tiempo de lectura\" \/>\n\t<meta name=\"twitter:data1\" content=\"3 minutos\" \/>\n<script type=\"application\/ld+json\" class=\"yoast-schema-graph\">{\"@context\":\"https:\/\/schema.org\",\"@graph\":[{\"@type\":\"WebPage\",\"@id\":\"https:\/\/psicologia.udd.cl\/certificacion-psicologia\/perfil-de-egreso\/\",\"url\":\"https:\/\/psicologia.udd.cl\/certificacion-psicologia\/perfil-de-egreso\/\",\"name\":\"Perfil de egreso - 3er Proceso de Certificaci\u00f3n | Psicolog\u00eda UDD\",\"isPartOf\":{\"@id\":\"https:\/\/psicologia.udd.cl\/certificacion-psicologia\/#website\"},\"primaryImageOfPage\":{\"@id\":\"https:\/\/psicologia.udd.cl\/certificacion-psicologia\/perfil-de-egreso\/#primaryimage\"},\"image\":{\"@id\":\"https:\/\/psicologia.udd.cl\/certificacion-psicologia\/perfil-de-egreso\/#primaryimage\"},\"thumbnailUrl\":\"https:\/\/psicologia.udd.cl\/files\/2022\/05\/Perfil_de_egreso_02-1024x1024.jpg\",\"datePublished\":\"2023-04-19T19:39:14+00:00\",\"breadcrumb\":{\"@id\":\"https:\/\/psicologia.udd.cl\/certificacion-psicologia\/perfil-de-egreso\/#breadcrumb\"},\"inLanguage\":\"es\",\"potentialAction\":[{\"@type\":\"ReadAction\",\"target\":[\"https:\/\/psicologia.udd.cl\/certificacion-psicologia\/perfil-de-egreso\/\"]}]},{\"@type\":\"ImageObject\",\"inLanguage\":\"es\",\"@id\":\"https:\/\/psicologia.udd.cl\/certificacion-psicologia\/perfil-de-egreso\/#primaryimage\",\"url\":\"https:\/\/psicologia.udd.cl\/files\/2022\/05\/Perfil_de_egreso_02-1024x1024.jpg\",\"contentUrl\":\"https:\/\/psicologia.udd.cl\/files\/2022\/05\/Perfil_de_egreso_02-1024x1024.jpg\"},{\"@type\":\"BreadcrumbList\",\"@id\":\"https:\/\/psicologia.udd.cl\/certificacion-psicologia\/perfil-de-egreso\/#breadcrumb\",\"itemListElement\":[{\"@type\":\"ListItem\",\"position\":1,\"name\":\"Portada\",\"item\":\"https:\/\/psicologia.udd.cl\/certificacion-psicologia\/\"},{\"@type\":\"ListItem\",\"position\":2,\"name\":\"Perfil de egreso\"}]},{\"@type\":\"WebSite\",\"@id\":\"https:\/\/psicologia.udd.cl\/certificacion-psicologia\/#website\",\"url\":\"https:\/\/psicologia.udd.cl\/certificacion-psicologia\/\",\"name\":\"3er Proceso de Certificaci\u00f3n | Psicolog\u00eda UDD\",\"description\":\"Facultad de Psicolog\u00eda | Universidad del Desarrollo\",\"inLanguage\":\"es\"}]}<\/script>\n<!-- \/ Yoast SEO plugin. -->","yoast_head_json":{"title":"Perfil de egreso - 3er Proceso de Certificaci\u00f3n | Psicolog\u00eda UDD","robots":{"index":"index","follow":"follow","max-snippet":"max-snippet:-1","max-image-preview":"max-image-preview:large","max-video-preview":"max-video-preview:-1"},"canonical":"https:\/\/psicologia.udd.cl\/certificacion-psicologia\/perfil-de-egreso\/","og_locale":"es_ES","og_type":"article","og_title":"Perfil de egreso - 3er Proceso de Certificaci\u00f3n | Psicolog\u00eda UDD","og_description":"Formamos profesionales capaces de integrar las contribuciones te\u00f3ricas y t\u00e9cnicas de la Psicolog\u00eda para&nbsp;analizar y comprender&nbsp;cr\u00edticamente las distintas dimensiones de fen\u00f3menos psicosociales y sus contextos socio hist\u00f3ricos y culturales. Esto les permite&nbsp;diagnosticar, intervenir e investigar, contribuyendo activamente con procesos de cambio que promuevan el bienestar integral de personas, grupos, organizaciones y comunidades en las \u00e1reas [&hellip;]","og_url":"https:\/\/psicologia.udd.cl\/certificacion-psicologia\/perfil-de-egreso\/","og_site_name":"3er Proceso de Certificaci\u00f3n | Psicolog\u00eda UDD","og_image":[{"url":"https:\/\/psicologia.udd.cl\/files\/2022\/05\/Perfil_de_egreso_02-1024x1024.jpg","type":"","width":"","height":""}],"twitter_card":"summary_large_image","twitter_misc":{"Tiempo de lectura":"3 minutos"},"schema":{"@context":"https:\/\/schema.org","@graph":[{"@type":"WebPage","@id":"https:\/\/psicologia.udd.cl\/certificacion-psicologia\/perfil-de-egreso\/","url":"https:\/\/psicologia.udd.cl\/certificacion-psicologia\/perfil-de-egreso\/","name":"Perfil de egreso - 3er Proceso de Certificaci\u00f3n | Psicolog\u00eda UDD","isPartOf":{"@id":"https:\/\/psicologia.udd.cl\/certificacion-psicologia\/#website"},"primaryImageOfPage":{"@id":"https:\/\/psicologia.udd.cl\/certificacion-psicologia\/perfil-de-egreso\/#primaryimage"},"image":{"@id":"https:\/\/psicologia.udd.cl\/certificacion-psicologia\/perfil-de-egreso\/#primaryimage"},"thumbnailUrl":"https:\/\/psicologia.udd.cl\/files\/2022\/05\/Perfil_de_egreso_02-1024x1024.jpg","datePublished":"2023-04-19T19:39:14+00:00","breadcrumb":{"@id":"https:\/\/psicologia.udd.cl\/certificacion-psicologia\/perfil-de-egreso\/#breadcrumb"},"inLanguage":"es","potentialAction":[{"@type":"ReadAction","target":["https:\/\/psicologia.udd.cl\/certificacion-psicologia\/perfil-de-egreso\/"]}]},{"@type":"ImageObject","inLanguage":"es","@id":"https:\/\/psicologia.udd.cl\/certificacion-psicologia\/perfil-de-egreso\/#primaryimage","url":"https:\/\/psicologia.udd.cl\/files\/2022\/05\/Perfil_de_egreso_02-1024x1024.jpg","contentUrl":"https:\/\/psicologia.udd.cl\/files\/2022\/05\/Perfil_de_egreso_02-1024x1024.jpg"},{"@type":"BreadcrumbList","@id":"https:\/\/psicologia.udd.cl\/certificacion-psicologia\/perfil-de-egreso\/#breadcrumb","itemListElement":[{"@type":"ListItem","position":1,"name":"Portada","item":"https:\/\/psicologia.udd.cl\/certificacion-psicologia\/"},{"@type":"ListItem","position":2,"name":"Perfil de egreso"}]},{"@type":"WebSite","@id":"https:\/\/psicologia.udd.cl\/certificacion-psicologia\/#website","url":"https:\/\/psicologia.udd.cl\/certificacion-psicologia\/","name":"3er Proceso de Certificaci\u00f3n | Psicolog\u00eda UDD","description":"Facultad de Psicolog\u00eda | Universidad del Desarrollo","inLanguage":"es"}]}},"_links":{"self":[{"href":"https:\/\/psicologia.udd.cl\/certificacion-psicologia\/wp-json\/wp\/v2\/pages\/84","targetHints":{"allow":["GET"]}}],"collection":[{"href":"https:\/\/psicologia.udd.cl\/certificacion-psicologia\/wp-json\/wp\/v2\/pages"}],"about":[{"href":"https:\/\/psicologia.udd.cl\/certificacion-psicologia\/wp-json\/wp\/v2\/types\/page"}],"author":[{"embeddable":true,"href":"https:\/\/psicologia.udd.cl\/certificacion-psicologia\/wp-json\/wp\/v2\/users\/9192205"}],"replies":[{"embeddable":true,"href":"https:\/\/psicologia.udd.cl\/certificacion-psicologia\/wp-json\/wp\/v2\/comments?post=84"}],"version-history":[{"count":0,"href":"https:\/\/psicologia.udd.cl\/certificacion-psicologia\/wp-json\/wp\/v2\/pages\/84\/revisions"}],"wp:attachment":[{"href":"https:\/\/psicologia.udd.cl\/certificacion-psicologia\/wp-json\/wp\/v2\/media?parent=84"}],"curies":[{"name":"wp","href":"https:\/\/api.w.org\/{rel}","templated":true}]}}