{"id":81,"date":"2023-04-19T19:38:04","date_gmt":"2023-04-19T19:38:04","guid":{"rendered":"https:\/\/psicologia.udd.cl\/certificacion-psicologia\/?page_id=81"},"modified":"2023-04-19T19:38:04","modified_gmt":"2023-04-19T19:38:04","slug":"mision","status":"publish","type":"page","link":"https:\/\/psicologia.udd.cl\/certificacion-psicologia\/mision\/","title":{"rendered":"Misi\u00f3n"},"content":{"rendered":"\n<p>Enfocamos nuestra misi\u00f3n en contribuir a la formaci\u00f3n de\u00a0<strong>profesionales de excelencia<\/strong>, comprometidos con el\u00a0<strong>bienestar y desarrollo psicosocial<\/strong>\u00a0de las personas y de la comunidad, en un entorno acad\u00e9mico que promueva la\u00a0<strong>generaci\u00f3n y aplicaci\u00f3n<\/strong>\u00a0del conocimiento de la disciplina.<\/p>\n","protected":false},"excerpt":{"rendered":"<p>Enfocamos nuestra misi\u00f3n en contribuir a la formaci\u00f3n de\u00a0profesionales de excelencia, comprometidos con el\u00a0bienestar y desarrollo psicosocial\u00a0de las personas y de la comunidad, en un entorno acad\u00e9mico que promueva la\u00a0generaci\u00f3n y aplicaci\u00f3n\u00a0del conocimiento de la disciplina.<\/p>\n","protected":false},"author":9192205,"featured_media":0,"parent":0,"menu_order":0,"comment_status":"closed","ping_status":"closed","template":"","meta":{"footnotes":""},"class_list":["post-81","page","type-page","status-publish","hentry"],"yoast_head":"<!-- This site is optimized with the Yoast SEO plugin v26.9 - https:\/\/yoast.com\/product\/yoast-seo-wordpress\/ -->\n<title>Misi\u00f3n - 3er Proceso de Certificaci\u00f3n | Psicolog\u00eda UDD<\/title>\n<meta name=\"robots\" content=\"index, follow, max-snippet:-1, max-image-preview:large, max-video-preview:-1\" \/>\n<link rel=\"canonical\" href=\"https:\/\/psicologia.udd.cl\/certificacion-psicologia\/mision\/\" \/>\n<meta property=\"og:locale\" content=\"es_ES\" \/>\n<meta property=\"og:type\" content=\"article\" \/>\n<meta property=\"og:title\" content=\"Misi\u00f3n - 3er Proceso de Certificaci\u00f3n | Psicolog\u00eda UDD\" \/>\n<meta property=\"og:description\" content=\"Enfocamos nuestra misi\u00f3n en contribuir a la formaci\u00f3n de\u00a0profesionales de excelencia, comprometidos con el\u00a0bienestar y desarrollo psicosocial\u00a0de las personas y de la comunidad, en un entorno acad\u00e9mico que promueva la\u00a0generaci\u00f3n y aplicaci\u00f3n\u00a0del conocimiento de la disciplina.\" \/>\n<meta property=\"og:url\" content=\"https:\/\/psicologia.udd.cl\/certificacion-psicologia\/mision\/\" \/>\n<meta property=\"og:site_name\" content=\"3er Proceso de Certificaci\u00f3n | Psicolog\u00eda UDD\" \/>\n<meta name=\"twitter:card\" content=\"summary_large_image\" \/>\n<meta name=\"twitter:label1\" content=\"Tiempo de lectura\" \/>\n\t<meta name=\"twitter:data1\" content=\"1 minuto\" \/>\n<script type=\"application\/ld+json\" class=\"yoast-schema-graph\">{\"@context\":\"https:\/\/schema.org\",\"@graph\":[{\"@type\":\"WebPage\",\"@id\":\"https:\/\/psicologia.udd.cl\/certificacion-psicologia\/mision\/\",\"url\":\"https:\/\/psicologia.udd.cl\/certificacion-psicologia\/mision\/\",\"name\":\"Misi\u00f3n - 3er Proceso de Certificaci\u00f3n | Psicolog\u00eda UDD\",\"isPartOf\":{\"@id\":\"https:\/\/psicologia.udd.cl\/certificacion-psicologia\/#website\"},\"datePublished\":\"2023-04-19T19:38:04+00:00\",\"breadcrumb\":{\"@id\":\"https:\/\/psicologia.udd.cl\/certificacion-psicologia\/mision\/#breadcrumb\"},\"inLanguage\":\"es\",\"potentialAction\":[{\"@type\":\"ReadAction\",\"target\":[\"https:\/\/psicologia.udd.cl\/certificacion-psicologia\/mision\/\"]}]},{\"@type\":\"BreadcrumbList\",\"@id\":\"https:\/\/psicologia.udd.cl\/certificacion-psicologia\/mision\/#breadcrumb\",\"itemListElement\":[{\"@type\":\"ListItem\",\"position\":1,\"name\":\"Portada\",\"item\":\"https:\/\/psicologia.udd.cl\/certificacion-psicologia\/\"},{\"@type\":\"ListItem\",\"position\":2,\"name\":\"Misi\u00f3n\"}]},{\"@type\":\"WebSite\",\"@id\":\"https:\/\/psicologia.udd.cl\/certificacion-psicologia\/#website\",\"url\":\"https:\/\/psicologia.udd.cl\/certificacion-psicologia\/\",\"name\":\"3er Proceso de Certificaci\u00f3n | Psicolog\u00eda UDD\",\"description\":\"Facultad de Psicolog\u00eda | Universidad del Desarrollo\",\"inLanguage\":\"es\"}]}<\/script>\n<!-- \/ Yoast SEO plugin. -->","yoast_head_json":{"title":"Misi\u00f3n - 3er Proceso de Certificaci\u00f3n | Psicolog\u00eda UDD","robots":{"index":"index","follow":"follow","max-snippet":"max-snippet:-1","max-image-preview":"max-image-preview:large","max-video-preview":"max-video-preview:-1"},"canonical":"https:\/\/psicologia.udd.cl\/certificacion-psicologia\/mision\/","og_locale":"es_ES","og_type":"article","og_title":"Misi\u00f3n - 3er Proceso de Certificaci\u00f3n | Psicolog\u00eda UDD","og_description":"Enfocamos nuestra misi\u00f3n en contribuir a la formaci\u00f3n de\u00a0profesionales de excelencia, comprometidos con el\u00a0bienestar y desarrollo psicosocial\u00a0de las personas y de la comunidad, en un entorno acad\u00e9mico que promueva la\u00a0generaci\u00f3n y aplicaci\u00f3n\u00a0del conocimiento de la disciplina.","og_url":"https:\/\/psicologia.udd.cl\/certificacion-psicologia\/mision\/","og_site_name":"3er Proceso de Certificaci\u00f3n | Psicolog\u00eda UDD","twitter_card":"summary_large_image","twitter_misc":{"Tiempo de lectura":"1 minuto"},"schema":{"@context":"https:\/\/schema.org","@graph":[{"@type":"WebPage","@id":"https:\/\/psicologia.udd.cl\/certificacion-psicologia\/mision\/","url":"https:\/\/psicologia.udd.cl\/certificacion-psicologia\/mision\/","name":"Misi\u00f3n - 3er Proceso de Certificaci\u00f3n | Psicolog\u00eda UDD","isPartOf":{"@id":"https:\/\/psicologia.udd.cl\/certificacion-psicologia\/#website"},"datePublished":"2023-04-19T19:38:04+00:00","breadcrumb":{"@id":"https:\/\/psicologia.udd.cl\/certificacion-psicologia\/mision\/#breadcrumb"},"inLanguage":"es","potentialAction":[{"@type":"ReadAction","target":["https:\/\/psicologia.udd.cl\/certificacion-psicologia\/mision\/"]}]},{"@type":"BreadcrumbList","@id":"https:\/\/psicologia.udd.cl\/certificacion-psicologia\/mision\/#breadcrumb","itemListElement":[{"@type":"ListItem","position":1,"name":"Portada","item":"https:\/\/psicologia.udd.cl\/certificacion-psicologia\/"},{"@type":"ListItem","position":2,"name":"Misi\u00f3n"}]},{"@type":"WebSite","@id":"https:\/\/psicologia.udd.cl\/certificacion-psicologia\/#website","url":"https:\/\/psicologia.udd.cl\/certificacion-psicologia\/","name":"3er Proceso de Certificaci\u00f3n | Psicolog\u00eda UDD","description":"Facultad de Psicolog\u00eda | Universidad del Desarrollo","inLanguage":"es"}]}},"_links":{"self":[{"href":"https:\/\/psicologia.udd.cl\/certificacion-psicologia\/wp-json\/wp\/v2\/pages\/81","targetHints":{"allow":["GET"]}}],"collection":[{"href":"https:\/\/psicologia.udd.cl\/certificacion-psicologia\/wp-json\/wp\/v2\/pages"}],"about":[{"href":"https:\/\/psicologia.udd.cl\/certificacion-psicologia\/wp-json\/wp\/v2\/types\/page"}],"author":[{"embeddable":true,"href":"https:\/\/psicologia.udd.cl\/certificacion-psicologia\/wp-json\/wp\/v2\/users\/9192205"}],"replies":[{"embeddable":true,"href":"https:\/\/psicologia.udd.cl\/certificacion-psicologia\/wp-json\/wp\/v2\/comments?post=81"}],"version-history":[{"count":0,"href":"https:\/\/psicologia.udd.cl\/certificacion-psicologia\/wp-json\/wp\/v2\/pages\/81\/revisions"}],"wp:attachment":[{"href":"https:\/\/psicologia.udd.cl\/certificacion-psicologia\/wp-json\/wp\/v2\/media?parent=81"}],"curies":[{"name":"wp","href":"https:\/\/api.w.org\/{rel}","templated":true}]}}