{"id":174,"date":"2023-12-07T11:29:32","date_gmt":"2023-12-07T14:29:32","guid":{"rendered":"https:\/\/psicologia.udd.cl\/certificacion-psicologia\/?page_id=174"},"modified":"2024-01-15T11:51:32","modified_gmt":"2024-01-15T14:51:32","slug":"resultados-informe-autoevaluacion","status":"publish","type":"page","link":"https:\/\/psicologia.udd.cl\/certificacion-psicologia\/resultados-informe-autoevaluacion\/","title":{"rendered":"Resultados Informe Autoevaluaci\u00f3n"},"content":{"rendered":"\n<p>En base a lo que fue la redacci\u00f3n del Informe de Autoevaluaci\u00f3n queremos presentarte los diferentes resultados que entreg\u00f3 este proceso.<\/p>\n\n\n<!-- WP Block: UDD - Cards Alternate -->\n<section class=\"wp-block-udd-cards\" style=\"--udd-blocks-has-columns-number: 4\">\n\t<div class=\"container\">\n\t\t\t\t\t<header class=\"header__innerblock block__header\">\n\t\t\t\n<h2>Plan de estudios<\/h2>\n\t\n\t\n\t<\/header>\n\t\t\t\t<div class=\"block__content\">\n\t\t\t<div class=\"cards\">\n\t\t\t\t\t\t\t\t\t\t\t\t\t\t\t\t\t<div class=\"card-wrapper\">\n\t\t\t\t\t\t<div class=\"card\">\n\t\t\t\t\t\t\t<h3 class=\"card__title\">Plan de estudios aut\u00e9ntico: \u00fanico e innovador<\/h3>\n\t\t\t\t\t\t\t\t\t\t\t\t\t\t<div class=\"card__description\">\n\t\t\t\t\t\t\t\t<p>Nuestra malla est\u00e1 dise\u00f1ada observando continuamente las necesidades del entorno laboral y lo<br \/>requerido por la disciplina. <br \/>Nuestro plan de estudios  cuenta con un seguimiento permanente y sistem\u00e1tico que permite ir<br \/>actualizando y ajustando el proceso formativo.<\/p>\n\t\t\t\t\t\t\t<\/div>\n\t\t\t\t\t\t\t\t\t\t\t\t\t<\/div>\n\t\t\t\t\t<\/div>\n\t\t\t\t\t\t\t\t\t\t\t\t\t\t\t\t\t\t\t\t\t<div class=\"card-wrapper\">\n\t\t\t\t\t\t<div class=\"card\">\n\t\t\t\t\t\t\t<h3 class=\"card__title\">Modelo educativo coherente con las habilidades del siglo XXI<\/h3>\n\t\t\t\t\t\t\t\t\t\t\t\t\t\t<div class=\"card__description\">\n\t\t\t\t\t\t\t\t<p>Priorizamos y<br \/>fortalecemos el <strong>aprendizaje experiencial<\/strong>, trabajo<br \/>colaborativo, transformaci\u00f3n digital,<br \/>interdisciplina y globalizaci\u00f3n.<\/p>\n\t\t\t\t\t\t\t<\/div>\n\t\t\t\t\t\t\t\t\t\t\t\t\t<\/div>\n\t\t\t\t\t<\/div>\n\t\t\t\t\t\t\t\t\t\t\t\t\t\t\t\t\t\t\t\t\t<div class=\"card-wrapper\">\n\t\t\t\t\t\t<div class=\"card\">\n\t\t\t\t\t\t\t<h3 class=\"card__title\">Actividades pr\u00e1cticas progresivas dentro y fuera de la sala de clases<\/h3>\n\t\t\t\t\t\t\t\t\t\t\t\t\t\t<div class=\"card__description\">\n\t\t\t\t\t\t\t\t<p>Adquiriendo mayor complejidad a lo largo de la carrera, donde se busca el entrenamiento y desarrollo<br \/>de competencias indicadas en el perfil de egreso<\/p>\n\t\t\t\t\t\t\t<\/div>\n\t\t\t\t\t\t\t\t\t\t\t\t\t<\/div>\n\t\t\t\t\t<\/div>\n\t\t\t\t\t\t\t\t\t\t\t\t\t\t\t\t\t\t\t\t\t<div class=\"card-wrapper\">\n\t\t\t\t\t\t<div class=\"card\">\n\t\t\t\t\t\t\t<h3 class=\"card__title\">Potente investigaci\u00f3n disciplinar<\/h3>\n\t\t\t\t\t\t\t\t\t\t\t\t\t\t<div class=\"card__description\">\n\t\t\t\t\t\t\t\t<p>La facultad cuenta con un plan que favorece y potencia la investigaci\u00f3n disciplinar, siendo destacada al<br \/>interior de la UDD por su productividad cient\u00edfica y la contribuci\u00f3n a la generaci\u00f3n de un entorno acad\u00e9mico<br \/>estimulante que nutre a pregrado y postgrado.<\/p>\n\t\t\t\t\t\t\t<\/div>\n\t\t\t\t\t\t\t\t\t\t\t\t\t<\/div>\n\t\t\t\t\t<\/div>\n\t\t\t\t\t\t\t\t\t\t<\/div>\n\t\t<\/div>\n\t<\/div>\n<\/section>\n\n\n<!-- WP Block: UDD - Cards Alternate -->\n<section class=\"wp-block-udd-cards\" style=\"--udd-blocks-has-columns-number: 2\">\n\t<div class=\"container\">\n\t\t\t\t\t<header class=\"header__innerblock block__header\">\n\t\t\t\n<h2>Indicadores de progresi\u00f3n<\/h2>\n\t\n\t\n\t<\/header>\n\t\t\t\t<div class=\"block__content\">\n\t\t\t<div class=\"cards\">\n\t\t\t\t\t\t\t\t\t\t\t\t\t\t\t\t\t<div class=\"card-wrapper\">\n\t\t\t\t\t\t<div class=\"card\">\n\t\t\t\t\t\t\t<h3 class=\"card__title\">Mecanismos de seguimiento<\/h3>\n\t\t\t\t\t\t\t\t\t\t\t\t\t\t<div class=\"card__description\">\n\t\t\t\t\t\t\t\t<p>Contamos con mecanismos para hacer el s<strong>eguimiento de la progresi\u00f3n de los estudiantes<\/strong> desde que ingresan<br \/>hasta que se titulan de manera sistem\u00e1tica, alineados con las asignaturas. Estos son procesos rigurosos y<br \/>participativos.<\/p>\n\t\t\t\t\t\t\t<\/div>\n\t\t\t\t\t\t\t\t\t\t\t\t\t<\/div>\n\t\t\t\t\t<\/div>\n\t\t\t\t\t\t\t\t\t\t\t\t\t\t\t\t\t\t\t\t\t<div class=\"card-wrapper\">\n\t\t\t\t\t\t<div class=\"card\">\n\t\t\t\t\t\t\t<h3 class=\"card__title\">Mecanismos de acompa\u00f1amiento<\/h3>\n\t\t\t\t\t\t\t\t\t\t\t\t\t\t<div class=\"card__description\">\n\t\t\t\t\t\t\t\t<p>Se identifica un s\u00f3lido apoyo tanto a nivel UDD como a nivel<br \/>de la carrera frente a las dificultades de progresi\u00f3n de los estudiantes que permiten intervenir y trabajar a nivel<br \/>promocional y preventivo. C\u00f3mo por ejemplo el Centro de Apoyo al Desempe\u00f1o Acad\u00e9mico (CADA) y Servicio de<br \/>Psicolog\u00eda Integral (SPI)<\/p>\n\t\t\t\t\t\t\t<\/div>\n\t\t\t\t\t\t\t\t\t\t\t\t\t<\/div>\n\t\t\t\t\t<\/div>\n\t\t\t\t\t\t\t\t\t\t<\/div>\n\t\t<\/div>\n\t<\/div>\n<\/section>\n\n\n<!-- WP Block: UDD - Cards Alternate -->\n<section class=\"wp-block-udd-cards\" style=\"--udd-blocks-has-columns-number: 3\">\n\t<div class=\"container\">\n\t\t\t\t\t<header class=\"header__innerblock block__header\">\n\t\t\t\n<h2>Perfil de Egreso<\/h2>\n\t\n\t\n\t<\/header>\n\t\t\t\t<div class=\"block__content\">\n\t\t\t<div class=\"cards\">\n\t\t\t\t\t\t\t\t\t\t\t\t\t\t\t\t\t<div class=\"card-wrapper\">\n\t\t\t\t\t\t<div class=\"card\">\n\t\t\t\t\t\t\t<h3 class=\"card__title\">Perfil de egreso actualizado<\/h3>\n\t\t\t\t\t\t\t\t\t\t\t\t\t\t<div class=\"card__description\">\n\t\t\t\t\t\t\t\t<p>El perfil de egreso es actualizado considerando los requerimientos de la disciplina y necesidades pa\u00eds, cuenta<br \/>con mecanismos de evaluaci\u00f3n y seguimiento de procesos y resultados formativos.<\/p>\n\t\t\t\t\t\t\t<\/div>\n\t\t\t\t\t\t\t\t\t\t\t\t\t<\/div>\n\t\t\t\t\t<\/div>\n\t\t\t\t\t\t\t\t\t\t\t\t\t\t\t\t\t\t\t\t\t<div class=\"card-wrapper\">\n\t\t\t\t\t\t<div class=\"card\">\n\t\t\t\t\t\t\t<h3 class=\"card__title\">Plan de seguimiento a egresados<\/h3>\n\t\t\t\t\t\t\t\t\t\t\t\t\t\t<div class=\"card__description\">\n\t\t\t\t\t\t\t\t<p>Contamos con un plan de seguimiento a egresados y de vinculaci\u00f3n con el medio, lo que nos ayuda a tener una<br \/>comunicaci\u00f3n permanente con nuestros Alumni, quienes nos retroalimentan entregando informaci\u00f3n muy valiosa<br \/>sobre su formaci\u00f3n y el campo laboral actual.<\/p>\n\t\t\t\t\t\t\t<\/div>\n\t\t\t\t\t\t\t\t\t\t\t\t\t<\/div>\n\t\t\t\t\t<\/div>\n\t\t\t\t\t\t\t\t\t\t\t\t\t\t\t\t\t\t\t\t\t<div class=\"card-wrapper\">\n\t\t\t\t\t\t<div class=\"card\">\n\t\t\t\t\t\t\t<h3 class=\"card__title\">Redes institucionales<\/h3>\n\t\t\t\t\t\t\t\t\t\t\t\t\t\t<div class=\"card__description\">\n\t\t\t\t\t\t\t\t<p>A nivel Institucional, la Red ALUMNI y Red de Colocaci\u00f3n fortalecen la comunicaci\u00f3n con egresados, facilitando<br \/>el ingreso al primer empleo.<\/p>\n\t\t\t\t\t\t\t<\/div>\n\t\t\t\t\t\t\t\t\t\t\t\t\t<\/div>\n\t\t\t\t\t<\/div>\n\t\t\t\t\t\t\t\t\t\t<\/div>\n\t\t<\/div>\n\t<\/div>\n<\/section>\n\n\n<!-- WP Block: UDD - Cards Alternate -->\n<section class=\"wp-block-udd-cards\" style=\"--udd-blocks-has-columns-number: 2\">\n\t<div class=\"container\">\n\t\t\t\t\t<header class=\"header__innerblock block__header\">\n\t\t\t\n<h2>Cuerpo docente<\/h2>\n\t\n\t\n\t<\/header>\n\t\t\t\t<div class=\"block__content\">\n\t\t\t<div class=\"cards\">\n\t\t\t\t\t\t\t\t\t\t\t\t\t\t\t\t\t<div class=\"card-wrapper\">\n\t\t\t\t\t\t<div class=\"card\">\n\t\t\t\t\t\t\t<h3 class=\"card__title\">Docente UDD integral<\/h3>\n\t\t\t\t\t\t\t\t\t\t\t\t\t\t<div class=\"card__description\">\n\t\t\t\t\t\t\t\t<p>Esto significa que no s\u00f3lo tenga un vasto conocimiento te\u00f3rico y experiencia<br \/>profesional sino, adem\u00e1s, competencias<br \/>pedag\u00f3gicas y habilidades interpersonales para<br \/>gestionar el plan de estudios e integrar a todos los actores del proceso formativo en funci\u00f3n al logro de los Perfiles de Egreso<\/p>\n\t\t\t\t\t\t\t<\/div>\n\t\t\t\t\t\t\t\t\t\t\t\t\t<\/div>\n\t\t\t\t\t<\/div>\n\t\t\t\t\t\t\t\t\t\t\t\t\t\t\t\t\t\t\t\t\t<div class=\"card-wrapper\">\n\t\t\t\t\t\t<div class=\"card\">\n\t\t\t\t\t\t\t<h3 class=\"card__title\">Docentes a la vanguardia<\/h3>\n\t\t\t\t\t\t\t\t\t\t\t\t\t\t<div class=\"card__description\">\n\t\t\t\t\t\t\t\t<p>Docentes con investigaci\u00f3n permanente respecto a los procesos de ense\u00f1anza-aprendizaje.<\/p>\n\t\t\t\t\t\t\t<\/div>\n\t\t\t\t\t\t\t\t\t\t\t\t\t<\/div>\n\t\t\t\t\t<\/div>\n\t\t\t\t\t\t\t\t\t\t<\/div>\n\t\t<\/div>\n\t<\/div>\n<\/section>\n\n\n<section class=\"wp-block-udd-text-row block--bg-gray\">\n\t<div class=\"text-row\">\n\t\t<div class=\"text-row__content\">\n\t\t\t<div class=\"text-row__content-inner text\">\n\t\t\t\t\t\t\t\t<h2>Mejoramiento continuo y autorregulaci\u00f3n<\/h2>\n\t\t\t\t\t\t\t\t\n<p>Facultad es destacada por su continuo proceso de mejoramiento y capacidad de adaptaci\u00f3n, ya que, la carrera<br>demuestra el funcionamiento org\u00e1nico de una estructura, marco reglamentario y mecanismos de control y<br>monitoreo de los procesos acad\u00e9micos y de gesti\u00f3n administrativa como reflejo de una cultura de autorregulaci\u00f3n<\/p>\n\t\t\t<\/div>\n\t\t<\/div>\n\t\t<div class=\"text-row__media\">\n\t\t\t<img loading=\"lazy\" decoding=\"async\" width=\"952\" height=\"534\" src=\"https:\/\/psicologia.udd.cl\/certificacion-psicologia\/files\/2023\/04\/img_5261-scaled-1-680x382.jpg\" class=\"text-row__media-image lazyload\" alt=\"\" sizes=\"auto, (max-width: 952px) 100vw, 952px\" data-src=\"https:\/\/psicologia.udd.cl\/certificacion-psicologia\/files\/2023\/04\/img_5261-scaled-1-952x534.jpg\" data-srcset=\"https:\/\/psicologia.udd.cl\/certificacion-psicologia\/files\/2023\/04\/img_5261-scaled-1-952x534.jpg 952w, https:\/\/psicologia.udd.cl\/certificacion-psicologia\/files\/2023\/04\/img_5261-scaled-1-1366x768.jpg 1366w, https:\/\/psicologia.udd.cl\/certificacion-psicologia\/files\/2023\/04\/img_5261-scaled-1-680x382.jpg 680w\" \/>\t\t<\/div>\n\t<\/div>\n<\/section>\n","protected":false},"excerpt":{"rendered":"<p>En base a lo que fue la redacci\u00f3n del Informe de Autoevaluaci\u00f3n queremos presentarte los diferentes resultados que entreg\u00f3 este proceso.<\/p>\n","protected":false},"author":9192205,"featured_media":0,"parent":0,"menu_order":0,"comment_status":"closed","ping_status":"closed","template":"","meta":{"footnotes":""},"class_list":["post-174","page","type-page","status-publish","hentry"],"yoast_head":"<!-- This site is optimized with the Yoast SEO plugin v26.9 - https:\/\/yoast.com\/product\/yoast-seo-wordpress\/ -->\n<title>Resultados Informe Autoevaluaci\u00f3n - 3er Proceso de Certificaci\u00f3n | Psicolog\u00eda UDD<\/title>\n<meta name=\"robots\" content=\"index, follow, max-snippet:-1, max-image-preview:large, max-video-preview:-1\" \/>\n<link rel=\"canonical\" href=\"https:\/\/psicologia.udd.cl\/certificacion-psicologia\/resultados-informe-autoevaluacion\/\" \/>\n<meta property=\"og:locale\" content=\"es_ES\" \/>\n<meta property=\"og:type\" content=\"article\" \/>\n<meta property=\"og:title\" content=\"Resultados Informe Autoevaluaci\u00f3n - 3er Proceso de Certificaci\u00f3n | Psicolog\u00eda UDD\" \/>\n<meta property=\"og:description\" content=\"En base a lo que fue la redacci\u00f3n del Informe de Autoevaluaci\u00f3n queremos presentarte los diferentes resultados que entreg\u00f3 este proceso.\" \/>\n<meta property=\"og:url\" content=\"https:\/\/psicologia.udd.cl\/certificacion-psicologia\/resultados-informe-autoevaluacion\/\" \/>\n<meta property=\"og:site_name\" content=\"3er Proceso de Certificaci\u00f3n | Psicolog\u00eda UDD\" \/>\n<meta property=\"article:modified_time\" content=\"2024-01-15T14:51:32+00:00\" \/>\n<meta property=\"og:image\" content=\"https:\/\/psicologia.udd.cl\/certificacion-psicologia\/files\/2023\/04\/img_5261-scaled-1.jpg\" \/>\n<meta name=\"twitter:card\" content=\"summary_large_image\" \/>\n<meta name=\"twitter:label1\" content=\"Tiempo de lectura\" \/>\n\t<meta name=\"twitter:data1\" content=\"1 minuto\" \/>\n<script type=\"application\/ld+json\" class=\"yoast-schema-graph\">{\"@context\":\"https:\/\/schema.org\",\"@graph\":[{\"@type\":\"WebPage\",\"@id\":\"https:\/\/psicologia.udd.cl\/certificacion-psicologia\/resultados-informe-autoevaluacion\/\",\"url\":\"https:\/\/psicologia.udd.cl\/certificacion-psicologia\/resultados-informe-autoevaluacion\/\",\"name\":\"Resultados Informe Autoevaluaci\u00f3n - 3er Proceso de Certificaci\u00f3n | Psicolog\u00eda UDD\",\"isPartOf\":{\"@id\":\"https:\/\/psicologia.udd.cl\/certificacion-psicologia\/#website\"},\"primaryImageOfPage\":{\"@id\":\"https:\/\/psicologia.udd.cl\/certificacion-psicologia\/resultados-informe-autoevaluacion\/#primaryimage\"},\"image\":{\"@id\":\"https:\/\/psicologia.udd.cl\/certificacion-psicologia\/resultados-informe-autoevaluacion\/#primaryimage\"},\"thumbnailUrl\":\"https:\/\/psicologia.udd.cl\/certificacion-psicologia\/files\/2023\/04\/img_5261-scaled-1.jpg\",\"datePublished\":\"2023-12-07T14:29:32+00:00\",\"dateModified\":\"2024-01-15T14:51:32+00:00\",\"breadcrumb\":{\"@id\":\"https:\/\/psicologia.udd.cl\/certificacion-psicologia\/resultados-informe-autoevaluacion\/#breadcrumb\"},\"inLanguage\":\"es\",\"potentialAction\":[{\"@type\":\"ReadAction\",\"target\":[\"https:\/\/psicologia.udd.cl\/certificacion-psicologia\/resultados-informe-autoevaluacion\/\"]}]},{\"@type\":\"ImageObject\",\"inLanguage\":\"es\",\"@id\":\"https:\/\/psicologia.udd.cl\/certificacion-psicologia\/resultados-informe-autoevaluacion\/#primaryimage\",\"url\":\"https:\/\/psicologia.udd.cl\/certificacion-psicologia\/files\/2023\/04\/img_5261-scaled-1.jpg\",\"contentUrl\":\"https:\/\/psicologia.udd.cl\/certificacion-psicologia\/files\/2023\/04\/img_5261-scaled-1.jpg\",\"width\":2560,\"height\":1707},{\"@type\":\"BreadcrumbList\",\"@id\":\"https:\/\/psicologia.udd.cl\/certificacion-psicologia\/resultados-informe-autoevaluacion\/#breadcrumb\",\"itemListElement\":[{\"@type\":\"ListItem\",\"position\":1,\"name\":\"Portada\",\"item\":\"https:\/\/psicologia.udd.cl\/certificacion-psicologia\/\"},{\"@type\":\"ListItem\",\"position\":2,\"name\":\"Resultados Informe Autoevaluaci\u00f3n\"}]},{\"@type\":\"WebSite\",\"@id\":\"https:\/\/psicologia.udd.cl\/certificacion-psicologia\/#website\",\"url\":\"https:\/\/psicologia.udd.cl\/certificacion-psicologia\/\",\"name\":\"3er Proceso de Certificaci\u00f3n | Psicolog\u00eda UDD\",\"description\":\"Facultad de Psicolog\u00eda | Universidad del Desarrollo\",\"inLanguage\":\"es\"}]}<\/script>\n<!-- \/ Yoast SEO plugin. -->","yoast_head_json":{"title":"Resultados Informe Autoevaluaci\u00f3n - 3er Proceso de Certificaci\u00f3n | Psicolog\u00eda UDD","robots":{"index":"index","follow":"follow","max-snippet":"max-snippet:-1","max-image-preview":"max-image-preview:large","max-video-preview":"max-video-preview:-1"},"canonical":"https:\/\/psicologia.udd.cl\/certificacion-psicologia\/resultados-informe-autoevaluacion\/","og_locale":"es_ES","og_type":"article","og_title":"Resultados Informe Autoevaluaci\u00f3n - 3er Proceso de Certificaci\u00f3n | Psicolog\u00eda UDD","og_description":"En base a lo que fue la redacci\u00f3n del Informe de Autoevaluaci\u00f3n queremos presentarte los diferentes resultados que entreg\u00f3 este proceso.","og_url":"https:\/\/psicologia.udd.cl\/certificacion-psicologia\/resultados-informe-autoevaluacion\/","og_site_name":"3er Proceso de Certificaci\u00f3n | Psicolog\u00eda UDD","article_modified_time":"2024-01-15T14:51:32+00:00","og_image":[{"url":"https:\/\/psicologia.udd.cl\/certificacion-psicologia\/files\/2023\/04\/img_5261-scaled-1.jpg","type":"","width":"","height":""}],"twitter_card":"summary_large_image","twitter_misc":{"Tiempo de lectura":"1 minuto"},"schema":{"@context":"https:\/\/schema.org","@graph":[{"@type":"WebPage","@id":"https:\/\/psicologia.udd.cl\/certificacion-psicologia\/resultados-informe-autoevaluacion\/","url":"https:\/\/psicologia.udd.cl\/certificacion-psicologia\/resultados-informe-autoevaluacion\/","name":"Resultados Informe Autoevaluaci\u00f3n - 3er Proceso de Certificaci\u00f3n | Psicolog\u00eda UDD","isPartOf":{"@id":"https:\/\/psicologia.udd.cl\/certificacion-psicologia\/#website"},"primaryImageOfPage":{"@id":"https:\/\/psicologia.udd.cl\/certificacion-psicologia\/resultados-informe-autoevaluacion\/#primaryimage"},"image":{"@id":"https:\/\/psicologia.udd.cl\/certificacion-psicologia\/resultados-informe-autoevaluacion\/#primaryimage"},"thumbnailUrl":"https:\/\/psicologia.udd.cl\/certificacion-psicologia\/files\/2023\/04\/img_5261-scaled-1.jpg","datePublished":"2023-12-07T14:29:32+00:00","dateModified":"2024-01-15T14:51:32+00:00","breadcrumb":{"@id":"https:\/\/psicologia.udd.cl\/certificacion-psicologia\/resultados-informe-autoevaluacion\/#breadcrumb"},"inLanguage":"es","potentialAction":[{"@type":"ReadAction","target":["https:\/\/psicologia.udd.cl\/certificacion-psicologia\/resultados-informe-autoevaluacion\/"]}]},{"@type":"ImageObject","inLanguage":"es","@id":"https:\/\/psicologia.udd.cl\/certificacion-psicologia\/resultados-informe-autoevaluacion\/#primaryimage","url":"https:\/\/psicologia.udd.cl\/certificacion-psicologia\/files\/2023\/04\/img_5261-scaled-1.jpg","contentUrl":"https:\/\/psicologia.udd.cl\/certificacion-psicologia\/files\/2023\/04\/img_5261-scaled-1.jpg","width":2560,"height":1707},{"@type":"BreadcrumbList","@id":"https:\/\/psicologia.udd.cl\/certificacion-psicologia\/resultados-informe-autoevaluacion\/#breadcrumb","itemListElement":[{"@type":"ListItem","position":1,"name":"Portada","item":"https:\/\/psicologia.udd.cl\/certificacion-psicologia\/"},{"@type":"ListItem","position":2,"name":"Resultados Informe Autoevaluaci\u00f3n"}]},{"@type":"WebSite","@id":"https:\/\/psicologia.udd.cl\/certificacion-psicologia\/#website","url":"https:\/\/psicologia.udd.cl\/certificacion-psicologia\/","name":"3er Proceso de Certificaci\u00f3n | Psicolog\u00eda UDD","description":"Facultad de Psicolog\u00eda | Universidad del Desarrollo","inLanguage":"es"}]}},"_links":{"self":[{"href":"https:\/\/psicologia.udd.cl\/certificacion-psicologia\/wp-json\/wp\/v2\/pages\/174","targetHints":{"allow":["GET"]}}],"collection":[{"href":"https:\/\/psicologia.udd.cl\/certificacion-psicologia\/wp-json\/wp\/v2\/pages"}],"about":[{"href":"https:\/\/psicologia.udd.cl\/certificacion-psicologia\/wp-json\/wp\/v2\/types\/page"}],"author":[{"embeddable":true,"href":"https:\/\/psicologia.udd.cl\/certificacion-psicologia\/wp-json\/wp\/v2\/users\/9192205"}],"replies":[{"embeddable":true,"href":"https:\/\/psicologia.udd.cl\/certificacion-psicologia\/wp-json\/wp\/v2\/comments?post=174"}],"version-history":[{"count":5,"href":"https:\/\/psicologia.udd.cl\/certificacion-psicologia\/wp-json\/wp\/v2\/pages\/174\/revisions"}],"predecessor-version":[{"id":192,"href":"https:\/\/psicologia.udd.cl\/certificacion-psicologia\/wp-json\/wp\/v2\/pages\/174\/revisions\/192"}],"wp:attachment":[{"href":"https:\/\/psicologia.udd.cl\/certificacion-psicologia\/wp-json\/wp\/v2\/media?parent=174"}],"curies":[{"name":"wp","href":"https:\/\/api.w.org\/{rel}","templated":true}]}}