{"id":158,"date":"2023-05-26T17:55:58","date_gmt":"2023-05-26T17:55:58","guid":{"rendered":"https:\/\/psicologia.udd.cl\/certificacion-psicologia\/?page_id=158"},"modified":"2023-05-26T17:55:59","modified_gmt":"2023-05-26T17:55:59","slug":"competencias-genericas","status":"publish","type":"page","link":"https:\/\/psicologia.udd.cl\/certificacion-psicologia\/formacion\/competencias-genericas\/","title":{"rendered":"Competencias gen\u00e9ricas"},"content":{"rendered":"\n<p>Las\u00a0<strong>competencias gen\u00e9ricas<\/strong>\u00a0forman parte del Proyecto Educativo Institucional y se incorporan a la formaci\u00f3n en Psicolog\u00eda a trav\u00e9s de su distribuci\u00f3n en los distintos programas de asignaturas, en cada ciclo formativo.<\/p>\n\n\n<!-- WP Block: UDD - Cards Alternate -->\n<section class=\"wp-block-udd-cards\" style=\"--udd-blocks-has-columns-number: 8\">\n\t<div class=\"container\">\n\t\t\t\t\t\t\t\t\t<div class=\"block__content\">\n\t\t\t<div class=\"cards\">\n\t\t\t\t\t\t\t\t\t\t\t\t\t\t\t\t\t<div class=\"card-wrapper\">\n\t\t\t\t\t\t<div class=\"card\">\n\t\t\t\t\t\t\t<h3 class=\"card__title\">Comunicaci\u00f3n<\/h3>\n\t\t\t\t\t\t\t\t\t\t\t\t\t<\/div>\n\t\t\t\t\t<\/div>\n\t\t\t\t\t\t\t\t\t\t\t\t\t\t\t\t\t\t\t\t\t<div class=\"card-wrapper\">\n\t\t\t\t\t\t<div class=\"card\">\n\t\t\t\t\t\t\t<h3 class=\"card__title\">Visi\u00f3n Anal\u00edtica<\/h3>\n\t\t\t\t\t\t\t\t\t\t\t\t\t<\/div>\n\t\t\t\t\t<\/div>\n\t\t\t\t\t\t\t\t\t\t\t\t\t\t\t\t\t\t\t\t\t<div class=\"card-wrapper\">\n\t\t\t\t\t\t<div class=\"card\">\n\t\t\t\t\t\t\t<h3 class=\"card__title\">Visi\u00f3n Global<\/h3>\n\t\t\t\t\t\t\t\t\t\t\t\t\t<\/div>\n\t\t\t\t\t<\/div>\n\t\t\t\t\t\t\t\t\t\t\t\t\t\t\t\t\t\t\t\t\t<div class=\"card-wrapper\">\n\t\t\t\t\t\t<div class=\"card\">\n\t\t\t\t\t\t\t<h3 class=\"card__title\">Eficiencia<\/h3>\n\t\t\t\t\t\t\t\t\t\t\t\t\t<\/div>\n\t\t\t\t\t<\/div>\n\t\t\t\t\t\t\t\t\t\t\t\t\t\t\t\t\t\t\t\t\t<div class=\"card-wrapper\">\n\t\t\t\t\t\t<div class=\"card\">\n\t\t\t\t\t\t\t<h3 class=\"card__title\">Autonom\u00eda<\/h3>\n\t\t\t\t\t\t\t\t\t\t\t\t\t<\/div>\n\t\t\t\t\t<\/div>\n\t\t\t\t\t\t\t\t\t\t\t\t\t\t\t\t\t\t\t\t\t<div class=\"card-wrapper\">\n\t\t\t\t\t\t<div class=\"card\">\n\t\t\t\t\t\t\t<h3 class=\"card__title\">\u00c9tica<\/h3>\n\t\t\t\t\t\t\t\t\t\t\t\t\t<\/div>\n\t\t\t\t\t<\/div>\n\t\t\t\t\t\t\t\t\t\t\t\t\t\t\t\t\t\t\t\t\t<div class=\"card-wrapper\">\n\t\t\t\t\t\t<div class=\"card\">\n\t\t\t\t\t\t\t<h3 class=\"card__title\">Responsabilidad P\u00fablica<\/h3>\n\t\t\t\t\t\t\t\t\t\t\t\t\t<\/div>\n\t\t\t\t\t<\/div>\n\t\t\t\t\t\t\t\t\t\t\t\t\t\t\t\t\t\t\t\t\t<div class=\"card-wrapper\">\n\t\t\t\t\t\t<div class=\"card\">\n\t\t\t\t\t\t\t<h3 class=\"card__title\">Emprendimiento y Liderazgo<\/h3>\n\t\t\t\t\t\t\t\t\t\t\t\t\t<\/div>\n\t\t\t\t\t<\/div>\n\t\t\t\t\t\t\t\t\t\t<\/div>\n\t\t<\/div>\n\t<\/div>\n<\/section>\n","protected":false},"excerpt":{"rendered":"<p>Las\u00a0competencias gen\u00e9ricas\u00a0forman parte del Proyecto Educativo Institucional y se incorporan a la formaci\u00f3n en Psicolog\u00eda a trav\u00e9s de su distribuci\u00f3n en los distintos programas de asignaturas, en cada ciclo formativo.<\/p>\n","protected":false},"author":9192205,"featured_media":0,"parent":94,"menu_order":2,"comment_status":"closed","ping_status":"closed","template":"","meta":{"footnotes":""},"class_list":["post-158","page","type-page","status-publish","hentry"],"yoast_head":"<!-- This site is optimized with the Yoast SEO plugin v26.9 - https:\/\/yoast.com\/product\/yoast-seo-wordpress\/ -->\n<title>Competencias gen\u00e9ricas - 3er Proceso de Certificaci\u00f3n | Psicolog\u00eda UDD<\/title>\n<meta name=\"robots\" content=\"index, follow, max-snippet:-1, max-image-preview:large, max-video-preview:-1\" \/>\n<link rel=\"canonical\" href=\"https:\/\/psicologia.udd.cl\/certificacion-psicologia\/formacion\/competencias-genericas\/\" \/>\n<meta property=\"og:locale\" content=\"es_ES\" \/>\n<meta property=\"og:type\" content=\"article\" \/>\n<meta property=\"og:title\" content=\"Competencias gen\u00e9ricas - 3er Proceso de Certificaci\u00f3n | Psicolog\u00eda UDD\" \/>\n<meta property=\"og:description\" content=\"Las\u00a0competencias gen\u00e9ricas\u00a0forman parte del Proyecto Educativo Institucional y se incorporan a la formaci\u00f3n en Psicolog\u00eda a trav\u00e9s de su distribuci\u00f3n en los distintos programas de asignaturas, en cada ciclo formativo.\" \/>\n<meta property=\"og:url\" content=\"https:\/\/psicologia.udd.cl\/certificacion-psicologia\/formacion\/competencias-genericas\/\" \/>\n<meta property=\"og:site_name\" content=\"3er Proceso de Certificaci\u00f3n | Psicolog\u00eda UDD\" \/>\n<meta property=\"article:modified_time\" content=\"2023-05-26T17:55:59+00:00\" \/>\n<meta name=\"twitter:card\" content=\"summary_large_image\" \/>\n<meta name=\"twitter:label1\" content=\"Tiempo de lectura\" \/>\n\t<meta name=\"twitter:data1\" content=\"1 minuto\" \/>\n<script type=\"application\/ld+json\" class=\"yoast-schema-graph\">{\"@context\":\"https:\/\/schema.org\",\"@graph\":[{\"@type\":\"WebPage\",\"@id\":\"https:\/\/psicologia.udd.cl\/certificacion-psicologia\/formacion\/competencias-genericas\/\",\"url\":\"https:\/\/psicologia.udd.cl\/certificacion-psicologia\/formacion\/competencias-genericas\/\",\"name\":\"Competencias gen\u00e9ricas - 3er Proceso de Certificaci\u00f3n | Psicolog\u00eda UDD\",\"isPartOf\":{\"@id\":\"https:\/\/psicologia.udd.cl\/certificacion-psicologia\/#website\"},\"datePublished\":\"2023-05-26T17:55:58+00:00\",\"dateModified\":\"2023-05-26T17:55:59+00:00\",\"breadcrumb\":{\"@id\":\"https:\/\/psicologia.udd.cl\/certificacion-psicologia\/formacion\/competencias-genericas\/#breadcrumb\"},\"inLanguage\":\"es\",\"potentialAction\":[{\"@type\":\"ReadAction\",\"target\":[\"https:\/\/psicologia.udd.cl\/certificacion-psicologia\/formacion\/competencias-genericas\/\"]}]},{\"@type\":\"BreadcrumbList\",\"@id\":\"https:\/\/psicologia.udd.cl\/certificacion-psicologia\/formacion\/competencias-genericas\/#breadcrumb\",\"itemListElement\":[{\"@type\":\"ListItem\",\"position\":1,\"name\":\"Portada\",\"item\":\"https:\/\/psicologia.udd.cl\/certificacion-psicologia\/\"},{\"@type\":\"ListItem\",\"position\":2,\"name\":\"Formaci\u00f3n\",\"item\":\"https:\/\/psicologia.udd.cl\/certificacion-psicologia\/formacion\/\"},{\"@type\":\"ListItem\",\"position\":3,\"name\":\"Competencias gen\u00e9ricas\"}]},{\"@type\":\"WebSite\",\"@id\":\"https:\/\/psicologia.udd.cl\/certificacion-psicologia\/#website\",\"url\":\"https:\/\/psicologia.udd.cl\/certificacion-psicologia\/\",\"name\":\"3er Proceso de Certificaci\u00f3n | Psicolog\u00eda UDD\",\"description\":\"Facultad de Psicolog\u00eda | Universidad del Desarrollo\",\"inLanguage\":\"es\"}]}<\/script>\n<!-- \/ Yoast SEO plugin. -->","yoast_head_json":{"title":"Competencias gen\u00e9ricas - 3er Proceso de Certificaci\u00f3n | Psicolog\u00eda UDD","robots":{"index":"index","follow":"follow","max-snippet":"max-snippet:-1","max-image-preview":"max-image-preview:large","max-video-preview":"max-video-preview:-1"},"canonical":"https:\/\/psicologia.udd.cl\/certificacion-psicologia\/formacion\/competencias-genericas\/","og_locale":"es_ES","og_type":"article","og_title":"Competencias gen\u00e9ricas - 3er Proceso de Certificaci\u00f3n | Psicolog\u00eda UDD","og_description":"Las\u00a0competencias gen\u00e9ricas\u00a0forman parte del Proyecto Educativo Institucional y se incorporan a la formaci\u00f3n en Psicolog\u00eda a trav\u00e9s de su distribuci\u00f3n en los distintos programas de asignaturas, en cada ciclo formativo.","og_url":"https:\/\/psicologia.udd.cl\/certificacion-psicologia\/formacion\/competencias-genericas\/","og_site_name":"3er Proceso de Certificaci\u00f3n | Psicolog\u00eda UDD","article_modified_time":"2023-05-26T17:55:59+00:00","twitter_card":"summary_large_image","twitter_misc":{"Tiempo de lectura":"1 minuto"},"schema":{"@context":"https:\/\/schema.org","@graph":[{"@type":"WebPage","@id":"https:\/\/psicologia.udd.cl\/certificacion-psicologia\/formacion\/competencias-genericas\/","url":"https:\/\/psicologia.udd.cl\/certificacion-psicologia\/formacion\/competencias-genericas\/","name":"Competencias gen\u00e9ricas - 3er Proceso de Certificaci\u00f3n | Psicolog\u00eda UDD","isPartOf":{"@id":"https:\/\/psicologia.udd.cl\/certificacion-psicologia\/#website"},"datePublished":"2023-05-26T17:55:58+00:00","dateModified":"2023-05-26T17:55:59+00:00","breadcrumb":{"@id":"https:\/\/psicologia.udd.cl\/certificacion-psicologia\/formacion\/competencias-genericas\/#breadcrumb"},"inLanguage":"es","potentialAction":[{"@type":"ReadAction","target":["https:\/\/psicologia.udd.cl\/certificacion-psicologia\/formacion\/competencias-genericas\/"]}]},{"@type":"BreadcrumbList","@id":"https:\/\/psicologia.udd.cl\/certificacion-psicologia\/formacion\/competencias-genericas\/#breadcrumb","itemListElement":[{"@type":"ListItem","position":1,"name":"Portada","item":"https:\/\/psicologia.udd.cl\/certificacion-psicologia\/"},{"@type":"ListItem","position":2,"name":"Formaci\u00f3n","item":"https:\/\/psicologia.udd.cl\/certificacion-psicologia\/formacion\/"},{"@type":"ListItem","position":3,"name":"Competencias gen\u00e9ricas"}]},{"@type":"WebSite","@id":"https:\/\/psicologia.udd.cl\/certificacion-psicologia\/#website","url":"https:\/\/psicologia.udd.cl\/certificacion-psicologia\/","name":"3er Proceso de Certificaci\u00f3n | Psicolog\u00eda UDD","description":"Facultad de Psicolog\u00eda | Universidad del Desarrollo","inLanguage":"es"}]}},"_links":{"self":[{"href":"https:\/\/psicologia.udd.cl\/certificacion-psicologia\/wp-json\/wp\/v2\/pages\/158","targetHints":{"allow":["GET"]}}],"collection":[{"href":"https:\/\/psicologia.udd.cl\/certificacion-psicologia\/wp-json\/wp\/v2\/pages"}],"about":[{"href":"https:\/\/psicologia.udd.cl\/certificacion-psicologia\/wp-json\/wp\/v2\/types\/page"}],"author":[{"embeddable":true,"href":"https:\/\/psicologia.udd.cl\/certificacion-psicologia\/wp-json\/wp\/v2\/users\/9192205"}],"replies":[{"embeddable":true,"href":"https:\/\/psicologia.udd.cl\/certificacion-psicologia\/wp-json\/wp\/v2\/comments?post=158"}],"version-history":[{"count":1,"href":"https:\/\/psicologia.udd.cl\/certificacion-psicologia\/wp-json\/wp\/v2\/pages\/158\/revisions"}],"predecessor-version":[{"id":159,"href":"https:\/\/psicologia.udd.cl\/certificacion-psicologia\/wp-json\/wp\/v2\/pages\/158\/revisions\/159"}],"up":[{"embeddable":true,"href":"https:\/\/psicologia.udd.cl\/certificacion-psicologia\/wp-json\/wp\/v2\/pages\/94"}],"wp:attachment":[{"href":"https:\/\/psicologia.udd.cl\/certificacion-psicologia\/wp-json\/wp\/v2\/media?parent=158"}],"curies":[{"name":"wp","href":"https:\/\/api.w.org\/{rel}","templated":true}]}}