{"id":395,"date":"2020-05-08T18:05:35","date_gmt":"2020-05-08T18:05:35","guid":{"rendered":"http:\/\/psicologia.udd.cl\/cebcs\/?page_id=395"},"modified":"2020-10-05T14:08:55","modified_gmt":"2020-10-05T14:08:55","slug":"inicio","status":"publish","type":"page","link":"https:\/\/psicologia.udd.cl\/cebcs\/","title":{"rendered":"Inicio"},"content":{"rendered":"<!-- WP Block: UDD - Fullwidth Cards -->\n<section class=\"wp-block-udd-fullwidth-cards \">\n\t<div class=\"container\">\n\t\t<header class=\"block__header\">\n\t\t\t<h2 class=\"block__title\">Noticias<\/h2>\n\t\t\t\t\t\t<a href=\"https:\/\/psicologia.udd.cl\/cebcs\/category\/noticias-cebcs\/\" class=\"block__view-more\">\n\t\t\t\tVer m\u00e1s noticias\t\t\t<\/a>\n\t\t\t\t\t<\/header>\n\t\t<div class=\"block__content\">\n\t\t\t<div class=\"fullwidth-cards fullwidth-cards--featured\">\n\t\t\t<div class=\"fullwidth-card-wrapper \">\n\t<a href=\"https:\/\/psicologia.udd.cl\/cebcs\/2021\/12\/17\/video-conferencia-bienestar-subjetivo-y-derechos-de-la-ninez-que-podemos-aprender-de-los-ninos-y-ninas\/\" class=\"fullwidth-card fullwidth-card--linkable\">\n\t\t\t\t<img loading=\"lazy\" decoding=\"async\" width=\"265\" height=\"183\" src=\"https:\/\/psicologia.udd.cl\/cebcs\/files\/2021\/12\/Portadas-sitio-web-Psicolog\u00eda-2021-12-07T154608.155-62x62.png\" class=\"fullwidth-card__image wp-post-image lazyload\" alt=\"\" data-src=\"https:\/\/psicologia.udd.cl\/cebcs\/files\/2021\/12\/Portadas-sitio-web-Psicolog\u00eda-2021-12-07T154608.155.png\" \/>\t\t\t\t<div class=\"fullwidth-card__content\">\n\t\t\t<span class=\"fullwidth-card__date\">\n\t\t\t\t17 de diciembre 2021\t\t\t<\/span>\n\t\t\t<h3 class=\"fullwidth-card__title\">[Video] Conferencia | Bienestar subjetivo y derechos de la ni\u00f1ez: \u00bfQu\u00e9 podemos aprender de los ni\u00f1os y ni\u00f1as?<\/h3>\n\t\t\t<span class=\"fullwidth-card__link\">\n\t\t\t\tConocer m\u00e1s\t\t\t<\/span>\n\t\t<\/div>\n\t<\/a>\n<\/div>\n<div class=\"fullwidth-card-wrapper \">\n\t<a href=\"https:\/\/psicologia.udd.cl\/cebcs\/2021\/12\/17\/video-coloquio-dcdp-diferencias-en-bienestar-segun-sexo-en-el-ciclo-vital\/\" class=\"fullwidth-card fullwidth-card--linkable\">\n\t\t\t\t<img loading=\"lazy\" decoding=\"async\" width=\"400\" height=\"400\" src=\"https:\/\/psicologia.udd.cl\/cebcs\/files\/2021\/12\/Fernando-Reyes-R.-62x62.png\" class=\"fullwidth-card__image wp-post-image lazyload\" alt=\"\" data-src=\"https:\/\/psicologia.udd.cl\/cebcs\/files\/2021\/12\/Fernando-Reyes-R.-e1639760100375.png\" \/>\t\t\t\t<div class=\"fullwidth-card__content\">\n\t\t\t<span class=\"fullwidth-card__date\">\n\t\t\t\t17 de diciembre 2021\t\t\t<\/span>\n\t\t\t<h3 class=\"fullwidth-card__title\">[Video] Coloquio DCDP: Diferencias en bienestar seg\u00fan sexo en el ciclo vital.<\/h3>\n\t\t\t<span class=\"fullwidth-card__link\">\n\t\t\t\tConocer m\u00e1s\t\t\t<\/span>\n\t\t<\/div>\n\t<\/a>\n<\/div>\n<div class=\"fullwidth-card-wrapper \">\n\t<a href=\"https:\/\/psicologia.udd.cl\/cebcs\/2021\/12\/03\/diario-el-mercurio-radio-cooperativa-y-diversos-medios-nacionales-destacan-los-resultados-del-estudio-cebcs-efectos-de-la-cuarentena-covid-19-en-el-bienestar-adolescente-liderado-por-el-dr-jai\/\" class=\"fullwidth-card fullwidth-card--linkable\">\n\t\t\t\t<img loading=\"lazy\" decoding=\"async\" width=\"500\" height=\"500\" src=\"https:\/\/psicologia.udd.cl\/cebcs\/files\/2021\/12\/Covid-19-UDD-1-62x62.jpeg\" class=\"fullwidth-card__image wp-post-image lazyload\" alt=\"\" sizes=\"auto, (max-width: 500px) 100vw, 500px\" data-src=\"https:\/\/psicologia.udd.cl\/cebcs\/files\/2021\/12\/Covid-19-UDD-1-500x500.jpeg\" data-srcset=\"https:\/\/psicologia.udd.cl\/cebcs\/files\/2021\/12\/Covid-19-UDD-1-500x500.jpeg 500w, https:\/\/psicologia.udd.cl\/cebcs\/files\/2021\/12\/Covid-19-UDD-1-150x150.jpeg 150w, https:\/\/psicologia.udd.cl\/cebcs\/files\/2021\/12\/Covid-19-UDD-1-62x62.jpeg 62w, https:\/\/psicologia.udd.cl\/cebcs\/files\/2021\/12\/Covid-19-UDD-1-750x750.jpeg 750w, https:\/\/psicologia.udd.cl\/cebcs\/files\/2021\/12\/Covid-19-UDD-1-250x250.jpeg 250w, https:\/\/psicologia.udd.cl\/cebcs\/files\/2021\/12\/Covid-19-UDD-1-126x126.jpeg 126w\" \/>\t\t\t\t<div class=\"fullwidth-card__content\">\n\t\t\t<span class=\"fullwidth-card__date\">\n\t\t\t\t3 de diciembre 2021\t\t\t<\/span>\n\t\t\t<h3 class=\"fullwidth-card__title\">Diario el Mercurio, Radio Cooperativa y diversos medios nacionales destacan los resultados del estudio CEBCS: \u00abEfectos de la Cuarentena Covid-19 en el Bienestar Adolescente\u00bb, liderado por el Dr. Jaime Alfaro<\/h3>\n\t\t\t<span class=\"fullwidth-card__link\">\n\t\t\t\tConocer m\u00e1s\t\t\t<\/span>\n\t\t<\/div>\n\t<\/a>\n<\/div>\n<div class=\"fullwidth-card-wrapper \">\n\t<a href=\"https:\/\/psicologia.udd.cl\/cebcs\/2021\/11\/30\/indice-de-bienestar\/\" class=\"fullwidth-card fullwidth-card--linkable\">\n\t\t\t\t<img loading=\"lazy\" decoding=\"async\" width=\"500\" height=\"500\" src=\"https:\/\/psicologia.udd.cl\/cebcs\/files\/2021\/11\/Patricio-Ramirez-62x62.jpeg\" class=\"fullwidth-card__image wp-post-image lazyload\" alt=\"\" sizes=\"auto, (max-width: 500px) 100vw, 500px\" data-src=\"https:\/\/psicologia.udd.cl\/cebcs\/files\/2021\/11\/Patricio-Ramirez-500x500.jpeg\" data-srcset=\"https:\/\/psicologia.udd.cl\/cebcs\/files\/2021\/11\/Patricio-Ramirez-500x500.jpeg 500w, https:\/\/psicologia.udd.cl\/cebcs\/files\/2021\/11\/Patricio-Ramirez-150x150.jpeg 150w, https:\/\/psicologia.udd.cl\/cebcs\/files\/2021\/11\/Patricio-Ramirez-62x62.jpeg 62w, https:\/\/psicologia.udd.cl\/cebcs\/files\/2021\/11\/Patricio-Ramirez-750x750.jpeg 750w, https:\/\/psicologia.udd.cl\/cebcs\/files\/2021\/11\/Patricio-Ramirez-250x250.jpeg 250w, https:\/\/psicologia.udd.cl\/cebcs\/files\/2021\/11\/Patricio-Ramirez-126x126.jpeg 126w\" \/>\t\t\t\t<div class=\"fullwidth-card__content\">\n\t\t\t<span class=\"fullwidth-card__date\">\n\t\t\t\t30 de noviembre 2021\t\t\t<\/span>\n\t\t\t<h3 class=\"fullwidth-card__title\">Dr. Patricio Ram\u00edrez publica resultados del \u00cdndice de Bienestar, estudio liderado por la Facultad de Psicolog\u00eda UDD<\/h3>\n\t\t\t<span class=\"fullwidth-card__link\">\n\t\t\t\tConocer m\u00e1s\t\t\t<\/span>\n\t\t<\/div>\n\t<\/a>\n<\/div>\n<div class=\"fullwidth-card-wrapper \">\n\t<a href=\"https:\/\/psicologia.udd.cl\/cebcs\/2021\/11\/29\/director-del-cebcs-dr-jorge-varela-participa-en-expo-impacto-udd-2021\/\" class=\"fullwidth-card fullwidth-card--linkable\">\n\t\t\t\t<img loading=\"lazy\" decoding=\"async\" width=\"500\" height=\"500\" src=\"https:\/\/psicologia.udd.cl\/cebcs\/files\/2021\/11\/Expo-impacto-62x62.png\" class=\"fullwidth-card__image wp-post-image lazyload\" alt=\"\" sizes=\"auto, (max-width: 500px) 100vw, 500px\" data-src=\"https:\/\/psicologia.udd.cl\/cebcs\/files\/2021\/11\/Expo-impacto-500x500.png\" data-srcset=\"https:\/\/psicologia.udd.cl\/cebcs\/files\/2021\/11\/Expo-impacto-500x500.png 500w, https:\/\/psicologia.udd.cl\/cebcs\/files\/2021\/11\/Expo-impacto-150x150.png 150w, https:\/\/psicologia.udd.cl\/cebcs\/files\/2021\/11\/Expo-impacto-62x62.png 62w, https:\/\/psicologia.udd.cl\/cebcs\/files\/2021\/11\/Expo-impacto-250x250.png 250w, https:\/\/psicologia.udd.cl\/cebcs\/files\/2021\/11\/Expo-impacto-126x126.png 126w\" \/>\t\t\t\t<div class=\"fullwidth-card__content\">\n\t\t\t<span class=\"fullwidth-card__date\">\n\t\t\t\t29 de noviembre 2021\t\t\t<\/span>\n\t\t\t<h3 class=\"fullwidth-card__title\">Director del CEBCS Dr. Jorge Varela participa en Expo Impacto UDD 2021<\/h3>\n\t\t\t<span class=\"fullwidth-card__link\">\n\t\t\t\tConocer m\u00e1s\t\t\t<\/span>\n\t\t<\/div>\n\t<\/a>\n<\/div>\n\t\t\t<\/div>\n\t\t<\/div>\n\t<\/div>\n<\/section>\n\n\n<!-- WP Block: UDD - Access Cards -->\n<section\n\tid=\"udd-access-cards--1\"\n\tclass=\"wp-block-udd-access-cards\n\t\t\"\n\t\tstyle=\"\n\t\t--udd-blocks-has-columns-number: 4\t\t\"\n\t>\n\t<div class=\"container\">\n\t\t\t\t<div class=\"block__content\">\n\t\t\t<div\n\t\t\t\tclass=\"udd-access-cards\"\n\t\t\t\t\t\t\t>\n\t\t\t<div\n\tdata-index=\"1\"\n\tclass=\"udd-access-card-wrapper udd-access-card-wrapper--has-description\"\n\t>\n\t<a href=\"https:\/\/psicologia.udd.cl\/cebcs\/sobre-el-centro\/\" class=\"access-card access-card--profile\" data-url=\"https:\/\/psicologia.udd.cl\/cebcs\/sobre-el-centro\/\">\n\t\t\t\t\t\t<h3\n\t\t\tdata-index=\"1\"\n\t\t\tclass=\"access-card__title\"\n\t\t>\n\t\t\tSobre el centro\t\t<\/h3>\n\t\t\t\t<p class=\"access-card__description\">\n\t\t\tEl CEBCS integra en su prop\u00f3sito de investigaci\u00f3n el estudio de los factores que contribuyen a una convivencia social positiva\t\t<\/p>\n\t\t\t\t<div class=\"access-card__link\">\n\t\t\t<span class=\"access-card__link-text\">Conocer m\u00e1s<\/span>\n\t\t<\/div>\n\t<\/a>\n<\/div>\n<div\n\tdata-index=\"2\"\n\tclass=\"udd-access-card-wrapper udd-access-card-wrapper--has-description\"\n\t>\n\t<a href=\"https:\/\/psicologia.udd.cl\/cebcs\/equipo\/\" class=\"access-card access-card--profile\" data-url=\"https:\/\/psicologia.udd.cl\/cebcs\/equipo\/\">\n\t\t\t\t\t\t<h3\n\t\t\tdata-index=\"2\"\n\t\t\tclass=\"access-card__title\"\n\t\t>\n\t\t\tEquipo\t\t<\/h3>\n\t\t\t\t<p class=\"access-card__description\">\n\t\t\tConoce al equipo del centro, directores, doctorantes e investigadores asociados\t\t<\/p>\n\t\t\t\t<div class=\"access-card__link\">\n\t\t\t<span class=\"access-card__link-text\">Conocer m\u00e1s<\/span>\n\t\t<\/div>\n\t<\/a>\n<\/div>\n<div\n\tdata-index=\"3\"\n\tclass=\"udd-access-card-wrapper udd-access-card-wrapper--has-description\"\n\t>\n\t<a href=\"https:\/\/psicologia.udd.cl\/cebcs\/publicaciones\/\" class=\"access-card access-card--profile\" data-url=\"https:\/\/psicologia.udd.cl\/cebcs\/publicaciones\/\">\n\t\t\t\t\t\t<h3\n\t\t\tdata-index=\"3\"\n\t\t\tclass=\"access-card__title\"\n\t\t>\n\t\t\tPublicaciones\t\t<\/h3>\n\t\t\t\t<p class=\"access-card__description\">\n\t\t\tDisponibilizamos nuestras publicaciones sobre Bienestar y Convivencia Social\t\t<\/p>\n\t\t\t\t<div class=\"access-card__link\">\n\t\t\t<span class=\"access-card__link-text\">Conocer m\u00e1s<\/span>\n\t\t<\/div>\n\t<\/a>\n<\/div>\n<div\n\tdata-index=\"4\"\n\tclass=\"udd-access-card-wrapper udd-access-card-wrapper--has-description\"\n\t>\n\t<a href=\"https:\/\/psicologia.udd.cl\/cebcs\/noticias-cebcs-2\/\" class=\"access-card access-card--profile\" data-url=\"https:\/\/psicologia.udd.cl\/cebcs\/noticias-cebcs-2\/\">\n\t\t\t\t\t\t<h3\n\t\t\tdata-index=\"4\"\n\t\t\tclass=\"access-card__title\"\n\t\t>\n\t\t\tResultados estudios\t\t<\/h3>\n\t\t\t\t<p class=\"access-card__description\">\n\t\t\tRevisa las \u00faltimas investigaciones de los acad\u00e9micos del CEBCS\t\t<\/p>\n\t\t\t\t<div class=\"access-card__link\">\n\t\t\t<span class=\"access-card__link-text\">Conocer m\u00e1s<\/span>\n\t\t<\/div>\n\t<\/a>\n<\/div>\n\t\t\t<\/div>\n\t\t<\/div>\n\t<\/div>\n<\/section>\n\n\n<!-- WP Block: UDD - Fullwidth Cards -->\n<section class=\"wp-block-udd-fullwidth-cards \">\n\t<div class=\"container\">\n\t\t<header class=\"block__header\">\n\t\t\t<h2 class=\"block__title\">Vida CEBCS<\/h2>\n\t\t\t\t\t\t<a href=\"https:\/\/psicologia.udd.cl\/cebcs\/category\/vida-cebcs\/\" class=\"block__view-more\">\n\t\t\t\tVer m\u00e1s noticias\t\t\t<\/a>\n\t\t\t\t\t<\/header>\n\t\t<div class=\"block__content\">\n\t\t\t<div class=\"fullwidth-cards\">\n\t\t\t<div class=\"fullwidth-card-wrapper \">\n\t<a href=\"https:\/\/psicologia.udd.cl\/cebcs\/2021\/12\/17\/video-conferencia-bienestar-subjetivo-y-derechos-de-la-ninez-que-podemos-aprender-de-los-ninos-y-ninas\/\" class=\"fullwidth-card fullwidth-card--linkable\">\n\t\t\t\t<img loading=\"lazy\" decoding=\"async\" width=\"265\" height=\"183\" src=\"https:\/\/psicologia.udd.cl\/cebcs\/files\/2021\/12\/Portadas-sitio-web-Psicolog\u00eda-2021-12-07T154608.155-62x62.png\" class=\"fullwidth-card__image wp-post-image lazyload\" alt=\"\" data-src=\"https:\/\/psicologia.udd.cl\/cebcs\/files\/2021\/12\/Portadas-sitio-web-Psicolog\u00eda-2021-12-07T154608.155.png\" \/>\t\t\t\t<div class=\"fullwidth-card__content\">\n\t\t\t<span class=\"fullwidth-card__date\">\n\t\t\t\t17 de diciembre 2021\t\t\t<\/span>\n\t\t\t<h3 class=\"fullwidth-card__title\">[Video] Conferencia | Bienestar subjetivo y derechos de la ni\u00f1ez: \u00bfQu\u00e9 podemos aprender de los ni\u00f1os y ni\u00f1as?<\/h3>\n\t\t\t<span class=\"fullwidth-card__link\">\n\t\t\t\tConocer m\u00e1s\t\t\t<\/span>\n\t\t<\/div>\n\t<\/a>\n<\/div>\n<div class=\"fullwidth-card-wrapper \">\n\t<a href=\"https:\/\/psicologia.udd.cl\/cebcs\/2021\/12\/17\/video-coloquio-dcdp-diferencias-en-bienestar-segun-sexo-en-el-ciclo-vital\/\" class=\"fullwidth-card fullwidth-card--linkable\">\n\t\t\t\t<img loading=\"lazy\" decoding=\"async\" width=\"400\" height=\"400\" src=\"https:\/\/psicologia.udd.cl\/cebcs\/files\/2021\/12\/Fernando-Reyes-R.-62x62.png\" class=\"fullwidth-card__image wp-post-image lazyload\" alt=\"\" data-src=\"https:\/\/psicologia.udd.cl\/cebcs\/files\/2021\/12\/Fernando-Reyes-R.-e1639760100375.png\" \/>\t\t\t\t<div class=\"fullwidth-card__content\">\n\t\t\t<span class=\"fullwidth-card__date\">\n\t\t\t\t17 de diciembre 2021\t\t\t<\/span>\n\t\t\t<h3 class=\"fullwidth-card__title\">[Video] Coloquio DCDP: Diferencias en bienestar seg\u00fan sexo en el ciclo vital.<\/h3>\n\t\t\t<span class=\"fullwidth-card__link\">\n\t\t\t\tConocer m\u00e1s\t\t\t<\/span>\n\t\t<\/div>\n\t<\/a>\n<\/div>\n<div class=\"fullwidth-card-wrapper \">\n\t<a href=\"https:\/\/psicologia.udd.cl\/cebcs\/2021\/12\/03\/diario-el-mercurio-radio-cooperativa-y-diversos-medios-nacionales-destacan-los-resultados-del-estudio-cebcs-efectos-de-la-cuarentena-covid-19-en-el-bienestar-adolescente-liderado-por-el-dr-jai\/\" class=\"fullwidth-card fullwidth-card--linkable\">\n\t\t\t\t<img loading=\"lazy\" decoding=\"async\" width=\"500\" height=\"500\" src=\"https:\/\/psicologia.udd.cl\/cebcs\/files\/2021\/12\/Covid-19-UDD-1-62x62.jpeg\" class=\"fullwidth-card__image wp-post-image lazyload\" alt=\"\" sizes=\"auto, (max-width: 500px) 100vw, 500px\" data-src=\"https:\/\/psicologia.udd.cl\/cebcs\/files\/2021\/12\/Covid-19-UDD-1-500x500.jpeg\" data-srcset=\"https:\/\/psicologia.udd.cl\/cebcs\/files\/2021\/12\/Covid-19-UDD-1-500x500.jpeg 500w, https:\/\/psicologia.udd.cl\/cebcs\/files\/2021\/12\/Covid-19-UDD-1-150x150.jpeg 150w, https:\/\/psicologia.udd.cl\/cebcs\/files\/2021\/12\/Covid-19-UDD-1-62x62.jpeg 62w, https:\/\/psicologia.udd.cl\/cebcs\/files\/2021\/12\/Covid-19-UDD-1-750x750.jpeg 750w, https:\/\/psicologia.udd.cl\/cebcs\/files\/2021\/12\/Covid-19-UDD-1-250x250.jpeg 250w, https:\/\/psicologia.udd.cl\/cebcs\/files\/2021\/12\/Covid-19-UDD-1-126x126.jpeg 126w\" \/>\t\t\t\t<div class=\"fullwidth-card__content\">\n\t\t\t<span class=\"fullwidth-card__date\">\n\t\t\t\t3 de diciembre 2021\t\t\t<\/span>\n\t\t\t<h3 class=\"fullwidth-card__title\">Diario el Mercurio, Radio Cooperativa y diversos medios nacionales destacan los resultados del estudio CEBCS: \u00abEfectos de la Cuarentena Covid-19 en el Bienestar Adolescente\u00bb, liderado por el Dr. Jaime Alfaro<\/h3>\n\t\t\t<span class=\"fullwidth-card__link\">\n\t\t\t\tConocer m\u00e1s\t\t\t<\/span>\n\t\t<\/div>\n\t<\/a>\n<\/div>\n<div class=\"fullwidth-card-wrapper \">\n\t<a href=\"https:\/\/psicologia.udd.cl\/cebcs\/2021\/11\/30\/indice-de-bienestar\/\" class=\"fullwidth-card fullwidth-card--linkable\">\n\t\t\t\t<img loading=\"lazy\" decoding=\"async\" width=\"500\" height=\"500\" src=\"https:\/\/psicologia.udd.cl\/cebcs\/files\/2021\/11\/Patricio-Ramirez-62x62.jpeg\" class=\"fullwidth-card__image wp-post-image lazyload\" alt=\"\" sizes=\"auto, (max-width: 500px) 100vw, 500px\" data-src=\"https:\/\/psicologia.udd.cl\/cebcs\/files\/2021\/11\/Patricio-Ramirez-500x500.jpeg\" data-srcset=\"https:\/\/psicologia.udd.cl\/cebcs\/files\/2021\/11\/Patricio-Ramirez-500x500.jpeg 500w, https:\/\/psicologia.udd.cl\/cebcs\/files\/2021\/11\/Patricio-Ramirez-150x150.jpeg 150w, https:\/\/psicologia.udd.cl\/cebcs\/files\/2021\/11\/Patricio-Ramirez-62x62.jpeg 62w, https:\/\/psicologia.udd.cl\/cebcs\/files\/2021\/11\/Patricio-Ramirez-750x750.jpeg 750w, https:\/\/psicologia.udd.cl\/cebcs\/files\/2021\/11\/Patricio-Ramirez-250x250.jpeg 250w, https:\/\/psicologia.udd.cl\/cebcs\/files\/2021\/11\/Patricio-Ramirez-126x126.jpeg 126w\" \/>\t\t\t\t<div class=\"fullwidth-card__content\">\n\t\t\t<span class=\"fullwidth-card__date\">\n\t\t\t\t30 de noviembre 2021\t\t\t<\/span>\n\t\t\t<h3 class=\"fullwidth-card__title\">Dr. Patricio Ram\u00edrez publica resultados del \u00cdndice de Bienestar, estudio liderado por la Facultad de Psicolog\u00eda UDD<\/h3>\n\t\t\t<span class=\"fullwidth-card__link\">\n\t\t\t\tConocer m\u00e1s\t\t\t<\/span>\n\t\t<\/div>\n\t<\/a>\n<\/div>\n<div class=\"fullwidth-card-wrapper \">\n\t<a href=\"https:\/\/psicologia.udd.cl\/cebcs\/2021\/11\/29\/director-del-cebcs-dr-jorge-varela-participa-en-expo-impacto-udd-2021\/\" class=\"fullwidth-card fullwidth-card--linkable\">\n\t\t\t\t<img loading=\"lazy\" decoding=\"async\" width=\"500\" height=\"500\" src=\"https:\/\/psicologia.udd.cl\/cebcs\/files\/2021\/11\/Expo-impacto-62x62.png\" class=\"fullwidth-card__image wp-post-image lazyload\" alt=\"\" sizes=\"auto, (max-width: 500px) 100vw, 500px\" data-src=\"https:\/\/psicologia.udd.cl\/cebcs\/files\/2021\/11\/Expo-impacto-500x500.png\" data-srcset=\"https:\/\/psicologia.udd.cl\/cebcs\/files\/2021\/11\/Expo-impacto-500x500.png 500w, https:\/\/psicologia.udd.cl\/cebcs\/files\/2021\/11\/Expo-impacto-150x150.png 150w, https:\/\/psicologia.udd.cl\/cebcs\/files\/2021\/11\/Expo-impacto-62x62.png 62w, https:\/\/psicologia.udd.cl\/cebcs\/files\/2021\/11\/Expo-impacto-250x250.png 250w, https:\/\/psicologia.udd.cl\/cebcs\/files\/2021\/11\/Expo-impacto-126x126.png 126w\" \/>\t\t\t\t<div class=\"fullwidth-card__content\">\n\t\t\t<span class=\"fullwidth-card__date\">\n\t\t\t\t29 de noviembre 2021\t\t\t<\/span>\n\t\t\t<h3 class=\"fullwidth-card__title\">Director del CEBCS Dr. Jorge Varela participa en Expo Impacto UDD 2021<\/h3>\n\t\t\t<span class=\"fullwidth-card__link\">\n\t\t\t\tConocer m\u00e1s\t\t\t<\/span>\n\t\t<\/div>\n\t<\/a>\n<\/div>\n\t\t\t<\/div>\n\t\t<\/div>\n\t<\/div>\n<\/section>\n","protected":false},"excerpt":{"rendered":"","protected":false},"author":36,"featured_media":0,"parent":0,"menu_order":0,"comment_status":"closed","ping_status":"closed","template":"","meta":{"footnotes":""},"class_list":["post-395","page","type-page","status-publish","hentry"],"_links":{"self":[{"href":"https:\/\/psicologia.udd.cl\/cebcs\/wp-json\/wp\/v2\/pages\/395","targetHints":{"allow":["GET"]}}],"collection":[{"href":"https:\/\/psicologia.udd.cl\/cebcs\/wp-json\/wp\/v2\/pages"}],"about":[{"href":"https:\/\/psicologia.udd.cl\/cebcs\/wp-json\/wp\/v2\/types\/page"}],"author":[{"embeddable":true,"href":"https:\/\/psicologia.udd.cl\/cebcs\/wp-json\/wp\/v2\/users\/36"}],"replies":[{"embeddable":true,"href":"https:\/\/psicologia.udd.cl\/cebcs\/wp-json\/wp\/v2\/comments?post=395"}],"version-history":[{"count":11,"href":"https:\/\/psicologia.udd.cl\/cebcs\/wp-json\/wp\/v2\/pages\/395\/revisions"}],"predecessor-version":[{"id":968,"href":"https:\/\/psicologia.udd.cl\/cebcs\/wp-json\/wp\/v2\/pages\/395\/revisions\/968"}],"wp:attachment":[{"href":"https:\/\/psicologia.udd.cl\/cebcs\/wp-json\/wp\/v2\/media?parent=395"}],"curies":[{"name":"wp","href":"https:\/\/api.w.org\/{rel}","templated":true}]}}