{"id":225,"date":"2019-06-10T19:16:29","date_gmt":"2019-06-10T19:16:29","guid":{"rendered":"http:\/\/psicologia.udd.cl\/cebcs\/?page_id=225"},"modified":"2024-04-18T12:16:08","modified_gmt":"2024-04-18T16:16:08","slug":"equipo","status":"publish","type":"page","link":"https:\/\/psicologia.udd.cl\/cebcs\/equipo\/","title":{"rendered":"Equipo"},"content":{"rendered":"<!-- WP Block: UDD - People -->\n<section class=\"wp-block-udd-people \">\n\t<div class=\"container\">\n\t\t\t\t<header class=\"block__header\">\n\t\t\t\t\t\t\t\n<h2 class=\"wp-block-heading\">docentes de Planta UDD<\/h2>\n\t\t\t\t\t\t\t\t<\/header>\n\t\t\t\t<div class=\"people-cards\">\n\t\t\t\t\t<div class=\"person-card\">\n\t<a href=\"https:\/\/psicologia.udd.cl\/cebcs\/persona\/jaime-alfaro-inzunza\/\"\n\t\tclass=\"person-card__inner js-person-modal\"\n\t\tdata-post-id=\"30\"\n\t\tdata-postid=\"30\"\n\t>\n\t\t\t<div class=\"person-card__media\">\n\t\t\t<img loading=\"lazy\" decoding=\"async\" width=\"500\" height=\"458\" src=\"https:\/\/psicologia.udd.cl\/cebcs\/files\/2016\/10\/DSC_2374-e1560194736235-62x62.jpg\" class=\"person-card__image wp-post-image lazyload\" alt=\"\" sizes=\"auto, (max-width: 500px) 100vw, 500px\" data-src=\"https:\/\/psicologia.udd.cl\/cebcs\/files\/2016\/10\/DSC_2374-e1560194736235.jpg\" data-srcset=\"https:\/\/psicologia.udd.cl\/cebcs\/files\/2016\/10\/DSC_2374-e1560194736235.jpg 1800w, https:\/\/psicologia.udd.cl\/cebcs\/files\/2016\/10\/DSC_2374-e1560194736235-300x275.jpg 300w, https:\/\/psicologia.udd.cl\/cebcs\/files\/2016\/10\/DSC_2374-e1560194736235-768x704.jpg 768w, https:\/\/psicologia.udd.cl\/cebcs\/files\/2016\/10\/DSC_2374-e1560194736235-1024x939.jpg 1024w, https:\/\/psicologia.udd.cl\/cebcs\/files\/2016\/10\/DSC_2374-e1560194736235-960x880.jpg 960w\" \/>\t\t<\/div>\n\t\t\t<div class=\"person-card__content\">\n\t\t\t<h3 class=\"person-card__name\">Jaime Alfaro Inzunza<\/h3>\n\t\t\t\t\t<span class=\"person-card__description\">Investigador CEBCS<\/span>\n\t\t\t\t\t<span class=\"person-card__cta\">Ver perfil<\/span>\n\t\t<\/div>\n\t<\/a>\n<\/div>\n\t\t\t\t\t<div class=\"person-card\">\n\t<a href=\"https:\/\/psicologia.udd.cl\/cebcs\/persona\/jorge-varela-torres\/\"\n\t\tclass=\"person-card__inner js-person-modal\"\n\t\tdata-post-id=\"32\"\n\t\tdata-postid=\"32\"\n\t>\n\t\t\t<div class=\"person-card__media\">\n\t\t\t<img loading=\"lazy\" decoding=\"async\" width=\"483\" height=\"500\" src=\"https:\/\/psicologia.udd.cl\/cebcs\/files\/2016\/10\/Jorge-Varela-2019-e1560350695479-62x62.jpg\" class=\"person-card__image wp-post-image lazyload\" alt=\"\" sizes=\"auto, (max-width: 483px) 100vw, 483px\" data-src=\"https:\/\/psicologia.udd.cl\/cebcs\/files\/2016\/10\/Jorge-Varela-2019-e1560350695479.jpg\" data-srcset=\"https:\/\/psicologia.udd.cl\/cebcs\/files\/2016\/10\/Jorge-Varela-2019-e1560350695479.jpg 1470w, https:\/\/psicologia.udd.cl\/cebcs\/files\/2016\/10\/Jorge-Varela-2019-e1560350695479-290x300.jpg 290w, https:\/\/psicologia.udd.cl\/cebcs\/files\/2016\/10\/Jorge-Varela-2019-e1560350695479-768x795.jpg 768w, https:\/\/psicologia.udd.cl\/cebcs\/files\/2016\/10\/Jorge-Varela-2019-e1560350695479-989x1024.jpg 989w, https:\/\/psicologia.udd.cl\/cebcs\/files\/2016\/10\/Jorge-Varela-2019-e1560350695479-927x960.jpg 927w\" \/>\t\t<\/div>\n\t\t\t<div class=\"person-card__content\">\n\t\t\t<h3 class=\"person-card__name\">Jorge Varela Torres<\/h3>\n\t\t\t\t\t<span class=\"person-card__description\">Director CEBCS<\/span>\n\t\t\t\t\t<span class=\"person-card__cta\">Ver perfil<\/span>\n\t\t<\/div>\n\t<\/a>\n<\/div>\n\t\t\t\t\t<div class=\"person-card\">\n\t<a href=\"https:\/\/psicologia.udd.cl\/cebcs\/persona\/fernando-reyes-reyes\/\"\n\t\tclass=\"person-card__inner js-person-modal\"\n\t\tdata-post-id=\"36\"\n\t\tdata-postid=\"36\"\n\t>\n\t\t\t<div class=\"person-card__media\">\n\t\t\t<img loading=\"lazy\" decoding=\"async\" width=\"500\" height=\"492\" src=\"https:\/\/psicologia.udd.cl\/cebcs\/files\/2016\/10\/DSC_2338-e1560351991117-62x62.jpg\" class=\"person-card__image wp-post-image lazyload\" alt=\"\" sizes=\"auto, (max-width: 500px) 100vw, 500px\" data-src=\"https:\/\/psicologia.udd.cl\/cebcs\/files\/2016\/10\/DSC_2338-e1560351991117.jpg\" data-srcset=\"https:\/\/psicologia.udd.cl\/cebcs\/files\/2016\/10\/DSC_2338-e1560351991117.jpg 1500w, https:\/\/psicologia.udd.cl\/cebcs\/files\/2016\/10\/DSC_2338-e1560351991117-300x295.jpg 300w, https:\/\/psicologia.udd.cl\/cebcs\/files\/2016\/10\/DSC_2338-e1560351991117-768x756.jpg 768w, https:\/\/psicologia.udd.cl\/cebcs\/files\/2016\/10\/DSC_2338-e1560351991117-1024x1008.jpg 1024w, https:\/\/psicologia.udd.cl\/cebcs\/files\/2016\/10\/DSC_2338-e1560351991117-62x62.jpg 62w, https:\/\/psicologia.udd.cl\/cebcs\/files\/2016\/10\/DSC_2338-e1560351991117-960x945.jpg 960w\" \/>\t\t<\/div>\n\t\t\t<div class=\"person-card__content\">\n\t\t\t<h3 class=\"person-card__name\">Fernando Reyes Reyes<\/h3>\n\t\t\t\t\t<span class=\"person-card__description\">Investigador CEBCS<\/span>\n\t\t\t\t\t<span class=\"person-card__cta\">Ver perfil<\/span>\n\t\t<\/div>\n\t<\/a>\n<\/div>\n\t\t\t\t<\/div>\n\t<\/div>\n<\/section>\n\n\n<!-- WP Block: UDD - People -->\n<section class=\"wp-block-udd-people \">\n\t<div class=\"container\">\n\t\t\t\t<header class=\"block__header\">\n\t\t\t\t\t\t\t\n<h2 class=\"wp-block-heading\">asistentes de investigaci\u00f3n <\/h2>\n\t\t\t\t\t\t\t\t<\/header>\n\t\t\t\t<div class=\"people-cards\">\n\t\t\t\t\t<div class=\"person-card\">\n\t<a href=\"https:\/\/psicologia.udd.cl\/cebcs\/persona\/constanza-gonzalez-matamala\/\"\n\t\tclass=\"person-card__inner js-person-modal\"\n\t\tdata-post-id=\"349\"\n\t\tdata-postid=\"349\"\n\t>\n\t\t\t<div class=\"person-card__content\">\n\t\t\t<h3 class=\"person-card__name\">Constanza Gonz\u00e1lez Matamala<\/h3>\n\t\t\t\t\t<span class=\"person-card__description\">Asistente de Investigaci\u00f3n<\/span>\n\t\t\t\t\t<span class=\"person-card__cta\">Ver perfil<\/span>\n\t\t<\/div>\n\t<\/a>\n<\/div>\n\t\t\t\t\t<div class=\"person-card\">\n\t<a href=\"https:\/\/psicologia.udd.cl\/cebcs\/persona\/daniela-pacheco\/\"\n\t\tclass=\"person-card__inner js-person-modal\"\n\t\tdata-post-id=\"221\"\n\t\tdata-postid=\"221\"\n\t>\n\t\t\t<div class=\"person-card__media\">\n\t\t\t<img loading=\"lazy\" decoding=\"async\" width=\"500\" height=\"375\" src=\"https:\/\/psicologia.udd.cl\/cebcs\/files\/2018\/11\/WhatsApp-Image-2018-11-13-at-4.09.59-PM-62x62.jpeg\" class=\"person-card__image wp-post-image lazyload\" alt=\"\" sizes=\"auto, (max-width: 500px) 100vw, 500px\" data-src=\"https:\/\/psicologia.udd.cl\/cebcs\/files\/2018\/11\/WhatsApp-Image-2018-11-13-at-4.09.59-PM.jpeg\" data-srcset=\"https:\/\/psicologia.udd.cl\/cebcs\/files\/2018\/11\/WhatsApp-Image-2018-11-13-at-4.09.59-PM.jpeg 1280w, https:\/\/psicologia.udd.cl\/cebcs\/files\/2018\/11\/WhatsApp-Image-2018-11-13-at-4.09.59-PM-300x225.jpeg 300w, https:\/\/psicologia.udd.cl\/cebcs\/files\/2018\/11\/WhatsApp-Image-2018-11-13-at-4.09.59-PM-768x576.jpeg 768w, https:\/\/psicologia.udd.cl\/cebcs\/files\/2018\/11\/WhatsApp-Image-2018-11-13-at-4.09.59-PM-1024x768.jpeg 1024w, https:\/\/psicologia.udd.cl\/cebcs\/files\/2018\/11\/WhatsApp-Image-2018-11-13-at-4.09.59-PM-960x720.jpeg 960w\" \/>\t\t<\/div>\n\t\t\t<div class=\"person-card__content\">\n\t\t\t<h3 class=\"person-card__name\">Daniela Pacheco Orme\u00f1o<\/h3>\n\t\t\t\t\t<span class=\"person-card__description\">Asistente de Investigaci\u00f3n<\/span>\n\t\t\t\t\t<span class=\"person-card__cta\">Ver perfil<\/span>\n\t\t<\/div>\n\t<\/a>\n<\/div>\n\t\t\t\t\t<div class=\"person-card\">\n\t<a href=\"https:\/\/psicologia.udd.cl\/cebcs\/persona\/jose-maria-fernandez-de-rota\/\"\n\t\tclass=\"person-card__inner js-person-modal\"\n\t\tdata-post-id=\"156\"\n\t\tdata-postid=\"156\"\n\t>\n\t\t\t<div class=\"person-card__media\">\n\t\t\t<img loading=\"lazy\" decoding=\"async\" width=\"500\" height=\"375\" src=\"https:\/\/psicologia.udd.cl\/cebcs\/files\/2017\/07\/IMG_2614-62x62.jpg\" class=\"person-card__image wp-post-image lazyload\" alt=\"\" sizes=\"auto, (max-width: 500px) 100vw, 500px\" data-src=\"https:\/\/psicologia.udd.cl\/cebcs\/files\/2017\/07\/IMG_2614.jpg\" data-srcset=\"https:\/\/psicologia.udd.cl\/cebcs\/files\/2017\/07\/IMG_2614.jpg 3264w, https:\/\/psicologia.udd.cl\/cebcs\/files\/2017\/07\/IMG_2614-300x225.jpg 300w, https:\/\/psicologia.udd.cl\/cebcs\/files\/2017\/07\/IMG_2614-768x576.jpg 768w, https:\/\/psicologia.udd.cl\/cebcs\/files\/2017\/07\/IMG_2614-1024x768.jpg 1024w, https:\/\/psicologia.udd.cl\/cebcs\/files\/2017\/07\/IMG_2614-960x720.jpg 960w\" \/>\t\t<\/div>\n\t\t\t<div class=\"person-card__content\">\n\t\t\t<h3 class=\"person-card__name\">Jos\u00e9 Mar\u00eda Fern\u00e1ndez de Rota<\/h3>\n\t\t\t\t\t<span class=\"person-card__description\">Asistente de Investigaci\u00f3n<\/span>\n\t\t\t\t\t<span class=\"person-card__cta\">Ver perfil<\/span>\n\t\t<\/div>\n\t<\/a>\n<\/div>\n\t\t\t\t\t<div class=\"person-card\">\n\t<a href=\"https:\/\/psicologia.udd.cl\/cebcs\/persona\/maria-josefina-chuecas-jofre\/\"\n\t\tclass=\"person-card__inner js-person-modal\"\n\t\tdata-post-id=\"247\"\n\t\tdata-postid=\"247\"\n\t>\n\t\t\t<div class=\"person-card__media\">\n\t\t\t<img loading=\"lazy\" decoding=\"async\" width=\"180\" height=\"200\" src=\"https:\/\/psicologia.udd.cl\/cebcs\/files\/2019\/06\/ChuecasMariaJosefina-62x62.jpg\" class=\"person-card__image wp-post-image lazyload\" alt=\"\" data-src=\"https:\/\/psicologia.udd.cl\/cebcs\/files\/2019\/06\/ChuecasMariaJosefina.jpg\" \/>\t\t<\/div>\n\t\t\t<div class=\"person-card__content\">\n\t\t\t<h3 class=\"person-card__name\">Mar\u00eda Josefina Chuecas Jofr\u00e9<\/h3>\n\t\t\t\t\t<span class=\"person-card__description\">Asistente de Investigaci\u00f3n<\/span>\n\t\t\t\t\t<span class=\"person-card__cta\">Ver perfil<\/span>\n\t\t<\/div>\n\t<\/a>\n<\/div>\n\t\t\t\t<\/div>\n\t<\/div>\n<\/section>\n\n\n<!-- WP Block: UDD - People -->\n<section class=\"wp-block-udd-people \">\n\t<div class=\"container\">\n\t\t\t\t<header class=\"block__header\">\n\t\t\t\t\t\t\t\n<h2 class=\"wp-block-heading\">Estudiantes de doctorado<\/h2>\n\t\t\t\t\t\t\t\t<\/header>\n\t\t\t\t<div class=\"people-cards\">\n\t\t\t\t\t<div class=\"person-card\">\n\t<a href=\"https:\/\/psicologia.udd.cl\/cebcs\/persona\/alejandra-villarroel-gutierrez\/\"\n\t\tclass=\"person-card__inner js-person-modal\"\n\t\tdata-post-id=\"250\"\n\t\tdata-postid=\"250\"\n\t>\n\t\t\t<div class=\"person-card__media\">\n\t\t\t<img loading=\"lazy\" decoding=\"async\" width=\"225\" height=\"225\" src=\"https:\/\/psicologia.udd.cl\/cebcs\/files\/2019\/06\/images-62x62.jpg\" class=\"person-card__image wp-post-image lazyload\" alt=\"\" sizes=\"auto, (max-width: 225px) 100vw, 225px\" data-src=\"https:\/\/psicologia.udd.cl\/cebcs\/files\/2019\/06\/images.jpg\" data-srcset=\"https:\/\/psicologia.udd.cl\/cebcs\/files\/2019\/06\/images.jpg 225w, https:\/\/psicologia.udd.cl\/cebcs\/files\/2019\/06\/images-150x150.jpg 150w, https:\/\/psicologia.udd.cl\/cebcs\/files\/2019\/06\/images-62x62.jpg 62w, https:\/\/psicologia.udd.cl\/cebcs\/files\/2019\/06\/images-126x126.jpg 126w\" \/>\t\t<\/div>\n\t\t\t<div class=\"person-card__content\">\n\t\t\t<h3 class=\"person-card__name\">Alejandra Villarroel Guti\u00e9rrez<\/h3>\n\t\t\t\t\t<span class=\"person-card__description\">Doctorante<\/span>\n\t\t\t\t\t<span class=\"person-card__cta\">Ver perfil<\/span>\n\t\t<\/div>\n\t<\/a>\n<\/div>\n\t\t\t\t\t<div class=\"person-card\">\n\t<a href=\"https:\/\/psicologia.udd.cl\/cebcs\/persona\/ana-loreto-ditzel-lacoa\/\"\n\t\tclass=\"person-card__inner js-person-modal\"\n\t\tdata-post-id=\"244\"\n\t\tdata-postid=\"244\"\n\t>\n\t\t\t<div class=\"person-card__media\">\n\t\t\t<img loading=\"lazy\" decoding=\"async\" width=\"452\" height=\"500\" src=\"https:\/\/psicologia.udd.cl\/cebcs\/files\/2019\/06\/IMG_1418-e1560356221978-62x62.jpg\" class=\"person-card__image wp-post-image lazyload\" alt=\"\" sizes=\"auto, (max-width: 452px) 100vw, 452px\" data-src=\"https:\/\/psicologia.udd.cl\/cebcs\/files\/2019\/06\/IMG_1418-e1560356221978.jpg\" data-srcset=\"https:\/\/psicologia.udd.cl\/cebcs\/files\/2019\/06\/IMG_1418-e1560356221978.jpg 2073w, https:\/\/psicologia.udd.cl\/cebcs\/files\/2019\/06\/IMG_1418-e1560356221978-271x300.jpg 271w, https:\/\/psicologia.udd.cl\/cebcs\/files\/2019\/06\/IMG_1418-e1560356221978-768x849.jpg 768w, https:\/\/psicologia.udd.cl\/cebcs\/files\/2019\/06\/IMG_1418-e1560356221978-926x1024.jpg 926w, https:\/\/psicologia.udd.cl\/cebcs\/files\/2019\/06\/IMG_1418-e1560356221978-868x960.jpg 868w\" \/>\t\t<\/div>\n\t\t\t<div class=\"person-card__content\">\n\t\t\t<h3 class=\"person-card__name\">Ana Loreto Ditzel Lacoa<\/h3>\n\t\t\t\t\t<span class=\"person-card__description\">Doctorante<\/span>\n\t\t\t\t\t<span class=\"person-card__cta\">Ver perfil<\/span>\n\t\t<\/div>\n\t<\/a>\n<\/div>\n\t\t\t\t\t<div class=\"person-card\">\n\t<a href=\"https:\/\/psicologia.udd.cl\/cebcs\/persona\/gisela-carillo-bestagno\/\"\n\t\tclass=\"person-card__inner js-person-modal\"\n\t\tdata-post-id=\"249\"\n\t\tdata-postid=\"249\"\n\t>\n\t\t\t<div class=\"person-card__media\">\n\t\t\t<img loading=\"lazy\" decoding=\"async\" width=\"500\" height=\"483\" src=\"https:\/\/psicologia.udd.cl\/cebcs\/files\/2019\/06\/IMG_9889-e1561664248207-62x62.jpg\" class=\"person-card__image wp-post-image lazyload\" alt=\"\" sizes=\"auto, (max-width: 500px) 100vw, 500px\" data-src=\"https:\/\/psicologia.udd.cl\/cebcs\/files\/2019\/06\/IMG_9889-e1561664248207.jpg\" data-srcset=\"https:\/\/psicologia.udd.cl\/cebcs\/files\/2019\/06\/IMG_9889-e1561664248207.jpg 2076w, https:\/\/psicologia.udd.cl\/cebcs\/files\/2019\/06\/IMG_9889-e1561664248207-300x290.jpg 300w, https:\/\/psicologia.udd.cl\/cebcs\/files\/2019\/06\/IMG_9889-e1561664248207-768x742.jpg 768w, https:\/\/psicologia.udd.cl\/cebcs\/files\/2019\/06\/IMG_9889-e1561664248207-1024x989.jpg 1024w, https:\/\/psicologia.udd.cl\/cebcs\/files\/2019\/06\/IMG_9889-e1561664248207-960x927.jpg 960w\" \/>\t\t<\/div>\n\t\t\t<div class=\"person-card__content\">\n\t\t\t<h3 class=\"person-card__name\">Gisela Carillo Bestagno<\/h3>\n\t\t\t\t\t<span class=\"person-card__description\">Asistente de Investigaci\u00f3n<\/span>\n\t\t\t\t\t<span class=\"person-card__cta\">Ver perfil<\/span>\n\t\t<\/div>\n\t<\/a>\n<\/div>\n\t\t\t\t\t<div class=\"person-card\">\n\t<a href=\"https:\/\/psicologia.udd.cl\/cebcs\/persona\/paulina-sanchez-soto\/\"\n\t\tclass=\"person-card__inner js-person-modal\"\n\t\tdata-post-id=\"251\"\n\t\tdata-postid=\"251\"\n\t>\n\t\t\t<div class=\"person-card__media\">\n\t\t\t<img loading=\"lazy\" decoding=\"async\" width=\"500\" height=\"485\" src=\"https:\/\/psicologia.udd.cl\/cebcs\/files\/2019\/06\/IMG_9754-e1560803179566-62x62.jpg\" class=\"person-card__image wp-post-image lazyload\" alt=\"\" sizes=\"auto, (max-width: 500px) 100vw, 500px\" data-src=\"https:\/\/psicologia.udd.cl\/cebcs\/files\/2019\/06\/IMG_9754-e1560803179566.jpg\" data-srcset=\"https:\/\/psicologia.udd.cl\/cebcs\/files\/2019\/06\/IMG_9754-e1560803179566.jpg 2980w, https:\/\/psicologia.udd.cl\/cebcs\/files\/2019\/06\/IMG_9754-e1560803179566-300x291.jpg 300w, https:\/\/psicologia.udd.cl\/cebcs\/files\/2019\/06\/IMG_9754-e1560803179566-768x745.jpg 768w, https:\/\/psicologia.udd.cl\/cebcs\/files\/2019\/06\/IMG_9754-e1560803179566-1024x993.jpg 1024w, https:\/\/psicologia.udd.cl\/cebcs\/files\/2019\/06\/IMG_9754-e1560803179566-960x931.jpg 960w\" \/>\t\t<\/div>\n\t\t\t<div class=\"person-card__content\">\n\t\t\t<h3 class=\"person-card__name\">Paulina S\u00e1nchez Soto<\/h3>\n\t\t\t\t\t<span class=\"person-card__description\">Doctorante<\/span>\n\t\t\t\t\t<span class=\"person-card__cta\">Ver perfil<\/span>\n\t\t<\/div>\n\t<\/a>\n<\/div>\n\t\t\t\t\t<div class=\"person-card\">\n\t<a href=\"https:\/\/psicologia.udd.cl\/cebcs\/persona\/paulina-de-los-angeles-guzman-martinez\/\"\n\t\tclass=\"person-card__inner js-person-modal\"\n\t\tdata-post-id=\"646\"\n\t\tdata-postid=\"646\"\n\t>\n\t\t\t<div class=\"person-card__media\">\n\t\t\t<img loading=\"lazy\" decoding=\"async\" width=\"500\" height=\"500\" src=\"https:\/\/psicologia.udd.cl\/cebcs\/files\/2021\/08\/WhatsApp-Image-2021-08-30-at-16.46.56-62x62.jpeg\" class=\"person-card__image wp-post-image lazyload\" alt=\"\" sizes=\"auto, (max-width: 500px) 100vw, 500px\" data-src=\"https:\/\/psicologia.udd.cl\/cebcs\/files\/2021\/08\/WhatsApp-Image-2021-08-30-at-16.46.56-500x500.jpeg\" data-srcset=\"https:\/\/psicologia.udd.cl\/cebcs\/files\/2021\/08\/WhatsApp-Image-2021-08-30-at-16.46.56-500x500.jpeg 500w, https:\/\/psicologia.udd.cl\/cebcs\/files\/2021\/08\/WhatsApp-Image-2021-08-30-at-16.46.56-150x150.jpeg 150w, https:\/\/psicologia.udd.cl\/cebcs\/files\/2021\/08\/WhatsApp-Image-2021-08-30-at-16.46.56-62x62.jpeg 62w, https:\/\/psicologia.udd.cl\/cebcs\/files\/2021\/08\/WhatsApp-Image-2021-08-30-at-16.46.56-750x750.jpeg 750w, https:\/\/psicologia.udd.cl\/cebcs\/files\/2021\/08\/WhatsApp-Image-2021-08-30-at-16.46.56-250x250.jpeg 250w, https:\/\/psicologia.udd.cl\/cebcs\/files\/2021\/08\/WhatsApp-Image-2021-08-30-at-16.46.56-126x126.jpeg 126w\" \/>\t\t<\/div>\n\t\t\t<div class=\"person-card__content\">\n\t\t\t<h3 class=\"person-card__name\">Paulina de los \u00c1ngeles  Guzm\u00e1n Mart\u00ednez<\/h3>\n\t\t\t\t\t<span class=\"person-card__description\">Doctorante<\/span>\n\t\t\t\t\t<span class=\"person-card__cta\">Ver perfil<\/span>\n\t\t<\/div>\n\t<\/a>\n<\/div>\n\t\t\t\t\t<div class=\"person-card\">\n\t<a href=\"https:\/\/psicologia.udd.cl\/cebcs\/persona\/fracisca-cuevas-cardenas\/\"\n\t\tclass=\"person-card__inner js-person-modal\"\n\t\tdata-post-id=\"651\"\n\t\tdata-postid=\"651\"\n\t>\n\t\t\t<div class=\"person-card__media\">\n\t\t\t<img loading=\"lazy\" decoding=\"async\" width=\"500\" height=\"500\" src=\"https:\/\/psicologia.udd.cl\/cebcs\/files\/2021\/08\/WhatsApp-Image-2021-08-31-at-12.14.20-62x62.jpeg\" class=\"person-card__image wp-post-image lazyload\" alt=\"\" sizes=\"auto, (max-width: 500px) 100vw, 500px\" data-src=\"https:\/\/psicologia.udd.cl\/cebcs\/files\/2021\/08\/WhatsApp-Image-2021-08-31-at-12.14.20-500x500.jpeg\" data-srcset=\"https:\/\/psicologia.udd.cl\/cebcs\/files\/2021\/08\/WhatsApp-Image-2021-08-31-at-12.14.20-500x500.jpeg 500w, https:\/\/psicologia.udd.cl\/cebcs\/files\/2021\/08\/WhatsApp-Image-2021-08-31-at-12.14.20-150x150.jpeg 150w, https:\/\/psicologia.udd.cl\/cebcs\/files\/2021\/08\/WhatsApp-Image-2021-08-31-at-12.14.20-62x62.jpeg 62w, https:\/\/psicologia.udd.cl\/cebcs\/files\/2021\/08\/WhatsApp-Image-2021-08-31-at-12.14.20-250x250.jpeg 250w, https:\/\/psicologia.udd.cl\/cebcs\/files\/2021\/08\/WhatsApp-Image-2021-08-31-at-12.14.20-126x126.jpeg 126w\" \/>\t\t<\/div>\n\t\t\t<div class=\"person-card__content\">\n\t\t\t<h3 class=\"person-card__name\">Francisca  Cuevas C\u00e1rdenas<\/h3>\n\t\t\t\t\t<span class=\"person-card__description\">Doctorante<\/span>\n\t\t\t\t\t<span class=\"person-card__cta\">Ver perfil<\/span>\n\t\t<\/div>\n\t<\/a>\n<\/div>\n\t\t\t\t<\/div>\n\t<\/div>\n<\/section>\n\n\n<!-- WP Block: UDD - People -->\n<section class=\"wp-block-udd-people \">\n\t<div class=\"container\">\n\t\t\t\t<header class=\"block__header\">\n\t\t\t\t\t\t\t\n<h2 class=\"wp-block-heading\">Postdoctorado<\/h2>\n\t\t\t\t\t\t\t\t<\/header>\n\t\t\t\t<div class=\"people-cards\">\n\t\t\t\t\t<div class=\"person-card\">\n\t<a href=\"https:\/\/psicologia.udd.cl\/cebcs\/persona\/rodrigo-quiroz-saavedra\/\"\n\t\tclass=\"person-card__inner js-person-modal\"\n\t\tdata-post-id=\"238\"\n\t\tdata-postid=\"238\"\n\t>\n\t\t\t<div class=\"person-card__media\">\n\t\t\t<img loading=\"lazy\" decoding=\"async\" width=\"470\" height=\"500\" src=\"https:\/\/psicologia.udd.cl\/cebcs\/files\/2019\/06\/IMG_1423-e1560353886323-62x62.jpg\" class=\"person-card__image wp-post-image lazyload\" alt=\"\" sizes=\"auto, (max-width: 470px) 100vw, 470px\" data-src=\"https:\/\/psicologia.udd.cl\/cebcs\/files\/2019\/06\/IMG_1423-e1560353886323.jpg\" data-srcset=\"https:\/\/psicologia.udd.cl\/cebcs\/files\/2019\/06\/IMG_1423-e1560353886323.jpg 2511w, https:\/\/psicologia.udd.cl\/cebcs\/files\/2019\/06\/IMG_1423-e1560353886323-282x300.jpg 282w, https:\/\/psicologia.udd.cl\/cebcs\/files\/2019\/06\/IMG_1423-e1560353886323-768x817.jpg 768w, https:\/\/psicologia.udd.cl\/cebcs\/files\/2019\/06\/IMG_1423-e1560353886323-962x1024.jpg 962w, https:\/\/psicologia.udd.cl\/cebcs\/files\/2019\/06\/IMG_1423-e1560353886323-902x960.jpg 902w\" \/>\t\t<\/div>\n\t\t\t<div class=\"person-card__content\">\n\t\t\t<h3 class=\"person-card__name\">Rodrigo Quiroz Saavedra<\/h3>\n\t\t\t\t\t<span class=\"person-card__description\">Investigador asociado<\/span>\n\t\t\t\t\t<span class=\"person-card__cta\">Ver perfil<\/span>\n\t\t<\/div>\n\t<\/a>\n<\/div>\n\t\t\t\t<\/div>\n\t<\/div>\n<\/section>\n\n\n<!-- WP Block: UDD - People -->\n<section class=\"wp-block-udd-people \">\n\t<div class=\"container\">\n\t\t\t\t<header class=\"block__header\">\n\t\t\t\t\t\t\t\n<h2 class=\"wp-block-heading\">Investigador asociado<\/h2>\n\t\t\t\t\t\t\t\t<\/header>\n\t\t\t\t<div class=\"people-cards\">\n\t\t\t\t\t<div class=\"person-card\">\n\t<a href=\"https:\/\/psicologia.udd.cl\/cebcs\/persona\/carolina-aspilaga-hesse\/\"\n\t\tclass=\"person-card__inner js-person-modal\"\n\t\tdata-post-id=\"121\"\n\t\tdata-postid=\"121\"\n\t>\n\t\t\t<div class=\"person-card__media\">\n\t\t\t<img loading=\"lazy\" decoding=\"async\" width=\"413\" height=\"500\" src=\"https:\/\/psicologia.udd.cl\/cebcs\/files\/2017\/03\/IMG_2234-e1560356624247-62x62.jpg\" class=\"person-card__image wp-post-image lazyload\" alt=\"\" sizes=\"auto, (max-width: 413px) 100vw, 413px\" data-src=\"https:\/\/psicologia.udd.cl\/cebcs\/files\/2017\/03\/IMG_2234-e1560356624247.jpg\" data-srcset=\"https:\/\/psicologia.udd.cl\/cebcs\/files\/2017\/03\/IMG_2234-e1560356624247.jpg 1403w, https:\/\/psicologia.udd.cl\/cebcs\/files\/2017\/03\/IMG_2234-e1560356624247-248x300.jpg 248w, https:\/\/psicologia.udd.cl\/cebcs\/files\/2017\/03\/IMG_2234-e1560356624247-768x929.jpg 768w, https:\/\/psicologia.udd.cl\/cebcs\/files\/2017\/03\/IMG_2234-e1560356624247-847x1024.jpg 847w, https:\/\/psicologia.udd.cl\/cebcs\/files\/2017\/03\/IMG_2234-e1560356624247-794x960.jpg 794w\" \/>\t\t<\/div>\n\t\t\t<div class=\"person-card__content\">\n\t\t\t<h3 class=\"person-card__name\">Carolina Aspillaga Hesse<\/h3>\n\t\t\t\t\t<span class=\"person-card__description\">Investigador asociada<\/span>\n\t\t\t\t\t<span class=\"person-card__cta\">Ver perfil<\/span>\n\t\t<\/div>\n\t<\/a>\n<\/div>\n\t\t\t\t\t<div class=\"person-card\">\n\t<a href=\"https:\/\/psicologia.udd.cl\/cebcs\/persona\/mariavictoria-benavente-delgado\/\"\n\t\tclass=\"person-card__inner js-person-modal\"\n\t\tdata-post-id=\"109\"\n\t\tdata-postid=\"109\"\n\t>\n\t\t\t<div class=\"person-card__media\">\n\t\t\t<img loading=\"lazy\" decoding=\"async\" width=\"250\" height=\"250\" src=\"https:\/\/psicologia.udd.cl\/cebcs\/files\/2016\/12\/Mar\u00eda-Victoria-Benavente-250x250-62x62.png\" class=\"person-card__image wp-post-image lazyload\" alt=\"\" sizes=\"auto, (max-width: 250px) 100vw, 250px\" data-src=\"https:\/\/psicologia.udd.cl\/cebcs\/files\/2016\/12\/Mar\u00eda-Victoria-Benavente-250x250.png\" data-srcset=\"https:\/\/psicologia.udd.cl\/cebcs\/files\/2016\/12\/Mar\u00eda-Victoria-Benavente-250x250.png 250w, https:\/\/psicologia.udd.cl\/cebcs\/files\/2016\/12\/Mar\u00eda-Victoria-Benavente-250x250-150x150.png 150w, https:\/\/psicologia.udd.cl\/cebcs\/files\/2016\/12\/Mar\u00eda-Victoria-Benavente-250x250-62x62.png 62w, https:\/\/psicologia.udd.cl\/cebcs\/files\/2016\/12\/Mar\u00eda-Victoria-Benavente-250x250-126x126.png 126w\" \/>\t\t<\/div>\n\t\t\t<div class=\"person-card__content\">\n\t\t\t<h3 class=\"person-card__name\">Mariavictoria Benavente Delgado<\/h3>\n\t\t\t\t\t<span class=\"person-card__description\">Investigador asociada<\/span>\n\t\t\t\t\t<span class=\"person-card__cta\">Ver perfil<\/span>\n\t\t<\/div>\n\t<\/a>\n<\/div>\n\t\t\t\t<\/div>\n\t<\/div>\n<\/section>\n\n\n<!-- WP Block: UDD - People -->\n<section class=\"wp-block-udd-people \">\n\t<div class=\"container\">\n\t\t\t\t<header class=\"block__header\">\n\t\t\t\t\t\t\t\n<h2 class=\"wp-block-heading\">En Memoria<\/h2>\n\t\t\t\t\t\t\t\t<\/header>\n\t\t\t\t<div class=\"people-cards\">\n\t\t\t\t\t<div class=\"person-card\">\n\t<a href=\"https:\/\/psicologia.udd.cl\/cebcs\/persona\/javier-guzman-pina\/\"\n\t\tclass=\"person-card__inner js-person-modal\"\n\t\tdata-post-id=\"39\"\n\t\tdata-postid=\"39\"\n\t>\n\t\t\t<div class=\"person-card__media\">\n\t\t\t<img loading=\"lazy\" decoding=\"async\" width=\"400\" height=\"400\" src=\"https:\/\/psicologia.udd.cl\/cebcs\/files\/2016\/10\/Javier-Guzm\u00e1n.jpg\" class=\"person-card__image wp-post-image\" alt=\"\" \/>\t\t<\/div>\n\t\t\t<div class=\"person-card__content\">\n\t\t\t<h3 class=\"person-card__name\">Javier Guzm\u00e1n Pi\u00f1a<\/h3>\n\t\t\t\t\t<span class=\"person-card__description\">Investigador CEBCS<\/span>\n\t\t\t\t\t<span class=\"person-card__cta\">Ver perfil<\/span>\n\t\t<\/div>\n\t<\/a>\n<\/div>\n\t\t\t\t<\/div>\n\t<\/div>\n<\/section>\n","protected":false},"excerpt":{"rendered":"","protected":false},"author":36,"featured_media":0,"parent":0,"menu_order":0,"comment_status":"closed","ping_status":"closed","template":"","meta":{"footnotes":""},"class_list":["post-225","page","type-page","status-publish","hentry"],"_links":{"self":[{"href":"https:\/\/psicologia.udd.cl\/cebcs\/wp-json\/wp\/v2\/pages\/225","targetHints":{"allow":["GET"]}}],"collection":[{"href":"https:\/\/psicologia.udd.cl\/cebcs\/wp-json\/wp\/v2\/pages"}],"about":[{"href":"https:\/\/psicologia.udd.cl\/cebcs\/wp-json\/wp\/v2\/types\/page"}],"author":[{"embeddable":true,"href":"https:\/\/psicologia.udd.cl\/cebcs\/wp-json\/wp\/v2\/users\/36"}],"replies":[{"embeddable":true,"href":"https:\/\/psicologia.udd.cl\/cebcs\/wp-json\/wp\/v2\/comments?post=225"}],"version-history":[{"count":26,"href":"https:\/\/psicologia.udd.cl\/cebcs\/wp-json\/wp\/v2\/pages\/225\/revisions"}],"predecessor-version":[{"id":1011,"href":"https:\/\/psicologia.udd.cl\/cebcs\/wp-json\/wp\/v2\/pages\/225\/revisions\/1011"}],"wp:attachment":[{"href":"https:\/\/psicologia.udd.cl\/cebcs\/wp-json\/wp\/v2\/media?parent=225"}],"curies":[{"name":"wp","href":"https:\/\/api.w.org\/{rel}","templated":true}]}}