{"id":22,"date":"2016-07-13T14:40:41","date_gmt":"2016-07-13T14:40:41","guid":{"rendered":"http:\/\/psicologia.udd.cl\/cebcs\/?page_id=22"},"modified":"2020-05-08T18:32:08","modified_gmt":"2020-05-08T18:32:08","slug":"sobre-el-centro","status":"publish","type":"page","link":"https:\/\/psicologia.udd.cl\/cebcs\/sobre-el-centro\/","title":{"rendered":"Sobre el centro"},"content":{"rendered":"<section class=\"wp-block-udd-text-row\">\n\t<div class=\"text-row\">\n\t\t<div class=\"text-row__content\">\n\t\t\t<div class=\"text-row__content-inner text\">\n\t\t\t\t\t\t\t\t\n<p>La historia CEBCS comienza con el prop\u00f3sito principal de desarrollar y aplicar la ciencia psicol\u00f3gica para incrementar el conocimiento sobre el bienestar y la convivencia social. La elecci\u00f3n de estos dos campos, estrechamente relacionados entre s\u00ed, se sustenta en que poseen una gran relevancia acad\u00e9mica, pero tambi\u00e9n social.<\/p>\n\n<p>Con respecto al bienestar, se pretende investigar las \u00e1reas relativas a los diferentes conceptos que caen dentro de esta categor\u00eda (v.g., bienestar subjetivo, bienestar psicol\u00f3gico, bienestar social). Por otra parte, el conocimiento del bienestar ser\u00eda insuficiente, sino se investigan los determinantes psicol\u00f3gicos y sociales que lo producen. As\u00ed, el CEBCS integra en su prop\u00f3sito de investigaci\u00f3n el estudio de los factores que contribuyen a una convivencia social positiva, tanto a nivel intergrupal como interpersonal.<\/p>\n\t\t\t<\/div>\n\t\t<\/div>\n\t\t<div class=\"text-row__media\">\n\t\t\t<img loading=\"lazy\" decoding=\"async\" width=\"712\" height=\"534\" src=\"https:\/\/psicologia.udd.cl\/cebcs\/files\/2019\/06\/Jornada-CEBCS-2019-2-800x450.jpg\" class=\"text-row__media-image lazyload\" alt=\"\" sizes=\"auto, (max-width: 712px) 100vw, 712px\" data-src=\"https:\/\/psicologia.udd.cl\/cebcs\/files\/2019\/06\/Jornada-CEBCS-2019-2.jpg\" data-srcset=\"https:\/\/psicologia.udd.cl\/cebcs\/files\/2019\/06\/Jornada-CEBCS-2019-2.jpg 1024w, https:\/\/psicologia.udd.cl\/cebcs\/files\/2019\/06\/Jornada-CEBCS-2019-2-300x225.jpg 300w, https:\/\/psicologia.udd.cl\/cebcs\/files\/2019\/06\/Jornada-CEBCS-2019-2-768x576.jpg 768w, https:\/\/psicologia.udd.cl\/cebcs\/files\/2019\/06\/Jornada-CEBCS-2019-2-960x720.jpg 960w\" \/>\t\t<\/div>\n\t<\/div>\n<\/section>\n\n\n<section class=\"wp-block-udd-text-row block--content-align-right\">\n\t<div class=\"text-row\">\n\t\t<div class=\"text-row__content\">\n\t\t\t<div class=\"text-row__content-inner text\">\n\t\t\t\t\t\t\t\t<h2>Misi\u00f3n y Visi\u00f3n<\/h2>\n\t\t\t\t\t\t\t\t\n<p><strong>Misi\u00f3n<br><\/strong>Contribuir  al medio nacional e internacional con conocimiento en el  campo\u00a0acad\u00e9mico del bienestar y la convivencia social y respecto de  procesos psicosociales\u00a0ligados a estos fen\u00f3menos. As\u00ed como desarrollar  procesos de trasferencia de \u00e9stos a los\u00a0programas de intervenci\u00f3n  social, particularmente en pol\u00edticas p\u00fablicas.<\/p>\n\n<p><strong>Visi\u00f3n<br><\/strong>Ser  reconocidos a nivel nacional e internacional como un centro de  investigaci\u00f3n\u00a0que contribuye al conocimiento en las \u00e1reas del bienestar,  la convivencia social, y la\u00a0transferencia de este conocimiento a los  programas sociales y las pol\u00edticas p\u00fablicas.<\/p>\n\t\t\t<\/div>\n\t\t<\/div>\n\t\t<div class=\"text-row__media\">\n\t\t\t<img loading=\"lazy\" decoding=\"async\" width=\"712\" height=\"534\" src=\"https:\/\/psicologia.udd.cl\/cebcs\/files\/2019\/06\/IMG_3189-800x450.jpg\" class=\"text-row__media-image lazyload\" alt=\"\" sizes=\"auto, (max-width: 712px) 100vw, 712px\" data-src=\"https:\/\/psicologia.udd.cl\/cebcs\/files\/2019\/06\/IMG_3189.jpg\" data-srcset=\"https:\/\/psicologia.udd.cl\/cebcs\/files\/2019\/06\/IMG_3189.jpg 3264w, https:\/\/psicologia.udd.cl\/cebcs\/files\/2019\/06\/IMG_3189-300x225.jpg 300w, https:\/\/psicologia.udd.cl\/cebcs\/files\/2019\/06\/IMG_3189-768x576.jpg 768w, https:\/\/psicologia.udd.cl\/cebcs\/files\/2019\/06\/IMG_3189-1024x768.jpg 1024w, https:\/\/psicologia.udd.cl\/cebcs\/files\/2019\/06\/IMG_3189-960x720.jpg 960w\" \/>\t\t<\/div>\n\t<\/div>\n<\/section>\n\n\n<section class=\"wp-block-udd-featured-link block--bg-gray\">\n\t<div class=\"container\">\n\t\t<div class=\"featured-link js-show-in-modal\">\n\t\t\t\t\t\t<div class=\"featured-link__media\">\n\t\t\t<a href=\"https:\/\/psicologia.udd.cl\/cebcs\/sobre-el-centro\/lineas-de-investigacion\/\" data-url=\"https:\/\/psicologia.udd.cl\/cebcs\/sobre-el-centro\/lineas-de-investigacion\/\">\n\t\t\t\t\t<img loading=\"lazy\" decoding=\"async\" width=\"573\" height=\"382\" src=\"https:\/\/psicologia.udd.cl\/cebcs\/files\/2019\/06\/DSC_2571.jpg\" class=\"featured-link__media-image lazyload\" alt=\"\" sizes=\"auto, (max-width: 573px) 100vw, 573px\" data-src=\"https:\/\/psicologia.udd.cl\/cebcs\/files\/2019\/06\/DSC_2571.jpg\" data-srcset=\"https:\/\/psicologia.udd.cl\/cebcs\/files\/2019\/06\/DSC_2571.jpg 3000w, https:\/\/psicologia.udd.cl\/cebcs\/files\/2019\/06\/DSC_2571-300x200.jpg 300w, https:\/\/psicologia.udd.cl\/cebcs\/files\/2019\/06\/DSC_2571-768x512.jpg 768w, https:\/\/psicologia.udd.cl\/cebcs\/files\/2019\/06\/DSC_2571-1024x683.jpg 1024w, https:\/\/psicologia.udd.cl\/cebcs\/files\/2019\/06\/DSC_2571-960x640.jpg 960w\" \/>\t\t\t\t<\/a>\n\t\t\t<\/div>\n\t\t\t\t\t\t<div class=\"featured-link__content\">\n\t\t\t\t\t\t\t\t<h4 class=\"featured-link__epigraph\">\n\t\t\t\t\tCEBCS\t\t\t\t<\/h4>\n\t\t\t\t\t\t\t\t\t\t\t\t\t<h3 class=\"featured-link__title\">\n\t\t\t\t\t\t<a data-url=\"https:\/\/psicologia.udd.cl\/cebcs\/sobre-el-centro\/lineas-de-investigacion\/\" href=\"https:\/\/psicologia.udd.cl\/cebcs\/sobre-el-centro\/lineas-de-investigacion\/\">\n\t\t\t\t\t\t\tL\u00edneas de investigaci\u00f3n\t\t\t\t\t\t<\/a>\n\t\t\t\t\t<\/h3>\n\t\t\t\t\t\t\t\t\t\t\t\t<div class=\"featured-link__description\">\n\t\t\t\t\tEl CEBCS integrar\u00e1 a sus l\u00edneas de investigaci\u00f3n, programas relacionados con el estudio del bienestar en la infancia y adolescencia, las din\u00e1micas de convivencia y relaci\u00f3n entre grupos y categor\u00edas sociales\t\t\t\t<\/div>\n\t\t\t\t\t\t\t\t\t\t\t\t\t\t\t\t<a href=\"https:\/\/psicologia.udd.cl\/cebcs\/sobre-el-centro\/lineas-de-investigacion\/\" data-url=\"https:\/\/psicologia.udd.cl\/cebcs\/sobre-el-centro\/lineas-de-investigacion\/\"\n\t\t\t\t\t class=\"featured-link__more\"\t\t\t\t>\n\t\t\t\t\tRevisa las l\u00edneas de investigaci\u00f3n del CEBCS\t\t\t\t<\/a>\n\t\t\t\t\t\t\t<\/div>\n\t\t<\/div>\n\t<\/div>\n<\/section>\n","protected":false},"excerpt":{"rendered":"","protected":false},"author":1,"featured_media":0,"parent":0,"menu_order":0,"comment_status":"closed","ping_status":"closed","template":"","meta":{"footnotes":""},"class_list":["post-22","page","type-page","status-publish","hentry"],"_links":{"self":[{"href":"https:\/\/psicologia.udd.cl\/cebcs\/wp-json\/wp\/v2\/pages\/22","targetHints":{"allow":["GET"]}}],"collection":[{"href":"https:\/\/psicologia.udd.cl\/cebcs\/wp-json\/wp\/v2\/pages"}],"about":[{"href":"https:\/\/psicologia.udd.cl\/cebcs\/wp-json\/wp\/v2\/types\/page"}],"author":[{"embeddable":true,"href":"https:\/\/psicologia.udd.cl\/cebcs\/wp-json\/wp\/v2\/users\/1"}],"replies":[{"embeddable":true,"href":"https:\/\/psicologia.udd.cl\/cebcs\/wp-json\/wp\/v2\/comments?post=22"}],"version-history":[{"count":17,"href":"https:\/\/psicologia.udd.cl\/cebcs\/wp-json\/wp\/v2\/pages\/22\/revisions"}],"predecessor-version":[{"id":416,"href":"https:\/\/psicologia.udd.cl\/cebcs\/wp-json\/wp\/v2\/pages\/22\/revisions\/416"}],"wp:attachment":[{"href":"https:\/\/psicologia.udd.cl\/cebcs\/wp-json\/wp\/v2\/media?parent=22"}],"curies":[{"name":"wp","href":"https:\/\/api.w.org\/{rel}","templated":true}]}}