{"id":822,"date":"2014-06-18T11:29:19","date_gmt":"2014-06-18T15:29:19","guid":{"rendered":"http:\/\/psicologia.udd.cl\/care\/?page_id=822"},"modified":"2020-05-11T11:58:39","modified_gmt":"2020-05-11T15:58:39","slug":"infraestructura-y-equipamiento","status":"publish","type":"page","link":"https:\/\/psicologia.udd.cl\/care\/infraestructura-y-equipamiento\/","title":{"rendered":"Infraestructura y equipamiento"},"content":{"rendered":"<section class=\"wp-block-udd-text-row\">\n\t<div class=\"text-row\">\n\t\t<div class=\"text-row__content\">\n\t\t\t<div class=\"text-row__content-inner text\">\n\t\t\t\t\t\t\t\t\n<p>El <strong>CARE<\/strong> cuenta con 220 m2 dedicados al trabajo en investigaci\u00f3n de alto nivel. Tiene sus oficinas en la Plaza de la Investigaci\u00f3n UDD (Av. Las Condes 12461, torre 3, oficina 306, Las Condes) donde se ubican los investigadores y los estudiantes del Doctorado en Ciencias del Desarrollo y Psicopatolog\u00eda.<\/p>\n\n<p>Adem\u00e1s, el CARE cuenta con dos Laboratorios experimentales: Laboratorio de Neurociencia Afectiva y Laboratorio de Ciencias Cognitivas. Para el trabajo de observaci\u00f3n comportamental se trabaja en las instalaciones y sala espejo del Servicio de Psicolog\u00eda Integral (SPI UDD).<\/p>\n\t\t\t<\/div>\n\t\t<\/div>\n\t\t<div class=\"text-row__media\">\n\t\t\t<img loading=\"lazy\" decoding=\"async\" width=\"678\" height=\"534\" src=\"https:\/\/psicologia.udd.cl\/care\/files\/2019\/05\/IMG_4519-800x450.jpg\" class=\"text-row__media-image lazyload\" alt=\"\" sizes=\"auto, (max-width: 678px) 100vw, 678px\" data-src=\"https:\/\/psicologia.udd.cl\/care\/files\/2019\/05\/IMG_4519.jpg\" data-srcset=\"https:\/\/psicologia.udd.cl\/care\/files\/2019\/05\/IMG_4519.jpg 2504w, https:\/\/psicologia.udd.cl\/care\/files\/2019\/05\/IMG_4519-300x236.jpg 300w, https:\/\/psicologia.udd.cl\/care\/files\/2019\/05\/IMG_4519-768x605.jpg 768w, https:\/\/psicologia.udd.cl\/care\/files\/2019\/05\/IMG_4519-1024x806.jpg 1024w, https:\/\/psicologia.udd.cl\/care\/files\/2019\/05\/IMG_4519-960x756.jpg 960w\" \/>\t\t<\/div>\n\t<\/div>\n<\/section>\n\n\n\n<h2 class=\"wp-block-heading\">Laboratorio de Ciencias Cognitivas<\/h2>\n\n\n\n<p>El<strong> Laboratorio de Ciencias Cognitivas<\/strong> de la UDD es una instalaci\u00f3n para la investigaci\u00f3n y la docencia que tiene como objetivo el estudio cient\u00edfico de los procesos cognitivos.\u00a0 En este laboratorio confluyen investigadores, doctorantes, post-doctorantes y estudiantes de pre-grado, interesados en investigar diversos aspectos de la cognici\u00f3n humana.<\/p>\n\n\n\n<p>Actualmente nos interesamos en las siguientes preguntas experimentales [i.e., l\u00edneas de investigaci\u00f3n]:<\/p>\n\n\n\n<ul class=\"wp-block-list\"><li><strong>Din\u00e1mica funcional del Acceso Metacognitivo:<\/strong> La principal de l\u00ednea de investigaci\u00f3n del laboratorio busca explicitar los principios psicol\u00f3gicos que subyacen al fen\u00f3meno del auto-conocimiento. Abordamos esta cuesti\u00f3n a trav\u00e9s de un trabajo conceptual y experimental. En particular, nos interesa indagar los l\u00edmites del acceso metacognitivo en paradigmas de b\u00fasqueda visual y de recuperaci\u00f3n de informaci\u00f3n en memoria de trabajo.<\/li><li><strong>Metacognici\u00f3n &amp; Estr\u00e9s:<\/strong> Este proyecto de investigaci\u00f3n se interesa por develar los componentes funcionales y neuro-hormonales del efecto del estr\u00e9s sobre la metacognici\u00f3n.<\/li><li><strong>Metacognici\u00f3n &amp; control Atencional (Mindfulness):<\/strong> Esta investigaci\u00f3n indaga la modulaci\u00f3n de precisos componentes atencionales durante la meditaci\u00f3n Mindfulness. En particular, nos interesa investigar c\u00f3mo tal variabilidad atencional interact\u00faa en la capacidad metacognitiva de los individuos.<\/li><li><strong>Metacognici\u00f3n &amp; otras medidas subjetivas:<\/strong> Agrupamos aqu\u00ed un conjunto de trabajos colaborativos, todos interesados en investigar c\u00f3mo la capacidad de monitorear nuestros propios contenidos mentales subyace a otros fen\u00f3menos psicol\u00f3gicos, tales como la hipnosis, la conciencia en la toma de decisiones y el vagabundeo mental.<\/li><\/ul>\n\n\n<section class=\"wp-block-udd-text-row block--content-align-right\">\n\t<div class=\"text-row\">\n\t\t<div class=\"text-row__content\">\n\t\t\t<div class=\"text-row__content-inner text\">\n\t\t\t\t\t\t\t\t\n<p>El laboratorio se encuentra ubicado en la UDD (Sede RESB: Av. Plaza, 700, San Carlos de Apoquindo, Las Condes). Nuestras instalaciones cuentan con estaciones de registro comportamental, una unidad para la adquisici\u00f3n de medidas fisiol\u00f3gicas (BIOPAC), adem\u00e1s de un Criotermostato de circulaci\u00f3n (JULABO) para el control experimental de temperatura (para la inducci\u00f3n experimental de estr\u00e9s).<\/p>\n\n<p>Nuestro equipo trabaja en colaboraci\u00f3n con el Departamento de Ciencias Cognitivas de la \u00c9cole Normale Sup\u00e9rieure (DEC \u2013 ENS, Francia), con la Facultad de Medicina y la Facultad de Ciencias de la Universidad Austral de Chile (UACh, Chile).<\/p>\n\n<p>Financiamiento actual: FONDECYT (1171836 [Dr. Silva &amp; Dr. Reyes]), Mente-Interpersonal (CARE-UDD [Dr. Silva &amp; Dr. Reyes]), DID (UACH [Dr. \u00c1lvaro Langer &amp; Carlos Schmidt]).<\/p>\n\t\t\t<\/div>\n\t\t<\/div>\n\t\t<div class=\"text-row__media\">\n\t\t\t<img loading=\"lazy\" decoding=\"async\" width=\"712\" height=\"534\" src=\"https:\/\/psicologia.udd.cl\/care\/files\/2019\/05\/IMG_4524-800x450.jpg\" class=\"text-row__media-image lazyload\" alt=\"\" sizes=\"auto, (max-width: 712px) 100vw, 712px\" data-src=\"https:\/\/psicologia.udd.cl\/care\/files\/2019\/05\/IMG_4524.jpg\" data-srcset=\"https:\/\/psicologia.udd.cl\/care\/files\/2019\/05\/IMG_4524.jpg 2016w, https:\/\/psicologia.udd.cl\/care\/files\/2019\/05\/IMG_4524-300x225.jpg 300w, https:\/\/psicologia.udd.cl\/care\/files\/2019\/05\/IMG_4524-768x576.jpg 768w, https:\/\/psicologia.udd.cl\/care\/files\/2019\/05\/IMG_4524-1024x768.jpg 1024w, https:\/\/psicologia.udd.cl\/care\/files\/2019\/05\/IMG_4524-960x720.jpg 960w\" \/>\t\t<\/div>\n\t<\/div>\n<\/section>\n\n\n\n<h2 class=\"wp-block-heading\">Laboratorio de Neurociencia Afectiva<\/h2>\n\n\n\n<p>Nuestro Laboratorio se encarga de estudiar el rol de las emociones y el afecto en los procesos cognitivos humanos, desde el nivel explicativo neurobiol\u00f3gico. Para esto, se ha implementado un aparato electroencefalogr\u00e1fico (EEG) de 64 canales de la empresa Electrical Geodesics Incorporated (EGI), que registra cambios en la actividad el\u00e9ctrica del cerebro, que se correlacionan con aspectos espec\u00edficos de la conducta.<\/p>\n\n\n\n<p>Una de las t\u00e9cnicas espec\u00edficas que se usa en nuestro laboratorio, es la extracci\u00f3n de ERP\u00b4s (sigla en ingl\u00e9s de los Potenciales Relacionados a Eventos), la que consiste en registrar la actividad oscilatoria el\u00e9ctrica del cerebro, pero respecto a un est\u00edmulo espec\u00edfico, para asociar esos cambios a diferentes procesos cognitivos que se regulan a trav\u00e9s de la emoci\u00f3n.<\/p>\n\n\n<section class=\"wp-block-udd-text-row\">\n\t<div class=\"text-row\">\n\t\t<div class=\"text-row__content\">\n\t\t\t<div class=\"text-row__content-inner text\">\n\t\t\t\t\t\t\t\t\n<p>Actualmente nos interesamos en las siguientes preguntas experimentales [i.e., l\u00edneas de investigaci\u00f3n]:<\/p>\n\n<ul class=\"wp-block-list\"><li><strong>Reconocimiento emocional<\/strong><em>:<\/em> esta l\u00ednea se ejemplifica con los estudios en los cuales se registra los cambios en la actividad electrofisiol\u00f3gica relacionados con reconocer emociones para comprender como el hecho de reconocer un contexto o clave emocional espec\u00edfica que genera cambios en funciones cognitivas espec\u00edficas como percepci\u00f3n, atenci\u00f3n, etc. Adem\u00e1s, nos interesa a nivel te\u00f3rico y pr\u00e1ctico, como la carga emocional de un contexto o un est\u00edmulo puede modular el funcionamiento cognitivo.<\/li><li><strong>Funciones ejecutivas y emociones:<\/strong> actualmente en curso el proyecto FONDECYT 2017-2020 de t\u00edtulo \u201c<em>Funciones ejecutivas bien temperadas: Bases electrofisiol\u00f3gicas y conductuales de la regulaci\u00f3n de funciones ejecutivas por emociones<\/em>\u201d que busca evidenciar la regulaci\u00f3n de las Funciones Ejecutivas ante carga emocional y caracterizar qu\u00e9 procesos cognitivos espec\u00edficos son afectados a nivel de actividad electrofisiol\u00f3gica.<\/li><li><strong>Conducta An\u00f3mala:<\/strong> en esta l\u00ednea se pretende estudiar la conducta patol\u00f3gica, o sintomatolog\u00edas especificas en relaci\u00f3n al reconocimiento emocional.<\/li><\/ul>\n\t\t\t<\/div>\n\t\t<\/div>\n\t\t<div class=\"text-row__media\">\n\t\t\t<img loading=\"lazy\" decoding=\"async\" width=\"712\" height=\"534\" src=\"https:\/\/psicologia.udd.cl\/care\/files\/2010\/05\/P1010338.jpg\" class=\"text-row__media-image lazyload\" alt=\"\" sizes=\"auto, (max-width: 712px) 100vw, 712px\" data-src=\"https:\/\/psicologia.udd.cl\/care\/files\/2010\/05\/P1010338.jpg\" data-srcset=\"https:\/\/psicologia.udd.cl\/care\/files\/2010\/05\/P1010338.jpg 2048w, https:\/\/psicologia.udd.cl\/care\/files\/2010\/05\/P1010338-300x225.jpg 300w, https:\/\/psicologia.udd.cl\/care\/files\/2010\/05\/P1010338-1024x768.jpg 1024w, https:\/\/psicologia.udd.cl\/care\/files\/2010\/05\/P1010338-93x70.jpg 93w\" \/>\t\t<\/div>\n\t<\/div>\n<\/section>\n","protected":false},"excerpt":{"rendered":"<p>Laboratorio de Ciencias Cognitivas El Laboratorio de Ciencias Cognitivas de la UDD es una instalaci\u00f3n para la investigaci\u00f3n y la docencia que tiene como objetivo el estudio cient\u00edfico de los procesos cognitivos.\u00a0 En este laboratorio confluyen investigadores, doctorantes, post-doctorantes y estudiantes de pre-grado, interesados en investigar diversos aspectos de la cognici\u00f3n humana. Actualmente nos interesamos [&hellip;]<\/p>\n","protected":false},"author":36,"featured_media":0,"parent":0,"menu_order":4,"comment_status":"open","ping_status":"closed","template":"","meta":{"footnotes":""},"class_list":["post-822","page","type-page","status-publish","hentry"],"_links":{"self":[{"href":"https:\/\/psicologia.udd.cl\/care\/wp-json\/wp\/v2\/pages\/822","targetHints":{"allow":["GET"]}}],"collection":[{"href":"https:\/\/psicologia.udd.cl\/care\/wp-json\/wp\/v2\/pages"}],"about":[{"href":"https:\/\/psicologia.udd.cl\/care\/wp-json\/wp\/v2\/types\/page"}],"author":[{"embeddable":true,"href":"https:\/\/psicologia.udd.cl\/care\/wp-json\/wp\/v2\/users\/36"}],"replies":[{"embeddable":true,"href":"https:\/\/psicologia.udd.cl\/care\/wp-json\/wp\/v2\/comments?post=822"}],"version-history":[{"count":18,"href":"https:\/\/psicologia.udd.cl\/care\/wp-json\/wp\/v2\/pages\/822\/revisions"}],"predecessor-version":[{"id":2060,"href":"https:\/\/psicologia.udd.cl\/care\/wp-json\/wp\/v2\/pages\/822\/revisions\/2060"}],"wp:attachment":[{"href":"https:\/\/psicologia.udd.cl\/care\/wp-json\/wp\/v2\/media?parent=822"}],"curies":[{"name":"wp","href":"https:\/\/api.w.org\/{rel}","templated":true}]}}