{"id":4,"date":"2010-03-31T19:28:55","date_gmt":"2010-03-31T22:28:55","guid":{"rendered":"http:\/\/psicologia.udd.cl\/ceein\/estudios-y-publicaciones\/"},"modified":"2020-05-11T11:45:41","modified_gmt":"2020-05-11T15:45:41","slug":"estudios-y-publicaciones","status":"publish","type":"page","link":"https:\/\/psicologia.udd.cl\/care\/estudios-y-publicaciones\/","title":{"rendered":"Publicaciones"},"content":{"rendered":"\n<h2 class=\"wp-block-heading\">2018<\/h2>\n\n\n\n<ul class=\"wp-block-list\"><li><u>P\u00e9rez, J. C.<\/u>, Coo, S., &amp; Irarr\u00e1zaval, M. (2018). Is maternal depression related to mother and adolescent reports of family functioning?.\u00a0<em>Journal of adolescence<\/em>,\u00a0<em>63<\/em>, 129-141.<\/li><li>Jim\u00e9nez, J. P., Botto, A., Herrera, L., Leighton, C., Rossi, J. L., Quevedo, Y., <u>Silva, J.,<\/u> Mart\u00ednez, F., Assar,R., Salazar, L., Ortiz, M., R\u00edos, U., Barros, P., Jaramillo, K., y Luyten, P. (2018). Psychotherapy and genetic neuroscience: an emerging dialogue.\u00a0<em>Frontiers in genetics<\/em>,\u00a0<em>9<\/em>, 257.<\/li><li>Escobar, J. P., Rosas-D\u00edaz, R., <u>Ceric, F.<\/u>, Aparicio, A., Arango, P., Arroyo, R., Espinoza,V., Garolera, M., Pizarro, M., Porflitt,F. &amp; Ram\u00edrez, M. P., Urz\u00faa, D. (2018). The role of executive functions in the relation between socioeconomic level and the development of reading and maths skills\/El rol de las funciones ejecutivas en la relaci\u00f3n entre el nivel socioecon\u00f3mico y el desarrollo de habilidades lectoras y matem\u00e1ticas.\u00a0<em>Cultura y Educaci\u00f3n<\/em>,\u00a0<em>30<\/em>(2), 368-392.<\/li><li><u>Reyes, G.,<\/u>\u00a0&amp; Sackur, J. (2017). Introspection during short-term memory scanning.\u00a0<em>Quarterly Journal of Experimental Psychology<\/em>, 1747021817738951.<\/li><li><u>Silva, J. R., Vivanco, A.,<\/u>\u00a0Mart\u00ednez, C., &amp; Krause, M. (2018). Introjective individuals tend towards anhedonia: Self-report and experimental evidence.\u00a0<em>Frontiers in psychiatry<\/em>,\u00a0<em>9<\/em>, 298.<\/li><\/ul>\n\n\n\n<h2 class=\"wp-block-heading\">2017<\/h2>\n\n\n\n<ul class=\"wp-block-list\"><li>Cortez-Carbonell, I., &amp; <u>Ceri\u0107, F.<\/u> (2017) Emotion recognition of facial expressions in adults with attention deficit hyperactivity disorder\/Reconocimiento de emociones de expresiones faciales en adultos con trastorno de hiperactividad con d\u00e9ficit de atenci\u00f3n, <em>Estudios de Psicolog\u00eda,<\/em> 38<em>(1),<\/em> 230-257<\/li><li>Dagnino, P., <u>P\u00e9rez, J. C.,<\/u> G\u00f3mez, A., Gloger, S., &amp; Krause, M. (2017 \u2013 Accepted) Depression and Attachment: How do Personality Styles and Social Support influence this relation? <em>Research in Psychotherapy: Psychopathology, Process and Outcome<\/em>.<\/li><li>Karberg, E., <u>Aldoney, D.,<\/u> &amp; Cabrera, N. J. (2017). <em>Fatherhood in America: The Context, Practice, and Gaps in Responsible Fatherhood Programs.<\/em> In A. Marin (Ed.), Families in Context. Westport, CT: Praeger.<\/li><li>Leighton C., Botto A.,\u00a0<u>Silva, JR<\/u>., Jim\u00e9nez, JP. &amp; Luyten P. (2017). Vulnerability or sensitivity to the environment? Methodological issues, trends, and recommendations in Gene-Environment interactions research in human behavior.\u00a0<i>Frontiers in Psychiatry<\/i>, 8, 106-120.<\/li><li><u>Reyes, G.,<\/u> &amp; Sackur, J. (2017 &#8211; Accepted). Introspection during working memory scanning. <em>QJEP.<\/em><\/li><li><u>Reyes, G.,<\/u> &amp; Sackur, J. (2017). Introspective access to an implicit shift of attention. <em>Conscious Cogn.<\/em> 48, 11-20<\/li><li><u>Silva, JR<\/u>.,\u00a0<u>Vivanco-Carlevari, A.<\/u>, Barrientos, M., Martinez, C., Salazar, L. &amp; Krause, M. (2017). Biological stress reactivity as an index of the two polarities of the experience model.\u00a0<i>Psychoneuroendocrinology<\/i>; 84, 83-86.<\/li><\/ul>\n\n\n\n<h2 class=\"wp-block-heading\">2016<\/h2>\n\n\n\n<ul class=\"wp-block-list\"><li><u>Aldoney, D.,<\/u> &amp; Cabrera, N. (2016). Raising American citizens: socialization goals of low-income immigrant Latino mothers and fathers of young children. <em>Journal of Child and Family Studies. <\/em>1-12<\/li><li><u>Aldoney, D.,<\/u> Kuhns, C., &amp; Cabrera, N. (2016). <em>Cultural Socialization.<\/em> In M.H. Bornstein (Ed.) The SAGE Encyclopedia of Lifespan Human Development. Thousand Oaks, Sage.<\/li><li>Bravo, \u00da., Cort\u00e9s, C., Honorato, M. J., Rivera, M., <u>Ceri\u0107, F.,<\/u> Lloyd, P., &amp; Jones, D. (2016). El dise\u00f1o va al colegio: Oportunidades de Aplicaci\u00f3n del Proceso de Dise\u00f1o en la Educaci\u00f3n Escolar Chilena [Design goes to school: Opportunities to apply the design process in Chilean school education]. <em>Base, (2),<\/em> 228-241.<\/li><li>Barros, P., Altimir, C., &amp; <u>P\u00e9rez, J. C.<\/u> (2016). Regulaci\u00f3n afectivo-facial de pacientes durante episodios de ruptura de la alianza Terap\u00e9utica. <em>Estudios de Psicolog\u00eda<\/em>, 37<em>(2-3),<\/em> 580-603. doi: 10.1080\/02109395.2016.1204781<\/li><li>Espinosa, H. D., Carrasco, \u00c1., Moessner, M., C\u00e1ceres, C., Gloger, S., Rojas G., <u>P\u00e9rez J. C.,<\/u> Vanegas, J, Bauer, S., &amp; Krause, M. (2016). Acceptability study of \u201cASCENSO\u201d: An online program for monitoring and supporting patients with depression in Chile. <em>Telemedicine and e-health<\/em>, 22<em>(7),<\/em> 577-583.<\/li><li>Fern\u00e1ndez, O., Krause, M, &amp; <u>P\u00e9rez, J. C.<\/u> (2016). Therapeutic Alliance in the Initial Phase of Psychotherapy with Adolescents: Different Perspectives and Their Association with Therapeutic Outcomes. <em>Research in Psychotherapy: Psychopathology, Process and Outcome<\/em>, 19<em>(1),<\/em> 1-9.<\/li><li>Krause, M., Altimir, C., <u>P\u00e9rez, J. C.,<\/u> Echavarri, O., Vald\u00e9s, N., &amp; Strasser, K. (2016). Therapeutic verbal communication in change episode: A comparative micro-analysis of Linguistic Basic Forms. <em>Estudios de Psicolog\u00eda<\/em>, 37<em>(2-3)<\/em>, 514-547. doi: 10.1080\/02109395.2016.1227575.<\/li><li>M\u00e1rquez-Miranda, V., Pe\u00f1aloza, J.P., Araya-Dur\u00e1n, I., Reyes, R., Vidaurre, S., Romero, V., Fuentes, J., <u>Ceri\u0107, F.,<\/u> Vel\u00e1squez, L., Gonz\u00e1lez-Nilo, F., &amp; Otero, C., (2016) Effect of Terminal Groups of Dendrimers in the Complexation with Antisense Oligonucleotides and Cell Uptake. <em>Nanoscale research letters<\/em>, 11<em>(1),<\/em> 66<\/li><li>Mellado, A., Suarez, N., Altimir, C., <u>P\u00e9rez, J. C.,<\/u> Mart\u00ednez, C., Krause, M., &amp; Horvath, A. (2016). Disentangling the change-alliance relationship: Observational assessment of the therapeutic Alliance during Change and Stuck episodes. <em>Psychotherapy Research<\/em>. DOI: 10.1080\/10503307.2016.1147657<\/li><li>Mor\u00e1n, J., Mart\u00ednez, C., Tomicic , A.,\u00a0 <u>P\u00e9rez , J. C.,<\/u>\u00a0 Altimir ,C.,\u00a0 Krause , M., Guzm\u00e1n, M. San Mart\u00edn, D.,\u00a0 Angulo, S.,\u00a0 Barroux, I., Gerstmann, A.,\u00a0 &amp; De la cerda, C. (2016). Manifestaciones verbales y no verbales de la regulaci\u00f3n mutua en episodios relevantes de psicoterapia. <em>Estudios de Psicolog\u00eda<\/em>, 37<em>(2-3), <\/em>548-579. doi: 10.1080\/02109395.2016.1204784<\/li><li><u>P\u00e9rez, J. C.,<\/u> Bustamante, C., Alcayaga, C., Medina, M., S\u00e1nchez, H, Campos, S.,\u00a0Beltr\u00e1n, A., Urrutia, M., &amp; Lange, I. (2016). Evaluaci\u00f3n del Modelo Multi-componente de Telecuidado de apoyo a Personas con Pre-diabetes y Obesidad en Chile Evaluaci\u00f3n del Modelo Multi-componente de Telecuidado de apoyo a Personas con Pre-diabetes y Obesidad en Chile. <em>Actualidades en Psicolog\u00eda<\/em>, 30, 103-107<\/li><li><u>P\u00e9rez, J.C.,<\/u> Cumsille, P., &amp; Mart\u00ednez, M.L. (2016). Brief report: Agreement between parent and adolescent autonomy expectations and its relationship to adolescent adjustment. <em>Journal of Adolescence, <\/em>53, 10-15. <a href=\"http:\/\/dx.doi.org\/10.1016\/j.adolescence.2016.08.010\">http:\/\/dx.doi.org\/10.1016\/j.adolescence.2016.08.010<\/a><\/li><li>Tomicic, A., <u>P\u00e9rez, J. C.,<\/u> Mart\u00ednez, C., Rodr\u00edguez, E. (2016). Vocalization-Silence Dynamic Patterns: A System for Measuring Coordination in Psychotherapeutic Dyadic Conversations. <em>Revista Latinoamericana de Psicolog\u00eda<\/em>. <a href=\"http:\/\/dx.doi.org\/10.1016\/j.rlp.2016.09.004\">http:\/\/dx.doi.org\/10.1016\/j.rlp.2016.09.004<\/a><\/li><\/ul>\n\n\n\n<h2 class=\"wp-block-heading\">2015<\/h2>\n\n\n\n<ul class=\"wp-block-list\"><li>\u00c1lamo, N., Krause, M., <u>P\u00e9rez, J. C.<\/u> &amp; Aracena, M. (2015 \u2013 Aceptada) Impacto de la Salud Psicosocial de la madre adolescente en la relaci\u00f3n con el ni\u00f1o\/a y su desarrollo. <em>Revista Argentina de Cl\u00ednica Psicol\u00f3gica.<\/em><\/li><li><u>Aldoney, D.,<\/u> Karberg, E., Malin, J.L., &amp; Cabrera, N.C. (2015). <em>Mexican American children and school readiness: An ecological perspective.<\/em> In Y. Caldera (Ed.), Mexican American Children and Families: Multidisciplinary Perspectives. Routledge<\/li><li>Bei, B., <u>Coo, S.,<\/u> Trinder, J.A., (2015). Sleep and mood during pregnancy and the postpartum period. <em>Sleep Medicine Clinics<\/em>, 10, 25-33.<\/li><li>Bei, B., <u>Coo, S.,<\/u> Baker, F. C., &amp; Trinder, J. (2015). Sleep in Women: A review. <em>Australian Psychologist,<\/em> 50<em>(1),<\/em> 14-24.<\/li><li><u>Coo, S.,<\/u> Milgrom, J., Kuppens, P., &amp; Trinder, J. (2015). Perinatal distress, an appraisal perspective. <em>Journal of Reproductive and Infant Psychology<\/em>, 33<em>(2),<\/em> 190-204.<\/li><li>Fern\u00e1ndez, O., <u>P\u00e9rez, J. C.,<\/u> Gloger, S., &amp; Krause, M. (2015). Importancia de los cambios iniciales en la psicoterapia con adolescentes. <em>Terapia Psicol\u00f3gica<\/em>, 33, 247-255.<\/li><li>Krause, M., Altimir, C., <u>P\u00e9rez, J. C.,<\/u> &amp; de la Parra, G. (2015). Generic Change Indicators in therapeutic processes with different outcomes. <em>Psychotherapy Research<\/em>, 25<em>(5),<\/em> 533-545.<\/li><li>Mas\u00edas, V.H., Krause, M., Valdes, N., <em><u>P\u00e9rez, J. C.,<\/u><\/em> &amp; Laengle, S. (2015). Using decision trees to characterize verbal communication during change and stuck episodes in the therapeutic process. <em>Frontiers in Psychology<\/em>, 6, 378.<\/li><li><u>P\u00e9rez, J. C.,<\/u> Bustamante, C., Campos, S., S\u00e1nchez, H., Beltr\u00e1n, A., &amp; Medina, M. (2015). Validaci\u00f3n de la Escala Rapid Assessment onf Physical Activity (RAPA) en poblaci\u00f3n consultante en Atenci\u00f3n Primaria<em>. AQUICHAN<\/em>, 15<em>(4)<\/em>, 486-498.<\/li><li><u>Reyes, G.,<\/u> <u>Silva, J.,<\/u> Jaramillo K, Rehbein L, Sackur J (2015) Self-Knowledge Dim-Out: Stress Impairs Metacognitive Accuracy. <em>PLoS ONE<\/em>, 10<em>(8):<\/em> e0132320. doi:10.1371\/journal.pone.0132320<\/li><li>Rosas, R., <u>Ceri\u0107, F.,<\/u> Aparicio, A., Arango, P., Arroyo, R., Benavente, C., et al. (2015) Traditional Assessment or Invisible Assessment Using Games? New Frontiers in Cognitive Assessment. <em>Psykhe,<\/em> 24<em>(1).<\/em><\/li><li>Somerville, S., Byrne, S. L., Dedman, K., Hagan, R., <u>Coo, S.,<\/u> Oxnam, E., Doherty, D., Cunningham, N., &amp; Page, A. C. (2015). Detecting the severity of perinatal anxiety with the perinatal anxiety screening scale (PASS). <em>Journal of Affective Disorders<\/em>, DOI: <a href=\"http:\/\/dx.doi.org\/10.1016\/j.jad.2015.07.01\">http:\/\/dx.doi.org\/10.1016\/j.jad.2015.07.01<\/a><\/li><li>Tomicic, A., Mart\u00ednez, C., <u>P\u00e9rez, J. C.,<\/u> Hollenstein, T., Angulo, S., Gerstmann, A., Barroux, I., &amp; Mariane Krause. (2015). Discursive-Voice Regulatory Strategies in the Psychotherapeutic Interaction: A study with State Space Grid (SSG). <em>Frontiers in Psychology,<\/em> 6, 379.<\/li><li>Vera-Villarroel P., <u>Silva, J.,<\/u> Celis-Atensa, K. &amp; Pavez, P. (2015). Evaluaci\u00f3n del cuestionario SF-12: Verificaci\u00f3n de la utilidad de la escala de salud mental. <em>Revista M\u00e9dica de Chile;<\/em> 142, 1275-1283.<\/li><\/ul>\n\n\n\n<h2 class=\"wp-block-heading\">2014<\/h2>\n\n\n\n<ul class=\"wp-block-list\"><li>Alcayaga, C., <u>P\u00e9rez, J. C.,<\/u> Campos, S., Urrutia, M., Lange, I., &amp;\u00a0 Zu\u00f1iga, F. (2014). Plan piloto del sistema de Comunicaci\u00f3n y Seguimiento M\u00f3vil en Salud para Personas con Diabetes.\u00a0<em>Revista Panamericana de Salud P\u00fablica<\/em>, 35<em>(5\/6),<\/em> 454-460.<\/li><li><u>Coo, S.,<\/u> Milgrom, J., &amp; Trinder, J. (2014). Mood and objective and subjective measures of sleep during late pregnancy and the postpartum period. <em>Behavioral sleep medicine<\/em>, 12<em>(4),<\/em> 317-330.<\/li><li><u>Coo, S.,<\/u> Milgrom, J., Kuppens, P., Cox, P., &amp; Trinder, J. (2014) Exploring the association between maternal mood and self-reports of sleep during the perinatal period. <em>JOGNN<\/em>, 43<em>(4),<\/em> 465-477.<\/li><li><u>Coo, S.,<\/u> Milgrom, J., &amp; Trinder, J. (2014). Pregnancy and postnatal dreams reflect changes inherent to the transition to motherhood. <em>Dreaming<\/em>, 24<em>(2),<\/em> 125-137.<\/li><li>Escobar, J. P., Tenorio, M., <u>Ceri\u0107, F.,<\/u> &amp; Rosas, R. (2014). Impacto de la calidad educativa sobre el desempe\u00f1o en pruebas de inteligencia de ni\u00f1os con dificultades lectoras. <em>Ciencias Psicol\u00f3gicas<\/em>, 8<em>(1)<\/em>, 17-29.<\/li><li>Highet, N., Stevenson, A., Purtell, C., &amp; <u>Coo, S.<\/u> (2014). Qualitative insights into women\u2019s personal experiences of perinatal depression and anxiety and implications for information and service provision. <em>Women and Birth<\/em>, 27<em>(3)<\/em>, 179-184.<\/li><li>Lecannelier, F., <u>P\u00e9rez, J. C.,<\/u> Groissman, S., Gallardo, D., Bardet, MP., Bascu\u00f1an, A., &amp; Rodr\u00edguez, J., (2014). Validaci\u00f3n del Inventario de Conductas Infantiles para ni\u00f1os de entre 1\u00bd-5 a\u00f1os (CBCL 1\u00bd-5) en la Ciudad de Santiago. <em>Universitas Psychologica<\/em>, 13, 15-24.<\/li><li>Lecannelier, F., <u>Silva, J.,<\/u> Hoffmann, M., Melo, R., Morales, R. (2014). Effects of an intervention to promote socio-emotional development in terms of attachment security: a study in early institutionalization in Chile. <em>Infant Mental Health Journal,<\/em> 35, 151-159<\/li><li>Malin, J. L., Cabrera, N. J., Karberg, E., <u>Aldoney, D.,<\/u> &amp; Rowe, M. L. (2014). Low-income, minority fathers\u2019 control strategies and their children&#8217;s regulatory skills. <em>Infant Mental Health Journal<\/em>, 35<em>(5),<\/em> 462-472<\/li><li>Mart\u00ednez, M. L., <u>P\u00e9rez, J. C.,<\/u> &amp; Cumsille, P. (2014). Chilean adolescents\u2019 and parents\u2019 views on autonomy development. <em>Youth &amp; Society<\/em>, 46<em>(2),<\/em> 176-200.<\/li><li><u>Reyes, G.,<\/u> &amp; Sackur, J. (2014). Introspection during Visual Search. <em>Conscious Cogn<\/em>., 29, 212-229.<\/li><li>Rowe, H. J., <u>Coo-Calcagni<\/u>, S., Galgut, S., Michelmore, J., &amp; Fisher, J. R. (2014). Self-management of mild to moderate anxiety in women who have recently given birth: development and acceptability of a theoretically sound complex intervention. <em>International Journal of Mental Health Promotion,<\/em> 16<em>(5),<\/em> 308-319.<\/li><li><u>Silva, J.<\/u>, Lecannelier, F., \u00a0<u>Reyes, G.<\/u>, Cordella, P. &amp; Sapunar, J. (2014). Informe nacional de\u00a0conductas alimentarias problem\u00e1ticas y obesidad: Consideraciones para el desarrollo de programas de intervenci\u00f3n y pol\u00edticas p\u00fablicas. Ediciones UDD, Stgo, Chile.<\/li><li>Somerville, S., Dedman, K., Hagan, R., Oxnam, E., Wettinger, M., Byrne, S., <u>Coo, S.,<\/u> Doherty, D., Page, A. (2014). The Perinatal Anxiety Screening Scale: Development and Preliminary Validation. <em>Archives of Women\u00b4s Mental Health.<\/em> 17<em>(5),<\/em> 443-454.<\/li><li>Varela, J., <u>P\u00e9rez, J. C.,<\/u> Schwaderer, H., Astudillo, J., &amp; Lecannelier, F. (2014). Caracterizaci\u00f3n de cyberbullying en el gran Santiago de Chile, en el a\u00f1o 2010. <em>Psicolog\u00eda Escolar y Educacional<\/em>, 18<em>(2),<\/em> 347-354.<\/li><\/ul>\n","protected":false},"excerpt":{"rendered":"<p>2018 P\u00e9rez, J. C., Coo, S., &amp; Irarr\u00e1zaval, M. (2018). Is maternal depression related to mother and adolescent reports of family functioning?.\u00a0Journal of adolescence,\u00a063, 129-141. Jim\u00e9nez, J. P., Botto, A., Herrera, L., Leighton, C., Rossi, J. L., Quevedo, Y., Silva, J., Mart\u00ednez, F., Assar,R., Salazar, L., Ortiz, M., R\u00edos, U., Barros, P., Jaramillo, K., y [&hellip;]<\/p>\n","protected":false},"author":1,"featured_media":0,"parent":0,"menu_order":3,"comment_status":"open","ping_status":"closed","template":"","meta":{"footnotes":""},"class_list":["post-4","page","type-page","status-publish","hentry"],"_links":{"self":[{"href":"https:\/\/psicologia.udd.cl\/care\/wp-json\/wp\/v2\/pages\/4","targetHints":{"allow":["GET"]}}],"collection":[{"href":"https:\/\/psicologia.udd.cl\/care\/wp-json\/wp\/v2\/pages"}],"about":[{"href":"https:\/\/psicologia.udd.cl\/care\/wp-json\/wp\/v2\/types\/page"}],"author":[{"embeddable":true,"href":"https:\/\/psicologia.udd.cl\/care\/wp-json\/wp\/v2\/users\/1"}],"replies":[{"embeddable":true,"href":"https:\/\/psicologia.udd.cl\/care\/wp-json\/wp\/v2\/comments?post=4"}],"version-history":[{"count":17,"href":"https:\/\/psicologia.udd.cl\/care\/wp-json\/wp\/v2\/pages\/4\/revisions"}],"predecessor-version":[{"id":2053,"href":"https:\/\/psicologia.udd.cl\/care\/wp-json\/wp\/v2\/pages\/4\/revisions\/2053"}],"wp:attachment":[{"href":"https:\/\/psicologia.udd.cl\/care\/wp-json\/wp\/v2\/media?parent=4"}],"curies":[{"name":"wp","href":"https:\/\/api.w.org\/{rel}","templated":true}]}}